{"id":18397,"date":"2024-09-22T10:55:11","date_gmt":"2024-09-22T10:55:11","guid":{"rendered":"https:\/\/www.karinibutiik.ee\/?post_type=product&#038;p=18397"},"modified":"2025-07-01T00:48:20","modified_gmt":"2025-06-30T21:48:20","slug":"maksikleit-pikkade-varrukatega-ja-litritega","status":"publish","type":"product","link":"https:\/\/www.karinibutiik.ee\/lv\/produkts\/maksikleit-pikkade-varrukatega-ja-litritega\/","title":{"rendered":"Maksikleit pikkade varrukatega ja litritega"},"content":{"rendered":"<p>S\u00e4ra igal s\u00fcndmusel selle elegantse musta litterkleidiga! Maksi pikkuses kleit on disainitud, et t\u00f5sta esile sinu naiselikku ilu ja stiilitunnetust. Kleidi pikad varrukad ja k\u00f5rge l\u00f5hik lisavad sellele v\u00f5lu ja dramaatilisust. Seljalt lukuga kinnituv disain tagab mugava ja kindla istuvuse. T\u00e4iuslik valik pidulikeks \u00f5htuteks ja erilisteks s\u00fcndmusteks!<\/p>","protected":false},"excerpt":{"rendered":"<p>S\u00e4ra igal s\u00fcndmusel selle elegantse musta litterkleidiga! Maksi pikkuses kleit on disainitud, et t\u00f5sta esile sinu naiselikku ilu ja stiilitunnetust. [&hellip;]<\/p>\n","protected":false},"featured_media":18400,"template":"","meta":{"site-sidebar-layout":"default","site-content-layout":"","ast-site-content-layout":"default","site-content-style":"default","site-sidebar-style":"default","ast-global-header-display":"","ast-banner-title-visibility":"","ast-main-header-display":"","ast-hfb-above-header-display":"","ast-hfb-below-header-display":"","ast-hfb-mobile-header-display":"","site-post-title":"","ast-breadcrumbs-content":"","ast-featured-img":"","footer-sml-layout":"","ast-disable-related-posts":"","theme-transparent-header-meta":"default","adv-header-id-meta":"","stick-header-meta":"default","header-above-stick-meta":"","header-main-stick-meta":"","header-below-stick-meta":"","astra-migrate-meta-layouts":"set","ast-page-background-enabled":"default","ast-page-background-meta":{"desktop":{"background-color":"var(--ast-global-color-4)","background-image":"","background-repeat":"repeat","background-position":"center center","background-size":"auto","background-attachment":"scroll","background-type":"","background-media":"","overlay-type":"","overlay-color":"","overlay-opacity":"","overlay-gradient":""},"tablet":{"background-color":"","background-image":"","background-repeat":"repeat","background-position":"center center","background-size":"auto","background-attachment":"scroll","background-type":"","background-media":"","overlay-type":"","overlay-color":"","overlay-opacity":"","overlay-gradient":""},"mobile":{"background-color":"","background-image":"","background-repeat":"repeat","background-position":"center center","background-size":"auto","background-attachment":"scroll","background-type":"","background-media":"","overlay-type":"","overlay-color":"","overlay-opacity":"","overlay-gradient":""}},"ast-content-background-meta":{"desktop":{"background-color":"var(--ast-global-color-5)","background-image":"","background-repeat":"repeat","background-position":"center center","background-size":"auto","background-attachment":"scroll","background-type":"","background-media":"","overlay-type":"","overlay-color":"","overlay-opacity":"","overlay-gradient":""},"tablet":{"background-color":"var(--ast-global-color-5)","background-image":"","background-repeat":"repeat","background-position":"center center","background-size":"auto","background-attachment":"scroll","background-type":"","background-media":"","overlay-type":"","overlay-color":"","overlay-opacity":"","overlay-gradient":""},"mobile":{"background-color":"var(--ast-global-color-5)","background-image":"","background-repeat":"repeat","background-position":"center center","background-size":"auto","background-attachment":"scroll","background-type":"","background-media":"","overlay-type":"","overlay-color":"","overlay-opacity":"","overlay-gradient":""}}},"product_brand":[],"product_cat":[346,347,377,357],"product_tag":[903,475,905,596,501,477,877,640,637,109,92],"class_list":{"0":"post-18397","1":"product","2":"type-product","3":"status-publish","4":"has-post-thumbnail","6":"product_cat-naised","7":"product_cat-kleidid","8":"product_cat-litter-ja-glitterkleidid","9":"product_cat-maksikleidid","10":"product_tag-aastavahetuse-gaala-kleidid","11":"product_tag-dresshouse","12":"product_tag-gaala-kleidid","13":"product_tag-get-dressed","14":"product_tag-karini-butiik","15":"product_tag-kleidibutiik","16":"product_tag-litritega-kleidid","17":"product_tag-litterkleidid","18":"product_tag-litterkleit","19":"product_tag-maksikleit","20":"product_tag-pidulikud-kleidid","21":"desktop-align-center","22":"tablet-align-center","23":"mobile-align-center","24":"ast-product-gallery-layout-horizontal-slider","25":"ast-product-single-variable","26":"ast-product-tabs-layout-horizontal","28":"first","29":"outofstock","30":"taxable","31":"shipping-taxable","32":"product-type-variable"},"supplier_id":null,"supplier_sku":"","barcode":null,"atum_controlled":true,"out_stock_date":null,"out_stock_threshold":null,"inheritable":true,"inbound_stock":0,"stock_on_hold":0,"sold_today":0,"sales_last_days":0,"reserved_stock":0,"customer_returns":0,"warehouse_damage":0,"lost_in_post":0,"other_logs":0,"out_stock_days":0,"lost_sales":0,"has_location":false,"update_date":"2025-12-05T00:00:28","atum_locations":[],"atum_stock_status":"outofstock","restock_status":false,"low_stock_amount":"","sales_update_date":"2025-12-05T00:00:28","calc_backorders":null,"yoast_head":"<!-- This site is optimized with the Yoast SEO plugin v26.9 - https:\/\/yoast.com\/product\/yoast-seo-wordpress\/ -->\n<title>Maksikleit pikkade varrukatega ja litritega - Karini Butiik<\/title>\n<meta name=\"description\" content=\"Tee stiilne sissekanne oma j\u00e4rgmisel s\u00fcndmusel selle elegantse musta maksi kleidiga. T\u00f5sta esile oma naiselik ilu ja stiilitunnetus!\ud83c\udf1f\" \/>\n<meta name=\"robots\" content=\"index, follow, max-snippet:-1, max-image-preview:large, max-video-preview:-1\" \/>\n<link rel=\"canonical\" href=\"https:\/\/www.karinibutiik.ee\/lv\/produkts\/maksikleit-pikkade-varrukatega-ja-litritega\/\" \/>\n<meta property=\"og:locale\" content=\"lv_LV\" \/>\n<meta property=\"og:type\" content=\"article\" \/>\n<meta property=\"og:title\" content=\"Maksikleit pikkade varrukatega ja litritega - Karini Butiik\" \/>\n<meta property=\"og:description\" content=\"Tee stiilne sissekanne oma j\u00e4rgmisel s\u00fcndmusel selle elegantse musta maksi kleidiga. T\u00f5sta esile oma naiselik ilu ja stiilitunnetus!\ud83c\udf1f\" \/>\n<meta property=\"og:url\" content=\"https:\/\/www.karinibutiik.ee\/lv\/produkts\/maksikleit-pikkade-varrukatega-ja-litritega\/\" \/>\n<meta property=\"og:site_name\" content=\"Karini Butiik\" \/>\n<meta property=\"article:publisher\" content=\"https:\/\/www.facebook.com\/karinibutiik.ee\" \/>\n<meta property=\"article:modified_time\" content=\"2025-06-30T21:48:20+00:00\" \/>\n<meta property=\"og:image\" content=\"https:\/\/www.karinibutiik.ee\/wp-content\/uploads\/2024\/08\/231112_Karini_Butiikl_Erlend_Staub156.jpg\" \/>\n\t<meta property=\"og:image:width\" content=\"1200\" \/>\n\t<meta property=\"og:image:height\" content=\"1500\" \/>\n\t<meta property=\"og:image:type\" content=\"image\/jpeg\" \/>\n<meta name=\"twitter:card\" content=\"summary_large_image\" \/>\n<meta name=\"twitter:label1\" content=\"Availability\" \/>\n\t<meta name=\"twitter:data1\" content=\"Out of stock\" \/>\n<script type=\"application\/ld+json\" class=\"yoast-schema-graph\">{\"@context\":\"https:\/\/schema.org\",\"@graph\":[{\"@type\":\"WebPage\",\"@id\":\"https:\/\/www.karinibutiik.ee\/toode\/maksikleit-pikkade-varrukatega-ja-litritega\/\",\"url\":\"https:\/\/www.karinibutiik.ee\/toode\/maksikleit-pikkade-varrukatega-ja-litritega\/\",\"name\":\"Maksikleit pikkade varrukatega ja litritega - Karini Butiik\",\"isPartOf\":{\"@id\":\"https:\/\/www.karinibutiik.ee\/#website\"},\"primaryImageOfPage\":{\"@id\":\"https:\/\/www.karinibutiik.ee\/toode\/maksikleit-pikkade-varrukatega-ja-litritega\/#primaryimage\"},\"image\":{\"@id\":\"https:\/\/www.karinibutiik.ee\/toode\/maksikleit-pikkade-varrukatega-ja-litritega\/#primaryimage\"},\"thumbnailUrl\":\"https:\/\/www.karinibutiik.ee\/wp-content\/uploads\/2024\/08\/231112_Karini_Butiikl_Erlend_Staub156.jpg\",\"datePublished\":\"2024-09-22T10:55:11+00:00\",\"dateModified\":\"2025-06-30T21:48:20+00:00\",\"description\":\"Tee stiilne sissekanne oma j\u00e4rgmisel s\u00fcndmusel selle elegantse musta maksi kleidiga. T\u00f5sta esile oma naiselik ilu ja stiilitunnetus!\ud83c\udf1f\",\"breadcrumb\":{\"@id\":\"https:\/\/www.karinibutiik.ee\/toode\/maksikleit-pikkade-varrukatega-ja-litritega\/#breadcrumb\"},\"inLanguage\":\"lv-LV\",\"potentialAction\":[{\"@type\":\"ReadAction\",\"target\":[\"https:\/\/www.karinibutiik.ee\/toode\/maksikleit-pikkade-varrukatega-ja-litritega\/\"]}]},{\"@type\":\"ImageObject\",\"inLanguage\":\"lv-LV\",\"@id\":\"https:\/\/www.karinibutiik.ee\/toode\/maksikleit-pikkade-varrukatega-ja-litritega\/#primaryimage\",\"url\":\"https:\/\/www.karinibutiik.ee\/wp-content\/uploads\/2024\/08\/231112_Karini_Butiikl_Erlend_Staub156.jpg\",\"contentUrl\":\"https:\/\/www.karinibutiik.ee\/wp-content\/uploads\/2024\/08\/231112_Karini_Butiikl_Erlend_Staub156.jpg\",\"width\":1200,\"height\":1500},{\"@type\":\"BreadcrumbList\",\"@id\":\"https:\/\/www.karinibutiik.ee\/toode\/maksikleit-pikkade-varrukatega-ja-litritega\/#breadcrumb\",\"itemListElement\":[{\"@type\":\"ListItem\",\"position\":1,\"name\":\"Home\",\"item\":\"https:\/\/www.karinibutiik.ee\/\"},{\"@type\":\"ListItem\",\"position\":2,\"name\":\"Pood\",\"item\":\"https:\/\/www.karinibutiik.ee\/pood\/\"},{\"@type\":\"ListItem\",\"position\":3,\"name\":\"Maksikleit pikkade varrukatega ja litritega\"}]},{\"@type\":\"WebSite\",\"@id\":\"https:\/\/www.karinibutiik.ee\/#website\",\"url\":\"https:\/\/www.karinibutiik.ee\/\",\"name\":\"Karini Butiik\",\"description\":\"\",\"publisher\":{\"@id\":\"https:\/\/www.karinibutiik.ee\/#organization\"},\"potentialAction\":[{\"@type\":\"SearchAction\",\"target\":{\"@type\":\"EntryPoint\",\"urlTemplate\":\"https:\/\/www.karinibutiik.ee\/?s={search_term_string}\"},\"query-input\":{\"@type\":\"PropertyValueSpecification\",\"valueRequired\":true,\"valueName\":\"search_term_string\"}}],\"inLanguage\":\"lv-LV\"},{\"@type\":\"Organization\",\"@id\":\"https:\/\/www.karinibutiik.ee\/#organization\",\"name\":\"Karini Butiik\",\"url\":\"https:\/\/www.karinibutiik.ee\/\",\"logo\":{\"@type\":\"ImageObject\",\"inLanguage\":\"lv-LV\",\"@id\":\"https:\/\/www.karinibutiik.ee\/#\/schema\/logo\/image\/\",\"url\":\"https:\/\/www.karinibutiik.ee\/wp-content\/uploads\/2024\/10\/Kuj.-K-koopia.png\",\"contentUrl\":\"https:\/\/www.karinibutiik.ee\/wp-content\/uploads\/2024\/10\/Kuj.-K-koopia.png\",\"width\":500,\"height\":500,\"caption\":\"Karini Butiik\"},\"image\":{\"@id\":\"https:\/\/www.karinibutiik.ee\/#\/schema\/logo\/image\/\"},\"sameAs\":[\"https:\/\/www.facebook.com\/karinibutiik.ee\",\"https:\/\/www.instagram.com\/karinibutiik\"]}]}<\/script>\n<meta property=\"og:availability\" content=\"out of stock\" \/>\n<meta property=\"product:availability\" content=\"out of stock\" \/>\n<meta property=\"product:retailer_item_id\" content=\"2367\" \/>\n<meta property=\"product:condition\" content=\"new\" \/>\n<!-- \/ Yoast SEO plugin. -->","yoast_head_json":{"title":"Maksikleit pikkade varrukatega ja litritega - Karini Butiik","description":"Tee stiilne sissekanne oma j\u00e4rgmisel s\u00fcndmusel selle elegantse musta maksi kleidiga. T\u00f5sta esile oma naiselik ilu ja stiilitunnetus!\ud83c\udf1f","robots":{"index":"index","follow":"follow","max-snippet":"max-snippet:-1","max-image-preview":"max-image-preview:large","max-video-preview":"max-video-preview:-1"},"canonical":"https:\/\/www.karinibutiik.ee\/lv\/produkts\/maksikleit-pikkade-varrukatega-ja-litritega\/","og_locale":"lv_LV","og_type":"article","og_title":"Maksikleit pikkade varrukatega ja litritega - Karini Butiik","og_description":"Tee stiilne sissekanne oma j\u00e4rgmisel s\u00fcndmusel selle elegantse musta maksi kleidiga. T\u00f5sta esile oma naiselik ilu ja stiilitunnetus!\ud83c\udf1f","og_url":"https:\/\/www.karinibutiik.ee\/lv\/produkts\/maksikleit-pikkade-varrukatega-ja-litritega\/","og_site_name":"Karini Butiik","article_publisher":"https:\/\/www.facebook.com\/karinibutiik.ee","article_modified_time":"2025-06-30T21:48:20+00:00","og_image":[{"width":1200,"height":1500,"url":"https:\/\/www.karinibutiik.ee\/wp-content\/uploads\/2024\/08\/231112_Karini_Butiikl_Erlend_Staub156.jpg","type":"image\/jpeg"}],"twitter_card":"summary_large_image","twitter_misc":{"Availability":"Out of stock"},"schema":{"@context":"https:\/\/schema.org","@graph":[{"@type":"WebPage","@id":"https:\/\/www.karinibutiik.ee\/toode\/maksikleit-pikkade-varrukatega-ja-litritega\/","url":"https:\/\/www.karinibutiik.ee\/toode\/maksikleit-pikkade-varrukatega-ja-litritega\/","name":"Maksikleit pikkade varrukatega ja litritega - Karini Butiik","isPartOf":{"@id":"https:\/\/www.karinibutiik.ee\/#website"},"primaryImageOfPage":{"@id":"https:\/\/www.karinibutiik.ee\/toode\/maksikleit-pikkade-varrukatega-ja-litritega\/#primaryimage"},"image":{"@id":"https:\/\/www.karinibutiik.ee\/toode\/maksikleit-pikkade-varrukatega-ja-litritega\/#primaryimage"},"thumbnailUrl":"https:\/\/www.karinibutiik.ee\/wp-content\/uploads\/2024\/08\/231112_Karini_Butiikl_Erlend_Staub156.jpg","datePublished":"2024-09-22T10:55:11+00:00","dateModified":"2025-06-30T21:48:20+00:00","description":"Tee stiilne sissekanne oma j\u00e4rgmisel s\u00fcndmusel selle elegantse musta maksi kleidiga. T\u00f5sta esile oma naiselik ilu ja stiilitunnetus!\ud83c\udf1f","breadcrumb":{"@id":"https:\/\/www.karinibutiik.ee\/toode\/maksikleit-pikkade-varrukatega-ja-litritega\/#breadcrumb"},"inLanguage":"lv-LV","potentialAction":[{"@type":"ReadAction","target":["https:\/\/www.karinibutiik.ee\/toode\/maksikleit-pikkade-varrukatega-ja-litritega\/"]}]},{"@type":"ImageObject","inLanguage":"lv-LV","@id":"https:\/\/www.karinibutiik.ee\/toode\/maksikleit-pikkade-varrukatega-ja-litritega\/#primaryimage","url":"https:\/\/www.karinibutiik.ee\/wp-content\/uploads\/2024\/08\/231112_Karini_Butiikl_Erlend_Staub156.jpg","contentUrl":"https:\/\/www.karinibutiik.ee\/wp-content\/uploads\/2024\/08\/231112_Karini_Butiikl_Erlend_Staub156.jpg","width":1200,"height":1500},{"@type":"BreadcrumbList","@id":"https:\/\/www.karinibutiik.ee\/toode\/maksikleit-pikkade-varrukatega-ja-litritega\/#breadcrumb","itemListElement":[{"@type":"ListItem","position":1,"name":"Home","item":"https:\/\/www.karinibutiik.ee\/"},{"@type":"ListItem","position":2,"name":"Pood","item":"https:\/\/www.karinibutiik.ee\/pood\/"},{"@type":"ListItem","position":3,"name":"Maksikleit pikkade varrukatega ja litritega"}]},{"@type":"WebSite","@id":"https:\/\/www.karinibutiik.ee\/#website","url":"https:\/\/www.karinibutiik.ee\/","name":"Karini Butiik","description":"","publisher":{"@id":"https:\/\/www.karinibutiik.ee\/#organization"},"potentialAction":[{"@type":"SearchAction","target":{"@type":"EntryPoint","urlTemplate":"https:\/\/www.karinibutiik.ee\/?s={search_term_string}"},"query-input":{"@type":"PropertyValueSpecification","valueRequired":true,"valueName":"search_term_string"}}],"inLanguage":"lv-LV"},{"@type":"Organization","@id":"https:\/\/www.karinibutiik.ee\/#organization","name":"Karini Butiik","url":"https:\/\/www.karinibutiik.ee\/","logo":{"@type":"ImageObject","inLanguage":"lv-LV","@id":"https:\/\/www.karinibutiik.ee\/#\/schema\/logo\/image\/","url":"https:\/\/www.karinibutiik.ee\/wp-content\/uploads\/2024\/10\/Kuj.-K-koopia.png","contentUrl":"https:\/\/www.karinibutiik.ee\/wp-content\/uploads\/2024\/10\/Kuj.-K-koopia.png","width":500,"height":500,"caption":"Karini Butiik"},"image":{"@id":"https:\/\/www.karinibutiik.ee\/#\/schema\/logo\/image\/"},"sameAs":["https:\/\/www.facebook.com\/karinibutiik.ee","https:\/\/www.instagram.com\/karinibutiik"]}]},"og_availability":"out of stock","product_availability":"out of stock","product_retailer_item_id":"2367","product_condition":"new"},"_links":{"self":[{"href":"https:\/\/www.karinibutiik.ee\/lv\/wp-json\/wp\/v2\/product\/18397","targetHints":{"allow":["GET"]}}],"collection":[{"href":"https:\/\/www.karinibutiik.ee\/lv\/wp-json\/wp\/v2\/product"}],"about":[{"href":"https:\/\/www.karinibutiik.ee\/lv\/wp-json\/wp\/v2\/types\/product"}],"version-history":[{"count":1,"href":"https:\/\/www.karinibutiik.ee\/lv\/wp-json\/wp\/v2\/product\/18397\/revisions"}],"predecessor-version":[{"id":18402,"href":"https:\/\/www.karinibutiik.ee\/lv\/wp-json\/wp\/v2\/product\/18397\/revisions\/18402"}],"wp:featuredmedia":[{"embeddable":true,"href":"https:\/\/www.karinibutiik.ee\/lv\/wp-json\/wp\/v2\/media\/18400"}],"wp:attachment":[{"href":"https:\/\/www.karinibutiik.ee\/lv\/wp-json\/wp\/v2\/media?parent=18397"}],"wp:term":[{"taxonomy":"product_brand","embeddable":true,"href":"https:\/\/www.karinibutiik.ee\/lv\/wp-json\/wp\/v2\/product_brand?post=18397"},{"taxonomy":"product_cat","embeddable":true,"href":"https:\/\/www.karinibutiik.ee\/lv\/wp-json\/wp\/v2\/product_cat?post=18397"},{"taxonomy":"product_tag","embeddable":true,"href":"https:\/\/www.karinibutiik.ee\/lv\/wp-json\/wp\/v2\/product_tag?post=18397"}],"curies":[{"name":"wp","href":"https:\/\/api.w.org\/{rel}","templated":true}]}}