{"id":18527,"date":"2024-08-27T11:41:03","date_gmt":"2024-08-27T11:41:03","guid":{"rendered":"https:\/\/www.karinibutiik.ee\/?post_type=product&#038;p=18527"},"modified":"2025-07-01T00:48:18","modified_gmt":"2025-06-30T21:48:18","slug":"lilleline-minikleit-2","status":"publish","type":"product","link":"https:\/\/www.karinibutiik.ee\/lv\/produkts\/lilleline-minikleit-2\/","title":{"rendered":"Lilleline minikleit"},"content":{"rendered":"<p>Lilleline minikleit, mis toob esile naiselikkuse ja m\u00e4ngulisuse. Kleit on kaunistatud v\u00e4ikeste volangidega \u00f5lgadel, lisades \u00f5rnalt romantilist h\u00f5ngu. Kroogetega seelikuosa loob liikumise ja elavuse, tehes sellest kleidist ideaalse valiku suvisteks \u00fcritusteks v\u00f5i pidulikeks koosviibimisteks.<\/p>","protected":false},"excerpt":{"rendered":"<p>Lilleline minikleit, mis toob esile naiselikkuse ja m\u00e4ngulisuse. Kleit on kaunistatud v\u00e4ikeste volangidega \u00f5lgadel, lisades \u00f5rnalt romantilist h\u00f5ngu. Kroogetega seelikuosa [&hellip;]<\/p>\n","protected":false},"featured_media":18526,"template":"","meta":{"site-sidebar-layout":"default","site-content-layout":"","ast-site-content-layout":"default","site-content-style":"default","site-sidebar-style":"default","ast-global-header-display":"","ast-banner-title-visibility":"","ast-main-header-display":"","ast-hfb-above-header-display":"","ast-hfb-below-header-display":"","ast-hfb-mobile-header-display":"","site-post-title":"","ast-breadcrumbs-content":"","ast-featured-img":"","footer-sml-layout":"","ast-disable-related-posts":"","theme-transparent-header-meta":"default","adv-header-id-meta":"","stick-header-meta":"default","header-above-stick-meta":"","header-main-stick-meta":"","header-below-stick-meta":"","astra-migrate-meta-layouts":"set","ast-page-background-enabled":"default","ast-page-background-meta":{"desktop":{"background-color":"var(--ast-global-color-4)","background-image":"","background-repeat":"repeat","background-position":"center center","background-size":"auto","background-attachment":"scroll","background-type":"","background-media":"","overlay-type":"","overlay-color":"","overlay-opacity":"","overlay-gradient":""},"tablet":{"background-color":"","background-image":"","background-repeat":"repeat","background-position":"center center","background-size":"auto","background-attachment":"scroll","background-type":"","background-media":"","overlay-type":"","overlay-color":"","overlay-opacity":"","overlay-gradient":""},"mobile":{"background-color":"","background-image":"","background-repeat":"repeat","background-position":"center center","background-size":"auto","background-attachment":"scroll","background-type":"","background-media":"","overlay-type":"","overlay-color":"","overlay-opacity":"","overlay-gradient":""}},"ast-content-background-meta":{"desktop":{"background-color":"var(--ast-global-color-5)","background-image":"","background-repeat":"repeat","background-position":"center center","background-size":"auto","background-attachment":"scroll","background-type":"","background-media":"","overlay-type":"","overlay-color":"","overlay-opacity":"","overlay-gradient":""},"tablet":{"background-color":"var(--ast-global-color-5)","background-image":"","background-repeat":"repeat","background-position":"center center","background-size":"auto","background-attachment":"scroll","background-type":"","background-media":"","overlay-type":"","overlay-color":"","overlay-opacity":"","overlay-gradient":""},"mobile":{"background-color":"var(--ast-global-color-5)","background-image":"","background-repeat":"repeat","background-position":"center center","background-size":"auto","background-attachment":"scroll","background-type":"","background-media":"","overlay-type":"","overlay-color":"","overlay-opacity":"","overlay-gradient":""}}},"product_brand":[],"product_cat":[453,367,430,346,347,364],"product_tag":[501,718,927,892,239,926,896,92,924,925],"class_list":{"0":"post-18527","1":"product","2":"type-product","3":"status-publish","4":"has-post-thumbnail","6":"product_cat-soodus","7":"product_cat-allahindlus","8":"product_cat-lopumuuk","9":"product_cat-naised","10":"product_cat-kleidid","11":"product_cat-minikleidid","12":"product_tag-karini-butiik","13":"product_tag-kaunid-kleidid","14":"product_tag-kleidid-allhindlusega","15":"product_tag-lilleline-kleit","16":"product_tag-minikleit","17":"product_tag-naisteriided-soodsalt","18":"product_tag-naisteriiete-epood","19":"product_tag-pidulikud-kleidid","20":"product_tag-suvikleit","21":"product_tag-suvised-kleidid","22":"desktop-align-center","23":"tablet-align-center","24":"mobile-align-center","25":"ast-product-gallery-layout-horizontal-slider","26":"ast-product-single-variable","27":"ast-product-tabs-layout-horizontal","29":"first","30":"outofstock","31":"taxable","32":"shipping-taxable","33":"product-type-variable"},"supplier_id":null,"supplier_sku":"","barcode":null,"atum_controlled":true,"out_stock_date":null,"out_stock_threshold":null,"inheritable":true,"inbound_stock":0,"stock_on_hold":0,"sold_today":0,"sales_last_days":0,"reserved_stock":0,"customer_returns":0,"warehouse_damage":0,"lost_in_post":0,"other_logs":0,"out_stock_days":0,"lost_sales":0,"has_location":false,"update_date":"2025-12-02T01:20:11","atum_locations":[],"atum_stock_status":"outofstock","restock_status":false,"low_stock_amount":"","sales_update_date":"2025-12-02T01:20:11","calc_backorders":null,"yoast_head":"<!-- This site is optimized with the Yoast SEO plugin v26.9 - https:\/\/yoast.com\/product\/yoast-seo-wordpress\/ -->\n<title>Lilleline minikleit - Karini Butiik<\/title>\n<meta name=\"description\" content=\"Ole valmis suvisteks \u00fcritusteks selle lillelise minikleidiga, mis toob esile sinu naiselikkuse ja m\u00e4ngulisuse. Lisage natuke romantikat oma garderoobi! \ud83d\udc90\" \/>\n<meta name=\"robots\" content=\"index, follow, max-snippet:-1, max-image-preview:large, max-video-preview:-1\" \/>\n<link rel=\"canonical\" href=\"https:\/\/www.karinibutiik.ee\/lv\/produkts\/lilleline-minikleit-2\/\" \/>\n<meta property=\"og:locale\" content=\"lv_LV\" \/>\n<meta property=\"og:type\" content=\"article\" \/>\n<meta property=\"og:title\" content=\"Lilleline minikleit - Karini Butiik\" \/>\n<meta property=\"og:description\" content=\"Ole valmis suvisteks \u00fcritusteks selle lillelise minikleidiga, mis toob esile sinu naiselikkuse ja m\u00e4ngulisuse. Lisage natuke romantikat oma garderoobi! \ud83d\udc90\" \/>\n<meta property=\"og:url\" content=\"https:\/\/www.karinibutiik.ee\/lv\/produkts\/lilleline-minikleit-2\/\" \/>\n<meta property=\"og:site_name\" content=\"Karini Butiik\" \/>\n<meta property=\"article:publisher\" content=\"https:\/\/www.facebook.com\/karinibutiik.ee\" \/>\n<meta property=\"article:modified_time\" content=\"2025-06-30T21:48:18+00:00\" \/>\n<meta property=\"og:image\" content=\"https:\/\/www.karinibutiik.ee\/wp-content\/uploads\/2024\/08\/216781761_3939550982830641_4560662906114285233_n-e1724758472775.jpg\" \/>\n\t<meta property=\"og:image:width\" content=\"845\" \/>\n\t<meta property=\"og:image:height\" content=\"1200\" \/>\n\t<meta property=\"og:image:type\" content=\"image\/jpeg\" \/>\n<meta name=\"twitter:card\" content=\"summary_large_image\" \/>\n<meta name=\"twitter:label1\" content=\"Availability\" \/>\n\t<meta name=\"twitter:data1\" content=\"Out of stock\" \/>\n<script type=\"application\/ld+json\" class=\"yoast-schema-graph\">{\"@context\":\"https:\/\/schema.org\",\"@graph\":[{\"@type\":\"WebPage\",\"@id\":\"https:\/\/www.karinibutiik.ee\/toode\/lilleline-minikleit-2\/\",\"url\":\"https:\/\/www.karinibutiik.ee\/toode\/lilleline-minikleit-2\/\",\"name\":\"Lilleline minikleit - Karini Butiik\",\"isPartOf\":{\"@id\":\"https:\/\/www.karinibutiik.ee\/#website\"},\"primaryImageOfPage\":{\"@id\":\"https:\/\/www.karinibutiik.ee\/toode\/lilleline-minikleit-2\/#primaryimage\"},\"image\":{\"@id\":\"https:\/\/www.karinibutiik.ee\/toode\/lilleline-minikleit-2\/#primaryimage\"},\"thumbnailUrl\":\"https:\/\/www.karinibutiik.ee\/wp-content\/uploads\/2024\/08\/216781761_3939550982830641_4560662906114285233_n-e1724758472775.jpg\",\"datePublished\":\"2024-08-27T11:41:03+00:00\",\"dateModified\":\"2025-06-30T21:48:18+00:00\",\"description\":\"Ole valmis suvisteks \u00fcritusteks selle lillelise minikleidiga, mis toob esile sinu naiselikkuse ja m\u00e4ngulisuse. Lisage natuke romantikat oma garderoobi! \ud83d\udc90\",\"breadcrumb\":{\"@id\":\"https:\/\/www.karinibutiik.ee\/toode\/lilleline-minikleit-2\/#breadcrumb\"},\"inLanguage\":\"lv-LV\",\"potentialAction\":[{\"@type\":\"ReadAction\",\"target\":[\"https:\/\/www.karinibutiik.ee\/toode\/lilleline-minikleit-2\/\"]}]},{\"@type\":\"ImageObject\",\"inLanguage\":\"lv-LV\",\"@id\":\"https:\/\/www.karinibutiik.ee\/toode\/lilleline-minikleit-2\/#primaryimage\",\"url\":\"https:\/\/www.karinibutiik.ee\/wp-content\/uploads\/2024\/08\/216781761_3939550982830641_4560662906114285233_n-e1724758472775.jpg\",\"contentUrl\":\"https:\/\/www.karinibutiik.ee\/wp-content\/uploads\/2024\/08\/216781761_3939550982830641_4560662906114285233_n-e1724758472775.jpg\",\"width\":845,\"height\":1200},{\"@type\":\"BreadcrumbList\",\"@id\":\"https:\/\/www.karinibutiik.ee\/toode\/lilleline-minikleit-2\/#breadcrumb\",\"itemListElement\":[{\"@type\":\"ListItem\",\"position\":1,\"name\":\"Home\",\"item\":\"https:\/\/www.karinibutiik.ee\/\"},{\"@type\":\"ListItem\",\"position\":2,\"name\":\"Pood\",\"item\":\"https:\/\/www.karinibutiik.ee\/pood\/\"},{\"@type\":\"ListItem\",\"position\":3,\"name\":\"Lilleline minikleit\"}]},{\"@type\":\"WebSite\",\"@id\":\"https:\/\/www.karinibutiik.ee\/#website\",\"url\":\"https:\/\/www.karinibutiik.ee\/\",\"name\":\"Karini Butiik\",\"description\":\"\",\"publisher\":{\"@id\":\"https:\/\/www.karinibutiik.ee\/#organization\"},\"potentialAction\":[{\"@type\":\"SearchAction\",\"target\":{\"@type\":\"EntryPoint\",\"urlTemplate\":\"https:\/\/www.karinibutiik.ee\/?s={search_term_string}\"},\"query-input\":{\"@type\":\"PropertyValueSpecification\",\"valueRequired\":true,\"valueName\":\"search_term_string\"}}],\"inLanguage\":\"lv-LV\"},{\"@type\":\"Organization\",\"@id\":\"https:\/\/www.karinibutiik.ee\/#organization\",\"name\":\"Karini Butiik\",\"url\":\"https:\/\/www.karinibutiik.ee\/\",\"logo\":{\"@type\":\"ImageObject\",\"inLanguage\":\"lv-LV\",\"@id\":\"https:\/\/www.karinibutiik.ee\/#\/schema\/logo\/image\/\",\"url\":\"https:\/\/www.karinibutiik.ee\/wp-content\/uploads\/2024\/10\/Kuj.-K-koopia.png\",\"contentUrl\":\"https:\/\/www.karinibutiik.ee\/wp-content\/uploads\/2024\/10\/Kuj.-K-koopia.png\",\"width\":500,\"height\":500,\"caption\":\"Karini Butiik\"},\"image\":{\"@id\":\"https:\/\/www.karinibutiik.ee\/#\/schema\/logo\/image\/\"},\"sameAs\":[\"https:\/\/www.facebook.com\/karinibutiik.ee\",\"https:\/\/www.instagram.com\/karinibutiik\"]}]}<\/script>\n<meta property=\"og:availability\" content=\"out of stock\" \/>\n<meta property=\"product:availability\" content=\"out of stock\" \/>\n<meta property=\"product:retailer_item_id\" content=\"07464\" \/>\n<meta property=\"product:condition\" content=\"new\" \/>\n<!-- \/ Yoast SEO plugin. -->","yoast_head_json":{"title":"Lilleline minikleit - Karini Butiik","description":"Ole valmis suvisteks \u00fcritusteks selle lillelise minikleidiga, mis toob esile sinu naiselikkuse ja m\u00e4ngulisuse. Lisage natuke romantikat oma garderoobi! \ud83d\udc90","robots":{"index":"index","follow":"follow","max-snippet":"max-snippet:-1","max-image-preview":"max-image-preview:large","max-video-preview":"max-video-preview:-1"},"canonical":"https:\/\/www.karinibutiik.ee\/lv\/produkts\/lilleline-minikleit-2\/","og_locale":"lv_LV","og_type":"article","og_title":"Lilleline minikleit - Karini Butiik","og_description":"Ole valmis suvisteks \u00fcritusteks selle lillelise minikleidiga, mis toob esile sinu naiselikkuse ja m\u00e4ngulisuse. Lisage natuke romantikat oma garderoobi! \ud83d\udc90","og_url":"https:\/\/www.karinibutiik.ee\/lv\/produkts\/lilleline-minikleit-2\/","og_site_name":"Karini Butiik","article_publisher":"https:\/\/www.facebook.com\/karinibutiik.ee","article_modified_time":"2025-06-30T21:48:18+00:00","og_image":[{"width":845,"height":1200,"url":"https:\/\/www.karinibutiik.ee\/wp-content\/uploads\/2024\/08\/216781761_3939550982830641_4560662906114285233_n-e1724758472775.jpg","type":"image\/jpeg"}],"twitter_card":"summary_large_image","twitter_misc":{"Availability":"Out of stock"},"schema":{"@context":"https:\/\/schema.org","@graph":[{"@type":"WebPage","@id":"https:\/\/www.karinibutiik.ee\/toode\/lilleline-minikleit-2\/","url":"https:\/\/www.karinibutiik.ee\/toode\/lilleline-minikleit-2\/","name":"Lilleline minikleit - Karini Butiik","isPartOf":{"@id":"https:\/\/www.karinibutiik.ee\/#website"},"primaryImageOfPage":{"@id":"https:\/\/www.karinibutiik.ee\/toode\/lilleline-minikleit-2\/#primaryimage"},"image":{"@id":"https:\/\/www.karinibutiik.ee\/toode\/lilleline-minikleit-2\/#primaryimage"},"thumbnailUrl":"https:\/\/www.karinibutiik.ee\/wp-content\/uploads\/2024\/08\/216781761_3939550982830641_4560662906114285233_n-e1724758472775.jpg","datePublished":"2024-08-27T11:41:03+00:00","dateModified":"2025-06-30T21:48:18+00:00","description":"Ole valmis suvisteks \u00fcritusteks selle lillelise minikleidiga, mis toob esile sinu naiselikkuse ja m\u00e4ngulisuse. Lisage natuke romantikat oma garderoobi! \ud83d\udc90","breadcrumb":{"@id":"https:\/\/www.karinibutiik.ee\/toode\/lilleline-minikleit-2\/#breadcrumb"},"inLanguage":"lv-LV","potentialAction":[{"@type":"ReadAction","target":["https:\/\/www.karinibutiik.ee\/toode\/lilleline-minikleit-2\/"]}]},{"@type":"ImageObject","inLanguage":"lv-LV","@id":"https:\/\/www.karinibutiik.ee\/toode\/lilleline-minikleit-2\/#primaryimage","url":"https:\/\/www.karinibutiik.ee\/wp-content\/uploads\/2024\/08\/216781761_3939550982830641_4560662906114285233_n-e1724758472775.jpg","contentUrl":"https:\/\/www.karinibutiik.ee\/wp-content\/uploads\/2024\/08\/216781761_3939550982830641_4560662906114285233_n-e1724758472775.jpg","width":845,"height":1200},{"@type":"BreadcrumbList","@id":"https:\/\/www.karinibutiik.ee\/toode\/lilleline-minikleit-2\/#breadcrumb","itemListElement":[{"@type":"ListItem","position":1,"name":"Home","item":"https:\/\/www.karinibutiik.ee\/"},{"@type":"ListItem","position":2,"name":"Pood","item":"https:\/\/www.karinibutiik.ee\/pood\/"},{"@type":"ListItem","position":3,"name":"Lilleline minikleit"}]},{"@type":"WebSite","@id":"https:\/\/www.karinibutiik.ee\/#website","url":"https:\/\/www.karinibutiik.ee\/","name":"Karini Butiik","description":"","publisher":{"@id":"https:\/\/www.karinibutiik.ee\/#organization"},"potentialAction":[{"@type":"SearchAction","target":{"@type":"EntryPoint","urlTemplate":"https:\/\/www.karinibutiik.ee\/?s={search_term_string}"},"query-input":{"@type":"PropertyValueSpecification","valueRequired":true,"valueName":"search_term_string"}}],"inLanguage":"lv-LV"},{"@type":"Organization","@id":"https:\/\/www.karinibutiik.ee\/#organization","name":"Karini Butiik","url":"https:\/\/www.karinibutiik.ee\/","logo":{"@type":"ImageObject","inLanguage":"lv-LV","@id":"https:\/\/www.karinibutiik.ee\/#\/schema\/logo\/image\/","url":"https:\/\/www.karinibutiik.ee\/wp-content\/uploads\/2024\/10\/Kuj.-K-koopia.png","contentUrl":"https:\/\/www.karinibutiik.ee\/wp-content\/uploads\/2024\/10\/Kuj.-K-koopia.png","width":500,"height":500,"caption":"Karini Butiik"},"image":{"@id":"https:\/\/www.karinibutiik.ee\/#\/schema\/logo\/image\/"},"sameAs":["https:\/\/www.facebook.com\/karinibutiik.ee","https:\/\/www.instagram.com\/karinibutiik"]}]},"og_availability":"out of stock","product_availability":"out of stock","product_retailer_item_id":"07464","product_condition":"new"},"_links":{"self":[{"href":"https:\/\/www.karinibutiik.ee\/lv\/wp-json\/wp\/v2\/product\/18527","targetHints":{"allow":["GET"]}}],"collection":[{"href":"https:\/\/www.karinibutiik.ee\/lv\/wp-json\/wp\/v2\/product"}],"about":[{"href":"https:\/\/www.karinibutiik.ee\/lv\/wp-json\/wp\/v2\/types\/product"}],"version-history":[{"count":1,"href":"https:\/\/www.karinibutiik.ee\/lv\/wp-json\/wp\/v2\/product\/18527\/revisions"}],"predecessor-version":[{"id":18530,"href":"https:\/\/www.karinibutiik.ee\/lv\/wp-json\/wp\/v2\/product\/18527\/revisions\/18530"}],"wp:featuredmedia":[{"embeddable":true,"href":"https:\/\/www.karinibutiik.ee\/lv\/wp-json\/wp\/v2\/media\/18526"}],"wp:attachment":[{"href":"https:\/\/www.karinibutiik.ee\/lv\/wp-json\/wp\/v2\/media?parent=18527"}],"wp:term":[{"taxonomy":"product_brand","embeddable":true,"href":"https:\/\/www.karinibutiik.ee\/lv\/wp-json\/wp\/v2\/product_brand?post=18527"},{"taxonomy":"product_cat","embeddable":true,"href":"https:\/\/www.karinibutiik.ee\/lv\/wp-json\/wp\/v2\/product_cat?post=18527"},{"taxonomy":"product_tag","embeddable":true,"href":"https:\/\/www.karinibutiik.ee\/lv\/wp-json\/wp\/v2\/product_tag?post=18527"}],"curies":[{"name":"wp","href":"https:\/\/api.w.org\/{rel}","templated":true}]}}