{"id":19106,"date":"2024-10-07T07:07:31","date_gmt":"2024-10-07T07:07:31","guid":{"rendered":"https:\/\/www.karinibutiik.ee\/?post_type=product&#038;p=19106"},"modified":"2025-11-14T15:36:54","modified_gmt":"2025-11-14T13:36:54","slug":"ugg-stila-zabaki-ar-biezu-zoli-2","status":"publish","type":"product","link":"https:\/\/www.karinibutiik.ee\/lv\/produkts\/ugg-stila-zabaki-ar-biezu-zoli-2\/","title":{"rendered":"UGG STILA BIEZA ZOLE Z\u0100BAKI"},"content":{"rendered":"<p>\u0112rti un m\u016b\u017e\u012bgi UGG stila klasiskie z\u0101baki ar biezu zoli un saikni siltumam un stilam. Izgatavoti no m\u012bksta materi\u0101la un oder\u0113ti ar siltu oderi, \u0161ie z\u0101baki ir ide\u0101li piem\u0113roti valk\u0101\u0161anai v\u0113s\u0101k\u0101 laik\u0101. To vienk\u0101r\u0161ais dizains un kvalitat\u012bv\u0101 apdare padara tos par ide\u0101lu izv\u0113li ikdienas komfortam un m\u0101j\u012bgam izskatam.<\/p>\n<p>Zol\u012btes izm\u0113ri: 36 - 23,5 cm, 37 - 24 cm, 38 - 24,5 cm, 39 - 25 cm, 40 - 25,5 cm, 41 - 26 cm.<\/p>","protected":false},"excerpt":{"rendered":"<p>NB! NON\u0100KS NOLIKTAV\u0100 20.11.2024. GAD\u0100<\/p>","protected":false},"featured_media":19085,"template":"","meta":{"site-sidebar-layout":"default","site-content-layout":"","ast-site-content-layout":"default","site-content-style":"default","site-sidebar-style":"default","ast-global-header-display":"","ast-banner-title-visibility":"","ast-main-header-display":"","ast-hfb-above-header-display":"","ast-hfb-below-header-display":"","ast-hfb-mobile-header-display":"","site-post-title":"","ast-breadcrumbs-content":"","ast-featured-img":"","footer-sml-layout":"","ast-disable-related-posts":"","theme-transparent-header-meta":"default","adv-header-id-meta":"","stick-header-meta":"default","header-above-stick-meta":"","header-main-stick-meta":"","header-below-stick-meta":"","astra-migrate-meta-layouts":"set","ast-page-background-enabled":"default","ast-page-background-meta":{"desktop":{"background-color":"var(--ast-global-color-4)","background-image":"","background-repeat":"repeat","background-position":"center center","background-size":"auto","background-attachment":"scroll","background-type":"","background-media":"","overlay-type":"","overlay-color":"","overlay-opacity":"","overlay-gradient":""},"tablet":{"background-color":"","background-image":"","background-repeat":"repeat","background-position":"center center","background-size":"auto","background-attachment":"scroll","background-type":"","background-media":"","overlay-type":"","overlay-color":"","overlay-opacity":"","overlay-gradient":""},"mobile":{"background-color":"","background-image":"","background-repeat":"repeat","background-position":"center center","background-size":"auto","background-attachment":"scroll","background-type":"","background-media":"","overlay-type":"","overlay-color":"","overlay-opacity":"","overlay-gradient":""}},"ast-content-background-meta":{"desktop":{"background-color":"var(--ast-global-color-5)","background-image":"","background-repeat":"repeat","background-position":"center center","background-size":"auto","background-attachment":"scroll","background-type":"","background-media":"","overlay-type":"","overlay-color":"","overlay-opacity":"","overlay-gradient":""},"tablet":{"background-color":"var(--ast-global-color-5)","background-image":"","background-repeat":"repeat","background-position":"center center","background-size":"auto","background-attachment":"scroll","background-type":"","background-media":"","overlay-type":"","overlay-color":"","overlay-opacity":"","overlay-gradient":""},"mobile":{"background-color":"var(--ast-global-color-5)","background-image":"","background-repeat":"repeat","background-position":"center center","background-size":"auto","background-attachment":"scroll","background-type":"","background-media":"","overlay-type":"","overlay-color":"","overlay-opacity":"","overlay-gradient":""}}},"product_brand":[],"product_cat":[390,346,392],"product_tag":[784,669,785,501,777,992,756,991,988,989],"class_list":{"0":"post-19106","1":"product","2":"type-product","3":"status-publish","4":"has-post-thumbnail","6":"product_cat-jalanoud","7":"product_cat-naised","8":"product_cat-saapad","9":"product_tag-butiik-tallinnas","10":"product_tag-jalanoud","11":"product_tag-jalatsite-epood","12":"product_tag-karini-butiik","13":"product_tag-naiste-jalanoud","14":"product_tag-paksu-tallaga-ugg-saapad","15":"product_tag-saapad","16":"product_tag-soojad-saapad","17":"product_tag-ugg-saapad","18":"product_tag-ugg-stiilis-saapad","19":"desktop-align-center","20":"tablet-align-center","21":"mobile-align-center","22":"ast-product-gallery-layout-horizontal-slider","23":"ast-product-single-variable","24":"ast-product-tabs-layout-horizontal","26":"first","27":"outofstock","28":"taxable","29":"shipping-taxable","30":"product-type-variable"},"supplier_id":null,"supplier_sku":"","barcode":null,"atum_controlled":true,"out_stock_date":null,"out_stock_threshold":null,"inheritable":true,"inbound_stock":0,"stock_on_hold":0,"sold_today":0,"sales_last_days":0,"reserved_stock":0,"customer_returns":0,"warehouse_damage":0,"lost_in_post":0,"other_logs":0,"out_stock_days":0,"lost_sales":0,"has_location":false,"update_date":"2025-12-04T01:45:40","atum_locations":[],"atum_stock_status":"outofstock","restock_status":false,"low_stock_amount":"","sales_update_date":"2025-12-04T01:45:40","calc_backorders":null,"yoast_head":"<!-- This site is optimized with the Yoast SEO plugin v26.9 - https:\/\/yoast.com\/product\/yoast-seo-wordpress\/ -->\n<title>UGG STIILIS PAKSU TALLAGA SAAPAD - Karini Butiik<\/title>\n<meta name=\"description\" content=\"Step into style and warmth with our timeless UGG-style winter boots. Perfect for colder weather, these boots offer both comfort and fashion. Get yours now! \u2744\ufe0f\" \/>\n<meta name=\"robots\" content=\"index, follow, max-snippet:-1, max-image-preview:large, max-video-preview:-1\" \/>\n<link rel=\"canonical\" href=\"https:\/\/www.karinibutiik.ee\/lv\/produkts\/ugg-stila-zabaki-ar-biezu-zoli-2\/\" \/>\n<meta property=\"og:locale\" content=\"lv_LV\" \/>\n<meta property=\"og:type\" content=\"article\" \/>\n<meta property=\"og:title\" content=\"UGG STIILIS PAKSU TALLAGA SAAPAD - Karini Butiik\" \/>\n<meta property=\"og:description\" content=\"Step into style and warmth with our timeless UGG-style winter boots. Perfect for colder weather, these boots offer both comfort and fashion. Get yours now! \u2744\ufe0f\" \/>\n<meta property=\"og:url\" content=\"https:\/\/www.karinibutiik.ee\/lv\/produkts\/ugg-stila-zabaki-ar-biezu-zoli-2\/\" \/>\n<meta property=\"og:site_name\" content=\"Karini Butiik\" \/>\n<meta property=\"article:publisher\" content=\"https:\/\/www.facebook.com\/karinibutiik.ee\" \/>\n<meta property=\"article:modified_time\" content=\"2025-11-14T13:36:54+00:00\" \/>\n<meta property=\"og:image\" content=\"https:\/\/www.karinibutiik.ee\/wp-content\/uploads\/2024\/10\/IMG_3975.jpeg\" \/>\n\t<meta property=\"og:image:width\" content=\"1638\" \/>\n\t<meta property=\"og:image:height\" content=\"2048\" \/>\n\t<meta property=\"og:image:type\" content=\"image\/jpeg\" \/>\n<meta name=\"twitter:card\" content=\"summary_large_image\" \/>\n<meta name=\"twitter:label1\" content=\"Availability\" \/>\n\t<meta name=\"twitter:data1\" content=\"Out of stock\" \/>\n<script type=\"application\/ld+json\" class=\"yoast-schema-graph\">{\"@context\":\"https:\/\/schema.org\",\"@graph\":[{\"@type\":\"WebPage\",\"@id\":\"https:\/\/www.karinibutiik.ee\/toode\/ugg-stiilis-paksu-tallaga-saapad-2\/\",\"url\":\"https:\/\/www.karinibutiik.ee\/toode\/ugg-stiilis-paksu-tallaga-saapad-2\/\",\"name\":\"UGG STIILIS PAKSU TALLAGA SAAPAD - Karini Butiik\",\"isPartOf\":{\"@id\":\"https:\/\/www.karinibutiik.ee\/#website\"},\"primaryImageOfPage\":{\"@id\":\"https:\/\/www.karinibutiik.ee\/toode\/ugg-stiilis-paksu-tallaga-saapad-2\/#primaryimage\"},\"image\":{\"@id\":\"https:\/\/www.karinibutiik.ee\/toode\/ugg-stiilis-paksu-tallaga-saapad-2\/#primaryimage\"},\"thumbnailUrl\":\"https:\/\/www.karinibutiik.ee\/wp-content\/uploads\/2024\/10\/IMG_3975.jpeg\",\"datePublished\":\"2024-10-07T07:07:31+00:00\",\"dateModified\":\"2025-11-14T13:36:54+00:00\",\"description\":\"Step into style and warmth with our timeless UGG-style winter boots. Perfect for colder weather, these boots offer both comfort and fashion. Get yours now! \u2744\ufe0f\",\"breadcrumb\":{\"@id\":\"https:\/\/www.karinibutiik.ee\/toode\/ugg-stiilis-paksu-tallaga-saapad-2\/#breadcrumb\"},\"inLanguage\":\"lv-LV\",\"potentialAction\":[{\"@type\":\"ReadAction\",\"target\":[\"https:\/\/www.karinibutiik.ee\/toode\/ugg-stiilis-paksu-tallaga-saapad-2\/\"]}]},{\"@type\":\"ImageObject\",\"inLanguage\":\"lv-LV\",\"@id\":\"https:\/\/www.karinibutiik.ee\/toode\/ugg-stiilis-paksu-tallaga-saapad-2\/#primaryimage\",\"url\":\"https:\/\/www.karinibutiik.ee\/wp-content\/uploads\/2024\/10\/IMG_3975.jpeg\",\"contentUrl\":\"https:\/\/www.karinibutiik.ee\/wp-content\/uploads\/2024\/10\/IMG_3975.jpeg\",\"width\":1638,\"height\":2048},{\"@type\":\"BreadcrumbList\",\"@id\":\"https:\/\/www.karinibutiik.ee\/toode\/ugg-stiilis-paksu-tallaga-saapad-2\/#breadcrumb\",\"itemListElement\":[{\"@type\":\"ListItem\",\"position\":1,\"name\":\"Home\",\"item\":\"https:\/\/www.karinibutiik.ee\/\"},{\"@type\":\"ListItem\",\"position\":2,\"name\":\"Pood\",\"item\":\"https:\/\/www.karinibutiik.ee\/pood\/\"},{\"@type\":\"ListItem\",\"position\":3,\"name\":\"UGG STIILIS PAKSU TALLAGA SAAPAD\"}]},{\"@type\":\"WebSite\",\"@id\":\"https:\/\/www.karinibutiik.ee\/#website\",\"url\":\"https:\/\/www.karinibutiik.ee\/\",\"name\":\"Karini Butiik\",\"description\":\"\",\"publisher\":{\"@id\":\"https:\/\/www.karinibutiik.ee\/#organization\"},\"potentialAction\":[{\"@type\":\"SearchAction\",\"target\":{\"@type\":\"EntryPoint\",\"urlTemplate\":\"https:\/\/www.karinibutiik.ee\/?s={search_term_string}\"},\"query-input\":{\"@type\":\"PropertyValueSpecification\",\"valueRequired\":true,\"valueName\":\"search_term_string\"}}],\"inLanguage\":\"lv-LV\"},{\"@type\":\"Organization\",\"@id\":\"https:\/\/www.karinibutiik.ee\/#organization\",\"name\":\"Karini Butiik\",\"url\":\"https:\/\/www.karinibutiik.ee\/\",\"logo\":{\"@type\":\"ImageObject\",\"inLanguage\":\"lv-LV\",\"@id\":\"https:\/\/www.karinibutiik.ee\/#\/schema\/logo\/image\/\",\"url\":\"https:\/\/www.karinibutiik.ee\/wp-content\/uploads\/2024\/10\/Kuj.-K-koopia.png\",\"contentUrl\":\"https:\/\/www.karinibutiik.ee\/wp-content\/uploads\/2024\/10\/Kuj.-K-koopia.png\",\"width\":500,\"height\":500,\"caption\":\"Karini Butiik\"},\"image\":{\"@id\":\"https:\/\/www.karinibutiik.ee\/#\/schema\/logo\/image\/\"},\"sameAs\":[\"https:\/\/www.facebook.com\/karinibutiik.ee\",\"https:\/\/www.instagram.com\/karinibutiik\"]}]}<\/script>\n<meta property=\"og:availability\" content=\"out of stock\" \/>\n<meta property=\"product:availability\" content=\"out of stock\" \/>\n<meta property=\"product:retailer_item_id\" content=\"9057\" \/>\n<meta property=\"product:condition\" content=\"new\" \/>\n<!-- \/ Yoast SEO plugin. -->","yoast_head_json":{"title":"UGG STILISK\u0100S L\u0112TAS TALLAGA A IZMANTOJO\u0160\u0100S A IZMANTOJO\u0160\u0100S A IZMANTOJO\u0160\u0100S A IZMANTOJO\u0160\u0100S A KU\u0122AS - Karini Butiik","description":"Ieejiet stil\u0101 un siltum\u0101 ar m\u016bsu m\u016b\u017esenajiem UGG stila ziemas z\u0101bakiem. \u0160ie z\u0101baki ir ide\u0101li piem\u0113roti aukst\u0101kiem laikapst\u0101k\u013ciem, un tie nodro\u0161ina gan komfortu, gan modi. Ieg\u0101d\u0101jieties savus jau tagad! \u2744\ufe0f","robots":{"index":"index","follow":"follow","max-snippet":"max-snippet:-1","max-image-preview":"max-image-preview:large","max-video-preview":"max-video-preview:-1"},"canonical":"https:\/\/www.karinibutiik.ee\/lv\/produkts\/ugg-stila-zabaki-ar-biezu-zoli-2\/","og_locale":"lv_LV","og_type":"article","og_title":"UGG STIILIS PAKSU TALLAGA SAAPAD - Karini Butiik","og_description":"Step into style and warmth with our timeless UGG-style winter boots. Perfect for colder weather, these boots offer both comfort and fashion. Get yours now! \u2744\ufe0f","og_url":"https:\/\/www.karinibutiik.ee\/lv\/produkts\/ugg-stila-zabaki-ar-biezu-zoli-2\/","og_site_name":"Karini Butiik","article_publisher":"https:\/\/www.facebook.com\/karinibutiik.ee","article_modified_time":"2025-11-14T13:36:54+00:00","og_image":[{"width":1638,"height":2048,"url":"https:\/\/www.karinibutiik.ee\/wp-content\/uploads\/2024\/10\/IMG_3975.jpeg","type":"image\/jpeg"}],"twitter_card":"summary_large_image","twitter_misc":{"Availability":"Out of stock"},"schema":{"@context":"https:\/\/schema.org","@graph":[{"@type":"WebPage","@id":"https:\/\/www.karinibutiik.ee\/toode\/ugg-stiilis-paksu-tallaga-saapad-2\/","url":"https:\/\/www.karinibutiik.ee\/toode\/ugg-stiilis-paksu-tallaga-saapad-2\/","name":"UGG STILISK\u0100S L\u0112TAS TALLAGA A IZMANTOJO\u0160\u0100S A IZMANTOJO\u0160\u0100S A IZMANTOJO\u0160\u0100S A IZMANTOJO\u0160\u0100S A KU\u0122AS - Karini Butiik","isPartOf":{"@id":"https:\/\/www.karinibutiik.ee\/#website"},"primaryImageOfPage":{"@id":"https:\/\/www.karinibutiik.ee\/toode\/ugg-stiilis-paksu-tallaga-saapad-2\/#primaryimage"},"image":{"@id":"https:\/\/www.karinibutiik.ee\/toode\/ugg-stiilis-paksu-tallaga-saapad-2\/#primaryimage"},"thumbnailUrl":"https:\/\/www.karinibutiik.ee\/wp-content\/uploads\/2024\/10\/IMG_3975.jpeg","datePublished":"2024-10-07T07:07:31+00:00","dateModified":"2025-11-14T13:36:54+00:00","description":"Ieejiet stil\u0101 un siltum\u0101 ar m\u016bsu m\u016b\u017esenajiem UGG stila ziemas z\u0101bakiem. \u0160ie z\u0101baki ir ide\u0101li piem\u0113roti aukst\u0101kiem laikapst\u0101k\u013ciem, un tie nodro\u0161ina gan komfortu, gan modi. Ieg\u0101d\u0101jieties savus jau tagad! \u2744\ufe0f","breadcrumb":{"@id":"https:\/\/www.karinibutiik.ee\/toode\/ugg-stiilis-paksu-tallaga-saapad-2\/#breadcrumb"},"inLanguage":"lv-LV","potentialAction":[{"@type":"ReadAction","target":["https:\/\/www.karinibutiik.ee\/toode\/ugg-stiilis-paksu-tallaga-saapad-2\/"]}]},{"@type":"ImageObject","inLanguage":"lv-LV","@id":"https:\/\/www.karinibutiik.ee\/toode\/ugg-stiilis-paksu-tallaga-saapad-2\/#primaryimage","url":"https:\/\/www.karinibutiik.ee\/wp-content\/uploads\/2024\/10\/IMG_3975.jpeg","contentUrl":"https:\/\/www.karinibutiik.ee\/wp-content\/uploads\/2024\/10\/IMG_3975.jpeg","width":1638,"height":2048},{"@type":"BreadcrumbList","@id":"https:\/\/www.karinibutiik.ee\/toode\/ugg-stiilis-paksu-tallaga-saapad-2\/#breadcrumb","itemListElement":[{"@type":"ListItem","position":1,"name":"Home","item":"https:\/\/www.karinibutiik.ee\/"},{"@type":"ListItem","position":2,"name":"Pood","item":"https:\/\/www.karinibutiik.ee\/pood\/"},{"@type":"ListItem","position":3,"name":"UGG STIILIS PAKSU TALLAGA SAAPAD"}]},{"@type":"WebSite","@id":"https:\/\/www.karinibutiik.ee\/#website","url":"https:\/\/www.karinibutiik.ee\/","name":"Karini Butiik","description":"","publisher":{"@id":"https:\/\/www.karinibutiik.ee\/#organization"},"potentialAction":[{"@type":"SearchAction","target":{"@type":"EntryPoint","urlTemplate":"https:\/\/www.karinibutiik.ee\/?s={search_term_string}"},"query-input":{"@type":"PropertyValueSpecification","valueRequired":true,"valueName":"search_term_string"}}],"inLanguage":"lv-LV"},{"@type":"Organization","@id":"https:\/\/www.karinibutiik.ee\/#organization","name":"Karini Butiik","url":"https:\/\/www.karinibutiik.ee\/","logo":{"@type":"ImageObject","inLanguage":"lv-LV","@id":"https:\/\/www.karinibutiik.ee\/#\/schema\/logo\/image\/","url":"https:\/\/www.karinibutiik.ee\/wp-content\/uploads\/2024\/10\/Kuj.-K-koopia.png","contentUrl":"https:\/\/www.karinibutiik.ee\/wp-content\/uploads\/2024\/10\/Kuj.-K-koopia.png","width":500,"height":500,"caption":"Karini Butiik"},"image":{"@id":"https:\/\/www.karinibutiik.ee\/#\/schema\/logo\/image\/"},"sameAs":["https:\/\/www.facebook.com\/karinibutiik.ee","https:\/\/www.instagram.com\/karinibutiik"]}]},"og_availability":"out of stock","product_availability":"out of stock","product_retailer_item_id":"9057","product_condition":"new"},"_links":{"self":[{"href":"https:\/\/www.karinibutiik.ee\/lv\/wp-json\/wp\/v2\/product\/19106","targetHints":{"allow":["GET"]}}],"collection":[{"href":"https:\/\/www.karinibutiik.ee\/lv\/wp-json\/wp\/v2\/product"}],"about":[{"href":"https:\/\/www.karinibutiik.ee\/lv\/wp-json\/wp\/v2\/types\/product"}],"version-history":[{"count":2,"href":"https:\/\/www.karinibutiik.ee\/lv\/wp-json\/wp\/v2\/product\/19106\/revisions"}],"predecessor-version":[{"id":20101,"href":"https:\/\/www.karinibutiik.ee\/lv\/wp-json\/wp\/v2\/product\/19106\/revisions\/20101"}],"wp:featuredmedia":[{"embeddable":true,"href":"https:\/\/www.karinibutiik.ee\/lv\/wp-json\/wp\/v2\/media\/19085"}],"wp:attachment":[{"href":"https:\/\/www.karinibutiik.ee\/lv\/wp-json\/wp\/v2\/media?parent=19106"}],"wp:term":[{"taxonomy":"product_brand","embeddable":true,"href":"https:\/\/www.karinibutiik.ee\/lv\/wp-json\/wp\/v2\/product_brand?post=19106"},{"taxonomy":"product_cat","embeddable":true,"href":"https:\/\/www.karinibutiik.ee\/lv\/wp-json\/wp\/v2\/product_cat?post=19106"},{"taxonomy":"product_tag","embeddable":true,"href":"https:\/\/www.karinibutiik.ee\/lv\/wp-json\/wp\/v2\/product_tag?post=19106"}],"curies":[{"name":"wp","href":"https:\/\/api.w.org\/{rel}","templated":true}]}}