{"id":19243,"date":"2024-10-10T05:22:54","date_gmt":"2024-10-10T05:22:54","guid":{"rendered":"https:\/\/www.karinibutiik.ee\/?post_type=product&#038;p=19243"},"modified":"2026-04-03T11:24:17","modified_gmt":"2026-04-03T08:24:17","slug":"minikleit-puhvvarrukatega","status":"publish","type":"product","link":"https:\/\/www.karinibutiik.ee\/lv\/produkts\/minikleit-puhvvarrukatega\/","title":{"rendered":"Mini garuma kleita ar bufera piedurkn\u0113m un rot\u0101jumiem"},"content":{"rendered":"<p>Kaunis ja elegantne mini-pikkuses kleit, mis paistab silma l\u00fchikeste puhvvarrukate ning peenete tikandite ja pisikeste kivikestega kaunistatud detailidega. See naiselik ja pilkup\u00fc\u00fcdev kleit kinnitub mugavalt k\u00fcljelt peitluku abil, luues t\u00e4iusliku silueti. Ideaalne valik nii pidulikeks s\u00fcndmusteks kui ka erilisteks \u00f5htuteks, pakkudes stiili ja mugavust \u00fcheskoos.<\/p>","protected":false},"excerpt":{"rendered":"<p>Kaunis ja elegantne mini-pikkuses kleit, mis paistab silma l\u00fchikeste puhvvarrukate ning peenete tikandite ja pisikeste kivikestega kaunistatud detailidega. See naiselik [&hellip;]<\/p>\n","protected":false},"featured_media":19434,"template":"","meta":{"site-sidebar-layout":"default","site-content-layout":"","ast-site-content-layout":"default","site-content-style":"default","site-sidebar-style":"default","ast-global-header-display":"","ast-banner-title-visibility":"","ast-main-header-display":"","ast-hfb-above-header-display":"","ast-hfb-below-header-display":"","ast-hfb-mobile-header-display":"","site-post-title":"","ast-breadcrumbs-content":"","ast-featured-img":"","footer-sml-layout":"","ast-disable-related-posts":"","theme-transparent-header-meta":"default","adv-header-id-meta":"","stick-header-meta":"default","header-above-stick-meta":"","header-main-stick-meta":"","header-below-stick-meta":"","astra-migrate-meta-layouts":"set","ast-page-background-enabled":"default","ast-page-background-meta":{"desktop":{"background-color":"var(--ast-global-color-4)","background-image":"","background-repeat":"repeat","background-position":"center center","background-size":"auto","background-attachment":"scroll","background-type":"","background-media":"","overlay-type":"","overlay-color":"","overlay-opacity":"","overlay-gradient":""},"tablet":{"background-color":"","background-image":"","background-repeat":"repeat","background-position":"center center","background-size":"auto","background-attachment":"scroll","background-type":"","background-media":"","overlay-type":"","overlay-color":"","overlay-opacity":"","overlay-gradient":""},"mobile":{"background-color":"","background-image":"","background-repeat":"repeat","background-position":"center center","background-size":"auto","background-attachment":"scroll","background-type":"","background-media":"","overlay-type":"","overlay-color":"","overlay-opacity":"","overlay-gradient":""}},"ast-content-background-meta":{"desktop":{"background-color":"var(--ast-global-color-5)","background-image":"","background-repeat":"repeat","background-position":"center center","background-size":"auto","background-attachment":"scroll","background-type":"","background-media":"","overlay-type":"","overlay-color":"","overlay-opacity":"","overlay-gradient":""},"tablet":{"background-color":"var(--ast-global-color-5)","background-image":"","background-repeat":"repeat","background-position":"center center","background-size":"auto","background-attachment":"scroll","background-type":"","background-media":"","overlay-type":"","overlay-color":"","overlay-opacity":"","overlay-gradient":""},"mobile":{"background-color":"var(--ast-global-color-5)","background-image":"","background-repeat":"repeat","background-position":"center center","background-size":"auto","background-attachment":"scroll","background-type":"","background-media":"","overlay-type":"","overlay-color":"","overlay-opacity":"","overlay-gradient":""}}},"product_brand":[],"product_cat":[347,364,346],"product_tag":[488,475,248,476,501,477,270,485,493,91,1028,1029,507,738,506],"class_list":{"0":"post-19243","1":"product","2":"type-product","3":"status-publish","4":"has-post-thumbnail","6":"product_cat-kleidid","7":"product_cat-minikleidid","8":"product_cat-naised","9":"product_tag-ballikleit","10":"product_tag-dresshouse","11":"product_tag-elegants","12":"product_tag-getdressed","13":"product_tag-karini-butiik","14":"product_tag-kleidibutiik","15":"product_tag-kleidid","16":"product_tag-kleidipood","17":"product_tag-kleiditurg","18":"product_tag-koolilopukleit","19":"product_tag-mini-kleit","20":"product_tag-minikleidi","21":"product_tag-must-kleit","22":"product_tag-pidulik-kleit","23":"product_tag-valge-kleit","24":"desktop-align-center","25":"tablet-align-center","26":"mobile-align-center","27":"ast-product-gallery-layout-horizontal-slider","28":"ast-product-single-variable","29":"ast-product-tabs-layout-horizontal","31":"first","32":"instock","33":"taxable","34":"shipping-taxable","35":"purchasable","36":"product-type-variable"},"supplier_id":null,"supplier_sku":"","barcode":null,"atum_controlled":true,"out_stock_date":null,"out_stock_threshold":null,"inheritable":true,"inbound_stock":0,"stock_on_hold":1,"sold_today":1,"sales_last_days":1,"reserved_stock":0,"customer_returns":0,"warehouse_damage":0,"lost_in_post":0,"other_logs":0,"out_stock_days":0,"lost_sales":0,"has_location":false,"update_date":"2025-12-05T15:54:18","atum_locations":[],"atum_stock_status":"instock","restock_status":false,"low_stock_amount":"","sales_update_date":"2025-12-04T14:45:35","calc_backorders":null,"yoast_head":"<!-- This site is optimized with the Yoast SEO plugin v26.9 - https:\/\/yoast.com\/product\/yoast-seo-wordpress\/ -->\n<title>Mini pikkuses kleit puhvvarrukate ja kaunistustega - Karini Butiik<\/title>\n<meta name=\"description\" content=\"Kaunis ja elegantne midi-pikkuses kleit, mis paistab silma l\u00fchikeste puhvvarrukate ning peenete tikandite ja pisikeste kivikestega kaunistatud detailidega. See naiselik ja pilkup\u00fc\u00fcdev kleit kinnitub mugavalt k\u00fcljelt peitluku abil, luues t\u00e4iusliku silueti. Ideaalne valik nii pidulikeks s\u00fcndmusteks kui ka erilisteks \u00f5htuteks, pakkudes stiili ja mugavust \u00fcheskoos.\" \/>\n<meta name=\"robots\" content=\"index, follow, max-snippet:-1, max-image-preview:large, max-video-preview:-1\" \/>\n<link rel=\"canonical\" href=\"https:\/\/www.karinibutiik.ee\/lv\/produkts\/minikleit-puhvvarrukatega\/\" \/>\n<meta property=\"og:locale\" content=\"lv_LV\" \/>\n<meta property=\"og:type\" content=\"article\" \/>\n<meta property=\"og:title\" content=\"Mini pikkuses kleit puhvvarrukate ja kaunistustega - Karini Butiik\" \/>\n<meta property=\"og:description\" content=\"Kaunis ja elegantne midi-pikkuses kleit, mis paistab silma l\u00fchikeste puhvvarrukate ning peenete tikandite ja pisikeste kivikestega kaunistatud detailidega. See naiselik ja pilkup\u00fc\u00fcdev kleit kinnitub mugavalt k\u00fcljelt peitluku abil, luues t\u00e4iusliku silueti. Ideaalne valik nii pidulikeks s\u00fcndmusteks kui ka erilisteks \u00f5htuteks, pakkudes stiili ja mugavust \u00fcheskoos.\" \/>\n<meta property=\"og:url\" content=\"https:\/\/www.karinibutiik.ee\/lv\/produkts\/minikleit-puhvvarrukatega\/\" \/>\n<meta property=\"og:site_name\" content=\"Karini Butiik\" \/>\n<meta property=\"article:publisher\" content=\"https:\/\/www.facebook.com\/karinibutiik.ee\" \/>\n<meta property=\"article:modified_time\" content=\"2026-04-03T08:24:17+00:00\" \/>\n<meta property=\"og:image\" content=\"https:\/\/www.karinibutiik.ee\/wp-content\/uploads\/2024\/10\/241009_Karini_Butiik_Erlend_Staub73-scaled.jpg\" \/>\n\t<meta property=\"og:image:width\" content=\"2048\" \/>\n\t<meta property=\"og:image:height\" content=\"2560\" \/>\n\t<meta property=\"og:image:type\" content=\"image\/jpeg\" \/>\n<meta name=\"twitter:card\" content=\"summary_large_image\" \/>\n<meta name=\"twitter:label1\" content=\"Availability\" \/>\n\t<meta name=\"twitter:data1\" content=\"In stock\" \/>\n<script type=\"application\/ld+json\" class=\"yoast-schema-graph\">{\"@context\":\"https:\/\/schema.org\",\"@graph\":[{\"@type\":\"WebPage\",\"@id\":\"https:\/\/www.karinibutiik.ee\/toode\/minikleit-puhvvarrukatega\/\",\"url\":\"https:\/\/www.karinibutiik.ee\/toode\/minikleit-puhvvarrukatega\/\",\"name\":\"Mini pikkuses kleit puhvvarrukate ja kaunistustega - Karini Butiik\",\"isPartOf\":{\"@id\":\"https:\/\/www.karinibutiik.ee\/#website\"},\"primaryImageOfPage\":{\"@id\":\"https:\/\/www.karinibutiik.ee\/toode\/minikleit-puhvvarrukatega\/#primaryimage\"},\"image\":{\"@id\":\"https:\/\/www.karinibutiik.ee\/toode\/minikleit-puhvvarrukatega\/#primaryimage\"},\"thumbnailUrl\":\"https:\/\/www.karinibutiik.ee\/wp-content\/uploads\/2024\/10\/241009_Karini_Butiik_Erlend_Staub73-scaled.jpg\",\"datePublished\":\"2024-10-10T05:22:54+00:00\",\"dateModified\":\"2026-04-03T08:24:17+00:00\",\"description\":\"Kaunis ja elegantne midi-pikkuses kleit, mis paistab silma l\u00fchikeste puhvvarrukate ning peenete tikandite ja pisikeste kivikestega kaunistatud detailidega. See naiselik ja pilkup\u00fc\u00fcdev kleit kinnitub mugavalt k\u00fcljelt peitluku abil, luues t\u00e4iusliku silueti. Ideaalne valik nii pidulikeks s\u00fcndmusteks kui ka erilisteks \u00f5htuteks, pakkudes stiili ja mugavust \u00fcheskoos.\",\"breadcrumb\":{\"@id\":\"https:\/\/www.karinibutiik.ee\/toode\/minikleit-puhvvarrukatega\/#breadcrumb\"},\"inLanguage\":\"lv-LV\",\"potentialAction\":[{\"@type\":\"ReadAction\",\"target\":[\"https:\/\/www.karinibutiik.ee\/toode\/minikleit-puhvvarrukatega\/\"]}]},{\"@type\":\"ImageObject\",\"inLanguage\":\"lv-LV\",\"@id\":\"https:\/\/www.karinibutiik.ee\/toode\/minikleit-puhvvarrukatega\/#primaryimage\",\"url\":\"https:\/\/www.karinibutiik.ee\/wp-content\/uploads\/2024\/10\/241009_Karini_Butiik_Erlend_Staub73-scaled.jpg\",\"contentUrl\":\"https:\/\/www.karinibutiik.ee\/wp-content\/uploads\/2024\/10\/241009_Karini_Butiik_Erlend_Staub73-scaled.jpg\",\"width\":2048,\"height\":2560},{\"@type\":\"BreadcrumbList\",\"@id\":\"https:\/\/www.karinibutiik.ee\/toode\/minikleit-puhvvarrukatega\/#breadcrumb\",\"itemListElement\":[{\"@type\":\"ListItem\",\"position\":1,\"name\":\"Home\",\"item\":\"https:\/\/www.karinibutiik.ee\/\"},{\"@type\":\"ListItem\",\"position\":2,\"name\":\"Pood\",\"item\":\"https:\/\/www.karinibutiik.ee\/pood\/\"},{\"@type\":\"ListItem\",\"position\":3,\"name\":\"Mini pikkuses kleit puhvvarrukate ja kaunistustega\"}]},{\"@type\":\"WebSite\",\"@id\":\"https:\/\/www.karinibutiik.ee\/#website\",\"url\":\"https:\/\/www.karinibutiik.ee\/\",\"name\":\"Karini Butiik\",\"description\":\"\",\"publisher\":{\"@id\":\"https:\/\/www.karinibutiik.ee\/#organization\"},\"potentialAction\":[{\"@type\":\"SearchAction\",\"target\":{\"@type\":\"EntryPoint\",\"urlTemplate\":\"https:\/\/www.karinibutiik.ee\/?s={search_term_string}\"},\"query-input\":{\"@type\":\"PropertyValueSpecification\",\"valueRequired\":true,\"valueName\":\"search_term_string\"}}],\"inLanguage\":\"lv-LV\"},{\"@type\":\"Organization\",\"@id\":\"https:\/\/www.karinibutiik.ee\/#organization\",\"name\":\"Karini Butiik\",\"url\":\"https:\/\/www.karinibutiik.ee\/\",\"logo\":{\"@type\":\"ImageObject\",\"inLanguage\":\"lv-LV\",\"@id\":\"https:\/\/www.karinibutiik.ee\/#\/schema\/logo\/image\/\",\"url\":\"https:\/\/www.karinibutiik.ee\/wp-content\/uploads\/2024\/10\/Kuj.-K-koopia.png\",\"contentUrl\":\"https:\/\/www.karinibutiik.ee\/wp-content\/uploads\/2024\/10\/Kuj.-K-koopia.png\",\"width\":500,\"height\":500,\"caption\":\"Karini Butiik\"},\"image\":{\"@id\":\"https:\/\/www.karinibutiik.ee\/#\/schema\/logo\/image\/\"},\"sameAs\":[\"https:\/\/www.facebook.com\/karinibutiik.ee\",\"https:\/\/www.instagram.com\/karinibutiik\"]}]}<\/script>\n<meta property=\"og:availability\" content=\"instock\" \/>\n<meta property=\"product:availability\" content=\"instock\" \/>\n<meta property=\"product:retailer_item_id\" content=\"23239\" \/>\n<meta property=\"product:condition\" content=\"new\" \/>\n<!-- \/ Yoast SEO plugin. -->","yoast_head_json":{"title":"Mini pikkuses kleit puhvvarrukate ja kaunistustega - Karini Butiik","description":"Kaunis ja elegantne midi-pikkuses kleit, mis paistab silma l\u00fchikeste puhvvarrukate ning peenete tikandite ja pisikeste kivikestega kaunistatud detailidega. See naiselik ja pilkup\u00fc\u00fcdev kleit kinnitub mugavalt k\u00fcljelt peitluku abil, luues t\u00e4iusliku silueti. Ideaalne valik nii pidulikeks s\u00fcndmusteks kui ka erilisteks \u00f5htuteks, pakkudes stiili ja mugavust \u00fcheskoos.","robots":{"index":"index","follow":"follow","max-snippet":"max-snippet:-1","max-image-preview":"max-image-preview:large","max-video-preview":"max-video-preview:-1"},"canonical":"https:\/\/www.karinibutiik.ee\/lv\/produkts\/minikleit-puhvvarrukatega\/","og_locale":"lv_LV","og_type":"article","og_title":"Mini pikkuses kleit puhvvarrukate ja kaunistustega - Karini Butiik","og_description":"Kaunis ja elegantne midi-pikkuses kleit, mis paistab silma l\u00fchikeste puhvvarrukate ning peenete tikandite ja pisikeste kivikestega kaunistatud detailidega. See naiselik ja pilkup\u00fc\u00fcdev kleit kinnitub mugavalt k\u00fcljelt peitluku abil, luues t\u00e4iusliku silueti. Ideaalne valik nii pidulikeks s\u00fcndmusteks kui ka erilisteks \u00f5htuteks, pakkudes stiili ja mugavust \u00fcheskoos.","og_url":"https:\/\/www.karinibutiik.ee\/lv\/produkts\/minikleit-puhvvarrukatega\/","og_site_name":"Karini Butiik","article_publisher":"https:\/\/www.facebook.com\/karinibutiik.ee","article_modified_time":"2026-04-03T08:24:17+00:00","og_image":[{"width":2048,"height":2560,"url":"https:\/\/www.karinibutiik.ee\/wp-content\/uploads\/2024\/10\/241009_Karini_Butiik_Erlend_Staub73-scaled.jpg","type":"image\/jpeg"}],"twitter_card":"summary_large_image","twitter_misc":{"Availability":"In stock"},"schema":{"@context":"https:\/\/schema.org","@graph":[{"@type":"WebPage","@id":"https:\/\/www.karinibutiik.ee\/toode\/minikleit-puhvvarrukatega\/","url":"https:\/\/www.karinibutiik.ee\/toode\/minikleit-puhvvarrukatega\/","name":"Mini pikkuses kleit puhvvarrukate ja kaunistustega - Karini Butiik","isPartOf":{"@id":"https:\/\/www.karinibutiik.ee\/#website"},"primaryImageOfPage":{"@id":"https:\/\/www.karinibutiik.ee\/toode\/minikleit-puhvvarrukatega\/#primaryimage"},"image":{"@id":"https:\/\/www.karinibutiik.ee\/toode\/minikleit-puhvvarrukatega\/#primaryimage"},"thumbnailUrl":"https:\/\/www.karinibutiik.ee\/wp-content\/uploads\/2024\/10\/241009_Karini_Butiik_Erlend_Staub73-scaled.jpg","datePublished":"2024-10-10T05:22:54+00:00","dateModified":"2026-04-03T08:24:17+00:00","description":"Kaunis ja elegantne midi-pikkuses kleit, mis paistab silma l\u00fchikeste puhvvarrukate ning peenete tikandite ja pisikeste kivikestega kaunistatud detailidega. See naiselik ja pilkup\u00fc\u00fcdev kleit kinnitub mugavalt k\u00fcljelt peitluku abil, luues t\u00e4iusliku silueti. Ideaalne valik nii pidulikeks s\u00fcndmusteks kui ka erilisteks \u00f5htuteks, pakkudes stiili ja mugavust \u00fcheskoos.","breadcrumb":{"@id":"https:\/\/www.karinibutiik.ee\/toode\/minikleit-puhvvarrukatega\/#breadcrumb"},"inLanguage":"lv-LV","potentialAction":[{"@type":"ReadAction","target":["https:\/\/www.karinibutiik.ee\/toode\/minikleit-puhvvarrukatega\/"]}]},{"@type":"ImageObject","inLanguage":"lv-LV","@id":"https:\/\/www.karinibutiik.ee\/toode\/minikleit-puhvvarrukatega\/#primaryimage","url":"https:\/\/www.karinibutiik.ee\/wp-content\/uploads\/2024\/10\/241009_Karini_Butiik_Erlend_Staub73-scaled.jpg","contentUrl":"https:\/\/www.karinibutiik.ee\/wp-content\/uploads\/2024\/10\/241009_Karini_Butiik_Erlend_Staub73-scaled.jpg","width":2048,"height":2560},{"@type":"BreadcrumbList","@id":"https:\/\/www.karinibutiik.ee\/toode\/minikleit-puhvvarrukatega\/#breadcrumb","itemListElement":[{"@type":"ListItem","position":1,"name":"Home","item":"https:\/\/www.karinibutiik.ee\/"},{"@type":"ListItem","position":2,"name":"Pood","item":"https:\/\/www.karinibutiik.ee\/pood\/"},{"@type":"ListItem","position":3,"name":"Mini pikkuses kleit puhvvarrukate ja kaunistustega"}]},{"@type":"WebSite","@id":"https:\/\/www.karinibutiik.ee\/#website","url":"https:\/\/www.karinibutiik.ee\/","name":"Karini Butiik","description":"","publisher":{"@id":"https:\/\/www.karinibutiik.ee\/#organization"},"potentialAction":[{"@type":"SearchAction","target":{"@type":"EntryPoint","urlTemplate":"https:\/\/www.karinibutiik.ee\/?s={search_term_string}"},"query-input":{"@type":"PropertyValueSpecification","valueRequired":true,"valueName":"search_term_string"}}],"inLanguage":"lv-LV"},{"@type":"Organization","@id":"https:\/\/www.karinibutiik.ee\/#organization","name":"Karini Butiik","url":"https:\/\/www.karinibutiik.ee\/","logo":{"@type":"ImageObject","inLanguage":"lv-LV","@id":"https:\/\/www.karinibutiik.ee\/#\/schema\/logo\/image\/","url":"https:\/\/www.karinibutiik.ee\/wp-content\/uploads\/2024\/10\/Kuj.-K-koopia.png","contentUrl":"https:\/\/www.karinibutiik.ee\/wp-content\/uploads\/2024\/10\/Kuj.-K-koopia.png","width":500,"height":500,"caption":"Karini Butiik"},"image":{"@id":"https:\/\/www.karinibutiik.ee\/#\/schema\/logo\/image\/"},"sameAs":["https:\/\/www.facebook.com\/karinibutiik.ee","https:\/\/www.instagram.com\/karinibutiik"]}]},"og_availability":"instock","product_availability":"instock","product_retailer_item_id":"23239","product_condition":"new"},"_links":{"self":[{"href":"https:\/\/www.karinibutiik.ee\/lv\/wp-json\/wp\/v2\/product\/19243","targetHints":{"allow":["GET"]}}],"collection":[{"href":"https:\/\/www.karinibutiik.ee\/lv\/wp-json\/wp\/v2\/product"}],"about":[{"href":"https:\/\/www.karinibutiik.ee\/lv\/wp-json\/wp\/v2\/types\/product"}],"version-history":[{"count":2,"href":"https:\/\/www.karinibutiik.ee\/lv\/wp-json\/wp\/v2\/product\/19243\/revisions"}],"predecessor-version":[{"id":19924,"href":"https:\/\/www.karinibutiik.ee\/lv\/wp-json\/wp\/v2\/product\/19243\/revisions\/19924"}],"wp:featuredmedia":[{"embeddable":true,"href":"https:\/\/www.karinibutiik.ee\/lv\/wp-json\/wp\/v2\/media\/19434"}],"wp:attachment":[{"href":"https:\/\/www.karinibutiik.ee\/lv\/wp-json\/wp\/v2\/media?parent=19243"}],"wp:term":[{"taxonomy":"product_brand","embeddable":true,"href":"https:\/\/www.karinibutiik.ee\/lv\/wp-json\/wp\/v2\/product_brand?post=19243"},{"taxonomy":"product_cat","embeddable":true,"href":"https:\/\/www.karinibutiik.ee\/lv\/wp-json\/wp\/v2\/product_cat?post=19243"},{"taxonomy":"product_tag","embeddable":true,"href":"https:\/\/www.karinibutiik.ee\/lv\/wp-json\/wp\/v2\/product_tag?post=19243"}],"curies":[{"name":"wp","href":"https:\/\/api.w.org\/{rel}","templated":true}]}}