{"id":19264,"date":"2024-10-10T07:26:27","date_gmt":"2024-10-10T07:26:27","guid":{"rendered":"https:\/\/www.karinibutiik.ee\/?post_type=product&#038;p=19264"},"modified":"2026-03-14T14:46:38","modified_gmt":"2026-03-14T12:46:38","slug":"satiinkangast-midi-pikkuses-seelik","status":"publish","type":"product","link":"https:\/\/www.karinibutiik.ee\/lv\/produkts\/satiinkangast-midi-pikkuses-seelik\/","title":{"rendered":"SAT\u012aNA AUDUMA MIDI GARUMA SV\u0100RKI"},"content":{"rendered":"<p>Stiilne ja voogav satiinkangast midi pikkuses seelik, mis lisab igale riietusele elegantsi ja naiselikkust. Selle klassikaline l\u00f5ige ja sile viimistlus teevad sellest ideaalse valiku nii igap\u00e4evaseks kui ka pidulikuks kandmiseks. Kombineeri samas stiilis satiinpluusiga, et luua \u0161ikk ja \u00fchtne v\u00e4limus, mis sobib suurep\u00e4raselt igaks eriliseks s\u00fcndmuseks.<\/p>","protected":false},"excerpt":{"rendered":"<p>Stiilne ja voogav satiinkangast midi pikkuses seelik, mis lisab igale riietusele elegantsi ja naiselikkust. Selle klassikaline l\u00f5ige ja sile viimistlus [&hellip;]<\/p>\n","protected":false},"featured_media":19490,"template":"","meta":{"site-sidebar-layout":"default","site-content-layout":"","ast-site-content-layout":"default","site-content-style":"default","site-sidebar-style":"default","ast-global-header-display":"","ast-banner-title-visibility":"","ast-main-header-display":"","ast-hfb-above-header-display":"","ast-hfb-below-header-display":"","ast-hfb-mobile-header-display":"","site-post-title":"","ast-breadcrumbs-content":"","ast-featured-img":"","footer-sml-layout":"","ast-disable-related-posts":"","theme-transparent-header-meta":"default","adv-header-id-meta":"","stick-header-meta":"default","header-above-stick-meta":"","header-main-stick-meta":"","header-below-stick-meta":"","astra-migrate-meta-layouts":"set","ast-page-background-enabled":"default","ast-page-background-meta":{"desktop":{"background-color":"var(--ast-global-color-4)","background-image":"","background-repeat":"repeat","background-position":"center center","background-size":"auto","background-attachment":"scroll","background-type":"","background-media":"","overlay-type":"","overlay-color":"","overlay-opacity":"","overlay-gradient":""},"tablet":{"background-color":"","background-image":"","background-repeat":"repeat","background-position":"center center","background-size":"auto","background-attachment":"scroll","background-type":"","background-media":"","overlay-type":"","overlay-color":"","overlay-opacity":"","overlay-gradient":""},"mobile":{"background-color":"","background-image":"","background-repeat":"repeat","background-position":"center center","background-size":"auto","background-attachment":"scroll","background-type":"","background-media":"","overlay-type":"","overlay-color":"","overlay-opacity":"","overlay-gradient":""}},"ast-content-background-meta":{"desktop":{"background-color":"var(--ast-global-color-5)","background-image":"","background-repeat":"repeat","background-position":"center center","background-size":"auto","background-attachment":"scroll","background-type":"","background-media":"","overlay-type":"","overlay-color":"","overlay-opacity":"","overlay-gradient":""},"tablet":{"background-color":"var(--ast-global-color-5)","background-image":"","background-repeat":"repeat","background-position":"center center","background-size":"auto","background-attachment":"scroll","background-type":"","background-media":"","overlay-type":"","overlay-color":"","overlay-opacity":"","overlay-gradient":""},"mobile":{"background-color":"var(--ast-global-color-5)","background-image":"","background-repeat":"repeat","background-position":"center center","background-size":"auto","background-attachment":"scroll","background-type":"","background-media":"","overlay-type":"","overlay-color":"","overlay-opacity":"","overlay-gradient":""}}},"product_brand":[],"product_cat":[346,354,384],"product_tag":[501,1033,839,828,1032,814,864,690],"class_list":{"0":"post-19264","1":"product","2":"type-product","3":"status-publish","4":"has-post-thumbnail","6":"product_cat-naised","7":"product_cat-puksid-seelikud","8":"product_cat-seelikud","9":"product_tag-karini-butiik","10":"product_tag-luksuslikud-seelikud","11":"product_tag-naiste-riiete-pood","12":"product_tag-naisteriided","13":"product_tag-satiinseelikud","14":"product_tag-seelikud","15":"product_tag-stiilsed-naisteriided","16":"product_tag-vabaaja-riided","17":"desktop-align-center","18":"tablet-align-center","19":"mobile-align-center","20":"ast-product-gallery-layout-horizontal-slider","21":"ast-product-single-variable","22":"ast-product-tabs-layout-horizontal","24":"first","25":"outofstock","26":"taxable","27":"shipping-taxable","28":"product-type-variable"},"supplier_id":null,"supplier_sku":"","barcode":null,"atum_controlled":true,"out_stock_date":null,"out_stock_threshold":null,"inheritable":true,"inbound_stock":0,"stock_on_hold":0,"sold_today":0,"sales_last_days":0,"reserved_stock":0,"customer_returns":0,"warehouse_damage":0,"lost_in_post":0,"other_logs":0,"out_stock_days":0,"lost_sales":0,"has_location":false,"update_date":"2026-03-14T12:46:38","atum_locations":[],"atum_stock_status":"outofstock","restock_status":false,"low_stock_amount":"","sales_update_date":"2025-12-05T00:00:29","calc_backorders":null,"yoast_head":"<!-- This site is optimized with the Yoast SEO plugin v26.9 - https:\/\/yoast.com\/product\/yoast-seo-wordpress\/ -->\n<title>SATIINKANGAST MIDI PIKKUSES SEELIK - Karini Butiik<\/title>\n<meta name=\"description\" content=\"Stiilne ja voogav satiinkangast midi pikkuses seelik, mis lisab igale riietusele elegantsi ja naiselikkust. Selle klassikaline l\u00f5ige ja sile viimistlus teevad sellest ideaalse valiku nii igap\u00e4evaseks kui ka pidulikuks kandmiseks. Kombineeri samas stiilis satiinpluusiga, et luua \u0161ikk ja \u00fchtne v\u00e4limus, mis sobib suurep\u00e4raselt igaks eriliseks s\u00fcndmuseks.\" \/>\n<meta name=\"robots\" content=\"index, follow, max-snippet:-1, max-image-preview:large, max-video-preview:-1\" \/>\n<link rel=\"canonical\" href=\"https:\/\/www.karinibutiik.ee\/lv\/produkts\/satiinkangast-midi-pikkuses-seelik\/\" \/>\n<meta property=\"og:locale\" content=\"lv_LV\" \/>\n<meta property=\"og:type\" content=\"article\" \/>\n<meta property=\"og:title\" content=\"SATIINKANGAST MIDI PIKKUSES SEELIK - Karini Butiik\" \/>\n<meta property=\"og:description\" content=\"Stiilne ja voogav satiinkangast midi pikkuses seelik, mis lisab igale riietusele elegantsi ja naiselikkust. Selle klassikaline l\u00f5ige ja sile viimistlus teevad sellest ideaalse valiku nii igap\u00e4evaseks kui ka pidulikuks kandmiseks. Kombineeri samas stiilis satiinpluusiga, et luua \u0161ikk ja \u00fchtne v\u00e4limus, mis sobib suurep\u00e4raselt igaks eriliseks s\u00fcndmuseks.\" \/>\n<meta property=\"og:url\" content=\"https:\/\/www.karinibutiik.ee\/lv\/produkts\/satiinkangast-midi-pikkuses-seelik\/\" \/>\n<meta property=\"og:site_name\" content=\"Karini Butiik\" \/>\n<meta property=\"article:publisher\" content=\"https:\/\/www.facebook.com\/karinibutiik.ee\" \/>\n<meta property=\"article:modified_time\" content=\"2026-03-14T12:46:38+00:00\" \/>\n<meta property=\"og:image\" content=\"https:\/\/www.karinibutiik.ee\/wp-content\/uploads\/2024\/10\/241009_Karini_Butiik_Erlend_Staub51-1-scaled-e1728545129963.jpg\" \/>\n\t<meta property=\"og:image:width\" content=\"1476\" \/>\n\t<meta property=\"og:image:height\" content=\"2274\" \/>\n\t<meta property=\"og:image:type\" content=\"image\/jpeg\" \/>\n<meta name=\"twitter:card\" content=\"summary_large_image\" \/>\n<meta name=\"twitter:label1\" content=\"Availability\" \/>\n\t<meta name=\"twitter:data1\" content=\"Out of stock\" \/>\n<script type=\"application\/ld+json\" class=\"yoast-schema-graph\">{\"@context\":\"https:\/\/schema.org\",\"@graph\":[{\"@type\":\"WebPage\",\"@id\":\"https:\/\/www.karinibutiik.ee\/toode\/satiinkangast-midi-pikkuses-seelik\/\",\"url\":\"https:\/\/www.karinibutiik.ee\/toode\/satiinkangast-midi-pikkuses-seelik\/\",\"name\":\"SATIINKANGAST MIDI PIKKUSES SEELIK - Karini Butiik\",\"isPartOf\":{\"@id\":\"https:\/\/www.karinibutiik.ee\/#website\"},\"primaryImageOfPage\":{\"@id\":\"https:\/\/www.karinibutiik.ee\/toode\/satiinkangast-midi-pikkuses-seelik\/#primaryimage\"},\"image\":{\"@id\":\"https:\/\/www.karinibutiik.ee\/toode\/satiinkangast-midi-pikkuses-seelik\/#primaryimage\"},\"thumbnailUrl\":\"https:\/\/www.karinibutiik.ee\/wp-content\/uploads\/2024\/10\/241009_Karini_Butiik_Erlend_Staub51-1-scaled-e1728545129963.jpg\",\"datePublished\":\"2024-10-10T07:26:27+00:00\",\"dateModified\":\"2026-03-14T12:46:38+00:00\",\"description\":\"Stiilne ja voogav satiinkangast midi pikkuses seelik, mis lisab igale riietusele elegantsi ja naiselikkust. Selle klassikaline l\u00f5ige ja sile viimistlus teevad sellest ideaalse valiku nii igap\u00e4evaseks kui ka pidulikuks kandmiseks. Kombineeri samas stiilis satiinpluusiga, et luua \u0161ikk ja \u00fchtne v\u00e4limus, mis sobib suurep\u00e4raselt igaks eriliseks s\u00fcndmuseks.\",\"breadcrumb\":{\"@id\":\"https:\/\/www.karinibutiik.ee\/toode\/satiinkangast-midi-pikkuses-seelik\/#breadcrumb\"},\"inLanguage\":\"lv-LV\",\"potentialAction\":[{\"@type\":\"ReadAction\",\"target\":[\"https:\/\/www.karinibutiik.ee\/toode\/satiinkangast-midi-pikkuses-seelik\/\"]}]},{\"@type\":\"ImageObject\",\"inLanguage\":\"lv-LV\",\"@id\":\"https:\/\/www.karinibutiik.ee\/toode\/satiinkangast-midi-pikkuses-seelik\/#primaryimage\",\"url\":\"https:\/\/www.karinibutiik.ee\/wp-content\/uploads\/2024\/10\/241009_Karini_Butiik_Erlend_Staub51-1-scaled-e1728545129963.jpg\",\"contentUrl\":\"https:\/\/www.karinibutiik.ee\/wp-content\/uploads\/2024\/10\/241009_Karini_Butiik_Erlend_Staub51-1-scaled-e1728545129963.jpg\",\"width\":1476,\"height\":2274},{\"@type\":\"BreadcrumbList\",\"@id\":\"https:\/\/www.karinibutiik.ee\/toode\/satiinkangast-midi-pikkuses-seelik\/#breadcrumb\",\"itemListElement\":[{\"@type\":\"ListItem\",\"position\":1,\"name\":\"Home\",\"item\":\"https:\/\/www.karinibutiik.ee\/\"},{\"@type\":\"ListItem\",\"position\":2,\"name\":\"Pood\",\"item\":\"https:\/\/www.karinibutiik.ee\/pood\/\"},{\"@type\":\"ListItem\",\"position\":3,\"name\":\"SATIINKANGAST MIDI PIKKUSES SEELIK\"}]},{\"@type\":\"WebSite\",\"@id\":\"https:\/\/www.karinibutiik.ee\/#website\",\"url\":\"https:\/\/www.karinibutiik.ee\/\",\"name\":\"Karini Butiik\",\"description\":\"\",\"publisher\":{\"@id\":\"https:\/\/www.karinibutiik.ee\/#organization\"},\"potentialAction\":[{\"@type\":\"SearchAction\",\"target\":{\"@type\":\"EntryPoint\",\"urlTemplate\":\"https:\/\/www.karinibutiik.ee\/?s={search_term_string}\"},\"query-input\":{\"@type\":\"PropertyValueSpecification\",\"valueRequired\":true,\"valueName\":\"search_term_string\"}}],\"inLanguage\":\"lv-LV\"},{\"@type\":\"Organization\",\"@id\":\"https:\/\/www.karinibutiik.ee\/#organization\",\"name\":\"Karini Butiik\",\"url\":\"https:\/\/www.karinibutiik.ee\/\",\"logo\":{\"@type\":\"ImageObject\",\"inLanguage\":\"lv-LV\",\"@id\":\"https:\/\/www.karinibutiik.ee\/#\/schema\/logo\/image\/\",\"url\":\"https:\/\/www.karinibutiik.ee\/wp-content\/uploads\/2024\/10\/Kuj.-K-koopia.png\",\"contentUrl\":\"https:\/\/www.karinibutiik.ee\/wp-content\/uploads\/2024\/10\/Kuj.-K-koopia.png\",\"width\":500,\"height\":500,\"caption\":\"Karini Butiik\"},\"image\":{\"@id\":\"https:\/\/www.karinibutiik.ee\/#\/schema\/logo\/image\/\"},\"sameAs\":[\"https:\/\/www.facebook.com\/karinibutiik.ee\",\"https:\/\/www.instagram.com\/karinibutiik\"]}]}<\/script>\n<meta property=\"og:availability\" content=\"out of stock\" \/>\n<meta property=\"product:availability\" content=\"out of stock\" \/>\n<meta property=\"product:retailer_item_id\" content=\"38201\" \/>\n<meta property=\"product:condition\" content=\"new\" \/>\n<!-- \/ Yoast SEO plugin. -->","yoast_head_json":{"title":"SATIINKANGAST MIDI PIKKUSES SEELIK - Karini Butiik","description":"Stiilne ja voogav satiinkangast midi pikkuses seelik, mis lisab igale riietusele elegantsi ja naiselikkust. Selle klassikaline l\u00f5ige ja sile viimistlus teevad sellest ideaalse valiku nii igap\u00e4evaseks kui ka pidulikuks kandmiseks. Kombineeri samas stiilis satiinpluusiga, et luua \u0161ikk ja \u00fchtne v\u00e4limus, mis sobib suurep\u00e4raselt igaks eriliseks s\u00fcndmuseks.","robots":{"index":"index","follow":"follow","max-snippet":"max-snippet:-1","max-image-preview":"max-image-preview:large","max-video-preview":"max-video-preview:-1"},"canonical":"https:\/\/www.karinibutiik.ee\/lv\/produkts\/satiinkangast-midi-pikkuses-seelik\/","og_locale":"lv_LV","og_type":"article","og_title":"SATIINKANGAST MIDI PIKKUSES SEELIK - Karini Butiik","og_description":"Stiilne ja voogav satiinkangast midi pikkuses seelik, mis lisab igale riietusele elegantsi ja naiselikkust. Selle klassikaline l\u00f5ige ja sile viimistlus teevad sellest ideaalse valiku nii igap\u00e4evaseks kui ka pidulikuks kandmiseks. Kombineeri samas stiilis satiinpluusiga, et luua \u0161ikk ja \u00fchtne v\u00e4limus, mis sobib suurep\u00e4raselt igaks eriliseks s\u00fcndmuseks.","og_url":"https:\/\/www.karinibutiik.ee\/lv\/produkts\/satiinkangast-midi-pikkuses-seelik\/","og_site_name":"Karini Butiik","article_publisher":"https:\/\/www.facebook.com\/karinibutiik.ee","article_modified_time":"2026-03-14T12:46:38+00:00","og_image":[{"width":1476,"height":2274,"url":"https:\/\/www.karinibutiik.ee\/wp-content\/uploads\/2024\/10\/241009_Karini_Butiik_Erlend_Staub51-1-scaled-e1728545129963.jpg","type":"image\/jpeg"}],"twitter_card":"summary_large_image","twitter_misc":{"Availability":"Out of stock"},"schema":{"@context":"https:\/\/schema.org","@graph":[{"@type":"WebPage","@id":"https:\/\/www.karinibutiik.ee\/toode\/satiinkangast-midi-pikkuses-seelik\/","url":"https:\/\/www.karinibutiik.ee\/toode\/satiinkangast-midi-pikkuses-seelik\/","name":"SATIINKANGAST MIDI PIKKUSES SEELIK - Karini Butiik","isPartOf":{"@id":"https:\/\/www.karinibutiik.ee\/#website"},"primaryImageOfPage":{"@id":"https:\/\/www.karinibutiik.ee\/toode\/satiinkangast-midi-pikkuses-seelik\/#primaryimage"},"image":{"@id":"https:\/\/www.karinibutiik.ee\/toode\/satiinkangast-midi-pikkuses-seelik\/#primaryimage"},"thumbnailUrl":"https:\/\/www.karinibutiik.ee\/wp-content\/uploads\/2024\/10\/241009_Karini_Butiik_Erlend_Staub51-1-scaled-e1728545129963.jpg","datePublished":"2024-10-10T07:26:27+00:00","dateModified":"2026-03-14T12:46:38+00:00","description":"Stiilne ja voogav satiinkangast midi pikkuses seelik, mis lisab igale riietusele elegantsi ja naiselikkust. Selle klassikaline l\u00f5ige ja sile viimistlus teevad sellest ideaalse valiku nii igap\u00e4evaseks kui ka pidulikuks kandmiseks. Kombineeri samas stiilis satiinpluusiga, et luua \u0161ikk ja \u00fchtne v\u00e4limus, mis sobib suurep\u00e4raselt igaks eriliseks s\u00fcndmuseks.","breadcrumb":{"@id":"https:\/\/www.karinibutiik.ee\/toode\/satiinkangast-midi-pikkuses-seelik\/#breadcrumb"},"inLanguage":"lv-LV","potentialAction":[{"@type":"ReadAction","target":["https:\/\/www.karinibutiik.ee\/toode\/satiinkangast-midi-pikkuses-seelik\/"]}]},{"@type":"ImageObject","inLanguage":"lv-LV","@id":"https:\/\/www.karinibutiik.ee\/toode\/satiinkangast-midi-pikkuses-seelik\/#primaryimage","url":"https:\/\/www.karinibutiik.ee\/wp-content\/uploads\/2024\/10\/241009_Karini_Butiik_Erlend_Staub51-1-scaled-e1728545129963.jpg","contentUrl":"https:\/\/www.karinibutiik.ee\/wp-content\/uploads\/2024\/10\/241009_Karini_Butiik_Erlend_Staub51-1-scaled-e1728545129963.jpg","width":1476,"height":2274},{"@type":"BreadcrumbList","@id":"https:\/\/www.karinibutiik.ee\/toode\/satiinkangast-midi-pikkuses-seelik\/#breadcrumb","itemListElement":[{"@type":"ListItem","position":1,"name":"Home","item":"https:\/\/www.karinibutiik.ee\/"},{"@type":"ListItem","position":2,"name":"Pood","item":"https:\/\/www.karinibutiik.ee\/pood\/"},{"@type":"ListItem","position":3,"name":"SATIINKANGAST MIDI PIKKUSES SEELIK"}]},{"@type":"WebSite","@id":"https:\/\/www.karinibutiik.ee\/#website","url":"https:\/\/www.karinibutiik.ee\/","name":"Karini Butiik","description":"","publisher":{"@id":"https:\/\/www.karinibutiik.ee\/#organization"},"potentialAction":[{"@type":"SearchAction","target":{"@type":"EntryPoint","urlTemplate":"https:\/\/www.karinibutiik.ee\/?s={search_term_string}"},"query-input":{"@type":"PropertyValueSpecification","valueRequired":true,"valueName":"search_term_string"}}],"inLanguage":"lv-LV"},{"@type":"Organization","@id":"https:\/\/www.karinibutiik.ee\/#organization","name":"Karini Butiik","url":"https:\/\/www.karinibutiik.ee\/","logo":{"@type":"ImageObject","inLanguage":"lv-LV","@id":"https:\/\/www.karinibutiik.ee\/#\/schema\/logo\/image\/","url":"https:\/\/www.karinibutiik.ee\/wp-content\/uploads\/2024\/10\/Kuj.-K-koopia.png","contentUrl":"https:\/\/www.karinibutiik.ee\/wp-content\/uploads\/2024\/10\/Kuj.-K-koopia.png","width":500,"height":500,"caption":"Karini Butiik"},"image":{"@id":"https:\/\/www.karinibutiik.ee\/#\/schema\/logo\/image\/"},"sameAs":["https:\/\/www.facebook.com\/karinibutiik.ee","https:\/\/www.instagram.com\/karinibutiik"]}]},"og_availability":"out of stock","product_availability":"out of stock","product_retailer_item_id":"38201","product_condition":"new"},"_links":{"self":[{"href":"https:\/\/www.karinibutiik.ee\/lv\/wp-json\/wp\/v2\/product\/19264","targetHints":{"allow":["GET"]}}],"collection":[{"href":"https:\/\/www.karinibutiik.ee\/lv\/wp-json\/wp\/v2\/product"}],"about":[{"href":"https:\/\/www.karinibutiik.ee\/lv\/wp-json\/wp\/v2\/types\/product"}],"version-history":[{"count":1,"href":"https:\/\/www.karinibutiik.ee\/lv\/wp-json\/wp\/v2\/product\/19264\/revisions"}],"predecessor-version":[{"id":19268,"href":"https:\/\/www.karinibutiik.ee\/lv\/wp-json\/wp\/v2\/product\/19264\/revisions\/19268"}],"wp:featuredmedia":[{"embeddable":true,"href":"https:\/\/www.karinibutiik.ee\/lv\/wp-json\/wp\/v2\/media\/19490"}],"wp:attachment":[{"href":"https:\/\/www.karinibutiik.ee\/lv\/wp-json\/wp\/v2\/media?parent=19264"}],"wp:term":[{"taxonomy":"product_brand","embeddable":true,"href":"https:\/\/www.karinibutiik.ee\/lv\/wp-json\/wp\/v2\/product_brand?post=19264"},{"taxonomy":"product_cat","embeddable":true,"href":"https:\/\/www.karinibutiik.ee\/lv\/wp-json\/wp\/v2\/product_cat?post=19264"},{"taxonomy":"product_tag","embeddable":true,"href":"https:\/\/www.karinibutiik.ee\/lv\/wp-json\/wp\/v2\/product_tag?post=19264"}],"curies":[{"name":"wp","href":"https:\/\/api.w.org\/{rel}","templated":true}]}}