{"id":19298,"date":"2024-10-10T06:44:45","date_gmt":"2024-10-10T06:44:45","guid":{"rendered":"https:\/\/www.karinibutiik.ee\/?post_type=product&#038;p=19298"},"modified":"2025-11-13T12:13:07","modified_gmt":"2025-11-13T10:13:07","slug":"krasna-kleita-ar-perlitem-un-rievotu-apaksmalu","status":"publish","type":"product","link":"https:\/\/www.karinibutiik.ee\/lv\/produkts\/krasna-kleita-ar-perlitem-un-rievotu-apaksmalu\/","title":{"rendered":"KO\u0160A KLEITA AR P\u0112RL\u0112M UN MIRDZUMIEM"},"content":{"rendered":"<p>\u0160\u012b sv\u0113tku mini kleita ir lieliska izv\u0113le \u012bpa\u0161iem gad\u012bjumiem. \u012as\u0101s piedurknes un smalkais p\u0113r\u013cu un mirdzumu rot\u0101jums kleitai pie\u0161\u0137ir greznumu un mirdzumu. Ide\u0101li piem\u0113rota, lai justos stil\u012bgi un uzkr\u012bto\u0161i jebkur\u0101 pas\u0101kum\u0101.<\/p>","protected":false},"excerpt":{"rendered":"<p>See pidulik mini pikkuses kleit on t\u00e4iuslik valik erilisteks s\u00fcndmusteks. L\u00fchikesed varrukad ja kleidi peen p\u00e4rlite ning s\u00e4deluse kaunistus lisavad [&hellip;]<\/p>\n","protected":false},"featured_media":19441,"template":"","meta":{"site-sidebar-layout":"default","site-content-layout":"","ast-site-content-layout":"default","site-content-style":"default","site-sidebar-style":"default","ast-global-header-display":"","ast-banner-title-visibility":"","ast-main-header-display":"","ast-hfb-above-header-display":"","ast-hfb-below-header-display":"","ast-hfb-mobile-header-display":"","site-post-title":"","ast-breadcrumbs-content":"","ast-featured-img":"","footer-sml-layout":"","ast-disable-related-posts":"","theme-transparent-header-meta":"default","adv-header-id-meta":"","stick-header-meta":"default","header-above-stick-meta":"","header-main-stick-meta":"","header-below-stick-meta":"","astra-migrate-meta-layouts":"set","ast-page-background-enabled":"default","ast-page-background-meta":{"desktop":{"background-color":"var(--ast-global-color-4)","background-image":"","background-repeat":"repeat","background-position":"center center","background-size":"auto","background-attachment":"scroll","background-type":"","background-media":"","overlay-type":"","overlay-color":"","overlay-opacity":"","overlay-gradient":""},"tablet":{"background-color":"","background-image":"","background-repeat":"repeat","background-position":"center center","background-size":"auto","background-attachment":"scroll","background-type":"","background-media":"","overlay-type":"","overlay-color":"","overlay-opacity":"","overlay-gradient":""},"mobile":{"background-color":"","background-image":"","background-repeat":"repeat","background-position":"center center","background-size":"auto","background-attachment":"scroll","background-type":"","background-media":"","overlay-type":"","overlay-color":"","overlay-opacity":"","overlay-gradient":""}},"ast-content-background-meta":{"desktop":{"background-color":"var(--ast-global-color-5)","background-image":"","background-repeat":"repeat","background-position":"center center","background-size":"auto","background-attachment":"scroll","background-type":"","background-media":"","overlay-type":"","overlay-color":"","overlay-opacity":"","overlay-gradient":""},"tablet":{"background-color":"var(--ast-global-color-5)","background-image":"","background-repeat":"repeat","background-position":"center center","background-size":"auto","background-attachment":"scroll","background-type":"","background-media":"","overlay-type":"","overlay-color":"","overlay-opacity":"","overlay-gradient":""},"mobile":{"background-color":"var(--ast-global-color-5)","background-image":"","background-repeat":"repeat","background-position":"center center","background-size":"auto","background-attachment":"scroll","background-type":"","background-media":"","overlay-type":"","overlay-color":"","overlay-opacity":"","overlay-gradient":""}}},"product_brand":[],"product_cat":[347,377,364,346],"product_tag":[1048,784,475,643,501,270,1047,1045,660,995,1046],"class_list":{"0":"post-19298","1":"product","2":"type-product","3":"status-publish","4":"has-post-thumbnail","6":"product_cat-kleidid","7":"product_cat-litter-ja-glitterkleidid","8":"product_cat-minikleidid","9":"product_cat-naised","10":"product_tag-aastavahetuse-pidulikud-riided","11":"product_tag-butiik-tallinnas","12":"product_tag-dresshouse","13":"product_tag-joulukleidid","14":"product_tag-karini-butiik","15":"product_tag-kleidid","16":"product_tag-kleidid-jouluks","17":"product_tag-luhikeste-varrukatega-kleidid","18":"product_tag-minikleidid","19":"product_tag-stiilsed-kleidid","20":"product_tag-stiilsed-peokleidid","21":"desktop-align-center","22":"tablet-align-center","23":"mobile-align-center","24":"ast-product-gallery-layout-horizontal-slider","25":"ast-product-single-variable","26":"ast-product-tabs-layout-horizontal","28":"first","29":"outofstock","30":"taxable","31":"shipping-taxable","32":"product-type-variable"},"supplier_id":null,"supplier_sku":"","barcode":null,"atum_controlled":true,"out_stock_date":null,"out_stock_threshold":null,"inheritable":true,"inbound_stock":0,"stock_on_hold":0,"sold_today":0,"sales_last_days":0,"reserved_stock":0,"customer_returns":0,"warehouse_damage":0,"lost_in_post":0,"other_logs":0,"out_stock_days":0,"lost_sales":0,"has_location":false,"update_date":"2025-12-04T14:45:35","atum_locations":[],"atum_stock_status":"outofstock","restock_status":false,"low_stock_amount":"","sales_update_date":"2025-12-04T14:45:35","calc_backorders":null,"yoast_head":"<!-- This site is optimized with the Yoast SEO plugin v26.9 - https:\/\/yoast.com\/product\/yoast-seo-wordpress\/ -->\n<title>EFEKTNE P\u00c4RLITE JA S\u00c4DELUSEGA KLEIT - Karini Butiik<\/title>\n<meta name=\"description\" content=\"See pidulik mini pikkuses kleit on t\u00e4iuslik valik erilisteks s\u00fcndmusteks. L\u00fchikesed varrukad ja kleidi peen p\u00e4rlite ning s\u00e4deluse kaunistus lisavad v\u00e4limusele luksust ja s\u00e4ra. Ideaalne, et tunda end stiilselt ja pilkup\u00fc\u00fcdvalt igal \u00fcritusel.\" \/>\n<meta name=\"robots\" content=\"index, follow, max-snippet:-1, max-image-preview:large, max-video-preview:-1\" \/>\n<link rel=\"canonical\" href=\"https:\/\/www.karinibutiik.ee\/lv\/produkts\/krasna-kleita-ar-perlitem-un-rievotu-apaksmalu\/\" \/>\n<meta property=\"og:locale\" content=\"lv_LV\" \/>\n<meta property=\"og:type\" content=\"article\" \/>\n<meta property=\"og:title\" content=\"EFEKTNE P\u00c4RLITE JA S\u00c4DELUSEGA KLEIT - Karini Butiik\" \/>\n<meta property=\"og:description\" content=\"See pidulik mini pikkuses kleit on t\u00e4iuslik valik erilisteks s\u00fcndmusteks. L\u00fchikesed varrukad ja kleidi peen p\u00e4rlite ning s\u00e4deluse kaunistus lisavad v\u00e4limusele luksust ja s\u00e4ra. Ideaalne, et tunda end stiilselt ja pilkup\u00fc\u00fcdvalt igal \u00fcritusel.\" \/>\n<meta property=\"og:url\" content=\"https:\/\/www.karinibutiik.ee\/lv\/produkts\/krasna-kleita-ar-perlitem-un-rievotu-apaksmalu\/\" \/>\n<meta property=\"og:site_name\" content=\"Karini Butiik\" \/>\n<meta property=\"article:publisher\" content=\"https:\/\/www.facebook.com\/karinibutiik.ee\" \/>\n<meta property=\"article:modified_time\" content=\"2025-11-13T10:13:07+00:00\" \/>\n<meta property=\"og:image\" content=\"https:\/\/www.karinibutiik.ee\/wp-content\/uploads\/2024\/10\/241009_Karini_Butiik_Erlend_Staub79-scaled.jpg\" \/>\n\t<meta property=\"og:image:width\" content=\"2048\" \/>\n\t<meta property=\"og:image:height\" content=\"2560\" \/>\n\t<meta property=\"og:image:type\" content=\"image\/jpeg\" \/>\n<meta name=\"twitter:card\" content=\"summary_large_image\" \/>\n<meta name=\"twitter:label1\" content=\"Availability\" \/>\n\t<meta name=\"twitter:data1\" content=\"Out of stock\" \/>\n<script type=\"application\/ld+json\" class=\"yoast-schema-graph\">{\"@context\":\"https:\/\/schema.org\",\"@graph\":[{\"@type\":\"WebPage\",\"@id\":\"https:\/\/www.karinibutiik.ee\/toode\/efektne-parlite-ja-sadelusega-kleit\/\",\"url\":\"https:\/\/www.karinibutiik.ee\/toode\/efektne-parlite-ja-sadelusega-kleit\/\",\"name\":\"EFEKTNE P\u00c4RLITE JA S\u00c4DELUSEGA KLEIT - Karini Butiik\",\"isPartOf\":{\"@id\":\"https:\/\/www.karinibutiik.ee\/#website\"},\"primaryImageOfPage\":{\"@id\":\"https:\/\/www.karinibutiik.ee\/toode\/efektne-parlite-ja-sadelusega-kleit\/#primaryimage\"},\"image\":{\"@id\":\"https:\/\/www.karinibutiik.ee\/toode\/efektne-parlite-ja-sadelusega-kleit\/#primaryimage\"},\"thumbnailUrl\":\"https:\/\/www.karinibutiik.ee\/wp-content\/uploads\/2024\/10\/241009_Karini_Butiik_Erlend_Staub79-scaled.jpg\",\"datePublished\":\"2024-10-10T06:44:45+00:00\",\"dateModified\":\"2025-11-13T10:13:07+00:00\",\"description\":\"See pidulik mini pikkuses kleit on t\u00e4iuslik valik erilisteks s\u00fcndmusteks. L\u00fchikesed varrukad ja kleidi peen p\u00e4rlite ning s\u00e4deluse kaunistus lisavad v\u00e4limusele luksust ja s\u00e4ra. Ideaalne, et tunda end stiilselt ja pilkup\u00fc\u00fcdvalt igal \u00fcritusel.\",\"breadcrumb\":{\"@id\":\"https:\/\/www.karinibutiik.ee\/toode\/efektne-parlite-ja-sadelusega-kleit\/#breadcrumb\"},\"inLanguage\":\"lv-LV\",\"potentialAction\":[{\"@type\":\"ReadAction\",\"target\":[\"https:\/\/www.karinibutiik.ee\/toode\/efektne-parlite-ja-sadelusega-kleit\/\"]}]},{\"@type\":\"ImageObject\",\"inLanguage\":\"lv-LV\",\"@id\":\"https:\/\/www.karinibutiik.ee\/toode\/efektne-parlite-ja-sadelusega-kleit\/#primaryimage\",\"url\":\"https:\/\/www.karinibutiik.ee\/wp-content\/uploads\/2024\/10\/241009_Karini_Butiik_Erlend_Staub79-scaled.jpg\",\"contentUrl\":\"https:\/\/www.karinibutiik.ee\/wp-content\/uploads\/2024\/10\/241009_Karini_Butiik_Erlend_Staub79-scaled.jpg\",\"width\":2048,\"height\":2560},{\"@type\":\"BreadcrumbList\",\"@id\":\"https:\/\/www.karinibutiik.ee\/toode\/efektne-parlite-ja-sadelusega-kleit\/#breadcrumb\",\"itemListElement\":[{\"@type\":\"ListItem\",\"position\":1,\"name\":\"Home\",\"item\":\"https:\/\/www.karinibutiik.ee\/\"},{\"@type\":\"ListItem\",\"position\":2,\"name\":\"Pood\",\"item\":\"https:\/\/www.karinibutiik.ee\/pood\/\"},{\"@type\":\"ListItem\",\"position\":3,\"name\":\"EFEKTNE P\u00c4RLITE JA S\u00c4DELUSEGA KLEIT\"}]},{\"@type\":\"WebSite\",\"@id\":\"https:\/\/www.karinibutiik.ee\/#website\",\"url\":\"https:\/\/www.karinibutiik.ee\/\",\"name\":\"Karini Butiik\",\"description\":\"\",\"publisher\":{\"@id\":\"https:\/\/www.karinibutiik.ee\/#organization\"},\"potentialAction\":[{\"@type\":\"SearchAction\",\"target\":{\"@type\":\"EntryPoint\",\"urlTemplate\":\"https:\/\/www.karinibutiik.ee\/?s={search_term_string}\"},\"query-input\":{\"@type\":\"PropertyValueSpecification\",\"valueRequired\":true,\"valueName\":\"search_term_string\"}}],\"inLanguage\":\"lv-LV\"},{\"@type\":\"Organization\",\"@id\":\"https:\/\/www.karinibutiik.ee\/#organization\",\"name\":\"Karini Butiik\",\"url\":\"https:\/\/www.karinibutiik.ee\/\",\"logo\":{\"@type\":\"ImageObject\",\"inLanguage\":\"lv-LV\",\"@id\":\"https:\/\/www.karinibutiik.ee\/#\/schema\/logo\/image\/\",\"url\":\"https:\/\/www.karinibutiik.ee\/wp-content\/uploads\/2024\/10\/Kuj.-K-koopia.png\",\"contentUrl\":\"https:\/\/www.karinibutiik.ee\/wp-content\/uploads\/2024\/10\/Kuj.-K-koopia.png\",\"width\":500,\"height\":500,\"caption\":\"Karini Butiik\"},\"image\":{\"@id\":\"https:\/\/www.karinibutiik.ee\/#\/schema\/logo\/image\/\"},\"sameAs\":[\"https:\/\/www.facebook.com\/karinibutiik.ee\",\"https:\/\/www.instagram.com\/karinibutiik\"]}]}<\/script>\n<meta property=\"og:availability\" content=\"out of stock\" \/>\n<meta property=\"product:availability\" content=\"out of stock\" \/>\n<meta property=\"product:retailer_item_id\" content=\"23228\" \/>\n<meta property=\"product:condition\" content=\"new\" \/>\n<!-- \/ Yoast SEO plugin. -->","yoast_head_json":{"title":"POLLARU UN DZIED\u0100\u0160ANAS IETEKME - Karini Butiik","description":"\u0160\u012b sv\u0113tku mini kleita ir lieliska izv\u0113le \u012bpa\u0161iem gad\u012bjumiem. \u012as\u0101s piedurknes un smalkais p\u0113r\u013cu un mirdzumu rot\u0101jums kleitai pie\u0161\u0137ir greznumu un mirdzumu. Ide\u0101li piem\u0113rota, lai justos stil\u012bgi un uzkr\u012bto\u0161i jebkur\u0101 pas\u0101kum\u0101.","robots":{"index":"index","follow":"follow","max-snippet":"max-snippet:-1","max-image-preview":"max-image-preview:large","max-video-preview":"max-video-preview:-1"},"canonical":"https:\/\/www.karinibutiik.ee\/lv\/produkts\/krasna-kleita-ar-perlitem-un-rievotu-apaksmalu\/","og_locale":"lv_LV","og_type":"article","og_title":"EFEKTNE P\u00c4RLITE JA S\u00c4DELUSEGA KLEIT - Karini Butiik","og_description":"See pidulik mini pikkuses kleit on t\u00e4iuslik valik erilisteks s\u00fcndmusteks. L\u00fchikesed varrukad ja kleidi peen p\u00e4rlite ning s\u00e4deluse kaunistus lisavad v\u00e4limusele luksust ja s\u00e4ra. Ideaalne, et tunda end stiilselt ja pilkup\u00fc\u00fcdvalt igal \u00fcritusel.","og_url":"https:\/\/www.karinibutiik.ee\/lv\/produkts\/krasna-kleita-ar-perlitem-un-rievotu-apaksmalu\/","og_site_name":"Karini Butiik","article_publisher":"https:\/\/www.facebook.com\/karinibutiik.ee","article_modified_time":"2025-11-13T10:13:07+00:00","og_image":[{"width":2048,"height":2560,"url":"https:\/\/www.karinibutiik.ee\/wp-content\/uploads\/2024\/10\/241009_Karini_Butiik_Erlend_Staub79-scaled.jpg","type":"image\/jpeg"}],"twitter_card":"summary_large_image","twitter_misc":{"Availability":"Out of stock"},"schema":{"@context":"https:\/\/schema.org","@graph":[{"@type":"WebPage","@id":"https:\/\/www.karinibutiik.ee\/toode\/efektne-parlite-ja-sadelusega-kleit\/","url":"https:\/\/www.karinibutiik.ee\/toode\/efektne-parlite-ja-sadelusega-kleit\/","name":"POLLARU UN DZIED\u0100\u0160ANAS IETEKME - Karini Butiik","isPartOf":{"@id":"https:\/\/www.karinibutiik.ee\/#website"},"primaryImageOfPage":{"@id":"https:\/\/www.karinibutiik.ee\/toode\/efektne-parlite-ja-sadelusega-kleit\/#primaryimage"},"image":{"@id":"https:\/\/www.karinibutiik.ee\/toode\/efektne-parlite-ja-sadelusega-kleit\/#primaryimage"},"thumbnailUrl":"https:\/\/www.karinibutiik.ee\/wp-content\/uploads\/2024\/10\/241009_Karini_Butiik_Erlend_Staub79-scaled.jpg","datePublished":"2024-10-10T06:44:45+00:00","dateModified":"2025-11-13T10:13:07+00:00","description":"\u0160\u012b sv\u0113tku mini kleita ir lieliska izv\u0113le \u012bpa\u0161iem gad\u012bjumiem. \u012as\u0101s piedurknes un smalkais p\u0113r\u013cu un mirdzumu rot\u0101jums kleitai pie\u0161\u0137ir greznumu un mirdzumu. Ide\u0101li piem\u0113rota, lai justos stil\u012bgi un uzkr\u012bto\u0161i jebkur\u0101 pas\u0101kum\u0101.","breadcrumb":{"@id":"https:\/\/www.karinibutiik.ee\/toode\/efektne-parlite-ja-sadelusega-kleit\/#breadcrumb"},"inLanguage":"lv-LV","potentialAction":[{"@type":"ReadAction","target":["https:\/\/www.karinibutiik.ee\/toode\/efektne-parlite-ja-sadelusega-kleit\/"]}]},{"@type":"ImageObject","inLanguage":"lv-LV","@id":"https:\/\/www.karinibutiik.ee\/toode\/efektne-parlite-ja-sadelusega-kleit\/#primaryimage","url":"https:\/\/www.karinibutiik.ee\/wp-content\/uploads\/2024\/10\/241009_Karini_Butiik_Erlend_Staub79-scaled.jpg","contentUrl":"https:\/\/www.karinibutiik.ee\/wp-content\/uploads\/2024\/10\/241009_Karini_Butiik_Erlend_Staub79-scaled.jpg","width":2048,"height":2560},{"@type":"BreadcrumbList","@id":"https:\/\/www.karinibutiik.ee\/toode\/efektne-parlite-ja-sadelusega-kleit\/#breadcrumb","itemListElement":[{"@type":"ListItem","position":1,"name":"Home","item":"https:\/\/www.karinibutiik.ee\/"},{"@type":"ListItem","position":2,"name":"Pood","item":"https:\/\/www.karinibutiik.ee\/pood\/"},{"@type":"ListItem","position":3,"name":"EFEKTNE P\u00c4RLITE JA S\u00c4DELUSEGA KLEIT"}]},{"@type":"WebSite","@id":"https:\/\/www.karinibutiik.ee\/#website","url":"https:\/\/www.karinibutiik.ee\/","name":"Karini Butiik","description":"","publisher":{"@id":"https:\/\/www.karinibutiik.ee\/#organization"},"potentialAction":[{"@type":"SearchAction","target":{"@type":"EntryPoint","urlTemplate":"https:\/\/www.karinibutiik.ee\/?s={search_term_string}"},"query-input":{"@type":"PropertyValueSpecification","valueRequired":true,"valueName":"search_term_string"}}],"inLanguage":"lv-LV"},{"@type":"Organization","@id":"https:\/\/www.karinibutiik.ee\/#organization","name":"Karini Butiik","url":"https:\/\/www.karinibutiik.ee\/","logo":{"@type":"ImageObject","inLanguage":"lv-LV","@id":"https:\/\/www.karinibutiik.ee\/#\/schema\/logo\/image\/","url":"https:\/\/www.karinibutiik.ee\/wp-content\/uploads\/2024\/10\/Kuj.-K-koopia.png","contentUrl":"https:\/\/www.karinibutiik.ee\/wp-content\/uploads\/2024\/10\/Kuj.-K-koopia.png","width":500,"height":500,"caption":"Karini Butiik"},"image":{"@id":"https:\/\/www.karinibutiik.ee\/#\/schema\/logo\/image\/"},"sameAs":["https:\/\/www.facebook.com\/karinibutiik.ee","https:\/\/www.instagram.com\/karinibutiik"]}]},"og_availability":"out of stock","product_availability":"out of stock","product_retailer_item_id":"23228","product_condition":"new"},"_links":{"self":[{"href":"https:\/\/www.karinibutiik.ee\/lv\/wp-json\/wp\/v2\/product\/19298","targetHints":{"allow":["GET"]}}],"collection":[{"href":"https:\/\/www.karinibutiik.ee\/lv\/wp-json\/wp\/v2\/product"}],"about":[{"href":"https:\/\/www.karinibutiik.ee\/lv\/wp-json\/wp\/v2\/types\/product"}],"version-history":[{"count":1,"href":"https:\/\/www.karinibutiik.ee\/lv\/wp-json\/wp\/v2\/product\/19298\/revisions"}],"predecessor-version":[{"id":19302,"href":"https:\/\/www.karinibutiik.ee\/lv\/wp-json\/wp\/v2\/product\/19298\/revisions\/19302"}],"wp:featuredmedia":[{"embeddable":true,"href":"https:\/\/www.karinibutiik.ee\/lv\/wp-json\/wp\/v2\/media\/19441"}],"wp:attachment":[{"href":"https:\/\/www.karinibutiik.ee\/lv\/wp-json\/wp\/v2\/media?parent=19298"}],"wp:term":[{"taxonomy":"product_brand","embeddable":true,"href":"https:\/\/www.karinibutiik.ee\/lv\/wp-json\/wp\/v2\/product_brand?post=19298"},{"taxonomy":"product_cat","embeddable":true,"href":"https:\/\/www.karinibutiik.ee\/lv\/wp-json\/wp\/v2\/product_cat?post=19298"},{"taxonomy":"product_tag","embeddable":true,"href":"https:\/\/www.karinibutiik.ee\/lv\/wp-json\/wp\/v2\/product_tag?post=19298"}],"curies":[{"name":"wp","href":"https:\/\/api.w.org\/{rel}","templated":true}]}}