{"id":20080,"date":"2025-10-16T09:16:25","date_gmt":"2025-10-16T06:16:25","guid":{"rendered":"https:\/\/www.karinibutiik.ee\/?post_type=product&#038;p=20080"},"modified":"2026-01-16T13:05:59","modified_gmt":"2026-01-16T11:05:59","slug":"soojad-karvased-kapikud","status":"publish","type":"product","link":"https:\/\/www.karinibutiik.ee\/lv\/produkts\/soojad-karvased-kapikud\/","title":{"rendered":"Luksuslikud pehmed karvased kindad"},"content":{"rendered":"<p>Need \u00fclimalt pehmed ja soojad karvased kindad on ideaalne valik k\u00fclmadeks talvep\u00e4evadeks! Kindad on kaunilt kohevad, mugavad ja hoiavad k\u00e4ed m\u00f5nusalt soojas ka k\u00f5ige jahedamal ajal. Saadaval mitmes stiilses v\u00e4rvitoonis. Need kindad sobivad suurep\u00e4raselt nii igap\u00e4evaseks kandmiseks kui ka talvisteks v\u00e4ljas\u00f5itudeks, lisades sinu talvekomplektile luksuslikku viimistlust.<\/p>","protected":false},"excerpt":{"rendered":"<p>Need \u00fclimalt pehmed ja soojad karvased kindad on ideaalne valik k\u00fclmadeks talvep\u00e4evadeks! Kindad on kaunilt kohevad, mugavad ja hoiavad k\u00e4ed [&hellip;]<\/p>\n","protected":false},"featured_media":24654,"template":"","meta":{"site-sidebar-layout":"default","site-content-layout":"","ast-site-content-layout":"default","site-content-style":"default","site-sidebar-style":"default","ast-global-header-display":"","ast-banner-title-visibility":"","ast-main-header-display":"","ast-hfb-above-header-display":"","ast-hfb-below-header-display":"","ast-hfb-mobile-header-display":"","site-post-title":"","ast-breadcrumbs-content":"","ast-featured-img":"","footer-sml-layout":"","ast-disable-related-posts":"","theme-transparent-header-meta":"default","adv-header-id-meta":"","stick-header-meta":"default","header-above-stick-meta":"","header-main-stick-meta":"","header-below-stick-meta":"","astra-migrate-meta-layouts":"set","ast-page-background-enabled":"default","ast-page-background-meta":{"desktop":{"background-color":"var(--ast-global-color-4)","background-image":"","background-repeat":"repeat","background-position":"center center","background-size":"auto","background-attachment":"scroll","background-type":"","background-media":"","overlay-type":"","overlay-color":"","overlay-opacity":"","overlay-gradient":""},"tablet":{"background-color":"","background-image":"","background-repeat":"repeat","background-position":"center center","background-size":"auto","background-attachment":"scroll","background-type":"","background-media":"","overlay-type":"","overlay-color":"","overlay-opacity":"","overlay-gradient":""},"mobile":{"background-color":"","background-image":"","background-repeat":"repeat","background-position":"center center","background-size":"auto","background-attachment":"scroll","background-type":"","background-media":"","overlay-type":"","overlay-color":"","overlay-opacity":"","overlay-gradient":""}},"ast-content-background-meta":{"desktop":{"background-color":"var(--ast-global-color-5)","background-image":"","background-repeat":"repeat","background-position":"center center","background-size":"auto","background-attachment":"scroll","background-type":"","background-media":"","overlay-type":"","overlay-color":"","overlay-opacity":"","overlay-gradient":""},"tablet":{"background-color":"var(--ast-global-color-5)","background-image":"","background-repeat":"repeat","background-position":"center center","background-size":"auto","background-attachment":"scroll","background-type":"","background-media":"","overlay-type":"","overlay-color":"","overlay-opacity":"","overlay-gradient":""},"mobile":{"background-color":"var(--ast-global-color-5)","background-image":"","background-repeat":"repeat","background-position":"center center","background-size":"auto","background-attachment":"scroll","background-type":"","background-media":"","overlay-type":"","overlay-color":"","overlay-opacity":"","overlay-gradient":""}}},"product_brand":[],"product_cat":[452,371,351],"product_tag":[2038,1111,501,2040,952,2037,946,1112,1971,1970,2039,1113,1964,2042,1966,2043,1969,1110,864,2041,1965,1102],"class_list":{"0":"post-20080","1":"product","2":"type-product","3":"status-publish","4":"has-post-thumbnail","6":"product_cat-bestseller","7":"product_cat-aksessuaarid","8":"product_cat-uued-tooted","9":"product_tag-hallid-kindad","10":"product_tag-kapikud","11":"product_tag-karini-butiik","12":"product_tag-karvane-aksessuaar","13":"product_tag-karvased-kindad","14":"product_tag-karvased-labakindad","15":"product_tag-kindad","16":"product_tag-labakinnas","17":"product_tag-luksuslikud-kindad","18":"product_tag-moekad-kindad","19":"product_tag-mustad-kindad","20":"product_tag-naiste-aksessuaarid","21":"product_tag-naiste-kindad","22":"product_tag-naiste-talvekindad","23":"product_tag-pehmed-kindad","24":"product_tag-pehmed-talvekindad","25":"product_tag-roosad-kindad","26":"product_tag-soojad-kindad","27":"product_tag-stiilsed-naisteriided","28":"product_tag-talveaksessuaar","29":"product_tag-talvekindad","30":"product_tag-talveriided","31":"desktop-align-center","32":"tablet-align-center","33":"mobile-align-center","34":"ast-product-gallery-layout-horizontal-slider","35":"ast-product-single-variable","36":"ast-product-tabs-layout-horizontal","38":"first","39":"outofstock","40":"taxable","41":"shipping-taxable","42":"product-type-variable"},"supplier_id":null,"supplier_sku":"","barcode":null,"atum_controlled":true,"out_stock_date":null,"out_stock_threshold":null,"inheritable":true,"inbound_stock":0,"stock_on_hold":0,"sold_today":0,"sales_last_days":1,"reserved_stock":0,"customer_returns":0,"warehouse_damage":0,"lost_in_post":0,"other_logs":0,"out_stock_days":0,"lost_sales":0,"has_location":false,"update_date":"2025-12-03T13:21:46","atum_locations":[],"atum_stock_status":"instock","restock_status":false,"low_stock_amount":"","sales_update_date":"2025-12-03T13:21:46","calc_backorders":null,"yoast_head":"<!-- This site is optimized with the Yoast SEO plugin v26.9 - https:\/\/yoast.com\/product\/yoast-seo-wordpress\/ -->\n<title>Luksuslikud pehmed karvased kindad - Karini Butiik<\/title>\n<meta name=\"description\" content=\"Pilkup\u00fc\u00fcdvad ja soojad karvased k\u00e4pikud, mis hoiavad k\u00e4ed hubaselt soojas ka k\u00fclmadel talvep\u00e4evadel. Selle talve lemmikud, Karini Butiigist.\" \/>\n<meta name=\"robots\" content=\"index, follow, max-snippet:-1, max-image-preview:large, max-video-preview:-1\" \/>\n<link rel=\"canonical\" href=\"https:\/\/www.karinibutiik.ee\/lv\/produkts\/soojad-karvased-kapikud\/\" \/>\n<meta property=\"og:locale\" content=\"lv_LV\" \/>\n<meta property=\"og:type\" content=\"article\" \/>\n<meta property=\"og:title\" content=\"Luksuslikud pehmed karvased kindad - Karini Butiik\" \/>\n<meta property=\"og:description\" content=\"Pilkup\u00fc\u00fcdvad ja soojad karvased k\u00e4pikud, mis hoiavad k\u00e4ed hubaselt soojas ka k\u00fclmadel talvep\u00e4evadel. Selle talve lemmikud, Karini Butiigist.\" \/>\n<meta property=\"og:url\" content=\"https:\/\/www.karinibutiik.ee\/lv\/produkts\/soojad-karvased-kapikud\/\" \/>\n<meta property=\"og:site_name\" content=\"Karini Butiik\" \/>\n<meta property=\"article:publisher\" content=\"https:\/\/www.facebook.com\/karinibutiik.ee\" \/>\n<meta property=\"article:modified_time\" content=\"2026-01-16T11:05:59+00:00\" \/>\n<meta property=\"og:image\" content=\"https:\/\/www.karinibutiik.ee\/wp-content\/uploads\/2025\/10\/7D556D7F-64FF-4D7D-B39C-20AB4DA4E2AF.jpeg\" \/>\n\t<meta property=\"og:image:width\" content=\"1179\" \/>\n\t<meta property=\"og:image:height\" content=\"1571\" \/>\n\t<meta property=\"og:image:type\" content=\"image\/jpeg\" \/>\n<meta name=\"twitter:card\" content=\"summary_large_image\" \/>\n<meta name=\"twitter:label1\" content=\"Availability\" \/>\n\t<meta name=\"twitter:data1\" content=\"Out of stock\" \/>\n<script type=\"application\/ld+json\" class=\"yoast-schema-graph\">{\"@context\":\"https:\/\/schema.org\",\"@graph\":[{\"@type\":\"WebPage\",\"@id\":\"https:\/\/www.karinibutiik.ee\/toode\/soojad-karvased-kapikud\/\",\"url\":\"https:\/\/www.karinibutiik.ee\/toode\/soojad-karvased-kapikud\/\",\"name\":\"Luksuslikud pehmed karvased kindad - Karini Butiik\",\"isPartOf\":{\"@id\":\"https:\/\/www.karinibutiik.ee\/#website\"},\"primaryImageOfPage\":{\"@id\":\"https:\/\/www.karinibutiik.ee\/toode\/soojad-karvased-kapikud\/#primaryimage\"},\"image\":{\"@id\":\"https:\/\/www.karinibutiik.ee\/toode\/soojad-karvased-kapikud\/#primaryimage\"},\"thumbnailUrl\":\"https:\/\/www.karinibutiik.ee\/wp-content\/uploads\/2025\/10\/7D556D7F-64FF-4D7D-B39C-20AB4DA4E2AF.jpeg\",\"datePublished\":\"2025-10-16T06:16:25+00:00\",\"dateModified\":\"2026-01-16T11:05:59+00:00\",\"description\":\"Pilkup\u00fc\u00fcdvad ja soojad karvased k\u00e4pikud, mis hoiavad k\u00e4ed hubaselt soojas ka k\u00fclmadel talvep\u00e4evadel. Selle talve lemmikud, Karini Butiigist.\",\"breadcrumb\":{\"@id\":\"https:\/\/www.karinibutiik.ee\/toode\/soojad-karvased-kapikud\/#breadcrumb\"},\"inLanguage\":\"lv-LV\",\"potentialAction\":[{\"@type\":\"ReadAction\",\"target\":[\"https:\/\/www.karinibutiik.ee\/toode\/soojad-karvased-kapikud\/\"]}]},{\"@type\":\"ImageObject\",\"inLanguage\":\"lv-LV\",\"@id\":\"https:\/\/www.karinibutiik.ee\/toode\/soojad-karvased-kapikud\/#primaryimage\",\"url\":\"https:\/\/www.karinibutiik.ee\/wp-content\/uploads\/2025\/10\/7D556D7F-64FF-4D7D-B39C-20AB4DA4E2AF.jpeg\",\"contentUrl\":\"https:\/\/www.karinibutiik.ee\/wp-content\/uploads\/2025\/10\/7D556D7F-64FF-4D7D-B39C-20AB4DA4E2AF.jpeg\",\"width\":1179,\"height\":1571,\"caption\":\"Luksuslikud pehmed karvased kindad\"},{\"@type\":\"BreadcrumbList\",\"@id\":\"https:\/\/www.karinibutiik.ee\/toode\/soojad-karvased-kapikud\/#breadcrumb\",\"itemListElement\":[{\"@type\":\"ListItem\",\"position\":1,\"name\":\"Home\",\"item\":\"https:\/\/www.karinibutiik.ee\/\"},{\"@type\":\"ListItem\",\"position\":2,\"name\":\"Pood\",\"item\":\"https:\/\/www.karinibutiik.ee\/pood\/\"},{\"@type\":\"ListItem\",\"position\":3,\"name\":\"Luksuslikud pehmed karvased kindad\"}]},{\"@type\":\"WebSite\",\"@id\":\"https:\/\/www.karinibutiik.ee\/#website\",\"url\":\"https:\/\/www.karinibutiik.ee\/\",\"name\":\"Karini Butiik\",\"description\":\"\",\"publisher\":{\"@id\":\"https:\/\/www.karinibutiik.ee\/#organization\"},\"potentialAction\":[{\"@type\":\"SearchAction\",\"target\":{\"@type\":\"EntryPoint\",\"urlTemplate\":\"https:\/\/www.karinibutiik.ee\/?s={search_term_string}\"},\"query-input\":{\"@type\":\"PropertyValueSpecification\",\"valueRequired\":true,\"valueName\":\"search_term_string\"}}],\"inLanguage\":\"lv-LV\"},{\"@type\":\"Organization\",\"@id\":\"https:\/\/www.karinibutiik.ee\/#organization\",\"name\":\"Karini Butiik\",\"url\":\"https:\/\/www.karinibutiik.ee\/\",\"logo\":{\"@type\":\"ImageObject\",\"inLanguage\":\"lv-LV\",\"@id\":\"https:\/\/www.karinibutiik.ee\/#\/schema\/logo\/image\/\",\"url\":\"https:\/\/www.karinibutiik.ee\/wp-content\/uploads\/2024\/10\/Kuj.-K-koopia.png\",\"contentUrl\":\"https:\/\/www.karinibutiik.ee\/wp-content\/uploads\/2024\/10\/Kuj.-K-koopia.png\",\"width\":500,\"height\":500,\"caption\":\"Karini Butiik\"},\"image\":{\"@id\":\"https:\/\/www.karinibutiik.ee\/#\/schema\/logo\/image\/\"},\"sameAs\":[\"https:\/\/www.facebook.com\/karinibutiik.ee\",\"https:\/\/www.instagram.com\/karinibutiik\"]}]}<\/script>\n<meta property=\"og:availability\" content=\"out of stock\" \/>\n<meta property=\"product:availability\" content=\"out of stock\" \/>\n<meta property=\"product:retailer_item_id\" content=\"3640\" \/>\n<meta property=\"product:condition\" content=\"new\" \/>\n<!-- \/ Yoast SEO plugin. -->","yoast_head_json":{"title":"Luksuslikud pehmed karvased kindad - Karini Butiik","description":"Pilkup\u00fc\u00fcdvad ja soojad karvased k\u00e4pikud, mis hoiavad k\u00e4ed hubaselt soojas ka k\u00fclmadel talvep\u00e4evadel. Selle talve lemmikud, Karini Butiigist.","robots":{"index":"index","follow":"follow","max-snippet":"max-snippet:-1","max-image-preview":"max-image-preview:large","max-video-preview":"max-video-preview:-1"},"canonical":"https:\/\/www.karinibutiik.ee\/lv\/produkts\/soojad-karvased-kapikud\/","og_locale":"lv_LV","og_type":"article","og_title":"Luksuslikud pehmed karvased kindad - Karini Butiik","og_description":"Pilkup\u00fc\u00fcdvad ja soojad karvased k\u00e4pikud, mis hoiavad k\u00e4ed hubaselt soojas ka k\u00fclmadel talvep\u00e4evadel. Selle talve lemmikud, Karini Butiigist.","og_url":"https:\/\/www.karinibutiik.ee\/lv\/produkts\/soojad-karvased-kapikud\/","og_site_name":"Karini Butiik","article_publisher":"https:\/\/www.facebook.com\/karinibutiik.ee","article_modified_time":"2026-01-16T11:05:59+00:00","og_image":[{"width":1179,"height":1571,"url":"https:\/\/www.karinibutiik.ee\/wp-content\/uploads\/2025\/10\/7D556D7F-64FF-4D7D-B39C-20AB4DA4E2AF.jpeg","type":"image\/jpeg"}],"twitter_card":"summary_large_image","twitter_misc":{"Availability":"Out of stock"},"schema":{"@context":"https:\/\/schema.org","@graph":[{"@type":"WebPage","@id":"https:\/\/www.karinibutiik.ee\/toode\/soojad-karvased-kapikud\/","url":"https:\/\/www.karinibutiik.ee\/toode\/soojad-karvased-kapikud\/","name":"Luksuslikud pehmed karvased kindad - Karini Butiik","isPartOf":{"@id":"https:\/\/www.karinibutiik.ee\/#website"},"primaryImageOfPage":{"@id":"https:\/\/www.karinibutiik.ee\/toode\/soojad-karvased-kapikud\/#primaryimage"},"image":{"@id":"https:\/\/www.karinibutiik.ee\/toode\/soojad-karvased-kapikud\/#primaryimage"},"thumbnailUrl":"https:\/\/www.karinibutiik.ee\/wp-content\/uploads\/2025\/10\/7D556D7F-64FF-4D7D-B39C-20AB4DA4E2AF.jpeg","datePublished":"2025-10-16T06:16:25+00:00","dateModified":"2026-01-16T11:05:59+00:00","description":"Pilkup\u00fc\u00fcdvad ja soojad karvased k\u00e4pikud, mis hoiavad k\u00e4ed hubaselt soojas ka k\u00fclmadel talvep\u00e4evadel. Selle talve lemmikud, Karini Butiigist.","breadcrumb":{"@id":"https:\/\/www.karinibutiik.ee\/toode\/soojad-karvased-kapikud\/#breadcrumb"},"inLanguage":"lv-LV","potentialAction":[{"@type":"ReadAction","target":["https:\/\/www.karinibutiik.ee\/toode\/soojad-karvased-kapikud\/"]}]},{"@type":"ImageObject","inLanguage":"lv-LV","@id":"https:\/\/www.karinibutiik.ee\/toode\/soojad-karvased-kapikud\/#primaryimage","url":"https:\/\/www.karinibutiik.ee\/wp-content\/uploads\/2025\/10\/7D556D7F-64FF-4D7D-B39C-20AB4DA4E2AF.jpeg","contentUrl":"https:\/\/www.karinibutiik.ee\/wp-content\/uploads\/2025\/10\/7D556D7F-64FF-4D7D-B39C-20AB4DA4E2AF.jpeg","width":1179,"height":1571,"caption":"Luksuslikud pehmed karvased kindad"},{"@type":"BreadcrumbList","@id":"https:\/\/www.karinibutiik.ee\/toode\/soojad-karvased-kapikud\/#breadcrumb","itemListElement":[{"@type":"ListItem","position":1,"name":"Home","item":"https:\/\/www.karinibutiik.ee\/"},{"@type":"ListItem","position":2,"name":"Pood","item":"https:\/\/www.karinibutiik.ee\/pood\/"},{"@type":"ListItem","position":3,"name":"Luksuslikud pehmed karvased kindad"}]},{"@type":"WebSite","@id":"https:\/\/www.karinibutiik.ee\/#website","url":"https:\/\/www.karinibutiik.ee\/","name":"Karini Butiik","description":"","publisher":{"@id":"https:\/\/www.karinibutiik.ee\/#organization"},"potentialAction":[{"@type":"SearchAction","target":{"@type":"EntryPoint","urlTemplate":"https:\/\/www.karinibutiik.ee\/?s={search_term_string}"},"query-input":{"@type":"PropertyValueSpecification","valueRequired":true,"valueName":"search_term_string"}}],"inLanguage":"lv-LV"},{"@type":"Organization","@id":"https:\/\/www.karinibutiik.ee\/#organization","name":"Karini Butiik","url":"https:\/\/www.karinibutiik.ee\/","logo":{"@type":"ImageObject","inLanguage":"lv-LV","@id":"https:\/\/www.karinibutiik.ee\/#\/schema\/logo\/image\/","url":"https:\/\/www.karinibutiik.ee\/wp-content\/uploads\/2024\/10\/Kuj.-K-koopia.png","contentUrl":"https:\/\/www.karinibutiik.ee\/wp-content\/uploads\/2024\/10\/Kuj.-K-koopia.png","width":500,"height":500,"caption":"Karini Butiik"},"image":{"@id":"https:\/\/www.karinibutiik.ee\/#\/schema\/logo\/image\/"},"sameAs":["https:\/\/www.facebook.com\/karinibutiik.ee","https:\/\/www.instagram.com\/karinibutiik"]}]},"og_availability":"out of stock","product_availability":"out of stock","product_retailer_item_id":"3640","product_condition":"new"},"_links":{"self":[{"href":"https:\/\/www.karinibutiik.ee\/lv\/wp-json\/wp\/v2\/product\/20080","targetHints":{"allow":["GET"]}}],"collection":[{"href":"https:\/\/www.karinibutiik.ee\/lv\/wp-json\/wp\/v2\/product"}],"about":[{"href":"https:\/\/www.karinibutiik.ee\/lv\/wp-json\/wp\/v2\/types\/product"}],"version-history":[{"count":3,"href":"https:\/\/www.karinibutiik.ee\/lv\/wp-json\/wp\/v2\/product\/20080\/revisions"}],"predecessor-version":[{"id":24661,"href":"https:\/\/www.karinibutiik.ee\/lv\/wp-json\/wp\/v2\/product\/20080\/revisions\/24661"}],"wp:featuredmedia":[{"embeddable":true,"href":"https:\/\/www.karinibutiik.ee\/lv\/wp-json\/wp\/v2\/media\/24654"}],"wp:attachment":[{"href":"https:\/\/www.karinibutiik.ee\/lv\/wp-json\/wp\/v2\/media?parent=20080"}],"wp:term":[{"taxonomy":"product_brand","embeddable":true,"href":"https:\/\/www.karinibutiik.ee\/lv\/wp-json\/wp\/v2\/product_brand?post=20080"},{"taxonomy":"product_cat","embeddable":true,"href":"https:\/\/www.karinibutiik.ee\/lv\/wp-json\/wp\/v2\/product_cat?post=20080"},{"taxonomy":"product_tag","embeddable":true,"href":"https:\/\/www.karinibutiik.ee\/lv\/wp-json\/wp\/v2\/product_tag?post=20080"}],"curies":[{"name":"wp","href":"https:\/\/api.w.org\/{rel}","templated":true}]}}