{"id":20642,"date":"2025-12-12T11:21:38","date_gmt":"2025-12-12T09:21:38","guid":{"rendered":"https:\/\/www.karinibutiik.ee\/?post_type=product&#038;p=20642"},"modified":"2026-02-09T19:10:25","modified_gmt":"2026-02-09T17:10:25","slug":"mini-kleita-kas-piegul-kermenim-ar-ravejsledzeju","status":"publish","type":"product","link":"https:\/\/www.karinibutiik.ee\/lv\/produkts\/mini-kleita-kas-piegul-kermenim-ar-ravejsledzeju\/","title":{"rendered":"MIRDZO\u0160A, \u0136ERMENI AP\u0145EMO\u0160A MINI KLEITA"},"content":{"rendered":"<p>\u0160\u012b piegu\u013co\u0161\u0101 mini kleita ir veidota t\u0101, lai izceltu j\u016bsu lab\u0101k\u0101s iez\u012bmes. Ar p\u0113rl\u012bt\u0113m rot\u0101tais audums pie\u0161\u0137ir svin\u012bgu un greznu sp\u012bdumu, padarot to par lielisku izv\u0113li ball\u012btei, vakari\u0146\u0101m vai \u012bpa\u0161am notikumam. Modelis ar gar\u0101m piedurkn\u0113m pie\u0161\u0137ir eleganci un komfortu, bet drosm\u012bgais \u0161\u0137\u0113lums - rota\u013c\u012bgumu un jutekliskumu.<\/p>\n<p>Kleita ir viegla un \u0113rta valk\u0101\u0161anai da\u017e\u0101dos stilos - valk\u0101jiet to ar pap\u0113\u017eiem un mirdzo\u0161iem aksesu\u0101riem, lai ieg\u016btu patiesi uzman\u012bbu piesaisto\u0161u izskatu. K\u013c\u016bstiet par ball\u012btes karalieni un j\u016btieties p\u0101rliecino\u0161i jebkur\u0101 situ\u0101cij\u0101!<\/p>","protected":false},"excerpt":{"rendered":"<p>See kehasse hoidev minikleit on loodud selleks, et tuua esile sinu parimad jooned. S\u00e4delusega kangas lisab pidulikkust ja luksuslikku l\u00e4iget, [&hellip;]<\/p>\n","protected":false},"featured_media":25319,"template":"","meta":{"site-sidebar-layout":"default","site-content-layout":"","ast-site-content-layout":"default","site-content-style":"default","site-sidebar-style":"default","ast-global-header-display":"","ast-banner-title-visibility":"","ast-main-header-display":"","ast-hfb-above-header-display":"","ast-hfb-below-header-display":"","ast-hfb-mobile-header-display":"","site-post-title":"","ast-breadcrumbs-content":"","ast-featured-img":"","footer-sml-layout":"","ast-disable-related-posts":"","theme-transparent-header-meta":"default","adv-header-id-meta":"","stick-header-meta":"default","header-above-stick-meta":"","header-main-stick-meta":"","header-below-stick-meta":"","astra-migrate-meta-layouts":"set","ast-page-background-enabled":"default","ast-page-background-meta":{"desktop":{"background-color":"var(--ast-global-color-4)","background-image":"","background-repeat":"repeat","background-position":"center center","background-size":"auto","background-attachment":"scroll","background-type":"","background-media":"","overlay-type":"","overlay-color":"","overlay-opacity":"","overlay-gradient":""},"tablet":{"background-color":"","background-image":"","background-repeat":"repeat","background-position":"center center","background-size":"auto","background-attachment":"scroll","background-type":"","background-media":"","overlay-type":"","overlay-color":"","overlay-opacity":"","overlay-gradient":""},"mobile":{"background-color":"","background-image":"","background-repeat":"repeat","background-position":"center center","background-size":"auto","background-attachment":"scroll","background-type":"","background-media":"","overlay-type":"","overlay-color":"","overlay-opacity":"","overlay-gradient":""}},"ast-content-background-meta":{"desktop":{"background-color":"var(--ast-global-color-5)","background-image":"","background-repeat":"repeat","background-position":"center center","background-size":"auto","background-attachment":"scroll","background-type":"","background-media":"","overlay-type":"","overlay-color":"","overlay-opacity":"","overlay-gradient":""},"tablet":{"background-color":"var(--ast-global-color-5)","background-image":"","background-repeat":"repeat","background-position":"center center","background-size":"auto","background-attachment":"scroll","background-type":"","background-media":"","overlay-type":"","overlay-color":"","overlay-opacity":"","overlay-gradient":""},"mobile":{"background-color":"var(--ast-global-color-5)","background-image":"","background-repeat":"repeat","background-position":"center center","background-size":"auto","background-attachment":"scroll","background-type":"","background-media":"","overlay-type":"","overlay-color":"","overlay-opacity":"","overlay-gradient":""}}},"product_brand":[],"product_cat":[452,377,364,346],"product_tag":[879,475,596,643,501,270,940,896,1050,92,1139,906],"class_list":{"0":"post-20642","1":"product","2":"type-product","3":"status-publish","4":"has-post-thumbnail","6":"product_cat-bestseller","7":"product_cat-litter-ja-glitterkleidid","8":"product_cat-minikleidid","9":"product_cat-naised","10":"product_tag-aastavahetuse-kleidid","11":"product_tag-dresshouse","12":"product_tag-get-dressed","13":"product_tag-joulukleidid","14":"product_tag-karini-butiik","15":"product_tag-kleidid","16":"product_tag-kleididbutiik","17":"product_tag-naisteriiete-epood","18":"product_tag-peokleidid","19":"product_tag-pidulikud-kleidid","20":"product_tag-sadelevad-naisteriided","21":"product_tag-sadelusega-kleidid","22":"desktop-align-center","23":"tablet-align-center","24":"mobile-align-center","25":"ast-product-gallery-layout-horizontal-slider","26":"ast-product-single-variable","27":"ast-product-tabs-layout-horizontal","29":"first","30":"instock","31":"taxable","32":"shipping-taxable","33":"purchasable","34":"product-type-variable"},"supplier_id":null,"supplier_sku":"","barcode":null,"atum_controlled":true,"out_stock_date":null,"out_stock_threshold":null,"inheritable":true,"inbound_stock":0,"stock_on_hold":0,"sold_today":0,"sales_last_days":1,"reserved_stock":0,"customer_returns":0,"warehouse_damage":0,"lost_in_post":0,"other_logs":0,"out_stock_days":0,"lost_sales":0,"has_location":false,"update_date":"2025-12-12T12:46:07","atum_locations":[],"atum_stock_status":"instock","restock_status":false,"low_stock_amount":"","sales_update_date":"2025-12-02T01:40:23","calc_backorders":null,"yoast_head":"<!-- This site is optimized with the Yoast SEO plugin v26.9 - https:\/\/yoast.com\/product\/yoast-seo-wordpress\/ -->\n<title>S\u00c4DELUSEGA KEHASSE HOIDEV MINIKLEIT - Karini Butiik<\/title>\n<meta name=\"description\" content=\"S\u00e4delev kehasse hoidev minikleit pikkade varrukate ja julge l\u00f5hikuga. T\u00e4iuslik valik, et s\u00e4rada igal peol v\u00f5i erilisel s\u00fcndmusel!\" \/>\n<meta name=\"robots\" content=\"index, follow, max-snippet:-1, max-image-preview:large, max-video-preview:-1\" \/>\n<link rel=\"canonical\" href=\"https:\/\/www.karinibutiik.ee\/lv\/produkts\/mini-kleita-kas-piegul-kermenim-ar-ravejsledzeju\/\" \/>\n<meta property=\"og:locale\" content=\"lv_LV\" \/>\n<meta property=\"og:type\" content=\"article\" \/>\n<meta property=\"og:title\" content=\"S\u00c4DELUSEGA KEHASSE HOIDEV MINIKLEIT - Karini Butiik\" \/>\n<meta property=\"og:description\" content=\"S\u00e4delev kehasse hoidev minikleit pikkade varrukate ja julge l\u00f5hikuga. T\u00e4iuslik valik, et s\u00e4rada igal peol v\u00f5i erilisel s\u00fcndmusel!\" \/>\n<meta property=\"og:url\" content=\"https:\/\/www.karinibutiik.ee\/lv\/produkts\/mini-kleita-kas-piegul-kermenim-ar-ravejsledzeju\/\" \/>\n<meta property=\"og:site_name\" content=\"Karini Butiik\" \/>\n<meta property=\"article:publisher\" content=\"https:\/\/www.facebook.com\/karinibutiik.ee\" \/>\n<meta property=\"article:modified_time\" content=\"2026-02-09T17:10:25+00:00\" \/>\n<meta property=\"og:image\" content=\"https:\/\/www.karinibutiik.ee\/wp-content\/uploads\/2025\/11\/IMG_3955.jpeg\" \/>\n\t<meta property=\"og:image:width\" content=\"1366\" \/>\n\t<meta property=\"og:image:height\" content=\"2048\" \/>\n\t<meta property=\"og:image:type\" content=\"image\/jpeg\" \/>\n<meta name=\"twitter:card\" content=\"summary_large_image\" \/>\n<meta name=\"twitter:label1\" content=\"Availability\" \/>\n\t<meta name=\"twitter:data1\" content=\"In stock\" \/>\n<script type=\"application\/ld+json\" class=\"yoast-schema-graph\">{\"@context\":\"https:\/\/schema.org\",\"@graph\":[{\"@type\":\"WebPage\",\"@id\":\"https:\/\/www.karinibutiik.ee\/toode\/sadelusega-kehasse-hoidev-minikleit\/\",\"url\":\"https:\/\/www.karinibutiik.ee\/toode\/sadelusega-kehasse-hoidev-minikleit\/\",\"name\":\"S\u00c4DELUSEGA KEHASSE HOIDEV MINIKLEIT - Karini Butiik\",\"isPartOf\":{\"@id\":\"https:\/\/www.karinibutiik.ee\/#website\"},\"primaryImageOfPage\":{\"@id\":\"https:\/\/www.karinibutiik.ee\/toode\/sadelusega-kehasse-hoidev-minikleit\/#primaryimage\"},\"image\":{\"@id\":\"https:\/\/www.karinibutiik.ee\/toode\/sadelusega-kehasse-hoidev-minikleit\/#primaryimage\"},\"thumbnailUrl\":\"https:\/\/www.karinibutiik.ee\/wp-content\/uploads\/2025\/11\/IMG_3955.jpeg\",\"datePublished\":\"2025-12-12T09:21:38+00:00\",\"dateModified\":\"2026-02-09T17:10:25+00:00\",\"description\":\"S\u00e4delev kehasse hoidev minikleit pikkade varrukate ja julge l\u00f5hikuga. T\u00e4iuslik valik, et s\u00e4rada igal peol v\u00f5i erilisel s\u00fcndmusel!\",\"breadcrumb\":{\"@id\":\"https:\/\/www.karinibutiik.ee\/toode\/sadelusega-kehasse-hoidev-minikleit\/#breadcrumb\"},\"inLanguage\":\"lv-LV\",\"potentialAction\":[{\"@type\":\"ReadAction\",\"target\":[\"https:\/\/www.karinibutiik.ee\/toode\/sadelusega-kehasse-hoidev-minikleit\/\"]}]},{\"@type\":\"ImageObject\",\"inLanguage\":\"lv-LV\",\"@id\":\"https:\/\/www.karinibutiik.ee\/toode\/sadelusega-kehasse-hoidev-minikleit\/#primaryimage\",\"url\":\"https:\/\/www.karinibutiik.ee\/wp-content\/uploads\/2025\/11\/IMG_3955.jpeg\",\"contentUrl\":\"https:\/\/www.karinibutiik.ee\/wp-content\/uploads\/2025\/11\/IMG_3955.jpeg\",\"width\":1366,\"height\":2048,\"caption\":\"S\u00e4delusega kehasse hoidev must kleit\"},{\"@type\":\"BreadcrumbList\",\"@id\":\"https:\/\/www.karinibutiik.ee\/toode\/sadelusega-kehasse-hoidev-minikleit\/#breadcrumb\",\"itemListElement\":[{\"@type\":\"ListItem\",\"position\":1,\"name\":\"Home\",\"item\":\"https:\/\/www.karinibutiik.ee\/\"},{\"@type\":\"ListItem\",\"position\":2,\"name\":\"Pood\",\"item\":\"https:\/\/www.karinibutiik.ee\/pood\/\"},{\"@type\":\"ListItem\",\"position\":3,\"name\":\"S\u00c4DELUSEGA KEHASSE HOIDEV MINIKLEIT\"}]},{\"@type\":\"WebSite\",\"@id\":\"https:\/\/www.karinibutiik.ee\/#website\",\"url\":\"https:\/\/www.karinibutiik.ee\/\",\"name\":\"Karini Butiik\",\"description\":\"\",\"publisher\":{\"@id\":\"https:\/\/www.karinibutiik.ee\/#organization\"},\"potentialAction\":[{\"@type\":\"SearchAction\",\"target\":{\"@type\":\"EntryPoint\",\"urlTemplate\":\"https:\/\/www.karinibutiik.ee\/?s={search_term_string}\"},\"query-input\":{\"@type\":\"PropertyValueSpecification\",\"valueRequired\":true,\"valueName\":\"search_term_string\"}}],\"inLanguage\":\"lv-LV\"},{\"@type\":\"Organization\",\"@id\":\"https:\/\/www.karinibutiik.ee\/#organization\",\"name\":\"Karini Butiik\",\"url\":\"https:\/\/www.karinibutiik.ee\/\",\"logo\":{\"@type\":\"ImageObject\",\"inLanguage\":\"lv-LV\",\"@id\":\"https:\/\/www.karinibutiik.ee\/#\/schema\/logo\/image\/\",\"url\":\"https:\/\/www.karinibutiik.ee\/wp-content\/uploads\/2024\/10\/Kuj.-K-koopia.png\",\"contentUrl\":\"https:\/\/www.karinibutiik.ee\/wp-content\/uploads\/2024\/10\/Kuj.-K-koopia.png\",\"width\":500,\"height\":500,\"caption\":\"Karini Butiik\"},\"image\":{\"@id\":\"https:\/\/www.karinibutiik.ee\/#\/schema\/logo\/image\/\"},\"sameAs\":[\"https:\/\/www.facebook.com\/karinibutiik.ee\",\"https:\/\/www.instagram.com\/karinibutiik\"]}]}<\/script>\n<meta property=\"og:availability\" content=\"instock\" \/>\n<meta property=\"product:availability\" content=\"instock\" \/>\n<meta property=\"product:retailer_item_id\" content=\"3735\" \/>\n<meta property=\"product:condition\" content=\"new\" \/>\n<!-- \/ Yoast SEO plugin. -->","yoast_head_json":{"title":"MINIKLEIT ar pogu - Karini Butiik","description":"Pl\u016bsto\u0161a, \u0137ermeni ap\u0146emo\u0161a mini kleita ar gar\u0101m piedurkn\u0113m un drosm\u012bgu \u0161\u0137\u0113lumu. Ide\u0101la izv\u0113le, lai mirdz\u0113tu jebkur\u0101 ball\u012bt\u0113 vai \u012bpa\u0161\u0101 pas\u0101kum\u0101!","robots":{"index":"index","follow":"follow","max-snippet":"max-snippet:-1","max-image-preview":"max-image-preview:large","max-video-preview":"max-video-preview:-1"},"canonical":"https:\/\/www.karinibutiik.ee\/lv\/produkts\/mini-kleita-kas-piegul-kermenim-ar-ravejsledzeju\/","og_locale":"lv_LV","og_type":"article","og_title":"S\u00c4DELUSEGA KEHASSE HOIDEV MINIKLEIT - Karini Butiik","og_description":"S\u00e4delev kehasse hoidev minikleit pikkade varrukate ja julge l\u00f5hikuga. T\u00e4iuslik valik, et s\u00e4rada igal peol v\u00f5i erilisel s\u00fcndmusel!","og_url":"https:\/\/www.karinibutiik.ee\/lv\/produkts\/mini-kleita-kas-piegul-kermenim-ar-ravejsledzeju\/","og_site_name":"Karini Butiik","article_publisher":"https:\/\/www.facebook.com\/karinibutiik.ee","article_modified_time":"2026-02-09T17:10:25+00:00","og_image":[{"width":1366,"height":2048,"url":"https:\/\/www.karinibutiik.ee\/wp-content\/uploads\/2025\/11\/IMG_3955.jpeg","type":"image\/jpeg"}],"twitter_card":"summary_large_image","twitter_misc":{"Availability":"In stock"},"schema":{"@context":"https:\/\/schema.org","@graph":[{"@type":"WebPage","@id":"https:\/\/www.karinibutiik.ee\/toode\/sadelusega-kehasse-hoidev-minikleit\/","url":"https:\/\/www.karinibutiik.ee\/toode\/sadelusega-kehasse-hoidev-minikleit\/","name":"MINIKLEIT ar pogu - Karini Butiik","isPartOf":{"@id":"https:\/\/www.karinibutiik.ee\/#website"},"primaryImageOfPage":{"@id":"https:\/\/www.karinibutiik.ee\/toode\/sadelusega-kehasse-hoidev-minikleit\/#primaryimage"},"image":{"@id":"https:\/\/www.karinibutiik.ee\/toode\/sadelusega-kehasse-hoidev-minikleit\/#primaryimage"},"thumbnailUrl":"https:\/\/www.karinibutiik.ee\/wp-content\/uploads\/2025\/11\/IMG_3955.jpeg","datePublished":"2025-12-12T09:21:38+00:00","dateModified":"2026-02-09T17:10:25+00:00","description":"Pl\u016bsto\u0161a, \u0137ermeni ap\u0146emo\u0161a mini kleita ar gar\u0101m piedurkn\u0113m un drosm\u012bgu \u0161\u0137\u0113lumu. Ide\u0101la izv\u0113le, lai mirdz\u0113tu jebkur\u0101 ball\u012bt\u0113 vai \u012bpa\u0161\u0101 pas\u0101kum\u0101!","breadcrumb":{"@id":"https:\/\/www.karinibutiik.ee\/toode\/sadelusega-kehasse-hoidev-minikleit\/#breadcrumb"},"inLanguage":"lv-LV","potentialAction":[{"@type":"ReadAction","target":["https:\/\/www.karinibutiik.ee\/toode\/sadelusega-kehasse-hoidev-minikleit\/"]}]},{"@type":"ImageObject","inLanguage":"lv-LV","@id":"https:\/\/www.karinibutiik.ee\/toode\/sadelusega-kehasse-hoidev-minikleit\/#primaryimage","url":"https:\/\/www.karinibutiik.ee\/wp-content\/uploads\/2025\/11\/IMG_3955.jpeg","contentUrl":"https:\/\/www.karinibutiik.ee\/wp-content\/uploads\/2025\/11\/IMG_3955.jpeg","width":1366,"height":2048,"caption":"S\u00e4delusega kehasse hoidev must kleit"},{"@type":"BreadcrumbList","@id":"https:\/\/www.karinibutiik.ee\/toode\/sadelusega-kehasse-hoidev-minikleit\/#breadcrumb","itemListElement":[{"@type":"ListItem","position":1,"name":"Home","item":"https:\/\/www.karinibutiik.ee\/"},{"@type":"ListItem","position":2,"name":"Pood","item":"https:\/\/www.karinibutiik.ee\/pood\/"},{"@type":"ListItem","position":3,"name":"S\u00c4DELUSEGA KEHASSE HOIDEV MINIKLEIT"}]},{"@type":"WebSite","@id":"https:\/\/www.karinibutiik.ee\/#website","url":"https:\/\/www.karinibutiik.ee\/","name":"Karini Butiik","description":"","publisher":{"@id":"https:\/\/www.karinibutiik.ee\/#organization"},"potentialAction":[{"@type":"SearchAction","target":{"@type":"EntryPoint","urlTemplate":"https:\/\/www.karinibutiik.ee\/?s={search_term_string}"},"query-input":{"@type":"PropertyValueSpecification","valueRequired":true,"valueName":"search_term_string"}}],"inLanguage":"lv-LV"},{"@type":"Organization","@id":"https:\/\/www.karinibutiik.ee\/#organization","name":"Karini Butiik","url":"https:\/\/www.karinibutiik.ee\/","logo":{"@type":"ImageObject","inLanguage":"lv-LV","@id":"https:\/\/www.karinibutiik.ee\/#\/schema\/logo\/image\/","url":"https:\/\/www.karinibutiik.ee\/wp-content\/uploads\/2024\/10\/Kuj.-K-koopia.png","contentUrl":"https:\/\/www.karinibutiik.ee\/wp-content\/uploads\/2024\/10\/Kuj.-K-koopia.png","width":500,"height":500,"caption":"Karini Butiik"},"image":{"@id":"https:\/\/www.karinibutiik.ee\/#\/schema\/logo\/image\/"},"sameAs":["https:\/\/www.facebook.com\/karinibutiik.ee","https:\/\/www.instagram.com\/karinibutiik"]}]},"og_availability":"instock","product_availability":"instock","product_retailer_item_id":"3735","product_condition":"new"},"_links":{"self":[{"href":"https:\/\/www.karinibutiik.ee\/lv\/wp-json\/wp\/v2\/product\/20642","targetHints":{"allow":["GET"]}}],"collection":[{"href":"https:\/\/www.karinibutiik.ee\/lv\/wp-json\/wp\/v2\/product"}],"about":[{"href":"https:\/\/www.karinibutiik.ee\/lv\/wp-json\/wp\/v2\/types\/product"}],"version-history":[{"count":1,"href":"https:\/\/www.karinibutiik.ee\/lv\/wp-json\/wp\/v2\/product\/20642\/revisions"}],"predecessor-version":[{"id":20667,"href":"https:\/\/www.karinibutiik.ee\/lv\/wp-json\/wp\/v2\/product\/20642\/revisions\/20667"}],"wp:featuredmedia":[{"embeddable":true,"href":"https:\/\/www.karinibutiik.ee\/lv\/wp-json\/wp\/v2\/media\/25319"}],"wp:attachment":[{"href":"https:\/\/www.karinibutiik.ee\/lv\/wp-json\/wp\/v2\/media?parent=20642"}],"wp:term":[{"taxonomy":"product_brand","embeddable":true,"href":"https:\/\/www.karinibutiik.ee\/lv\/wp-json\/wp\/v2\/product_brand?post=20642"},{"taxonomy":"product_cat","embeddable":true,"href":"https:\/\/www.karinibutiik.ee\/lv\/wp-json\/wp\/v2\/product_cat?post=20642"},{"taxonomy":"product_tag","embeddable":true,"href":"https:\/\/www.karinibutiik.ee\/lv\/wp-json\/wp\/v2\/product_tag?post=20642"}],"curies":[{"name":"wp","href":"https:\/\/api.w.org\/{rel}","templated":true}]}}