{"id":22249,"date":"2025-12-21T09:13:18","date_gmt":"2025-12-21T07:13:18","guid":{"rendered":"https:\/\/www.karinibutiik.ee\/?post_type=product&#038;p=22249"},"modified":"2026-03-28T12:33:42","modified_gmt":"2026-03-28T10:33:42","slug":"atverta-mugura-grezna-livu-kleita-ar-drapetu-prieksejo-dalu","status":"publish","type":"product","link":"https:\/\/www.karinibutiik.ee\/lv\/produkts\/atverta-mugura-grezna-livu-kleita-ar-drapetu-prieksejo-dalu\/","title":{"rendered":"Atv\u0113rta muguras grezna aknu kleita ar drap\u0113tu priek\u0161\u0113jo paneli"},"content":{"rendered":"<p data-start=\"113\" data-end=\"181\"><strong data-start=\"117\" data-end=\"181\">Elegantne maksikleit siidise l\u00e4ikega ja seljalt soetavate paeltega<\/strong><\/p>\n<p class=\"\" data-start=\"183\" data-end=\"523\">See luksuslik maksikleit on ideaalne valik erilisteks s\u00fcndmusteks \u2013 olgu selleks pulmad, gala v\u00f5i pidulik \u00f5htus\u00f6\u00f6k. Kleidi siidise l\u00e4ikega \u00fclaosa loob kauni drapeeringu, mis toob esile figuuri naiselikkuse, samas kui \u00f5huline t\u00fcllseelik lisab liikumisse kergust ja graatsiat. Julge s\u00e4\u00e4rteosa l\u00f5hik lisab kleidile sensuaalsust ja peomeeleolu.<\/p>\n<p class=\"\" data-start=\"525\" data-end=\"744\">Kleidi tagant reguleeritav paelkinnitus loob pilkup\u00fc\u00fcdva detaili, mis toob esile avatud seljaosa \u2013 stiilne ja \u0161ikk lahendus, mis sobib igale figuurile. Reguleeritavad \u00f5lapaelad tagavad mugava ja ideaalselt istuva l\u00f5ike.<\/p>\n<p class=\"\" data-start=\"746\" data-end=\"759\"><strong data-start=\"746\" data-end=\"759\">Detailid:<\/strong><\/p>\n<ul data-start=\"760\" data-end=\"911\">\n<li class=\"\" data-start=\"760\" data-end=\"788\">\n<p class=\"\" data-start=\"762\" data-end=\"788\">Siidine drapeeritud eesosa<\/p>\n<\/li>\n<li class=\"\" data-start=\"789\" data-end=\"818\">\n<p class=\"\" data-start=\"791\" data-end=\"818\">\u00d5huline t\u00fcllist maksiseelik<\/p>\n<\/li>\n<li class=\"\" data-start=\"819\" data-end=\"842\">\n<p class=\"\" data-start=\"821\" data-end=\"842\">K\u00f5rge s\u00e4\u00e4rteosa l\u00f5hik<\/p>\n<\/li>\n<li class=\"\" data-start=\"843\" data-end=\"869\">\n<p class=\"\" data-start=\"845\" data-end=\"869\">Reguleeritavad \u00f5lapaelad<\/p>\n<\/li>\n<li class=\"\" data-start=\"870\" data-end=\"911\">\n<p class=\"\" data-start=\"872\" data-end=\"911\">Pilkup\u00fc\u00fcdev avatud selg paelkinnitusega<\/p>\n<\/li>\n<\/ul>\n<p class=\"\" data-start=\"913\" data-end=\"1057\"><strong data-start=\"913\" data-end=\"937\">Sobib suurep\u00e4raselt:<\/strong> ballidele, pulmak\u00fclaliseks, l\u00f5pupidudeks v\u00f5i igaks eriliseks s\u00fcndmuseks, kus soovid tunda end enesekindlalt ja kaunina.<\/p>","protected":false},"excerpt":{"rendered":"<p>Elegantne maksikleit siidise l\u00e4ikega ja seljalt soetavate paeltega See luksuslik maksikleit on ideaalne valik erilisteks s\u00fcndmusteks \u2013 olgu selleks pulmad, [&hellip;]<\/p>\n","protected":false},"featured_media":25835,"template":"","meta":{"site-sidebar-layout":"default","site-content-layout":"","ast-site-content-layout":"default","site-content-style":"default","site-sidebar-style":"default","ast-global-header-display":"","ast-banner-title-visibility":"","ast-main-header-display":"","ast-hfb-above-header-display":"","ast-hfb-below-header-display":"","ast-hfb-mobile-header-display":"","site-post-title":"","ast-breadcrumbs-content":"","ast-featured-img":"","footer-sml-layout":"","ast-disable-related-posts":"","theme-transparent-header-meta":"default","adv-header-id-meta":"","stick-header-meta":"default","header-above-stick-meta":"","header-main-stick-meta":"","header-below-stick-meta":"","astra-migrate-meta-layouts":"set","ast-page-background-enabled":"default","ast-page-background-meta":{"desktop":{"background-color":"var(--ast-global-color-4)","background-image":"","background-repeat":"repeat","background-position":"center center","background-size":"auto","background-attachment":"scroll","background-type":"","background-media":"","overlay-type":"","overlay-color":"","overlay-opacity":"","overlay-gradient":""},"tablet":{"background-color":"","background-image":"","background-repeat":"repeat","background-position":"center center","background-size":"auto","background-attachment":"scroll","background-type":"","background-media":"","overlay-type":"","overlay-color":"","overlay-opacity":"","overlay-gradient":""},"mobile":{"background-color":"","background-image":"","background-repeat":"repeat","background-position":"center center","background-size":"auto","background-attachment":"scroll","background-type":"","background-media":"","overlay-type":"","overlay-color":"","overlay-opacity":"","overlay-gradient":""}},"ast-content-background-meta":{"desktop":{"background-color":"var(--ast-global-color-5)","background-image":"","background-repeat":"repeat","background-position":"center center","background-size":"auto","background-attachment":"scroll","background-type":"","background-media":"","overlay-type":"","overlay-color":"","overlay-opacity":"","overlay-gradient":""},"tablet":{"background-color":"var(--ast-global-color-5)","background-image":"","background-repeat":"repeat","background-position":"center center","background-size":"auto","background-attachment":"scroll","background-type":"","background-media":"","overlay-type":"","overlay-color":"","overlay-opacity":"","overlay-gradient":""},"mobile":{"background-color":"var(--ast-global-color-5)","background-image":"","background-repeat":"repeat","background-position":"center center","background-size":"auto","background-attachment":"scroll","background-type":"","background-media":"","overlay-type":"","overlay-color":"","overlay-opacity":"","overlay-gradient":""}}},"product_brand":[],"product_cat":[346,347,357,348,380,351],"product_tag":[1256,596,1250,501,940,1253,90,109,1255,1254,1249,1251,1257,1252],"class_list":{"0":"post-22249","1":"product","2":"type-product","3":"status-publish","4":"has-post-thumbnail","6":"product_cat-naised","7":"product_cat-kleidid","8":"product_cat-maksikleidid","9":"product_cat-lopukleidid","10":"product_cat-tullkleidid","11":"product_cat-uued-tooted","12":"product_tag-ballikleidi-stiilis-kleit","13":"product_tag-get-dressed","14":"product_tag-helesinine-ohtukleit","15":"product_tag-karini-butiik","16":"product_tag-kleididbutiik","17":"product_tag-kleit-lohikuga","18":"product_tag-lopukleit","19":"product_tag-maksikleit","20":"product_tag-naiste-ohtukleit","21":"product_tag-pidulik-kleit-pulmadeks","22":"product_tag-punane-pidulik-kleit","23":"product_tag-sataankleit","24":"product_tag-suvine-pidulik-kleit","25":"product_tag-tulliseelik-kleit","26":"desktop-align-center","27":"tablet-align-center","28":"mobile-align-center","29":"ast-product-gallery-layout-horizontal-slider","30":"ast-product-single-variable","31":"ast-product-tabs-layout-horizontal","33":"first","34":"outofstock","35":"taxable","36":"shipping-taxable","37":"product-type-variable"},"supplier_id":null,"supplier_sku":"","barcode":null,"atum_controlled":true,"out_stock_date":null,"out_stock_threshold":null,"inheritable":true,"inbound_stock":null,"stock_on_hold":0,"sold_today":0,"sales_last_days":0,"reserved_stock":0,"customer_returns":null,"warehouse_damage":0,"lost_in_post":null,"other_logs":0,"out_stock_days":0,"lost_sales":0,"has_location":false,"update_date":"2026-01-20T12:37:32","atum_locations":[],"atum_stock_status":"instock","restock_status":false,"low_stock_amount":"","sales_update_date":"2025-12-01T15:57:52","calc_backorders":null,"yoast_head":"<!-- This site is optimized with the Yoast SEO plugin v26.9 - https:\/\/yoast.com\/product\/yoast-seo-wordpress\/ -->\n<title>Avatud seljaosaga luksuslik maksikleit drapeeritud eesosaga - Karini Butiik<\/title>\n<meta name=\"description\" content=\"Elegantne maksikleit drapeeritud sat\u00e4\u00e4nrinnaosaga, k\u00f5rge l\u00f5hiku ja t\u00fclliseelikuga \u2013 ideaalne valik pidulikeks s\u00fcndmusteks.\" \/>\n<meta name=\"robots\" content=\"index, follow, max-snippet:-1, max-image-preview:large, max-video-preview:-1\" \/>\n<link rel=\"canonical\" href=\"https:\/\/www.karinibutiik.ee\/lv\/produkts\/atverta-mugura-grezna-livu-kleita-ar-drapetu-prieksejo-dalu\/\" \/>\n<meta property=\"og:locale\" content=\"lv_LV\" \/>\n<meta property=\"og:type\" content=\"article\" \/>\n<meta property=\"og:title\" content=\"Avatud seljaosaga luksuslik maksikleit drapeeritud eesosaga - Karini Butiik\" \/>\n<meta property=\"og:description\" content=\"Elegantne maksikleit drapeeritud sat\u00e4\u00e4nrinnaosaga, k\u00f5rge l\u00f5hiku ja t\u00fclliseelikuga \u2013 ideaalne valik pidulikeks s\u00fcndmusteks.\" \/>\n<meta property=\"og:url\" content=\"https:\/\/www.karinibutiik.ee\/lv\/produkts\/atverta-mugura-grezna-livu-kleita-ar-drapetu-prieksejo-dalu\/\" \/>\n<meta property=\"og:site_name\" content=\"Karini Butiik\" \/>\n<meta property=\"article:publisher\" content=\"https:\/\/www.facebook.com\/karinibutiik.ee\" \/>\n<meta property=\"article:modified_time\" content=\"2026-03-28T10:33:42+00:00\" \/>\n<meta property=\"og:image\" content=\"https:\/\/www.karinibutiik.ee\/wp-content\/uploads\/2026\/01\/C19FF03E-98B0-4798-A105-4832780C629F-scaled.jpeg\" \/>\n\t<meta property=\"og:image:width\" content=\"1956\" \/>\n\t<meta property=\"og:image:height\" content=\"2560\" \/>\n\t<meta property=\"og:image:type\" content=\"image\/jpeg\" \/>\n<meta name=\"twitter:card\" content=\"summary_large_image\" \/>\n<meta name=\"twitter:label1\" content=\"Availability\" \/>\n\t<meta name=\"twitter:data1\" content=\"Out of stock\" \/>\n<script type=\"application\/ld+json\" class=\"yoast-schema-graph\">{\"@context\":\"https:\/\/schema.org\",\"@graph\":[{\"@type\":\"WebPage\",\"@id\":\"https:\/\/www.karinibutiik.ee\/toode\/avatud-seljaosaga-luksuslik-maksikleit-drapeeritud-eesosaga\/\",\"url\":\"https:\/\/www.karinibutiik.ee\/toode\/avatud-seljaosaga-luksuslik-maksikleit-drapeeritud-eesosaga\/\",\"name\":\"Avatud seljaosaga luksuslik maksikleit drapeeritud eesosaga - Karini Butiik\",\"isPartOf\":{\"@id\":\"https:\/\/www.karinibutiik.ee\/#website\"},\"primaryImageOfPage\":{\"@id\":\"https:\/\/www.karinibutiik.ee\/toode\/avatud-seljaosaga-luksuslik-maksikleit-drapeeritud-eesosaga\/#primaryimage\"},\"image\":{\"@id\":\"https:\/\/www.karinibutiik.ee\/toode\/avatud-seljaosaga-luksuslik-maksikleit-drapeeritud-eesosaga\/#primaryimage\"},\"thumbnailUrl\":\"https:\/\/www.karinibutiik.ee\/wp-content\/uploads\/2026\/01\/C19FF03E-98B0-4798-A105-4832780C629F-scaled.jpeg\",\"datePublished\":\"2025-12-21T07:13:18+00:00\",\"dateModified\":\"2026-03-28T10:33:42+00:00\",\"description\":\"Elegantne maksikleit drapeeritud sat\u00e4\u00e4nrinnaosaga, k\u00f5rge l\u00f5hiku ja t\u00fclliseelikuga \u2013 ideaalne valik pidulikeks s\u00fcndmusteks.\",\"breadcrumb\":{\"@id\":\"https:\/\/www.karinibutiik.ee\/toode\/avatud-seljaosaga-luksuslik-maksikleit-drapeeritud-eesosaga\/#breadcrumb\"},\"inLanguage\":\"lv-LV\",\"potentialAction\":[{\"@type\":\"ReadAction\",\"target\":[\"https:\/\/www.karinibutiik.ee\/toode\/avatud-seljaosaga-luksuslik-maksikleit-drapeeritud-eesosaga\/\"]}]},{\"@type\":\"ImageObject\",\"inLanguage\":\"lv-LV\",\"@id\":\"https:\/\/www.karinibutiik.ee\/toode\/avatud-seljaosaga-luksuslik-maksikleit-drapeeritud-eesosaga\/#primaryimage\",\"url\":\"https:\/\/www.karinibutiik.ee\/wp-content\/uploads\/2026\/01\/C19FF03E-98B0-4798-A105-4832780C629F-scaled.jpeg\",\"contentUrl\":\"https:\/\/www.karinibutiik.ee\/wp-content\/uploads\/2026\/01\/C19FF03E-98B0-4798-A105-4832780C629F-scaled.jpeg\",\"width\":1956,\"height\":2560,\"caption\":\"Avatud seljaosaga luksuslik maksikleit drapeeritud eesosaga\"},{\"@type\":\"BreadcrumbList\",\"@id\":\"https:\/\/www.karinibutiik.ee\/toode\/avatud-seljaosaga-luksuslik-maksikleit-drapeeritud-eesosaga\/#breadcrumb\",\"itemListElement\":[{\"@type\":\"ListItem\",\"position\":1,\"name\":\"Home\",\"item\":\"https:\/\/www.karinibutiik.ee\/\"},{\"@type\":\"ListItem\",\"position\":2,\"name\":\"Pood\",\"item\":\"https:\/\/www.karinibutiik.ee\/pood\/\"},{\"@type\":\"ListItem\",\"position\":3,\"name\":\"Avatud seljaosaga luksuslik maksikleit drapeeritud eesosaga\"}]},{\"@type\":\"WebSite\",\"@id\":\"https:\/\/www.karinibutiik.ee\/#website\",\"url\":\"https:\/\/www.karinibutiik.ee\/\",\"name\":\"Karini Butiik\",\"description\":\"\",\"publisher\":{\"@id\":\"https:\/\/www.karinibutiik.ee\/#organization\"},\"potentialAction\":[{\"@type\":\"SearchAction\",\"target\":{\"@type\":\"EntryPoint\",\"urlTemplate\":\"https:\/\/www.karinibutiik.ee\/?s={search_term_string}\"},\"query-input\":{\"@type\":\"PropertyValueSpecification\",\"valueRequired\":true,\"valueName\":\"search_term_string\"}}],\"inLanguage\":\"lv-LV\"},{\"@type\":\"Organization\",\"@id\":\"https:\/\/www.karinibutiik.ee\/#organization\",\"name\":\"Karini Butiik\",\"url\":\"https:\/\/www.karinibutiik.ee\/\",\"logo\":{\"@type\":\"ImageObject\",\"inLanguage\":\"lv-LV\",\"@id\":\"https:\/\/www.karinibutiik.ee\/#\/schema\/logo\/image\/\",\"url\":\"https:\/\/www.karinibutiik.ee\/wp-content\/uploads\/2024\/10\/Kuj.-K-koopia.png\",\"contentUrl\":\"https:\/\/www.karinibutiik.ee\/wp-content\/uploads\/2024\/10\/Kuj.-K-koopia.png\",\"width\":500,\"height\":500,\"caption\":\"Karini Butiik\"},\"image\":{\"@id\":\"https:\/\/www.karinibutiik.ee\/#\/schema\/logo\/image\/\"},\"sameAs\":[\"https:\/\/www.facebook.com\/karinibutiik.ee\",\"https:\/\/www.instagram.com\/karinibutiik\"]}]}<\/script>\n<meta property=\"og:availability\" content=\"out of stock\" \/>\n<meta property=\"product:availability\" content=\"out of stock\" \/>\n<meta property=\"product:retailer_item_id\" content=\"3838\" \/>\n<meta property=\"product:condition\" content=\"new\" \/>\n<!-- \/ Yoast SEO plugin. -->","yoast_head_json":{"title":"Grezna aknu kleita ar atv\u0113rtu muguru un drap\u0113tu priek\u0161da\u013cu - Karini Boutiques","description":"Eleganta aknu kleita ar drap\u0113tu sat\u012bna apmetni, augstu \u0161\u0137\u0113lumu un tilla sv\u0101rkiem - ide\u0101li piem\u0113rota sv\u0113tku reiz\u0113m.","robots":{"index":"index","follow":"follow","max-snippet":"max-snippet:-1","max-image-preview":"max-image-preview:large","max-video-preview":"max-video-preview:-1"},"canonical":"https:\/\/www.karinibutiik.ee\/lv\/produkts\/atverta-mugura-grezna-livu-kleita-ar-drapetu-prieksejo-dalu\/","og_locale":"lv_LV","og_type":"article","og_title":"Avatud seljaosaga luksuslik maksikleit drapeeritud eesosaga - Karini Butiik","og_description":"Elegantne maksikleit drapeeritud sat\u00e4\u00e4nrinnaosaga, k\u00f5rge l\u00f5hiku ja t\u00fclliseelikuga \u2013 ideaalne valik pidulikeks s\u00fcndmusteks.","og_url":"https:\/\/www.karinibutiik.ee\/lv\/produkts\/atverta-mugura-grezna-livu-kleita-ar-drapetu-prieksejo-dalu\/","og_site_name":"Karini Butiik","article_publisher":"https:\/\/www.facebook.com\/karinibutiik.ee","article_modified_time":"2026-03-28T10:33:42+00:00","og_image":[{"width":1956,"height":2560,"url":"https:\/\/www.karinibutiik.ee\/wp-content\/uploads\/2026\/01\/C19FF03E-98B0-4798-A105-4832780C629F-scaled.jpeg","type":"image\/jpeg"}],"twitter_card":"summary_large_image","twitter_misc":{"Availability":"Out of stock"},"schema":{"@context":"https:\/\/schema.org","@graph":[{"@type":"WebPage","@id":"https:\/\/www.karinibutiik.ee\/toode\/avatud-seljaosaga-luksuslik-maksikleit-drapeeritud-eesosaga\/","url":"https:\/\/www.karinibutiik.ee\/toode\/avatud-seljaosaga-luksuslik-maksikleit-drapeeritud-eesosaga\/","name":"Grezna aknu kleita ar atv\u0113rtu muguru un drap\u0113tu priek\u0161da\u013cu - Karini Boutiques","isPartOf":{"@id":"https:\/\/www.karinibutiik.ee\/#website"},"primaryImageOfPage":{"@id":"https:\/\/www.karinibutiik.ee\/toode\/avatud-seljaosaga-luksuslik-maksikleit-drapeeritud-eesosaga\/#primaryimage"},"image":{"@id":"https:\/\/www.karinibutiik.ee\/toode\/avatud-seljaosaga-luksuslik-maksikleit-drapeeritud-eesosaga\/#primaryimage"},"thumbnailUrl":"https:\/\/www.karinibutiik.ee\/wp-content\/uploads\/2026\/01\/C19FF03E-98B0-4798-A105-4832780C629F-scaled.jpeg","datePublished":"2025-12-21T07:13:18+00:00","dateModified":"2026-03-28T10:33:42+00:00","description":"Eleganta aknu kleita ar drap\u0113tu sat\u012bna apmetni, augstu \u0161\u0137\u0113lumu un tilla sv\u0101rkiem - ide\u0101li piem\u0113rota sv\u0113tku reiz\u0113m.","breadcrumb":{"@id":"https:\/\/www.karinibutiik.ee\/toode\/avatud-seljaosaga-luksuslik-maksikleit-drapeeritud-eesosaga\/#breadcrumb"},"inLanguage":"lv-LV","potentialAction":[{"@type":"ReadAction","target":["https:\/\/www.karinibutiik.ee\/toode\/avatud-seljaosaga-luksuslik-maksikleit-drapeeritud-eesosaga\/"]}]},{"@type":"ImageObject","inLanguage":"lv-LV","@id":"https:\/\/www.karinibutiik.ee\/toode\/avatud-seljaosaga-luksuslik-maksikleit-drapeeritud-eesosaga\/#primaryimage","url":"https:\/\/www.karinibutiik.ee\/wp-content\/uploads\/2026\/01\/C19FF03E-98B0-4798-A105-4832780C629F-scaled.jpeg","contentUrl":"https:\/\/www.karinibutiik.ee\/wp-content\/uploads\/2026\/01\/C19FF03E-98B0-4798-A105-4832780C629F-scaled.jpeg","width":1956,"height":2560,"caption":"Avatud seljaosaga luksuslik maksikleit drapeeritud eesosaga"},{"@type":"BreadcrumbList","@id":"https:\/\/www.karinibutiik.ee\/toode\/avatud-seljaosaga-luksuslik-maksikleit-drapeeritud-eesosaga\/#breadcrumb","itemListElement":[{"@type":"ListItem","position":1,"name":"Home","item":"https:\/\/www.karinibutiik.ee\/"},{"@type":"ListItem","position":2,"name":"Pood","item":"https:\/\/www.karinibutiik.ee\/pood\/"},{"@type":"ListItem","position":3,"name":"Avatud seljaosaga luksuslik maksikleit drapeeritud eesosaga"}]},{"@type":"WebSite","@id":"https:\/\/www.karinibutiik.ee\/#website","url":"https:\/\/www.karinibutiik.ee\/","name":"Karini Butiik","description":"","publisher":{"@id":"https:\/\/www.karinibutiik.ee\/#organization"},"potentialAction":[{"@type":"SearchAction","target":{"@type":"EntryPoint","urlTemplate":"https:\/\/www.karinibutiik.ee\/?s={search_term_string}"},"query-input":{"@type":"PropertyValueSpecification","valueRequired":true,"valueName":"search_term_string"}}],"inLanguage":"lv-LV"},{"@type":"Organization","@id":"https:\/\/www.karinibutiik.ee\/#organization","name":"Karini Butiik","url":"https:\/\/www.karinibutiik.ee\/","logo":{"@type":"ImageObject","inLanguage":"lv-LV","@id":"https:\/\/www.karinibutiik.ee\/#\/schema\/logo\/image\/","url":"https:\/\/www.karinibutiik.ee\/wp-content\/uploads\/2024\/10\/Kuj.-K-koopia.png","contentUrl":"https:\/\/www.karinibutiik.ee\/wp-content\/uploads\/2024\/10\/Kuj.-K-koopia.png","width":500,"height":500,"caption":"Karini Butiik"},"image":{"@id":"https:\/\/www.karinibutiik.ee\/#\/schema\/logo\/image\/"},"sameAs":["https:\/\/www.facebook.com\/karinibutiik.ee","https:\/\/www.instagram.com\/karinibutiik"]}]},"og_availability":"out of stock","product_availability":"out of stock","product_retailer_item_id":"3838","product_condition":"new"},"_links":{"self":[{"href":"https:\/\/www.karinibutiik.ee\/lv\/wp-json\/wp\/v2\/product\/22249","targetHints":{"allow":["GET"]}}],"collection":[{"href":"https:\/\/www.karinibutiik.ee\/lv\/wp-json\/wp\/v2\/product"}],"about":[{"href":"https:\/\/www.karinibutiik.ee\/lv\/wp-json\/wp\/v2\/types\/product"}],"version-history":[{"count":1,"href":"https:\/\/www.karinibutiik.ee\/lv\/wp-json\/wp\/v2\/product\/22249\/revisions"}],"predecessor-version":[{"id":22258,"href":"https:\/\/www.karinibutiik.ee\/lv\/wp-json\/wp\/v2\/product\/22249\/revisions\/22258"}],"wp:featuredmedia":[{"embeddable":true,"href":"https:\/\/www.karinibutiik.ee\/lv\/wp-json\/wp\/v2\/media\/25835"}],"wp:attachment":[{"href":"https:\/\/www.karinibutiik.ee\/lv\/wp-json\/wp\/v2\/media?parent=22249"}],"wp:term":[{"taxonomy":"product_brand","embeddable":true,"href":"https:\/\/www.karinibutiik.ee\/lv\/wp-json\/wp\/v2\/product_brand?post=22249"},{"taxonomy":"product_cat","embeddable":true,"href":"https:\/\/www.karinibutiik.ee\/lv\/wp-json\/wp\/v2\/product_cat?post=22249"},{"taxonomy":"product_tag","embeddable":true,"href":"https:\/\/www.karinibutiik.ee\/lv\/wp-json\/wp\/v2\/product_tag?post=22249"}],"curies":[{"name":"wp","href":"https:\/\/api.w.org\/{rel}","templated":true}]}}