{"id":22407,"date":"2025-06-11T09:49:14","date_gmt":"2025-06-11T09:49:14","guid":{"rendered":"https:\/\/www.karinibutiik.ee\/?post_type=product&#038;p=22407"},"modified":"2025-07-17T14:38:16","modified_gmt":"2025-07-17T11:38:16","slug":"ohulised-laiade-saartega-puksid-taskutega","status":"publish","type":"product","link":"https:\/\/www.karinibutiik.ee\/lv\/produkts\/ohulised-laiade-saartega-puksid-taskutega\/","title":{"rendered":"\u00d5hulised laiade s\u00e4\u00e4rtega p\u00fcksid taskutega"},"content":{"rendered":"<p>Need \u00f5hilised laiade s\u00e4\u00e4rtega p\u00fcksid on loodud naistele, kes hindavad \u00fchtaegu mugavust, stiili ja praktilisust. Valmistatud kergest ja hingavast materjalist, sobivad need ideaalselt suviseks kandmiseks \u2013 olgu see siis linnas, reisil v\u00f5i koduaias.<\/p>\n<p>K\u00f5rge elastne v\u00e4rvel tagab mugava ja figuuri r\u00f5hutava istuvuse, samas kui mahukad k\u00fcljetaskud lisavad praktilisust ja moekat aktsenti. P\u00fcksis\u00e4\u00e4red langevad vabalt ja elegantselt, luues naiseliku ning trendika silueti.<\/p>\n<p>\u00dcldpikkus 103 cm, talje\u00fcmerm\u00f5\u00f5t 64-90 cm<\/p>","protected":false},"excerpt":{"rendered":"<p>Need \u00f5hilised laiade s\u00e4\u00e4rtega p\u00fcksid on loodud naistele, kes hindavad \u00fchtaegu mugavust, stiili ja praktilisust. Valmistatud kergest ja hingavast materjalist, [&hellip;]<\/p>\n","protected":false},"featured_media":22402,"template":"","meta":{"site-sidebar-layout":"default","site-content-layout":"","ast-site-content-layout":"default","site-content-style":"default","site-sidebar-style":"default","ast-global-header-display":"","ast-banner-title-visibility":"","ast-main-header-display":"","ast-hfb-above-header-display":"","ast-hfb-below-header-display":"","ast-hfb-mobile-header-display":"","site-post-title":"","ast-breadcrumbs-content":"","ast-featured-img":"","footer-sml-layout":"","ast-disable-related-posts":"","theme-transparent-header-meta":"default","adv-header-id-meta":"","stick-header-meta":"default","header-above-stick-meta":"","header-main-stick-meta":"","header-below-stick-meta":"","astra-migrate-meta-layouts":"set","ast-page-background-enabled":"default","ast-page-background-meta":{"desktop":{"background-color":"var(--ast-global-color-4)","background-image":"","background-repeat":"repeat","background-position":"center center","background-size":"auto","background-attachment":"scroll","background-type":"","background-media":"","overlay-type":"","overlay-color":"","overlay-opacity":"","overlay-gradient":""},"tablet":{"background-color":"","background-image":"","background-repeat":"repeat","background-position":"center center","background-size":"auto","background-attachment":"scroll","background-type":"","background-media":"","overlay-type":"","overlay-color":"","overlay-opacity":"","overlay-gradient":""},"mobile":{"background-color":"","background-image":"","background-repeat":"repeat","background-position":"center center","background-size":"auto","background-attachment":"scroll","background-type":"","background-media":"","overlay-type":"","overlay-color":"","overlay-opacity":"","overlay-gradient":""}},"ast-content-background-meta":{"desktop":{"background-color":"var(--ast-global-color-5)","background-image":"","background-repeat":"repeat","background-position":"center center","background-size":"auto","background-attachment":"scroll","background-type":"","background-media":"","overlay-type":"","overlay-color":"","overlay-opacity":"","overlay-gradient":""},"tablet":{"background-color":"var(--ast-global-color-5)","background-image":"","background-repeat":"repeat","background-position":"center center","background-size":"auto","background-attachment":"scroll","background-type":"","background-media":"","overlay-type":"","overlay-color":"","overlay-opacity":"","overlay-gradient":""},"mobile":{"background-color":"var(--ast-global-color-5)","background-image":"","background-repeat":"repeat","background-position":"center center","background-size":"auto","background-attachment":"scroll","background-type":"","background-media":"","overlay-type":"","overlay-color":"","overlay-opacity":"","overlay-gradient":""}}},"product_brand":[],"product_cat":[452,346,354,356,351],"product_tag":[871,501,485,647,1277,96,562,811],"class_list":{"0":"post-22407","1":"product","2":"type-product","3":"status-publish","4":"has-post-thumbnail","6":"product_cat-bestseller","7":"product_cat-naised","8":"product_cat-puksid-seelikud","9":"product_cat-tekstiilpuksid","10":"product_cat-uued-tooted","11":"product_tag-hm","12":"product_tag-karini-butiik","13":"product_tag-kleidipood","14":"product_tag-kleidipood-tallinnas","15":"product_tag-naiste-taskutega-suvepuksid-ohilised-puksid-mugavad-puksid-laiade-saartega-puksid","16":"product_tag-puksid","17":"product_tag-vabaaja-puksid","18":"product_tag-zara","19":"desktop-align-center","20":"tablet-align-center","21":"mobile-align-center","22":"ast-product-gallery-layout-horizontal-slider","23":"ast-product-single-variable","24":"ast-product-tabs-layout-horizontal","26":"first","27":"outofstock","28":"taxable","29":"shipping-taxable","30":"product-type-variable"},"supplier_id":null,"supplier_sku":"","barcode":null,"atum_controlled":true,"out_stock_date":null,"out_stock_threshold":null,"inheritable":true,"inbound_stock":null,"stock_on_hold":0,"sold_today":0,"sales_last_days":0,"reserved_stock":0,"customer_returns":null,"warehouse_damage":0,"lost_in_post":null,"other_logs":0,"out_stock_days":0,"lost_sales":0,"has_location":false,"update_date":"2025-12-03T01:20:32","atum_locations":[],"atum_stock_status":"outofstock","restock_status":false,"low_stock_amount":"","sales_update_date":"2025-12-03T01:20:32","calc_backorders":null,"yoast_head":"<!-- This site is optimized with the Yoast SEO plugin v26.9 - https:\/\/yoast.com\/product\/yoast-seo-wordpress\/ -->\n<title>\u00d5hulised laiade s\u00e4\u00e4rtega p\u00fcksid taskutega - Karini Butiik<\/title>\n<meta name=\"description\" content=\"laiade s\u00e4\u00e4rtega naiste p\u00fcksid taskutega - mugav ja stiilne valik suveks. Kerge kangas, k\u00f5rge v\u00e4rvel ja praktilised taskud\" \/>\n<meta name=\"robots\" content=\"index, follow, max-snippet:-1, max-image-preview:large, max-video-preview:-1\" \/>\n<link rel=\"canonical\" href=\"https:\/\/www.karinibutiik.ee\/lv\/produkts\/ohulised-laiade-saartega-puksid-taskutega\/\" \/>\n<meta property=\"og:locale\" content=\"lv_LV\" \/>\n<meta property=\"og:type\" content=\"article\" \/>\n<meta property=\"og:title\" content=\"\u00d5hulised laiade s\u00e4\u00e4rtega p\u00fcksid taskutega - Karini Butiik\" \/>\n<meta property=\"og:description\" content=\"laiade s\u00e4\u00e4rtega naiste p\u00fcksid taskutega - mugav ja stiilne valik suveks. Kerge kangas, k\u00f5rge v\u00e4rvel ja praktilised taskud\" \/>\n<meta property=\"og:url\" content=\"https:\/\/www.karinibutiik.ee\/lv\/produkts\/ohulised-laiade-saartega-puksid-taskutega\/\" \/>\n<meta property=\"og:site_name\" content=\"Karini Butiik\" \/>\n<meta property=\"article:publisher\" content=\"https:\/\/www.facebook.com\/karinibutiik.ee\" \/>\n<meta property=\"article:modified_time\" content=\"2025-07-17T11:38:16+00:00\" \/>\n<meta property=\"og:image\" content=\"https:\/\/www.karinibutiik.ee\/wp-content\/uploads\/2025\/06\/20FF1C6D-EA6B-4619-B78B-98505C7E8218-scaled-e1749634368871.jpeg\" \/>\n\t<meta property=\"og:image:width\" content=\"1587\" \/>\n\t<meta property=\"og:image:height\" content=\"1840\" \/>\n\t<meta property=\"og:image:type\" content=\"image\/jpeg\" \/>\n<meta name=\"twitter:card\" content=\"summary_large_image\" \/>\n<meta name=\"twitter:label1\" content=\"Availability\" \/>\n\t<meta name=\"twitter:data1\" content=\"Out of stock\" \/>\n<script type=\"application\/ld+json\" class=\"yoast-schema-graph\">{\"@context\":\"https:\/\/schema.org\",\"@graph\":[{\"@type\":\"WebPage\",\"@id\":\"https:\/\/www.karinibutiik.ee\/toode\/ohulised-laiade-saartega-puksid-taskutega\/\",\"url\":\"https:\/\/www.karinibutiik.ee\/toode\/ohulised-laiade-saartega-puksid-taskutega\/\",\"name\":\"\u00d5hulised laiade s\u00e4\u00e4rtega p\u00fcksid taskutega - Karini Butiik\",\"isPartOf\":{\"@id\":\"https:\/\/www.karinibutiik.ee\/#website\"},\"primaryImageOfPage\":{\"@id\":\"https:\/\/www.karinibutiik.ee\/toode\/ohulised-laiade-saartega-puksid-taskutega\/#primaryimage\"},\"image\":{\"@id\":\"https:\/\/www.karinibutiik.ee\/toode\/ohulised-laiade-saartega-puksid-taskutega\/#primaryimage\"},\"thumbnailUrl\":\"https:\/\/www.karinibutiik.ee\/wp-content\/uploads\/2025\/06\/20FF1C6D-EA6B-4619-B78B-98505C7E8218-scaled-e1749634368871.jpeg\",\"datePublished\":\"2025-06-11T09:49:14+00:00\",\"dateModified\":\"2025-07-17T11:38:16+00:00\",\"description\":\"laiade s\u00e4\u00e4rtega naiste p\u00fcksid taskutega - mugav ja stiilne valik suveks. Kerge kangas, k\u00f5rge v\u00e4rvel ja praktilised taskud\",\"breadcrumb\":{\"@id\":\"https:\/\/www.karinibutiik.ee\/toode\/ohulised-laiade-saartega-puksid-taskutega\/#breadcrumb\"},\"inLanguage\":\"lv-LV\",\"potentialAction\":[{\"@type\":\"ReadAction\",\"target\":[\"https:\/\/www.karinibutiik.ee\/toode\/ohulised-laiade-saartega-puksid-taskutega\/\"]}]},{\"@type\":\"ImageObject\",\"inLanguage\":\"lv-LV\",\"@id\":\"https:\/\/www.karinibutiik.ee\/toode\/ohulised-laiade-saartega-puksid-taskutega\/#primaryimage\",\"url\":\"https:\/\/www.karinibutiik.ee\/wp-content\/uploads\/2025\/06\/20FF1C6D-EA6B-4619-B78B-98505C7E8218-scaled-e1749634368871.jpeg\",\"contentUrl\":\"https:\/\/www.karinibutiik.ee\/wp-content\/uploads\/2025\/06\/20FF1C6D-EA6B-4619-B78B-98505C7E8218-scaled-e1749634368871.jpeg\",\"width\":1587,\"height\":1840},{\"@type\":\"BreadcrumbList\",\"@id\":\"https:\/\/www.karinibutiik.ee\/toode\/ohulised-laiade-saartega-puksid-taskutega\/#breadcrumb\",\"itemListElement\":[{\"@type\":\"ListItem\",\"position\":1,\"name\":\"Home\",\"item\":\"https:\/\/www.karinibutiik.ee\/\"},{\"@type\":\"ListItem\",\"position\":2,\"name\":\"Pood\",\"item\":\"https:\/\/www.karinibutiik.ee\/pood\/\"},{\"@type\":\"ListItem\",\"position\":3,\"name\":\"\u00d5hulised laiade s\u00e4\u00e4rtega p\u00fcksid taskutega\"}]},{\"@type\":\"WebSite\",\"@id\":\"https:\/\/www.karinibutiik.ee\/#website\",\"url\":\"https:\/\/www.karinibutiik.ee\/\",\"name\":\"Karini Butiik\",\"description\":\"\",\"publisher\":{\"@id\":\"https:\/\/www.karinibutiik.ee\/#organization\"},\"potentialAction\":[{\"@type\":\"SearchAction\",\"target\":{\"@type\":\"EntryPoint\",\"urlTemplate\":\"https:\/\/www.karinibutiik.ee\/?s={search_term_string}\"},\"query-input\":{\"@type\":\"PropertyValueSpecification\",\"valueRequired\":true,\"valueName\":\"search_term_string\"}}],\"inLanguage\":\"lv-LV\"},{\"@type\":\"Organization\",\"@id\":\"https:\/\/www.karinibutiik.ee\/#organization\",\"name\":\"Karini Butiik\",\"url\":\"https:\/\/www.karinibutiik.ee\/\",\"logo\":{\"@type\":\"ImageObject\",\"inLanguage\":\"lv-LV\",\"@id\":\"https:\/\/www.karinibutiik.ee\/#\/schema\/logo\/image\/\",\"url\":\"https:\/\/www.karinibutiik.ee\/wp-content\/uploads\/2024\/10\/Kuj.-K-koopia.png\",\"contentUrl\":\"https:\/\/www.karinibutiik.ee\/wp-content\/uploads\/2024\/10\/Kuj.-K-koopia.png\",\"width\":500,\"height\":500,\"caption\":\"Karini Butiik\"},\"image\":{\"@id\":\"https:\/\/www.karinibutiik.ee\/#\/schema\/logo\/image\/\"},\"sameAs\":[\"https:\/\/www.facebook.com\/karinibutiik.ee\",\"https:\/\/www.instagram.com\/karinibutiik\"]}]}<\/script>\n<meta property=\"og:availability\" content=\"out of stock\" \/>\n<meta property=\"product:availability\" content=\"out of stock\" \/>\n<meta property=\"product:retailer_item_id\" content=\"1740\" \/>\n<meta property=\"product:condition\" content=\"new\" \/>\n<!-- \/ Yoast SEO plugin. -->","yoast_head_json":{"title":"\u00d5hulised laiade s\u00e4\u00e4rtega p\u00fcksid taskutega - Karini Butiik","description":"laiade s\u00e4\u00e4rtega naiste p\u00fcksid taskutega - mugav ja stiilne valik suveks. Kerge kangas, k\u00f5rge v\u00e4rvel ja praktilised taskud","robots":{"index":"index","follow":"follow","max-snippet":"max-snippet:-1","max-image-preview":"max-image-preview:large","max-video-preview":"max-video-preview:-1"},"canonical":"https:\/\/www.karinibutiik.ee\/lv\/produkts\/ohulised-laiade-saartega-puksid-taskutega\/","og_locale":"lv_LV","og_type":"article","og_title":"\u00d5hulised laiade s\u00e4\u00e4rtega p\u00fcksid taskutega - Karini Butiik","og_description":"laiade s\u00e4\u00e4rtega naiste p\u00fcksid taskutega - mugav ja stiilne valik suveks. Kerge kangas, k\u00f5rge v\u00e4rvel ja praktilised taskud","og_url":"https:\/\/www.karinibutiik.ee\/lv\/produkts\/ohulised-laiade-saartega-puksid-taskutega\/","og_site_name":"Karini Butiik","article_publisher":"https:\/\/www.facebook.com\/karinibutiik.ee","article_modified_time":"2025-07-17T11:38:16+00:00","og_image":[{"width":1587,"height":1840,"url":"https:\/\/www.karinibutiik.ee\/wp-content\/uploads\/2025\/06\/20FF1C6D-EA6B-4619-B78B-98505C7E8218-scaled-e1749634368871.jpeg","type":"image\/jpeg"}],"twitter_card":"summary_large_image","twitter_misc":{"Availability":"Out of stock"},"schema":{"@context":"https:\/\/schema.org","@graph":[{"@type":"WebPage","@id":"https:\/\/www.karinibutiik.ee\/toode\/ohulised-laiade-saartega-puksid-taskutega\/","url":"https:\/\/www.karinibutiik.ee\/toode\/ohulised-laiade-saartega-puksid-taskutega\/","name":"\u00d5hulised laiade s\u00e4\u00e4rtega p\u00fcksid taskutega - Karini Butiik","isPartOf":{"@id":"https:\/\/www.karinibutiik.ee\/#website"},"primaryImageOfPage":{"@id":"https:\/\/www.karinibutiik.ee\/toode\/ohulised-laiade-saartega-puksid-taskutega\/#primaryimage"},"image":{"@id":"https:\/\/www.karinibutiik.ee\/toode\/ohulised-laiade-saartega-puksid-taskutega\/#primaryimage"},"thumbnailUrl":"https:\/\/www.karinibutiik.ee\/wp-content\/uploads\/2025\/06\/20FF1C6D-EA6B-4619-B78B-98505C7E8218-scaled-e1749634368871.jpeg","datePublished":"2025-06-11T09:49:14+00:00","dateModified":"2025-07-17T11:38:16+00:00","description":"laiade s\u00e4\u00e4rtega naiste p\u00fcksid taskutega - mugav ja stiilne valik suveks. Kerge kangas, k\u00f5rge v\u00e4rvel ja praktilised taskud","breadcrumb":{"@id":"https:\/\/www.karinibutiik.ee\/toode\/ohulised-laiade-saartega-puksid-taskutega\/#breadcrumb"},"inLanguage":"lv-LV","potentialAction":[{"@type":"ReadAction","target":["https:\/\/www.karinibutiik.ee\/toode\/ohulised-laiade-saartega-puksid-taskutega\/"]}]},{"@type":"ImageObject","inLanguage":"lv-LV","@id":"https:\/\/www.karinibutiik.ee\/toode\/ohulised-laiade-saartega-puksid-taskutega\/#primaryimage","url":"https:\/\/www.karinibutiik.ee\/wp-content\/uploads\/2025\/06\/20FF1C6D-EA6B-4619-B78B-98505C7E8218-scaled-e1749634368871.jpeg","contentUrl":"https:\/\/www.karinibutiik.ee\/wp-content\/uploads\/2025\/06\/20FF1C6D-EA6B-4619-B78B-98505C7E8218-scaled-e1749634368871.jpeg","width":1587,"height":1840},{"@type":"BreadcrumbList","@id":"https:\/\/www.karinibutiik.ee\/toode\/ohulised-laiade-saartega-puksid-taskutega\/#breadcrumb","itemListElement":[{"@type":"ListItem","position":1,"name":"Home","item":"https:\/\/www.karinibutiik.ee\/"},{"@type":"ListItem","position":2,"name":"Pood","item":"https:\/\/www.karinibutiik.ee\/pood\/"},{"@type":"ListItem","position":3,"name":"\u00d5hulised laiade s\u00e4\u00e4rtega p\u00fcksid taskutega"}]},{"@type":"WebSite","@id":"https:\/\/www.karinibutiik.ee\/#website","url":"https:\/\/www.karinibutiik.ee\/","name":"Karini Butiik","description":"","publisher":{"@id":"https:\/\/www.karinibutiik.ee\/#organization"},"potentialAction":[{"@type":"SearchAction","target":{"@type":"EntryPoint","urlTemplate":"https:\/\/www.karinibutiik.ee\/?s={search_term_string}"},"query-input":{"@type":"PropertyValueSpecification","valueRequired":true,"valueName":"search_term_string"}}],"inLanguage":"lv-LV"},{"@type":"Organization","@id":"https:\/\/www.karinibutiik.ee\/#organization","name":"Karini Butiik","url":"https:\/\/www.karinibutiik.ee\/","logo":{"@type":"ImageObject","inLanguage":"lv-LV","@id":"https:\/\/www.karinibutiik.ee\/#\/schema\/logo\/image\/","url":"https:\/\/www.karinibutiik.ee\/wp-content\/uploads\/2024\/10\/Kuj.-K-koopia.png","contentUrl":"https:\/\/www.karinibutiik.ee\/wp-content\/uploads\/2024\/10\/Kuj.-K-koopia.png","width":500,"height":500,"caption":"Karini Butiik"},"image":{"@id":"https:\/\/www.karinibutiik.ee\/#\/schema\/logo\/image\/"},"sameAs":["https:\/\/www.facebook.com\/karinibutiik.ee","https:\/\/www.instagram.com\/karinibutiik"]}]},"og_availability":"out of stock","product_availability":"out of stock","product_retailer_item_id":"1740","product_condition":"new"},"_links":{"self":[{"href":"https:\/\/www.karinibutiik.ee\/lv\/wp-json\/wp\/v2\/product\/22407","targetHints":{"allow":["GET"]}}],"collection":[{"href":"https:\/\/www.karinibutiik.ee\/lv\/wp-json\/wp\/v2\/product"}],"about":[{"href":"https:\/\/www.karinibutiik.ee\/lv\/wp-json\/wp\/v2\/types\/product"}],"version-history":[{"count":2,"href":"https:\/\/www.karinibutiik.ee\/lv\/wp-json\/wp\/v2\/product\/22407\/revisions"}],"predecessor-version":[{"id":22418,"href":"https:\/\/www.karinibutiik.ee\/lv\/wp-json\/wp\/v2\/product\/22407\/revisions\/22418"}],"wp:featuredmedia":[{"embeddable":true,"href":"https:\/\/www.karinibutiik.ee\/lv\/wp-json\/wp\/v2\/media\/22402"}],"wp:attachment":[{"href":"https:\/\/www.karinibutiik.ee\/lv\/wp-json\/wp\/v2\/media?parent=22407"}],"wp:term":[{"taxonomy":"product_brand","embeddable":true,"href":"https:\/\/www.karinibutiik.ee\/lv\/wp-json\/wp\/v2\/product_brand?post=22407"},{"taxonomy":"product_cat","embeddable":true,"href":"https:\/\/www.karinibutiik.ee\/lv\/wp-json\/wp\/v2\/product_cat?post=22407"},{"taxonomy":"product_tag","embeddable":true,"href":"https:\/\/www.karinibutiik.ee\/lv\/wp-json\/wp\/v2\/product_tag?post=22407"}],"curies":[{"name":"wp","href":"https:\/\/api.w.org\/{rel}","templated":true}]}}