{"id":22455,"date":"2025-06-11T13:20:25","date_gmt":"2025-06-11T13:20:25","guid":{"rendered":"https:\/\/www.karinibutiik.ee\/?post_type=product&#038;p=22455"},"modified":"2026-03-28T10:31:17","modified_gmt":"2026-03-28T08:31:17","slug":"asimetriska-aknu-kleita-ar-polsteretam-piedurknem","status":"publish","type":"product","link":"https:\/\/www.karinibutiik.ee\/lv\/produkts\/asimetriska-aknu-kleita-ar-polsteretam-piedurknem\/","title":{"rendered":"Asimetriska aknu kleita ar mirdzo\u0161\u0101m piedurkn\u0113m"},"content":{"rendered":"<p>Uzman\u012bbu piesaisto\u0161a un \u0161iks aknu kleita ar vienu plecu, kas apvieno eleganci un m\u016bsdien\u012bgumu. Da\u017e\u0101du to\u0146u kleita ir izgatavota no piegu\u013co\u0161a auduma ar skaisti drap\u0113tu jostas l\u012bniju un augstu \u0161\u0137\u0113lumu, kas pie\u0161\u0137ir sievi\u0161\u0137\u012bbu. Kleitai ir viena piedurkne no caursp\u012bd\u012bga dzirksto\u0161a ceri\u0146kr\u0101sas tilla - uzkr\u012bto\u0161a un unik\u0101la deta\u013ca. Lieliski piem\u0113rota svin\u012bgiem pas\u0101kumiem, k\u0101z\u0101m vai galdiem. Patiess skatiena piesaist\u012bt\u0101js jebkur\u0101 pas\u0101kum\u0101!<\/p>","protected":false},"excerpt":{"rendered":"<p>Silmapaistev ja \u0161ikk \u00fche \u00f5laga maksikleit, mis \u00fchendab elegantsi ja modernsuse. Erinevas toonis kleit on valmistatud kehasse hoidvast kangast, millel [&hellip;]<\/p>\n","protected":false},"featured_media":22451,"template":"","meta":{"site-sidebar-layout":"default","site-content-layout":"","ast-site-content-layout":"default","site-content-style":"default","site-sidebar-style":"default","ast-global-header-display":"","ast-banner-title-visibility":"","ast-main-header-display":"","ast-hfb-above-header-display":"","ast-hfb-below-header-display":"","ast-hfb-mobile-header-display":"","site-post-title":"","ast-breadcrumbs-content":"","ast-featured-img":"","footer-sml-layout":"","ast-disable-related-posts":"","theme-transparent-header-meta":"default","adv-header-id-meta":"","stick-header-meta":"default","header-above-stick-meta":"","header-main-stick-meta":"","header-below-stick-meta":"","astra-migrate-meta-layouts":"set","ast-page-background-enabled":"default","ast-page-background-meta":{"desktop":{"background-color":"var(--ast-global-color-4)","background-image":"","background-repeat":"repeat","background-position":"center center","background-size":"auto","background-attachment":"scroll","background-type":"","background-media":"","overlay-type":"","overlay-color":"","overlay-opacity":"","overlay-gradient":""},"tablet":{"background-color":"","background-image":"","background-repeat":"repeat","background-position":"center center","background-size":"auto","background-attachment":"scroll","background-type":"","background-media":"","overlay-type":"","overlay-color":"","overlay-opacity":"","overlay-gradient":""},"mobile":{"background-color":"","background-image":"","background-repeat":"repeat","background-position":"center center","background-size":"auto","background-attachment":"scroll","background-type":"","background-media":"","overlay-type":"","overlay-color":"","overlay-opacity":"","overlay-gradient":""}},"ast-content-background-meta":{"desktop":{"background-color":"var(--ast-global-color-5)","background-image":"","background-repeat":"repeat","background-position":"center center","background-size":"auto","background-attachment":"scroll","background-type":"","background-media":"","overlay-type":"","overlay-color":"","overlay-opacity":"","overlay-gradient":""},"tablet":{"background-color":"var(--ast-global-color-5)","background-image":"","background-repeat":"repeat","background-position":"center center","background-size":"auto","background-attachment":"scroll","background-type":"","background-media":"","overlay-type":"","overlay-color":"","overlay-opacity":"","overlay-gradient":""},"mobile":{"background-color":"var(--ast-global-color-5)","background-image":"","background-repeat":"repeat","background-position":"center center","background-size":"auto","background-attachment":"scroll","background-type":"","background-media":"","overlay-type":"","overlay-color":"","overlay-opacity":"","overlay-gradient":""}}},"product_brand":[],"product_cat":[347,377,348,357,346],"product_tag":[1169,1300,1299,109,1298,1295,1094,1297,1296,1294],"class_list":{"0":"post-22455","1":"product","2":"type-product","3":"status-publish","4":"has-post-thumbnail","6":"product_cat-kleidid","7":"product_cat-litter-ja-glitterkleidid","8":"product_cat-lopukleidid","9":"product_cat-maksikleidid","10":"product_cat-naised","11":"product_tag-elegantne-kleit","12":"product_tag-karini-butiik-kleidid","13":"product_tag-korge-lohik","14":"product_tag-maksikleit","15":"product_tag-naiste-peokleit","16":"product_tag-nude-kleit","17":"product_tag-ohtukleit","18":"product_tag-ohtukleit-pulmadeks","19":"product_tag-sadelev-varrukas","20":"product_tag-uhe-olaga-kleit","21":"desktop-align-center","22":"tablet-align-center","23":"mobile-align-center","24":"ast-product-gallery-layout-horizontal-slider","25":"ast-product-single-variable","26":"ast-product-tabs-layout-horizontal","28":"first","29":"instock","30":"taxable","31":"shipping-taxable","32":"purchasable","33":"product-type-variable"},"supplier_id":null,"supplier_sku":"","barcode":null,"atum_controlled":true,"out_stock_date":null,"out_stock_threshold":null,"inheritable":true,"inbound_stock":null,"stock_on_hold":0,"sold_today":0,"sales_last_days":0,"reserved_stock":0,"customer_returns":null,"warehouse_damage":0,"lost_in_post":null,"other_logs":0,"out_stock_days":0,"lost_sales":0,"has_location":false,"update_date":"2026-03-28T08:31:18","atum_locations":[],"atum_stock_status":"instock","restock_status":false,"low_stock_amount":"","sales_update_date":"2025-12-01T01:40:31","calc_backorders":null,"yoast_head":"<!-- This site is optimized with the Yoast SEO plugin v26.9 - https:\/\/yoast.com\/product\/yoast-seo-wordpress\/ -->\n<title>As\u00fcmmeetriline maksikleit s\u00e4deleva varrukaga - Karini Butiik<\/title>\n<meta name=\"description\" content=\"\u00dche \u00f5laga nude maksikleit s\u00e4deleva varrukaga ja k\u00f5rge l\u00f5hikuga. T\u00e4iuslik valik pulmadeks v\u00f5i \u00f5htuseks v\u00e4ljaminekuks. Elegantne ja efektne!\" \/>\n<meta name=\"robots\" content=\"index, follow, max-snippet:-1, max-image-preview:large, max-video-preview:-1\" \/>\n<link rel=\"canonical\" href=\"https:\/\/www.karinibutiik.ee\/lv\/produkts\/asimetriska-aknu-kleita-ar-polsteretam-piedurknem\/\" \/>\n<meta property=\"og:locale\" content=\"lv_LV\" \/>\n<meta property=\"og:type\" content=\"article\" \/>\n<meta property=\"og:title\" content=\"As\u00fcmmeetriline maksikleit s\u00e4deleva varrukaga - Karini Butiik\" \/>\n<meta property=\"og:description\" content=\"\u00dche \u00f5laga nude maksikleit s\u00e4deleva varrukaga ja k\u00f5rge l\u00f5hikuga. T\u00e4iuslik valik pulmadeks v\u00f5i \u00f5htuseks v\u00e4ljaminekuks. Elegantne ja efektne!\" \/>\n<meta property=\"og:url\" content=\"https:\/\/www.karinibutiik.ee\/lv\/produkts\/asimetriska-aknu-kleita-ar-polsteretam-piedurknem\/\" \/>\n<meta property=\"og:site_name\" content=\"Karini Butiik\" \/>\n<meta property=\"article:publisher\" content=\"https:\/\/www.facebook.com\/karinibutiik.ee\" \/>\n<meta property=\"article:modified_time\" content=\"2026-03-28T08:31:17+00:00\" \/>\n<meta property=\"og:image\" content=\"https:\/\/www.karinibutiik.ee\/wp-content\/uploads\/2025\/06\/1022E754-CE54-416C-99B1-C5B3CF74E62B-scaled-e1749646555862.jpeg\" \/>\n\t<meta property=\"og:image:width\" content=\"1690\" \/>\n\t<meta property=\"og:image:height\" content=\"2304\" \/>\n\t<meta property=\"og:image:type\" content=\"image\/jpeg\" \/>\n<meta name=\"twitter:card\" content=\"summary_large_image\" \/>\n<meta name=\"twitter:label1\" content=\"Availability\" \/>\n\t<meta name=\"twitter:data1\" content=\"In stock\" \/>\n<script type=\"application\/ld+json\" class=\"yoast-schema-graph\">{\"@context\":\"https:\/\/schema.org\",\"@graph\":[{\"@type\":\"WebPage\",\"@id\":\"https:\/\/www.karinibutiik.ee\/toode\/asummeetriline-maksikleit-sadeleva-varrukaga\/\",\"url\":\"https:\/\/www.karinibutiik.ee\/toode\/asummeetriline-maksikleit-sadeleva-varrukaga\/\",\"name\":\"As\u00fcmmeetriline maksikleit s\u00e4deleva varrukaga - Karini Butiik\",\"isPartOf\":{\"@id\":\"https:\/\/www.karinibutiik.ee\/#website\"},\"primaryImageOfPage\":{\"@id\":\"https:\/\/www.karinibutiik.ee\/toode\/asummeetriline-maksikleit-sadeleva-varrukaga\/#primaryimage\"},\"image\":{\"@id\":\"https:\/\/www.karinibutiik.ee\/toode\/asummeetriline-maksikleit-sadeleva-varrukaga\/#primaryimage\"},\"thumbnailUrl\":\"https:\/\/www.karinibutiik.ee\/wp-content\/uploads\/2025\/06\/1022E754-CE54-416C-99B1-C5B3CF74E62B-scaled-e1749646555862.jpeg\",\"datePublished\":\"2025-06-11T13:20:25+00:00\",\"dateModified\":\"2026-03-28T08:31:17+00:00\",\"description\":\"\u00dche \u00f5laga nude maksikleit s\u00e4deleva varrukaga ja k\u00f5rge l\u00f5hikuga. T\u00e4iuslik valik pulmadeks v\u00f5i \u00f5htuseks v\u00e4ljaminekuks. Elegantne ja efektne!\",\"breadcrumb\":{\"@id\":\"https:\/\/www.karinibutiik.ee\/toode\/asummeetriline-maksikleit-sadeleva-varrukaga\/#breadcrumb\"},\"inLanguage\":\"lv-LV\",\"potentialAction\":[{\"@type\":\"ReadAction\",\"target\":[\"https:\/\/www.karinibutiik.ee\/toode\/asummeetriline-maksikleit-sadeleva-varrukaga\/\"]}]},{\"@type\":\"ImageObject\",\"inLanguage\":\"lv-LV\",\"@id\":\"https:\/\/www.karinibutiik.ee\/toode\/asummeetriline-maksikleit-sadeleva-varrukaga\/#primaryimage\",\"url\":\"https:\/\/www.karinibutiik.ee\/wp-content\/uploads\/2025\/06\/1022E754-CE54-416C-99B1-C5B3CF74E62B-scaled-e1749646555862.jpeg\",\"contentUrl\":\"https:\/\/www.karinibutiik.ee\/wp-content\/uploads\/2025\/06\/1022E754-CE54-416C-99B1-C5B3CF74E62B-scaled-e1749646555862.jpeg\",\"width\":1690,\"height\":2304},{\"@type\":\"BreadcrumbList\",\"@id\":\"https:\/\/www.karinibutiik.ee\/toode\/asummeetriline-maksikleit-sadeleva-varrukaga\/#breadcrumb\",\"itemListElement\":[{\"@type\":\"ListItem\",\"position\":1,\"name\":\"Home\",\"item\":\"https:\/\/www.karinibutiik.ee\/\"},{\"@type\":\"ListItem\",\"position\":2,\"name\":\"Pood\",\"item\":\"https:\/\/www.karinibutiik.ee\/pood\/\"},{\"@type\":\"ListItem\",\"position\":3,\"name\":\"As\u00fcmmeetriline maksikleit s\u00e4deleva varrukaga\"}]},{\"@type\":\"WebSite\",\"@id\":\"https:\/\/www.karinibutiik.ee\/#website\",\"url\":\"https:\/\/www.karinibutiik.ee\/\",\"name\":\"Karini Butiik\",\"description\":\"\",\"publisher\":{\"@id\":\"https:\/\/www.karinibutiik.ee\/#organization\"},\"potentialAction\":[{\"@type\":\"SearchAction\",\"target\":{\"@type\":\"EntryPoint\",\"urlTemplate\":\"https:\/\/www.karinibutiik.ee\/?s={search_term_string}\"},\"query-input\":{\"@type\":\"PropertyValueSpecification\",\"valueRequired\":true,\"valueName\":\"search_term_string\"}}],\"inLanguage\":\"lv-LV\"},{\"@type\":\"Organization\",\"@id\":\"https:\/\/www.karinibutiik.ee\/#organization\",\"name\":\"Karini Butiik\",\"url\":\"https:\/\/www.karinibutiik.ee\/\",\"logo\":{\"@type\":\"ImageObject\",\"inLanguage\":\"lv-LV\",\"@id\":\"https:\/\/www.karinibutiik.ee\/#\/schema\/logo\/image\/\",\"url\":\"https:\/\/www.karinibutiik.ee\/wp-content\/uploads\/2024\/10\/Kuj.-K-koopia.png\",\"contentUrl\":\"https:\/\/www.karinibutiik.ee\/wp-content\/uploads\/2024\/10\/Kuj.-K-koopia.png\",\"width\":500,\"height\":500,\"caption\":\"Karini Butiik\"},\"image\":{\"@id\":\"https:\/\/www.karinibutiik.ee\/#\/schema\/logo\/image\/\"},\"sameAs\":[\"https:\/\/www.facebook.com\/karinibutiik.ee\",\"https:\/\/www.instagram.com\/karinibutiik\"]}]}<\/script>\n<meta property=\"og:availability\" content=\"instock\" \/>\n<meta property=\"product:availability\" content=\"instock\" \/>\n<meta property=\"product:retailer_item_id\" content=\"3836\" \/>\n<meta property=\"product:condition\" content=\"new\" \/>\n<!-- \/ Yoast SEO plugin. -->","yoast_head_json":{"title":"Asimetriska aknu kleita ar mirdzo\u0161\u0101m piedurkn\u0113m - Karini Butiik","description":"Nude aknu kleita ar vienu plecu, dzirksto\u0161\u0101m piedurkn\u0113m un augstu \u0161\u0137\u0113lumu. Lieliska izv\u0113le k\u0101z\u0101m vai vakara ball\u012btei. Eleganta un ko\u0161a!","robots":{"index":"index","follow":"follow","max-snippet":"max-snippet:-1","max-image-preview":"max-image-preview:large","max-video-preview":"max-video-preview:-1"},"canonical":"https:\/\/www.karinibutiik.ee\/lv\/produkts\/asimetriska-aknu-kleita-ar-polsteretam-piedurknem\/","og_locale":"lv_LV","og_type":"article","og_title":"As\u00fcmmeetriline maksikleit s\u00e4deleva varrukaga - Karini Butiik","og_description":"\u00dche \u00f5laga nude maksikleit s\u00e4deleva varrukaga ja k\u00f5rge l\u00f5hikuga. T\u00e4iuslik valik pulmadeks v\u00f5i \u00f5htuseks v\u00e4ljaminekuks. Elegantne ja efektne!","og_url":"https:\/\/www.karinibutiik.ee\/lv\/produkts\/asimetriska-aknu-kleita-ar-polsteretam-piedurknem\/","og_site_name":"Karini Butiik","article_publisher":"https:\/\/www.facebook.com\/karinibutiik.ee","article_modified_time":"2026-03-28T08:31:17+00:00","og_image":[{"width":1690,"height":2304,"url":"https:\/\/www.karinibutiik.ee\/wp-content\/uploads\/2025\/06\/1022E754-CE54-416C-99B1-C5B3CF74E62B-scaled-e1749646555862.jpeg","type":"image\/jpeg"}],"twitter_card":"summary_large_image","twitter_misc":{"Availability":"In stock"},"schema":{"@context":"https:\/\/schema.org","@graph":[{"@type":"WebPage","@id":"https:\/\/www.karinibutiik.ee\/toode\/asummeetriline-maksikleit-sadeleva-varrukaga\/","url":"https:\/\/www.karinibutiik.ee\/toode\/asummeetriline-maksikleit-sadeleva-varrukaga\/","name":"Asimetriska aknu kleita ar mirdzo\u0161\u0101m piedurkn\u0113m - Karini Butiik","isPartOf":{"@id":"https:\/\/www.karinibutiik.ee\/#website"},"primaryImageOfPage":{"@id":"https:\/\/www.karinibutiik.ee\/toode\/asummeetriline-maksikleit-sadeleva-varrukaga\/#primaryimage"},"image":{"@id":"https:\/\/www.karinibutiik.ee\/toode\/asummeetriline-maksikleit-sadeleva-varrukaga\/#primaryimage"},"thumbnailUrl":"https:\/\/www.karinibutiik.ee\/wp-content\/uploads\/2025\/06\/1022E754-CE54-416C-99B1-C5B3CF74E62B-scaled-e1749646555862.jpeg","datePublished":"2025-06-11T13:20:25+00:00","dateModified":"2026-03-28T08:31:17+00:00","description":"Nude aknu kleita ar vienu plecu, dzirksto\u0161\u0101m piedurkn\u0113m un augstu \u0161\u0137\u0113lumu. Lieliska izv\u0113le k\u0101z\u0101m vai vakara ball\u012btei. Eleganta un ko\u0161a!","breadcrumb":{"@id":"https:\/\/www.karinibutiik.ee\/toode\/asummeetriline-maksikleit-sadeleva-varrukaga\/#breadcrumb"},"inLanguage":"lv-LV","potentialAction":[{"@type":"ReadAction","target":["https:\/\/www.karinibutiik.ee\/toode\/asummeetriline-maksikleit-sadeleva-varrukaga\/"]}]},{"@type":"ImageObject","inLanguage":"lv-LV","@id":"https:\/\/www.karinibutiik.ee\/toode\/asummeetriline-maksikleit-sadeleva-varrukaga\/#primaryimage","url":"https:\/\/www.karinibutiik.ee\/wp-content\/uploads\/2025\/06\/1022E754-CE54-416C-99B1-C5B3CF74E62B-scaled-e1749646555862.jpeg","contentUrl":"https:\/\/www.karinibutiik.ee\/wp-content\/uploads\/2025\/06\/1022E754-CE54-416C-99B1-C5B3CF74E62B-scaled-e1749646555862.jpeg","width":1690,"height":2304},{"@type":"BreadcrumbList","@id":"https:\/\/www.karinibutiik.ee\/toode\/asummeetriline-maksikleit-sadeleva-varrukaga\/#breadcrumb","itemListElement":[{"@type":"ListItem","position":1,"name":"Home","item":"https:\/\/www.karinibutiik.ee\/"},{"@type":"ListItem","position":2,"name":"Pood","item":"https:\/\/www.karinibutiik.ee\/pood\/"},{"@type":"ListItem","position":3,"name":"As\u00fcmmeetriline maksikleit s\u00e4deleva varrukaga"}]},{"@type":"WebSite","@id":"https:\/\/www.karinibutiik.ee\/#website","url":"https:\/\/www.karinibutiik.ee\/","name":"Karini Butiik","description":"","publisher":{"@id":"https:\/\/www.karinibutiik.ee\/#organization"},"potentialAction":[{"@type":"SearchAction","target":{"@type":"EntryPoint","urlTemplate":"https:\/\/www.karinibutiik.ee\/?s={search_term_string}"},"query-input":{"@type":"PropertyValueSpecification","valueRequired":true,"valueName":"search_term_string"}}],"inLanguage":"lv-LV"},{"@type":"Organization","@id":"https:\/\/www.karinibutiik.ee\/#organization","name":"Karini Butiik","url":"https:\/\/www.karinibutiik.ee\/","logo":{"@type":"ImageObject","inLanguage":"lv-LV","@id":"https:\/\/www.karinibutiik.ee\/#\/schema\/logo\/image\/","url":"https:\/\/www.karinibutiik.ee\/wp-content\/uploads\/2024\/10\/Kuj.-K-koopia.png","contentUrl":"https:\/\/www.karinibutiik.ee\/wp-content\/uploads\/2024\/10\/Kuj.-K-koopia.png","width":500,"height":500,"caption":"Karini Butiik"},"image":{"@id":"https:\/\/www.karinibutiik.ee\/#\/schema\/logo\/image\/"},"sameAs":["https:\/\/www.facebook.com\/karinibutiik.ee","https:\/\/www.instagram.com\/karinibutiik"]}]},"og_availability":"instock","product_availability":"instock","product_retailer_item_id":"3836","product_condition":"new"},"_links":{"self":[{"href":"https:\/\/www.karinibutiik.ee\/lv\/wp-json\/wp\/v2\/product\/22455","targetHints":{"allow":["GET"]}}],"collection":[{"href":"https:\/\/www.karinibutiik.ee\/lv\/wp-json\/wp\/v2\/product"}],"about":[{"href":"https:\/\/www.karinibutiik.ee\/lv\/wp-json\/wp\/v2\/types\/product"}],"version-history":[{"count":2,"href":"https:\/\/www.karinibutiik.ee\/lv\/wp-json\/wp\/v2\/product\/22455\/revisions"}],"predecessor-version":[{"id":22482,"href":"https:\/\/www.karinibutiik.ee\/lv\/wp-json\/wp\/v2\/product\/22455\/revisions\/22482"}],"wp:featuredmedia":[{"embeddable":true,"href":"https:\/\/www.karinibutiik.ee\/lv\/wp-json\/wp\/v2\/media\/22451"}],"wp:attachment":[{"href":"https:\/\/www.karinibutiik.ee\/lv\/wp-json\/wp\/v2\/media?parent=22455"}],"wp:term":[{"taxonomy":"product_brand","embeddable":true,"href":"https:\/\/www.karinibutiik.ee\/lv\/wp-json\/wp\/v2\/product_brand?post=22455"},{"taxonomy":"product_cat","embeddable":true,"href":"https:\/\/www.karinibutiik.ee\/lv\/wp-json\/wp\/v2\/product_cat?post=22455"},{"taxonomy":"product_tag","embeddable":true,"href":"https:\/\/www.karinibutiik.ee\/lv\/wp-json\/wp\/v2\/product_tag?post=22455"}],"curies":[{"name":"wp","href":"https:\/\/api.w.org\/{rel}","templated":true}]}}