{"id":22514,"date":"2025-06-11T14:54:55","date_gmt":"2025-06-11T14:54:55","guid":{"rendered":"https:\/\/www.karinibutiik.ee\/?post_type=product&#038;p=22514"},"modified":"2026-04-11T12:49:37","modified_gmt":"2026-04-11T09:49:37","slug":"stiilne-ja-suvine-teksariidest-komplekt","status":"publish","type":"product","link":"https:\/\/www.karinibutiik.ee\/lv\/produkts\/stiilne-ja-suvine-teksariidest-komplekt\/","title":{"rendered":"STIL\u012aGS UN VASAR\u012aGS D\u017dINSU KOMPLEKTS"},"content":{"rendered":"<p data-start=\"154\" data-end=\"600\"><strong data-start=\"154\" data-end=\"190\">Stiilne helesinine teksakomplekt<\/strong> on moekas ja pilkup\u00fc\u00fcdev valik igap\u00e4evaseks kandmiseks. Komplekti kuulub \u00fches t\u00fckis <strong data-start=\"275\" data-end=\"298\">teksaseelik ja vest<\/strong>, mis on valmistatud kvaliteetsest ja mugavast teksariidest. Klassikaline l\u00f5ige ja v\u00e4rske helesinine toon sobivad suurep\u00e4raselt kevad- ja suvehooajaks. Kanna seda koos tenniste v\u00f5i kontsadega ning loo hetkega modernne, ent ajatu v\u00e4limus. Ideaalne valik linnatiiruks, kohvikukohtumiseks v\u00f5i festivalile!<\/p>","protected":false},"excerpt":{"rendered":"<p>Stiilne helesinine teksakomplekt on moekas ja pilkup\u00fc\u00fcdev valik igap\u00e4evaseks kandmiseks. Komplekti kuulub \u00fches t\u00fckis teksaseelik ja vest, mis on valmistatud [&hellip;]<\/p>\n","protected":false},"featured_media":22419,"template":"","meta":{"site-sidebar-layout":"default","site-content-layout":"","ast-site-content-layout":"default","site-content-style":"default","site-sidebar-style":"default","ast-global-header-display":"","ast-banner-title-visibility":"","ast-main-header-display":"","ast-hfb-above-header-display":"","ast-hfb-below-header-display":"","ast-hfb-mobile-header-display":"","site-post-title":"","ast-breadcrumbs-content":"","ast-featured-img":"","footer-sml-layout":"","ast-disable-related-posts":"","theme-transparent-header-meta":"default","adv-header-id-meta":"","stick-header-meta":"default","header-above-stick-meta":"","header-main-stick-meta":"","header-below-stick-meta":"","astra-migrate-meta-layouts":"set","ast-page-background-enabled":"default","ast-page-background-meta":{"desktop":{"background-color":"var(--ast-global-color-4)","background-image":"","background-repeat":"repeat","background-position":"center center","background-size":"auto","background-attachment":"scroll","background-type":"","background-media":"","overlay-type":"","overlay-color":"","overlay-opacity":"","overlay-gradient":""},"tablet":{"background-color":"","background-image":"","background-repeat":"repeat","background-position":"center center","background-size":"auto","background-attachment":"scroll","background-type":"","background-media":"","overlay-type":"","overlay-color":"","overlay-opacity":"","overlay-gradient":""},"mobile":{"background-color":"","background-image":"","background-repeat":"repeat","background-position":"center center","background-size":"auto","background-attachment":"scroll","background-type":"","background-media":"","overlay-type":"","overlay-color":"","overlay-opacity":"","overlay-gradient":""}},"ast-content-background-meta":{"desktop":{"background-color":"var(--ast-global-color-5)","background-image":"","background-repeat":"repeat","background-position":"center center","background-size":"auto","background-attachment":"scroll","background-type":"","background-media":"","overlay-type":"","overlay-color":"","overlay-opacity":"","overlay-gradient":""},"tablet":{"background-color":"var(--ast-global-color-5)","background-image":"","background-repeat":"repeat","background-position":"center center","background-size":"auto","background-attachment":"scroll","background-type":"","background-media":"","overlay-type":"","overlay-color":"","overlay-opacity":"","overlay-gradient":""},"mobile":{"background-color":"var(--ast-global-color-5)","background-image":"","background-repeat":"repeat","background-position":"center center","background-size":"auto","background-attachment":"scroll","background-type":"","background-media":"","overlay-type":"","overlay-color":"","overlay-opacity":"","overlay-gradient":""}}},"product_brand":[],"product_cat":[367,385,347,364,346,352,359],"product_tag":[1315,1314,103,1317,1312,1286,1313,1316],"class_list":{"0":"post-22514","1":"product","2":"type-product","3":"status-publish","4":"has-post-thumbnail","6":"product_cat-allahindlus","7":"product_cat-joped-tagid-vestid","8":"product_cat-kleidid","9":"product_cat-minikleidid","10":"product_cat-naised","11":"product_cat-pluusid-bodid","12":"product_cat-teksapuksid","13":"product_tag-helesinine-teksa","14":"product_tag-helesinine-teksariie","15":"product_tag-kaheosaline-komplekt","16":"product_tag-karini-butiik-riided","17":"product_tag-naiste-teksakomplekt","18":"product_tag-suveroivad","19":"product_tag-suvine-naiste-komplekt","20":"product_tag-teksavest-ja-seelik","21":"desktop-align-center","22":"tablet-align-center","23":"mobile-align-center","24":"ast-product-gallery-layout-horizontal-slider","25":"ast-product-single-variable","26":"ast-product-tabs-layout-horizontal","28":"first","29":"instock","30":"sale","31":"taxable","32":"shipping-taxable","33":"purchasable","34":"product-type-variable"},"supplier_id":null,"supplier_sku":"","barcode":null,"atum_controlled":true,"out_stock_date":null,"out_stock_threshold":null,"inheritable":true,"inbound_stock":null,"stock_on_hold":0,"sold_today":0,"sales_last_days":0,"reserved_stock":0,"customer_returns":null,"warehouse_damage":0,"lost_in_post":null,"other_logs":0,"out_stock_days":0,"lost_sales":0,"has_location":false,"update_date":"2026-03-28T08:31:31","atum_locations":[],"atum_stock_status":"instock","restock_status":false,"low_stock_amount":"","sales_update_date":"2025-12-04T01:26:35","calc_backorders":null,"yoast_head":"<!-- This site is optimized with the Yoast SEO plugin v26.9 - https:\/\/yoast.com\/product\/yoast-seo-wordpress\/ -->\n<title>STIILNE JA SUVINE TEKSARIIDEST KOMPLEKT - Karini Butiik<\/title>\n<meta name=\"description\" content=\"Trendikas heledast teksast naiste komplekt Karini Butiik-vest k\u00fcljel\u00f5igetega ja SIRGE L\u00d5IKEGA MINI-SEELIK. IDEAALNE SUVEKS\" \/>\n<meta name=\"robots\" content=\"index, follow, max-snippet:-1, max-image-preview:large, max-video-preview:-1\" \/>\n<link rel=\"canonical\" href=\"https:\/\/www.karinibutiik.ee\/lv\/produkts\/stiilne-ja-suvine-teksariidest-komplekt\/\" \/>\n<meta property=\"og:locale\" content=\"lv_LV\" \/>\n<meta property=\"og:type\" content=\"article\" \/>\n<meta property=\"og:title\" content=\"STIILNE JA SUVINE TEKSARIIDEST KOMPLEKT - Karini Butiik\" \/>\n<meta property=\"og:description\" content=\"Trendikas heledast teksast naiste komplekt Karini Butiik-vest k\u00fcljel\u00f5igetega ja SIRGE L\u00d5IKEGA MINI-SEELIK. IDEAALNE SUVEKS\" \/>\n<meta property=\"og:url\" content=\"https:\/\/www.karinibutiik.ee\/lv\/produkts\/stiilne-ja-suvine-teksariidest-komplekt\/\" \/>\n<meta property=\"og:site_name\" content=\"Karini Butiik\" \/>\n<meta property=\"article:publisher\" content=\"https:\/\/www.facebook.com\/karinibutiik.ee\" \/>\n<meta property=\"article:modified_time\" content=\"2026-04-11T09:49:37+00:00\" \/>\n<meta property=\"og:image\" content=\"https:\/\/www.karinibutiik.ee\/wp-content\/uploads\/2025\/06\/7E164797-8998-4432-9F31-34AF4AA44083.jpeg\" \/>\n\t<meta property=\"og:image:width\" content=\"1440\" \/>\n\t<meta property=\"og:image:height\" content=\"1643\" \/>\n\t<meta property=\"og:image:type\" content=\"image\/jpeg\" \/>\n<meta name=\"twitter:card\" content=\"summary_large_image\" \/>\n<meta name=\"twitter:label1\" content=\"Availability\" \/>\n\t<meta name=\"twitter:data1\" content=\"In stock\" \/>\n<script type=\"application\/ld+json\" class=\"yoast-schema-graph\">{\"@context\":\"https:\/\/schema.org\",\"@graph\":[{\"@type\":\"WebPage\",\"@id\":\"https:\/\/www.karinibutiik.ee\/toode\/stiilne-ja-suvine-teksariidest-komplekt\/\",\"url\":\"https:\/\/www.karinibutiik.ee\/toode\/stiilne-ja-suvine-teksariidest-komplekt\/\",\"name\":\"STIILNE JA SUVINE TEKSARIIDEST KOMPLEKT - Karini Butiik\",\"isPartOf\":{\"@id\":\"https:\/\/www.karinibutiik.ee\/#website\"},\"primaryImageOfPage\":{\"@id\":\"https:\/\/www.karinibutiik.ee\/toode\/stiilne-ja-suvine-teksariidest-komplekt\/#primaryimage\"},\"image\":{\"@id\":\"https:\/\/www.karinibutiik.ee\/toode\/stiilne-ja-suvine-teksariidest-komplekt\/#primaryimage\"},\"thumbnailUrl\":\"https:\/\/www.karinibutiik.ee\/wp-content\/uploads\/2025\/06\/7E164797-8998-4432-9F31-34AF4AA44083.jpeg\",\"datePublished\":\"2025-06-11T14:54:55+00:00\",\"dateModified\":\"2026-04-11T09:49:37+00:00\",\"description\":\"Trendikas heledast teksast naiste komplekt Karini Butiik-vest k\u00fcljel\u00f5igetega ja SIRGE L\u00d5IKEGA MINI-SEELIK. IDEAALNE SUVEKS\",\"breadcrumb\":{\"@id\":\"https:\/\/www.karinibutiik.ee\/toode\/stiilne-ja-suvine-teksariidest-komplekt\/#breadcrumb\"},\"inLanguage\":\"lv-LV\",\"potentialAction\":[{\"@type\":\"ReadAction\",\"target\":[\"https:\/\/www.karinibutiik.ee\/toode\/stiilne-ja-suvine-teksariidest-komplekt\/\"]}]},{\"@type\":\"ImageObject\",\"inLanguage\":\"lv-LV\",\"@id\":\"https:\/\/www.karinibutiik.ee\/toode\/stiilne-ja-suvine-teksariidest-komplekt\/#primaryimage\",\"url\":\"https:\/\/www.karinibutiik.ee\/wp-content\/uploads\/2025\/06\/7E164797-8998-4432-9F31-34AF4AA44083.jpeg\",\"contentUrl\":\"https:\/\/www.karinibutiik.ee\/wp-content\/uploads\/2025\/06\/7E164797-8998-4432-9F31-34AF4AA44083.jpeg\",\"width\":1440,\"height\":1643},{\"@type\":\"BreadcrumbList\",\"@id\":\"https:\/\/www.karinibutiik.ee\/toode\/stiilne-ja-suvine-teksariidest-komplekt\/#breadcrumb\",\"itemListElement\":[{\"@type\":\"ListItem\",\"position\":1,\"name\":\"Home\",\"item\":\"https:\/\/www.karinibutiik.ee\/\"},{\"@type\":\"ListItem\",\"position\":2,\"name\":\"Pood\",\"item\":\"https:\/\/www.karinibutiik.ee\/pood\/\"},{\"@type\":\"ListItem\",\"position\":3,\"name\":\"STIILNE JA SUVINE TEKSARIIDEST KOMPLEKT\"}]},{\"@type\":\"WebSite\",\"@id\":\"https:\/\/www.karinibutiik.ee\/#website\",\"url\":\"https:\/\/www.karinibutiik.ee\/\",\"name\":\"Karini Butiik\",\"description\":\"\",\"publisher\":{\"@id\":\"https:\/\/www.karinibutiik.ee\/#organization\"},\"potentialAction\":[{\"@type\":\"SearchAction\",\"target\":{\"@type\":\"EntryPoint\",\"urlTemplate\":\"https:\/\/www.karinibutiik.ee\/?s={search_term_string}\"},\"query-input\":{\"@type\":\"PropertyValueSpecification\",\"valueRequired\":true,\"valueName\":\"search_term_string\"}}],\"inLanguage\":\"lv-LV\"},{\"@type\":\"Organization\",\"@id\":\"https:\/\/www.karinibutiik.ee\/#organization\",\"name\":\"Karini Butiik\",\"url\":\"https:\/\/www.karinibutiik.ee\/\",\"logo\":{\"@type\":\"ImageObject\",\"inLanguage\":\"lv-LV\",\"@id\":\"https:\/\/www.karinibutiik.ee\/#\/schema\/logo\/image\/\",\"url\":\"https:\/\/www.karinibutiik.ee\/wp-content\/uploads\/2024\/10\/Kuj.-K-koopia.png\",\"contentUrl\":\"https:\/\/www.karinibutiik.ee\/wp-content\/uploads\/2024\/10\/Kuj.-K-koopia.png\",\"width\":500,\"height\":500,\"caption\":\"Karini Butiik\"},\"image\":{\"@id\":\"https:\/\/www.karinibutiik.ee\/#\/schema\/logo\/image\/\"},\"sameAs\":[\"https:\/\/www.facebook.com\/karinibutiik.ee\",\"https:\/\/www.instagram.com\/karinibutiik\"]}]}<\/script>\n<meta property=\"og:availability\" content=\"instock\" \/>\n<meta property=\"product:availability\" content=\"instock\" \/>\n<meta property=\"product:retailer_item_id\" content=\"2811\" \/>\n<meta property=\"product:condition\" content=\"new\" \/>\n<!-- \/ Yoast SEO plugin. -->","yoast_head_json":{"title":"STIILNE JA SUVINE TEKSARIIDEST KOMPLEKT - Karini Butiik","description":"Trendikas heledast teksast naiste komplekt Karini Butiik-vest k\u00fcljel\u00f5igetega ja SIRGE L\u00d5IKEGA MINI-SEELIK. IDEAALNE SUVEKS","robots":{"index":"index","follow":"follow","max-snippet":"max-snippet:-1","max-image-preview":"max-image-preview:large","max-video-preview":"max-video-preview:-1"},"canonical":"https:\/\/www.karinibutiik.ee\/lv\/produkts\/stiilne-ja-suvine-teksariidest-komplekt\/","og_locale":"lv_LV","og_type":"article","og_title":"STIILNE JA SUVINE TEKSARIIDEST KOMPLEKT - Karini Butiik","og_description":"Trendikas heledast teksast naiste komplekt Karini Butiik-vest k\u00fcljel\u00f5igetega ja SIRGE L\u00d5IKEGA MINI-SEELIK. IDEAALNE SUVEKS","og_url":"https:\/\/www.karinibutiik.ee\/lv\/produkts\/stiilne-ja-suvine-teksariidest-komplekt\/","og_site_name":"Karini Butiik","article_publisher":"https:\/\/www.facebook.com\/karinibutiik.ee","article_modified_time":"2026-04-11T09:49:37+00:00","og_image":[{"width":1440,"height":1643,"url":"https:\/\/www.karinibutiik.ee\/wp-content\/uploads\/2025\/06\/7E164797-8998-4432-9F31-34AF4AA44083.jpeg","type":"image\/jpeg"}],"twitter_card":"summary_large_image","twitter_misc":{"Availability":"In stock"},"schema":{"@context":"https:\/\/schema.org","@graph":[{"@type":"WebPage","@id":"https:\/\/www.karinibutiik.ee\/toode\/stiilne-ja-suvine-teksariidest-komplekt\/","url":"https:\/\/www.karinibutiik.ee\/toode\/stiilne-ja-suvine-teksariidest-komplekt\/","name":"STIILNE JA SUVINE TEKSARIIDEST KOMPLEKT - Karini Butiik","isPartOf":{"@id":"https:\/\/www.karinibutiik.ee\/#website"},"primaryImageOfPage":{"@id":"https:\/\/www.karinibutiik.ee\/toode\/stiilne-ja-suvine-teksariidest-komplekt\/#primaryimage"},"image":{"@id":"https:\/\/www.karinibutiik.ee\/toode\/stiilne-ja-suvine-teksariidest-komplekt\/#primaryimage"},"thumbnailUrl":"https:\/\/www.karinibutiik.ee\/wp-content\/uploads\/2025\/06\/7E164797-8998-4432-9F31-34AF4AA44083.jpeg","datePublished":"2025-06-11T14:54:55+00:00","dateModified":"2026-04-11T09:49:37+00:00","description":"Trendikas heledast teksast naiste komplekt Karini Butiik-vest k\u00fcljel\u00f5igetega ja SIRGE L\u00d5IKEGA MINI-SEELIK. IDEAALNE SUVEKS","breadcrumb":{"@id":"https:\/\/www.karinibutiik.ee\/toode\/stiilne-ja-suvine-teksariidest-komplekt\/#breadcrumb"},"inLanguage":"lv-LV","potentialAction":[{"@type":"ReadAction","target":["https:\/\/www.karinibutiik.ee\/toode\/stiilne-ja-suvine-teksariidest-komplekt\/"]}]},{"@type":"ImageObject","inLanguage":"lv-LV","@id":"https:\/\/www.karinibutiik.ee\/toode\/stiilne-ja-suvine-teksariidest-komplekt\/#primaryimage","url":"https:\/\/www.karinibutiik.ee\/wp-content\/uploads\/2025\/06\/7E164797-8998-4432-9F31-34AF4AA44083.jpeg","contentUrl":"https:\/\/www.karinibutiik.ee\/wp-content\/uploads\/2025\/06\/7E164797-8998-4432-9F31-34AF4AA44083.jpeg","width":1440,"height":1643},{"@type":"BreadcrumbList","@id":"https:\/\/www.karinibutiik.ee\/toode\/stiilne-ja-suvine-teksariidest-komplekt\/#breadcrumb","itemListElement":[{"@type":"ListItem","position":1,"name":"Home","item":"https:\/\/www.karinibutiik.ee\/"},{"@type":"ListItem","position":2,"name":"Pood","item":"https:\/\/www.karinibutiik.ee\/pood\/"},{"@type":"ListItem","position":3,"name":"STIILNE JA SUVINE TEKSARIIDEST KOMPLEKT"}]},{"@type":"WebSite","@id":"https:\/\/www.karinibutiik.ee\/#website","url":"https:\/\/www.karinibutiik.ee\/","name":"Karini Butiik","description":"","publisher":{"@id":"https:\/\/www.karinibutiik.ee\/#organization"},"potentialAction":[{"@type":"SearchAction","target":{"@type":"EntryPoint","urlTemplate":"https:\/\/www.karinibutiik.ee\/?s={search_term_string}"},"query-input":{"@type":"PropertyValueSpecification","valueRequired":true,"valueName":"search_term_string"}}],"inLanguage":"lv-LV"},{"@type":"Organization","@id":"https:\/\/www.karinibutiik.ee\/#organization","name":"Karini Butiik","url":"https:\/\/www.karinibutiik.ee\/","logo":{"@type":"ImageObject","inLanguage":"lv-LV","@id":"https:\/\/www.karinibutiik.ee\/#\/schema\/logo\/image\/","url":"https:\/\/www.karinibutiik.ee\/wp-content\/uploads\/2024\/10\/Kuj.-K-koopia.png","contentUrl":"https:\/\/www.karinibutiik.ee\/wp-content\/uploads\/2024\/10\/Kuj.-K-koopia.png","width":500,"height":500,"caption":"Karini Butiik"},"image":{"@id":"https:\/\/www.karinibutiik.ee\/#\/schema\/logo\/image\/"},"sameAs":["https:\/\/www.facebook.com\/karinibutiik.ee","https:\/\/www.instagram.com\/karinibutiik"]}]},"og_availability":"instock","product_availability":"instock","product_retailer_item_id":"2811","product_condition":"new"},"_links":{"self":[{"href":"https:\/\/www.karinibutiik.ee\/lv\/wp-json\/wp\/v2\/product\/22514","targetHints":{"allow":["GET"]}}],"collection":[{"href":"https:\/\/www.karinibutiik.ee\/lv\/wp-json\/wp\/v2\/product"}],"about":[{"href":"https:\/\/www.karinibutiik.ee\/lv\/wp-json\/wp\/v2\/types\/product"}],"version-history":[{"count":4,"href":"https:\/\/www.karinibutiik.ee\/lv\/wp-json\/wp\/v2\/product\/22514\/revisions"}],"predecessor-version":[{"id":22824,"href":"https:\/\/www.karinibutiik.ee\/lv\/wp-json\/wp\/v2\/product\/22514\/revisions\/22824"}],"wp:featuredmedia":[{"embeddable":true,"href":"https:\/\/www.karinibutiik.ee\/lv\/wp-json\/wp\/v2\/media\/22419"}],"wp:attachment":[{"href":"https:\/\/www.karinibutiik.ee\/lv\/wp-json\/wp\/v2\/media?parent=22514"}],"wp:term":[{"taxonomy":"product_brand","embeddable":true,"href":"https:\/\/www.karinibutiik.ee\/lv\/wp-json\/wp\/v2\/product_brand?post=22514"},{"taxonomy":"product_cat","embeddable":true,"href":"https:\/\/www.karinibutiik.ee\/lv\/wp-json\/wp\/v2\/product_cat?post=22514"},{"taxonomy":"product_tag","embeddable":true,"href":"https:\/\/www.karinibutiik.ee\/lv\/wp-json\/wp\/v2\/product_tag?post=22514"}],"curies":[{"name":"wp","href":"https:\/\/api.w.org\/{rel}","templated":true}]}}