{"id":22595,"date":"2025-06-18T10:24:43","date_gmt":"2025-06-18T10:24:43","guid":{"rendered":"https:\/\/www.karinibutiik.ee\/?post_type=product&#038;p=22595"},"modified":"2026-03-28T10:31:56","modified_gmt":"2026-03-28T08:31:56","slug":"helesinised-teksapuksid","status":"publish","type":"product","link":"https:\/\/www.karinibutiik.ee\/lv\/produkts\/helesinised-teksapuksid\/","title":{"rendered":"Gai\u0161i zili d\u017einsi"},"content":{"rendered":"<p data-start=\"135\" data-end=\"579\">Stiilsed ja mugavad helesinised k\u00f5rge pihaga teksap\u00fcksid, mis on loodud just pikemale kandjale. Need klassikalise l\u00f5ikega teksad toovad esile keha proportsioonid ja pikendavad visuaalselt jalgu. Kvaliteetsest ja veidi venivast denim-kangast valmistatud p\u00fcksid sobivad suurep\u00e4raselt nii igap\u00e4evaseks kandmiseks kui ka pisut viisakamaks puhuks. K\u00f5rge v\u00e4rvel tagab hea istuvuse ja toetab keskkohta, pakkudes samal ajal mugavust terve p\u00e4eva v\u00e4ltel.<\/p>\n<p data-start=\"581\" data-end=\"596\"><strong data-start=\"581\" data-end=\"594\">Funkcijas:<\/strong><\/p>\n<ul data-start=\"597\" data-end=\"803\">\n<li data-start=\"597\" data-end=\"619\">\n<p data-start=\"599\" data-end=\"619\">K\u00f5rge pihaga l\u00f5ige<\/p>\n<\/li>\n<li data-start=\"620\" data-end=\"662\">\n<p data-start=\"622\" data-end=\"662\">Helesinine toon \u2013 sobib igas olukorras<\/p>\n<\/li>\n<li data-start=\"663\" data-end=\"685\">\n<p data-start=\"665\" data-end=\"685\">Mugav veniv kangas<\/p>\n<\/li>\n<li data-start=\"686\" data-end=\"739\">\n<p data-start=\"688\" data-end=\"739\">Pikema jalaosaga \u2013 ideaalne pikematele kandjatele<\/p>\n<\/li>\n<li data-start=\"740\" data-end=\"774\">\n<p data-start=\"742\" data-end=\"774\">Klassikaline viie tasku disain<\/p>\n<\/li>\n<li data-start=\"775\" data-end=\"803\">\n<p data-start=\"777\" data-end=\"803\">N\u00f6\u00f6bi ja lukuga kinnitus<\/p>\n<\/li>\n<\/ul>","protected":false},"excerpt":{"rendered":"<p>Stiilsed ja mugavad helesinised k\u00f5rge pihaga teksap\u00fcksid, mis on loodud just pikemale kandjale. Need klassikalise l\u00f5ikega teksad toovad esile keha [&hellip;]<\/p>\n","protected":false},"featured_media":22592,"template":"","meta":{"site-sidebar-layout":"default","site-content-layout":"","ast-site-content-layout":"default","site-content-style":"default","site-sidebar-style":"default","ast-global-header-display":"","ast-banner-title-visibility":"","ast-main-header-display":"","ast-hfb-above-header-display":"","ast-hfb-below-header-display":"","ast-hfb-mobile-header-display":"","site-post-title":"","ast-breadcrumbs-content":"","ast-featured-img":"","footer-sml-layout":"","ast-disable-related-posts":"","theme-transparent-header-meta":"default","adv-header-id-meta":"","stick-header-meta":"default","header-above-stick-meta":"","header-main-stick-meta":"","header-below-stick-meta":"","astra-migrate-meta-layouts":"set","ast-page-background-enabled":"default","ast-page-background-meta":{"desktop":{"background-color":"var(--ast-global-color-4)","background-image":"","background-repeat":"repeat","background-position":"center center","background-size":"auto","background-attachment":"scroll","background-type":"","background-media":"","overlay-type":"","overlay-color":"","overlay-opacity":"","overlay-gradient":""},"tablet":{"background-color":"","background-image":"","background-repeat":"repeat","background-position":"center center","background-size":"auto","background-attachment":"scroll","background-type":"","background-media":"","overlay-type":"","overlay-color":"","overlay-opacity":"","overlay-gradient":""},"mobile":{"background-color":"","background-image":"","background-repeat":"repeat","background-position":"center center","background-size":"auto","background-attachment":"scroll","background-type":"","background-media":"","overlay-type":"","overlay-color":"","overlay-opacity":"","overlay-gradient":""}},"ast-content-background-meta":{"desktop":{"background-color":"var(--ast-global-color-5)","background-image":"","background-repeat":"repeat","background-position":"center center","background-size":"auto","background-attachment":"scroll","background-type":"","background-media":"","overlay-type":"","overlay-color":"","overlay-opacity":"","overlay-gradient":""},"tablet":{"background-color":"var(--ast-global-color-5)","background-image":"","background-repeat":"repeat","background-position":"center center","background-size":"auto","background-attachment":"scroll","background-type":"","background-media":"","overlay-type":"","overlay-color":"","overlay-opacity":"","overlay-gradient":""},"mobile":{"background-color":"var(--ast-global-color-5)","background-image":"","background-repeat":"repeat","background-position":"center center","background-size":"auto","background-attachment":"scroll","background-type":"","background-media":"","overlay-type":"","overlay-color":"","overlay-opacity":"","overlay-gradient":""}}},"product_brand":[],"product_cat":[367,346,354,359],"product_tag":[561,1342,1338,732,1343,1341,1339,1340,1345,1344],"class_list":{"0":"post-22595","1":"product","2":"type-product","3":"status-publish","4":"has-post-thumbnail","6":"product_cat-allahindlus","7":"product_cat-naised","8":"product_cat-puksid-seelikud","9":"product_cat-teksapuksid","10":"product_tag-helesinised-teksad","11":"product_tag-klassikalised-teksad","12":"product_tag-korge-pihaga-puksid","13":"product_tag-korge-varvliga-teksad","14":"product_tag-mugavad-teksad","15":"product_tag-naiste-teksapuksid","16":"product_tag-pikale-naisele","17":"product_tag-pikematele-kandjatele","18":"product_tag-stiilsed-teksad","19":"product_tag-venivad-teksad","20":"desktop-align-center","21":"tablet-align-center","22":"mobile-align-center","23":"ast-product-gallery-layout-horizontal-slider","24":"ast-product-single-variable","25":"ast-product-tabs-layout-horizontal","27":"first","28":"instock","29":"sale","30":"taxable","31":"shipping-taxable","32":"purchasable","33":"product-type-variable"},"supplier_id":null,"supplier_sku":"","barcode":null,"atum_controlled":true,"out_stock_date":null,"out_stock_threshold":null,"inheritable":true,"inbound_stock":null,"stock_on_hold":0,"sold_today":0,"sales_last_days":0,"reserved_stock":0,"customer_returns":null,"warehouse_damage":0,"lost_in_post":null,"other_logs":0,"out_stock_days":0,"lost_sales":0,"has_location":false,"update_date":"2026-03-28T08:31:58","atum_locations":[],"atum_stock_status":"instock","restock_status":false,"low_stock_amount":"","sales_update_date":"2025-12-03T01:42:30","calc_backorders":null,"yoast_head":"<!-- This site is optimized with the Yoast SEO plugin v26.9 - https:\/\/yoast.com\/product\/yoast-seo-wordpress\/ -->\n<title>Helesinised teksap\u00fcksid - Karini Butiik<\/title>\n<meta name=\"description\" content=\"Helesinised k\u00f5rge pihaga teksap\u00fcksid pikemale naisele. Mugav l\u00f5ige, veniv kangas ja stiilne v\u00e4limus \u2013 t\u00e4iuslik valik igap\u00e4evaseks kandmiseks.\" \/>\n<meta name=\"robots\" content=\"index, follow, max-snippet:-1, max-image-preview:large, max-video-preview:-1\" \/>\n<link rel=\"canonical\" href=\"https:\/\/www.karinibutiik.ee\/lv\/produkts\/helesinised-teksapuksid\/\" \/>\n<meta property=\"og:locale\" content=\"lv_LV\" \/>\n<meta property=\"og:type\" content=\"article\" \/>\n<meta property=\"og:title\" content=\"Helesinised teksap\u00fcksid - Karini Butiik\" \/>\n<meta property=\"og:description\" content=\"Helesinised k\u00f5rge pihaga teksap\u00fcksid pikemale naisele. Mugav l\u00f5ige, veniv kangas ja stiilne v\u00e4limus \u2013 t\u00e4iuslik valik igap\u00e4evaseks kandmiseks.\" \/>\n<meta property=\"og:url\" content=\"https:\/\/www.karinibutiik.ee\/lv\/produkts\/helesinised-teksapuksid\/\" \/>\n<meta property=\"og:site_name\" content=\"Karini Butiik\" \/>\n<meta property=\"article:publisher\" content=\"https:\/\/www.facebook.com\/karinibutiik.ee\" \/>\n<meta property=\"article:modified_time\" content=\"2026-03-28T08:31:56+00:00\" \/>\n<meta property=\"og:image\" content=\"https:\/\/www.karinibutiik.ee\/wp-content\/uploads\/2025\/06\/DC0ACCE3-323D-4464-82F0-2C1EF9524523.jpeg\" \/>\n\t<meta property=\"og:image:width\" content=\"1721\" \/>\n\t<meta property=\"og:image:height\" content=\"2152\" \/>\n\t<meta property=\"og:image:type\" content=\"image\/jpeg\" \/>\n<meta name=\"twitter:card\" content=\"summary_large_image\" \/>\n<meta name=\"twitter:label1\" content=\"Availability\" \/>\n\t<meta name=\"twitter:data1\" content=\"In stock\" \/>\n<script type=\"application\/ld+json\" class=\"yoast-schema-graph\">{\"@context\":\"https:\/\/schema.org\",\"@graph\":[{\"@type\":\"WebPage\",\"@id\":\"https:\/\/www.karinibutiik.ee\/toode\/helesinised-teksapuksid\/\",\"url\":\"https:\/\/www.karinibutiik.ee\/toode\/helesinised-teksapuksid\/\",\"name\":\"Helesinised teksap\u00fcksid - Karini Butiik\",\"isPartOf\":{\"@id\":\"https:\/\/www.karinibutiik.ee\/#website\"},\"primaryImageOfPage\":{\"@id\":\"https:\/\/www.karinibutiik.ee\/toode\/helesinised-teksapuksid\/#primaryimage\"},\"image\":{\"@id\":\"https:\/\/www.karinibutiik.ee\/toode\/helesinised-teksapuksid\/#primaryimage\"},\"thumbnailUrl\":\"https:\/\/www.karinibutiik.ee\/wp-content\/uploads\/2025\/06\/DC0ACCE3-323D-4464-82F0-2C1EF9524523.jpeg\",\"datePublished\":\"2025-06-18T10:24:43+00:00\",\"dateModified\":\"2026-03-28T08:31:56+00:00\",\"description\":\"Helesinised k\u00f5rge pihaga teksap\u00fcksid pikemale naisele. Mugav l\u00f5ige, veniv kangas ja stiilne v\u00e4limus \u2013 t\u00e4iuslik valik igap\u00e4evaseks kandmiseks.\",\"breadcrumb\":{\"@id\":\"https:\/\/www.karinibutiik.ee\/toode\/helesinised-teksapuksid\/#breadcrumb\"},\"inLanguage\":\"lv-LV\",\"potentialAction\":[{\"@type\":\"ReadAction\",\"target\":[\"https:\/\/www.karinibutiik.ee\/toode\/helesinised-teksapuksid\/\"]}]},{\"@type\":\"ImageObject\",\"inLanguage\":\"lv-LV\",\"@id\":\"https:\/\/www.karinibutiik.ee\/toode\/helesinised-teksapuksid\/#primaryimage\",\"url\":\"https:\/\/www.karinibutiik.ee\/wp-content\/uploads\/2025\/06\/DC0ACCE3-323D-4464-82F0-2C1EF9524523.jpeg\",\"contentUrl\":\"https:\/\/www.karinibutiik.ee\/wp-content\/uploads\/2025\/06\/DC0ACCE3-323D-4464-82F0-2C1EF9524523.jpeg\",\"width\":1721,\"height\":2152},{\"@type\":\"BreadcrumbList\",\"@id\":\"https:\/\/www.karinibutiik.ee\/toode\/helesinised-teksapuksid\/#breadcrumb\",\"itemListElement\":[{\"@type\":\"ListItem\",\"position\":1,\"name\":\"Home\",\"item\":\"https:\/\/www.karinibutiik.ee\/\"},{\"@type\":\"ListItem\",\"position\":2,\"name\":\"Pood\",\"item\":\"https:\/\/www.karinibutiik.ee\/pood\/\"},{\"@type\":\"ListItem\",\"position\":3,\"name\":\"Helesinised teksap\u00fcksid\"}]},{\"@type\":\"WebSite\",\"@id\":\"https:\/\/www.karinibutiik.ee\/#website\",\"url\":\"https:\/\/www.karinibutiik.ee\/\",\"name\":\"Karini Butiik\",\"description\":\"\",\"publisher\":{\"@id\":\"https:\/\/www.karinibutiik.ee\/#organization\"},\"potentialAction\":[{\"@type\":\"SearchAction\",\"target\":{\"@type\":\"EntryPoint\",\"urlTemplate\":\"https:\/\/www.karinibutiik.ee\/?s={search_term_string}\"},\"query-input\":{\"@type\":\"PropertyValueSpecification\",\"valueRequired\":true,\"valueName\":\"search_term_string\"}}],\"inLanguage\":\"lv-LV\"},{\"@type\":\"Organization\",\"@id\":\"https:\/\/www.karinibutiik.ee\/#organization\",\"name\":\"Karini Butiik\",\"url\":\"https:\/\/www.karinibutiik.ee\/\",\"logo\":{\"@type\":\"ImageObject\",\"inLanguage\":\"lv-LV\",\"@id\":\"https:\/\/www.karinibutiik.ee\/#\/schema\/logo\/image\/\",\"url\":\"https:\/\/www.karinibutiik.ee\/wp-content\/uploads\/2024\/10\/Kuj.-K-koopia.png\",\"contentUrl\":\"https:\/\/www.karinibutiik.ee\/wp-content\/uploads\/2024\/10\/Kuj.-K-koopia.png\",\"width\":500,\"height\":500,\"caption\":\"Karini Butiik\"},\"image\":{\"@id\":\"https:\/\/www.karinibutiik.ee\/#\/schema\/logo\/image\/\"},\"sameAs\":[\"https:\/\/www.facebook.com\/karinibutiik.ee\",\"https:\/\/www.instagram.com\/karinibutiik\"]}]}<\/script>\n<meta property=\"og:availability\" content=\"instock\" \/>\n<meta property=\"product:availability\" content=\"instock\" \/>\n<meta property=\"product:retailer_item_id\" content=\"2997\" \/>\n<meta property=\"product:condition\" content=\"new\" \/>\n<!-- \/ Yoast SEO plugin. -->","yoast_head_json":{"title":"Helesinised teksap\u00fcksid - Karini Butiik","description":"Helesinised k\u00f5rge pihaga teksap\u00fcksid pikemale naisele. Mugav l\u00f5ige, veniv kangas ja stiilne v\u00e4limus \u2013 t\u00e4iuslik valik igap\u00e4evaseks kandmiseks.","robots":{"index":"index","follow":"follow","max-snippet":"max-snippet:-1","max-image-preview":"max-image-preview:large","max-video-preview":"max-video-preview:-1"},"canonical":"https:\/\/www.karinibutiik.ee\/lv\/produkts\/helesinised-teksapuksid\/","og_locale":"lv_LV","og_type":"article","og_title":"Helesinised teksap\u00fcksid - Karini Butiik","og_description":"Helesinised k\u00f5rge pihaga teksap\u00fcksid pikemale naisele. Mugav l\u00f5ige, veniv kangas ja stiilne v\u00e4limus \u2013 t\u00e4iuslik valik igap\u00e4evaseks kandmiseks.","og_url":"https:\/\/www.karinibutiik.ee\/lv\/produkts\/helesinised-teksapuksid\/","og_site_name":"Karini Butiik","article_publisher":"https:\/\/www.facebook.com\/karinibutiik.ee","article_modified_time":"2026-03-28T08:31:56+00:00","og_image":[{"width":1721,"height":2152,"url":"https:\/\/www.karinibutiik.ee\/wp-content\/uploads\/2025\/06\/DC0ACCE3-323D-4464-82F0-2C1EF9524523.jpeg","type":"image\/jpeg"}],"twitter_card":"summary_large_image","twitter_misc":{"Availability":"In stock"},"schema":{"@context":"https:\/\/schema.org","@graph":[{"@type":"WebPage","@id":"https:\/\/www.karinibutiik.ee\/toode\/helesinised-teksapuksid\/","url":"https:\/\/www.karinibutiik.ee\/toode\/helesinised-teksapuksid\/","name":"Helesinised teksap\u00fcksid - Karini Butiik","isPartOf":{"@id":"https:\/\/www.karinibutiik.ee\/#website"},"primaryImageOfPage":{"@id":"https:\/\/www.karinibutiik.ee\/toode\/helesinised-teksapuksid\/#primaryimage"},"image":{"@id":"https:\/\/www.karinibutiik.ee\/toode\/helesinised-teksapuksid\/#primaryimage"},"thumbnailUrl":"https:\/\/www.karinibutiik.ee\/wp-content\/uploads\/2025\/06\/DC0ACCE3-323D-4464-82F0-2C1EF9524523.jpeg","datePublished":"2025-06-18T10:24:43+00:00","dateModified":"2026-03-28T08:31:56+00:00","description":"Helesinised k\u00f5rge pihaga teksap\u00fcksid pikemale naisele. Mugav l\u00f5ige, veniv kangas ja stiilne v\u00e4limus \u2013 t\u00e4iuslik valik igap\u00e4evaseks kandmiseks.","breadcrumb":{"@id":"https:\/\/www.karinibutiik.ee\/toode\/helesinised-teksapuksid\/#breadcrumb"},"inLanguage":"lv-LV","potentialAction":[{"@type":"ReadAction","target":["https:\/\/www.karinibutiik.ee\/toode\/helesinised-teksapuksid\/"]}]},{"@type":"ImageObject","inLanguage":"lv-LV","@id":"https:\/\/www.karinibutiik.ee\/toode\/helesinised-teksapuksid\/#primaryimage","url":"https:\/\/www.karinibutiik.ee\/wp-content\/uploads\/2025\/06\/DC0ACCE3-323D-4464-82F0-2C1EF9524523.jpeg","contentUrl":"https:\/\/www.karinibutiik.ee\/wp-content\/uploads\/2025\/06\/DC0ACCE3-323D-4464-82F0-2C1EF9524523.jpeg","width":1721,"height":2152},{"@type":"BreadcrumbList","@id":"https:\/\/www.karinibutiik.ee\/toode\/helesinised-teksapuksid\/#breadcrumb","itemListElement":[{"@type":"ListItem","position":1,"name":"Home","item":"https:\/\/www.karinibutiik.ee\/"},{"@type":"ListItem","position":2,"name":"Pood","item":"https:\/\/www.karinibutiik.ee\/pood\/"},{"@type":"ListItem","position":3,"name":"Helesinised teksap\u00fcksid"}]},{"@type":"WebSite","@id":"https:\/\/www.karinibutiik.ee\/#website","url":"https:\/\/www.karinibutiik.ee\/","name":"Karini Butiik","description":"","publisher":{"@id":"https:\/\/www.karinibutiik.ee\/#organization"},"potentialAction":[{"@type":"SearchAction","target":{"@type":"EntryPoint","urlTemplate":"https:\/\/www.karinibutiik.ee\/?s={search_term_string}"},"query-input":{"@type":"PropertyValueSpecification","valueRequired":true,"valueName":"search_term_string"}}],"inLanguage":"lv-LV"},{"@type":"Organization","@id":"https:\/\/www.karinibutiik.ee\/#organization","name":"Karini Butiik","url":"https:\/\/www.karinibutiik.ee\/","logo":{"@type":"ImageObject","inLanguage":"lv-LV","@id":"https:\/\/www.karinibutiik.ee\/#\/schema\/logo\/image\/","url":"https:\/\/www.karinibutiik.ee\/wp-content\/uploads\/2024\/10\/Kuj.-K-koopia.png","contentUrl":"https:\/\/www.karinibutiik.ee\/wp-content\/uploads\/2024\/10\/Kuj.-K-koopia.png","width":500,"height":500,"caption":"Karini Butiik"},"image":{"@id":"https:\/\/www.karinibutiik.ee\/#\/schema\/logo\/image\/"},"sameAs":["https:\/\/www.facebook.com\/karinibutiik.ee","https:\/\/www.instagram.com\/karinibutiik"]}]},"og_availability":"instock","product_availability":"instock","product_retailer_item_id":"2997","product_condition":"new"},"_links":{"self":[{"href":"https:\/\/www.karinibutiik.ee\/lv\/wp-json\/wp\/v2\/product\/22595","targetHints":{"allow":["GET"]}}],"collection":[{"href":"https:\/\/www.karinibutiik.ee\/lv\/wp-json\/wp\/v2\/product"}],"about":[{"href":"https:\/\/www.karinibutiik.ee\/lv\/wp-json\/wp\/v2\/types\/product"}],"version-history":[{"count":3,"href":"https:\/\/www.karinibutiik.ee\/lv\/wp-json\/wp\/v2\/product\/22595\/revisions"}],"predecessor-version":[{"id":22614,"href":"https:\/\/www.karinibutiik.ee\/lv\/wp-json\/wp\/v2\/product\/22595\/revisions\/22614"}],"wp:featuredmedia":[{"embeddable":true,"href":"https:\/\/www.karinibutiik.ee\/lv\/wp-json\/wp\/v2\/media\/22592"}],"wp:attachment":[{"href":"https:\/\/www.karinibutiik.ee\/lv\/wp-json\/wp\/v2\/media?parent=22595"}],"wp:term":[{"taxonomy":"product_brand","embeddable":true,"href":"https:\/\/www.karinibutiik.ee\/lv\/wp-json\/wp\/v2\/product_brand?post=22595"},{"taxonomy":"product_cat","embeddable":true,"href":"https:\/\/www.karinibutiik.ee\/lv\/wp-json\/wp\/v2\/product_cat?post=22595"},{"taxonomy":"product_tag","embeddable":true,"href":"https:\/\/www.karinibutiik.ee\/lv\/wp-json\/wp\/v2\/product_tag?post=22595"}],"curies":[{"name":"wp","href":"https:\/\/api.w.org\/{rel}","templated":true}]}}