{"id":22888,"date":"2025-07-01T11:37:01","date_gmt":"2025-07-01T08:37:01","guid":{"rendered":"https:\/\/www.karinibutiik.ee\/?post_type=product&#038;p=22888"},"modified":"2026-03-28T10:34:58","modified_gmt":"2026-03-28T08:34:58","slug":"balts-kokvilnas-dzemperis","status":"publish","type":"product","link":"https:\/\/www.karinibutiik.ee\/lv\/produkts\/balts-kokvilnas-dzemperis\/","title":{"rendered":"Balts kokvilnas tr\u012bsst\u016brveida krekls"},"content":{"rendered":"<p>Stil\u012bgs balts v\u012brie\u0161u tr\u012bsst\u016brveida krekls, kas apvieno klasisku dizainu un modernu komfortu. Izgatavots no augstas kvalit\u0101tes materi\u0101liem - 70% kokvilnas un 30% lina -, kas nodro\u0161ina elpojam\u012bbu un iztur\u012bbu. Ide\u0101la izv\u0113le birojam vai br\u012bvajam laikam. Taisnais piegriezums ir piem\u0113rots da\u017e\u0101diem auguma tipiem, pied\u0101v\u0101jot nevainojamu piegriezumu. Pieejami izm\u0113ri M, L, XL un XXL. Papildiniet savu garderobi ar \u0161o m\u016b\u017e\u012bgo un univers\u0101lo kreklu!<\/p>","protected":false},"excerpt":{"rendered":"<p>Stiilne valge meeste triiks\u00e4rk, mis \u00fchendab klassikalise disaini ja kaasaegse mugavuse. Valmistatud kvaliteetsest materjalist \u2013 70% puuvill ja 30% linane [&hellip;]<\/p>\n","protected":false},"featured_media":22874,"template":"","meta":{"site-sidebar-layout":"default","site-content-layout":"","ast-site-content-layout":"default","site-content-style":"default","site-sidebar-style":"default","ast-global-header-display":"","ast-banner-title-visibility":"","ast-main-header-display":"","ast-hfb-above-header-display":"","ast-hfb-below-header-display":"","ast-hfb-mobile-header-display":"","site-post-title":"","ast-breadcrumbs-content":"","ast-featured-img":"","footer-sml-layout":"","ast-disable-related-posts":"","theme-transparent-header-meta":"default","adv-header-id-meta":"","stick-header-meta":"default","header-above-stick-meta":"","header-main-stick-meta":"","header-below-stick-meta":"","astra-migrate-meta-layouts":"set","ast-page-background-enabled":"default","ast-page-background-meta":{"desktop":{"background-color":"var(--ast-global-color-4)","background-image":"","background-repeat":"repeat","background-position":"center center","background-size":"auto","background-attachment":"scroll","background-type":"","background-media":"","overlay-type":"","overlay-color":"","overlay-opacity":"","overlay-gradient":""},"tablet":{"background-color":"","background-image":"","background-repeat":"repeat","background-position":"center center","background-size":"auto","background-attachment":"scroll","background-type":"","background-media":"","overlay-type":"","overlay-color":"","overlay-opacity":"","overlay-gradient":""},"mobile":{"background-color":"","background-image":"","background-repeat":"repeat","background-position":"center center","background-size":"auto","background-attachment":"scroll","background-type":"","background-media":"","overlay-type":"","overlay-color":"","overlay-opacity":"","overlay-gradient":""}},"ast-content-background-meta":{"desktop":{"background-color":"var(--ast-global-color-5)","background-image":"","background-repeat":"repeat","background-position":"center center","background-size":"auto","background-attachment":"scroll","background-type":"","background-media":"","overlay-type":"","overlay-color":"","overlay-opacity":"","overlay-gradient":""},"tablet":{"background-color":"var(--ast-global-color-5)","background-image":"","background-repeat":"repeat","background-position":"center center","background-size":"auto","background-attachment":"scroll","background-type":"","background-media":"","overlay-type":"","overlay-color":"","overlay-opacity":"","overlay-gradient":""},"mobile":{"background-color":"var(--ast-global-color-5)","background-image":"","background-repeat":"repeat","background-position":"center center","background-size":"auto","background-attachment":"scroll","background-type":"","background-media":"","overlay-type":"","overlay-color":"","overlay-opacity":"","overlay-gradient":""}}},"product_brand":[],"product_cat":[361,363],"product_tag":[1472,501,1471,580,1475,1469,1468,1473,1470,1474,1467],"class_list":{"0":"post-22888","1":"product","2":"type-product","3":"status-publish","4":"has-post-thumbnail","6":"product_cat-mehed","7":"product_cat-sargid-pluusid","8":"product_tag-hingav-triiksark","9":"product_tag-karini-butiik","10":"product_tag-klassikaline-meeste-sark","11":"product_tag-linane-triiksark","12":"product_tag-meeste-mood-2025","13":"product_tag-meeste-sark-m-xxl","14":"product_tag-puuvillane-meeste-sark","15":"product_tag-sark-kontorisse","16":"product_tag-stiilne-meeste-triiksark","17":"product_tag-vabaaja-triiksark","18":"product_tag-valge-triiksark-meestele","19":"desktop-align-center","20":"tablet-align-center","21":"mobile-align-center","22":"ast-product-gallery-layout-horizontal-slider","23":"ast-product-single-variable","24":"ast-product-tabs-layout-horizontal","26":"first","27":"instock","28":"taxable","29":"shipping-taxable","30":"purchasable","31":"product-type-variable"},"supplier_id":null,"supplier_sku":"","barcode":null,"atum_controlled":true,"out_stock_date":null,"out_stock_threshold":null,"inheritable":true,"inbound_stock":null,"stock_on_hold":0,"sold_today":0,"sales_last_days":0,"reserved_stock":0,"customer_returns":null,"warehouse_damage":0,"lost_in_post":null,"other_logs":0,"out_stock_days":0,"lost_sales":0,"has_location":false,"update_date":"2026-03-28T08:34:59","atum_locations":[],"atum_stock_status":"instock","restock_status":false,"low_stock_amount":"","sales_update_date":"2025-12-02T01:40:14","calc_backorders":null,"yoast_head":"<!-- This site is optimized with the Yoast SEO plugin v26.9 - https:\/\/yoast.com\/product\/yoast-seo-wordpress\/ -->\n<title>Valge puuvillane triiks\u00e4rk - Karini Butiik<\/title>\n<meta name=\"description\" content=\"Stiilne valge meeste triiks\u00e4rk puuvilla ja lina segust. Kvaliteetne, hingav ja mugav \u2013 ideaalne nii t\u00f6\u00f6le kui vaba aja veetmiseks. Suurused M-XXL.\" \/>\n<meta name=\"robots\" content=\"index, follow, max-snippet:-1, max-image-preview:large, max-video-preview:-1\" \/>\n<link rel=\"canonical\" href=\"https:\/\/www.karinibutiik.ee\/lv\/produkts\/balts-kokvilnas-dzemperis\/\" \/>\n<meta property=\"og:locale\" content=\"lv_LV\" \/>\n<meta property=\"og:type\" content=\"article\" \/>\n<meta property=\"og:title\" content=\"Valge puuvillane triiks\u00e4rk - Karini Butiik\" \/>\n<meta property=\"og:description\" content=\"Stiilne valge meeste triiks\u00e4rk puuvilla ja lina segust. Kvaliteetne, hingav ja mugav \u2013 ideaalne nii t\u00f6\u00f6le kui vaba aja veetmiseks. Suurused M-XXL.\" \/>\n<meta property=\"og:url\" content=\"https:\/\/www.karinibutiik.ee\/lv\/produkts\/balts-kokvilnas-dzemperis\/\" \/>\n<meta property=\"og:site_name\" content=\"Karini Butiik\" \/>\n<meta property=\"article:publisher\" content=\"https:\/\/www.facebook.com\/karinibutiik.ee\" \/>\n<meta property=\"article:modified_time\" content=\"2026-03-28T08:34:58+00:00\" \/>\n<meta property=\"og:image\" content=\"https:\/\/www.karinibutiik.ee\/wp-content\/uploads\/2025\/07\/IMG_6202-scaled.jpeg\" \/>\n\t<meta property=\"og:image:width\" content=\"1707\" \/>\n\t<meta property=\"og:image:height\" content=\"2560\" \/>\n\t<meta property=\"og:image:type\" content=\"image\/jpeg\" \/>\n<meta name=\"twitter:card\" content=\"summary_large_image\" \/>\n<meta name=\"twitter:label1\" content=\"Availability\" \/>\n\t<meta name=\"twitter:data1\" content=\"In stock\" \/>\n<script type=\"application\/ld+json\" class=\"yoast-schema-graph\">{\"@context\":\"https:\/\/schema.org\",\"@graph\":[{\"@type\":\"WebPage\",\"@id\":\"https:\/\/www.karinibutiik.ee\/toode\/valge-puuvillane-triiksark\/\",\"url\":\"https:\/\/www.karinibutiik.ee\/toode\/valge-puuvillane-triiksark\/\",\"name\":\"Valge puuvillane triiks\u00e4rk - Karini Butiik\",\"isPartOf\":{\"@id\":\"https:\/\/www.karinibutiik.ee\/#website\"},\"primaryImageOfPage\":{\"@id\":\"https:\/\/www.karinibutiik.ee\/toode\/valge-puuvillane-triiksark\/#primaryimage\"},\"image\":{\"@id\":\"https:\/\/www.karinibutiik.ee\/toode\/valge-puuvillane-triiksark\/#primaryimage\"},\"thumbnailUrl\":\"https:\/\/www.karinibutiik.ee\/wp-content\/uploads\/2025\/07\/IMG_6202-scaled.jpeg\",\"datePublished\":\"2025-07-01T08:37:01+00:00\",\"dateModified\":\"2026-03-28T08:34:58+00:00\",\"description\":\"Stiilne valge meeste triiks\u00e4rk puuvilla ja lina segust. Kvaliteetne, hingav ja mugav \u2013 ideaalne nii t\u00f6\u00f6le kui vaba aja veetmiseks. Suurused M-XXL.\",\"breadcrumb\":{\"@id\":\"https:\/\/www.karinibutiik.ee\/toode\/valge-puuvillane-triiksark\/#breadcrumb\"},\"inLanguage\":\"lv-LV\",\"potentialAction\":[{\"@type\":\"ReadAction\",\"target\":[\"https:\/\/www.karinibutiik.ee\/toode\/valge-puuvillane-triiksark\/\"]}]},{\"@type\":\"ImageObject\",\"inLanguage\":\"lv-LV\",\"@id\":\"https:\/\/www.karinibutiik.ee\/toode\/valge-puuvillane-triiksark\/#primaryimage\",\"url\":\"https:\/\/www.karinibutiik.ee\/wp-content\/uploads\/2025\/07\/IMG_6202-scaled.jpeg\",\"contentUrl\":\"https:\/\/www.karinibutiik.ee\/wp-content\/uploads\/2025\/07\/IMG_6202-scaled.jpeg\",\"width\":1707,\"height\":2560},{\"@type\":\"BreadcrumbList\",\"@id\":\"https:\/\/www.karinibutiik.ee\/toode\/valge-puuvillane-triiksark\/#breadcrumb\",\"itemListElement\":[{\"@type\":\"ListItem\",\"position\":1,\"name\":\"Home\",\"item\":\"https:\/\/www.karinibutiik.ee\/\"},{\"@type\":\"ListItem\",\"position\":2,\"name\":\"Pood\",\"item\":\"https:\/\/www.karinibutiik.ee\/pood\/\"},{\"@type\":\"ListItem\",\"position\":3,\"name\":\"Valge puuvillane triiks\u00e4rk\"}]},{\"@type\":\"WebSite\",\"@id\":\"https:\/\/www.karinibutiik.ee\/#website\",\"url\":\"https:\/\/www.karinibutiik.ee\/\",\"name\":\"Karini Butiik\",\"description\":\"\",\"publisher\":{\"@id\":\"https:\/\/www.karinibutiik.ee\/#organization\"},\"potentialAction\":[{\"@type\":\"SearchAction\",\"target\":{\"@type\":\"EntryPoint\",\"urlTemplate\":\"https:\/\/www.karinibutiik.ee\/?s={search_term_string}\"},\"query-input\":{\"@type\":\"PropertyValueSpecification\",\"valueRequired\":true,\"valueName\":\"search_term_string\"}}],\"inLanguage\":\"lv-LV\"},{\"@type\":\"Organization\",\"@id\":\"https:\/\/www.karinibutiik.ee\/#organization\",\"name\":\"Karini Butiik\",\"url\":\"https:\/\/www.karinibutiik.ee\/\",\"logo\":{\"@type\":\"ImageObject\",\"inLanguage\":\"lv-LV\",\"@id\":\"https:\/\/www.karinibutiik.ee\/#\/schema\/logo\/image\/\",\"url\":\"https:\/\/www.karinibutiik.ee\/wp-content\/uploads\/2024\/10\/Kuj.-K-koopia.png\",\"contentUrl\":\"https:\/\/www.karinibutiik.ee\/wp-content\/uploads\/2024\/10\/Kuj.-K-koopia.png\",\"width\":500,\"height\":500,\"caption\":\"Karini Butiik\"},\"image\":{\"@id\":\"https:\/\/www.karinibutiik.ee\/#\/schema\/logo\/image\/\"},\"sameAs\":[\"https:\/\/www.facebook.com\/karinibutiik.ee\",\"https:\/\/www.instagram.com\/karinibutiik\"]}]}<\/script>\n<meta property=\"og:availability\" content=\"instock\" \/>\n<meta property=\"product:availability\" content=\"instock\" \/>\n<meta property=\"product:retailer_item_id\" content=\"1126\" \/>\n<meta property=\"product:condition\" content=\"new\" \/>\n<!-- \/ Yoast SEO plugin. -->","yoast_head_json":{"title":"Balts kokvilnas tr\u012bsst\u016brveida krekls - Karini Butiik","description":"Stil\u012bgs balts v\u012brie\u0161u krekls no kokvilnas un lina mais\u012bjuma. Augstas kvalit\u0101tes, elpojo\u0161s un \u0113rts - ide\u0101li piem\u0113rots darbam vai izklaidei. Izm\u0113ri M-XXL.","robots":{"index":"index","follow":"follow","max-snippet":"max-snippet:-1","max-image-preview":"max-image-preview:large","max-video-preview":"max-video-preview:-1"},"canonical":"https:\/\/www.karinibutiik.ee\/lv\/produkts\/balts-kokvilnas-dzemperis\/","og_locale":"lv_LV","og_type":"article","og_title":"Valge puuvillane triiks\u00e4rk - Karini Butiik","og_description":"Stiilne valge meeste triiks\u00e4rk puuvilla ja lina segust. Kvaliteetne, hingav ja mugav \u2013 ideaalne nii t\u00f6\u00f6le kui vaba aja veetmiseks. Suurused M-XXL.","og_url":"https:\/\/www.karinibutiik.ee\/lv\/produkts\/balts-kokvilnas-dzemperis\/","og_site_name":"Karini Butiik","article_publisher":"https:\/\/www.facebook.com\/karinibutiik.ee","article_modified_time":"2026-03-28T08:34:58+00:00","og_image":[{"width":1707,"height":2560,"url":"https:\/\/www.karinibutiik.ee\/wp-content\/uploads\/2025\/07\/IMG_6202-scaled.jpeg","type":"image\/jpeg"}],"twitter_card":"summary_large_image","twitter_misc":{"Availability":"In stock"},"schema":{"@context":"https:\/\/schema.org","@graph":[{"@type":"WebPage","@id":"https:\/\/www.karinibutiik.ee\/toode\/valge-puuvillane-triiksark\/","url":"https:\/\/www.karinibutiik.ee\/toode\/valge-puuvillane-triiksark\/","name":"Balts kokvilnas tr\u012bsst\u016brveida krekls - Karini Butiik","isPartOf":{"@id":"https:\/\/www.karinibutiik.ee\/#website"},"primaryImageOfPage":{"@id":"https:\/\/www.karinibutiik.ee\/toode\/valge-puuvillane-triiksark\/#primaryimage"},"image":{"@id":"https:\/\/www.karinibutiik.ee\/toode\/valge-puuvillane-triiksark\/#primaryimage"},"thumbnailUrl":"https:\/\/www.karinibutiik.ee\/wp-content\/uploads\/2025\/07\/IMG_6202-scaled.jpeg","datePublished":"2025-07-01T08:37:01+00:00","dateModified":"2026-03-28T08:34:58+00:00","description":"Stil\u012bgs balts v\u012brie\u0161u krekls no kokvilnas un lina mais\u012bjuma. Augstas kvalit\u0101tes, elpojo\u0161s un \u0113rts - ide\u0101li piem\u0113rots darbam vai izklaidei. Izm\u0113ri M-XXL.","breadcrumb":{"@id":"https:\/\/www.karinibutiik.ee\/toode\/valge-puuvillane-triiksark\/#breadcrumb"},"inLanguage":"lv-LV","potentialAction":[{"@type":"ReadAction","target":["https:\/\/www.karinibutiik.ee\/toode\/valge-puuvillane-triiksark\/"]}]},{"@type":"ImageObject","inLanguage":"lv-LV","@id":"https:\/\/www.karinibutiik.ee\/toode\/valge-puuvillane-triiksark\/#primaryimage","url":"https:\/\/www.karinibutiik.ee\/wp-content\/uploads\/2025\/07\/IMG_6202-scaled.jpeg","contentUrl":"https:\/\/www.karinibutiik.ee\/wp-content\/uploads\/2025\/07\/IMG_6202-scaled.jpeg","width":1707,"height":2560},{"@type":"BreadcrumbList","@id":"https:\/\/www.karinibutiik.ee\/toode\/valge-puuvillane-triiksark\/#breadcrumb","itemListElement":[{"@type":"ListItem","position":1,"name":"Home","item":"https:\/\/www.karinibutiik.ee\/"},{"@type":"ListItem","position":2,"name":"Pood","item":"https:\/\/www.karinibutiik.ee\/pood\/"},{"@type":"ListItem","position":3,"name":"Valge puuvillane triiks\u00e4rk"}]},{"@type":"WebSite","@id":"https:\/\/www.karinibutiik.ee\/#website","url":"https:\/\/www.karinibutiik.ee\/","name":"Karini Butiik","description":"","publisher":{"@id":"https:\/\/www.karinibutiik.ee\/#organization"},"potentialAction":[{"@type":"SearchAction","target":{"@type":"EntryPoint","urlTemplate":"https:\/\/www.karinibutiik.ee\/?s={search_term_string}"},"query-input":{"@type":"PropertyValueSpecification","valueRequired":true,"valueName":"search_term_string"}}],"inLanguage":"lv-LV"},{"@type":"Organization","@id":"https:\/\/www.karinibutiik.ee\/#organization","name":"Karini Butiik","url":"https:\/\/www.karinibutiik.ee\/","logo":{"@type":"ImageObject","inLanguage":"lv-LV","@id":"https:\/\/www.karinibutiik.ee\/#\/schema\/logo\/image\/","url":"https:\/\/www.karinibutiik.ee\/wp-content\/uploads\/2024\/10\/Kuj.-K-koopia.png","contentUrl":"https:\/\/www.karinibutiik.ee\/wp-content\/uploads\/2024\/10\/Kuj.-K-koopia.png","width":500,"height":500,"caption":"Karini Butiik"},"image":{"@id":"https:\/\/www.karinibutiik.ee\/#\/schema\/logo\/image\/"},"sameAs":["https:\/\/www.facebook.com\/karinibutiik.ee","https:\/\/www.instagram.com\/karinibutiik"]}]},"og_availability":"instock","product_availability":"instock","product_retailer_item_id":"1126","product_condition":"new"},"_links":{"self":[{"href":"https:\/\/www.karinibutiik.ee\/lv\/wp-json\/wp\/v2\/product\/22888","targetHints":{"allow":["GET"]}}],"collection":[{"href":"https:\/\/www.karinibutiik.ee\/lv\/wp-json\/wp\/v2\/product"}],"about":[{"href":"https:\/\/www.karinibutiik.ee\/lv\/wp-json\/wp\/v2\/types\/product"}],"version-history":[{"count":1,"href":"https:\/\/www.karinibutiik.ee\/lv\/wp-json\/wp\/v2\/product\/22888\/revisions"}],"predecessor-version":[{"id":22893,"href":"https:\/\/www.karinibutiik.ee\/lv\/wp-json\/wp\/v2\/product\/22888\/revisions\/22893"}],"wp:featuredmedia":[{"embeddable":true,"href":"https:\/\/www.karinibutiik.ee\/lv\/wp-json\/wp\/v2\/media\/22874"}],"wp:attachment":[{"href":"https:\/\/www.karinibutiik.ee\/lv\/wp-json\/wp\/v2\/media?parent=22888"}],"wp:term":[{"taxonomy":"product_brand","embeddable":true,"href":"https:\/\/www.karinibutiik.ee\/lv\/wp-json\/wp\/v2\/product_brand?post=22888"},{"taxonomy":"product_cat","embeddable":true,"href":"https:\/\/www.karinibutiik.ee\/lv\/wp-json\/wp\/v2\/product_cat?post=22888"},{"taxonomy":"product_tag","embeddable":true,"href":"https:\/\/www.karinibutiik.ee\/lv\/wp-json\/wp\/v2\/product_tag?post=22888"}],"curies":[{"name":"wp","href":"https:\/\/api.w.org\/{rel}","templated":true}]}}