{"id":23004,"date":"2025-07-03T10:20:06","date_gmt":"2025-07-03T07:20:06","guid":{"rendered":"https:\/\/www.karinibutiik.ee\/?post_type=product&#038;p=23004"},"modified":"2026-03-21T12:11:20","modified_gmt":"2026-03-21T10:11:20","slug":"sirge-laialoikelised-puksid","status":"publish","type":"product","link":"https:\/\/www.karinibutiik.ee\/lv\/produkts\/sirge-laialoikelised-puksid\/","title":{"rendered":"Taisna piegriezuma bikses"},"content":{"rendered":"<p data-start=\"135\" data-end=\"593\">Need sirge ja laia l\u00f5ikega p\u00fcksid pakuvad stiili ja mugavuse t\u00e4iuslikku tasakaalu. Valmistatud kvaliteetsest kangast ning saadaval helesinises ja oliivrohelises toonis, sobivad need ideaalselt nii kontorisse kui ka argip\u00e4eva \u0161ikiks v\u00e4limuseks. T\u00e4nu pikemale l\u00f5ikele sobivad suurep\u00e4raselt ka pikemat kasvu kandjale. T\u00e4ienda oma garderoobi, kombineerides need sama seeria pintsaku ja vestiga terviklikuks ja l\u00e4bim\u00f5eldud look&#8217;iks.<\/p>","protected":false},"excerpt":{"rendered":"<p>Need sirge ja laia l\u00f5ikega p\u00fcksid pakuvad stiili ja mugavuse t\u00e4iuslikku tasakaalu. Valmistatud kvaliteetsest kangast ning saadaval helesinises ja oliivrohelises [&hellip;]<\/p>\n","protected":false},"featured_media":22979,"template":"","meta":{"site-sidebar-layout":"default","site-content-layout":"","ast-site-content-layout":"default","site-content-style":"default","site-sidebar-style":"default","ast-global-header-display":"","ast-banner-title-visibility":"","ast-main-header-display":"","ast-hfb-above-header-display":"","ast-hfb-below-header-display":"","ast-hfb-mobile-header-display":"","site-post-title":"","ast-breadcrumbs-content":"","ast-featured-img":"","footer-sml-layout":"","ast-disable-related-posts":"","theme-transparent-header-meta":"default","adv-header-id-meta":"","stick-header-meta":"default","header-above-stick-meta":"","header-main-stick-meta":"","header-below-stick-meta":"","astra-migrate-meta-layouts":"set","ast-page-background-enabled":"default","ast-page-background-meta":{"desktop":{"background-color":"var(--ast-global-color-4)","background-image":"","background-repeat":"repeat","background-position":"center center","background-size":"auto","background-attachment":"scroll","background-type":"","background-media":"","overlay-type":"","overlay-color":"","overlay-opacity":"","overlay-gradient":""},"tablet":{"background-color":"","background-image":"","background-repeat":"repeat","background-position":"center center","background-size":"auto","background-attachment":"scroll","background-type":"","background-media":"","overlay-type":"","overlay-color":"","overlay-opacity":"","overlay-gradient":""},"mobile":{"background-color":"","background-image":"","background-repeat":"repeat","background-position":"center center","background-size":"auto","background-attachment":"scroll","background-type":"","background-media":"","overlay-type":"","overlay-color":"","overlay-opacity":"","overlay-gradient":""}},"ast-content-background-meta":{"desktop":{"background-color":"var(--ast-global-color-5)","background-image":"","background-repeat":"repeat","background-position":"center center","background-size":"auto","background-attachment":"scroll","background-type":"","background-media":"","overlay-type":"","overlay-color":"","overlay-opacity":"","overlay-gradient":""},"tablet":{"background-color":"var(--ast-global-color-5)","background-image":"","background-repeat":"repeat","background-position":"center center","background-size":"auto","background-attachment":"scroll","background-type":"","background-media":"","overlay-type":"","overlay-color":"","overlay-opacity":"","overlay-gradient":""},"mobile":{"background-color":"var(--ast-global-color-5)","background-image":"","background-repeat":"repeat","background-position":"center center","background-size":"auto","background-attachment":"scroll","background-type":"","background-media":"","overlay-type":"","overlay-color":"","overlay-opacity":"","overlay-gradient":""}}},"product_brand":[],"product_cat":[346,354,356,351],"product_tag":[1517,594,1381,1290,1514,1513,1519,1077,866,1515,1516,1520,1518,1347],"class_list":{"0":"post-23004","1":"product","2":"type-product","3":"status-publish","4":"has-post-thumbnail","6":"product_cat-naised","7":"product_cat-puksid-seelikud","8":"product_cat-tekstiilpuksid","9":"product_cat-uued-tooted","10":"product_tag-elegantne-look","11":"product_tag-helesinised-puksid","12":"product_tag-komplekti-puksid","13":"product_tag-kontoristiil","14":"product_tag-laiad-puksid","15":"product_tag-minimalistlik-stiil","16":"product_tag-modernne-komplekt","17":"product_tag-mugavad-puksid","18":"product_tag-naiste-puksid","19":"product_tag-oliivrohelised-puksid","20":"product_tag-pikema-loikega-puksid","21":"product_tag-puksid-pikemale-kasvule","22":"product_tag-puksid-pintsakuga","23":"product_tag-sirge-loikega-puksid","24":"desktop-align-center","25":"tablet-align-center","26":"mobile-align-center","27":"ast-product-gallery-layout-horizontal-slider","28":"ast-product-single-variable","29":"ast-product-tabs-layout-horizontal","31":"first","32":"outofstock","33":"taxable","34":"shipping-taxable","35":"product-type-variable"},"supplier_id":null,"supplier_sku":"","barcode":null,"atum_controlled":true,"out_stock_date":null,"out_stock_threshold":null,"inheritable":true,"inbound_stock":null,"stock_on_hold":0,"sold_today":0,"sales_last_days":0,"reserved_stock":0,"customer_returns":null,"warehouse_damage":0,"lost_in_post":null,"other_logs":0,"out_stock_days":0,"lost_sales":0,"has_location":false,"update_date":"2025-12-04T01:26:41","atum_locations":[],"atum_stock_status":"instock","restock_status":false,"low_stock_amount":"","sales_update_date":"2025-12-04T01:26:41","calc_backorders":null,"yoast_head":"<!-- This site is optimized with the Yoast SEO plugin v26.9 - https:\/\/yoast.com\/product\/yoast-seo-wordpress\/ -->\n<title>Sirged laial\u00f5ikelised p\u00fcksid - Karini Butiik<\/title>\n<meta name=\"description\" content=\"Sirge ja laia l\u00f5ikega p\u00fcksid helesinises ja oliiv toonis. Sobivad ka pikemale kasvule. Kombineeri sama seeria pintsaku ja vestiga.\" \/>\n<meta name=\"robots\" content=\"index, follow, max-snippet:-1, max-image-preview:large, max-video-preview:-1\" \/>\n<link rel=\"canonical\" href=\"https:\/\/www.karinibutiik.ee\/lv\/produkts\/sirge-laialoikelised-puksid\/\" \/>\n<meta property=\"og:locale\" content=\"lv_LV\" \/>\n<meta property=\"og:type\" content=\"article\" \/>\n<meta property=\"og:title\" content=\"Sirged laial\u00f5ikelised p\u00fcksid - Karini Butiik\" \/>\n<meta property=\"og:description\" content=\"Sirge ja laia l\u00f5ikega p\u00fcksid helesinises ja oliiv toonis. Sobivad ka pikemale kasvule. Kombineeri sama seeria pintsaku ja vestiga.\" \/>\n<meta property=\"og:url\" content=\"https:\/\/www.karinibutiik.ee\/lv\/produkts\/sirge-laialoikelised-puksid\/\" \/>\n<meta property=\"og:site_name\" content=\"Karini Butiik\" \/>\n<meta property=\"article:publisher\" content=\"https:\/\/www.facebook.com\/karinibutiik.ee\" \/>\n<meta property=\"article:modified_time\" content=\"2026-03-21T10:11:20+00:00\" \/>\n<meta property=\"og:image\" content=\"https:\/\/www.karinibutiik.ee\/wp-content\/uploads\/2025\/07\/B0E262A4-561F-41F4-8FE4-F60EB649A0E1-scaled.jpeg\" \/>\n\t<meta property=\"og:image:width\" content=\"2028\" \/>\n\t<meta property=\"og:image:height\" content=\"2560\" \/>\n\t<meta property=\"og:image:type\" content=\"image\/jpeg\" \/>\n<meta name=\"twitter:card\" content=\"summary_large_image\" \/>\n<meta name=\"twitter:label1\" content=\"Availability\" \/>\n\t<meta name=\"twitter:data1\" content=\"Out of stock\" \/>\n<script type=\"application\/ld+json\" class=\"yoast-schema-graph\">{\"@context\":\"https:\/\/schema.org\",\"@graph\":[{\"@type\":\"WebPage\",\"@id\":\"https:\/\/www.karinibutiik.ee\/toode\/sirge-laialoikelised-puksid\/\",\"url\":\"https:\/\/www.karinibutiik.ee\/toode\/sirge-laialoikelised-puksid\/\",\"name\":\"Sirged laial\u00f5ikelised p\u00fcksid - Karini Butiik\",\"isPartOf\":{\"@id\":\"https:\/\/www.karinibutiik.ee\/#website\"},\"primaryImageOfPage\":{\"@id\":\"https:\/\/www.karinibutiik.ee\/toode\/sirge-laialoikelised-puksid\/#primaryimage\"},\"image\":{\"@id\":\"https:\/\/www.karinibutiik.ee\/toode\/sirge-laialoikelised-puksid\/#primaryimage\"},\"thumbnailUrl\":\"https:\/\/www.karinibutiik.ee\/wp-content\/uploads\/2025\/07\/B0E262A4-561F-41F4-8FE4-F60EB649A0E1-scaled.jpeg\",\"datePublished\":\"2025-07-03T07:20:06+00:00\",\"dateModified\":\"2026-03-21T10:11:20+00:00\",\"description\":\"Sirge ja laia l\u00f5ikega p\u00fcksid helesinises ja oliiv toonis. Sobivad ka pikemale kasvule. Kombineeri sama seeria pintsaku ja vestiga.\",\"breadcrumb\":{\"@id\":\"https:\/\/www.karinibutiik.ee\/toode\/sirge-laialoikelised-puksid\/#breadcrumb\"},\"inLanguage\":\"lv-LV\",\"potentialAction\":[{\"@type\":\"ReadAction\",\"target\":[\"https:\/\/www.karinibutiik.ee\/toode\/sirge-laialoikelised-puksid\/\"]}]},{\"@type\":\"ImageObject\",\"inLanguage\":\"lv-LV\",\"@id\":\"https:\/\/www.karinibutiik.ee\/toode\/sirge-laialoikelised-puksid\/#primaryimage\",\"url\":\"https:\/\/www.karinibutiik.ee\/wp-content\/uploads\/2025\/07\/B0E262A4-561F-41F4-8FE4-F60EB649A0E1-scaled.jpeg\",\"contentUrl\":\"https:\/\/www.karinibutiik.ee\/wp-content\/uploads\/2025\/07\/B0E262A4-561F-41F4-8FE4-F60EB649A0E1-scaled.jpeg\",\"width\":2028,\"height\":2560},{\"@type\":\"BreadcrumbList\",\"@id\":\"https:\/\/www.karinibutiik.ee\/toode\/sirge-laialoikelised-puksid\/#breadcrumb\",\"itemListElement\":[{\"@type\":\"ListItem\",\"position\":1,\"name\":\"Home\",\"item\":\"https:\/\/www.karinibutiik.ee\/\"},{\"@type\":\"ListItem\",\"position\":2,\"name\":\"Pood\",\"item\":\"https:\/\/www.karinibutiik.ee\/pood\/\"},{\"@type\":\"ListItem\",\"position\":3,\"name\":\"Sirged laial\u00f5ikelised p\u00fcksid\"}]},{\"@type\":\"WebSite\",\"@id\":\"https:\/\/www.karinibutiik.ee\/#website\",\"url\":\"https:\/\/www.karinibutiik.ee\/\",\"name\":\"Karini Butiik\",\"description\":\"\",\"publisher\":{\"@id\":\"https:\/\/www.karinibutiik.ee\/#organization\"},\"potentialAction\":[{\"@type\":\"SearchAction\",\"target\":{\"@type\":\"EntryPoint\",\"urlTemplate\":\"https:\/\/www.karinibutiik.ee\/?s={search_term_string}\"},\"query-input\":{\"@type\":\"PropertyValueSpecification\",\"valueRequired\":true,\"valueName\":\"search_term_string\"}}],\"inLanguage\":\"lv-LV\"},{\"@type\":\"Organization\",\"@id\":\"https:\/\/www.karinibutiik.ee\/#organization\",\"name\":\"Karini Butiik\",\"url\":\"https:\/\/www.karinibutiik.ee\/\",\"logo\":{\"@type\":\"ImageObject\",\"inLanguage\":\"lv-LV\",\"@id\":\"https:\/\/www.karinibutiik.ee\/#\/schema\/logo\/image\/\",\"url\":\"https:\/\/www.karinibutiik.ee\/wp-content\/uploads\/2024\/10\/Kuj.-K-koopia.png\",\"contentUrl\":\"https:\/\/www.karinibutiik.ee\/wp-content\/uploads\/2024\/10\/Kuj.-K-koopia.png\",\"width\":500,\"height\":500,\"caption\":\"Karini Butiik\"},\"image\":{\"@id\":\"https:\/\/www.karinibutiik.ee\/#\/schema\/logo\/image\/\"},\"sameAs\":[\"https:\/\/www.facebook.com\/karinibutiik.ee\",\"https:\/\/www.instagram.com\/karinibutiik\"]}]}<\/script>\n<meta property=\"og:availability\" content=\"out of stock\" \/>\n<meta property=\"product:availability\" content=\"out of stock\" \/>\n<meta property=\"product:retailer_item_id\" content=\"7976\" \/>\n<meta property=\"product:condition\" content=\"new\" \/>\n<!-- \/ Yoast SEO plugin. -->","yoast_head_json":{"title":"Sirged laial\u00f5ikelised p\u00fcksid - Karini Butiik","description":"Sirge ja laia l\u00f5ikega p\u00fcksid helesinises ja oliiv toonis. Sobivad ka pikemale kasvule. Kombineeri sama seeria pintsaku ja vestiga.","robots":{"index":"index","follow":"follow","max-snippet":"max-snippet:-1","max-image-preview":"max-image-preview:large","max-video-preview":"max-video-preview:-1"},"canonical":"https:\/\/www.karinibutiik.ee\/lv\/produkts\/sirge-laialoikelised-puksid\/","og_locale":"lv_LV","og_type":"article","og_title":"Sirged laial\u00f5ikelised p\u00fcksid - Karini Butiik","og_description":"Sirge ja laia l\u00f5ikega p\u00fcksid helesinises ja oliiv toonis. Sobivad ka pikemale kasvule. Kombineeri sama seeria pintsaku ja vestiga.","og_url":"https:\/\/www.karinibutiik.ee\/lv\/produkts\/sirge-laialoikelised-puksid\/","og_site_name":"Karini Butiik","article_publisher":"https:\/\/www.facebook.com\/karinibutiik.ee","article_modified_time":"2026-03-21T10:11:20+00:00","og_image":[{"width":2028,"height":2560,"url":"https:\/\/www.karinibutiik.ee\/wp-content\/uploads\/2025\/07\/B0E262A4-561F-41F4-8FE4-F60EB649A0E1-scaled.jpeg","type":"image\/jpeg"}],"twitter_card":"summary_large_image","twitter_misc":{"Availability":"Out of stock"},"schema":{"@context":"https:\/\/schema.org","@graph":[{"@type":"WebPage","@id":"https:\/\/www.karinibutiik.ee\/toode\/sirge-laialoikelised-puksid\/","url":"https:\/\/www.karinibutiik.ee\/toode\/sirge-laialoikelised-puksid\/","name":"Sirged laial\u00f5ikelised p\u00fcksid - Karini Butiik","isPartOf":{"@id":"https:\/\/www.karinibutiik.ee\/#website"},"primaryImageOfPage":{"@id":"https:\/\/www.karinibutiik.ee\/toode\/sirge-laialoikelised-puksid\/#primaryimage"},"image":{"@id":"https:\/\/www.karinibutiik.ee\/toode\/sirge-laialoikelised-puksid\/#primaryimage"},"thumbnailUrl":"https:\/\/www.karinibutiik.ee\/wp-content\/uploads\/2025\/07\/B0E262A4-561F-41F4-8FE4-F60EB649A0E1-scaled.jpeg","datePublished":"2025-07-03T07:20:06+00:00","dateModified":"2026-03-21T10:11:20+00:00","description":"Sirge ja laia l\u00f5ikega p\u00fcksid helesinises ja oliiv toonis. Sobivad ka pikemale kasvule. Kombineeri sama seeria pintsaku ja vestiga.","breadcrumb":{"@id":"https:\/\/www.karinibutiik.ee\/toode\/sirge-laialoikelised-puksid\/#breadcrumb"},"inLanguage":"lv-LV","potentialAction":[{"@type":"ReadAction","target":["https:\/\/www.karinibutiik.ee\/toode\/sirge-laialoikelised-puksid\/"]}]},{"@type":"ImageObject","inLanguage":"lv-LV","@id":"https:\/\/www.karinibutiik.ee\/toode\/sirge-laialoikelised-puksid\/#primaryimage","url":"https:\/\/www.karinibutiik.ee\/wp-content\/uploads\/2025\/07\/B0E262A4-561F-41F4-8FE4-F60EB649A0E1-scaled.jpeg","contentUrl":"https:\/\/www.karinibutiik.ee\/wp-content\/uploads\/2025\/07\/B0E262A4-561F-41F4-8FE4-F60EB649A0E1-scaled.jpeg","width":2028,"height":2560},{"@type":"BreadcrumbList","@id":"https:\/\/www.karinibutiik.ee\/toode\/sirge-laialoikelised-puksid\/#breadcrumb","itemListElement":[{"@type":"ListItem","position":1,"name":"Home","item":"https:\/\/www.karinibutiik.ee\/"},{"@type":"ListItem","position":2,"name":"Pood","item":"https:\/\/www.karinibutiik.ee\/pood\/"},{"@type":"ListItem","position":3,"name":"Sirged laial\u00f5ikelised p\u00fcksid"}]},{"@type":"WebSite","@id":"https:\/\/www.karinibutiik.ee\/#website","url":"https:\/\/www.karinibutiik.ee\/","name":"Karini Butiik","description":"","publisher":{"@id":"https:\/\/www.karinibutiik.ee\/#organization"},"potentialAction":[{"@type":"SearchAction","target":{"@type":"EntryPoint","urlTemplate":"https:\/\/www.karinibutiik.ee\/?s={search_term_string}"},"query-input":{"@type":"PropertyValueSpecification","valueRequired":true,"valueName":"search_term_string"}}],"inLanguage":"lv-LV"},{"@type":"Organization","@id":"https:\/\/www.karinibutiik.ee\/#organization","name":"Karini Butiik","url":"https:\/\/www.karinibutiik.ee\/","logo":{"@type":"ImageObject","inLanguage":"lv-LV","@id":"https:\/\/www.karinibutiik.ee\/#\/schema\/logo\/image\/","url":"https:\/\/www.karinibutiik.ee\/wp-content\/uploads\/2024\/10\/Kuj.-K-koopia.png","contentUrl":"https:\/\/www.karinibutiik.ee\/wp-content\/uploads\/2024\/10\/Kuj.-K-koopia.png","width":500,"height":500,"caption":"Karini Butiik"},"image":{"@id":"https:\/\/www.karinibutiik.ee\/#\/schema\/logo\/image\/"},"sameAs":["https:\/\/www.facebook.com\/karinibutiik.ee","https:\/\/www.instagram.com\/karinibutiik"]}]},"og_availability":"out of stock","product_availability":"out of stock","product_retailer_item_id":"7976","product_condition":"new"},"_links":{"self":[{"href":"https:\/\/www.karinibutiik.ee\/lv\/wp-json\/wp\/v2\/product\/23004","targetHints":{"allow":["GET"]}}],"collection":[{"href":"https:\/\/www.karinibutiik.ee\/lv\/wp-json\/wp\/v2\/product"}],"about":[{"href":"https:\/\/www.karinibutiik.ee\/lv\/wp-json\/wp\/v2\/types\/product"}],"version-history":[{"count":2,"href":"https:\/\/www.karinibutiik.ee\/lv\/wp-json\/wp\/v2\/product\/23004\/revisions"}],"predecessor-version":[{"id":23022,"href":"https:\/\/www.karinibutiik.ee\/lv\/wp-json\/wp\/v2\/product\/23004\/revisions\/23022"}],"wp:featuredmedia":[{"embeddable":true,"href":"https:\/\/www.karinibutiik.ee\/lv\/wp-json\/wp\/v2\/media\/22979"}],"wp:attachment":[{"href":"https:\/\/www.karinibutiik.ee\/lv\/wp-json\/wp\/v2\/media?parent=23004"}],"wp:term":[{"taxonomy":"product_brand","embeddable":true,"href":"https:\/\/www.karinibutiik.ee\/lv\/wp-json\/wp\/v2\/product_brand?post=23004"},{"taxonomy":"product_cat","embeddable":true,"href":"https:\/\/www.karinibutiik.ee\/lv\/wp-json\/wp\/v2\/product_cat?post=23004"},{"taxonomy":"product_tag","embeddable":true,"href":"https:\/\/www.karinibutiik.ee\/lv\/wp-json\/wp\/v2\/product_tag?post=23004"}],"curies":[{"name":"wp","href":"https:\/\/api.w.org\/{rel}","templated":true}]}}