{"id":23132,"date":"2025-07-05T12:15:25","date_gmt":"2025-07-05T09:15:25","guid":{"rendered":"https:\/\/www.karinibutiik.ee\/?post_type=product&#038;p=23132"},"modified":"2026-02-14T14:26:20","modified_gmt":"2026-02-14T12:26:20","slug":"rievota-kleita-ar-plandosam-piedurknem","status":"publish","type":"product","link":"https:\/\/www.karinibutiik.ee\/lv\/produkts\/rievota-kleita-ar-plandosam-piedurknem\/","title":{"rendered":"Rievota kleita ar \u012bs\u0101m piedurkn\u0113m"},"content":{"rendered":"<p>Atkl\u0101jiet stil\u012bgu kleitu ar rievotu apkakli, kas ir ide\u0101li piem\u0113rota jebkurai garderobei! \u0160\u012b kleita ar \u012bs\u0101m piedurkn\u0113m ir izgatavota no m\u012bksta un elast\u012bga materi\u0101la, kas nodro\u0161ina lielisku komfortu visas dienas garum\u0101. Pla\u0161ais V veida izgriezums pie\u0161\u0137ir sievi\u0161\u0137\u012bgu eleganci, bet rievotais dizains izce\u013c fig\u016bru. \u0160\u012b kleita ir pieejama \u010detr\u0101s modern\u0101s kr\u0101s\u0101s un S, M un L izm\u0113r\u0101, un t\u0101 ir lieliska izv\u0113le birojam vai br\u012bvajam laikam. Materi\u0101ls.<\/p>","protected":false},"excerpt":{"rendered":"<p>Avasta stiilne kraega soonikkleit, mis sobib suurep\u00e4raselt igasse garderoobi! See l\u00fchikeste varrukatega kleit on valmistatud pehmest ja venivast materjalist, pakkudes [&hellip;]<\/p>\n","protected":false},"featured_media":23146,"template":"","meta":{"site-sidebar-layout":"default","site-content-layout":"","ast-site-content-layout":"default","site-content-style":"default","site-sidebar-style":"default","ast-global-header-display":"","ast-banner-title-visibility":"","ast-main-header-display":"","ast-hfb-above-header-display":"","ast-hfb-below-header-display":"","ast-hfb-mobile-header-display":"","site-post-title":"","ast-breadcrumbs-content":"","ast-featured-img":"","footer-sml-layout":"","ast-disable-related-posts":"","theme-transparent-header-meta":"default","adv-header-id-meta":"","stick-header-meta":"default","header-above-stick-meta":"","header-main-stick-meta":"","header-below-stick-meta":"","astra-migrate-meta-layouts":"set","ast-page-background-enabled":"default","ast-page-background-meta":{"desktop":{"background-color":"var(--ast-global-color-4)","background-image":"","background-repeat":"repeat","background-position":"center center","background-size":"auto","background-attachment":"scroll","background-type":"","background-media":"","overlay-type":"","overlay-color":"","overlay-opacity":"","overlay-gradient":""},"tablet":{"background-color":"","background-image":"","background-repeat":"repeat","background-position":"center center","background-size":"auto","background-attachment":"scroll","background-type":"","background-media":"","overlay-type":"","overlay-color":"","overlay-opacity":"","overlay-gradient":""},"mobile":{"background-color":"","background-image":"","background-repeat":"repeat","background-position":"center center","background-size":"auto","background-attachment":"scroll","background-type":"","background-media":"","overlay-type":"","overlay-color":"","overlay-opacity":"","overlay-gradient":""}},"ast-content-background-meta":{"desktop":{"background-color":"var(--ast-global-color-5)","background-image":"","background-repeat":"repeat","background-position":"center center","background-size":"auto","background-attachment":"scroll","background-type":"","background-media":"","overlay-type":"","overlay-color":"","overlay-opacity":"","overlay-gradient":""},"tablet":{"background-color":"var(--ast-global-color-5)","background-image":"","background-repeat":"repeat","background-position":"center center","background-size":"auto","background-attachment":"scroll","background-type":"","background-media":"","overlay-type":"","overlay-color":"","overlay-opacity":"","overlay-gradient":""},"mobile":{"background-color":"var(--ast-global-color-5)","background-image":"","background-repeat":"repeat","background-position":"center center","background-size":"auto","background-attachment":"scroll","background-type":"","background-media":"","overlay-type":"","overlay-color":"","overlay-opacity":"","overlay-gradient":""}}},"product_brand":[],"product_cat":[347,378,349,346],"product_tag":[1599,1594,1598,1595,1604,1603,1602,1600,662,1406,1605,1435,1593,1597,962,623,503,1601,1592,1596],"class_list":{"0":"post-23132","1":"product","2":"type-product","3":"status-publish","4":"has-post-thumbnail","6":"product_cat-kleidid","7":"product_cat-kudumkleidid-ja-soonikud","8":"product_cat-midikleidid","9":"product_cat-naised","10":"product_tag-casual-kleit","11":"product_tag-igapaevane-kleit","12":"product_tag-kevadkleit","13":"product_tag-kleit-kraega","14":"product_tag-kleit-l-suurus","15":"product_tag-kleit-m-suurus","16":"product_tag-kleit-s-suurus","17":"product_tag-kontorikleitt","18":"product_tag-luhikeste-varrukatega-kleit","19":"product_tag-mitmevarviline-kleit","20":"product_tag-moekas-kleit","21":"product_tag-mugav-kleit","22":"product_tag-naiste-kleit","23":"product_tag-puuvillane-kleit","24":"product_tag-soonikkleit","25":"product_tag-stiilne-kleit","26":"product_tag-suvekleit","27":"product_tag-trendikas-kleit","28":"product_tag-v-kaelusega-kleit","29":"product_tag-veniv-materjal","30":"desktop-align-center","31":"tablet-align-center","32":"mobile-align-center","33":"ast-product-gallery-layout-horizontal-slider","34":"ast-product-single-variable","35":"ast-product-tabs-layout-horizontal","37":"first","38":"instock","39":"taxable","40":"shipping-taxable","41":"purchasable","42":"product-type-variable"},"supplier_id":null,"supplier_sku":"","barcode":null,"atum_controlled":true,"out_stock_date":null,"out_stock_threshold":null,"inheritable":true,"inbound_stock":null,"stock_on_hold":0,"sold_today":0,"sales_last_days":0,"reserved_stock":0,"customer_returns":null,"warehouse_damage":0,"lost_in_post":null,"other_logs":0,"out_stock_days":0,"lost_sales":0,"has_location":false,"update_date":"2025-12-04T13:52:37","atum_locations":[],"atum_stock_status":"instock","restock_status":false,"low_stock_amount":"","sales_update_date":"2025-12-02T01:40:14","calc_backorders":null,"yoast_head":"<!-- This site is optimized with the Yoast SEO plugin v26.9 - https:\/\/yoast.com\/product\/yoast-seo-wordpress\/ -->\n<title>L\u00fchikeste varrukatega soonikkleit - Karini Butiik<\/title>\n<meta name=\"description\" content=\"Stiilne soonikkleit kraega ja avara V-kaelusega. Mugav ja veniv materjal tagab kandmismugavuse. Ideaalne valik igaks p\u00e4evaks, kontorisse v\u00f5i vaba aja veetmiseks.\" \/>\n<meta name=\"robots\" content=\"index, follow, max-snippet:-1, max-image-preview:large, max-video-preview:-1\" \/>\n<link rel=\"canonical\" href=\"https:\/\/www.karinibutiik.ee\/lv\/produkts\/rievota-kleita-ar-plandosam-piedurknem\/\" \/>\n<meta property=\"og:locale\" content=\"lv_LV\" \/>\n<meta property=\"og:type\" content=\"article\" \/>\n<meta property=\"og:title\" content=\"L\u00fchikeste varrukatega soonikkleit - Karini Butiik\" \/>\n<meta property=\"og:description\" content=\"Stiilne soonikkleit kraega ja avara V-kaelusega. Mugav ja veniv materjal tagab kandmismugavuse. Ideaalne valik igaks p\u00e4evaks, kontorisse v\u00f5i vaba aja veetmiseks.\" \/>\n<meta property=\"og:url\" content=\"https:\/\/www.karinibutiik.ee\/lv\/produkts\/rievota-kleita-ar-plandosam-piedurknem\/\" \/>\n<meta property=\"og:site_name\" content=\"Karini Butiik\" \/>\n<meta property=\"article:publisher\" content=\"https:\/\/www.facebook.com\/karinibutiik.ee\" \/>\n<meta property=\"article:modified_time\" content=\"2026-02-14T12:26:20+00:00\" \/>\n<meta property=\"og:image\" content=\"https:\/\/www.karinibutiik.ee\/wp-content\/uploads\/2025\/07\/D49BE95B-5479-4A91-9A0D-6D8A00DCD202-scaled.jpeg\" \/>\n\t<meta property=\"og:image:width\" content=\"1960\" \/>\n\t<meta property=\"og:image:height\" content=\"2560\" \/>\n\t<meta property=\"og:image:type\" content=\"image\/jpeg\" \/>\n<meta name=\"twitter:card\" content=\"summary_large_image\" \/>\n<meta name=\"twitter:label1\" content=\"Availability\" \/>\n\t<meta name=\"twitter:data1\" content=\"In stock\" \/>\n<script type=\"application\/ld+json\" class=\"yoast-schema-graph\">{\"@context\":\"https:\/\/schema.org\",\"@graph\":[{\"@type\":\"WebPage\",\"@id\":\"https:\/\/www.karinibutiik.ee\/toode\/luhikeste-varrukatega-soonikkleit\/\",\"url\":\"https:\/\/www.karinibutiik.ee\/toode\/luhikeste-varrukatega-soonikkleit\/\",\"name\":\"L\u00fchikeste varrukatega soonikkleit - Karini Butiik\",\"isPartOf\":{\"@id\":\"https:\/\/www.karinibutiik.ee\/#website\"},\"primaryImageOfPage\":{\"@id\":\"https:\/\/www.karinibutiik.ee\/toode\/luhikeste-varrukatega-soonikkleit\/#primaryimage\"},\"image\":{\"@id\":\"https:\/\/www.karinibutiik.ee\/toode\/luhikeste-varrukatega-soonikkleit\/#primaryimage\"},\"thumbnailUrl\":\"https:\/\/www.karinibutiik.ee\/wp-content\/uploads\/2025\/07\/D49BE95B-5479-4A91-9A0D-6D8A00DCD202-scaled.jpeg\",\"datePublished\":\"2025-07-05T09:15:25+00:00\",\"dateModified\":\"2026-02-14T12:26:20+00:00\",\"description\":\"Stiilne soonikkleit kraega ja avara V-kaelusega. Mugav ja veniv materjal tagab kandmismugavuse. Ideaalne valik igaks p\u00e4evaks, kontorisse v\u00f5i vaba aja veetmiseks.\",\"breadcrumb\":{\"@id\":\"https:\/\/www.karinibutiik.ee\/toode\/luhikeste-varrukatega-soonikkleit\/#breadcrumb\"},\"inLanguage\":\"lv-LV\",\"potentialAction\":[{\"@type\":\"ReadAction\",\"target\":[\"https:\/\/www.karinibutiik.ee\/toode\/luhikeste-varrukatega-soonikkleit\/\"]}]},{\"@type\":\"ImageObject\",\"inLanguage\":\"lv-LV\",\"@id\":\"https:\/\/www.karinibutiik.ee\/toode\/luhikeste-varrukatega-soonikkleit\/#primaryimage\",\"url\":\"https:\/\/www.karinibutiik.ee\/wp-content\/uploads\/2025\/07\/D49BE95B-5479-4A91-9A0D-6D8A00DCD202-scaled.jpeg\",\"contentUrl\":\"https:\/\/www.karinibutiik.ee\/wp-content\/uploads\/2025\/07\/D49BE95B-5479-4A91-9A0D-6D8A00DCD202-scaled.jpeg\",\"width\":1960,\"height\":2560},{\"@type\":\"BreadcrumbList\",\"@id\":\"https:\/\/www.karinibutiik.ee\/toode\/luhikeste-varrukatega-soonikkleit\/#breadcrumb\",\"itemListElement\":[{\"@type\":\"ListItem\",\"position\":1,\"name\":\"Home\",\"item\":\"https:\/\/www.karinibutiik.ee\/\"},{\"@type\":\"ListItem\",\"position\":2,\"name\":\"Pood\",\"item\":\"https:\/\/www.karinibutiik.ee\/pood\/\"},{\"@type\":\"ListItem\",\"position\":3,\"name\":\"L\u00fchikeste varrukatega soonikkleit\"}]},{\"@type\":\"WebSite\",\"@id\":\"https:\/\/www.karinibutiik.ee\/#website\",\"url\":\"https:\/\/www.karinibutiik.ee\/\",\"name\":\"Karini Butiik\",\"description\":\"\",\"publisher\":{\"@id\":\"https:\/\/www.karinibutiik.ee\/#organization\"},\"potentialAction\":[{\"@type\":\"SearchAction\",\"target\":{\"@type\":\"EntryPoint\",\"urlTemplate\":\"https:\/\/www.karinibutiik.ee\/?s={search_term_string}\"},\"query-input\":{\"@type\":\"PropertyValueSpecification\",\"valueRequired\":true,\"valueName\":\"search_term_string\"}}],\"inLanguage\":\"lv-LV\"},{\"@type\":\"Organization\",\"@id\":\"https:\/\/www.karinibutiik.ee\/#organization\",\"name\":\"Karini Butiik\",\"url\":\"https:\/\/www.karinibutiik.ee\/\",\"logo\":{\"@type\":\"ImageObject\",\"inLanguage\":\"lv-LV\",\"@id\":\"https:\/\/www.karinibutiik.ee\/#\/schema\/logo\/image\/\",\"url\":\"https:\/\/www.karinibutiik.ee\/wp-content\/uploads\/2024\/10\/Kuj.-K-koopia.png\",\"contentUrl\":\"https:\/\/www.karinibutiik.ee\/wp-content\/uploads\/2024\/10\/Kuj.-K-koopia.png\",\"width\":500,\"height\":500,\"caption\":\"Karini Butiik\"},\"image\":{\"@id\":\"https:\/\/www.karinibutiik.ee\/#\/schema\/logo\/image\/\"},\"sameAs\":[\"https:\/\/www.facebook.com\/karinibutiik.ee\",\"https:\/\/www.instagram.com\/karinibutiik\"]}]}<\/script>\n<meta property=\"og:availability\" content=\"instock\" \/>\n<meta property=\"product:availability\" content=\"instock\" \/>\n<meta property=\"product:retailer_item_id\" content=\"1426\" \/>\n<meta property=\"product:condition\" content=\"new\" \/>\n<!-- \/ Yoast SEO plugin. -->","yoast_head_json":{"title":"Rievota kleita ar \u012bs\u0101m piedurkn\u0113m - Karini Butiik","description":"Stil\u012bga rievota kleita ar apkakli un pla\u0161u V veida kakla izgriezumu. Komfortabls un elast\u012bgs materi\u0101ls \u0113rtai valk\u0101\u0161anai. Ide\u0101la izv\u0113le katrai dienai, birojam vai atp\u016btai.","robots":{"index":"index","follow":"follow","max-snippet":"max-snippet:-1","max-image-preview":"max-image-preview:large","max-video-preview":"max-video-preview:-1"},"canonical":"https:\/\/www.karinibutiik.ee\/lv\/produkts\/rievota-kleita-ar-plandosam-piedurknem\/","og_locale":"lv_LV","og_type":"article","og_title":"L\u00fchikeste varrukatega soonikkleit - Karini Butiik","og_description":"Stiilne soonikkleit kraega ja avara V-kaelusega. Mugav ja veniv materjal tagab kandmismugavuse. Ideaalne valik igaks p\u00e4evaks, kontorisse v\u00f5i vaba aja veetmiseks.","og_url":"https:\/\/www.karinibutiik.ee\/lv\/produkts\/rievota-kleita-ar-plandosam-piedurknem\/","og_site_name":"Karini Butiik","article_publisher":"https:\/\/www.facebook.com\/karinibutiik.ee","article_modified_time":"2026-02-14T12:26:20+00:00","og_image":[{"width":1960,"height":2560,"url":"https:\/\/www.karinibutiik.ee\/wp-content\/uploads\/2025\/07\/D49BE95B-5479-4A91-9A0D-6D8A00DCD202-scaled.jpeg","type":"image\/jpeg"}],"twitter_card":"summary_large_image","twitter_misc":{"Availability":"In stock"},"schema":{"@context":"https:\/\/schema.org","@graph":[{"@type":"WebPage","@id":"https:\/\/www.karinibutiik.ee\/toode\/luhikeste-varrukatega-soonikkleit\/","url":"https:\/\/www.karinibutiik.ee\/toode\/luhikeste-varrukatega-soonikkleit\/","name":"Rievota kleita ar \u012bs\u0101m piedurkn\u0113m - Karini Butiik","isPartOf":{"@id":"https:\/\/www.karinibutiik.ee\/#website"},"primaryImageOfPage":{"@id":"https:\/\/www.karinibutiik.ee\/toode\/luhikeste-varrukatega-soonikkleit\/#primaryimage"},"image":{"@id":"https:\/\/www.karinibutiik.ee\/toode\/luhikeste-varrukatega-soonikkleit\/#primaryimage"},"thumbnailUrl":"https:\/\/www.karinibutiik.ee\/wp-content\/uploads\/2025\/07\/D49BE95B-5479-4A91-9A0D-6D8A00DCD202-scaled.jpeg","datePublished":"2025-07-05T09:15:25+00:00","dateModified":"2026-02-14T12:26:20+00:00","description":"Stil\u012bga rievota kleita ar apkakli un pla\u0161u V veida kakla izgriezumu. Komfortabls un elast\u012bgs materi\u0101ls \u0113rtai valk\u0101\u0161anai. Ide\u0101la izv\u0113le katrai dienai, birojam vai atp\u016btai.","breadcrumb":{"@id":"https:\/\/www.karinibutiik.ee\/toode\/luhikeste-varrukatega-soonikkleit\/#breadcrumb"},"inLanguage":"lv-LV","potentialAction":[{"@type":"ReadAction","target":["https:\/\/www.karinibutiik.ee\/toode\/luhikeste-varrukatega-soonikkleit\/"]}]},{"@type":"ImageObject","inLanguage":"lv-LV","@id":"https:\/\/www.karinibutiik.ee\/toode\/luhikeste-varrukatega-soonikkleit\/#primaryimage","url":"https:\/\/www.karinibutiik.ee\/wp-content\/uploads\/2025\/07\/D49BE95B-5479-4A91-9A0D-6D8A00DCD202-scaled.jpeg","contentUrl":"https:\/\/www.karinibutiik.ee\/wp-content\/uploads\/2025\/07\/D49BE95B-5479-4A91-9A0D-6D8A00DCD202-scaled.jpeg","width":1960,"height":2560},{"@type":"BreadcrumbList","@id":"https:\/\/www.karinibutiik.ee\/toode\/luhikeste-varrukatega-soonikkleit\/#breadcrumb","itemListElement":[{"@type":"ListItem","position":1,"name":"Home","item":"https:\/\/www.karinibutiik.ee\/"},{"@type":"ListItem","position":2,"name":"Pood","item":"https:\/\/www.karinibutiik.ee\/pood\/"},{"@type":"ListItem","position":3,"name":"L\u00fchikeste varrukatega soonikkleit"}]},{"@type":"WebSite","@id":"https:\/\/www.karinibutiik.ee\/#website","url":"https:\/\/www.karinibutiik.ee\/","name":"Karini Butiik","description":"","publisher":{"@id":"https:\/\/www.karinibutiik.ee\/#organization"},"potentialAction":[{"@type":"SearchAction","target":{"@type":"EntryPoint","urlTemplate":"https:\/\/www.karinibutiik.ee\/?s={search_term_string}"},"query-input":{"@type":"PropertyValueSpecification","valueRequired":true,"valueName":"search_term_string"}}],"inLanguage":"lv-LV"},{"@type":"Organization","@id":"https:\/\/www.karinibutiik.ee\/#organization","name":"Karini Butiik","url":"https:\/\/www.karinibutiik.ee\/","logo":{"@type":"ImageObject","inLanguage":"lv-LV","@id":"https:\/\/www.karinibutiik.ee\/#\/schema\/logo\/image\/","url":"https:\/\/www.karinibutiik.ee\/wp-content\/uploads\/2024\/10\/Kuj.-K-koopia.png","contentUrl":"https:\/\/www.karinibutiik.ee\/wp-content\/uploads\/2024\/10\/Kuj.-K-koopia.png","width":500,"height":500,"caption":"Karini Butiik"},"image":{"@id":"https:\/\/www.karinibutiik.ee\/#\/schema\/logo\/image\/"},"sameAs":["https:\/\/www.facebook.com\/karinibutiik.ee","https:\/\/www.instagram.com\/karinibutiik"]}]},"og_availability":"instock","product_availability":"instock","product_retailer_item_id":"1426","product_condition":"new"},"_links":{"self":[{"href":"https:\/\/www.karinibutiik.ee\/lv\/wp-json\/wp\/v2\/product\/23132","targetHints":{"allow":["GET"]}}],"collection":[{"href":"https:\/\/www.karinibutiik.ee\/lv\/wp-json\/wp\/v2\/product"}],"about":[{"href":"https:\/\/www.karinibutiik.ee\/lv\/wp-json\/wp\/v2\/types\/product"}],"version-history":[{"count":1,"href":"https:\/\/www.karinibutiik.ee\/lv\/wp-json\/wp\/v2\/product\/23132\/revisions"}],"predecessor-version":[{"id":23145,"href":"https:\/\/www.karinibutiik.ee\/lv\/wp-json\/wp\/v2\/product\/23132\/revisions\/23145"}],"wp:featuredmedia":[{"embeddable":true,"href":"https:\/\/www.karinibutiik.ee\/lv\/wp-json\/wp\/v2\/media\/23146"}],"wp:attachment":[{"href":"https:\/\/www.karinibutiik.ee\/lv\/wp-json\/wp\/v2\/media?parent=23132"}],"wp:term":[{"taxonomy":"product_brand","embeddable":true,"href":"https:\/\/www.karinibutiik.ee\/lv\/wp-json\/wp\/v2\/product_brand?post=23132"},{"taxonomy":"product_cat","embeddable":true,"href":"https:\/\/www.karinibutiik.ee\/lv\/wp-json\/wp\/v2\/product_cat?post=23132"},{"taxonomy":"product_tag","embeddable":true,"href":"https:\/\/www.karinibutiik.ee\/lv\/wp-json\/wp\/v2\/product_tag?post=23132"}],"curies":[{"name":"wp","href":"https:\/\/api.w.org\/{rel}","templated":true}]}}