{"id":23186,"date":"2025-07-07T10:39:01","date_gmt":"2025-07-07T07:39:01","guid":{"rendered":"https:\/\/www.karinibutiik.ee\/?post_type=product&#038;p=23186"},"modified":"2026-03-28T10:38:12","modified_gmt":"2026-03-28T08:38:12","slug":"kleita-ar-plandosam-piedurknem","status":"publish","type":"product","link":"https:\/\/www.karinibutiik.ee\/lv\/produkts\/kleita-ar-plandosam-piedurknem\/","title":{"rendered":"Kleita ar \u012bs\u0101m piedurkn\u0113m"},"content":{"rendered":"<p>Eleganta un sievi\u0161\u0137\u012bga kleita ar \u012bs\u0101m piedurkn\u0113m un izteiksm\u012bgu aizmugures dizainu - pogas aizdare un romantiska kaklasaites deta\u013ca rada greznu kop\u0113jo izskatu. Nedaudz atv\u0113rt\u0101 mugura pie\u0161\u0137ir jutekliskumu, savuk\u0101rt t\u012br\u0101 l\u012bnija un taisnais piegriezums padara kleitu piem\u0113rotu gan svin\u012bgiem pas\u0101kumiem, gan vasaras tik\u0161an\u0101s reiz\u0113m. Pieejama tr\u012bs skaistos to\u0146os: klasiski balt\u0101, maigi gai\u0161i roz\u0101 un svaigi piparm\u0113tru. Izm\u0113ri no S l\u012bdz XL.<\/p>\n<p>Pa\u0146emiet liel\u0101ku Nr.<\/p>","protected":false},"excerpt":{"rendered":"<p>Elegantne ja naiselik l\u00fchikeste varrukatega kleit, mis paistab silma seljaosalise disainiga \u2013 n\u00f6\u00f6birida ja romantiline lipsudetail loovad luksusliku \u00fcldmulje. Kergelt [&hellip;]<\/p>\n","protected":false},"featured_media":23177,"template":"","meta":{"site-sidebar-layout":"default","site-content-layout":"","ast-site-content-layout":"default","site-content-style":"default","site-sidebar-style":"default","ast-global-header-display":"","ast-banner-title-visibility":"","ast-main-header-display":"","ast-hfb-above-header-display":"","ast-hfb-below-header-display":"","ast-hfb-mobile-header-display":"","site-post-title":"","ast-breadcrumbs-content":"","ast-featured-img":"","footer-sml-layout":"","ast-disable-related-posts":"","theme-transparent-header-meta":"default","adv-header-id-meta":"","stick-header-meta":"default","header-above-stick-meta":"","header-main-stick-meta":"","header-below-stick-meta":"","astra-migrate-meta-layouts":"set","ast-page-background-enabled":"default","ast-page-background-meta":{"desktop":{"background-color":"var(--ast-global-color-4)","background-image":"","background-repeat":"repeat","background-position":"center center","background-size":"auto","background-attachment":"scroll","background-type":"","background-media":"","overlay-type":"","overlay-color":"","overlay-opacity":"","overlay-gradient":""},"tablet":{"background-color":"","background-image":"","background-repeat":"repeat","background-position":"center center","background-size":"auto","background-attachment":"scroll","background-type":"","background-media":"","overlay-type":"","overlay-color":"","overlay-opacity":"","overlay-gradient":""},"mobile":{"background-color":"","background-image":"","background-repeat":"repeat","background-position":"center center","background-size":"auto","background-attachment":"scroll","background-type":"","background-media":"","overlay-type":"","overlay-color":"","overlay-opacity":"","overlay-gradient":""}},"ast-content-background-meta":{"desktop":{"background-color":"var(--ast-global-color-5)","background-image":"","background-repeat":"repeat","background-position":"center center","background-size":"auto","background-attachment":"scroll","background-type":"","background-media":"","overlay-type":"","overlay-color":"","overlay-opacity":"","overlay-gradient":""},"tablet":{"background-color":"var(--ast-global-color-5)","background-image":"","background-repeat":"repeat","background-position":"center center","background-size":"auto","background-attachment":"scroll","background-type":"","background-media":"","overlay-type":"","overlay-color":"","overlay-opacity":"","overlay-gradient":""},"mobile":{"background-color":"var(--ast-global-color-5)","background-image":"","background-repeat":"repeat","background-position":"center center","background-size":"auto","background-attachment":"scroll","background-type":"","background-media":"","overlay-type":"","overlay-color":"","overlay-opacity":"","overlay-gradient":""}}},"product_brand":[],"product_cat":[452,347,364,346],"product_tag":[1169,1610,1607,1612,1615,1614,1613,1616,1609,1606,662,1461,1611,1617,1608,1094,1618,1430,623,500],"class_list":{"0":"post-23186","1":"product","2":"type-product","3":"status-publish","4":"has-post-thumbnail","6":"product_cat-bestseller","7":"product_cat-kleidid","8":"product_cat-minikleidid","9":"product_cat-naised","10":"product_tag-elegantne-kleit","11":"product_tag-heleroosa-kleit","12":"product_tag-kleit-avatud-seljaga","13":"product_tag-kleit-noobiga","14":"product_tag-kleit-suurus-l","15":"product_tag-kleit-suurus-m","16":"product_tag-kleit-suurus-s","17":"product_tag-kleit-suurus-xl","18":"product_tag-kleit-valge","19":"product_tag-lipsudetailiga-kleit","20":"product_tag-luhikeste-varrukatega-kleit","21":"product_tag-minimalistlik-kleit","22":"product_tag-mint-kleit","23":"product_tag-naiselik-kleit","24":"product_tag-naiste-pidulik-kleit","25":"product_tag-ohtukleit","26":"product_tag-peokleit","27":"product_tag-romantiline-kleit","28":"product_tag-stiilne-kleit","29":"product_tag-suvine-kleit","30":"desktop-align-center","31":"tablet-align-center","32":"mobile-align-center","33":"ast-product-gallery-layout-horizontal-slider","34":"ast-product-single-variable","35":"ast-product-tabs-layout-horizontal","37":"first","38":"instock","39":"taxable","40":"shipping-taxable","41":"purchasable","42":"product-type-variable"},"supplier_id":null,"supplier_sku":"","barcode":null,"atum_controlled":true,"out_stock_date":null,"out_stock_threshold":null,"inheritable":true,"inbound_stock":null,"stock_on_hold":0,"sold_today":0,"sales_last_days":0,"reserved_stock":0,"customer_returns":null,"warehouse_damage":0,"lost_in_post":null,"other_logs":0,"out_stock_days":0,"lost_sales":0,"has_location":false,"update_date":"2026-03-28T08:38:14","atum_locations":[],"atum_stock_status":"instock","restock_status":false,"low_stock_amount":"","sales_update_date":"2025-12-01T01:40:33","calc_backorders":null,"yoast_head":"<!-- This site is optimized with the Yoast SEO plugin v26.9 - https:\/\/yoast.com\/product\/yoast-seo-wordpress\/ -->\n<title>L\u00fchikeste varrukatega kleit - Karini Butiik<\/title>\n<meta name=\"description\" content=\"Kaunis l\u00fchikeste varrukatega kleit avatud selja ja lipsudetailiga. Saadaval valges, roosas ja mintses toonis. Ideaalne suveks ja pidulikeks hetkedeks!\" \/>\n<meta name=\"robots\" content=\"index, follow, max-snippet:-1, max-image-preview:large, max-video-preview:-1\" \/>\n<link rel=\"canonical\" href=\"https:\/\/www.karinibutiik.ee\/lv\/produkts\/kleita-ar-plandosam-piedurknem\/\" \/>\n<meta property=\"og:locale\" content=\"lv_LV\" \/>\n<meta property=\"og:type\" content=\"article\" \/>\n<meta property=\"og:title\" content=\"L\u00fchikeste varrukatega kleit - Karini Butiik\" \/>\n<meta property=\"og:description\" content=\"Kaunis l\u00fchikeste varrukatega kleit avatud selja ja lipsudetailiga. Saadaval valges, roosas ja mintses toonis. Ideaalne suveks ja pidulikeks hetkedeks!\" \/>\n<meta property=\"og:url\" content=\"https:\/\/www.karinibutiik.ee\/lv\/produkts\/kleita-ar-plandosam-piedurknem\/\" \/>\n<meta property=\"og:site_name\" content=\"Karini Butiik\" \/>\n<meta property=\"article:publisher\" content=\"https:\/\/www.facebook.com\/karinibutiik.ee\" \/>\n<meta property=\"article:modified_time\" content=\"2026-03-28T08:38:12+00:00\" \/>\n<meta property=\"og:image\" content=\"https:\/\/www.karinibutiik.ee\/wp-content\/uploads\/2025\/07\/DACF8E36-6FB1-45D1-AD9E-202A9F3A706F.jpeg\" \/>\n\t<meta property=\"og:image:width\" content=\"1387\" \/>\n\t<meta property=\"og:image:height\" content=\"1733\" \/>\n\t<meta property=\"og:image:type\" content=\"image\/jpeg\" \/>\n<meta name=\"twitter:card\" content=\"summary_large_image\" \/>\n<meta name=\"twitter:label1\" content=\"Availability\" \/>\n\t<meta name=\"twitter:data1\" content=\"In stock\" \/>\n<script type=\"application\/ld+json\" class=\"yoast-schema-graph\">{\"@context\":\"https:\/\/schema.org\",\"@graph\":[{\"@type\":\"WebPage\",\"@id\":\"https:\/\/www.karinibutiik.ee\/toode\/luhikeste-varrukatega-kleit\/\",\"url\":\"https:\/\/www.karinibutiik.ee\/toode\/luhikeste-varrukatega-kleit\/\",\"name\":\"L\u00fchikeste varrukatega kleit - Karini Butiik\",\"isPartOf\":{\"@id\":\"https:\/\/www.karinibutiik.ee\/#website\"},\"primaryImageOfPage\":{\"@id\":\"https:\/\/www.karinibutiik.ee\/toode\/luhikeste-varrukatega-kleit\/#primaryimage\"},\"image\":{\"@id\":\"https:\/\/www.karinibutiik.ee\/toode\/luhikeste-varrukatega-kleit\/#primaryimage\"},\"thumbnailUrl\":\"https:\/\/www.karinibutiik.ee\/wp-content\/uploads\/2025\/07\/DACF8E36-6FB1-45D1-AD9E-202A9F3A706F.jpeg\",\"datePublished\":\"2025-07-07T07:39:01+00:00\",\"dateModified\":\"2026-03-28T08:38:12+00:00\",\"description\":\"Kaunis l\u00fchikeste varrukatega kleit avatud selja ja lipsudetailiga. Saadaval valges, roosas ja mintses toonis. Ideaalne suveks ja pidulikeks hetkedeks!\",\"breadcrumb\":{\"@id\":\"https:\/\/www.karinibutiik.ee\/toode\/luhikeste-varrukatega-kleit\/#breadcrumb\"},\"inLanguage\":\"lv-LV\",\"potentialAction\":[{\"@type\":\"ReadAction\",\"target\":[\"https:\/\/www.karinibutiik.ee\/toode\/luhikeste-varrukatega-kleit\/\"]}]},{\"@type\":\"ImageObject\",\"inLanguage\":\"lv-LV\",\"@id\":\"https:\/\/www.karinibutiik.ee\/toode\/luhikeste-varrukatega-kleit\/#primaryimage\",\"url\":\"https:\/\/www.karinibutiik.ee\/wp-content\/uploads\/2025\/07\/DACF8E36-6FB1-45D1-AD9E-202A9F3A706F.jpeg\",\"contentUrl\":\"https:\/\/www.karinibutiik.ee\/wp-content\/uploads\/2025\/07\/DACF8E36-6FB1-45D1-AD9E-202A9F3A706F.jpeg\",\"width\":1387,\"height\":1733},{\"@type\":\"BreadcrumbList\",\"@id\":\"https:\/\/www.karinibutiik.ee\/toode\/luhikeste-varrukatega-kleit\/#breadcrumb\",\"itemListElement\":[{\"@type\":\"ListItem\",\"position\":1,\"name\":\"Home\",\"item\":\"https:\/\/www.karinibutiik.ee\/\"},{\"@type\":\"ListItem\",\"position\":2,\"name\":\"Pood\",\"item\":\"https:\/\/www.karinibutiik.ee\/pood\/\"},{\"@type\":\"ListItem\",\"position\":3,\"name\":\"L\u00fchikeste varrukatega kleit\"}]},{\"@type\":\"WebSite\",\"@id\":\"https:\/\/www.karinibutiik.ee\/#website\",\"url\":\"https:\/\/www.karinibutiik.ee\/\",\"name\":\"Karini Butiik\",\"description\":\"\",\"publisher\":{\"@id\":\"https:\/\/www.karinibutiik.ee\/#organization\"},\"potentialAction\":[{\"@type\":\"SearchAction\",\"target\":{\"@type\":\"EntryPoint\",\"urlTemplate\":\"https:\/\/www.karinibutiik.ee\/?s={search_term_string}\"},\"query-input\":{\"@type\":\"PropertyValueSpecification\",\"valueRequired\":true,\"valueName\":\"search_term_string\"}}],\"inLanguage\":\"lv-LV\"},{\"@type\":\"Organization\",\"@id\":\"https:\/\/www.karinibutiik.ee\/#organization\",\"name\":\"Karini Butiik\",\"url\":\"https:\/\/www.karinibutiik.ee\/\",\"logo\":{\"@type\":\"ImageObject\",\"inLanguage\":\"lv-LV\",\"@id\":\"https:\/\/www.karinibutiik.ee\/#\/schema\/logo\/image\/\",\"url\":\"https:\/\/www.karinibutiik.ee\/wp-content\/uploads\/2024\/10\/Kuj.-K-koopia.png\",\"contentUrl\":\"https:\/\/www.karinibutiik.ee\/wp-content\/uploads\/2024\/10\/Kuj.-K-koopia.png\",\"width\":500,\"height\":500,\"caption\":\"Karini Butiik\"},\"image\":{\"@id\":\"https:\/\/www.karinibutiik.ee\/#\/schema\/logo\/image\/\"},\"sameAs\":[\"https:\/\/www.facebook.com\/karinibutiik.ee\",\"https:\/\/www.instagram.com\/karinibutiik\"]}]}<\/script>\n<meta property=\"og:availability\" content=\"instock\" \/>\n<meta property=\"product:availability\" content=\"instock\" \/>\n<meta property=\"product:retailer_item_id\" content=\"3835\" \/>\n<meta property=\"product:condition\" content=\"new\" \/>\n<!-- \/ Yoast SEO plugin. -->","yoast_head_json":{"title":"Kleita ar \u012bs\u0101m piedurkn\u0113m - Karini Boutique","description":"Skaista kleita ar \u012bs\u0101m piedurkn\u0113m, atv\u0113rtu muguru un kaklasaites deta\u013cu. Pieejama balt\u0101, roz\u0101 un piparm\u0113tru kr\u0101s\u0101. Lieliski piem\u0113rota vasarai un sv\u0113tku reiz\u0113m!","robots":{"index":"index","follow":"follow","max-snippet":"max-snippet:-1","max-image-preview":"max-image-preview:large","max-video-preview":"max-video-preview:-1"},"canonical":"https:\/\/www.karinibutiik.ee\/lv\/produkts\/kleita-ar-plandosam-piedurknem\/","og_locale":"lv_LV","og_type":"article","og_title":"L\u00fchikeste varrukatega kleit - Karini Butiik","og_description":"Kaunis l\u00fchikeste varrukatega kleit avatud selja ja lipsudetailiga. Saadaval valges, roosas ja mintses toonis. Ideaalne suveks ja pidulikeks hetkedeks!","og_url":"https:\/\/www.karinibutiik.ee\/lv\/produkts\/kleita-ar-plandosam-piedurknem\/","og_site_name":"Karini Butiik","article_publisher":"https:\/\/www.facebook.com\/karinibutiik.ee","article_modified_time":"2026-03-28T08:38:12+00:00","og_image":[{"width":1387,"height":1733,"url":"https:\/\/www.karinibutiik.ee\/wp-content\/uploads\/2025\/07\/DACF8E36-6FB1-45D1-AD9E-202A9F3A706F.jpeg","type":"image\/jpeg"}],"twitter_card":"summary_large_image","twitter_misc":{"Availability":"In stock"},"schema":{"@context":"https:\/\/schema.org","@graph":[{"@type":"WebPage","@id":"https:\/\/www.karinibutiik.ee\/toode\/luhikeste-varrukatega-kleit\/","url":"https:\/\/www.karinibutiik.ee\/toode\/luhikeste-varrukatega-kleit\/","name":"Kleita ar \u012bs\u0101m piedurkn\u0113m - Karini Boutique","isPartOf":{"@id":"https:\/\/www.karinibutiik.ee\/#website"},"primaryImageOfPage":{"@id":"https:\/\/www.karinibutiik.ee\/toode\/luhikeste-varrukatega-kleit\/#primaryimage"},"image":{"@id":"https:\/\/www.karinibutiik.ee\/toode\/luhikeste-varrukatega-kleit\/#primaryimage"},"thumbnailUrl":"https:\/\/www.karinibutiik.ee\/wp-content\/uploads\/2025\/07\/DACF8E36-6FB1-45D1-AD9E-202A9F3A706F.jpeg","datePublished":"2025-07-07T07:39:01+00:00","dateModified":"2026-03-28T08:38:12+00:00","description":"Skaista kleita ar \u012bs\u0101m piedurkn\u0113m, atv\u0113rtu muguru un kaklasaites deta\u013cu. Pieejama balt\u0101, roz\u0101 un piparm\u0113tru kr\u0101s\u0101. Lieliski piem\u0113rota vasarai un sv\u0113tku reiz\u0113m!","breadcrumb":{"@id":"https:\/\/www.karinibutiik.ee\/toode\/luhikeste-varrukatega-kleit\/#breadcrumb"},"inLanguage":"lv-LV","potentialAction":[{"@type":"ReadAction","target":["https:\/\/www.karinibutiik.ee\/toode\/luhikeste-varrukatega-kleit\/"]}]},{"@type":"ImageObject","inLanguage":"lv-LV","@id":"https:\/\/www.karinibutiik.ee\/toode\/luhikeste-varrukatega-kleit\/#primaryimage","url":"https:\/\/www.karinibutiik.ee\/wp-content\/uploads\/2025\/07\/DACF8E36-6FB1-45D1-AD9E-202A9F3A706F.jpeg","contentUrl":"https:\/\/www.karinibutiik.ee\/wp-content\/uploads\/2025\/07\/DACF8E36-6FB1-45D1-AD9E-202A9F3A706F.jpeg","width":1387,"height":1733},{"@type":"BreadcrumbList","@id":"https:\/\/www.karinibutiik.ee\/toode\/luhikeste-varrukatega-kleit\/#breadcrumb","itemListElement":[{"@type":"ListItem","position":1,"name":"Home","item":"https:\/\/www.karinibutiik.ee\/"},{"@type":"ListItem","position":2,"name":"Pood","item":"https:\/\/www.karinibutiik.ee\/pood\/"},{"@type":"ListItem","position":3,"name":"L\u00fchikeste varrukatega kleit"}]},{"@type":"WebSite","@id":"https:\/\/www.karinibutiik.ee\/#website","url":"https:\/\/www.karinibutiik.ee\/","name":"Karini Butiik","description":"","publisher":{"@id":"https:\/\/www.karinibutiik.ee\/#organization"},"potentialAction":[{"@type":"SearchAction","target":{"@type":"EntryPoint","urlTemplate":"https:\/\/www.karinibutiik.ee\/?s={search_term_string}"},"query-input":{"@type":"PropertyValueSpecification","valueRequired":true,"valueName":"search_term_string"}}],"inLanguage":"lv-LV"},{"@type":"Organization","@id":"https:\/\/www.karinibutiik.ee\/#organization","name":"Karini Butiik","url":"https:\/\/www.karinibutiik.ee\/","logo":{"@type":"ImageObject","inLanguage":"lv-LV","@id":"https:\/\/www.karinibutiik.ee\/#\/schema\/logo\/image\/","url":"https:\/\/www.karinibutiik.ee\/wp-content\/uploads\/2024\/10\/Kuj.-K-koopia.png","contentUrl":"https:\/\/www.karinibutiik.ee\/wp-content\/uploads\/2024\/10\/Kuj.-K-koopia.png","width":500,"height":500,"caption":"Karini Butiik"},"image":{"@id":"https:\/\/www.karinibutiik.ee\/#\/schema\/logo\/image\/"},"sameAs":["https:\/\/www.facebook.com\/karinibutiik.ee","https:\/\/www.instagram.com\/karinibutiik"]}]},"og_availability":"instock","product_availability":"instock","product_retailer_item_id":"3835","product_condition":"new"},"_links":{"self":[{"href":"https:\/\/www.karinibutiik.ee\/lv\/wp-json\/wp\/v2\/product\/23186","targetHints":{"allow":["GET"]}}],"collection":[{"href":"https:\/\/www.karinibutiik.ee\/lv\/wp-json\/wp\/v2\/product"}],"about":[{"href":"https:\/\/www.karinibutiik.ee\/lv\/wp-json\/wp\/v2\/types\/product"}],"version-history":[{"count":2,"href":"https:\/\/www.karinibutiik.ee\/lv\/wp-json\/wp\/v2\/product\/23186\/revisions"}],"predecessor-version":[{"id":23200,"href":"https:\/\/www.karinibutiik.ee\/lv\/wp-json\/wp\/v2\/product\/23186\/revisions\/23200"}],"wp:featuredmedia":[{"embeddable":true,"href":"https:\/\/www.karinibutiik.ee\/lv\/wp-json\/wp\/v2\/media\/23177"}],"wp:attachment":[{"href":"https:\/\/www.karinibutiik.ee\/lv\/wp-json\/wp\/v2\/media?parent=23186"}],"wp:term":[{"taxonomy":"product_brand","embeddable":true,"href":"https:\/\/www.karinibutiik.ee\/lv\/wp-json\/wp\/v2\/product_brand?post=23186"},{"taxonomy":"product_cat","embeddable":true,"href":"https:\/\/www.karinibutiik.ee\/lv\/wp-json\/wp\/v2\/product_cat?post=23186"},{"taxonomy":"product_tag","embeddable":true,"href":"https:\/\/www.karinibutiik.ee\/lv\/wp-json\/wp\/v2\/product_tag?post=23186"}],"curies":[{"name":"wp","href":"https:\/\/api.w.org\/{rel}","templated":true}]}}