{"id":23225,"date":"2025-07-07T13:08:31","date_gmt":"2025-07-07T10:08:31","guid":{"rendered":"https:\/\/www.karinibutiik.ee\/?post_type=product&#038;p=23225"},"modified":"2026-03-28T10:38:50","modified_gmt":"2026-03-28T08:38:50","slug":"klasiska-veste-ar-apkakli","status":"publish","type":"product","link":"https:\/\/www.karinibutiik.ee\/lv\/produkts\/klasiska-veste-ar-apkakli\/","title":{"rendered":"KLASISK\u0100 VESTE AR APKAKLI"},"content":{"rendered":"<p>\u0160\u012b veste ar gai\u0161i smil\u0161kr\u0101sas apkakles gai\u0161i b\u0113\u0161as kr\u0101sas piegriezumu pie\u0161\u0137ir stilu un eleganci jebkuram ap\u0123\u0113rbam. T\u0101 ir izgatavota no viegla tekstilmateri\u0101la, t\u0101p\u0113c t\u0101 ir ide\u0101li piem\u0113rota vasaras sl\u0101\u0146o\u0161anai. Klasiskais dizains ar pog\u0101m priek\u0161pus\u0113 padara to par vesti, ko var valk\u0101t darb\u0101, br\u012bvaj\u0101 laik\u0101 vai svin\u012bgos pas\u0101kumos. Perfekts salikums ar t\u0101s pa\u0161as l\u012bnijas \u0161ortiem veido skaistu un p\u0101rdom\u0101tu ansambli. Pieejami S, M un L izm\u0113ri.<\/p>","protected":false},"excerpt":{"rendered":"<p>Ajatu l\u00f5ikega helebee\u017e kraega vest, mis lisab igale riietusele stiilsust ja elegantsi. Valmistatud kergest tekstiilkangast, sobib see ideaalselt suviseks kihiliseks [&hellip;]<\/p>\n","protected":false},"featured_media":23171,"template":"","meta":{"site-sidebar-layout":"default","site-content-layout":"","ast-site-content-layout":"default","site-content-style":"default","site-sidebar-style":"default","ast-global-header-display":"","ast-banner-title-visibility":"","ast-main-header-display":"","ast-hfb-above-header-display":"","ast-hfb-below-header-display":"","ast-hfb-mobile-header-display":"","site-post-title":"","ast-breadcrumbs-content":"","ast-featured-img":"","footer-sml-layout":"","ast-disable-related-posts":"","theme-transparent-header-meta":"default","adv-header-id-meta":"","stick-header-meta":"default","header-above-stick-meta":"","header-main-stick-meta":"","header-below-stick-meta":"","astra-migrate-meta-layouts":"set","ast-page-background-enabled":"default","ast-page-background-meta":{"desktop":{"background-color":"var(--ast-global-color-4)","background-image":"","background-repeat":"repeat","background-position":"center center","background-size":"auto","background-attachment":"scroll","background-type":"","background-media":"","overlay-type":"","overlay-color":"","overlay-opacity":"","overlay-gradient":""},"tablet":{"background-color":"","background-image":"","background-repeat":"repeat","background-position":"center center","background-size":"auto","background-attachment":"scroll","background-type":"","background-media":"","overlay-type":"","overlay-color":"","overlay-opacity":"","overlay-gradient":""},"mobile":{"background-color":"","background-image":"","background-repeat":"repeat","background-position":"center center","background-size":"auto","background-attachment":"scroll","background-type":"","background-media":"","overlay-type":"","overlay-color":"","overlay-opacity":"","overlay-gradient":""}},"ast-content-background-meta":{"desktop":{"background-color":"var(--ast-global-color-5)","background-image":"","background-repeat":"repeat","background-position":"center center","background-size":"auto","background-attachment":"scroll","background-type":"","background-media":"","overlay-type":"","overlay-color":"","overlay-opacity":"","overlay-gradient":""},"tablet":{"background-color":"var(--ast-global-color-5)","background-image":"","background-repeat":"repeat","background-position":"center center","background-size":"auto","background-attachment":"scroll","background-type":"","background-media":"","overlay-type":"","overlay-color":"","overlay-opacity":"","overlay-gradient":""},"mobile":{"background-color":"var(--ast-global-color-5)","background-image":"","background-repeat":"repeat","background-position":"center center","background-size":"auto","background-attachment":"scroll","background-type":"","background-media":"","overlay-type":"","overlay-color":"","overlay-opacity":"","overlay-gradient":""}}},"product_brand":[],"product_cat":[385,346,366,365],"product_tag":[1531,1559,501,1634,1522,1632,1290,1626,1564,1635,1521,1633,829,1628,1627,1631,1630,1629],"class_list":{"0":"post-23225","1":"product","2":"type-product","3":"status-publish","4":"has-post-thumbnail","6":"product_cat-joped-tagid-vestid","7":"product_cat-naised","8":"product_cat-pintsakud","9":"product_cat-uleriided","10":"product_tag-elegantne-vest","11":"product_tag-helebeez-vest","12":"product_tag-karini-butiik","13":"product_tag-kihiline-riietus","14":"product_tag-klassikaline-vest","15":"product_tag-komplekt-vest-ja-puksid","16":"product_tag-kontoristiil","17":"product_tag-kraega-vest","18":"product_tag-moekas-vest","19":"product_tag-naiste-bleiseritaoline-vest","20":"product_tag-naiste-vest","21":"product_tag-neutraalne-toon","22":"product_tag-suveriided","23":"product_tag-suvevest","24":"product_tag-tekstiilkangast-vest","25":"product_tag-vest-suurus-l","26":"product_tag-vest-suurus-m","27":"product_tag-vest-suurus-s","28":"desktop-align-center","29":"tablet-align-center","30":"mobile-align-center","31":"ast-product-gallery-layout-horizontal-slider","32":"ast-product-single-variable","33":"ast-product-tabs-layout-horizontal","35":"first","36":"instock","37":"taxable","38":"shipping-taxable","39":"purchasable","40":"product-type-variable"},"supplier_id":null,"supplier_sku":"","barcode":null,"atum_controlled":true,"out_stock_date":null,"out_stock_threshold":null,"inheritable":true,"inbound_stock":null,"stock_on_hold":0,"sold_today":0,"sales_last_days":0,"reserved_stock":0,"customer_returns":null,"warehouse_damage":0,"lost_in_post":null,"other_logs":0,"out_stock_days":0,"lost_sales":0,"has_location":false,"update_date":"2026-03-28T08:38:51","atum_locations":[],"atum_stock_status":"instock","restock_status":false,"low_stock_amount":"","sales_update_date":"2025-12-04T01:45:38","calc_backorders":null,"yoast_head":"<!-- This site is optimized with the Yoast SEO plugin v26.9 - https:\/\/yoast.com\/product\/yoast-seo-wordpress\/ -->\n<title>KLASSIKALINE VEST KRAEGA - Karini Butiik<\/title>\n<meta name=\"description\" content=\"Helebee\u017e klassikaline kraega vest, valmistatud kergest tekstiilkangast. Kombineeri sama sarja l\u00fchikeste p\u00fckstega. Saadaval suurustes S\u2013L.\" \/>\n<meta name=\"robots\" content=\"index, follow, max-snippet:-1, max-image-preview:large, max-video-preview:-1\" \/>\n<link rel=\"canonical\" href=\"https:\/\/www.karinibutiik.ee\/lv\/produkts\/klasiska-veste-ar-apkakli\/\" \/>\n<meta property=\"og:locale\" content=\"lv_LV\" \/>\n<meta property=\"og:type\" content=\"article\" \/>\n<meta property=\"og:title\" content=\"KLASSIKALINE VEST KRAEGA - Karini Butiik\" \/>\n<meta property=\"og:description\" content=\"Helebee\u017e klassikaline kraega vest, valmistatud kergest tekstiilkangast. Kombineeri sama sarja l\u00fchikeste p\u00fckstega. Saadaval suurustes S\u2013L.\" \/>\n<meta property=\"og:url\" content=\"https:\/\/www.karinibutiik.ee\/lv\/produkts\/klasiska-veste-ar-apkakli\/\" \/>\n<meta property=\"og:site_name\" content=\"Karini Butiik\" \/>\n<meta property=\"article:publisher\" content=\"https:\/\/www.facebook.com\/karinibutiik.ee\" \/>\n<meta property=\"article:modified_time\" content=\"2026-03-28T08:38:50+00:00\" \/>\n<meta property=\"og:image\" content=\"https:\/\/www.karinibutiik.ee\/wp-content\/uploads\/2025\/07\/89F8B8E5-9E79-4A1E-899C-2E169E17ECE2.jpeg\" \/>\n\t<meta property=\"og:image:width\" content=\"1347\" \/>\n\t<meta property=\"og:image:height\" content=\"1706\" \/>\n\t<meta property=\"og:image:type\" content=\"image\/jpeg\" \/>\n<meta name=\"twitter:card\" content=\"summary_large_image\" \/>\n<meta name=\"twitter:label1\" content=\"Availability\" \/>\n\t<meta name=\"twitter:data1\" content=\"In stock\" \/>\n<script type=\"application\/ld+json\" class=\"yoast-schema-graph\">{\"@context\":\"https:\/\/schema.org\",\"@graph\":[{\"@type\":\"WebPage\",\"@id\":\"https:\/\/www.karinibutiik.ee\/toode\/klassikaline-vest-kraega\/\",\"url\":\"https:\/\/www.karinibutiik.ee\/toode\/klassikaline-vest-kraega\/\",\"name\":\"KLASSIKALINE VEST KRAEGA - Karini Butiik\",\"isPartOf\":{\"@id\":\"https:\/\/www.karinibutiik.ee\/#website\"},\"primaryImageOfPage\":{\"@id\":\"https:\/\/www.karinibutiik.ee\/toode\/klassikaline-vest-kraega\/#primaryimage\"},\"image\":{\"@id\":\"https:\/\/www.karinibutiik.ee\/toode\/klassikaline-vest-kraega\/#primaryimage\"},\"thumbnailUrl\":\"https:\/\/www.karinibutiik.ee\/wp-content\/uploads\/2025\/07\/89F8B8E5-9E79-4A1E-899C-2E169E17ECE2.jpeg\",\"datePublished\":\"2025-07-07T10:08:31+00:00\",\"dateModified\":\"2026-03-28T08:38:50+00:00\",\"description\":\"Helebee\u017e klassikaline kraega vest, valmistatud kergest tekstiilkangast. Kombineeri sama sarja l\u00fchikeste p\u00fckstega. Saadaval suurustes S\u2013L.\",\"breadcrumb\":{\"@id\":\"https:\/\/www.karinibutiik.ee\/toode\/klassikaline-vest-kraega\/#breadcrumb\"},\"inLanguage\":\"lv-LV\",\"potentialAction\":[{\"@type\":\"ReadAction\",\"target\":[\"https:\/\/www.karinibutiik.ee\/toode\/klassikaline-vest-kraega\/\"]}]},{\"@type\":\"ImageObject\",\"inLanguage\":\"lv-LV\",\"@id\":\"https:\/\/www.karinibutiik.ee\/toode\/klassikaline-vest-kraega\/#primaryimage\",\"url\":\"https:\/\/www.karinibutiik.ee\/wp-content\/uploads\/2025\/07\/89F8B8E5-9E79-4A1E-899C-2E169E17ECE2.jpeg\",\"contentUrl\":\"https:\/\/www.karinibutiik.ee\/wp-content\/uploads\/2025\/07\/89F8B8E5-9E79-4A1E-899C-2E169E17ECE2.jpeg\",\"width\":1347,\"height\":1706},{\"@type\":\"BreadcrumbList\",\"@id\":\"https:\/\/www.karinibutiik.ee\/toode\/klassikaline-vest-kraega\/#breadcrumb\",\"itemListElement\":[{\"@type\":\"ListItem\",\"position\":1,\"name\":\"Home\",\"item\":\"https:\/\/www.karinibutiik.ee\/\"},{\"@type\":\"ListItem\",\"position\":2,\"name\":\"Pood\",\"item\":\"https:\/\/www.karinibutiik.ee\/pood\/\"},{\"@type\":\"ListItem\",\"position\":3,\"name\":\"KLASSIKALINE VEST KRAEGA\"}]},{\"@type\":\"WebSite\",\"@id\":\"https:\/\/www.karinibutiik.ee\/#website\",\"url\":\"https:\/\/www.karinibutiik.ee\/\",\"name\":\"Karini Butiik\",\"description\":\"\",\"publisher\":{\"@id\":\"https:\/\/www.karinibutiik.ee\/#organization\"},\"potentialAction\":[{\"@type\":\"SearchAction\",\"target\":{\"@type\":\"EntryPoint\",\"urlTemplate\":\"https:\/\/www.karinibutiik.ee\/?s={search_term_string}\"},\"query-input\":{\"@type\":\"PropertyValueSpecification\",\"valueRequired\":true,\"valueName\":\"search_term_string\"}}],\"inLanguage\":\"lv-LV\"},{\"@type\":\"Organization\",\"@id\":\"https:\/\/www.karinibutiik.ee\/#organization\",\"name\":\"Karini Butiik\",\"url\":\"https:\/\/www.karinibutiik.ee\/\",\"logo\":{\"@type\":\"ImageObject\",\"inLanguage\":\"lv-LV\",\"@id\":\"https:\/\/www.karinibutiik.ee\/#\/schema\/logo\/image\/\",\"url\":\"https:\/\/www.karinibutiik.ee\/wp-content\/uploads\/2024\/10\/Kuj.-K-koopia.png\",\"contentUrl\":\"https:\/\/www.karinibutiik.ee\/wp-content\/uploads\/2024\/10\/Kuj.-K-koopia.png\",\"width\":500,\"height\":500,\"caption\":\"Karini Butiik\"},\"image\":{\"@id\":\"https:\/\/www.karinibutiik.ee\/#\/schema\/logo\/image\/\"},\"sameAs\":[\"https:\/\/www.facebook.com\/karinibutiik.ee\",\"https:\/\/www.instagram.com\/karinibutiik\"]}]}<\/script>\n<meta property=\"og:availability\" content=\"instock\" \/>\n<meta property=\"product:availability\" content=\"instock\" \/>\n<meta property=\"product:retailer_item_id\" content=\"7335\" \/>\n<meta property=\"product:condition\" content=\"new\" \/>\n<!-- \/ Yoast SEO plugin. -->","yoast_head_json":{"title":"Klasisk\u0101 veste ar vadu - Karini Butiik","description":"Gai\u0161i smil\u0161kr\u0101sas klasisk\u0101s apkakles veste, kas izgatavota no viegla tekstilmateri\u0101la. Kombin\u0113jiet ar \u0161ortiem no t\u0101s pa\u0161as l\u012bnijas. Pieejami S-L izm\u0113ri.","robots":{"index":"index","follow":"follow","max-snippet":"max-snippet:-1","max-image-preview":"max-image-preview:large","max-video-preview":"max-video-preview:-1"},"canonical":"https:\/\/www.karinibutiik.ee\/lv\/produkts\/klasiska-veste-ar-apkakli\/","og_locale":"lv_LV","og_type":"article","og_title":"KLASSIKALINE VEST KRAEGA - Karini Butiik","og_description":"Helebee\u017e klassikaline kraega vest, valmistatud kergest tekstiilkangast. Kombineeri sama sarja l\u00fchikeste p\u00fckstega. Saadaval suurustes S\u2013L.","og_url":"https:\/\/www.karinibutiik.ee\/lv\/produkts\/klasiska-veste-ar-apkakli\/","og_site_name":"Karini Butiik","article_publisher":"https:\/\/www.facebook.com\/karinibutiik.ee","article_modified_time":"2026-03-28T08:38:50+00:00","og_image":[{"width":1347,"height":1706,"url":"https:\/\/www.karinibutiik.ee\/wp-content\/uploads\/2025\/07\/89F8B8E5-9E79-4A1E-899C-2E169E17ECE2.jpeg","type":"image\/jpeg"}],"twitter_card":"summary_large_image","twitter_misc":{"Availability":"In stock"},"schema":{"@context":"https:\/\/schema.org","@graph":[{"@type":"WebPage","@id":"https:\/\/www.karinibutiik.ee\/toode\/klassikaline-vest-kraega\/","url":"https:\/\/www.karinibutiik.ee\/toode\/klassikaline-vest-kraega\/","name":"Klasisk\u0101 veste ar vadu - Karini Butiik","isPartOf":{"@id":"https:\/\/www.karinibutiik.ee\/#website"},"primaryImageOfPage":{"@id":"https:\/\/www.karinibutiik.ee\/toode\/klassikaline-vest-kraega\/#primaryimage"},"image":{"@id":"https:\/\/www.karinibutiik.ee\/toode\/klassikaline-vest-kraega\/#primaryimage"},"thumbnailUrl":"https:\/\/www.karinibutiik.ee\/wp-content\/uploads\/2025\/07\/89F8B8E5-9E79-4A1E-899C-2E169E17ECE2.jpeg","datePublished":"2025-07-07T10:08:31+00:00","dateModified":"2026-03-28T08:38:50+00:00","description":"Gai\u0161i smil\u0161kr\u0101sas klasisk\u0101s apkakles veste, kas izgatavota no viegla tekstilmateri\u0101la. Kombin\u0113jiet ar \u0161ortiem no t\u0101s pa\u0161as l\u012bnijas. Pieejami S-L izm\u0113ri.","breadcrumb":{"@id":"https:\/\/www.karinibutiik.ee\/toode\/klassikaline-vest-kraega\/#breadcrumb"},"inLanguage":"lv-LV","potentialAction":[{"@type":"ReadAction","target":["https:\/\/www.karinibutiik.ee\/toode\/klassikaline-vest-kraega\/"]}]},{"@type":"ImageObject","inLanguage":"lv-LV","@id":"https:\/\/www.karinibutiik.ee\/toode\/klassikaline-vest-kraega\/#primaryimage","url":"https:\/\/www.karinibutiik.ee\/wp-content\/uploads\/2025\/07\/89F8B8E5-9E79-4A1E-899C-2E169E17ECE2.jpeg","contentUrl":"https:\/\/www.karinibutiik.ee\/wp-content\/uploads\/2025\/07\/89F8B8E5-9E79-4A1E-899C-2E169E17ECE2.jpeg","width":1347,"height":1706},{"@type":"BreadcrumbList","@id":"https:\/\/www.karinibutiik.ee\/toode\/klassikaline-vest-kraega\/#breadcrumb","itemListElement":[{"@type":"ListItem","position":1,"name":"Home","item":"https:\/\/www.karinibutiik.ee\/"},{"@type":"ListItem","position":2,"name":"Pood","item":"https:\/\/www.karinibutiik.ee\/pood\/"},{"@type":"ListItem","position":3,"name":"KLASSIKALINE VEST KRAEGA"}]},{"@type":"WebSite","@id":"https:\/\/www.karinibutiik.ee\/#website","url":"https:\/\/www.karinibutiik.ee\/","name":"Karini Butiik","description":"","publisher":{"@id":"https:\/\/www.karinibutiik.ee\/#organization"},"potentialAction":[{"@type":"SearchAction","target":{"@type":"EntryPoint","urlTemplate":"https:\/\/www.karinibutiik.ee\/?s={search_term_string}"},"query-input":{"@type":"PropertyValueSpecification","valueRequired":true,"valueName":"search_term_string"}}],"inLanguage":"lv-LV"},{"@type":"Organization","@id":"https:\/\/www.karinibutiik.ee\/#organization","name":"Karini Butiik","url":"https:\/\/www.karinibutiik.ee\/","logo":{"@type":"ImageObject","inLanguage":"lv-LV","@id":"https:\/\/www.karinibutiik.ee\/#\/schema\/logo\/image\/","url":"https:\/\/www.karinibutiik.ee\/wp-content\/uploads\/2024\/10\/Kuj.-K-koopia.png","contentUrl":"https:\/\/www.karinibutiik.ee\/wp-content\/uploads\/2024\/10\/Kuj.-K-koopia.png","width":500,"height":500,"caption":"Karini Butiik"},"image":{"@id":"https:\/\/www.karinibutiik.ee\/#\/schema\/logo\/image\/"},"sameAs":["https:\/\/www.facebook.com\/karinibutiik.ee","https:\/\/www.instagram.com\/karinibutiik"]}]},"og_availability":"instock","product_availability":"instock","product_retailer_item_id":"7335","product_condition":"new"},"_links":{"self":[{"href":"https:\/\/www.karinibutiik.ee\/lv\/wp-json\/wp\/v2\/product\/23225","targetHints":{"allow":["GET"]}}],"collection":[{"href":"https:\/\/www.karinibutiik.ee\/lv\/wp-json\/wp\/v2\/product"}],"about":[{"href":"https:\/\/www.karinibutiik.ee\/lv\/wp-json\/wp\/v2\/types\/product"}],"version-history":[{"count":1,"href":"https:\/\/www.karinibutiik.ee\/lv\/wp-json\/wp\/v2\/product\/23225\/revisions"}],"predecessor-version":[{"id":23229,"href":"https:\/\/www.karinibutiik.ee\/lv\/wp-json\/wp\/v2\/product\/23225\/revisions\/23229"}],"wp:featuredmedia":[{"embeddable":true,"href":"https:\/\/www.karinibutiik.ee\/lv\/wp-json\/wp\/v2\/media\/23171"}],"wp:attachment":[{"href":"https:\/\/www.karinibutiik.ee\/lv\/wp-json\/wp\/v2\/media?parent=23225"}],"wp:term":[{"taxonomy":"product_brand","embeddable":true,"href":"https:\/\/www.karinibutiik.ee\/lv\/wp-json\/wp\/v2\/product_brand?post=23225"},{"taxonomy":"product_cat","embeddable":true,"href":"https:\/\/www.karinibutiik.ee\/lv\/wp-json\/wp\/v2\/product_cat?post=23225"},{"taxonomy":"product_tag","embeddable":true,"href":"https:\/\/www.karinibutiik.ee\/lv\/wp-json\/wp\/v2\/product_tag?post=23225"}],"curies":[{"name":"wp","href":"https:\/\/api.w.org\/{rel}","templated":true}]}}