{"id":23563,"date":"2025-07-15T13:38:06","date_gmt":"2025-07-15T10:38:06","guid":{"rendered":"https:\/\/www.karinibutiik.ee\/?post_type=product&#038;p=23563"},"modified":"2025-12-04T15:53:17","modified_gmt":"2025-12-04T13:53:17","slug":"romantisks-divdaligs-komplekts","status":"publish","type":"product","link":"https:\/\/www.karinibutiik.ee\/lv\/produkts\/romantisks-divdaligs-komplekts\/","title":{"rendered":"Romantisks divda\u013c\u012bgs komplekts"},"content":{"rendered":"<p>Romantisks un sievi\u0161\u0137\u012bgs divda\u013c\u012bgs komplekts, kas sast\u0101v no smalkas topi\u0146a ar siksni\u0146\u0101m un midi garuma sv\u0101rkiem. Audums ir faktur\u0113ts un nedaudz elast\u012bgi krokots, kas izce\u013c fig\u016bru un rada skaistu, pl\u016bsto\u0161u siluetu. Sv\u0101rkiem ir smalks kr\u012bto\u0161s piegriezums, kas lieliski papildina topu un ir ide\u0101li piem\u0113rots pludmales vakariem, vasaras pastaig\u0101m un pils\u0113tas stilam. Pieejami \u010detr\u0101s kr\u0101s\u0101s un izm\u0113ros S\/M un M\/L - \u0113rta, viegla un vienm\u0113r mod\u012bga izv\u0113le.<\/p>","protected":false},"excerpt":{"rendered":"<p>Romantiline ja naiselik kaheosaline komplekt, mis koosneb \u00f5hukesest rihmaga topist ja midipikkusest seelikust. Kangas on tekstuurne ja kergelt elastselt kroogitud, [&hellip;]<\/p>\n","protected":false},"featured_media":23834,"template":"","meta":{"site-sidebar-layout":"default","site-content-layout":"","ast-site-content-layout":"default","site-content-style":"default","site-sidebar-style":"default","ast-global-header-display":"","ast-banner-title-visibility":"","ast-main-header-display":"","ast-hfb-above-header-display":"","ast-hfb-below-header-display":"","ast-hfb-mobile-header-display":"","site-post-title":"","ast-breadcrumbs-content":"","ast-featured-img":"","footer-sml-layout":"","ast-disable-related-posts":"","theme-transparent-header-meta":"default","adv-header-id-meta":"","stick-header-meta":"default","header-above-stick-meta":"","header-main-stick-meta":"","header-below-stick-meta":"","astra-migrate-meta-layouts":"set","ast-page-background-enabled":"default","ast-page-background-meta":{"desktop":{"background-color":"var(--ast-global-color-4)","background-image":"","background-repeat":"repeat","background-position":"center center","background-size":"auto","background-attachment":"scroll","background-type":"","background-media":"","overlay-type":"","overlay-color":"","overlay-opacity":"","overlay-gradient":""},"tablet":{"background-color":"","background-image":"","background-repeat":"repeat","background-position":"center center","background-size":"auto","background-attachment":"scroll","background-type":"","background-media":"","overlay-type":"","overlay-color":"","overlay-opacity":"","overlay-gradient":""},"mobile":{"background-color":"","background-image":"","background-repeat":"repeat","background-position":"center center","background-size":"auto","background-attachment":"scroll","background-type":"","background-media":"","overlay-type":"","overlay-color":"","overlay-opacity":"","overlay-gradient":""}},"ast-content-background-meta":{"desktop":{"background-color":"var(--ast-global-color-5)","background-image":"","background-repeat":"repeat","background-position":"center center","background-size":"auto","background-attachment":"scroll","background-type":"","background-media":"","overlay-type":"","overlay-color":"","overlay-opacity":"","overlay-gradient":""},"tablet":{"background-color":"var(--ast-global-color-5)","background-image":"","background-repeat":"repeat","background-position":"center center","background-size":"auto","background-attachment":"scroll","background-type":"","background-media":"","overlay-type":"","overlay-color":"","overlay-opacity":"","overlay-gradient":""},"mobile":{"background-color":"var(--ast-global-color-5)","background-image":"","background-repeat":"repeat","background-position":"center center","background-size":"auto","background-attachment":"scroll","background-type":"","background-media":"","overlay-type":"","overlay-color":"","overlay-opacity":"","overlay-gradient":""}}},"product_brand":[],"product_cat":[367,349,346,353,352,354,384],"product_tag":[103,501,1747,1748,1745,1752,1746,1753,1751,1750,1744,1749,1743],"class_list":{"0":"post-23563","1":"product","2":"type-product","3":"status-publish","4":"has-post-thumbnail","6":"product_cat-allahindlus","7":"product_cat-midikleidid","8":"product_cat-naised","9":"product_cat-pluusid","10":"product_cat-pluusid-bodid","11":"product_cat-puksid-seelikud","12":"product_cat-seelikud","13":"product_tag-kaheosaline-komplekt","14":"product_tag-karini-butiik","15":"product_tag-kerge-kangas","16":"product_tag-kroogitud-komplekt","17":"product_tag-midiseelik","18":"product_tag-neli-varvitooni","19":"product_tag-rihmadega-top","20":"product_tag-romantiline-komplekt","21":"product_tag-seelik-m-l","22":"product_tag-seelik-s-m","23":"product_tag-suvekomplekt","24":"product_tag-suvine-outfit","25":"product_tag-top-ja-seelik","26":"desktop-align-center","27":"tablet-align-center","28":"mobile-align-center","29":"ast-product-gallery-layout-horizontal-slider","30":"ast-product-single-variable","31":"ast-product-tabs-layout-horizontal","33":"first","34":"instock","35":"sale","36":"taxable","37":"shipping-taxable","38":"purchasable","39":"product-type-variable"},"supplier_id":null,"supplier_sku":"","barcode":null,"atum_controlled":true,"out_stock_date":null,"out_stock_threshold":null,"inheritable":true,"inbound_stock":null,"stock_on_hold":0,"sold_today":0,"sales_last_days":0,"reserved_stock":0,"customer_returns":null,"warehouse_damage":0,"lost_in_post":null,"other_logs":0,"out_stock_days":0,"lost_sales":0,"has_location":false,"update_date":"2025-12-04T13:53:17","atum_locations":[],"atum_stock_status":"instock","restock_status":false,"low_stock_amount":"","sales_update_date":"2025-12-04T01:45:21","calc_backorders":null,"yoast_head":"<!-- This site is optimized with the Yoast SEO plugin v26.9 - https:\/\/yoast.com\/product\/yoast-seo-wordpress\/ -->\n<title>Romantiline kaheosaline komplekt - Karini Butiik<\/title>\n<meta name=\"description\" content=\"Naiselik kaheosaline komplekt: struktuurne top ja midiseelik. Saadaval neljas v\u00e4rvitoonis, suurused S\/M ja M\/L. T\u00e4iuslik valik suveks!\" \/>\n<meta name=\"robots\" content=\"index, follow, max-snippet:-1, max-image-preview:large, max-video-preview:-1\" \/>\n<link rel=\"canonical\" href=\"https:\/\/www.karinibutiik.ee\/lv\/produkts\/romantisks-divdaligs-komplekts\/\" \/>\n<meta property=\"og:locale\" content=\"lv_LV\" \/>\n<meta property=\"og:type\" content=\"article\" \/>\n<meta property=\"og:title\" content=\"Romantiline kaheosaline komplekt - Karini Butiik\" \/>\n<meta property=\"og:description\" content=\"Naiselik kaheosaline komplekt: struktuurne top ja midiseelik. Saadaval neljas v\u00e4rvitoonis, suurused S\/M ja M\/L. T\u00e4iuslik valik suveks!\" \/>\n<meta property=\"og:url\" content=\"https:\/\/www.karinibutiik.ee\/lv\/produkts\/romantisks-divdaligs-komplekts\/\" \/>\n<meta property=\"og:site_name\" content=\"Karini Butiik\" \/>\n<meta property=\"article:publisher\" content=\"https:\/\/www.facebook.com\/karinibutiik.ee\" \/>\n<meta property=\"article:modified_time\" content=\"2025-12-04T13:53:17+00:00\" \/>\n<meta property=\"og:image\" content=\"https:\/\/www.karinibutiik.ee\/wp-content\/uploads\/2025\/08\/ECD8D2BB-E927-40AB-8A01-B5E899985189-scaled.jpeg\" \/>\n\t<meta property=\"og:image:width\" content=\"1920\" \/>\n\t<meta property=\"og:image:height\" content=\"2560\" \/>\n\t<meta property=\"og:image:type\" content=\"image\/jpeg\" \/>\n<meta name=\"twitter:card\" content=\"summary_large_image\" \/>\n<meta name=\"twitter:label1\" content=\"Availability\" \/>\n\t<meta name=\"twitter:data1\" content=\"In stock\" \/>\n<script type=\"application\/ld+json\" class=\"yoast-schema-graph\">{\"@context\":\"https:\/\/schema.org\",\"@graph\":[{\"@type\":\"WebPage\",\"@id\":\"https:\/\/www.karinibutiik.ee\/toode\/romantiline-kaheosaline-komplekt\/\",\"url\":\"https:\/\/www.karinibutiik.ee\/toode\/romantiline-kaheosaline-komplekt\/\",\"name\":\"Romantiline kaheosaline komplekt - Karini Butiik\",\"isPartOf\":{\"@id\":\"https:\/\/www.karinibutiik.ee\/#website\"},\"primaryImageOfPage\":{\"@id\":\"https:\/\/www.karinibutiik.ee\/toode\/romantiline-kaheosaline-komplekt\/#primaryimage\"},\"image\":{\"@id\":\"https:\/\/www.karinibutiik.ee\/toode\/romantiline-kaheosaline-komplekt\/#primaryimage\"},\"thumbnailUrl\":\"https:\/\/www.karinibutiik.ee\/wp-content\/uploads\/2025\/08\/ECD8D2BB-E927-40AB-8A01-B5E899985189-scaled.jpeg\",\"datePublished\":\"2025-07-15T10:38:06+00:00\",\"dateModified\":\"2025-12-04T13:53:17+00:00\",\"description\":\"Naiselik kaheosaline komplekt: struktuurne top ja midiseelik. Saadaval neljas v\u00e4rvitoonis, suurused S\/M ja M\/L. T\u00e4iuslik valik suveks!\",\"breadcrumb\":{\"@id\":\"https:\/\/www.karinibutiik.ee\/toode\/romantiline-kaheosaline-komplekt\/#breadcrumb\"},\"inLanguage\":\"lv-LV\",\"potentialAction\":[{\"@type\":\"ReadAction\",\"target\":[\"https:\/\/www.karinibutiik.ee\/toode\/romantiline-kaheosaline-komplekt\/\"]}]},{\"@type\":\"ImageObject\",\"inLanguage\":\"lv-LV\",\"@id\":\"https:\/\/www.karinibutiik.ee\/toode\/romantiline-kaheosaline-komplekt\/#primaryimage\",\"url\":\"https:\/\/www.karinibutiik.ee\/wp-content\/uploads\/2025\/08\/ECD8D2BB-E927-40AB-8A01-B5E899985189-scaled.jpeg\",\"contentUrl\":\"https:\/\/www.karinibutiik.ee\/wp-content\/uploads\/2025\/08\/ECD8D2BB-E927-40AB-8A01-B5E899985189-scaled.jpeg\",\"width\":1920,\"height\":2560},{\"@type\":\"BreadcrumbList\",\"@id\":\"https:\/\/www.karinibutiik.ee\/toode\/romantiline-kaheosaline-komplekt\/#breadcrumb\",\"itemListElement\":[{\"@type\":\"ListItem\",\"position\":1,\"name\":\"Home\",\"item\":\"https:\/\/www.karinibutiik.ee\/\"},{\"@type\":\"ListItem\",\"position\":2,\"name\":\"Pood\",\"item\":\"https:\/\/www.karinibutiik.ee\/pood\/\"},{\"@type\":\"ListItem\",\"position\":3,\"name\":\"Romantiline kaheosaline komplekt\"}]},{\"@type\":\"WebSite\",\"@id\":\"https:\/\/www.karinibutiik.ee\/#website\",\"url\":\"https:\/\/www.karinibutiik.ee\/\",\"name\":\"Karini Butiik\",\"description\":\"\",\"publisher\":{\"@id\":\"https:\/\/www.karinibutiik.ee\/#organization\"},\"potentialAction\":[{\"@type\":\"SearchAction\",\"target\":{\"@type\":\"EntryPoint\",\"urlTemplate\":\"https:\/\/www.karinibutiik.ee\/?s={search_term_string}\"},\"query-input\":{\"@type\":\"PropertyValueSpecification\",\"valueRequired\":true,\"valueName\":\"search_term_string\"}}],\"inLanguage\":\"lv-LV\"},{\"@type\":\"Organization\",\"@id\":\"https:\/\/www.karinibutiik.ee\/#organization\",\"name\":\"Karini Butiik\",\"url\":\"https:\/\/www.karinibutiik.ee\/\",\"logo\":{\"@type\":\"ImageObject\",\"inLanguage\":\"lv-LV\",\"@id\":\"https:\/\/www.karinibutiik.ee\/#\/schema\/logo\/image\/\",\"url\":\"https:\/\/www.karinibutiik.ee\/wp-content\/uploads\/2024\/10\/Kuj.-K-koopia.png\",\"contentUrl\":\"https:\/\/www.karinibutiik.ee\/wp-content\/uploads\/2024\/10\/Kuj.-K-koopia.png\",\"width\":500,\"height\":500,\"caption\":\"Karini Butiik\"},\"image\":{\"@id\":\"https:\/\/www.karinibutiik.ee\/#\/schema\/logo\/image\/\"},\"sameAs\":[\"https:\/\/www.facebook.com\/karinibutiik.ee\",\"https:\/\/www.instagram.com\/karinibutiik\"]}]}<\/script>\n<meta property=\"og:availability\" content=\"instock\" \/>\n<meta property=\"product:availability\" content=\"instock\" \/>\n<meta property=\"product:retailer_item_id\" content=\"25886\" \/>\n<meta property=\"product:condition\" content=\"new\" \/>\n<!-- \/ Yoast SEO plugin. -->","yoast_head_json":{"title":"Romantisks divda\u013c\u012bgs komplekts - Karini Boutique","description":"Sievi\u0161\u0137\u012bgs divda\u013c\u012bgs komplekts: struktur\u0113ts tops un midi sv\u0101rki. Pieejamas \u010detras kr\u0101sas, izm\u0113ri S\/M un M\/L. Lieliska izv\u0113le vasarai!","robots":{"index":"index","follow":"follow","max-snippet":"max-snippet:-1","max-image-preview":"max-image-preview:large","max-video-preview":"max-video-preview:-1"},"canonical":"https:\/\/www.karinibutiik.ee\/lv\/produkts\/romantisks-divdaligs-komplekts\/","og_locale":"lv_LV","og_type":"article","og_title":"Romantiline kaheosaline komplekt - Karini Butiik","og_description":"Naiselik kaheosaline komplekt: struktuurne top ja midiseelik. Saadaval neljas v\u00e4rvitoonis, suurused S\/M ja M\/L. T\u00e4iuslik valik suveks!","og_url":"https:\/\/www.karinibutiik.ee\/lv\/produkts\/romantisks-divdaligs-komplekts\/","og_site_name":"Karini Butiik","article_publisher":"https:\/\/www.facebook.com\/karinibutiik.ee","article_modified_time":"2025-12-04T13:53:17+00:00","og_image":[{"width":1920,"height":2560,"url":"https:\/\/www.karinibutiik.ee\/wp-content\/uploads\/2025\/08\/ECD8D2BB-E927-40AB-8A01-B5E899985189-scaled.jpeg","type":"image\/jpeg"}],"twitter_card":"summary_large_image","twitter_misc":{"Availability":"In stock"},"schema":{"@context":"https:\/\/schema.org","@graph":[{"@type":"WebPage","@id":"https:\/\/www.karinibutiik.ee\/toode\/romantiline-kaheosaline-komplekt\/","url":"https:\/\/www.karinibutiik.ee\/toode\/romantiline-kaheosaline-komplekt\/","name":"Romantisks divda\u013c\u012bgs komplekts - Karini Boutique","isPartOf":{"@id":"https:\/\/www.karinibutiik.ee\/#website"},"primaryImageOfPage":{"@id":"https:\/\/www.karinibutiik.ee\/toode\/romantiline-kaheosaline-komplekt\/#primaryimage"},"image":{"@id":"https:\/\/www.karinibutiik.ee\/toode\/romantiline-kaheosaline-komplekt\/#primaryimage"},"thumbnailUrl":"https:\/\/www.karinibutiik.ee\/wp-content\/uploads\/2025\/08\/ECD8D2BB-E927-40AB-8A01-B5E899985189-scaled.jpeg","datePublished":"2025-07-15T10:38:06+00:00","dateModified":"2025-12-04T13:53:17+00:00","description":"Sievi\u0161\u0137\u012bgs divda\u013c\u012bgs komplekts: struktur\u0113ts tops un midi sv\u0101rki. Pieejamas \u010detras kr\u0101sas, izm\u0113ri S\/M un M\/L. Lieliska izv\u0113le vasarai!","breadcrumb":{"@id":"https:\/\/www.karinibutiik.ee\/toode\/romantiline-kaheosaline-komplekt\/#breadcrumb"},"inLanguage":"lv-LV","potentialAction":[{"@type":"ReadAction","target":["https:\/\/www.karinibutiik.ee\/toode\/romantiline-kaheosaline-komplekt\/"]}]},{"@type":"ImageObject","inLanguage":"lv-LV","@id":"https:\/\/www.karinibutiik.ee\/toode\/romantiline-kaheosaline-komplekt\/#primaryimage","url":"https:\/\/www.karinibutiik.ee\/wp-content\/uploads\/2025\/08\/ECD8D2BB-E927-40AB-8A01-B5E899985189-scaled.jpeg","contentUrl":"https:\/\/www.karinibutiik.ee\/wp-content\/uploads\/2025\/08\/ECD8D2BB-E927-40AB-8A01-B5E899985189-scaled.jpeg","width":1920,"height":2560},{"@type":"BreadcrumbList","@id":"https:\/\/www.karinibutiik.ee\/toode\/romantiline-kaheosaline-komplekt\/#breadcrumb","itemListElement":[{"@type":"ListItem","position":1,"name":"Home","item":"https:\/\/www.karinibutiik.ee\/"},{"@type":"ListItem","position":2,"name":"Pood","item":"https:\/\/www.karinibutiik.ee\/pood\/"},{"@type":"ListItem","position":3,"name":"Romantiline kaheosaline komplekt"}]},{"@type":"WebSite","@id":"https:\/\/www.karinibutiik.ee\/#website","url":"https:\/\/www.karinibutiik.ee\/","name":"Karini Butiik","description":"","publisher":{"@id":"https:\/\/www.karinibutiik.ee\/#organization"},"potentialAction":[{"@type":"SearchAction","target":{"@type":"EntryPoint","urlTemplate":"https:\/\/www.karinibutiik.ee\/?s={search_term_string}"},"query-input":{"@type":"PropertyValueSpecification","valueRequired":true,"valueName":"search_term_string"}}],"inLanguage":"lv-LV"},{"@type":"Organization","@id":"https:\/\/www.karinibutiik.ee\/#organization","name":"Karini Butiik","url":"https:\/\/www.karinibutiik.ee\/","logo":{"@type":"ImageObject","inLanguage":"lv-LV","@id":"https:\/\/www.karinibutiik.ee\/#\/schema\/logo\/image\/","url":"https:\/\/www.karinibutiik.ee\/wp-content\/uploads\/2024\/10\/Kuj.-K-koopia.png","contentUrl":"https:\/\/www.karinibutiik.ee\/wp-content\/uploads\/2024\/10\/Kuj.-K-koopia.png","width":500,"height":500,"caption":"Karini Butiik"},"image":{"@id":"https:\/\/www.karinibutiik.ee\/#\/schema\/logo\/image\/"},"sameAs":["https:\/\/www.facebook.com\/karinibutiik.ee","https:\/\/www.instagram.com\/karinibutiik"]}]},"og_availability":"instock","product_availability":"instock","product_retailer_item_id":"25886","product_condition":"new"},"_links":{"self":[{"href":"https:\/\/www.karinibutiik.ee\/lv\/wp-json\/wp\/v2\/product\/23563","targetHints":{"allow":["GET"]}}],"collection":[{"href":"https:\/\/www.karinibutiik.ee\/lv\/wp-json\/wp\/v2\/product"}],"about":[{"href":"https:\/\/www.karinibutiik.ee\/lv\/wp-json\/wp\/v2\/types\/product"}],"version-history":[{"count":1,"href":"https:\/\/www.karinibutiik.ee\/lv\/wp-json\/wp\/v2\/product\/23563\/revisions"}],"predecessor-version":[{"id":23572,"href":"https:\/\/www.karinibutiik.ee\/lv\/wp-json\/wp\/v2\/product\/23563\/revisions\/23572"}],"wp:featuredmedia":[{"embeddable":true,"href":"https:\/\/www.karinibutiik.ee\/lv\/wp-json\/wp\/v2\/media\/23834"}],"wp:attachment":[{"href":"https:\/\/www.karinibutiik.ee\/lv\/wp-json\/wp\/v2\/media?parent=23563"}],"wp:term":[{"taxonomy":"product_brand","embeddable":true,"href":"https:\/\/www.karinibutiik.ee\/lv\/wp-json\/wp\/v2\/product_brand?post=23563"},{"taxonomy":"product_cat","embeddable":true,"href":"https:\/\/www.karinibutiik.ee\/lv\/wp-json\/wp\/v2\/product_cat?post=23563"},{"taxonomy":"product_tag","embeddable":true,"href":"https:\/\/www.karinibutiik.ee\/lv\/wp-json\/wp\/v2\/product_tag?post=23563"}],"curies":[{"name":"wp","href":"https:\/\/api.w.org\/{rel}","templated":true}]}}