{"id":23970,"date":"2025-09-22T17:20:02","date_gmt":"2025-09-22T14:20:02","guid":{"rendered":"https:\/\/www.karinibutiik.ee\/?post_type=product&#038;p=23970"},"modified":"2026-02-14T14:26:02","modified_gmt":"2026-02-14T12:26:02","slug":"naiste-pikk-soe-talvejope-kapuutsi-ja-vooga","status":"publish","type":"product","link":"https:\/\/www.karinibutiik.ee\/lv\/produkts\/naiste-pikk-soe-talvejope-kapuutsi-ja-vooga\/","title":{"rendered":"Naiste pikk soe talvejope kapuutsi ja v\u00f6\u00f6ga"},"content":{"rendered":"<p>Stiilne ja praktiline naiste pikk talvejope hoiab sind soojas ka k\u00f5ige k\u00fclmematel p\u00e4evadel. Jope on valmistatud kvaliteetsest, tuule- ja k\u00fclmakindlast materjalist ning sellel on tepitud disain, mis lisab lisasoojustust. Jope sulgub eest mugavalt kahesuunalise lukuga ning lisaks on olemas ka trukid, mis annavad lisakaitset tuule eest. Kapuuts hoiab pea soojas ja kaitseb tuule ning lume eest. Komplektis olev v\u00f6\u00f6 v\u00f5imaldab r\u00f5hutada taljejoont ja annab figuurile kauni silueti. Saadaval suurustes S, M, L ja XL \u2013 vali endale sobiv!<\/p>\n<p class=\"p1\"><span class=\"s1\">M\u00d5\u00d5DUD<\/span><\/p>\n<p class=\"p1\"><span class=\"s1\">s &#8211; rind kuni 100, talje 99, puus 106, varruka pikkus 66, \u00fcldpikkus 111cm<\/span><\/p>\n<p class=\"p1\"><span class=\"s1\">M &#8211; rind kuni 104, talje 102, puus 108, varruka pikkus 66, \u00fcldpikkus 111cm<\/span><\/p>\n<p class=\"p1\"><span class=\"s1\">L &#8211; rind kuni 108, talje 108, puus 112, varruka pikkus 66, \u00fcldpikkus 112cm<\/span><\/p>\n<p class=\"p1\"><span class=\"s1\">XL &#8211; rind kuni 110, talje 110, puus 114, varruka pikkus 66, \u00fcldpikkus 113cm<\/span><\/p>\n<p>&nbsp;<\/p>","protected":false},"excerpt":{"rendered":"<p><span style=\"color: #ff0000;\">Soovitame v\u00f5tta nr. suurema.<\/span><\/p>","protected":false},"featured_media":24460,"template":"","meta":{"site-sidebar-layout":"default","site-content-layout":"","ast-site-content-layout":"default","site-content-style":"default","site-sidebar-style":"default","ast-global-header-display":"","ast-banner-title-visibility":"","ast-main-header-display":"","ast-hfb-above-header-display":"","ast-hfb-below-header-display":"","ast-hfb-mobile-header-display":"","site-post-title":"","ast-breadcrumbs-content":"","ast-featured-img":"","footer-sml-layout":"","ast-disable-related-posts":"","theme-transparent-header-meta":"default","adv-header-id-meta":"","stick-header-meta":"default","header-above-stick-meta":"","header-main-stick-meta":"","header-below-stick-meta":"","astra-migrate-meta-layouts":"set","ast-page-background-enabled":"default","ast-page-background-meta":{"desktop":{"background-color":"var(--ast-global-color-4)","background-image":"","background-repeat":"repeat","background-position":"center center","background-size":"auto","background-attachment":"scroll","background-type":"","background-media":"","overlay-type":"","overlay-color":"","overlay-opacity":"","overlay-gradient":""},"tablet":{"background-color":"","background-image":"","background-repeat":"repeat","background-position":"center center","background-size":"auto","background-attachment":"scroll","background-type":"","background-media":"","overlay-type":"","overlay-color":"","overlay-opacity":"","overlay-gradient":""},"mobile":{"background-color":"","background-image":"","background-repeat":"repeat","background-position":"center center","background-size":"auto","background-attachment":"scroll","background-type":"","background-media":"","overlay-type":"","overlay-color":"","overlay-opacity":"","overlay-gradient":""}},"ast-content-background-meta":{"desktop":{"background-color":"var(--ast-global-color-5)","background-image":"","background-repeat":"repeat","background-position":"center center","background-size":"auto","background-attachment":"scroll","background-type":"","background-media":"","overlay-type":"","overlay-color":"","overlay-opacity":"","overlay-gradient":""},"tablet":{"background-color":"var(--ast-global-color-5)","background-image":"","background-repeat":"repeat","background-position":"center center","background-size":"auto","background-attachment":"scroll","background-type":"","background-media":"","overlay-type":"","overlay-color":"","overlay-opacity":"","overlay-gradient":""},"mobile":{"background-color":"var(--ast-global-color-5)","background-image":"","background-repeat":"repeat","background-position":"center center","background-size":"auto","background-attachment":"scroll","background-type":"","background-media":"","overlay-type":"","overlay-color":"","overlay-opacity":"","overlay-gradient":""}}},"product_brand":[],"product_cat":[367,385,369,346,453,365,351],"product_tag":[1788,1784,501,1786,1079,621,1781,1783,1793,1782,1790,1792,1102,1787,1789,1785,1791],"class_list":{"0":"post-23970","1":"product","2":"type-product","3":"status-publish","4":"has-post-thumbnail","6":"product_cat-allahindlus","7":"product_cat-joped-tagid-vestid","8":"product_cat-mantlid","9":"product_cat-naised","10":"product_cat-soodus","11":"product_cat-uleriided","12":"product_cat-uued-tooted","13":"product_tag-kahesuunaline-lukk","14":"product_tag-kapuutsiga-talvejope","15":"product_tag-karini-butiik","16":"product_tag-must-talvejope","17":"product_tag-naiste-mantel","18":"product_tag-naiste-mood","19":"product_tag-naiste-talvejope","20":"product_tag-pikk-jope","21":"product_tag-soe-mantel-naistele","22":"product_tag-soe-talvejope","23":"product_tag-sugis-talv-jope","24":"product_tag-suurte-suurustega-jope","25":"product_tag-talveriided","26":"product_tag-tepitud-jope","27":"product_tag-trukkidega-jope","28":"product_tag-vooga-jope","29":"product_tag-xl-jope","30":"desktop-align-center","31":"tablet-align-center","32":"mobile-align-center","33":"ast-product-gallery-layout-horizontal-slider","34":"ast-product-single-variable","35":"ast-product-tabs-layout-horizontal","37":"first","38":"instock","39":"sale","40":"taxable","41":"shipping-taxable","42":"purchasable","43":"product-type-variable"},"supplier_id":null,"supplier_sku":"","barcode":null,"atum_controlled":true,"out_stock_date":null,"out_stock_threshold":null,"inheritable":true,"inbound_stock":null,"stock_on_hold":0,"sold_today":0,"sales_last_days":0,"reserved_stock":0,"customer_returns":null,"warehouse_damage":0,"lost_in_post":null,"other_logs":0,"out_stock_days":0,"lost_sales":0,"has_location":false,"update_date":"2026-01-28T10:01:03","atum_locations":[],"atum_stock_status":"instock","restock_status":false,"low_stock_amount":"","sales_update_date":"2025-12-04T01:26:25","calc_backorders":null,"yoast_head":"<!-- This site is optimized with the Yoast SEO plugin v26.9 - https:\/\/yoast.com\/product\/yoast-seo-wordpress\/ -->\n<title>Naiste pikk soe talvejope kapuutsi ja v\u00f6\u00f6ga - Karini Butiik<\/title>\n<meta name=\"description\" content=\"Soe naiste pikk talvejope kapuutsi ja v\u00f6\u00f6ga. Tepitud, kahesuunalise lukuga ning trukkidega sulgemine. Saadaval suurused S-XL. Ideaalne k\u00fclmaks talveks!\" \/>\n<meta name=\"robots\" content=\"index, follow, max-snippet:-1, max-image-preview:large, max-video-preview:-1\" \/>\n<link rel=\"canonical\" href=\"https:\/\/www.karinibutiik.ee\/lv\/produkts\/naiste-pikk-soe-talvejope-kapuutsi-ja-vooga\/\" \/>\n<meta property=\"og:locale\" content=\"lv_LV\" \/>\n<meta property=\"og:type\" content=\"article\" \/>\n<meta property=\"og:title\" content=\"Naiste pikk soe talvejope kapuutsi ja v\u00f6\u00f6ga - Karini Butiik\" \/>\n<meta property=\"og:description\" content=\"Soe naiste pikk talvejope kapuutsi ja v\u00f6\u00f6ga. Tepitud, kahesuunalise lukuga ning trukkidega sulgemine. Saadaval suurused S-XL. Ideaalne k\u00fclmaks talveks!\" \/>\n<meta property=\"og:url\" content=\"https:\/\/www.karinibutiik.ee\/lv\/produkts\/naiste-pikk-soe-talvejope-kapuutsi-ja-vooga\/\" \/>\n<meta property=\"og:site_name\" content=\"Karini Butiik\" \/>\n<meta property=\"article:publisher\" content=\"https:\/\/www.facebook.com\/karinibutiik.ee\" \/>\n<meta property=\"article:modified_time\" content=\"2026-02-14T12:26:02+00:00\" \/>\n<meta property=\"og:image\" content=\"https:\/\/www.karinibutiik.ee\/wp-content\/uploads\/2025\/10\/62E9237E-E680-4114-8EE8-A6997DB487BD-scaled-e1759940802568.jpeg\" \/>\n\t<meta property=\"og:image:width\" content=\"1500\" \/>\n\t<meta property=\"og:image:height\" content=\"2200\" \/>\n\t<meta property=\"og:image:type\" content=\"image\/jpeg\" \/>\n<meta name=\"twitter:card\" content=\"summary_large_image\" \/>\n<meta name=\"twitter:label1\" content=\"Availability\" \/>\n\t<meta name=\"twitter:data1\" content=\"In stock\" \/>\n<script type=\"application\/ld+json\" class=\"yoast-schema-graph\">{\"@context\":\"https:\/\/schema.org\",\"@graph\":[{\"@type\":\"WebPage\",\"@id\":\"https:\/\/www.karinibutiik.ee\/toode\/naiste-pikk-soe-talvejope-kapuutsi-ja-vooga\/\",\"url\":\"https:\/\/www.karinibutiik.ee\/toode\/naiste-pikk-soe-talvejope-kapuutsi-ja-vooga\/\",\"name\":\"Naiste pikk soe talvejope kapuutsi ja v\u00f6\u00f6ga - Karini Butiik\",\"isPartOf\":{\"@id\":\"https:\/\/www.karinibutiik.ee\/#website\"},\"primaryImageOfPage\":{\"@id\":\"https:\/\/www.karinibutiik.ee\/toode\/naiste-pikk-soe-talvejope-kapuutsi-ja-vooga\/#primaryimage\"},\"image\":{\"@id\":\"https:\/\/www.karinibutiik.ee\/toode\/naiste-pikk-soe-talvejope-kapuutsi-ja-vooga\/#primaryimage\"},\"thumbnailUrl\":\"https:\/\/www.karinibutiik.ee\/wp-content\/uploads\/2025\/10\/62E9237E-E680-4114-8EE8-A6997DB487BD-scaled-e1759940802568.jpeg\",\"datePublished\":\"2025-09-22T14:20:02+00:00\",\"dateModified\":\"2026-02-14T12:26:02+00:00\",\"description\":\"Soe naiste pikk talvejope kapuutsi ja v\u00f6\u00f6ga. Tepitud, kahesuunalise lukuga ning trukkidega sulgemine. Saadaval suurused S-XL. Ideaalne k\u00fclmaks talveks!\",\"breadcrumb\":{\"@id\":\"https:\/\/www.karinibutiik.ee\/toode\/naiste-pikk-soe-talvejope-kapuutsi-ja-vooga\/#breadcrumb\"},\"inLanguage\":\"lv-LV\",\"potentialAction\":[{\"@type\":\"ReadAction\",\"target\":[\"https:\/\/www.karinibutiik.ee\/toode\/naiste-pikk-soe-talvejope-kapuutsi-ja-vooga\/\"]}]},{\"@type\":\"ImageObject\",\"inLanguage\":\"lv-LV\",\"@id\":\"https:\/\/www.karinibutiik.ee\/toode\/naiste-pikk-soe-talvejope-kapuutsi-ja-vooga\/#primaryimage\",\"url\":\"https:\/\/www.karinibutiik.ee\/wp-content\/uploads\/2025\/10\/62E9237E-E680-4114-8EE8-A6997DB487BD-scaled-e1759940802568.jpeg\",\"contentUrl\":\"https:\/\/www.karinibutiik.ee\/wp-content\/uploads\/2025\/10\/62E9237E-E680-4114-8EE8-A6997DB487BD-scaled-e1759940802568.jpeg\",\"width\":1500,\"height\":2200,\"caption\":\"Naiste pikk soe talvejope kapuutsi ja v\u00f6\u00f6ga\"},{\"@type\":\"BreadcrumbList\",\"@id\":\"https:\/\/www.karinibutiik.ee\/toode\/naiste-pikk-soe-talvejope-kapuutsi-ja-vooga\/#breadcrumb\",\"itemListElement\":[{\"@type\":\"ListItem\",\"position\":1,\"name\":\"Home\",\"item\":\"https:\/\/www.karinibutiik.ee\/\"},{\"@type\":\"ListItem\",\"position\":2,\"name\":\"Pood\",\"item\":\"https:\/\/www.karinibutiik.ee\/pood\/\"},{\"@type\":\"ListItem\",\"position\":3,\"name\":\"Naiste pikk soe talvejope kapuutsi ja v\u00f6\u00f6ga\"}]},{\"@type\":\"WebSite\",\"@id\":\"https:\/\/www.karinibutiik.ee\/#website\",\"url\":\"https:\/\/www.karinibutiik.ee\/\",\"name\":\"Karini Butiik\",\"description\":\"\",\"publisher\":{\"@id\":\"https:\/\/www.karinibutiik.ee\/#organization\"},\"potentialAction\":[{\"@type\":\"SearchAction\",\"target\":{\"@type\":\"EntryPoint\",\"urlTemplate\":\"https:\/\/www.karinibutiik.ee\/?s={search_term_string}\"},\"query-input\":{\"@type\":\"PropertyValueSpecification\",\"valueRequired\":true,\"valueName\":\"search_term_string\"}}],\"inLanguage\":\"lv-LV\"},{\"@type\":\"Organization\",\"@id\":\"https:\/\/www.karinibutiik.ee\/#organization\",\"name\":\"Karini Butiik\",\"url\":\"https:\/\/www.karinibutiik.ee\/\",\"logo\":{\"@type\":\"ImageObject\",\"inLanguage\":\"lv-LV\",\"@id\":\"https:\/\/www.karinibutiik.ee\/#\/schema\/logo\/image\/\",\"url\":\"https:\/\/www.karinibutiik.ee\/wp-content\/uploads\/2024\/10\/Kuj.-K-koopia.png\",\"contentUrl\":\"https:\/\/www.karinibutiik.ee\/wp-content\/uploads\/2024\/10\/Kuj.-K-koopia.png\",\"width\":500,\"height\":500,\"caption\":\"Karini Butiik\"},\"image\":{\"@id\":\"https:\/\/www.karinibutiik.ee\/#\/schema\/logo\/image\/\"},\"sameAs\":[\"https:\/\/www.facebook.com\/karinibutiik.ee\",\"https:\/\/www.instagram.com\/karinibutiik\"]}]}<\/script>\n<meta property=\"og:availability\" content=\"instock\" \/>\n<meta property=\"product:availability\" content=\"instock\" \/>\n<meta property=\"product:retailer_item_id\" content=\"23041\" \/>\n<meta property=\"product:condition\" content=\"new\" \/>\n<!-- \/ Yoast SEO plugin. -->","yoast_head_json":{"title":"Naiste pikk soe talvejope kapuutsi ja v\u00f6\u00f6ga - Karini Butiik","description":"Soe naiste pikk talvejope kapuutsi ja v\u00f6\u00f6ga. Tepitud, kahesuunalise lukuga ning trukkidega sulgemine. Saadaval suurused S-XL. Ideaalne k\u00fclmaks talveks!","robots":{"index":"index","follow":"follow","max-snippet":"max-snippet:-1","max-image-preview":"max-image-preview:large","max-video-preview":"max-video-preview:-1"},"canonical":"https:\/\/www.karinibutiik.ee\/lv\/produkts\/naiste-pikk-soe-talvejope-kapuutsi-ja-vooga\/","og_locale":"lv_LV","og_type":"article","og_title":"Naiste pikk soe talvejope kapuutsi ja v\u00f6\u00f6ga - Karini Butiik","og_description":"Soe naiste pikk talvejope kapuutsi ja v\u00f6\u00f6ga. Tepitud, kahesuunalise lukuga ning trukkidega sulgemine. Saadaval suurused S-XL. Ideaalne k\u00fclmaks talveks!","og_url":"https:\/\/www.karinibutiik.ee\/lv\/produkts\/naiste-pikk-soe-talvejope-kapuutsi-ja-vooga\/","og_site_name":"Karini Butiik","article_publisher":"https:\/\/www.facebook.com\/karinibutiik.ee","article_modified_time":"2026-02-14T12:26:02+00:00","og_image":[{"width":1500,"height":2200,"url":"https:\/\/www.karinibutiik.ee\/wp-content\/uploads\/2025\/10\/62E9237E-E680-4114-8EE8-A6997DB487BD-scaled-e1759940802568.jpeg","type":"image\/jpeg"}],"twitter_card":"summary_large_image","twitter_misc":{"Availability":"In stock"},"schema":{"@context":"https:\/\/schema.org","@graph":[{"@type":"WebPage","@id":"https:\/\/www.karinibutiik.ee\/toode\/naiste-pikk-soe-talvejope-kapuutsi-ja-vooga\/","url":"https:\/\/www.karinibutiik.ee\/toode\/naiste-pikk-soe-talvejope-kapuutsi-ja-vooga\/","name":"Naiste pikk soe talvejope kapuutsi ja v\u00f6\u00f6ga - Karini Butiik","isPartOf":{"@id":"https:\/\/www.karinibutiik.ee\/#website"},"primaryImageOfPage":{"@id":"https:\/\/www.karinibutiik.ee\/toode\/naiste-pikk-soe-talvejope-kapuutsi-ja-vooga\/#primaryimage"},"image":{"@id":"https:\/\/www.karinibutiik.ee\/toode\/naiste-pikk-soe-talvejope-kapuutsi-ja-vooga\/#primaryimage"},"thumbnailUrl":"https:\/\/www.karinibutiik.ee\/wp-content\/uploads\/2025\/10\/62E9237E-E680-4114-8EE8-A6997DB487BD-scaled-e1759940802568.jpeg","datePublished":"2025-09-22T14:20:02+00:00","dateModified":"2026-02-14T12:26:02+00:00","description":"Soe naiste pikk talvejope kapuutsi ja v\u00f6\u00f6ga. Tepitud, kahesuunalise lukuga ning trukkidega sulgemine. Saadaval suurused S-XL. Ideaalne k\u00fclmaks talveks!","breadcrumb":{"@id":"https:\/\/www.karinibutiik.ee\/toode\/naiste-pikk-soe-talvejope-kapuutsi-ja-vooga\/#breadcrumb"},"inLanguage":"lv-LV","potentialAction":[{"@type":"ReadAction","target":["https:\/\/www.karinibutiik.ee\/toode\/naiste-pikk-soe-talvejope-kapuutsi-ja-vooga\/"]}]},{"@type":"ImageObject","inLanguage":"lv-LV","@id":"https:\/\/www.karinibutiik.ee\/toode\/naiste-pikk-soe-talvejope-kapuutsi-ja-vooga\/#primaryimage","url":"https:\/\/www.karinibutiik.ee\/wp-content\/uploads\/2025\/10\/62E9237E-E680-4114-8EE8-A6997DB487BD-scaled-e1759940802568.jpeg","contentUrl":"https:\/\/www.karinibutiik.ee\/wp-content\/uploads\/2025\/10\/62E9237E-E680-4114-8EE8-A6997DB487BD-scaled-e1759940802568.jpeg","width":1500,"height":2200,"caption":"Naiste pikk soe talvejope kapuutsi ja v\u00f6\u00f6ga"},{"@type":"BreadcrumbList","@id":"https:\/\/www.karinibutiik.ee\/toode\/naiste-pikk-soe-talvejope-kapuutsi-ja-vooga\/#breadcrumb","itemListElement":[{"@type":"ListItem","position":1,"name":"Home","item":"https:\/\/www.karinibutiik.ee\/"},{"@type":"ListItem","position":2,"name":"Pood","item":"https:\/\/www.karinibutiik.ee\/pood\/"},{"@type":"ListItem","position":3,"name":"Naiste pikk soe talvejope kapuutsi ja v\u00f6\u00f6ga"}]},{"@type":"WebSite","@id":"https:\/\/www.karinibutiik.ee\/#website","url":"https:\/\/www.karinibutiik.ee\/","name":"Karini Butiik","description":"","publisher":{"@id":"https:\/\/www.karinibutiik.ee\/#organization"},"potentialAction":[{"@type":"SearchAction","target":{"@type":"EntryPoint","urlTemplate":"https:\/\/www.karinibutiik.ee\/?s={search_term_string}"},"query-input":{"@type":"PropertyValueSpecification","valueRequired":true,"valueName":"search_term_string"}}],"inLanguage":"lv-LV"},{"@type":"Organization","@id":"https:\/\/www.karinibutiik.ee\/#organization","name":"Karini Butiik","url":"https:\/\/www.karinibutiik.ee\/","logo":{"@type":"ImageObject","inLanguage":"lv-LV","@id":"https:\/\/www.karinibutiik.ee\/#\/schema\/logo\/image\/","url":"https:\/\/www.karinibutiik.ee\/wp-content\/uploads\/2024\/10\/Kuj.-K-koopia.png","contentUrl":"https:\/\/www.karinibutiik.ee\/wp-content\/uploads\/2024\/10\/Kuj.-K-koopia.png","width":500,"height":500,"caption":"Karini Butiik"},"image":{"@id":"https:\/\/www.karinibutiik.ee\/#\/schema\/logo\/image\/"},"sameAs":["https:\/\/www.facebook.com\/karinibutiik.ee","https:\/\/www.instagram.com\/karinibutiik"]}]},"og_availability":"instock","product_availability":"instock","product_retailer_item_id":"23041","product_condition":"new"},"_links":{"self":[{"href":"https:\/\/www.karinibutiik.ee\/lv\/wp-json\/wp\/v2\/product\/23970","targetHints":{"allow":["GET"]}}],"collection":[{"href":"https:\/\/www.karinibutiik.ee\/lv\/wp-json\/wp\/v2\/product"}],"about":[{"href":"https:\/\/www.karinibutiik.ee\/lv\/wp-json\/wp\/v2\/types\/product"}],"version-history":[{"count":3,"href":"https:\/\/www.karinibutiik.ee\/lv\/wp-json\/wp\/v2\/product\/23970\/revisions"}],"predecessor-version":[{"id":24239,"href":"https:\/\/www.karinibutiik.ee\/lv\/wp-json\/wp\/v2\/product\/23970\/revisions\/24239"}],"wp:featuredmedia":[{"embeddable":true,"href":"https:\/\/www.karinibutiik.ee\/lv\/wp-json\/wp\/v2\/media\/24460"}],"wp:attachment":[{"href":"https:\/\/www.karinibutiik.ee\/lv\/wp-json\/wp\/v2\/media?parent=23970"}],"wp:term":[{"taxonomy":"product_brand","embeddable":true,"href":"https:\/\/www.karinibutiik.ee\/lv\/wp-json\/wp\/v2\/product_brand?post=23970"},{"taxonomy":"product_cat","embeddable":true,"href":"https:\/\/www.karinibutiik.ee\/lv\/wp-json\/wp\/v2\/product_cat?post=23970"},{"taxonomy":"product_tag","embeddable":true,"href":"https:\/\/www.karinibutiik.ee\/lv\/wp-json\/wp\/v2\/product_tag?post=23970"}],"curies":[{"name":"wp","href":"https:\/\/api.w.org\/{rel}","templated":true}]}}