{"id":24402,"date":"2025-10-07T17:29:53","date_gmt":"2025-10-07T14:29:53","guid":{"rendered":"https:\/\/www.karinibutiik.ee\/?post_type=product&#038;p=24402"},"modified":"2026-04-08T09:02:41","modified_gmt":"2026-04-08T06:02:41","slug":"madala-pustkraega-sviiter-luhikeste-varrukatega","status":"publish","type":"product","link":"https:\/\/www.karinibutiik.ee\/lv\/produkts\/madala-pustkraega-sviiter-luhikeste-varrukatega\/","title":{"rendered":"Madala p\u00fcstkraega sviiter l\u00fchikeste varrukatega"},"content":{"rendered":"<p>Kaunis ja elegantne madala p\u00fcstkraega sviiter, mis \u00fchendab mugavuse ja ajatult \u0161iki stiili. L\u00fchikeste varrukatega mudel on ideaalne kihiliseks kandmiseks v\u00f5i eraldi soojemal hooajal.<br data-start=\"406\" data-end=\"409\" \/>Valmistatud kvaliteetsest, pehmest ja venivast materjalist, mis tagab suurep\u00e4rase istuvuse ja kandmismugavuse.<br data-start=\"519\" data-end=\"522\" \/>Koostis: <strong data-start=\"531\" data-end=\"584\">45% viskoos, 27% pol\u00fcester, 23% nailon, 5% modaal<\/strong> \u2013 vastupidav ja meeldiv kehale.<br data-start=\"616\" data-end=\"619\" \/>Saadaval mitmes erinevas v\u00e4rvitoonis \u2013 sobib nii elegantseks kontoristiiliks kui ka igap\u00e4evaseks kandmiseks.<\/p>","protected":false},"excerpt":{"rendered":"<p>Kaunis ja elegantne madala p\u00fcstkraega sviiter, mis \u00fchendab mugavuse ja ajatult \u0161iki stiili. L\u00fchikeste varrukatega mudel on ideaalne kihiliseks kandmiseks [&hellip;]<\/p>\n","protected":false},"featured_media":24410,"template":"","meta":{"site-sidebar-layout":"default","site-content-layout":"","ast-site-content-layout":"default","site-content-style":"default","site-sidebar-style":"default","ast-global-header-display":"","ast-banner-title-visibility":"","ast-main-header-display":"","ast-hfb-above-header-display":"","ast-hfb-below-header-display":"","ast-hfb-mobile-header-display":"","site-post-title":"","ast-breadcrumbs-content":"","ast-featured-img":"","footer-sml-layout":"","ast-disable-related-posts":"","theme-transparent-header-meta":"default","adv-header-id-meta":"","stick-header-meta":"default","header-above-stick-meta":"","header-main-stick-meta":"","header-below-stick-meta":"","astra-migrate-meta-layouts":"set","ast-page-background-enabled":"default","ast-page-background-meta":{"desktop":{"background-color":"var(--ast-global-color-4)","background-image":"","background-repeat":"repeat","background-position":"center center","background-size":"auto","background-attachment":"scroll","background-type":"","background-media":"","overlay-type":"","overlay-color":"","overlay-opacity":"","overlay-gradient":""},"tablet":{"background-color":"","background-image":"","background-repeat":"repeat","background-position":"center center","background-size":"auto","background-attachment":"scroll","background-type":"","background-media":"","overlay-type":"","overlay-color":"","overlay-opacity":"","overlay-gradient":""},"mobile":{"background-color":"","background-image":"","background-repeat":"repeat","background-position":"center center","background-size":"auto","background-attachment":"scroll","background-type":"","background-media":"","overlay-type":"","overlay-color":"","overlay-opacity":"","overlay-gradient":""}},"ast-content-background-meta":{"desktop":{"background-color":"var(--ast-global-color-5)","background-image":"","background-repeat":"repeat","background-position":"center center","background-size":"auto","background-attachment":"scroll","background-type":"","background-media":"","overlay-type":"","overlay-color":"","overlay-opacity":"","overlay-gradient":""},"tablet":{"background-color":"var(--ast-global-color-5)","background-image":"","background-repeat":"repeat","background-position":"center center","background-size":"auto","background-attachment":"scroll","background-type":"","background-media":"","overlay-type":"","overlay-color":"","overlay-opacity":"","overlay-gradient":""},"mobile":{"background-color":"var(--ast-global-color-5)","background-image":"","background-repeat":"repeat","background-position":"center center","background-size":"auto","background-attachment":"scroll","background-type":"","background-media":"","overlay-type":"","overlay-color":"","overlay-opacity":"","overlay-gradient":""}}},"product_brand":[],"product_cat":[367,370,365,351],"product_tag":[1950,501,1951,1944,1943,1949,1945,1935,1952,1948,1933,1941,1939],"class_list":{"0":"post-24402","1":"product","2":"type-product","3":"status-publish","4":"has-post-thumbnail","6":"product_cat-allahindlus","7":"product_cat-kampsunid","8":"product_cat-uleriided","9":"product_cat-uued-tooted","10":"product_tag-elegantne-sviiter","11":"product_tag-karini-butiik","12":"product_tag-kevadine-kudum","13":"product_tag-kudum","14":"product_tag-luhikeste-varrukatega-sviiter","15":"product_tag-madala-kraega-sviiter","16":"product_tag-moekas-sviiter","17":"product_tag-naiste-sviiter","18":"product_tag-pehme-kudum","19":"product_tag-pustkraega-sviiter","20":"product_tag-sviiter","21":"product_tag-trendikas-sviiter","22":"product_tag-viskoos-sviiter","23":"desktop-align-center","24":"tablet-align-center","25":"mobile-align-center","26":"ast-product-gallery-layout-horizontal-slider","27":"ast-product-single-variable","28":"ast-product-tabs-layout-horizontal","30":"first","31":"instock","32":"sale","33":"taxable","34":"shipping-taxable","35":"purchasable","36":"product-type-variable"},"supplier_id":null,"supplier_sku":"","barcode":null,"atum_controlled":true,"out_stock_date":null,"out_stock_threshold":null,"inheritable":true,"inbound_stock":null,"stock_on_hold":0,"sold_today":0,"sales_last_days":1,"reserved_stock":0,"customer_returns":null,"warehouse_damage":0,"lost_in_post":null,"other_logs":0,"out_stock_days":0,"lost_sales":0,"has_location":false,"update_date":"2026-03-25T16:10:25","atum_locations":[],"atum_stock_status":"instock","restock_status":false,"low_stock_amount":"","sales_update_date":"2025-12-05T14:39:09","calc_backorders":null,"yoast_head":"<!-- This site is optimized with the Yoast SEO plugin v26.9 - https:\/\/yoast.com\/product\/yoast-seo-wordpress\/ -->\n<title>Madala p\u00fcstkraega sviiter l\u00fchikeste varrukatega - Karini Butiik<\/title>\n<meta name=\"description\" content=\"Stiilne madala p\u00fcstkraega sviiter l\u00fchikeste varrukatega. Pehme ja mugav materjal (viskoos, pol\u00fcester, nailon, modaal). Saadaval mitmes v\u00e4rvitoonis.\" \/>\n<meta name=\"robots\" content=\"index, follow, max-snippet:-1, max-image-preview:large, max-video-preview:-1\" \/>\n<link rel=\"canonical\" href=\"https:\/\/www.karinibutiik.ee\/lv\/produkts\/madala-pustkraega-sviiter-luhikeste-varrukatega\/\" \/>\n<meta property=\"og:locale\" content=\"lv_LV\" \/>\n<meta property=\"og:type\" content=\"article\" \/>\n<meta property=\"og:title\" content=\"Madala p\u00fcstkraega sviiter l\u00fchikeste varrukatega - Karini Butiik\" \/>\n<meta property=\"og:description\" content=\"Stiilne madala p\u00fcstkraega sviiter l\u00fchikeste varrukatega. Pehme ja mugav materjal (viskoos, pol\u00fcester, nailon, modaal). Saadaval mitmes v\u00e4rvitoonis.\" \/>\n<meta property=\"og:url\" content=\"https:\/\/www.karinibutiik.ee\/lv\/produkts\/madala-pustkraega-sviiter-luhikeste-varrukatega\/\" \/>\n<meta property=\"og:site_name\" content=\"Karini Butiik\" \/>\n<meta property=\"article:publisher\" content=\"https:\/\/www.facebook.com\/karinibutiik.ee\" \/>\n<meta property=\"article:modified_time\" content=\"2026-04-08T06:02:41+00:00\" \/>\n<meta property=\"og:image\" content=\"https:\/\/www.karinibutiik.ee\/wp-content\/uploads\/2025\/10\/D385EB4E-15CD-4AA1-B5D3-241F8C75F8A0-scaled.jpeg\" \/>\n\t<meta property=\"og:image:width\" content=\"1920\" \/>\n\t<meta property=\"og:image:height\" content=\"2560\" \/>\n\t<meta property=\"og:image:type\" content=\"image\/jpeg\" \/>\n<meta name=\"twitter:card\" content=\"summary_large_image\" \/>\n<meta name=\"twitter:label1\" content=\"Availability\" \/>\n\t<meta name=\"twitter:data1\" content=\"In stock\" \/>\n<script type=\"application\/ld+json\" class=\"yoast-schema-graph\">{\"@context\":\"https:\/\/schema.org\",\"@graph\":[{\"@type\":\"WebPage\",\"@id\":\"https:\/\/www.karinibutiik.ee\/toode\/madala-pustkraega-sviiter-luhikeste-varrukatega\/\",\"url\":\"https:\/\/www.karinibutiik.ee\/toode\/madala-pustkraega-sviiter-luhikeste-varrukatega\/\",\"name\":\"Madala p\u00fcstkraega sviiter l\u00fchikeste varrukatega - Karini Butiik\",\"isPartOf\":{\"@id\":\"https:\/\/www.karinibutiik.ee\/#website\"},\"primaryImageOfPage\":{\"@id\":\"https:\/\/www.karinibutiik.ee\/toode\/madala-pustkraega-sviiter-luhikeste-varrukatega\/#primaryimage\"},\"image\":{\"@id\":\"https:\/\/www.karinibutiik.ee\/toode\/madala-pustkraega-sviiter-luhikeste-varrukatega\/#primaryimage\"},\"thumbnailUrl\":\"https:\/\/www.karinibutiik.ee\/wp-content\/uploads\/2025\/10\/D385EB4E-15CD-4AA1-B5D3-241F8C75F8A0-scaled.jpeg\",\"datePublished\":\"2025-10-07T14:29:53+00:00\",\"dateModified\":\"2026-04-08T06:02:41+00:00\",\"description\":\"Stiilne madala p\u00fcstkraega sviiter l\u00fchikeste varrukatega. Pehme ja mugav materjal (viskoos, pol\u00fcester, nailon, modaal). Saadaval mitmes v\u00e4rvitoonis.\",\"breadcrumb\":{\"@id\":\"https:\/\/www.karinibutiik.ee\/toode\/madala-pustkraega-sviiter-luhikeste-varrukatega\/#breadcrumb\"},\"inLanguage\":\"lv-LV\",\"potentialAction\":[{\"@type\":\"ReadAction\",\"target\":[\"https:\/\/www.karinibutiik.ee\/toode\/madala-pustkraega-sviiter-luhikeste-varrukatega\/\"]}]},{\"@type\":\"ImageObject\",\"inLanguage\":\"lv-LV\",\"@id\":\"https:\/\/www.karinibutiik.ee\/toode\/madala-pustkraega-sviiter-luhikeste-varrukatega\/#primaryimage\",\"url\":\"https:\/\/www.karinibutiik.ee\/wp-content\/uploads\/2025\/10\/D385EB4E-15CD-4AA1-B5D3-241F8C75F8A0-scaled.jpeg\",\"contentUrl\":\"https:\/\/www.karinibutiik.ee\/wp-content\/uploads\/2025\/10\/D385EB4E-15CD-4AA1-B5D3-241F8C75F8A0-scaled.jpeg\",\"width\":1920,\"height\":2560,\"caption\":\"Madala p\u00fcstkraega sviiter l\u00fchikeste varrukatega\"},{\"@type\":\"BreadcrumbList\",\"@id\":\"https:\/\/www.karinibutiik.ee\/toode\/madala-pustkraega-sviiter-luhikeste-varrukatega\/#breadcrumb\",\"itemListElement\":[{\"@type\":\"ListItem\",\"position\":1,\"name\":\"Home\",\"item\":\"https:\/\/www.karinibutiik.ee\/\"},{\"@type\":\"ListItem\",\"position\":2,\"name\":\"Pood\",\"item\":\"https:\/\/www.karinibutiik.ee\/pood\/\"},{\"@type\":\"ListItem\",\"position\":3,\"name\":\"Madala p\u00fcstkraega sviiter l\u00fchikeste varrukatega\"}]},{\"@type\":\"WebSite\",\"@id\":\"https:\/\/www.karinibutiik.ee\/#website\",\"url\":\"https:\/\/www.karinibutiik.ee\/\",\"name\":\"Karini Butiik\",\"description\":\"\",\"publisher\":{\"@id\":\"https:\/\/www.karinibutiik.ee\/#organization\"},\"potentialAction\":[{\"@type\":\"SearchAction\",\"target\":{\"@type\":\"EntryPoint\",\"urlTemplate\":\"https:\/\/www.karinibutiik.ee\/?s={search_term_string}\"},\"query-input\":{\"@type\":\"PropertyValueSpecification\",\"valueRequired\":true,\"valueName\":\"search_term_string\"}}],\"inLanguage\":\"lv-LV\"},{\"@type\":\"Organization\",\"@id\":\"https:\/\/www.karinibutiik.ee\/#organization\",\"name\":\"Karini Butiik\",\"url\":\"https:\/\/www.karinibutiik.ee\/\",\"logo\":{\"@type\":\"ImageObject\",\"inLanguage\":\"lv-LV\",\"@id\":\"https:\/\/www.karinibutiik.ee\/#\/schema\/logo\/image\/\",\"url\":\"https:\/\/www.karinibutiik.ee\/wp-content\/uploads\/2024\/10\/Kuj.-K-koopia.png\",\"contentUrl\":\"https:\/\/www.karinibutiik.ee\/wp-content\/uploads\/2024\/10\/Kuj.-K-koopia.png\",\"width\":500,\"height\":500,\"caption\":\"Karini Butiik\"},\"image\":{\"@id\":\"https:\/\/www.karinibutiik.ee\/#\/schema\/logo\/image\/\"},\"sameAs\":[\"https:\/\/www.facebook.com\/karinibutiik.ee\",\"https:\/\/www.instagram.com\/karinibutiik\"]}]}<\/script>\n<meta property=\"og:availability\" content=\"instock\" \/>\n<meta property=\"product:availability\" content=\"instock\" \/>\n<meta property=\"product:retailer_item_id\" content=\"4346\" \/>\n<meta property=\"product:condition\" content=\"new\" \/>\n<!-- \/ Yoast SEO plugin. -->","yoast_head_json":{"title":"Madala p\u00fcstkraega sviiter l\u00fchikeste varrukatega - Karini Butiik","description":"Stiilne madala p\u00fcstkraega sviiter l\u00fchikeste varrukatega. Pehme ja mugav materjal (viskoos, pol\u00fcester, nailon, modaal). Saadaval mitmes v\u00e4rvitoonis.","robots":{"index":"index","follow":"follow","max-snippet":"max-snippet:-1","max-image-preview":"max-image-preview:large","max-video-preview":"max-video-preview:-1"},"canonical":"https:\/\/www.karinibutiik.ee\/lv\/produkts\/madala-pustkraega-sviiter-luhikeste-varrukatega\/","og_locale":"lv_LV","og_type":"article","og_title":"Madala p\u00fcstkraega sviiter l\u00fchikeste varrukatega - Karini Butiik","og_description":"Stiilne madala p\u00fcstkraega sviiter l\u00fchikeste varrukatega. Pehme ja mugav materjal (viskoos, pol\u00fcester, nailon, modaal). Saadaval mitmes v\u00e4rvitoonis.","og_url":"https:\/\/www.karinibutiik.ee\/lv\/produkts\/madala-pustkraega-sviiter-luhikeste-varrukatega\/","og_site_name":"Karini Butiik","article_publisher":"https:\/\/www.facebook.com\/karinibutiik.ee","article_modified_time":"2026-04-08T06:02:41+00:00","og_image":[{"width":1920,"height":2560,"url":"https:\/\/www.karinibutiik.ee\/wp-content\/uploads\/2025\/10\/D385EB4E-15CD-4AA1-B5D3-241F8C75F8A0-scaled.jpeg","type":"image\/jpeg"}],"twitter_card":"summary_large_image","twitter_misc":{"Availability":"In stock"},"schema":{"@context":"https:\/\/schema.org","@graph":[{"@type":"WebPage","@id":"https:\/\/www.karinibutiik.ee\/toode\/madala-pustkraega-sviiter-luhikeste-varrukatega\/","url":"https:\/\/www.karinibutiik.ee\/toode\/madala-pustkraega-sviiter-luhikeste-varrukatega\/","name":"Madala p\u00fcstkraega sviiter l\u00fchikeste varrukatega - Karini Butiik","isPartOf":{"@id":"https:\/\/www.karinibutiik.ee\/#website"},"primaryImageOfPage":{"@id":"https:\/\/www.karinibutiik.ee\/toode\/madala-pustkraega-sviiter-luhikeste-varrukatega\/#primaryimage"},"image":{"@id":"https:\/\/www.karinibutiik.ee\/toode\/madala-pustkraega-sviiter-luhikeste-varrukatega\/#primaryimage"},"thumbnailUrl":"https:\/\/www.karinibutiik.ee\/wp-content\/uploads\/2025\/10\/D385EB4E-15CD-4AA1-B5D3-241F8C75F8A0-scaled.jpeg","datePublished":"2025-10-07T14:29:53+00:00","dateModified":"2026-04-08T06:02:41+00:00","description":"Stiilne madala p\u00fcstkraega sviiter l\u00fchikeste varrukatega. Pehme ja mugav materjal (viskoos, pol\u00fcester, nailon, modaal). Saadaval mitmes v\u00e4rvitoonis.","breadcrumb":{"@id":"https:\/\/www.karinibutiik.ee\/toode\/madala-pustkraega-sviiter-luhikeste-varrukatega\/#breadcrumb"},"inLanguage":"lv-LV","potentialAction":[{"@type":"ReadAction","target":["https:\/\/www.karinibutiik.ee\/toode\/madala-pustkraega-sviiter-luhikeste-varrukatega\/"]}]},{"@type":"ImageObject","inLanguage":"lv-LV","@id":"https:\/\/www.karinibutiik.ee\/toode\/madala-pustkraega-sviiter-luhikeste-varrukatega\/#primaryimage","url":"https:\/\/www.karinibutiik.ee\/wp-content\/uploads\/2025\/10\/D385EB4E-15CD-4AA1-B5D3-241F8C75F8A0-scaled.jpeg","contentUrl":"https:\/\/www.karinibutiik.ee\/wp-content\/uploads\/2025\/10\/D385EB4E-15CD-4AA1-B5D3-241F8C75F8A0-scaled.jpeg","width":1920,"height":2560,"caption":"Madala p\u00fcstkraega sviiter l\u00fchikeste varrukatega"},{"@type":"BreadcrumbList","@id":"https:\/\/www.karinibutiik.ee\/toode\/madala-pustkraega-sviiter-luhikeste-varrukatega\/#breadcrumb","itemListElement":[{"@type":"ListItem","position":1,"name":"Home","item":"https:\/\/www.karinibutiik.ee\/"},{"@type":"ListItem","position":2,"name":"Pood","item":"https:\/\/www.karinibutiik.ee\/pood\/"},{"@type":"ListItem","position":3,"name":"Madala p\u00fcstkraega sviiter l\u00fchikeste varrukatega"}]},{"@type":"WebSite","@id":"https:\/\/www.karinibutiik.ee\/#website","url":"https:\/\/www.karinibutiik.ee\/","name":"Karini Butiik","description":"","publisher":{"@id":"https:\/\/www.karinibutiik.ee\/#organization"},"potentialAction":[{"@type":"SearchAction","target":{"@type":"EntryPoint","urlTemplate":"https:\/\/www.karinibutiik.ee\/?s={search_term_string}"},"query-input":{"@type":"PropertyValueSpecification","valueRequired":true,"valueName":"search_term_string"}}],"inLanguage":"lv-LV"},{"@type":"Organization","@id":"https:\/\/www.karinibutiik.ee\/#organization","name":"Karini Butiik","url":"https:\/\/www.karinibutiik.ee\/","logo":{"@type":"ImageObject","inLanguage":"lv-LV","@id":"https:\/\/www.karinibutiik.ee\/#\/schema\/logo\/image\/","url":"https:\/\/www.karinibutiik.ee\/wp-content\/uploads\/2024\/10\/Kuj.-K-koopia.png","contentUrl":"https:\/\/www.karinibutiik.ee\/wp-content\/uploads\/2024\/10\/Kuj.-K-koopia.png","width":500,"height":500,"caption":"Karini Butiik"},"image":{"@id":"https:\/\/www.karinibutiik.ee\/#\/schema\/logo\/image\/"},"sameAs":["https:\/\/www.facebook.com\/karinibutiik.ee","https:\/\/www.instagram.com\/karinibutiik"]}]},"og_availability":"instock","product_availability":"instock","product_retailer_item_id":"4346","product_condition":"new"},"_links":{"self":[{"href":"https:\/\/www.karinibutiik.ee\/lv\/wp-json\/wp\/v2\/product\/24402","targetHints":{"allow":["GET"]}}],"collection":[{"href":"https:\/\/www.karinibutiik.ee\/lv\/wp-json\/wp\/v2\/product"}],"about":[{"href":"https:\/\/www.karinibutiik.ee\/lv\/wp-json\/wp\/v2\/types\/product"}],"version-history":[{"count":1,"href":"https:\/\/www.karinibutiik.ee\/lv\/wp-json\/wp\/v2\/product\/24402\/revisions"}],"predecessor-version":[{"id":24419,"href":"https:\/\/www.karinibutiik.ee\/lv\/wp-json\/wp\/v2\/product\/24402\/revisions\/24419"}],"wp:featuredmedia":[{"embeddable":true,"href":"https:\/\/www.karinibutiik.ee\/lv\/wp-json\/wp\/v2\/media\/24410"}],"wp:attachment":[{"href":"https:\/\/www.karinibutiik.ee\/lv\/wp-json\/wp\/v2\/media?parent=24402"}],"wp:term":[{"taxonomy":"product_brand","embeddable":true,"href":"https:\/\/www.karinibutiik.ee\/lv\/wp-json\/wp\/v2\/product_brand?post=24402"},{"taxonomy":"product_cat","embeddable":true,"href":"https:\/\/www.karinibutiik.ee\/lv\/wp-json\/wp\/v2\/product_cat?post=24402"},{"taxonomy":"product_tag","embeddable":true,"href":"https:\/\/www.karinibutiik.ee\/lv\/wp-json\/wp\/v2\/product_tag?post=24402"}],"curies":[{"name":"wp","href":"https:\/\/api.w.org\/{rel}","templated":true}]}}