{"id":24496,"date":"2025-10-09T10:24:42","date_gmt":"2025-10-09T07:24:42","guid":{"rendered":"https:\/\/www.karinibutiik.ee\/?post_type=product&#038;p=24496"},"modified":"2026-04-11T14:47:41","modified_gmt":"2026-04-11T11:47:41","slug":"pehmest-seemisnahksest-kangast-pintsak","status":"publish","type":"product","link":"https:\/\/www.karinibutiik.ee\/lv\/produkts\/pehmest-seemisnahksest-kangast-pintsak\/","title":{"rendered":"Pehmest seemisnahksest kangast pintsak"},"content":{"rendered":"<p>Stiilne seemisnahksest riidest pintsak, mis \u00fchendab endas <strong data-start=\"270\" data-end=\"295\">elegantsi ja mugavuse<\/strong>. Valmistatud kvaliteetsest pehmest kangast, mis n\u00e4eb v\u00e4lja luksuslik ja tundub nahal m\u00f5nusalt pehme. Klassikalise \u00fche n\u00f6\u00f6biga l\u00f5ige ja kergelt oversize tegumood annavad pintsakule trendika ilme, mis sobib nii igap\u00e4evaseks kandmiseks kui ka pidulikumateks s\u00fcndmusteks.<br data-start=\"563\" data-end=\"566\" \/>Seda <strong data-start=\"571\" data-end=\"605\">premium kvaliteediga pintsakut<\/strong> on lihtne sobitada erinevate riietega \u2013 kanna teksade, kleidi v\u00f5i elegantsete p\u00fckstega.<br data-start=\"693\" data-end=\"696\" \/>Saadaval suurustes <strong data-start=\"715\" data-end=\"723\">XS\u2013L<\/strong>.<\/p>","protected":false},"excerpt":{"rendered":"<p>Stiilne seemisnahksest riidest pintsak, mis \u00fchendab endas elegantsi ja mugavuse. Valmistatud kvaliteetsest pehmest kangast, mis n\u00e4eb v\u00e4lja luksuslik ja tundub [&hellip;]<\/p>\n","protected":false},"featured_media":24495,"template":"","meta":{"site-sidebar-layout":"default","site-content-layout":"","ast-site-content-layout":"default","site-content-style":"default","site-sidebar-style":"default","ast-global-header-display":"","ast-banner-title-visibility":"","ast-main-header-display":"","ast-hfb-above-header-display":"","ast-hfb-below-header-display":"","ast-hfb-mobile-header-display":"","site-post-title":"","ast-breadcrumbs-content":"","ast-featured-img":"","footer-sml-layout":"","ast-disable-related-posts":"","theme-transparent-header-meta":"default","adv-header-id-meta":"","stick-header-meta":"default","header-above-stick-meta":"","header-main-stick-meta":"","header-below-stick-meta":"","astra-migrate-meta-layouts":"set","ast-page-background-enabled":"default","ast-page-background-meta":{"desktop":{"background-color":"var(--ast-global-color-4)","background-image":"","background-repeat":"repeat","background-position":"center center","background-size":"auto","background-attachment":"scroll","background-type":"","background-media":"","overlay-type":"","overlay-color":"","overlay-opacity":"","overlay-gradient":""},"tablet":{"background-color":"","background-image":"","background-repeat":"repeat","background-position":"center center","background-size":"auto","background-attachment":"scroll","background-type":"","background-media":"","overlay-type":"","overlay-color":"","overlay-opacity":"","overlay-gradient":""},"mobile":{"background-color":"","background-image":"","background-repeat":"repeat","background-position":"center center","background-size":"auto","background-attachment":"scroll","background-type":"","background-media":"","overlay-type":"","overlay-color":"","overlay-opacity":"","overlay-gradient":""}},"ast-content-background-meta":{"desktop":{"background-color":"var(--ast-global-color-5)","background-image":"","background-repeat":"repeat","background-position":"center center","background-size":"auto","background-attachment":"scroll","background-type":"","background-media":"","overlay-type":"","overlay-color":"","overlay-opacity":"","overlay-gradient":""},"tablet":{"background-color":"var(--ast-global-color-5)","background-image":"","background-repeat":"repeat","background-position":"center center","background-size":"auto","background-attachment":"scroll","background-type":"","background-media":"","overlay-type":"","overlay-color":"","overlay-opacity":"","overlay-gradient":""},"mobile":{"background-color":"var(--ast-global-color-5)","background-image":"","background-repeat":"repeat","background-position":"center center","background-size":"auto","background-attachment":"scroll","background-type":"","background-media":"","overlay-type":"","overlay-color":"","overlay-opacity":"","overlay-gradient":""}}},"product_brand":[],"product_cat":[346,366,365,351],"product_tag":[1178,501,1991,1503,1290,1182,1989,621,1180,1535,1988,1990,1987,1986,1992,1888],"class_list":{"0":"post-24496","1":"product","2":"type-product","3":"status-publish","4":"has-post-thumbnail","6":"product_cat-naised","7":"product_cat-pintsakud","8":"product_cat-uleriided","9":"product_cat-uued-tooted","10":"product_tag-elegantne-pintsak","11":"product_tag-karini-butiik","12":"product_tag-kevad-pintsak","13":"product_tag-klassikaline-pintsak","14":"product_tag-kontoristiil","15":"product_tag-moekas-pintsak","16":"product_tag-naiste-bleiser","17":"product_tag-naiste-mood","18":"product_tag-naiste-pintsak","19":"product_tag-oversize-pintsak","20":"product_tag-pehme-pintsak","21":"product_tag-premium-kvaliteet","22":"product_tag-pruun-pintsak","23":"product_tag-seemisnahkne-pintsak","24":"product_tag-sugis-pintsak","25":"product_tag-trendikas-pintsak","26":"desktop-align-center","27":"tablet-align-center","28":"mobile-align-center","29":"ast-product-gallery-layout-horizontal-slider","30":"ast-product-single-variable","31":"ast-product-tabs-layout-horizontal","33":"first","34":"instock","35":"taxable","36":"shipping-taxable","37":"purchasable","38":"product-type-variable"},"supplier_id":null,"supplier_sku":"","barcode":null,"atum_controlled":true,"out_stock_date":null,"out_stock_threshold":null,"inheritable":true,"inbound_stock":null,"stock_on_hold":0,"sold_today":0,"sales_last_days":0,"reserved_stock":0,"customer_returns":null,"warehouse_damage":0,"lost_in_post":null,"other_logs":0,"out_stock_days":0,"lost_sales":0,"has_location":false,"update_date":"2025-12-04T11:30:47","atum_locations":[],"atum_stock_status":"instock","restock_status":false,"low_stock_amount":"","sales_update_date":"2025-12-04T11:30:47","calc_backorders":null,"yoast_head":"<!-- This site is optimized with the Yoast SEO plugin v26.9 - https:\/\/yoast.com\/product\/yoast-seo-wordpress\/ -->\n<title>Pehmest seemisnahksest kangast pintsak - Karini Butiik<\/title>\n<meta name=\"description\" content=\"Elegantne ja mugav seemisnahkne pintsak. Premium kvaliteet ja trendikas l\u00f5ige, saadaval suurustes XS\u2013L. Ideaalne igap\u00e4evaseks ja pidulikuks kandmiseks.\" \/>\n<meta name=\"robots\" content=\"index, follow, max-snippet:-1, max-image-preview:large, max-video-preview:-1\" \/>\n<link rel=\"canonical\" href=\"https:\/\/www.karinibutiik.ee\/lv\/produkts\/pehmest-seemisnahksest-kangast-pintsak\/\" \/>\n<meta property=\"og:locale\" content=\"lv_LV\" \/>\n<meta property=\"og:type\" content=\"article\" \/>\n<meta property=\"og:title\" content=\"Pehmest seemisnahksest kangast pintsak - Karini Butiik\" \/>\n<meta property=\"og:description\" content=\"Elegantne ja mugav seemisnahkne pintsak. Premium kvaliteet ja trendikas l\u00f5ige, saadaval suurustes XS\u2013L. Ideaalne igap\u00e4evaseks ja pidulikuks kandmiseks.\" \/>\n<meta property=\"og:url\" content=\"https:\/\/www.karinibutiik.ee\/lv\/produkts\/pehmest-seemisnahksest-kangast-pintsak\/\" \/>\n<meta property=\"og:site_name\" content=\"Karini Butiik\" \/>\n<meta property=\"article:publisher\" content=\"https:\/\/www.facebook.com\/karinibutiik.ee\" \/>\n<meta property=\"article:modified_time\" content=\"2026-04-11T11:47:41+00:00\" \/>\n<meta property=\"og:image\" content=\"https:\/\/www.karinibutiik.ee\/wp-content\/uploads\/2025\/10\/071B5F56-EA72-41C7-B121-AB456AF7F21E-scaled.jpeg\" \/>\n\t<meta property=\"og:image:width\" content=\"1920\" \/>\n\t<meta property=\"og:image:height\" content=\"2560\" \/>\n\t<meta property=\"og:image:type\" content=\"image\/jpeg\" \/>\n<meta name=\"twitter:card\" content=\"summary_large_image\" \/>\n<meta name=\"twitter:label1\" content=\"Availability\" \/>\n\t<meta name=\"twitter:data1\" content=\"In stock\" \/>\n<script type=\"application\/ld+json\" class=\"yoast-schema-graph\">{\"@context\":\"https:\/\/schema.org\",\"@graph\":[{\"@type\":\"WebPage\",\"@id\":\"https:\/\/www.karinibutiik.ee\/toode\/pehmest-seemisnahksest-kangast-pintsak\/\",\"url\":\"https:\/\/www.karinibutiik.ee\/toode\/pehmest-seemisnahksest-kangast-pintsak\/\",\"name\":\"Pehmest seemisnahksest kangast pintsak - Karini Butiik\",\"isPartOf\":{\"@id\":\"https:\/\/www.karinibutiik.ee\/#website\"},\"primaryImageOfPage\":{\"@id\":\"https:\/\/www.karinibutiik.ee\/toode\/pehmest-seemisnahksest-kangast-pintsak\/#primaryimage\"},\"image\":{\"@id\":\"https:\/\/www.karinibutiik.ee\/toode\/pehmest-seemisnahksest-kangast-pintsak\/#primaryimage\"},\"thumbnailUrl\":\"https:\/\/www.karinibutiik.ee\/wp-content\/uploads\/2025\/10\/071B5F56-EA72-41C7-B121-AB456AF7F21E-scaled.jpeg\",\"datePublished\":\"2025-10-09T07:24:42+00:00\",\"dateModified\":\"2026-04-11T11:47:41+00:00\",\"description\":\"Elegantne ja mugav seemisnahkne pintsak. Premium kvaliteet ja trendikas l\u00f5ige, saadaval suurustes XS\u2013L. Ideaalne igap\u00e4evaseks ja pidulikuks kandmiseks.\",\"breadcrumb\":{\"@id\":\"https:\/\/www.karinibutiik.ee\/toode\/pehmest-seemisnahksest-kangast-pintsak\/#breadcrumb\"},\"inLanguage\":\"lv-LV\",\"potentialAction\":[{\"@type\":\"ReadAction\",\"target\":[\"https:\/\/www.karinibutiik.ee\/toode\/pehmest-seemisnahksest-kangast-pintsak\/\"]}]},{\"@type\":\"ImageObject\",\"inLanguage\":\"lv-LV\",\"@id\":\"https:\/\/www.karinibutiik.ee\/toode\/pehmest-seemisnahksest-kangast-pintsak\/#primaryimage\",\"url\":\"https:\/\/www.karinibutiik.ee\/wp-content\/uploads\/2025\/10\/071B5F56-EA72-41C7-B121-AB456AF7F21E-scaled.jpeg\",\"contentUrl\":\"https:\/\/www.karinibutiik.ee\/wp-content\/uploads\/2025\/10\/071B5F56-EA72-41C7-B121-AB456AF7F21E-scaled.jpeg\",\"width\":1920,\"height\":2560,\"caption\":\"Pehmest seemisnahksest kangast pintsak\"},{\"@type\":\"BreadcrumbList\",\"@id\":\"https:\/\/www.karinibutiik.ee\/toode\/pehmest-seemisnahksest-kangast-pintsak\/#breadcrumb\",\"itemListElement\":[{\"@type\":\"ListItem\",\"position\":1,\"name\":\"Home\",\"item\":\"https:\/\/www.karinibutiik.ee\/\"},{\"@type\":\"ListItem\",\"position\":2,\"name\":\"Pood\",\"item\":\"https:\/\/www.karinibutiik.ee\/pood\/\"},{\"@type\":\"ListItem\",\"position\":3,\"name\":\"Pehmest seemisnahksest kangast pintsak\"}]},{\"@type\":\"WebSite\",\"@id\":\"https:\/\/www.karinibutiik.ee\/#website\",\"url\":\"https:\/\/www.karinibutiik.ee\/\",\"name\":\"Karini Butiik\",\"description\":\"\",\"publisher\":{\"@id\":\"https:\/\/www.karinibutiik.ee\/#organization\"},\"potentialAction\":[{\"@type\":\"SearchAction\",\"target\":{\"@type\":\"EntryPoint\",\"urlTemplate\":\"https:\/\/www.karinibutiik.ee\/?s={search_term_string}\"},\"query-input\":{\"@type\":\"PropertyValueSpecification\",\"valueRequired\":true,\"valueName\":\"search_term_string\"}}],\"inLanguage\":\"lv-LV\"},{\"@type\":\"Organization\",\"@id\":\"https:\/\/www.karinibutiik.ee\/#organization\",\"name\":\"Karini Butiik\",\"url\":\"https:\/\/www.karinibutiik.ee\/\",\"logo\":{\"@type\":\"ImageObject\",\"inLanguage\":\"lv-LV\",\"@id\":\"https:\/\/www.karinibutiik.ee\/#\/schema\/logo\/image\/\",\"url\":\"https:\/\/www.karinibutiik.ee\/wp-content\/uploads\/2024\/10\/Kuj.-K-koopia.png\",\"contentUrl\":\"https:\/\/www.karinibutiik.ee\/wp-content\/uploads\/2024\/10\/Kuj.-K-koopia.png\",\"width\":500,\"height\":500,\"caption\":\"Karini Butiik\"},\"image\":{\"@id\":\"https:\/\/www.karinibutiik.ee\/#\/schema\/logo\/image\/\"},\"sameAs\":[\"https:\/\/www.facebook.com\/karinibutiik.ee\",\"https:\/\/www.instagram.com\/karinibutiik\"]}]}<\/script>\n<meta property=\"og:availability\" content=\"instock\" \/>\n<meta property=\"product:availability\" content=\"instock\" \/>\n<meta property=\"product:retailer_item_id\" content=\"8235\" \/>\n<meta property=\"product:condition\" content=\"new\" \/>\n<!-- \/ Yoast SEO plugin. -->","yoast_head_json":{"title":"Pehmest seemisnahksest kangast pintsak - Karini Butiik","description":"Elegantne ja mugav seemisnahkne pintsak. Premium kvaliteet ja trendikas l\u00f5ige, saadaval suurustes XS\u2013L. Ideaalne igap\u00e4evaseks ja pidulikuks kandmiseks.","robots":{"index":"index","follow":"follow","max-snippet":"max-snippet:-1","max-image-preview":"max-image-preview:large","max-video-preview":"max-video-preview:-1"},"canonical":"https:\/\/www.karinibutiik.ee\/lv\/produkts\/pehmest-seemisnahksest-kangast-pintsak\/","og_locale":"lv_LV","og_type":"article","og_title":"Pehmest seemisnahksest kangast pintsak - Karini Butiik","og_description":"Elegantne ja mugav seemisnahkne pintsak. Premium kvaliteet ja trendikas l\u00f5ige, saadaval suurustes XS\u2013L. Ideaalne igap\u00e4evaseks ja pidulikuks kandmiseks.","og_url":"https:\/\/www.karinibutiik.ee\/lv\/produkts\/pehmest-seemisnahksest-kangast-pintsak\/","og_site_name":"Karini Butiik","article_publisher":"https:\/\/www.facebook.com\/karinibutiik.ee","article_modified_time":"2026-04-11T11:47:41+00:00","og_image":[{"width":1920,"height":2560,"url":"https:\/\/www.karinibutiik.ee\/wp-content\/uploads\/2025\/10\/071B5F56-EA72-41C7-B121-AB456AF7F21E-scaled.jpeg","type":"image\/jpeg"}],"twitter_card":"summary_large_image","twitter_misc":{"Availability":"In stock"},"schema":{"@context":"https:\/\/schema.org","@graph":[{"@type":"WebPage","@id":"https:\/\/www.karinibutiik.ee\/toode\/pehmest-seemisnahksest-kangast-pintsak\/","url":"https:\/\/www.karinibutiik.ee\/toode\/pehmest-seemisnahksest-kangast-pintsak\/","name":"Pehmest seemisnahksest kangast pintsak - Karini Butiik","isPartOf":{"@id":"https:\/\/www.karinibutiik.ee\/#website"},"primaryImageOfPage":{"@id":"https:\/\/www.karinibutiik.ee\/toode\/pehmest-seemisnahksest-kangast-pintsak\/#primaryimage"},"image":{"@id":"https:\/\/www.karinibutiik.ee\/toode\/pehmest-seemisnahksest-kangast-pintsak\/#primaryimage"},"thumbnailUrl":"https:\/\/www.karinibutiik.ee\/wp-content\/uploads\/2025\/10\/071B5F56-EA72-41C7-B121-AB456AF7F21E-scaled.jpeg","datePublished":"2025-10-09T07:24:42+00:00","dateModified":"2026-04-11T11:47:41+00:00","description":"Elegantne ja mugav seemisnahkne pintsak. Premium kvaliteet ja trendikas l\u00f5ige, saadaval suurustes XS\u2013L. Ideaalne igap\u00e4evaseks ja pidulikuks kandmiseks.","breadcrumb":{"@id":"https:\/\/www.karinibutiik.ee\/toode\/pehmest-seemisnahksest-kangast-pintsak\/#breadcrumb"},"inLanguage":"lv-LV","potentialAction":[{"@type":"ReadAction","target":["https:\/\/www.karinibutiik.ee\/toode\/pehmest-seemisnahksest-kangast-pintsak\/"]}]},{"@type":"ImageObject","inLanguage":"lv-LV","@id":"https:\/\/www.karinibutiik.ee\/toode\/pehmest-seemisnahksest-kangast-pintsak\/#primaryimage","url":"https:\/\/www.karinibutiik.ee\/wp-content\/uploads\/2025\/10\/071B5F56-EA72-41C7-B121-AB456AF7F21E-scaled.jpeg","contentUrl":"https:\/\/www.karinibutiik.ee\/wp-content\/uploads\/2025\/10\/071B5F56-EA72-41C7-B121-AB456AF7F21E-scaled.jpeg","width":1920,"height":2560,"caption":"Pehmest seemisnahksest kangast pintsak"},{"@type":"BreadcrumbList","@id":"https:\/\/www.karinibutiik.ee\/toode\/pehmest-seemisnahksest-kangast-pintsak\/#breadcrumb","itemListElement":[{"@type":"ListItem","position":1,"name":"Home","item":"https:\/\/www.karinibutiik.ee\/"},{"@type":"ListItem","position":2,"name":"Pood","item":"https:\/\/www.karinibutiik.ee\/pood\/"},{"@type":"ListItem","position":3,"name":"Pehmest seemisnahksest kangast pintsak"}]},{"@type":"WebSite","@id":"https:\/\/www.karinibutiik.ee\/#website","url":"https:\/\/www.karinibutiik.ee\/","name":"Karini Butiik","description":"","publisher":{"@id":"https:\/\/www.karinibutiik.ee\/#organization"},"potentialAction":[{"@type":"SearchAction","target":{"@type":"EntryPoint","urlTemplate":"https:\/\/www.karinibutiik.ee\/?s={search_term_string}"},"query-input":{"@type":"PropertyValueSpecification","valueRequired":true,"valueName":"search_term_string"}}],"inLanguage":"lv-LV"},{"@type":"Organization","@id":"https:\/\/www.karinibutiik.ee\/#organization","name":"Karini Butiik","url":"https:\/\/www.karinibutiik.ee\/","logo":{"@type":"ImageObject","inLanguage":"lv-LV","@id":"https:\/\/www.karinibutiik.ee\/#\/schema\/logo\/image\/","url":"https:\/\/www.karinibutiik.ee\/wp-content\/uploads\/2024\/10\/Kuj.-K-koopia.png","contentUrl":"https:\/\/www.karinibutiik.ee\/wp-content\/uploads\/2024\/10\/Kuj.-K-koopia.png","width":500,"height":500,"caption":"Karini Butiik"},"image":{"@id":"https:\/\/www.karinibutiik.ee\/#\/schema\/logo\/image\/"},"sameAs":["https:\/\/www.facebook.com\/karinibutiik.ee","https:\/\/www.instagram.com\/karinibutiik"]}]},"og_availability":"instock","product_availability":"instock","product_retailer_item_id":"8235","product_condition":"new"},"_links":{"self":[{"href":"https:\/\/www.karinibutiik.ee\/lv\/wp-json\/wp\/v2\/product\/24496","targetHints":{"allow":["GET"]}}],"collection":[{"href":"https:\/\/www.karinibutiik.ee\/lv\/wp-json\/wp\/v2\/product"}],"about":[{"href":"https:\/\/www.karinibutiik.ee\/lv\/wp-json\/wp\/v2\/types\/product"}],"version-history":[{"count":1,"href":"https:\/\/www.karinibutiik.ee\/lv\/wp-json\/wp\/v2\/product\/24496\/revisions"}],"predecessor-version":[{"id":24501,"href":"https:\/\/www.karinibutiik.ee\/lv\/wp-json\/wp\/v2\/product\/24496\/revisions\/24501"}],"wp:featuredmedia":[{"embeddable":true,"href":"https:\/\/www.karinibutiik.ee\/lv\/wp-json\/wp\/v2\/media\/24495"}],"wp:attachment":[{"href":"https:\/\/www.karinibutiik.ee\/lv\/wp-json\/wp\/v2\/media?parent=24496"}],"wp:term":[{"taxonomy":"product_brand","embeddable":true,"href":"https:\/\/www.karinibutiik.ee\/lv\/wp-json\/wp\/v2\/product_brand?post=24496"},{"taxonomy":"product_cat","embeddable":true,"href":"https:\/\/www.karinibutiik.ee\/lv\/wp-json\/wp\/v2\/product_cat?post=24496"},{"taxonomy":"product_tag","embeddable":true,"href":"https:\/\/www.karinibutiik.ee\/lv\/wp-json\/wp\/v2\/product_tag?post=24496"}],"curies":[{"name":"wp","href":"https:\/\/api.w.org\/{rel}","templated":true}]}}