{"id":24533,"date":"2025-10-10T11:32:50","date_gmt":"2025-10-10T08:32:50","guid":{"rendered":"https:\/\/www.karinibutiik.ee\/?post_type=product&#038;p=24533"},"modified":"2026-03-21T12:12:12","modified_gmt":"2026-03-21T10:12:12","slug":"altlaienevad-retuusid","status":"publish","type":"product","link":"https:\/\/www.karinibutiik.ee\/lv\/produkts\/altlaienevad-retuusid\/","title":{"rendered":"Alt laienevad retuusid \u2013 mugavad ja venivad p\u00fcksid igap\u00e4evaseks kandmiseks"},"content":{"rendered":"<p>Stiilsed <strong data-start=\"237\" data-end=\"262\">altlaienevad retuusid<\/strong>, mis \u00fchendavad trendika v\u00e4limuse ja maksimaalse mugavuse. K\u00f5rge v\u00e4rvliga mudel hoiab vormi kaunilt paigas ning sobib nii sportlikuks kui ka vaba aja stiiliks. Pehme ja veniv materjal tagab liikumisvabaduse ja mugava istuvuse kogu p\u00e4eva v\u00e4ltel.<br data-start=\"506\" data-end=\"509\" \/>Need <strong data-start=\"514\" data-end=\"560\">klassikalised retuusid laieneva s\u00e4\u00e4reosaga<\/strong> sobivad ideaalselt tossude, saabaste v\u00f5i kontsadega \u2013 valik on sinu! Saadaval suurustes <strong data-start=\"649\" data-end=\"656\">S\u2013L<\/strong>.<\/p>","protected":false},"excerpt":{"rendered":"<p>Stiilsed altlaienevad retuusid, mis \u00fchendavad trendika v\u00e4limuse ja maksimaalse mugavuse. K\u00f5rge v\u00e4rvliga mudel hoiab vormi kaunilt paigas ning sobib nii [&hellip;]<\/p>\n","protected":false},"featured_media":24527,"template":"","meta":{"site-sidebar-layout":"default","site-content-layout":"","ast-site-content-layout":"default","site-content-style":"default","site-sidebar-style":"default","ast-global-header-display":"","ast-banner-title-visibility":"","ast-main-header-display":"","ast-hfb-above-header-display":"","ast-hfb-below-header-display":"","ast-hfb-mobile-header-display":"","site-post-title":"","ast-breadcrumbs-content":"","ast-featured-img":"","footer-sml-layout":"","ast-disable-related-posts":"","theme-transparent-header-meta":"default","adv-header-id-meta":"","stick-header-meta":"default","header-above-stick-meta":"","header-main-stick-meta":"","header-below-stick-meta":"","astra-migrate-meta-layouts":"set","ast-page-background-enabled":"default","ast-page-background-meta":{"desktop":{"background-color":"var(--ast-global-color-4)","background-image":"","background-repeat":"repeat","background-position":"center center","background-size":"auto","background-attachment":"scroll","background-type":"","background-media":"","overlay-type":"","overlay-color":"","overlay-opacity":"","overlay-gradient":""},"tablet":{"background-color":"","background-image":"","background-repeat":"repeat","background-position":"center center","background-size":"auto","background-attachment":"scroll","background-type":"","background-media":"","overlay-type":"","overlay-color":"","overlay-opacity":"","overlay-gradient":""},"mobile":{"background-color":"","background-image":"","background-repeat":"repeat","background-position":"center center","background-size":"auto","background-attachment":"scroll","background-type":"","background-media":"","overlay-type":"","overlay-color":"","overlay-opacity":"","overlay-gradient":""}},"ast-content-background-meta":{"desktop":{"background-color":"var(--ast-global-color-5)","background-image":"","background-repeat":"repeat","background-position":"center center","background-size":"auto","background-attachment":"scroll","background-type":"","background-media":"","overlay-type":"","overlay-color":"","overlay-opacity":"","overlay-gradient":""},"tablet":{"background-color":"var(--ast-global-color-5)","background-image":"","background-repeat":"repeat","background-position":"center center","background-size":"auto","background-attachment":"scroll","background-type":"","background-media":"","overlay-type":"","overlay-color":"","overlay-opacity":"","overlay-gradient":""},"mobile":{"background-color":"var(--ast-global-color-5)","background-image":"","background-repeat":"repeat","background-position":"center center","background-size":"auto","background-attachment":"scroll","background-type":"","background-media":"","overlay-type":"","overlay-color":"","overlay-opacity":"","overlay-gradient":""}}},"product_brand":[],"product_cat":[346,354,356,351],"product_tag":[1993,501,2003,1996,1999,1998,1077,621,1994,1995,2000,2002,1997,2001,1248],"class_list":{"0":"post-24533","1":"product","2":"type-product","3":"status-publish","4":"has-post-thumbnail","6":"product_cat-naised","7":"product_cat-puksid-seelikud","8":"product_cat-tekstiilpuksid","9":"product_cat-uued-tooted","10":"product_tag-altlaienevad-retuusid","11":"product_tag-karini-butiik","12":"product_tag-klassikalised-retuusid","13":"product_tag-korge-varvliga-retuusid","14":"product_tag-laieneva-saarega-retuusid","15":"product_tag-moekad-retuusid","16":"product_tag-mugavad-puksid","17":"product_tag-naiste-mood","18":"product_tag-naiste-retuusid","19":"product_tag-pruunid-retuusid","20":"product_tag-retuusid-s-l","21":"product_tag-retuusid-sugiseks","22":"product_tag-trendikad-retuusid","23":"product_tag-vaba-aja-puksid","24":"product_tag-venivad-puksid","25":"desktop-align-center","26":"tablet-align-center","27":"mobile-align-center","28":"ast-product-gallery-layout-horizontal-slider","29":"ast-product-single-variable","30":"ast-product-tabs-layout-horizontal","32":"first","33":"outofstock","34":"taxable","35":"shipping-taxable","36":"product-type-variable"},"supplier_id":null,"supplier_sku":"","barcode":null,"atum_controlled":true,"out_stock_date":null,"out_stock_threshold":null,"inheritable":true,"inbound_stock":null,"stock_on_hold":0,"sold_today":0,"sales_last_days":0,"reserved_stock":0,"customer_returns":null,"warehouse_damage":0,"lost_in_post":null,"other_logs":0,"out_stock_days":0,"lost_sales":0,"has_location":false,"update_date":"2025-12-04T01:45:31","atum_locations":[],"atum_stock_status":"instock","restock_status":false,"low_stock_amount":"","sales_update_date":"2025-12-04T01:45:31","calc_backorders":null,"yoast_head":"<!-- This site is optimized with the Yoast SEO plugin v26.9 - https:\/\/yoast.com\/product\/yoast-seo-wordpress\/ -->\n<title>Altlaienevad Retuusid: Trendikas ja Mugav Stiil - Karini Butiik<\/title>\n<meta name=\"description\" content=\"Trendikad altlaienevad retuusid, mis on \u00fclimalt mugavad ja venivad. K\u00f5rge v\u00e4rvliga ja h\u00e4sti istuv mudel, saadaval suurustes S\u2013L.\" \/>\n<meta name=\"robots\" content=\"index, follow, max-snippet:-1, max-image-preview:large, max-video-preview:-1\" \/>\n<link rel=\"canonical\" href=\"https:\/\/www.karinibutiik.ee\/lv\/produkts\/altlaienevad-retuusid\/\" \/>\n<meta property=\"og:locale\" content=\"lv_LV\" \/>\n<meta property=\"og:type\" content=\"article\" \/>\n<meta property=\"og:title\" content=\"Altlaienevad Retuusid: Trendikas ja Mugav Stiil - Karini Butiik\" \/>\n<meta property=\"og:description\" content=\"Trendikad altlaienevad retuusid, mis on \u00fclimalt mugavad ja venivad. K\u00f5rge v\u00e4rvliga ja h\u00e4sti istuv mudel, saadaval suurustes S\u2013L.\" \/>\n<meta property=\"og:url\" content=\"https:\/\/www.karinibutiik.ee\/lv\/produkts\/altlaienevad-retuusid\/\" \/>\n<meta property=\"og:site_name\" content=\"Karini Butiik\" \/>\n<meta property=\"article:publisher\" content=\"https:\/\/www.facebook.com\/karinibutiik.ee\" \/>\n<meta property=\"article:modified_time\" content=\"2026-03-21T10:12:12+00:00\" \/>\n<meta property=\"og:image\" content=\"https:\/\/www.karinibutiik.ee\/wp-content\/uploads\/2025\/10\/35F7A756-D995-4EED-B230-835EEC46875D.jpeg\" \/>\n\t<meta property=\"og:image:width\" content=\"1460\" \/>\n\t<meta property=\"og:image:height\" content=\"2100\" \/>\n\t<meta property=\"og:image:type\" content=\"image\/jpeg\" \/>\n<meta name=\"twitter:card\" content=\"summary_large_image\" \/>\n<meta name=\"twitter:label1\" content=\"Availability\" \/>\n\t<meta name=\"twitter:data1\" content=\"Out of stock\" \/>\n<script type=\"application\/ld+json\" class=\"yoast-schema-graph\">{\"@context\":\"https:\/\/schema.org\",\"@graph\":[{\"@type\":\"WebPage\",\"@id\":\"https:\/\/www.karinibutiik.ee\/toode\/altlaienevad-retuusid\/\",\"url\":\"https:\/\/www.karinibutiik.ee\/toode\/altlaienevad-retuusid\/\",\"name\":\"Altlaienevad Retuusid: Trendikas ja Mugav Stiil - Karini Butiik\",\"isPartOf\":{\"@id\":\"https:\/\/www.karinibutiik.ee\/#website\"},\"primaryImageOfPage\":{\"@id\":\"https:\/\/www.karinibutiik.ee\/toode\/altlaienevad-retuusid\/#primaryimage\"},\"image\":{\"@id\":\"https:\/\/www.karinibutiik.ee\/toode\/altlaienevad-retuusid\/#primaryimage\"},\"thumbnailUrl\":\"https:\/\/www.karinibutiik.ee\/wp-content\/uploads\/2025\/10\/35F7A756-D995-4EED-B230-835EEC46875D.jpeg\",\"datePublished\":\"2025-10-10T08:32:50+00:00\",\"dateModified\":\"2026-03-21T10:12:12+00:00\",\"description\":\"Trendikad altlaienevad retuusid, mis on \u00fclimalt mugavad ja venivad. K\u00f5rge v\u00e4rvliga ja h\u00e4sti istuv mudel, saadaval suurustes S\u2013L.\",\"breadcrumb\":{\"@id\":\"https:\/\/www.karinibutiik.ee\/toode\/altlaienevad-retuusid\/#breadcrumb\"},\"inLanguage\":\"lv-LV\",\"potentialAction\":[{\"@type\":\"ReadAction\",\"target\":[\"https:\/\/www.karinibutiik.ee\/toode\/altlaienevad-retuusid\/\"]}]},{\"@type\":\"ImageObject\",\"inLanguage\":\"lv-LV\",\"@id\":\"https:\/\/www.karinibutiik.ee\/toode\/altlaienevad-retuusid\/#primaryimage\",\"url\":\"https:\/\/www.karinibutiik.ee\/wp-content\/uploads\/2025\/10\/35F7A756-D995-4EED-B230-835EEC46875D.jpeg\",\"contentUrl\":\"https:\/\/www.karinibutiik.ee\/wp-content\/uploads\/2025\/10\/35F7A756-D995-4EED-B230-835EEC46875D.jpeg\",\"width\":1460,\"height\":2100},{\"@type\":\"BreadcrumbList\",\"@id\":\"https:\/\/www.karinibutiik.ee\/toode\/altlaienevad-retuusid\/#breadcrumb\",\"itemListElement\":[{\"@type\":\"ListItem\",\"position\":1,\"name\":\"Home\",\"item\":\"https:\/\/www.karinibutiik.ee\/\"},{\"@type\":\"ListItem\",\"position\":2,\"name\":\"Pood\",\"item\":\"https:\/\/www.karinibutiik.ee\/pood\/\"},{\"@type\":\"ListItem\",\"position\":3,\"name\":\"Alt laienevad retuusid \u2013 mugavad ja venivad p\u00fcksid igap\u00e4evaseks kandmiseks\"}]},{\"@type\":\"WebSite\",\"@id\":\"https:\/\/www.karinibutiik.ee\/#website\",\"url\":\"https:\/\/www.karinibutiik.ee\/\",\"name\":\"Karini Butiik\",\"description\":\"\",\"publisher\":{\"@id\":\"https:\/\/www.karinibutiik.ee\/#organization\"},\"potentialAction\":[{\"@type\":\"SearchAction\",\"target\":{\"@type\":\"EntryPoint\",\"urlTemplate\":\"https:\/\/www.karinibutiik.ee\/?s={search_term_string}\"},\"query-input\":{\"@type\":\"PropertyValueSpecification\",\"valueRequired\":true,\"valueName\":\"search_term_string\"}}],\"inLanguage\":\"lv-LV\"},{\"@type\":\"Organization\",\"@id\":\"https:\/\/www.karinibutiik.ee\/#organization\",\"name\":\"Karini Butiik\",\"url\":\"https:\/\/www.karinibutiik.ee\/\",\"logo\":{\"@type\":\"ImageObject\",\"inLanguage\":\"lv-LV\",\"@id\":\"https:\/\/www.karinibutiik.ee\/#\/schema\/logo\/image\/\",\"url\":\"https:\/\/www.karinibutiik.ee\/wp-content\/uploads\/2024\/10\/Kuj.-K-koopia.png\",\"contentUrl\":\"https:\/\/www.karinibutiik.ee\/wp-content\/uploads\/2024\/10\/Kuj.-K-koopia.png\",\"width\":500,\"height\":500,\"caption\":\"Karini Butiik\"},\"image\":{\"@id\":\"https:\/\/www.karinibutiik.ee\/#\/schema\/logo\/image\/\"},\"sameAs\":[\"https:\/\/www.facebook.com\/karinibutiik.ee\",\"https:\/\/www.instagram.com\/karinibutiik\"]}]}<\/script>\n<meta property=\"og:availability\" content=\"out of stock\" \/>\n<meta property=\"product:availability\" content=\"out of stock\" \/>\n<meta property=\"product:retailer_item_id\" content=\"8247\" \/>\n<meta property=\"product:condition\" content=\"new\" \/>\n<!-- \/ Yoast SEO plugin. -->","yoast_head_json":{"title":"Altlaienevad Retuusid: Trendikas ja Mugav Stiil - Karini Butiik","description":"Trendikad altlaienevad retuusid, mis on \u00fclimalt mugavad ja venivad. K\u00f5rge v\u00e4rvliga ja h\u00e4sti istuv mudel, saadaval suurustes S\u2013L.","robots":{"index":"index","follow":"follow","max-snippet":"max-snippet:-1","max-image-preview":"max-image-preview:large","max-video-preview":"max-video-preview:-1"},"canonical":"https:\/\/www.karinibutiik.ee\/lv\/produkts\/altlaienevad-retuusid\/","og_locale":"lv_LV","og_type":"article","og_title":"Altlaienevad Retuusid: Trendikas ja Mugav Stiil - Karini Butiik","og_description":"Trendikad altlaienevad retuusid, mis on \u00fclimalt mugavad ja venivad. K\u00f5rge v\u00e4rvliga ja h\u00e4sti istuv mudel, saadaval suurustes S\u2013L.","og_url":"https:\/\/www.karinibutiik.ee\/lv\/produkts\/altlaienevad-retuusid\/","og_site_name":"Karini Butiik","article_publisher":"https:\/\/www.facebook.com\/karinibutiik.ee","article_modified_time":"2026-03-21T10:12:12+00:00","og_image":[{"width":1460,"height":2100,"url":"https:\/\/www.karinibutiik.ee\/wp-content\/uploads\/2025\/10\/35F7A756-D995-4EED-B230-835EEC46875D.jpeg","type":"image\/jpeg"}],"twitter_card":"summary_large_image","twitter_misc":{"Availability":"Out of stock"},"schema":{"@context":"https:\/\/schema.org","@graph":[{"@type":"WebPage","@id":"https:\/\/www.karinibutiik.ee\/toode\/altlaienevad-retuusid\/","url":"https:\/\/www.karinibutiik.ee\/toode\/altlaienevad-retuusid\/","name":"Altlaienevad Retuusid: Trendikas ja Mugav Stiil - Karini Butiik","isPartOf":{"@id":"https:\/\/www.karinibutiik.ee\/#website"},"primaryImageOfPage":{"@id":"https:\/\/www.karinibutiik.ee\/toode\/altlaienevad-retuusid\/#primaryimage"},"image":{"@id":"https:\/\/www.karinibutiik.ee\/toode\/altlaienevad-retuusid\/#primaryimage"},"thumbnailUrl":"https:\/\/www.karinibutiik.ee\/wp-content\/uploads\/2025\/10\/35F7A756-D995-4EED-B230-835EEC46875D.jpeg","datePublished":"2025-10-10T08:32:50+00:00","dateModified":"2026-03-21T10:12:12+00:00","description":"Trendikad altlaienevad retuusid, mis on \u00fclimalt mugavad ja venivad. K\u00f5rge v\u00e4rvliga ja h\u00e4sti istuv mudel, saadaval suurustes S\u2013L.","breadcrumb":{"@id":"https:\/\/www.karinibutiik.ee\/toode\/altlaienevad-retuusid\/#breadcrumb"},"inLanguage":"lv-LV","potentialAction":[{"@type":"ReadAction","target":["https:\/\/www.karinibutiik.ee\/toode\/altlaienevad-retuusid\/"]}]},{"@type":"ImageObject","inLanguage":"lv-LV","@id":"https:\/\/www.karinibutiik.ee\/toode\/altlaienevad-retuusid\/#primaryimage","url":"https:\/\/www.karinibutiik.ee\/wp-content\/uploads\/2025\/10\/35F7A756-D995-4EED-B230-835EEC46875D.jpeg","contentUrl":"https:\/\/www.karinibutiik.ee\/wp-content\/uploads\/2025\/10\/35F7A756-D995-4EED-B230-835EEC46875D.jpeg","width":1460,"height":2100},{"@type":"BreadcrumbList","@id":"https:\/\/www.karinibutiik.ee\/toode\/altlaienevad-retuusid\/#breadcrumb","itemListElement":[{"@type":"ListItem","position":1,"name":"Home","item":"https:\/\/www.karinibutiik.ee\/"},{"@type":"ListItem","position":2,"name":"Pood","item":"https:\/\/www.karinibutiik.ee\/pood\/"},{"@type":"ListItem","position":3,"name":"Alt laienevad retuusid \u2013 mugavad ja venivad p\u00fcksid igap\u00e4evaseks kandmiseks"}]},{"@type":"WebSite","@id":"https:\/\/www.karinibutiik.ee\/#website","url":"https:\/\/www.karinibutiik.ee\/","name":"Karini Butiik","description":"","publisher":{"@id":"https:\/\/www.karinibutiik.ee\/#organization"},"potentialAction":[{"@type":"SearchAction","target":{"@type":"EntryPoint","urlTemplate":"https:\/\/www.karinibutiik.ee\/?s={search_term_string}"},"query-input":{"@type":"PropertyValueSpecification","valueRequired":true,"valueName":"search_term_string"}}],"inLanguage":"lv-LV"},{"@type":"Organization","@id":"https:\/\/www.karinibutiik.ee\/#organization","name":"Karini Butiik","url":"https:\/\/www.karinibutiik.ee\/","logo":{"@type":"ImageObject","inLanguage":"lv-LV","@id":"https:\/\/www.karinibutiik.ee\/#\/schema\/logo\/image\/","url":"https:\/\/www.karinibutiik.ee\/wp-content\/uploads\/2024\/10\/Kuj.-K-koopia.png","contentUrl":"https:\/\/www.karinibutiik.ee\/wp-content\/uploads\/2024\/10\/Kuj.-K-koopia.png","width":500,"height":500,"caption":"Karini Butiik"},"image":{"@id":"https:\/\/www.karinibutiik.ee\/#\/schema\/logo\/image\/"},"sameAs":["https:\/\/www.facebook.com\/karinibutiik.ee","https:\/\/www.instagram.com\/karinibutiik"]}]},"og_availability":"out of stock","product_availability":"out of stock","product_retailer_item_id":"8247","product_condition":"new"},"_links":{"self":[{"href":"https:\/\/www.karinibutiik.ee\/lv\/wp-json\/wp\/v2\/product\/24533","targetHints":{"allow":["GET"]}}],"collection":[{"href":"https:\/\/www.karinibutiik.ee\/lv\/wp-json\/wp\/v2\/product"}],"about":[{"href":"https:\/\/www.karinibutiik.ee\/lv\/wp-json\/wp\/v2\/types\/product"}],"version-history":[{"count":2,"href":"https:\/\/www.karinibutiik.ee\/lv\/wp-json\/wp\/v2\/product\/24533\/revisions"}],"predecessor-version":[{"id":24706,"href":"https:\/\/www.karinibutiik.ee\/lv\/wp-json\/wp\/v2\/product\/24533\/revisions\/24706"}],"wp:featuredmedia":[{"embeddable":true,"href":"https:\/\/www.karinibutiik.ee\/lv\/wp-json\/wp\/v2\/media\/24527"}],"wp:attachment":[{"href":"https:\/\/www.karinibutiik.ee\/lv\/wp-json\/wp\/v2\/media?parent=24533"}],"wp:term":[{"taxonomy":"product_brand","embeddable":true,"href":"https:\/\/www.karinibutiik.ee\/lv\/wp-json\/wp\/v2\/product_brand?post=24533"},{"taxonomy":"product_cat","embeddable":true,"href":"https:\/\/www.karinibutiik.ee\/lv\/wp-json\/wp\/v2\/product_cat?post=24533"},{"taxonomy":"product_tag","embeddable":true,"href":"https:\/\/www.karinibutiik.ee\/lv\/wp-json\/wp\/v2\/product_tag?post=24533"}],"curies":[{"name":"wp","href":"https:\/\/api.w.org\/{rel}","templated":true}]}}