{"id":24807,"date":"2025-11-05T12:52:53","date_gmt":"2025-11-05T10:52:53","guid":{"rendered":"https:\/\/www.karinibutiik.ee\/?post_type=product&#038;p=24807"},"modified":"2025-12-27T12:02:46","modified_gmt":"2025-12-27T10:02:46","slug":"tumepruun-litritega-seelik","status":"publish","type":"product","link":"https:\/\/www.karinibutiik.ee\/lv\/produkts\/tumepruun-litritega-seelik\/","title":{"rendered":"TUMEPRUUN LITRITEGA SEELIK"},"content":{"rendered":"<p data-start=\"207\" data-end=\"539\">See <strong data-start=\"211\" data-end=\"248\">tumepruun litritega seelik<\/strong> on ideaalne valik, kui soovid v\u00e4lja n\u00e4ha stiilne ja s\u00e4rav. Tihedalt istuv l\u00f5ige r\u00f5hutab figuuri, samal ajal kui litrid lisavad luksuslikku s\u00e4ra.<br data-start=\"393\" data-end=\"396\" \/>Sobib ideaalselt \u00f5htuseks \u00fcrituseks, peoks v\u00f5i pidulikuks v\u00e4ljas\u00f5iduks \u2013 kombineeri lihtsa pluusi v\u00f5i glamuurse topiga ja oled valmis s\u00e4rama!<\/p>\n<p data-start=\"541\" data-end=\"556\"><strong data-start=\"541\" data-end=\"554\">Detailid:<\/strong><\/p>\n<ul data-start=\"557\" data-end=\"709\">\n<li data-start=\"585\" data-end=\"616\">\n<p data-start=\"587\" data-end=\"616\">Kaetud s\u00e4delevate litritega<\/p>\n<\/li>\n<li data-start=\"617\" data-end=\"655\">\n<p data-start=\"619\" data-end=\"655\">Tagant lukuga kinnituv<\/p>\n<\/li>\n<li data-start=\"690\" data-end=\"709\">\n<p data-start=\"692\" data-end=\"709\">V\u00e4rv: tumepruun<\/p>\n<\/li>\n<\/ul>","protected":false},"excerpt":{"rendered":"<p>See tumepruun litritega seelik on ideaalne valik, kui soovid v\u00e4lja n\u00e4ha stiilne ja s\u00e4rav. Tihedalt istuv l\u00f5ige r\u00f5hutab figuuri, samal [&hellip;]<\/p>\n","protected":false},"featured_media":24791,"template":"","meta":{"site-sidebar-layout":"default","site-content-layout":"","ast-site-content-layout":"default","site-content-style":"default","site-sidebar-style":"default","ast-global-header-display":"","ast-banner-title-visibility":"","ast-main-header-display":"","ast-hfb-above-header-display":"","ast-hfb-below-header-display":"","ast-hfb-mobile-header-display":"","site-post-title":"","ast-breadcrumbs-content":"","ast-featured-img":"","footer-sml-layout":"","ast-disable-related-posts":"","theme-transparent-header-meta":"default","adv-header-id-meta":"","stick-header-meta":"default","header-above-stick-meta":"","header-main-stick-meta":"","header-below-stick-meta":"","astra-migrate-meta-layouts":"set","ast-page-background-enabled":"default","ast-page-background-meta":{"desktop":{"background-color":"var(--ast-global-color-4)","background-image":"","background-repeat":"repeat","background-position":"center center","background-size":"auto","background-attachment":"scroll","background-type":"","background-media":"","overlay-type":"","overlay-color":"","overlay-opacity":"","overlay-gradient":""},"tablet":{"background-color":"","background-image":"","background-repeat":"repeat","background-position":"center center","background-size":"auto","background-attachment":"scroll","background-type":"","background-media":"","overlay-type":"","overlay-color":"","overlay-opacity":"","overlay-gradient":""},"mobile":{"background-color":"","background-image":"","background-repeat":"repeat","background-position":"center center","background-size":"auto","background-attachment":"scroll","background-type":"","background-media":"","overlay-type":"","overlay-color":"","overlay-opacity":"","overlay-gradient":""}},"ast-content-background-meta":{"desktop":{"background-color":"var(--ast-global-color-5)","background-image":"","background-repeat":"repeat","background-position":"center center","background-size":"auto","background-attachment":"scroll","background-type":"","background-media":"","overlay-type":"","overlay-color":"","overlay-opacity":"","overlay-gradient":""},"tablet":{"background-color":"var(--ast-global-color-5)","background-image":"","background-repeat":"repeat","background-position":"center center","background-size":"auto","background-attachment":"scroll","background-type":"","background-media":"","overlay-type":"","overlay-color":"","overlay-opacity":"","overlay-gradient":""},"mobile":{"background-color":"var(--ast-global-color-5)","background-image":"","background-repeat":"repeat","background-position":"center center","background-size":"auto","background-attachment":"scroll","background-type":"","background-media":"","overlay-type":"","overlay-color":"","overlay-opacity":"","overlay-gradient":""}}},"product_brand":[],"product_cat":[367,354,384,351],"product_tag":[2085,2090,2079,1808,1280,2086,2081,2084,1276,2088,2080,2089],"class_list":{"0":"post-24807","1":"product","2":"type-product","3":"status-publish","4":"has-post-thumbnail","6":"product_cat-allahindlus","7":"product_cat-puksid-seelikud","8":"product_cat-seelikud","9":"product_cat-uued-tooted","10":"product_tag-elegantne-riietus","11":"product_tag-glamuurne-seelik","12":"product_tag-litritega-seelik","13":"product_tag-mood","14":"product_tag-naiste-seelik","15":"product_tag-ohtune-outfit","16":"product_tag-peoseelik","17":"product_tag-pidu","18":"product_tag-pidulik-seelik","19":"product_tag-pliiatsseelik","20":"product_tag-sadelev-seelik","21":"product_tag-tumepruun-seelik","22":"desktop-align-center","23":"tablet-align-center","24":"mobile-align-center","25":"ast-product-gallery-layout-horizontal-slider","26":"ast-product-single-variable","27":"ast-product-tabs-layout-horizontal","29":"first","30":"instock","31":"sale","32":"taxable","33":"shipping-taxable","34":"purchasable","35":"product-type-variable"},"supplier_id":null,"supplier_sku":"","barcode":null,"atum_controlled":true,"out_stock_date":null,"out_stock_threshold":null,"inheritable":true,"inbound_stock":null,"stock_on_hold":0,"sold_today":0,"sales_last_days":0,"reserved_stock":0,"customer_returns":null,"warehouse_damage":0,"lost_in_post":null,"other_logs":0,"out_stock_days":0,"lost_sales":0,"has_location":false,"update_date":"2025-12-27T10:02:46","atum_locations":[],"atum_stock_status":"instock","restock_status":false,"low_stock_amount":"","sales_update_date":"2025-12-02T01:40:03","calc_backorders":null,"yoast_head":"<!-- This site is optimized with the Yoast SEO plugin v26.9 - https:\/\/yoast.com\/product\/yoast-seo-wordpress\/ -->\n<title>TUMEPRUUN LITRITEGA SEELIK - Karini Butiik<\/title>\n<meta name=\"description\" content=\"Tumepruun litritega seelik \u2013 elegantne ja s\u00e4delev valik peoks v\u00f5i \u00f5htuseks \u00fcrituseks. Pilkup\u00fc\u00fcdev seelik, mis lisab igale outfitile luksuslikku glamuuri!\" \/>\n<meta name=\"robots\" content=\"index, follow, max-snippet:-1, max-image-preview:large, max-video-preview:-1\" \/>\n<link rel=\"canonical\" href=\"https:\/\/www.karinibutiik.ee\/lv\/produkts\/tumepruun-litritega-seelik\/\" \/>\n<meta property=\"og:locale\" content=\"lv_LV\" \/>\n<meta property=\"og:type\" content=\"article\" \/>\n<meta property=\"og:title\" content=\"TUMEPRUUN LITRITEGA SEELIK - Karini Butiik\" \/>\n<meta property=\"og:description\" content=\"Tumepruun litritega seelik \u2013 elegantne ja s\u00e4delev valik peoks v\u00f5i \u00f5htuseks \u00fcrituseks. Pilkup\u00fc\u00fcdev seelik, mis lisab igale outfitile luksuslikku glamuuri!\" \/>\n<meta property=\"og:url\" content=\"https:\/\/www.karinibutiik.ee\/lv\/produkts\/tumepruun-litritega-seelik\/\" \/>\n<meta property=\"og:site_name\" content=\"Karini Butiik\" \/>\n<meta property=\"article:publisher\" content=\"https:\/\/www.facebook.com\/karinibutiik.ee\" \/>\n<meta property=\"article:modified_time\" content=\"2025-12-27T10:02:46+00:00\" \/>\n<meta property=\"og:image\" content=\"https:\/\/www.karinibutiik.ee\/wp-content\/uploads\/2025\/11\/EE61B8F3-67A3-4604-A905-0C11A0A84522-scaled.jpeg\" \/>\n\t<meta property=\"og:image:width\" content=\"1920\" \/>\n\t<meta property=\"og:image:height\" content=\"2560\" \/>\n\t<meta property=\"og:image:type\" content=\"image\/jpeg\" \/>\n<meta name=\"twitter:card\" content=\"summary_large_image\" \/>\n<meta name=\"twitter:label1\" content=\"Availability\" \/>\n\t<meta name=\"twitter:data1\" content=\"In stock\" \/>\n<script type=\"application\/ld+json\" class=\"yoast-schema-graph\">{\"@context\":\"https:\/\/schema.org\",\"@graph\":[{\"@type\":\"WebPage\",\"@id\":\"https:\/\/www.karinibutiik.ee\/toode\/tumepruun-litritega-seelik\/\",\"url\":\"https:\/\/www.karinibutiik.ee\/toode\/tumepruun-litritega-seelik\/\",\"name\":\"TUMEPRUUN LITRITEGA SEELIK - Karini Butiik\",\"isPartOf\":{\"@id\":\"https:\/\/www.karinibutiik.ee\/#website\"},\"primaryImageOfPage\":{\"@id\":\"https:\/\/www.karinibutiik.ee\/toode\/tumepruun-litritega-seelik\/#primaryimage\"},\"image\":{\"@id\":\"https:\/\/www.karinibutiik.ee\/toode\/tumepruun-litritega-seelik\/#primaryimage\"},\"thumbnailUrl\":\"https:\/\/www.karinibutiik.ee\/wp-content\/uploads\/2025\/11\/EE61B8F3-67A3-4604-A905-0C11A0A84522-scaled.jpeg\",\"datePublished\":\"2025-11-05T10:52:53+00:00\",\"dateModified\":\"2025-12-27T10:02:46+00:00\",\"description\":\"Tumepruun litritega seelik \u2013 elegantne ja s\u00e4delev valik peoks v\u00f5i \u00f5htuseks \u00fcrituseks. Pilkup\u00fc\u00fcdev seelik, mis lisab igale outfitile luksuslikku glamuuri!\",\"breadcrumb\":{\"@id\":\"https:\/\/www.karinibutiik.ee\/toode\/tumepruun-litritega-seelik\/#breadcrumb\"},\"inLanguage\":\"lv-LV\",\"potentialAction\":[{\"@type\":\"ReadAction\",\"target\":[\"https:\/\/www.karinibutiik.ee\/toode\/tumepruun-litritega-seelik\/\"]}]},{\"@type\":\"ImageObject\",\"inLanguage\":\"lv-LV\",\"@id\":\"https:\/\/www.karinibutiik.ee\/toode\/tumepruun-litritega-seelik\/#primaryimage\",\"url\":\"https:\/\/www.karinibutiik.ee\/wp-content\/uploads\/2025\/11\/EE61B8F3-67A3-4604-A905-0C11A0A84522-scaled.jpeg\",\"contentUrl\":\"https:\/\/www.karinibutiik.ee\/wp-content\/uploads\/2025\/11\/EE61B8F3-67A3-4604-A905-0C11A0A84522-scaled.jpeg\",\"width\":1920,\"height\":2560,\"caption\":\"Litritega miniseelik\"},{\"@type\":\"BreadcrumbList\",\"@id\":\"https:\/\/www.karinibutiik.ee\/toode\/tumepruun-litritega-seelik\/#breadcrumb\",\"itemListElement\":[{\"@type\":\"ListItem\",\"position\":1,\"name\":\"Home\",\"item\":\"https:\/\/www.karinibutiik.ee\/\"},{\"@type\":\"ListItem\",\"position\":2,\"name\":\"Pood\",\"item\":\"https:\/\/www.karinibutiik.ee\/pood\/\"},{\"@type\":\"ListItem\",\"position\":3,\"name\":\"TUMEPRUUN LITRITEGA SEELIK\"}]},{\"@type\":\"WebSite\",\"@id\":\"https:\/\/www.karinibutiik.ee\/#website\",\"url\":\"https:\/\/www.karinibutiik.ee\/\",\"name\":\"Karini Butiik\",\"description\":\"\",\"publisher\":{\"@id\":\"https:\/\/www.karinibutiik.ee\/#organization\"},\"potentialAction\":[{\"@type\":\"SearchAction\",\"target\":{\"@type\":\"EntryPoint\",\"urlTemplate\":\"https:\/\/www.karinibutiik.ee\/?s={search_term_string}\"},\"query-input\":{\"@type\":\"PropertyValueSpecification\",\"valueRequired\":true,\"valueName\":\"search_term_string\"}}],\"inLanguage\":\"lv-LV\"},{\"@type\":\"Organization\",\"@id\":\"https:\/\/www.karinibutiik.ee\/#organization\",\"name\":\"Karini Butiik\",\"url\":\"https:\/\/www.karinibutiik.ee\/\",\"logo\":{\"@type\":\"ImageObject\",\"inLanguage\":\"lv-LV\",\"@id\":\"https:\/\/www.karinibutiik.ee\/#\/schema\/logo\/image\/\",\"url\":\"https:\/\/www.karinibutiik.ee\/wp-content\/uploads\/2024\/10\/Kuj.-K-koopia.png\",\"contentUrl\":\"https:\/\/www.karinibutiik.ee\/wp-content\/uploads\/2024\/10\/Kuj.-K-koopia.png\",\"width\":500,\"height\":500,\"caption\":\"Karini Butiik\"},\"image\":{\"@id\":\"https:\/\/www.karinibutiik.ee\/#\/schema\/logo\/image\/\"},\"sameAs\":[\"https:\/\/www.facebook.com\/karinibutiik.ee\",\"https:\/\/www.instagram.com\/karinibutiik\"]}]}<\/script>\n<meta property=\"og:availability\" content=\"instock\" \/>\n<meta property=\"product:availability\" content=\"instock\" \/>\n<meta property=\"product:retailer_item_id\" content=\"27068\" \/>\n<meta property=\"product:condition\" content=\"new\" \/>\n<!-- \/ Yoast SEO plugin. -->","yoast_head_json":{"title":"TUMEPRUUN LITRITEGA SEELIK - Karini Butiik","description":"Tumepruun litritega seelik \u2013 elegantne ja s\u00e4delev valik peoks v\u00f5i \u00f5htuseks \u00fcrituseks. Pilkup\u00fc\u00fcdev seelik, mis lisab igale outfitile luksuslikku glamuuri!","robots":{"index":"index","follow":"follow","max-snippet":"max-snippet:-1","max-image-preview":"max-image-preview:large","max-video-preview":"max-video-preview:-1"},"canonical":"https:\/\/www.karinibutiik.ee\/lv\/produkts\/tumepruun-litritega-seelik\/","og_locale":"lv_LV","og_type":"article","og_title":"TUMEPRUUN LITRITEGA SEELIK - Karini Butiik","og_description":"Tumepruun litritega seelik \u2013 elegantne ja s\u00e4delev valik peoks v\u00f5i \u00f5htuseks \u00fcrituseks. Pilkup\u00fc\u00fcdev seelik, mis lisab igale outfitile luksuslikku glamuuri!","og_url":"https:\/\/www.karinibutiik.ee\/lv\/produkts\/tumepruun-litritega-seelik\/","og_site_name":"Karini Butiik","article_publisher":"https:\/\/www.facebook.com\/karinibutiik.ee","article_modified_time":"2025-12-27T10:02:46+00:00","og_image":[{"width":1920,"height":2560,"url":"https:\/\/www.karinibutiik.ee\/wp-content\/uploads\/2025\/11\/EE61B8F3-67A3-4604-A905-0C11A0A84522-scaled.jpeg","type":"image\/jpeg"}],"twitter_card":"summary_large_image","twitter_misc":{"Availability":"In stock"},"schema":{"@context":"https:\/\/schema.org","@graph":[{"@type":"WebPage","@id":"https:\/\/www.karinibutiik.ee\/toode\/tumepruun-litritega-seelik\/","url":"https:\/\/www.karinibutiik.ee\/toode\/tumepruun-litritega-seelik\/","name":"TUMEPRUUN LITRITEGA SEELIK - Karini Butiik","isPartOf":{"@id":"https:\/\/www.karinibutiik.ee\/#website"},"primaryImageOfPage":{"@id":"https:\/\/www.karinibutiik.ee\/toode\/tumepruun-litritega-seelik\/#primaryimage"},"image":{"@id":"https:\/\/www.karinibutiik.ee\/toode\/tumepruun-litritega-seelik\/#primaryimage"},"thumbnailUrl":"https:\/\/www.karinibutiik.ee\/wp-content\/uploads\/2025\/11\/EE61B8F3-67A3-4604-A905-0C11A0A84522-scaled.jpeg","datePublished":"2025-11-05T10:52:53+00:00","dateModified":"2025-12-27T10:02:46+00:00","description":"Tumepruun litritega seelik \u2013 elegantne ja s\u00e4delev valik peoks v\u00f5i \u00f5htuseks \u00fcrituseks. Pilkup\u00fc\u00fcdev seelik, mis lisab igale outfitile luksuslikku glamuuri!","breadcrumb":{"@id":"https:\/\/www.karinibutiik.ee\/toode\/tumepruun-litritega-seelik\/#breadcrumb"},"inLanguage":"lv-LV","potentialAction":[{"@type":"ReadAction","target":["https:\/\/www.karinibutiik.ee\/toode\/tumepruun-litritega-seelik\/"]}]},{"@type":"ImageObject","inLanguage":"lv-LV","@id":"https:\/\/www.karinibutiik.ee\/toode\/tumepruun-litritega-seelik\/#primaryimage","url":"https:\/\/www.karinibutiik.ee\/wp-content\/uploads\/2025\/11\/EE61B8F3-67A3-4604-A905-0C11A0A84522-scaled.jpeg","contentUrl":"https:\/\/www.karinibutiik.ee\/wp-content\/uploads\/2025\/11\/EE61B8F3-67A3-4604-A905-0C11A0A84522-scaled.jpeg","width":1920,"height":2560,"caption":"Litritega miniseelik"},{"@type":"BreadcrumbList","@id":"https:\/\/www.karinibutiik.ee\/toode\/tumepruun-litritega-seelik\/#breadcrumb","itemListElement":[{"@type":"ListItem","position":1,"name":"Home","item":"https:\/\/www.karinibutiik.ee\/"},{"@type":"ListItem","position":2,"name":"Pood","item":"https:\/\/www.karinibutiik.ee\/pood\/"},{"@type":"ListItem","position":3,"name":"TUMEPRUUN LITRITEGA SEELIK"}]},{"@type":"WebSite","@id":"https:\/\/www.karinibutiik.ee\/#website","url":"https:\/\/www.karinibutiik.ee\/","name":"Karini Butiik","description":"","publisher":{"@id":"https:\/\/www.karinibutiik.ee\/#organization"},"potentialAction":[{"@type":"SearchAction","target":{"@type":"EntryPoint","urlTemplate":"https:\/\/www.karinibutiik.ee\/?s={search_term_string}"},"query-input":{"@type":"PropertyValueSpecification","valueRequired":true,"valueName":"search_term_string"}}],"inLanguage":"lv-LV"},{"@type":"Organization","@id":"https:\/\/www.karinibutiik.ee\/#organization","name":"Karini Butiik","url":"https:\/\/www.karinibutiik.ee\/","logo":{"@type":"ImageObject","inLanguage":"lv-LV","@id":"https:\/\/www.karinibutiik.ee\/#\/schema\/logo\/image\/","url":"https:\/\/www.karinibutiik.ee\/wp-content\/uploads\/2024\/10\/Kuj.-K-koopia.png","contentUrl":"https:\/\/www.karinibutiik.ee\/wp-content\/uploads\/2024\/10\/Kuj.-K-koopia.png","width":500,"height":500,"caption":"Karini Butiik"},"image":{"@id":"https:\/\/www.karinibutiik.ee\/#\/schema\/logo\/image\/"},"sameAs":["https:\/\/www.facebook.com\/karinibutiik.ee","https:\/\/www.instagram.com\/karinibutiik"]}]},"og_availability":"instock","product_availability":"instock","product_retailer_item_id":"27068","product_condition":"new"},"_links":{"self":[{"href":"https:\/\/www.karinibutiik.ee\/lv\/wp-json\/wp\/v2\/product\/24807","targetHints":{"allow":["GET"]}}],"collection":[{"href":"https:\/\/www.karinibutiik.ee\/lv\/wp-json\/wp\/v2\/product"}],"about":[{"href":"https:\/\/www.karinibutiik.ee\/lv\/wp-json\/wp\/v2\/types\/product"}],"version-history":[{"count":1,"href":"https:\/\/www.karinibutiik.ee\/lv\/wp-json\/wp\/v2\/product\/24807\/revisions"}],"predecessor-version":[{"id":24811,"href":"https:\/\/www.karinibutiik.ee\/lv\/wp-json\/wp\/v2\/product\/24807\/revisions\/24811"}],"wp:featuredmedia":[{"embeddable":true,"href":"https:\/\/www.karinibutiik.ee\/lv\/wp-json\/wp\/v2\/media\/24791"}],"wp:attachment":[{"href":"https:\/\/www.karinibutiik.ee\/lv\/wp-json\/wp\/v2\/media?parent=24807"}],"wp:term":[{"taxonomy":"product_brand","embeddable":true,"href":"https:\/\/www.karinibutiik.ee\/lv\/wp-json\/wp\/v2\/product_brand?post=24807"},{"taxonomy":"product_cat","embeddable":true,"href":"https:\/\/www.karinibutiik.ee\/lv\/wp-json\/wp\/v2\/product_cat?post=24807"},{"taxonomy":"product_tag","embeddable":true,"href":"https:\/\/www.karinibutiik.ee\/lv\/wp-json\/wp\/v2\/product_tag?post=24807"}],"curies":[{"name":"wp","href":"https:\/\/api.w.org\/{rel}","templated":true}]}}