{"id":24932,"date":"2025-11-19T14:07:29","date_gmt":"2025-11-19T12:07:29","guid":{"rendered":"https:\/\/www.karinibutiik.ee\/?post_type=product&#038;p=24932"},"modified":"2026-01-02T14:54:36","modified_gmt":"2026-01-02T12:54:36","slug":"naiste-hallid-kulutatud-laia-loikelised-teksad","status":"publish","type":"product","link":"https:\/\/www.karinibutiik.ee\/lv\/produkts\/naiste-hallid-kulutatud-laia-loikelised-teksad\/","title":{"rendered":"Naiste hallid kulutatud laia l\u00f5ikelised teksad"},"content":{"rendered":"<p data-start=\"224\" data-end=\"539\">Too oma garderoobi v\u00e4rskust ja mugavust nende <strong data-start=\"270\" data-end=\"308\">mustade kulutatud naiste teksadega<\/strong>, mis \u00fchendavad trendika laia l\u00f5ikelise disaini ja igap\u00e4evase praktilisuse. Pehme ning vastupidav teksakangas tagab mugava istuvuse terve p\u00e4eva v\u00e4ltel, samal ajal kui kulutatud detailid loovad modernse ja kergelt rock\u2019iliku ilme.<\/p>\n<p data-start=\"543\" data-end=\"755\">Lai l\u00f5ige sobib ideaalselt nii sportlikuma kui ka elegantsema stiiliga ning laseb luua moekaid outfite nii tossude kui kontsakingadega. Saadaval suurustes <strong data-start=\"698\" data-end=\"707\">XS\u2013XL<\/strong>, et iga naine leiaks endale t\u00e4iusliku sobivuse.<\/p>\n<p data-start=\"757\" data-end=\"872\"><strong data-start=\"757\" data-end=\"767\">Sobib:<\/strong> igap\u00e4evaseks kandmiseks, vaba aja riietuseks, moetundlikule naisele, kes hindab mugavust ja stiili \u00fches.<\/p>","protected":false},"excerpt":{"rendered":"<p>Too oma garderoobi v\u00e4rskust ja mugavust nende mustade kulutatud naiste teksadega, mis \u00fchendavad trendika laia l\u00f5ikelise disaini ja igap\u00e4evase praktilisuse. [&hellip;]<\/p>\n","protected":false},"featured_media":25353,"template":"","meta":{"site-sidebar-layout":"default","site-content-layout":"","ast-site-content-layout":"default","site-content-style":"default","site-sidebar-style":"default","ast-global-header-display":"","ast-banner-title-visibility":"","ast-main-header-display":"","ast-hfb-above-header-display":"","ast-hfb-below-header-display":"","ast-hfb-mobile-header-display":"","site-post-title":"","ast-breadcrumbs-content":"","ast-featured-img":"","footer-sml-layout":"","ast-disable-related-posts":"","theme-transparent-header-meta":"default","adv-header-id-meta":"","stick-header-meta":"default","header-above-stick-meta":"","header-main-stick-meta":"","header-below-stick-meta":"","astra-migrate-meta-layouts":"set","ast-page-background-enabled":"default","ast-page-background-meta":{"desktop":{"background-color":"var(--ast-global-color-4)","background-image":"","background-repeat":"repeat","background-position":"center center","background-size":"auto","background-attachment":"scroll","background-type":"","background-media":"","overlay-type":"","overlay-color":"","overlay-opacity":"","overlay-gradient":""},"tablet":{"background-color":"","background-image":"","background-repeat":"repeat","background-position":"center center","background-size":"auto","background-attachment":"scroll","background-type":"","background-media":"","overlay-type":"","overlay-color":"","overlay-opacity":"","overlay-gradient":""},"mobile":{"background-color":"","background-image":"","background-repeat":"repeat","background-position":"center center","background-size":"auto","background-attachment":"scroll","background-type":"","background-media":"","overlay-type":"","overlay-color":"","overlay-opacity":"","overlay-gradient":""}},"ast-content-background-meta":{"desktop":{"background-color":"var(--ast-global-color-5)","background-image":"","background-repeat":"repeat","background-position":"center center","background-size":"auto","background-attachment":"scroll","background-type":"","background-media":"","overlay-type":"","overlay-color":"","overlay-opacity":"","overlay-gradient":""},"tablet":{"background-color":"var(--ast-global-color-5)","background-image":"","background-repeat":"repeat","background-position":"center center","background-size":"auto","background-attachment":"scroll","background-type":"","background-media":"","overlay-type":"","overlay-color":"","overlay-opacity":"","overlay-gradient":""},"mobile":{"background-color":"var(--ast-global-color-5)","background-image":"","background-repeat":"repeat","background-position":"center center","background-size":"auto","background-attachment":"scroll","background-type":"","background-media":"","overlay-type":"","overlay-color":"","overlay-opacity":"","overlay-gradient":""}}},"product_brand":[],"product_cat":[346,354,359,351],"product_tag":[501,1206,2127,2131,2129,2126,2128,2132,2130],"class_list":{"0":"post-24932","1":"product","2":"type-product","3":"status-publish","4":"has-post-thumbnail","6":"product_cat-naised","7":"product_cat-puksid-seelikud","8":"product_cat-teksapuksid","9":"product_cat-uued-tooted","10":"product_tag-karini-butiik","11":"product_tag-kulutatud-teksapuksid","12":"product_tag-laia-loikelised-naiste-teksad","13":"product_tag-laiad-straight-fit-teksad","14":"product_tag-mugavad-teksad-naistele","15":"product_tag-mustad-teksad","16":"product_tag-naiste-teksad-xs-xl","17":"product_tag-naiste-vaba-aja-puksid","18":"product_tag-trendikad-naiste-puksid","19":"desktop-align-center","20":"tablet-align-center","21":"mobile-align-center","22":"ast-product-gallery-layout-horizontal-slider","23":"ast-product-single-variable","24":"ast-product-tabs-layout-horizontal","26":"first","27":"instock","28":"taxable","29":"shipping-taxable","30":"purchasable","31":"product-type-variable"},"supplier_id":null,"supplier_sku":"","barcode":null,"atum_controlled":true,"out_stock_date":null,"out_stock_threshold":null,"inheritable":true,"inbound_stock":null,"stock_on_hold":0,"sold_today":0,"sales_last_days":1,"reserved_stock":0,"customer_returns":null,"warehouse_damage":0,"lost_in_post":null,"other_logs":0,"out_stock_days":0,"lost_sales":0,"has_location":false,"update_date":"2025-12-04T13:55:25","atum_locations":[],"atum_stock_status":"instock","restock_status":false,"low_stock_amount":"","sales_update_date":"2025-12-01T12:31:32","calc_backorders":null,"yoast_head":"<!-- This site is optimized with the Yoast SEO plugin v26.9 - https:\/\/yoast.com\/product\/yoast-seo-wordpress\/ -->\n<title>Naiste hallid kulutatud laia l\u00f5ikelised teksad - Karini Butiik<\/title>\n<meta name=\"description\" content=\"Stiilsed mustad kulutatud naiste laia l\u00f5ikelised teksad suurustes XS\u2013XL. Mugavad, trendikad ja universaalsed teksad igap\u00e4evaseks kandmiseks.\" \/>\n<meta name=\"robots\" content=\"index, follow, max-snippet:-1, max-image-preview:large, max-video-preview:-1\" \/>\n<link rel=\"canonical\" href=\"https:\/\/www.karinibutiik.ee\/lv\/produkts\/naiste-hallid-kulutatud-laia-loikelised-teksad\/\" \/>\n<meta property=\"og:locale\" content=\"lv_LV\" \/>\n<meta property=\"og:type\" content=\"article\" \/>\n<meta property=\"og:title\" content=\"Naiste hallid kulutatud laia l\u00f5ikelised teksad - Karini Butiik\" \/>\n<meta property=\"og:description\" content=\"Stiilsed mustad kulutatud naiste laia l\u00f5ikelised teksad suurustes XS\u2013XL. Mugavad, trendikad ja universaalsed teksad igap\u00e4evaseks kandmiseks.\" \/>\n<meta property=\"og:url\" content=\"https:\/\/www.karinibutiik.ee\/lv\/produkts\/naiste-hallid-kulutatud-laia-loikelised-teksad\/\" \/>\n<meta property=\"og:site_name\" content=\"Karini Butiik\" \/>\n<meta property=\"article:publisher\" content=\"https:\/\/www.facebook.com\/karinibutiik.ee\" \/>\n<meta property=\"article:modified_time\" content=\"2026-01-02T12:54:36+00:00\" \/>\n<meta property=\"og:image\" content=\"https:\/\/www.karinibutiik.ee\/wp-content\/uploads\/2025\/11\/6A84DFD8-B05B-4020-B7BC-281FD49BF1A0-scaled.jpeg\" \/>\n\t<meta property=\"og:image:width\" content=\"1815\" \/>\n\t<meta property=\"og:image:height\" content=\"2560\" \/>\n\t<meta property=\"og:image:type\" content=\"image\/jpeg\" \/>\n<meta name=\"twitter:card\" content=\"summary_large_image\" \/>\n<meta name=\"twitter:label1\" content=\"Availability\" \/>\n\t<meta name=\"twitter:data1\" content=\"In stock\" \/>\n<script type=\"application\/ld+json\" class=\"yoast-schema-graph\">{\"@context\":\"https:\/\/schema.org\",\"@graph\":[{\"@type\":\"WebPage\",\"@id\":\"https:\/\/www.karinibutiik.ee\/toode\/naiste-hallid-kulutatud-laia-loikelised-teksad\/\",\"url\":\"https:\/\/www.karinibutiik.ee\/toode\/naiste-hallid-kulutatud-laia-loikelised-teksad\/\",\"name\":\"Naiste hallid kulutatud laia l\u00f5ikelised teksad - Karini Butiik\",\"isPartOf\":{\"@id\":\"https:\/\/www.karinibutiik.ee\/#website\"},\"primaryImageOfPage\":{\"@id\":\"https:\/\/www.karinibutiik.ee\/toode\/naiste-hallid-kulutatud-laia-loikelised-teksad\/#primaryimage\"},\"image\":{\"@id\":\"https:\/\/www.karinibutiik.ee\/toode\/naiste-hallid-kulutatud-laia-loikelised-teksad\/#primaryimage\"},\"thumbnailUrl\":\"https:\/\/www.karinibutiik.ee\/wp-content\/uploads\/2025\/11\/6A84DFD8-B05B-4020-B7BC-281FD49BF1A0-scaled.jpeg\",\"datePublished\":\"2025-11-19T12:07:29+00:00\",\"dateModified\":\"2026-01-02T12:54:36+00:00\",\"description\":\"Stiilsed mustad kulutatud naiste laia l\u00f5ikelised teksad suurustes XS\u2013XL. Mugavad, trendikad ja universaalsed teksad igap\u00e4evaseks kandmiseks.\",\"breadcrumb\":{\"@id\":\"https:\/\/www.karinibutiik.ee\/toode\/naiste-hallid-kulutatud-laia-loikelised-teksad\/#breadcrumb\"},\"inLanguage\":\"lv-LV\",\"potentialAction\":[{\"@type\":\"ReadAction\",\"target\":[\"https:\/\/www.karinibutiik.ee\/toode\/naiste-hallid-kulutatud-laia-loikelised-teksad\/\"]}]},{\"@type\":\"ImageObject\",\"inLanguage\":\"lv-LV\",\"@id\":\"https:\/\/www.karinibutiik.ee\/toode\/naiste-hallid-kulutatud-laia-loikelised-teksad\/#primaryimage\",\"url\":\"https:\/\/www.karinibutiik.ee\/wp-content\/uploads\/2025\/11\/6A84DFD8-B05B-4020-B7BC-281FD49BF1A0-scaled.jpeg\",\"contentUrl\":\"https:\/\/www.karinibutiik.ee\/wp-content\/uploads\/2025\/11\/6A84DFD8-B05B-4020-B7BC-281FD49BF1A0-scaled.jpeg\",\"width\":1815,\"height\":2560,\"caption\":\"MUSTAD LAIAL\u00d5IKELISED TEKSAP\u00dcKSID\"},{\"@type\":\"BreadcrumbList\",\"@id\":\"https:\/\/www.karinibutiik.ee\/toode\/naiste-hallid-kulutatud-laia-loikelised-teksad\/#breadcrumb\",\"itemListElement\":[{\"@type\":\"ListItem\",\"position\":1,\"name\":\"Home\",\"item\":\"https:\/\/www.karinibutiik.ee\/\"},{\"@type\":\"ListItem\",\"position\":2,\"name\":\"Pood\",\"item\":\"https:\/\/www.karinibutiik.ee\/pood\/\"},{\"@type\":\"ListItem\",\"position\":3,\"name\":\"Naiste hallid kulutatud laia l\u00f5ikelised teksad\"}]},{\"@type\":\"WebSite\",\"@id\":\"https:\/\/www.karinibutiik.ee\/#website\",\"url\":\"https:\/\/www.karinibutiik.ee\/\",\"name\":\"Karini Butiik\",\"description\":\"\",\"publisher\":{\"@id\":\"https:\/\/www.karinibutiik.ee\/#organization\"},\"potentialAction\":[{\"@type\":\"SearchAction\",\"target\":{\"@type\":\"EntryPoint\",\"urlTemplate\":\"https:\/\/www.karinibutiik.ee\/?s={search_term_string}\"},\"query-input\":{\"@type\":\"PropertyValueSpecification\",\"valueRequired\":true,\"valueName\":\"search_term_string\"}}],\"inLanguage\":\"lv-LV\"},{\"@type\":\"Organization\",\"@id\":\"https:\/\/www.karinibutiik.ee\/#organization\",\"name\":\"Karini Butiik\",\"url\":\"https:\/\/www.karinibutiik.ee\/\",\"logo\":{\"@type\":\"ImageObject\",\"inLanguage\":\"lv-LV\",\"@id\":\"https:\/\/www.karinibutiik.ee\/#\/schema\/logo\/image\/\",\"url\":\"https:\/\/www.karinibutiik.ee\/wp-content\/uploads\/2024\/10\/Kuj.-K-koopia.png\",\"contentUrl\":\"https:\/\/www.karinibutiik.ee\/wp-content\/uploads\/2024\/10\/Kuj.-K-koopia.png\",\"width\":500,\"height\":500,\"caption\":\"Karini Butiik\"},\"image\":{\"@id\":\"https:\/\/www.karinibutiik.ee\/#\/schema\/logo\/image\/\"},\"sameAs\":[\"https:\/\/www.facebook.com\/karinibutiik.ee\",\"https:\/\/www.instagram.com\/karinibutiik\"]}]}<\/script>\n<meta property=\"og:availability\" content=\"instock\" \/>\n<meta property=\"product:availability\" content=\"instock\" \/>\n<meta property=\"product:retailer_item_id\" content=\"2030\" \/>\n<meta property=\"product:condition\" content=\"new\" \/>\n<!-- \/ Yoast SEO plugin. -->","yoast_head_json":{"title":"Naiste hallid kulutatud laia l\u00f5ikelised teksad - Karini Butiik","description":"Stiilsed mustad kulutatud naiste laia l\u00f5ikelised teksad suurustes XS\u2013XL. Mugavad, trendikad ja universaalsed teksad igap\u00e4evaseks kandmiseks.","robots":{"index":"index","follow":"follow","max-snippet":"max-snippet:-1","max-image-preview":"max-image-preview:large","max-video-preview":"max-video-preview:-1"},"canonical":"https:\/\/www.karinibutiik.ee\/lv\/produkts\/naiste-hallid-kulutatud-laia-loikelised-teksad\/","og_locale":"lv_LV","og_type":"article","og_title":"Naiste hallid kulutatud laia l\u00f5ikelised teksad - Karini Butiik","og_description":"Stiilsed mustad kulutatud naiste laia l\u00f5ikelised teksad suurustes XS\u2013XL. Mugavad, trendikad ja universaalsed teksad igap\u00e4evaseks kandmiseks.","og_url":"https:\/\/www.karinibutiik.ee\/lv\/produkts\/naiste-hallid-kulutatud-laia-loikelised-teksad\/","og_site_name":"Karini Butiik","article_publisher":"https:\/\/www.facebook.com\/karinibutiik.ee","article_modified_time":"2026-01-02T12:54:36+00:00","og_image":[{"width":1815,"height":2560,"url":"https:\/\/www.karinibutiik.ee\/wp-content\/uploads\/2025\/11\/6A84DFD8-B05B-4020-B7BC-281FD49BF1A0-scaled.jpeg","type":"image\/jpeg"}],"twitter_card":"summary_large_image","twitter_misc":{"Availability":"In stock"},"schema":{"@context":"https:\/\/schema.org","@graph":[{"@type":"WebPage","@id":"https:\/\/www.karinibutiik.ee\/toode\/naiste-hallid-kulutatud-laia-loikelised-teksad\/","url":"https:\/\/www.karinibutiik.ee\/toode\/naiste-hallid-kulutatud-laia-loikelised-teksad\/","name":"Naiste hallid kulutatud laia l\u00f5ikelised teksad - Karini Butiik","isPartOf":{"@id":"https:\/\/www.karinibutiik.ee\/#website"},"primaryImageOfPage":{"@id":"https:\/\/www.karinibutiik.ee\/toode\/naiste-hallid-kulutatud-laia-loikelised-teksad\/#primaryimage"},"image":{"@id":"https:\/\/www.karinibutiik.ee\/toode\/naiste-hallid-kulutatud-laia-loikelised-teksad\/#primaryimage"},"thumbnailUrl":"https:\/\/www.karinibutiik.ee\/wp-content\/uploads\/2025\/11\/6A84DFD8-B05B-4020-B7BC-281FD49BF1A0-scaled.jpeg","datePublished":"2025-11-19T12:07:29+00:00","dateModified":"2026-01-02T12:54:36+00:00","description":"Stiilsed mustad kulutatud naiste laia l\u00f5ikelised teksad suurustes XS\u2013XL. Mugavad, trendikad ja universaalsed teksad igap\u00e4evaseks kandmiseks.","breadcrumb":{"@id":"https:\/\/www.karinibutiik.ee\/toode\/naiste-hallid-kulutatud-laia-loikelised-teksad\/#breadcrumb"},"inLanguage":"lv-LV","potentialAction":[{"@type":"ReadAction","target":["https:\/\/www.karinibutiik.ee\/toode\/naiste-hallid-kulutatud-laia-loikelised-teksad\/"]}]},{"@type":"ImageObject","inLanguage":"lv-LV","@id":"https:\/\/www.karinibutiik.ee\/toode\/naiste-hallid-kulutatud-laia-loikelised-teksad\/#primaryimage","url":"https:\/\/www.karinibutiik.ee\/wp-content\/uploads\/2025\/11\/6A84DFD8-B05B-4020-B7BC-281FD49BF1A0-scaled.jpeg","contentUrl":"https:\/\/www.karinibutiik.ee\/wp-content\/uploads\/2025\/11\/6A84DFD8-B05B-4020-B7BC-281FD49BF1A0-scaled.jpeg","width":1815,"height":2560,"caption":"MUSTAD LAIAL\u00d5IKELISED TEKSAP\u00dcKSID"},{"@type":"BreadcrumbList","@id":"https:\/\/www.karinibutiik.ee\/toode\/naiste-hallid-kulutatud-laia-loikelised-teksad\/#breadcrumb","itemListElement":[{"@type":"ListItem","position":1,"name":"Home","item":"https:\/\/www.karinibutiik.ee\/"},{"@type":"ListItem","position":2,"name":"Pood","item":"https:\/\/www.karinibutiik.ee\/pood\/"},{"@type":"ListItem","position":3,"name":"Naiste hallid kulutatud laia l\u00f5ikelised teksad"}]},{"@type":"WebSite","@id":"https:\/\/www.karinibutiik.ee\/#website","url":"https:\/\/www.karinibutiik.ee\/","name":"Karini Butiik","description":"","publisher":{"@id":"https:\/\/www.karinibutiik.ee\/#organization"},"potentialAction":[{"@type":"SearchAction","target":{"@type":"EntryPoint","urlTemplate":"https:\/\/www.karinibutiik.ee\/?s={search_term_string}"},"query-input":{"@type":"PropertyValueSpecification","valueRequired":true,"valueName":"search_term_string"}}],"inLanguage":"lv-LV"},{"@type":"Organization","@id":"https:\/\/www.karinibutiik.ee\/#organization","name":"Karini Butiik","url":"https:\/\/www.karinibutiik.ee\/","logo":{"@type":"ImageObject","inLanguage":"lv-LV","@id":"https:\/\/www.karinibutiik.ee\/#\/schema\/logo\/image\/","url":"https:\/\/www.karinibutiik.ee\/wp-content\/uploads\/2024\/10\/Kuj.-K-koopia.png","contentUrl":"https:\/\/www.karinibutiik.ee\/wp-content\/uploads\/2024\/10\/Kuj.-K-koopia.png","width":500,"height":500,"caption":"Karini Butiik"},"image":{"@id":"https:\/\/www.karinibutiik.ee\/#\/schema\/logo\/image\/"},"sameAs":["https:\/\/www.facebook.com\/karinibutiik.ee","https:\/\/www.instagram.com\/karinibutiik"]}]},"og_availability":"instock","product_availability":"instock","product_retailer_item_id":"2030","product_condition":"new"},"_links":{"self":[{"href":"https:\/\/www.karinibutiik.ee\/lv\/wp-json\/wp\/v2\/product\/24932","targetHints":{"allow":["GET"]}}],"collection":[{"href":"https:\/\/www.karinibutiik.ee\/lv\/wp-json\/wp\/v2\/product"}],"about":[{"href":"https:\/\/www.karinibutiik.ee\/lv\/wp-json\/wp\/v2\/types\/product"}],"version-history":[{"count":2,"href":"https:\/\/www.karinibutiik.ee\/lv\/wp-json\/wp\/v2\/product\/24932\/revisions"}],"predecessor-version":[{"id":25432,"href":"https:\/\/www.karinibutiik.ee\/lv\/wp-json\/wp\/v2\/product\/24932\/revisions\/25432"}],"wp:featuredmedia":[{"embeddable":true,"href":"https:\/\/www.karinibutiik.ee\/lv\/wp-json\/wp\/v2\/media\/25353"}],"wp:attachment":[{"href":"https:\/\/www.karinibutiik.ee\/lv\/wp-json\/wp\/v2\/media?parent=24932"}],"wp:term":[{"taxonomy":"product_brand","embeddable":true,"href":"https:\/\/www.karinibutiik.ee\/lv\/wp-json\/wp\/v2\/product_brand?post=24932"},{"taxonomy":"product_cat","embeddable":true,"href":"https:\/\/www.karinibutiik.ee\/lv\/wp-json\/wp\/v2\/product_cat?post=24932"},{"taxonomy":"product_tag","embeddable":true,"href":"https:\/\/www.karinibutiik.ee\/lv\/wp-json\/wp\/v2\/product_tag?post=24932"}],"curies":[{"name":"wp","href":"https:\/\/api.w.org\/{rel}","templated":true}]}}