{"id":25220,"date":"2025-11-21T16:39:32","date_gmt":"2025-11-21T14:39:32","guid":{"rendered":"https:\/\/www.karinibutiik.ee\/?post_type=product&#038;p=25220"},"modified":"2026-02-21T14:41:23","modified_gmt":"2026-02-21T12:41:23","slug":"litterkleit-mattide-litritega","status":"publish","type":"product","link":"https:\/\/www.karinibutiik.ee\/lv\/produkts\/litterkleit-mattide-litritega\/","title":{"rendered":"Litterkleit mattide litritega"},"content":{"rendered":"<p data-start=\"246\" data-end=\"516\">Elegantselt s\u00e4delev mini pikkuses litterkleit on kaetud mattide litritega, mis loovad pehmema ja luksusliku l\u00e4ike. Kleit on valmistatud mugavast ja elastsemast kangast ning varustatud sisevoodriga, mis tagab mugavuse ja ilusa istuvuse kogu kandmise v\u00e4ltel.<\/p>\n<p data-start=\"518\" data-end=\"782\">Disaini t\u00e4iustavad kergelt taljesse l\u00f5ige ja \u00f5lapadjad, mis annavad kehale kauni proportsiooni ja v\u00e4ljapeetud joone. Kuigi kleit on ilma varrukateta, on \u00fclemine osa laiema l\u00f5ikega, mis katab kenasti \u00f5lad ja muudab mudeli elegantseks ja kantavaks.<\/p>\n<p data-start=\"784\" data-end=\"869\">Saadaval kolm \u0161ikki tooni: must, bordoo ja pruun. Suurused S, M ja L.<\/p>\n<p data-start=\"871\" data-end=\"994\">Ideaalne pidudeks, p\u00fchadehooajaks, pidulikeks \u00fcritusteks ja igaks hetkeks, kus soovid \u00fchtaegu s\u00e4rada ja end mugavalt tunda.<\/p>","protected":false},"excerpt":{"rendered":"<p>Elegantselt s\u00e4delev mini pikkuses litterkleit on kaetud mattide litritega, mis loovad pehmema ja luksusliku l\u00e4ike. Kleit on valmistatud mugavast ja [&hellip;]<\/p>\n","protected":false},"featured_media":25218,"template":"","meta":{"site-sidebar-layout":"default","site-content-layout":"","ast-site-content-layout":"default","site-content-style":"default","site-sidebar-style":"default","ast-global-header-display":"","ast-banner-title-visibility":"","ast-main-header-display":"","ast-hfb-above-header-display":"","ast-hfb-below-header-display":"","ast-hfb-mobile-header-display":"","site-post-title":"","ast-breadcrumbs-content":"","ast-featured-img":"","footer-sml-layout":"","ast-disable-related-posts":"","theme-transparent-header-meta":"default","adv-header-id-meta":"","stick-header-meta":"default","header-above-stick-meta":"","header-main-stick-meta":"","header-below-stick-meta":"","astra-migrate-meta-layouts":"set","ast-page-background-enabled":"default","ast-page-background-meta":{"desktop":{"background-color":"var(--ast-global-color-4)","background-image":"","background-repeat":"repeat","background-position":"center center","background-size":"auto","background-attachment":"scroll","background-type":"","background-media":"","overlay-type":"","overlay-color":"","overlay-opacity":"","overlay-gradient":""},"tablet":{"background-color":"","background-image":"","background-repeat":"repeat","background-position":"center center","background-size":"auto","background-attachment":"scroll","background-type":"","background-media":"","overlay-type":"","overlay-color":"","overlay-opacity":"","overlay-gradient":""},"mobile":{"background-color":"","background-image":"","background-repeat":"repeat","background-position":"center center","background-size":"auto","background-attachment":"scroll","background-type":"","background-media":"","overlay-type":"","overlay-color":"","overlay-opacity":"","overlay-gradient":""}},"ast-content-background-meta":{"desktop":{"background-color":"var(--ast-global-color-5)","background-image":"","background-repeat":"repeat","background-position":"center center","background-size":"auto","background-attachment":"scroll","background-type":"","background-media":"","overlay-type":"","overlay-color":"","overlay-opacity":"","overlay-gradient":""},"tablet":{"background-color":"var(--ast-global-color-5)","background-image":"","background-repeat":"repeat","background-position":"center center","background-size":"auto","background-attachment":"scroll","background-type":"","background-media":"","overlay-type":"","overlay-color":"","overlay-opacity":"","overlay-gradient":""},"mobile":{"background-color":"var(--ast-global-color-5)","background-image":"","background-repeat":"repeat","background-position":"center center","background-size":"auto","background-attachment":"scroll","background-type":"","background-media":"","overlay-type":"","overlay-color":"","overlay-opacity":"","overlay-gradient":""}}},"product_brand":[],"product_cat":[367,347,377,364,346,351],"product_tag":[2286,637,2283,2282,901,1593,2273,1094,2284,1618,738,2287,2288,2285,1436],"class_list":{"0":"post-25220","1":"product","2":"type-product","3":"status-publish","4":"has-post-thumbnail","6":"product_cat-allahindlus","7":"product_cat-kleidid","8":"product_cat-litter-ja-glitterkleidid","9":"product_cat-minikleidid","10":"product_cat-naised","11":"product_cat-uued-tooted","12":"product_tag-bordoo-litterkleit","13":"product_tag-litterkleit","14":"product_tag-mattide-litritega-kleit","15":"product_tag-mini-litterkleit","16":"product_tag-must-litterkleit","17":"product_tag-naiste-kleit","18":"product_tag-naistemood","19":"product_tag-ohtukleit","20":"product_tag-olapadjadega-kleit","21":"product_tag-peokleit","22":"product_tag-pidulik-kleit","23":"product_tag-pruun-litterkleit","24":"product_tag-puhadekleit","25":"product_tag-taljesse-kleit","26":"product_tag-voodriga-kleit","27":"desktop-align-center","28":"tablet-align-center","29":"mobile-align-center","30":"ast-product-gallery-layout-horizontal-slider","31":"ast-product-single-variable","32":"ast-product-tabs-layout-horizontal","34":"first","35":"instock","36":"sale","37":"taxable","38":"shipping-taxable","39":"purchasable","40":"product-type-variable"},"supplier_id":null,"supplier_sku":"","barcode":null,"atum_controlled":true,"out_stock_date":null,"out_stock_threshold":null,"inheritable":true,"inbound_stock":null,"stock_on_hold":0,"sold_today":0,"sales_last_days":1,"reserved_stock":0,"customer_returns":null,"warehouse_damage":0,"lost_in_post":null,"other_logs":0,"out_stock_days":null,"lost_sales":0,"has_location":false,"update_date":"2025-12-27T09:35:01","atum_locations":[],"atum_stock_status":"instock","restock_status":false,"low_stock_amount":"","sales_update_date":"2025-12-05T12:49:40","calc_backorders":null,"yoast_head":"<!-- This site is optimized with the Yoast SEO plugin v26.9 - https:\/\/yoast.com\/product\/yoast-seo-wordpress\/ -->\n<title>Litterkleit mattide litritega - Karini Butiik<\/title>\n<meta name=\"description\" content=\"Mini litterkleit mattide litritega, sisevoodriga ja taljesse l\u00f5ikega. \u00d5lapadjad ja lai \u00fclaosa, mis katab \u00f5lad. Saadaval must, bordoo ja pruun toon.\" \/>\n<meta name=\"robots\" content=\"index, follow, max-snippet:-1, max-image-preview:large, max-video-preview:-1\" \/>\n<link rel=\"canonical\" href=\"https:\/\/www.karinibutiik.ee\/lv\/produkts\/litterkleit-mattide-litritega\/\" \/>\n<meta property=\"og:locale\" content=\"lv_LV\" \/>\n<meta property=\"og:type\" content=\"article\" \/>\n<meta property=\"og:title\" content=\"Litterkleit mattide litritega - Karini Butiik\" \/>\n<meta property=\"og:description\" content=\"Mini litterkleit mattide litritega, sisevoodriga ja taljesse l\u00f5ikega. \u00d5lapadjad ja lai \u00fclaosa, mis katab \u00f5lad. Saadaval must, bordoo ja pruun toon.\" \/>\n<meta property=\"og:url\" content=\"https:\/\/www.karinibutiik.ee\/lv\/produkts\/litterkleit-mattide-litritega\/\" \/>\n<meta property=\"og:site_name\" content=\"Karini Butiik\" \/>\n<meta property=\"article:publisher\" content=\"https:\/\/www.facebook.com\/karinibutiik.ee\" \/>\n<meta property=\"article:modified_time\" content=\"2026-02-21T12:41:23+00:00\" \/>\n<meta property=\"og:image\" content=\"https:\/\/www.karinibutiik.ee\/wp-content\/uploads\/2025\/11\/5AFAC56B-C334-44DE-83C4-5BA81F46C45C-scaled.jpeg\" \/>\n\t<meta property=\"og:image:width\" content=\"1897\" \/>\n\t<meta property=\"og:image:height\" content=\"2560\" \/>\n\t<meta property=\"og:image:type\" content=\"image\/jpeg\" \/>\n<meta name=\"twitter:card\" content=\"summary_large_image\" \/>\n<meta name=\"twitter:label1\" content=\"Availability\" \/>\n\t<meta name=\"twitter:data1\" content=\"In stock\" \/>\n<script type=\"application\/ld+json\" class=\"yoast-schema-graph\">{\"@context\":\"https:\/\/schema.org\",\"@graph\":[{\"@type\":\"WebPage\",\"@id\":\"https:\/\/www.karinibutiik.ee\/toode\/litterkleit-mattide-litritega\/\",\"url\":\"https:\/\/www.karinibutiik.ee\/toode\/litterkleit-mattide-litritega\/\",\"name\":\"Litterkleit mattide litritega - Karini Butiik\",\"isPartOf\":{\"@id\":\"https:\/\/www.karinibutiik.ee\/#website\"},\"primaryImageOfPage\":{\"@id\":\"https:\/\/www.karinibutiik.ee\/toode\/litterkleit-mattide-litritega\/#primaryimage\"},\"image\":{\"@id\":\"https:\/\/www.karinibutiik.ee\/toode\/litterkleit-mattide-litritega\/#primaryimage\"},\"thumbnailUrl\":\"https:\/\/www.karinibutiik.ee\/wp-content\/uploads\/2025\/11\/5AFAC56B-C334-44DE-83C4-5BA81F46C45C-scaled.jpeg\",\"datePublished\":\"2025-11-21T14:39:32+00:00\",\"dateModified\":\"2026-02-21T12:41:23+00:00\",\"description\":\"Mini litterkleit mattide litritega, sisevoodriga ja taljesse l\u00f5ikega. \u00d5lapadjad ja lai \u00fclaosa, mis katab \u00f5lad. Saadaval must, bordoo ja pruun toon.\",\"breadcrumb\":{\"@id\":\"https:\/\/www.karinibutiik.ee\/toode\/litterkleit-mattide-litritega\/#breadcrumb\"},\"inLanguage\":\"lv-LV\",\"potentialAction\":[{\"@type\":\"ReadAction\",\"target\":[\"https:\/\/www.karinibutiik.ee\/toode\/litterkleit-mattide-litritega\/\"]}]},{\"@type\":\"ImageObject\",\"inLanguage\":\"lv-LV\",\"@id\":\"https:\/\/www.karinibutiik.ee\/toode\/litterkleit-mattide-litritega\/#primaryimage\",\"url\":\"https:\/\/www.karinibutiik.ee\/wp-content\/uploads\/2025\/11\/5AFAC56B-C334-44DE-83C4-5BA81F46C45C-scaled.jpeg\",\"contentUrl\":\"https:\/\/www.karinibutiik.ee\/wp-content\/uploads\/2025\/11\/5AFAC56B-C334-44DE-83C4-5BA81F46C45C-scaled.jpeg\",\"width\":1897,\"height\":2560,\"caption\":\"Mini pikkuses mattide litritega litterkleit taljesse l\u00f5ike ja \u00f5lapatjadega, mustas, bordoo v\u00f5i pruunis toonis\"},{\"@type\":\"BreadcrumbList\",\"@id\":\"https:\/\/www.karinibutiik.ee\/toode\/litterkleit-mattide-litritega\/#breadcrumb\",\"itemListElement\":[{\"@type\":\"ListItem\",\"position\":1,\"name\":\"Home\",\"item\":\"https:\/\/www.karinibutiik.ee\/\"},{\"@type\":\"ListItem\",\"position\":2,\"name\":\"Pood\",\"item\":\"https:\/\/www.karinibutiik.ee\/pood\/\"},{\"@type\":\"ListItem\",\"position\":3,\"name\":\"Litterkleit mattide litritega\"}]},{\"@type\":\"WebSite\",\"@id\":\"https:\/\/www.karinibutiik.ee\/#website\",\"url\":\"https:\/\/www.karinibutiik.ee\/\",\"name\":\"Karini Butiik\",\"description\":\"\",\"publisher\":{\"@id\":\"https:\/\/www.karinibutiik.ee\/#organization\"},\"potentialAction\":[{\"@type\":\"SearchAction\",\"target\":{\"@type\":\"EntryPoint\",\"urlTemplate\":\"https:\/\/www.karinibutiik.ee\/?s={search_term_string}\"},\"query-input\":{\"@type\":\"PropertyValueSpecification\",\"valueRequired\":true,\"valueName\":\"search_term_string\"}}],\"inLanguage\":\"lv-LV\"},{\"@type\":\"Organization\",\"@id\":\"https:\/\/www.karinibutiik.ee\/#organization\",\"name\":\"Karini Butiik\",\"url\":\"https:\/\/www.karinibutiik.ee\/\",\"logo\":{\"@type\":\"ImageObject\",\"inLanguage\":\"lv-LV\",\"@id\":\"https:\/\/www.karinibutiik.ee\/#\/schema\/logo\/image\/\",\"url\":\"https:\/\/www.karinibutiik.ee\/wp-content\/uploads\/2024\/10\/Kuj.-K-koopia.png\",\"contentUrl\":\"https:\/\/www.karinibutiik.ee\/wp-content\/uploads\/2024\/10\/Kuj.-K-koopia.png\",\"width\":500,\"height\":500,\"caption\":\"Karini Butiik\"},\"image\":{\"@id\":\"https:\/\/www.karinibutiik.ee\/#\/schema\/logo\/image\/\"},\"sameAs\":[\"https:\/\/www.facebook.com\/karinibutiik.ee\",\"https:\/\/www.instagram.com\/karinibutiik\"]}]}<\/script>\n<meta property=\"og:availability\" content=\"instock\" \/>\n<meta property=\"product:availability\" content=\"instock\" \/>\n<meta property=\"product:retailer_item_id\" content=\"1272\" \/>\n<meta property=\"product:condition\" content=\"new\" \/>\n<!-- \/ Yoast SEO plugin. -->","yoast_head_json":{"title":"Litterkleit mattide litritega - Karini Butiik","description":"Mini litterkleit mattide litritega, sisevoodriga ja taljesse l\u00f5ikega. \u00d5lapadjad ja lai \u00fclaosa, mis katab \u00f5lad. Saadaval must, bordoo ja pruun toon.","robots":{"index":"index","follow":"follow","max-snippet":"max-snippet:-1","max-image-preview":"max-image-preview:large","max-video-preview":"max-video-preview:-1"},"canonical":"https:\/\/www.karinibutiik.ee\/lv\/produkts\/litterkleit-mattide-litritega\/","og_locale":"lv_LV","og_type":"article","og_title":"Litterkleit mattide litritega - Karini Butiik","og_description":"Mini litterkleit mattide litritega, sisevoodriga ja taljesse l\u00f5ikega. \u00d5lapadjad ja lai \u00fclaosa, mis katab \u00f5lad. Saadaval must, bordoo ja pruun toon.","og_url":"https:\/\/www.karinibutiik.ee\/lv\/produkts\/litterkleit-mattide-litritega\/","og_site_name":"Karini Butiik","article_publisher":"https:\/\/www.facebook.com\/karinibutiik.ee","article_modified_time":"2026-02-21T12:41:23+00:00","og_image":[{"width":1897,"height":2560,"url":"https:\/\/www.karinibutiik.ee\/wp-content\/uploads\/2025\/11\/5AFAC56B-C334-44DE-83C4-5BA81F46C45C-scaled.jpeg","type":"image\/jpeg"}],"twitter_card":"summary_large_image","twitter_misc":{"Availability":"In stock"},"schema":{"@context":"https:\/\/schema.org","@graph":[{"@type":"WebPage","@id":"https:\/\/www.karinibutiik.ee\/toode\/litterkleit-mattide-litritega\/","url":"https:\/\/www.karinibutiik.ee\/toode\/litterkleit-mattide-litritega\/","name":"Litterkleit mattide litritega - Karini Butiik","isPartOf":{"@id":"https:\/\/www.karinibutiik.ee\/#website"},"primaryImageOfPage":{"@id":"https:\/\/www.karinibutiik.ee\/toode\/litterkleit-mattide-litritega\/#primaryimage"},"image":{"@id":"https:\/\/www.karinibutiik.ee\/toode\/litterkleit-mattide-litritega\/#primaryimage"},"thumbnailUrl":"https:\/\/www.karinibutiik.ee\/wp-content\/uploads\/2025\/11\/5AFAC56B-C334-44DE-83C4-5BA81F46C45C-scaled.jpeg","datePublished":"2025-11-21T14:39:32+00:00","dateModified":"2026-02-21T12:41:23+00:00","description":"Mini litterkleit mattide litritega, sisevoodriga ja taljesse l\u00f5ikega. \u00d5lapadjad ja lai \u00fclaosa, mis katab \u00f5lad. Saadaval must, bordoo ja pruun toon.","breadcrumb":{"@id":"https:\/\/www.karinibutiik.ee\/toode\/litterkleit-mattide-litritega\/#breadcrumb"},"inLanguage":"lv-LV","potentialAction":[{"@type":"ReadAction","target":["https:\/\/www.karinibutiik.ee\/toode\/litterkleit-mattide-litritega\/"]}]},{"@type":"ImageObject","inLanguage":"lv-LV","@id":"https:\/\/www.karinibutiik.ee\/toode\/litterkleit-mattide-litritega\/#primaryimage","url":"https:\/\/www.karinibutiik.ee\/wp-content\/uploads\/2025\/11\/5AFAC56B-C334-44DE-83C4-5BA81F46C45C-scaled.jpeg","contentUrl":"https:\/\/www.karinibutiik.ee\/wp-content\/uploads\/2025\/11\/5AFAC56B-C334-44DE-83C4-5BA81F46C45C-scaled.jpeg","width":1897,"height":2560,"caption":"Mini pikkuses mattide litritega litterkleit taljesse l\u00f5ike ja \u00f5lapatjadega, mustas, bordoo v\u00f5i pruunis toonis"},{"@type":"BreadcrumbList","@id":"https:\/\/www.karinibutiik.ee\/toode\/litterkleit-mattide-litritega\/#breadcrumb","itemListElement":[{"@type":"ListItem","position":1,"name":"Home","item":"https:\/\/www.karinibutiik.ee\/"},{"@type":"ListItem","position":2,"name":"Pood","item":"https:\/\/www.karinibutiik.ee\/pood\/"},{"@type":"ListItem","position":3,"name":"Litterkleit mattide litritega"}]},{"@type":"WebSite","@id":"https:\/\/www.karinibutiik.ee\/#website","url":"https:\/\/www.karinibutiik.ee\/","name":"Karini Butiik","description":"","publisher":{"@id":"https:\/\/www.karinibutiik.ee\/#organization"},"potentialAction":[{"@type":"SearchAction","target":{"@type":"EntryPoint","urlTemplate":"https:\/\/www.karinibutiik.ee\/?s={search_term_string}"},"query-input":{"@type":"PropertyValueSpecification","valueRequired":true,"valueName":"search_term_string"}}],"inLanguage":"lv-LV"},{"@type":"Organization","@id":"https:\/\/www.karinibutiik.ee\/#organization","name":"Karini Butiik","url":"https:\/\/www.karinibutiik.ee\/","logo":{"@type":"ImageObject","inLanguage":"lv-LV","@id":"https:\/\/www.karinibutiik.ee\/#\/schema\/logo\/image\/","url":"https:\/\/www.karinibutiik.ee\/wp-content\/uploads\/2024\/10\/Kuj.-K-koopia.png","contentUrl":"https:\/\/www.karinibutiik.ee\/wp-content\/uploads\/2024\/10\/Kuj.-K-koopia.png","width":500,"height":500,"caption":"Karini Butiik"},"image":{"@id":"https:\/\/www.karinibutiik.ee\/#\/schema\/logo\/image\/"},"sameAs":["https:\/\/www.facebook.com\/karinibutiik.ee","https:\/\/www.instagram.com\/karinibutiik"]}]},"og_availability":"instock","product_availability":"instock","product_retailer_item_id":"1272","product_condition":"new"},"_links":{"self":[{"href":"https:\/\/www.karinibutiik.ee\/lv\/wp-json\/wp\/v2\/product\/25220","targetHints":{"allow":["GET"]}}],"collection":[{"href":"https:\/\/www.karinibutiik.ee\/lv\/wp-json\/wp\/v2\/product"}],"about":[{"href":"https:\/\/www.karinibutiik.ee\/lv\/wp-json\/wp\/v2\/types\/product"}],"version-history":[{"count":1,"href":"https:\/\/www.karinibutiik.ee\/lv\/wp-json\/wp\/v2\/product\/25220\/revisions"}],"predecessor-version":[{"id":25231,"href":"https:\/\/www.karinibutiik.ee\/lv\/wp-json\/wp\/v2\/product\/25220\/revisions\/25231"}],"wp:featuredmedia":[{"embeddable":true,"href":"https:\/\/www.karinibutiik.ee\/lv\/wp-json\/wp\/v2\/media\/25218"}],"wp:attachment":[{"href":"https:\/\/www.karinibutiik.ee\/lv\/wp-json\/wp\/v2\/media?parent=25220"}],"wp:term":[{"taxonomy":"product_brand","embeddable":true,"href":"https:\/\/www.karinibutiik.ee\/lv\/wp-json\/wp\/v2\/product_brand?post=25220"},{"taxonomy":"product_cat","embeddable":true,"href":"https:\/\/www.karinibutiik.ee\/lv\/wp-json\/wp\/v2\/product_cat?post=25220"},{"taxonomy":"product_tag","embeddable":true,"href":"https:\/\/www.karinibutiik.ee\/lv\/wp-json\/wp\/v2\/product_tag?post=25220"}],"curies":[{"name":"wp","href":"https:\/\/api.w.org\/{rel}","templated":true}]}}