{"id":25412,"date":"2025-11-29T13:46:33","date_gmt":"2025-11-29T11:46:33","guid":{"rendered":"https:\/\/www.karinibutiik.ee\/?post_type=product&#038;p=25412"},"modified":"2026-03-27T09:29:33","modified_gmt":"2026-03-27T07:29:33","slug":"mustad-alt-laienevad-teksapuksid","status":"publish","type":"product","link":"https:\/\/www.karinibutiik.ee\/lv\/produkts\/mustad-alt-laienevad-teksapuksid\/","title":{"rendered":"Mustad alt laienevad teksap\u00fcksid"},"content":{"rendered":"<p data-start=\"258\" data-end=\"544\">Stiilsed ja ajatult \u0161ikid mustad alt laienevad teksap\u00fcksid on t\u00e4iuslik valik, kui soovid r\u00f5hutada jalajoont ning luua visuaalselt pikema ja saledama silueti. P\u00fckstel on kergelt alt laienev bootcut-l\u00f5ige, mis sobib ideaalselt kontsakingade, saabaste ja igap\u00e4evaste jalan\u00f5udega.<\/p>\n<p data-start=\"546\" data-end=\"806\">Teksad istuvad kenasti \u00fcmber puusade ja reite ning langevad sealt sirgelt ja pehmelt alla, luues elegantse ja naiseliku joone. Klassikaline tumesinine-must toon teeb need p\u00fcksid kergesti kombineeritavaks nii kudumite, pluuside kui ka pidulikumate outfit\u2019idega.<\/p>\n<p data-start=\"808\" data-end=\"977\">Ideaalne valik igap\u00e4evaseks kandmiseks, t\u00f6\u00f6keskkonda v\u00f5i \u00f5htusele v\u00e4ljaminekule \u2013 mugav, veniv ja figuuri kaunistav l\u00f5ige tagab kindla lemmiku staatuse sinu garderoobis.<\/p>","protected":false},"excerpt":{"rendered":"<p>Stiilsed ja ajatult \u0161ikid mustad alt laienevad teksap\u00fcksid on t\u00e4iuslik valik, kui soovid r\u00f5hutada jalajoont ning luua visuaalselt pikema ja [&hellip;]<\/p>\n","protected":false},"featured_media":25381,"template":"","meta":{"site-sidebar-layout":"default","site-content-layout":"","ast-site-content-layout":"default","site-content-style":"default","site-sidebar-style":"default","ast-global-header-display":"","ast-banner-title-visibility":"","ast-main-header-display":"","ast-hfb-above-header-display":"","ast-hfb-below-header-display":"","ast-hfb-mobile-header-display":"","site-post-title":"","ast-breadcrumbs-content":"","ast-featured-img":"","footer-sml-layout":"","ast-disable-related-posts":"","theme-transparent-header-meta":"default","adv-header-id-meta":"","stick-header-meta":"default","header-above-stick-meta":"","header-main-stick-meta":"","header-below-stick-meta":"","astra-migrate-meta-layouts":"set","ast-page-background-enabled":"default","ast-page-background-meta":{"desktop":{"background-color":"var(--ast-global-color-4)","background-image":"","background-repeat":"repeat","background-position":"center center","background-size":"auto","background-attachment":"scroll","background-type":"","background-media":"","overlay-type":"","overlay-color":"","overlay-opacity":"","overlay-gradient":""},"tablet":{"background-color":"","background-image":"","background-repeat":"repeat","background-position":"center center","background-size":"auto","background-attachment":"scroll","background-type":"","background-media":"","overlay-type":"","overlay-color":"","overlay-opacity":"","overlay-gradient":""},"mobile":{"background-color":"","background-image":"","background-repeat":"repeat","background-position":"center center","background-size":"auto","background-attachment":"scroll","background-type":"","background-media":"","overlay-type":"","overlay-color":"","overlay-opacity":"","overlay-gradient":""}},"ast-content-background-meta":{"desktop":{"background-color":"var(--ast-global-color-5)","background-image":"","background-repeat":"repeat","background-position":"center center","background-size":"auto","background-attachment":"scroll","background-type":"","background-media":"","overlay-type":"","overlay-color":"","overlay-opacity":"","overlay-gradient":""},"tablet":{"background-color":"var(--ast-global-color-5)","background-image":"","background-repeat":"repeat","background-position":"center center","background-size":"auto","background-attachment":"scroll","background-type":"","background-media":"","overlay-type":"","overlay-color":"","overlay-opacity":"","overlay-gradient":""},"mobile":{"background-color":"var(--ast-global-color-5)","background-image":"","background-repeat":"repeat","background-position":"center center","background-size":"auto","background-attachment":"scroll","background-type":"","background-media":"","overlay-type":"","overlay-color":"","overlay-opacity":"","overlay-gradient":""}}},"product_brand":[],"product_cat":[346,354,359,351],"product_tag":[2329,2330,2333,501,1342,2332,518,2126,1341,2273,2331,1344],"class_list":{"0":"post-25412","1":"product","2":"type-product","3":"status-publish","4":"has-post-thumbnail","6":"product_cat-naised","7":"product_cat-puksid-seelikud","8":"product_cat-teksapuksid","9":"product_cat-uued-tooted","10":"product_tag-alt-laienevad-teksad","11":"product_tag-bootcut-teksad","12":"product_tag-igapaevased-teksad","13":"product_tag-karini-butiik","14":"product_tag-klassikalised-teksad","15":"product_tag-mustad-alt-laienevad-puksid","16":"product_tag-mustad-puksid","17":"product_tag-mustad-teksad","18":"product_tag-naiste-teksapuksid","19":"product_tag-naistemood","20":"product_tag-sirge-loikega-teksad","21":"product_tag-venivad-teksad","22":"desktop-align-center","23":"tablet-align-center","24":"mobile-align-center","25":"ast-product-gallery-layout-horizontal-slider","26":"ast-product-single-variable","27":"ast-product-tabs-layout-horizontal","29":"first","30":"instock","31":"taxable","32":"shipping-taxable","33":"purchasable","34":"product-type-variable"},"supplier_id":null,"supplier_sku":"","barcode":null,"atum_controlled":true,"out_stock_date":null,"out_stock_threshold":null,"inheritable":true,"inbound_stock":null,"stock_on_hold":0,"sold_today":0,"sales_last_days":1,"reserved_stock":0,"customer_returns":null,"warehouse_damage":0,"lost_in_post":null,"other_logs":0,"out_stock_days":null,"lost_sales":0,"has_location":false,"update_date":"2025-12-05T10:58:09","atum_locations":[],"atum_stock_status":"instock","restock_status":false,"low_stock_amount":"","sales_update_date":"2025-12-05T10:58:09","calc_backorders":null,"yoast_head":"<!-- This site is optimized with the Yoast SEO plugin v26.9 - https:\/\/yoast.com\/product\/yoast-seo-wordpress\/ -->\n<title>Mustad alt laienevad teksap\u00fcksid - Karini Butiik<\/title>\n<meta name=\"description\" content=\"Mustad alt laienevad teksap\u00fcksid. Klassikaline ja naiselik bootcut-l\u00f5ige, mis pikendab jalga ja sobib igaks p\u00e4evaks. Mugav ja kaunistav istuvus.\" \/>\n<meta name=\"robots\" content=\"index, follow, max-snippet:-1, max-image-preview:large, max-video-preview:-1\" \/>\n<link rel=\"canonical\" href=\"https:\/\/www.karinibutiik.ee\/lv\/produkts\/mustad-alt-laienevad-teksapuksid\/\" \/>\n<meta property=\"og:locale\" content=\"lv_LV\" \/>\n<meta property=\"og:type\" content=\"article\" \/>\n<meta property=\"og:title\" content=\"Mustad alt laienevad teksap\u00fcksid - Karini Butiik\" \/>\n<meta property=\"og:description\" content=\"Mustad alt laienevad teksap\u00fcksid. Klassikaline ja naiselik bootcut-l\u00f5ige, mis pikendab jalga ja sobib igaks p\u00e4evaks. Mugav ja kaunistav istuvus.\" \/>\n<meta property=\"og:url\" content=\"https:\/\/www.karinibutiik.ee\/lv\/produkts\/mustad-alt-laienevad-teksapuksid\/\" \/>\n<meta property=\"og:site_name\" content=\"Karini Butiik\" \/>\n<meta property=\"article:publisher\" content=\"https:\/\/www.facebook.com\/karinibutiik.ee\" \/>\n<meta property=\"article:modified_time\" content=\"2026-03-27T07:29:33+00:00\" \/>\n<meta property=\"og:image\" content=\"https:\/\/www.karinibutiik.ee\/wp-content\/uploads\/2025\/11\/2B5023B5-EB51-49C5-9D3E-5749A30C1C50-scaled.jpeg\" \/>\n\t<meta property=\"og:image:width\" content=\"1815\" \/>\n\t<meta property=\"og:image:height\" content=\"2560\" \/>\n\t<meta property=\"og:image:type\" content=\"image\/jpeg\" \/>\n<meta name=\"twitter:card\" content=\"summary_large_image\" \/>\n<meta name=\"twitter:label1\" content=\"Availability\" \/>\n\t<meta name=\"twitter:data1\" content=\"In stock\" \/>\n<script type=\"application\/ld+json\" class=\"yoast-schema-graph\">{\"@context\":\"https:\/\/schema.org\",\"@graph\":[{\"@type\":\"WebPage\",\"@id\":\"https:\/\/www.karinibutiik.ee\/toode\/mustad-alt-laienevad-teksapuksid\/\",\"url\":\"https:\/\/www.karinibutiik.ee\/toode\/mustad-alt-laienevad-teksapuksid\/\",\"name\":\"Mustad alt laienevad teksap\u00fcksid - Karini Butiik\",\"isPartOf\":{\"@id\":\"https:\/\/www.karinibutiik.ee\/#website\"},\"primaryImageOfPage\":{\"@id\":\"https:\/\/www.karinibutiik.ee\/toode\/mustad-alt-laienevad-teksapuksid\/#primaryimage\"},\"image\":{\"@id\":\"https:\/\/www.karinibutiik.ee\/toode\/mustad-alt-laienevad-teksapuksid\/#primaryimage\"},\"thumbnailUrl\":\"https:\/\/www.karinibutiik.ee\/wp-content\/uploads\/2025\/11\/2B5023B5-EB51-49C5-9D3E-5749A30C1C50-scaled.jpeg\",\"datePublished\":\"2025-11-29T11:46:33+00:00\",\"dateModified\":\"2026-03-27T07:29:33+00:00\",\"description\":\"Mustad alt laienevad teksap\u00fcksid. Klassikaline ja naiselik bootcut-l\u00f5ige, mis pikendab jalga ja sobib igaks p\u00e4evaks. Mugav ja kaunistav istuvus.\",\"breadcrumb\":{\"@id\":\"https:\/\/www.karinibutiik.ee\/toode\/mustad-alt-laienevad-teksapuksid\/#breadcrumb\"},\"inLanguage\":\"lv-LV\",\"potentialAction\":[{\"@type\":\"ReadAction\",\"target\":[\"https:\/\/www.karinibutiik.ee\/toode\/mustad-alt-laienevad-teksapuksid\/\"]}]},{\"@type\":\"ImageObject\",\"inLanguage\":\"lv-LV\",\"@id\":\"https:\/\/www.karinibutiik.ee\/toode\/mustad-alt-laienevad-teksapuksid\/#primaryimage\",\"url\":\"https:\/\/www.karinibutiik.ee\/wp-content\/uploads\/2025\/11\/2B5023B5-EB51-49C5-9D3E-5749A30C1C50-scaled.jpeg\",\"contentUrl\":\"https:\/\/www.karinibutiik.ee\/wp-content\/uploads\/2025\/11\/2B5023B5-EB51-49C5-9D3E-5749A30C1C50-scaled.jpeg\",\"width\":1815,\"height\":2560,\"caption\":\"Mustad alt laienevad teksap\u00fcksid\"},{\"@type\":\"BreadcrumbList\",\"@id\":\"https:\/\/www.karinibutiik.ee\/toode\/mustad-alt-laienevad-teksapuksid\/#breadcrumb\",\"itemListElement\":[{\"@type\":\"ListItem\",\"position\":1,\"name\":\"Home\",\"item\":\"https:\/\/www.karinibutiik.ee\/\"},{\"@type\":\"ListItem\",\"position\":2,\"name\":\"Pood\",\"item\":\"https:\/\/www.karinibutiik.ee\/pood\/\"},{\"@type\":\"ListItem\",\"position\":3,\"name\":\"Mustad alt laienevad teksap\u00fcksid\"}]},{\"@type\":\"WebSite\",\"@id\":\"https:\/\/www.karinibutiik.ee\/#website\",\"url\":\"https:\/\/www.karinibutiik.ee\/\",\"name\":\"Karini Butiik\",\"description\":\"\",\"publisher\":{\"@id\":\"https:\/\/www.karinibutiik.ee\/#organization\"},\"potentialAction\":[{\"@type\":\"SearchAction\",\"target\":{\"@type\":\"EntryPoint\",\"urlTemplate\":\"https:\/\/www.karinibutiik.ee\/?s={search_term_string}\"},\"query-input\":{\"@type\":\"PropertyValueSpecification\",\"valueRequired\":true,\"valueName\":\"search_term_string\"}}],\"inLanguage\":\"lv-LV\"},{\"@type\":\"Organization\",\"@id\":\"https:\/\/www.karinibutiik.ee\/#organization\",\"name\":\"Karini Butiik\",\"url\":\"https:\/\/www.karinibutiik.ee\/\",\"logo\":{\"@type\":\"ImageObject\",\"inLanguage\":\"lv-LV\",\"@id\":\"https:\/\/www.karinibutiik.ee\/#\/schema\/logo\/image\/\",\"url\":\"https:\/\/www.karinibutiik.ee\/wp-content\/uploads\/2024\/10\/Kuj.-K-koopia.png\",\"contentUrl\":\"https:\/\/www.karinibutiik.ee\/wp-content\/uploads\/2024\/10\/Kuj.-K-koopia.png\",\"width\":500,\"height\":500,\"caption\":\"Karini Butiik\"},\"image\":{\"@id\":\"https:\/\/www.karinibutiik.ee\/#\/schema\/logo\/image\/\"},\"sameAs\":[\"https:\/\/www.facebook.com\/karinibutiik.ee\",\"https:\/\/www.instagram.com\/karinibutiik\"]}]}<\/script>\n<meta property=\"og:availability\" content=\"instock\" \/>\n<meta property=\"product:availability\" content=\"instock\" \/>\n<meta property=\"product:retailer_item_id\" content=\"7630\" \/>\n<meta property=\"product:condition\" content=\"new\" \/>\n<!-- \/ Yoast SEO plugin. -->","yoast_head_json":{"title":"Mustad alt laienevad teksap\u00fcksid - Karini Butiik","description":"Mustad alt laienevad teksap\u00fcksid. Klassikaline ja naiselik bootcut-l\u00f5ige, mis pikendab jalga ja sobib igaks p\u00e4evaks. Mugav ja kaunistav istuvus.","robots":{"index":"index","follow":"follow","max-snippet":"max-snippet:-1","max-image-preview":"max-image-preview:large","max-video-preview":"max-video-preview:-1"},"canonical":"https:\/\/www.karinibutiik.ee\/lv\/produkts\/mustad-alt-laienevad-teksapuksid\/","og_locale":"lv_LV","og_type":"article","og_title":"Mustad alt laienevad teksap\u00fcksid - Karini Butiik","og_description":"Mustad alt laienevad teksap\u00fcksid. Klassikaline ja naiselik bootcut-l\u00f5ige, mis pikendab jalga ja sobib igaks p\u00e4evaks. Mugav ja kaunistav istuvus.","og_url":"https:\/\/www.karinibutiik.ee\/lv\/produkts\/mustad-alt-laienevad-teksapuksid\/","og_site_name":"Karini Butiik","article_publisher":"https:\/\/www.facebook.com\/karinibutiik.ee","article_modified_time":"2026-03-27T07:29:33+00:00","og_image":[{"width":1815,"height":2560,"url":"https:\/\/www.karinibutiik.ee\/wp-content\/uploads\/2025\/11\/2B5023B5-EB51-49C5-9D3E-5749A30C1C50-scaled.jpeg","type":"image\/jpeg"}],"twitter_card":"summary_large_image","twitter_misc":{"Availability":"In stock"},"schema":{"@context":"https:\/\/schema.org","@graph":[{"@type":"WebPage","@id":"https:\/\/www.karinibutiik.ee\/toode\/mustad-alt-laienevad-teksapuksid\/","url":"https:\/\/www.karinibutiik.ee\/toode\/mustad-alt-laienevad-teksapuksid\/","name":"Mustad alt laienevad teksap\u00fcksid - Karini Butiik","isPartOf":{"@id":"https:\/\/www.karinibutiik.ee\/#website"},"primaryImageOfPage":{"@id":"https:\/\/www.karinibutiik.ee\/toode\/mustad-alt-laienevad-teksapuksid\/#primaryimage"},"image":{"@id":"https:\/\/www.karinibutiik.ee\/toode\/mustad-alt-laienevad-teksapuksid\/#primaryimage"},"thumbnailUrl":"https:\/\/www.karinibutiik.ee\/wp-content\/uploads\/2025\/11\/2B5023B5-EB51-49C5-9D3E-5749A30C1C50-scaled.jpeg","datePublished":"2025-11-29T11:46:33+00:00","dateModified":"2026-03-27T07:29:33+00:00","description":"Mustad alt laienevad teksap\u00fcksid. Klassikaline ja naiselik bootcut-l\u00f5ige, mis pikendab jalga ja sobib igaks p\u00e4evaks. Mugav ja kaunistav istuvus.","breadcrumb":{"@id":"https:\/\/www.karinibutiik.ee\/toode\/mustad-alt-laienevad-teksapuksid\/#breadcrumb"},"inLanguage":"lv-LV","potentialAction":[{"@type":"ReadAction","target":["https:\/\/www.karinibutiik.ee\/toode\/mustad-alt-laienevad-teksapuksid\/"]}]},{"@type":"ImageObject","inLanguage":"lv-LV","@id":"https:\/\/www.karinibutiik.ee\/toode\/mustad-alt-laienevad-teksapuksid\/#primaryimage","url":"https:\/\/www.karinibutiik.ee\/wp-content\/uploads\/2025\/11\/2B5023B5-EB51-49C5-9D3E-5749A30C1C50-scaled.jpeg","contentUrl":"https:\/\/www.karinibutiik.ee\/wp-content\/uploads\/2025\/11\/2B5023B5-EB51-49C5-9D3E-5749A30C1C50-scaled.jpeg","width":1815,"height":2560,"caption":"Mustad alt laienevad teksap\u00fcksid"},{"@type":"BreadcrumbList","@id":"https:\/\/www.karinibutiik.ee\/toode\/mustad-alt-laienevad-teksapuksid\/#breadcrumb","itemListElement":[{"@type":"ListItem","position":1,"name":"Home","item":"https:\/\/www.karinibutiik.ee\/"},{"@type":"ListItem","position":2,"name":"Pood","item":"https:\/\/www.karinibutiik.ee\/pood\/"},{"@type":"ListItem","position":3,"name":"Mustad alt laienevad teksap\u00fcksid"}]},{"@type":"WebSite","@id":"https:\/\/www.karinibutiik.ee\/#website","url":"https:\/\/www.karinibutiik.ee\/","name":"Karini Butiik","description":"","publisher":{"@id":"https:\/\/www.karinibutiik.ee\/#organization"},"potentialAction":[{"@type":"SearchAction","target":{"@type":"EntryPoint","urlTemplate":"https:\/\/www.karinibutiik.ee\/?s={search_term_string}"},"query-input":{"@type":"PropertyValueSpecification","valueRequired":true,"valueName":"search_term_string"}}],"inLanguage":"lv-LV"},{"@type":"Organization","@id":"https:\/\/www.karinibutiik.ee\/#organization","name":"Karini Butiik","url":"https:\/\/www.karinibutiik.ee\/","logo":{"@type":"ImageObject","inLanguage":"lv-LV","@id":"https:\/\/www.karinibutiik.ee\/#\/schema\/logo\/image\/","url":"https:\/\/www.karinibutiik.ee\/wp-content\/uploads\/2024\/10\/Kuj.-K-koopia.png","contentUrl":"https:\/\/www.karinibutiik.ee\/wp-content\/uploads\/2024\/10\/Kuj.-K-koopia.png","width":500,"height":500,"caption":"Karini Butiik"},"image":{"@id":"https:\/\/www.karinibutiik.ee\/#\/schema\/logo\/image\/"},"sameAs":["https:\/\/www.facebook.com\/karinibutiik.ee","https:\/\/www.instagram.com\/karinibutiik"]}]},"og_availability":"instock","product_availability":"instock","product_retailer_item_id":"7630","product_condition":"new"},"_links":{"self":[{"href":"https:\/\/www.karinibutiik.ee\/lv\/wp-json\/wp\/v2\/product\/25412","targetHints":{"allow":["GET"]}}],"collection":[{"href":"https:\/\/www.karinibutiik.ee\/lv\/wp-json\/wp\/v2\/product"}],"about":[{"href":"https:\/\/www.karinibutiik.ee\/lv\/wp-json\/wp\/v2\/types\/product"}],"version-history":[{"count":1,"href":"https:\/\/www.karinibutiik.ee\/lv\/wp-json\/wp\/v2\/product\/25412\/revisions"}],"predecessor-version":[{"id":25418,"href":"https:\/\/www.karinibutiik.ee\/lv\/wp-json\/wp\/v2\/product\/25412\/revisions\/25418"}],"wp:featuredmedia":[{"embeddable":true,"href":"https:\/\/www.karinibutiik.ee\/lv\/wp-json\/wp\/v2\/media\/25381"}],"wp:attachment":[{"href":"https:\/\/www.karinibutiik.ee\/lv\/wp-json\/wp\/v2\/media?parent=25412"}],"wp:term":[{"taxonomy":"product_brand","embeddable":true,"href":"https:\/\/www.karinibutiik.ee\/lv\/wp-json\/wp\/v2\/product_brand?post=25412"},{"taxonomy":"product_cat","embeddable":true,"href":"https:\/\/www.karinibutiik.ee\/lv\/wp-json\/wp\/v2\/product_cat?post=25412"},{"taxonomy":"product_tag","embeddable":true,"href":"https:\/\/www.karinibutiik.ee\/lv\/wp-json\/wp\/v2\/product_tag?post=25412"}],"curies":[{"name":"wp","href":"https:\/\/api.w.org\/{rel}","templated":true}]}}