{"id":25463,"date":"2025-12-02T13:54:33","date_gmt":"2025-12-02T11:54:33","guid":{"rendered":"https:\/\/www.karinibutiik.ee\/?post_type=product&#038;p=25463"},"modified":"2026-03-11T16:18:58","modified_gmt":"2026-03-11T14:18:58","slug":"mustad-vabalt-langevad-tekstiilpuksid","status":"publish","type":"product","link":"https:\/\/www.karinibutiik.ee\/lv\/produkts\/mustad-vabalt-langevad-tekstiilpuksid\/","title":{"rendered":"Mustad vabalt langevad tekstiilp\u00fcksid"},"content":{"rendered":"<p>Stiilsed ja praktilised mustad tekstiilp\u00fcksid, mis langevad kaunilt ja loovad elegantse, pikendava silueti. P\u00fcksid on valmistatud mittekortsuvast ja v\u00e4ga mugavast materjalist, mis sobib nii igap\u00e4evaseks kandmiseks kui ka smart casual outfit\u2019iks. Mudelil on mugavad k\u00fcljetaskud ning t\u00e4iuslik istuvus t\u00e4nu pehmele, langevale kangale.<br data-start=\"609\" data-end=\"612\" \/>Pikkus 109 cm, sises\u00e4\u00e4r 83 cm. Saadaval suurused S, M ja L.<\/p>","protected":false},"excerpt":{"rendered":"<p>Stiilsed ja praktilised mustad tekstiilp\u00fcksid, mis langevad kaunilt ja loovad elegantse, pikendava silueti. P\u00fcksid on valmistatud mittekortsuvast ja v\u00e4ga mugavast [&hellip;]<\/p>\n","protected":false},"featured_media":25359,"template":"","meta":{"site-sidebar-layout":"default","site-content-layout":"","ast-site-content-layout":"default","site-content-style":"default","site-sidebar-style":"default","ast-global-header-display":"","ast-banner-title-visibility":"","ast-main-header-display":"","ast-hfb-above-header-display":"","ast-hfb-below-header-display":"","ast-hfb-mobile-header-display":"","site-post-title":"","ast-breadcrumbs-content":"","ast-featured-img":"","footer-sml-layout":"","ast-disable-related-posts":"","theme-transparent-header-meta":"default","adv-header-id-meta":"","stick-header-meta":"default","header-above-stick-meta":"","header-main-stick-meta":"","header-below-stick-meta":"","astra-migrate-meta-layouts":"set","ast-page-background-enabled":"default","ast-page-background-meta":{"desktop":{"background-color":"var(--ast-global-color-4)","background-image":"","background-repeat":"repeat","background-position":"center center","background-size":"auto","background-attachment":"scroll","background-type":"","background-media":"","overlay-type":"","overlay-color":"","overlay-opacity":"","overlay-gradient":""},"tablet":{"background-color":"","background-image":"","background-repeat":"repeat","background-position":"center center","background-size":"auto","background-attachment":"scroll","background-type":"","background-media":"","overlay-type":"","overlay-color":"","overlay-opacity":"","overlay-gradient":""},"mobile":{"background-color":"","background-image":"","background-repeat":"repeat","background-position":"center center","background-size":"auto","background-attachment":"scroll","background-type":"","background-media":"","overlay-type":"","overlay-color":"","overlay-opacity":"","overlay-gradient":""}},"ast-content-background-meta":{"desktop":{"background-color":"var(--ast-global-color-5)","background-image":"","background-repeat":"repeat","background-position":"center center","background-size":"auto","background-attachment":"scroll","background-type":"","background-media":"","overlay-type":"","overlay-color":"","overlay-opacity":"","overlay-gradient":""},"tablet":{"background-color":"var(--ast-global-color-5)","background-image":"","background-repeat":"repeat","background-position":"center center","background-size":"auto","background-attachment":"scroll","background-type":"","background-media":"","overlay-type":"","overlay-color":"","overlay-opacity":"","overlay-gradient":""},"mobile":{"background-color":"var(--ast-global-color-5)","background-image":"","background-repeat":"repeat","background-position":"center center","background-size":"auto","background-attachment":"scroll","background-type":"","background-media":"","overlay-type":"","overlay-color":"","overlay-opacity":"","overlay-gradient":""}}},"product_brand":[],"product_cat":[354,356,351],"product_tag":[1379,501,2347,2342,1077,518,2348,866,2345,2346,2344,2343,101,1376],"class_list":{"0":"post-25463","1":"product","2":"type-product","3":"status-publish","4":"has-post-thumbnail","6":"product_cat-puksid-seelikud","7":"product_cat-tekstiilpuksid","8":"product_cat-uued-tooted","9":"product_tag-elegantsed-puksid","10":"product_tag-karini-butiik","11":"product_tag-klassikalised-mustad-puksid","12":"product_tag-mittekortsuvad-puksid","13":"product_tag-mugavad-puksid","14":"product_tag-mustad-puksid","15":"product_tag-naiste-igapaevamood","16":"product_tag-naiste-puksid","17":"product_tag-pikkade-saartega-puksid","18":"product_tag-s-m-l-puksid","19":"product_tag-smart-casual-puksid","20":"product_tag-taskutega-puksid","21":"product_tag-tekstiilpuksid","22":"product_tag-vabalt-langevad-puksid","23":"desktop-align-center","24":"tablet-align-center","25":"mobile-align-center","26":"ast-product-gallery-layout-horizontal-slider","27":"ast-product-single-variable","28":"ast-product-tabs-layout-horizontal","30":"first","31":"instock","32":"taxable","33":"shipping-taxable","34":"purchasable","35":"product-type-variable"},"supplier_id":null,"supplier_sku":"","barcode":null,"atum_controlled":true,"out_stock_date":null,"out_stock_threshold":null,"inheritable":true,"inbound_stock":null,"stock_on_hold":0,"sold_today":null,"sales_last_days":null,"reserved_stock":0,"customer_returns":null,"warehouse_damage":0,"lost_in_post":null,"other_logs":0,"out_stock_days":null,"lost_sales":null,"has_location":false,"update_date":"2025-12-05T10:58:09","atum_locations":[],"atum_stock_status":"instock","restock_status":false,"low_stock_amount":"","sales_update_date":"2025-12-05T10:58:09","calc_backorders":null,"yoast_head":"<!-- This site is optimized with the Yoast SEO plugin v26.9 - https:\/\/yoast.com\/product\/yoast-seo-wordpress\/ -->\n<title>Mustad vabalt langevad tekstiilp\u00fcksid - Karini Butiik<\/title>\n<meta name=\"description\" content=\"Mustad vabalt langevad tekstiilp\u00fcksid \u2013 mugav mittekortsuv materjal, taskud ja kaunis langevus. Ideaalne igap\u00e4evaseks ja smart casual stiiliks.\" \/>\n<meta name=\"robots\" content=\"index, follow, max-snippet:-1, max-image-preview:large, max-video-preview:-1\" \/>\n<link rel=\"canonical\" href=\"https:\/\/www.karinibutiik.ee\/lv\/produkts\/mustad-vabalt-langevad-tekstiilpuksid\/\" \/>\n<meta property=\"og:locale\" content=\"lv_LV\" \/>\n<meta property=\"og:type\" content=\"article\" \/>\n<meta property=\"og:title\" content=\"Mustad vabalt langevad tekstiilp\u00fcksid - Karini Butiik\" \/>\n<meta property=\"og:description\" content=\"Mustad vabalt langevad tekstiilp\u00fcksid \u2013 mugav mittekortsuv materjal, taskud ja kaunis langevus. Ideaalne igap\u00e4evaseks ja smart casual stiiliks.\" \/>\n<meta property=\"og:url\" content=\"https:\/\/www.karinibutiik.ee\/lv\/produkts\/mustad-vabalt-langevad-tekstiilpuksid\/\" \/>\n<meta property=\"og:site_name\" content=\"Karini Butiik\" \/>\n<meta property=\"article:publisher\" content=\"https:\/\/www.facebook.com\/karinibutiik.ee\" \/>\n<meta property=\"article:modified_time\" content=\"2026-03-11T14:18:58+00:00\" \/>\n<meta property=\"og:image\" content=\"https:\/\/www.karinibutiik.ee\/wp-content\/uploads\/2025\/11\/6A555B24-64A9-4DCD-BD75-DDA5E46C431B-scaled.jpeg\" \/>\n\t<meta property=\"og:image:width\" content=\"1873\" \/>\n\t<meta property=\"og:image:height\" content=\"2560\" \/>\n\t<meta property=\"og:image:type\" content=\"image\/jpeg\" \/>\n<meta name=\"twitter:card\" content=\"summary_large_image\" \/>\n<meta name=\"twitter:label1\" content=\"Availability\" \/>\n\t<meta name=\"twitter:data1\" content=\"In stock\" \/>\n<script type=\"application\/ld+json\" class=\"yoast-schema-graph\">{\"@context\":\"https:\/\/schema.org\",\"@graph\":[{\"@type\":\"WebPage\",\"@id\":\"https:\/\/www.karinibutiik.ee\/toode\/mustad-vabalt-langevad-tekstiilpuksid\/\",\"url\":\"https:\/\/www.karinibutiik.ee\/toode\/mustad-vabalt-langevad-tekstiilpuksid\/\",\"name\":\"Mustad vabalt langevad tekstiilp\u00fcksid - Karini Butiik\",\"isPartOf\":{\"@id\":\"https:\/\/www.karinibutiik.ee\/#website\"},\"primaryImageOfPage\":{\"@id\":\"https:\/\/www.karinibutiik.ee\/toode\/mustad-vabalt-langevad-tekstiilpuksid\/#primaryimage\"},\"image\":{\"@id\":\"https:\/\/www.karinibutiik.ee\/toode\/mustad-vabalt-langevad-tekstiilpuksid\/#primaryimage\"},\"thumbnailUrl\":\"https:\/\/www.karinibutiik.ee\/wp-content\/uploads\/2025\/11\/6A555B24-64A9-4DCD-BD75-DDA5E46C431B-scaled.jpeg\",\"datePublished\":\"2025-12-02T11:54:33+00:00\",\"dateModified\":\"2026-03-11T14:18:58+00:00\",\"description\":\"Mustad vabalt langevad tekstiilp\u00fcksid \u2013 mugav mittekortsuv materjal, taskud ja kaunis langevus. Ideaalne igap\u00e4evaseks ja smart casual stiiliks.\",\"breadcrumb\":{\"@id\":\"https:\/\/www.karinibutiik.ee\/toode\/mustad-vabalt-langevad-tekstiilpuksid\/#breadcrumb\"},\"inLanguage\":\"lv-LV\",\"potentialAction\":[{\"@type\":\"ReadAction\",\"target\":[\"https:\/\/www.karinibutiik.ee\/toode\/mustad-vabalt-langevad-tekstiilpuksid\/\"]}]},{\"@type\":\"ImageObject\",\"inLanguage\":\"lv-LV\",\"@id\":\"https:\/\/www.karinibutiik.ee\/toode\/mustad-vabalt-langevad-tekstiilpuksid\/#primaryimage\",\"url\":\"https:\/\/www.karinibutiik.ee\/wp-content\/uploads\/2025\/11\/6A555B24-64A9-4DCD-BD75-DDA5E46C431B-scaled.jpeg\",\"contentUrl\":\"https:\/\/www.karinibutiik.ee\/wp-content\/uploads\/2025\/11\/6A555B24-64A9-4DCD-BD75-DDA5E46C431B-scaled.jpeg\",\"width\":1873,\"height\":2560},{\"@type\":\"BreadcrumbList\",\"@id\":\"https:\/\/www.karinibutiik.ee\/toode\/mustad-vabalt-langevad-tekstiilpuksid\/#breadcrumb\",\"itemListElement\":[{\"@type\":\"ListItem\",\"position\":1,\"name\":\"Home\",\"item\":\"https:\/\/www.karinibutiik.ee\/\"},{\"@type\":\"ListItem\",\"position\":2,\"name\":\"Pood\",\"item\":\"https:\/\/www.karinibutiik.ee\/pood\/\"},{\"@type\":\"ListItem\",\"position\":3,\"name\":\"Mustad vabalt langevad tekstiilp\u00fcksid\"}]},{\"@type\":\"WebSite\",\"@id\":\"https:\/\/www.karinibutiik.ee\/#website\",\"url\":\"https:\/\/www.karinibutiik.ee\/\",\"name\":\"Karini Butiik\",\"description\":\"\",\"publisher\":{\"@id\":\"https:\/\/www.karinibutiik.ee\/#organization\"},\"potentialAction\":[{\"@type\":\"SearchAction\",\"target\":{\"@type\":\"EntryPoint\",\"urlTemplate\":\"https:\/\/www.karinibutiik.ee\/?s={search_term_string}\"},\"query-input\":{\"@type\":\"PropertyValueSpecification\",\"valueRequired\":true,\"valueName\":\"search_term_string\"}}],\"inLanguage\":\"lv-LV\"},{\"@type\":\"Organization\",\"@id\":\"https:\/\/www.karinibutiik.ee\/#organization\",\"name\":\"Karini Butiik\",\"url\":\"https:\/\/www.karinibutiik.ee\/\",\"logo\":{\"@type\":\"ImageObject\",\"inLanguage\":\"lv-LV\",\"@id\":\"https:\/\/www.karinibutiik.ee\/#\/schema\/logo\/image\/\",\"url\":\"https:\/\/www.karinibutiik.ee\/wp-content\/uploads\/2024\/10\/Kuj.-K-koopia.png\",\"contentUrl\":\"https:\/\/www.karinibutiik.ee\/wp-content\/uploads\/2024\/10\/Kuj.-K-koopia.png\",\"width\":500,\"height\":500,\"caption\":\"Karini Butiik\"},\"image\":{\"@id\":\"https:\/\/www.karinibutiik.ee\/#\/schema\/logo\/image\/\"},\"sameAs\":[\"https:\/\/www.facebook.com\/karinibutiik.ee\",\"https:\/\/www.instagram.com\/karinibutiik\"]}]}<\/script>\n<meta property=\"og:availability\" content=\"instock\" \/>\n<meta property=\"product:availability\" content=\"instock\" \/>\n<meta property=\"product:retailer_item_id\" content=\"23717\" \/>\n<meta property=\"product:condition\" content=\"new\" \/>\n<!-- \/ Yoast SEO plugin. -->","yoast_head_json":{"title":"Mustad vabalt langevad tekstiilp\u00fcksid - Karini Butiik","description":"Mustad vabalt langevad tekstiilp\u00fcksid \u2013 mugav mittekortsuv materjal, taskud ja kaunis langevus. Ideaalne igap\u00e4evaseks ja smart casual stiiliks.","robots":{"index":"index","follow":"follow","max-snippet":"max-snippet:-1","max-image-preview":"max-image-preview:large","max-video-preview":"max-video-preview:-1"},"canonical":"https:\/\/www.karinibutiik.ee\/lv\/produkts\/mustad-vabalt-langevad-tekstiilpuksid\/","og_locale":"lv_LV","og_type":"article","og_title":"Mustad vabalt langevad tekstiilp\u00fcksid - Karini Butiik","og_description":"Mustad vabalt langevad tekstiilp\u00fcksid \u2013 mugav mittekortsuv materjal, taskud ja kaunis langevus. Ideaalne igap\u00e4evaseks ja smart casual stiiliks.","og_url":"https:\/\/www.karinibutiik.ee\/lv\/produkts\/mustad-vabalt-langevad-tekstiilpuksid\/","og_site_name":"Karini Butiik","article_publisher":"https:\/\/www.facebook.com\/karinibutiik.ee","article_modified_time":"2026-03-11T14:18:58+00:00","og_image":[{"width":1873,"height":2560,"url":"https:\/\/www.karinibutiik.ee\/wp-content\/uploads\/2025\/11\/6A555B24-64A9-4DCD-BD75-DDA5E46C431B-scaled.jpeg","type":"image\/jpeg"}],"twitter_card":"summary_large_image","twitter_misc":{"Availability":"In stock"},"schema":{"@context":"https:\/\/schema.org","@graph":[{"@type":"WebPage","@id":"https:\/\/www.karinibutiik.ee\/toode\/mustad-vabalt-langevad-tekstiilpuksid\/","url":"https:\/\/www.karinibutiik.ee\/toode\/mustad-vabalt-langevad-tekstiilpuksid\/","name":"Mustad vabalt langevad tekstiilp\u00fcksid - Karini Butiik","isPartOf":{"@id":"https:\/\/www.karinibutiik.ee\/#website"},"primaryImageOfPage":{"@id":"https:\/\/www.karinibutiik.ee\/toode\/mustad-vabalt-langevad-tekstiilpuksid\/#primaryimage"},"image":{"@id":"https:\/\/www.karinibutiik.ee\/toode\/mustad-vabalt-langevad-tekstiilpuksid\/#primaryimage"},"thumbnailUrl":"https:\/\/www.karinibutiik.ee\/wp-content\/uploads\/2025\/11\/6A555B24-64A9-4DCD-BD75-DDA5E46C431B-scaled.jpeg","datePublished":"2025-12-02T11:54:33+00:00","dateModified":"2026-03-11T14:18:58+00:00","description":"Mustad vabalt langevad tekstiilp\u00fcksid \u2013 mugav mittekortsuv materjal, taskud ja kaunis langevus. Ideaalne igap\u00e4evaseks ja smart casual stiiliks.","breadcrumb":{"@id":"https:\/\/www.karinibutiik.ee\/toode\/mustad-vabalt-langevad-tekstiilpuksid\/#breadcrumb"},"inLanguage":"lv-LV","potentialAction":[{"@type":"ReadAction","target":["https:\/\/www.karinibutiik.ee\/toode\/mustad-vabalt-langevad-tekstiilpuksid\/"]}]},{"@type":"ImageObject","inLanguage":"lv-LV","@id":"https:\/\/www.karinibutiik.ee\/toode\/mustad-vabalt-langevad-tekstiilpuksid\/#primaryimage","url":"https:\/\/www.karinibutiik.ee\/wp-content\/uploads\/2025\/11\/6A555B24-64A9-4DCD-BD75-DDA5E46C431B-scaled.jpeg","contentUrl":"https:\/\/www.karinibutiik.ee\/wp-content\/uploads\/2025\/11\/6A555B24-64A9-4DCD-BD75-DDA5E46C431B-scaled.jpeg","width":1873,"height":2560},{"@type":"BreadcrumbList","@id":"https:\/\/www.karinibutiik.ee\/toode\/mustad-vabalt-langevad-tekstiilpuksid\/#breadcrumb","itemListElement":[{"@type":"ListItem","position":1,"name":"Home","item":"https:\/\/www.karinibutiik.ee\/"},{"@type":"ListItem","position":2,"name":"Pood","item":"https:\/\/www.karinibutiik.ee\/pood\/"},{"@type":"ListItem","position":3,"name":"Mustad vabalt langevad tekstiilp\u00fcksid"}]},{"@type":"WebSite","@id":"https:\/\/www.karinibutiik.ee\/#website","url":"https:\/\/www.karinibutiik.ee\/","name":"Karini Butiik","description":"","publisher":{"@id":"https:\/\/www.karinibutiik.ee\/#organization"},"potentialAction":[{"@type":"SearchAction","target":{"@type":"EntryPoint","urlTemplate":"https:\/\/www.karinibutiik.ee\/?s={search_term_string}"},"query-input":{"@type":"PropertyValueSpecification","valueRequired":true,"valueName":"search_term_string"}}],"inLanguage":"lv-LV"},{"@type":"Organization","@id":"https:\/\/www.karinibutiik.ee\/#organization","name":"Karini Butiik","url":"https:\/\/www.karinibutiik.ee\/","logo":{"@type":"ImageObject","inLanguage":"lv-LV","@id":"https:\/\/www.karinibutiik.ee\/#\/schema\/logo\/image\/","url":"https:\/\/www.karinibutiik.ee\/wp-content\/uploads\/2024\/10\/Kuj.-K-koopia.png","contentUrl":"https:\/\/www.karinibutiik.ee\/wp-content\/uploads\/2024\/10\/Kuj.-K-koopia.png","width":500,"height":500,"caption":"Karini Butiik"},"image":{"@id":"https:\/\/www.karinibutiik.ee\/#\/schema\/logo\/image\/"},"sameAs":["https:\/\/www.facebook.com\/karinibutiik.ee","https:\/\/www.instagram.com\/karinibutiik"]}]},"og_availability":"instock","product_availability":"instock","product_retailer_item_id":"23717","product_condition":"new"},"_links":{"self":[{"href":"https:\/\/www.karinibutiik.ee\/lv\/wp-json\/wp\/v2\/product\/25463","targetHints":{"allow":["GET"]}}],"collection":[{"href":"https:\/\/www.karinibutiik.ee\/lv\/wp-json\/wp\/v2\/product"}],"about":[{"href":"https:\/\/www.karinibutiik.ee\/lv\/wp-json\/wp\/v2\/types\/product"}],"version-history":[{"count":1,"href":"https:\/\/www.karinibutiik.ee\/lv\/wp-json\/wp\/v2\/product\/25463\/revisions"}],"predecessor-version":[{"id":25467,"href":"https:\/\/www.karinibutiik.ee\/lv\/wp-json\/wp\/v2\/product\/25463\/revisions\/25467"}],"wp:featuredmedia":[{"embeddable":true,"href":"https:\/\/www.karinibutiik.ee\/lv\/wp-json\/wp\/v2\/media\/25359"}],"wp:attachment":[{"href":"https:\/\/www.karinibutiik.ee\/lv\/wp-json\/wp\/v2\/media?parent=25463"}],"wp:term":[{"taxonomy":"product_brand","embeddable":true,"href":"https:\/\/www.karinibutiik.ee\/lv\/wp-json\/wp\/v2\/product_brand?post=25463"},{"taxonomy":"product_cat","embeddable":true,"href":"https:\/\/www.karinibutiik.ee\/lv\/wp-json\/wp\/v2\/product_cat?post=25463"},{"taxonomy":"product_tag","embeddable":true,"href":"https:\/\/www.karinibutiik.ee\/lv\/wp-json\/wp\/v2\/product_tag?post=25463"}],"curies":[{"name":"wp","href":"https:\/\/api.w.org\/{rel}","templated":true}]}}