{"id":25847,"date":"2026-01-20T15:27:07","date_gmt":"2026-01-20T13:27:07","guid":{"rendered":"https:\/\/www.karinibutiik.ee\/?post_type=product&#038;p=25847"},"modified":"2026-04-22T15:45:59","modified_gmt":"2026-04-22T12:45:59","slug":"korseti-loikega-maksikleit-ja-taskutega-2","status":"publish","type":"product","link":"https:\/\/www.karinibutiik.ee\/lv\/produkts\/korseti-loikega-maksikleit-ja-taskutega-2\/","title":{"rendered":"Korseti l\u00f5ikega maksikleit taskutega"},"content":{"rendered":"<p>Maksikleit korseti l\u00f5ike ja rohke seelikuosaga, mis loob t\u00f5elise printsessiliku tunde. Kleidil on kangakihi all peidetud t\u00fcll, mis lisab vol\u00fc\u00fcmi ja liikumist. Seljal lukk ja paelad tagavad kindla ja kauni istuvuse . Kleit on <strong data-start=\"81\" data-end=\"131\">kantav nii \u00f5lapaeltega kui ka ilma \u00f5lapaelteta<\/strong>, v\u00f5imaldades luua erinevaid stiile vastavalt soovile ja s\u00fcndmusele.<\/p>\n<p>Un, kas padara \u0161o kleitu v\u0113l \u012bpa\u0161\u0101ku - tai ir kabatas! \u0160\u012b maz\u0101 luksusa deta\u013ca pie\u0161\u0137ir gan komfortu, gan praktiskumu.<\/p>\n<p>Baltais tonis ir ide\u0101li piem\u0113rots k\u0101zu kleitai, bet p\u0101r\u0113j\u0101s kr\u0101sas ir piem\u0113rotas izlaidumam, svin\u012bgam pas\u0101kumam vai citam svin\u012bgam notikumam.<\/p>","protected":false},"excerpt":{"rendered":"<p>Maksikleit korseti l\u00f5ike ja rohke seelikuosaga, mis loob t\u00f5elise printsessiliku tunde. Kleidil on kangakihi all peidetud t\u00fcll, mis lisab vol\u00fc\u00fcmi [&hellip;]<\/p>\n","protected":false},"featured_media":26074,"template":"","meta":{"site-sidebar-layout":"default","site-content-layout":"","ast-site-content-layout":"default","site-content-style":"default","site-sidebar-style":"default","ast-global-header-display":"","ast-banner-title-visibility":"","ast-main-header-display":"","ast-hfb-above-header-display":"","ast-hfb-below-header-display":"","ast-hfb-mobile-header-display":"","site-post-title":"","ast-breadcrumbs-content":"","ast-featured-img":"","footer-sml-layout":"","ast-disable-related-posts":"","theme-transparent-header-meta":"default","adv-header-id-meta":"","stick-header-meta":"default","header-above-stick-meta":"","header-main-stick-meta":"","header-below-stick-meta":"","astra-migrate-meta-layouts":"set","ast-page-background-enabled":"default","ast-page-background-meta":{"desktop":{"background-color":"var(--ast-global-color-4)","background-image":"","background-repeat":"repeat","background-position":"center center","background-size":"auto","background-attachment":"scroll","background-type":"","background-media":"","overlay-type":"","overlay-color":"","overlay-opacity":"","overlay-gradient":""},"tablet":{"background-color":"","background-image":"","background-repeat":"repeat","background-position":"center center","background-size":"auto","background-attachment":"scroll","background-type":"","background-media":"","overlay-type":"","overlay-color":"","overlay-opacity":"","overlay-gradient":""},"mobile":{"background-color":"","background-image":"","background-repeat":"repeat","background-position":"center center","background-size":"auto","background-attachment":"scroll","background-type":"","background-media":"","overlay-type":"","overlay-color":"","overlay-opacity":"","overlay-gradient":""}},"ast-content-background-meta":{"desktop":{"background-color":"var(--ast-global-color-5)","background-image":"","background-repeat":"repeat","background-position":"center center","background-size":"auto","background-attachment":"scroll","background-type":"","background-media":"","overlay-type":"","overlay-color":"","overlay-opacity":"","overlay-gradient":""},"tablet":{"background-color":"var(--ast-global-color-5)","background-image":"","background-repeat":"repeat","background-position":"center center","background-size":"auto","background-attachment":"scroll","background-type":"","background-media":"","overlay-type":"","overlay-color":"","overlay-opacity":"","overlay-gradient":""},"mobile":{"background-color":"var(--ast-global-color-5)","background-image":"","background-repeat":"repeat","background-position":"center center","background-size":"auto","background-attachment":"scroll","background-type":"","background-media":"","overlay-type":"","overlay-color":"","overlay-opacity":"","overlay-gradient":""}}},"product_brand":[],"product_cat":[347,348,357,346,350,351],"product_tag":[475,596,476,501,477,270,940,485,647,91,2415,486,254,1164,1331,504,505,930,506,2416],"class_list":{"0":"post-25847","1":"product","2":"type-product","3":"status-publish","4":"has-post-thumbnail","6":"product_cat-kleidid","7":"product_cat-lopukleidid","8":"product_cat-maksikleidid","9":"product_cat-naised","10":"product_cat-pulmakleidid-pruutneitside-kleidid","11":"product_cat-uued-tooted","12":"product_tag-dresshouse","13":"product_tag-get-dressed","14":"product_tag-getdressed","15":"product_tag-karini-butiik","16":"product_tag-kleidibutiik","17":"product_tag-kleidid","18":"product_tag-kleididbutiik","19":"product_tag-kleidipood","20":"product_tag-kleidipood-tallinnas","21":"product_tag-koolilopukleit","22":"product_tag-korseti-loikega-maksikleit-ja-taskutega","23":"product_tag-maksikleidid","24":"product_tag-ohtukleidid","25":"product_tag-pruutkleit","26":"product_tag-pulma-kleit","27":"product_tag-roheline-kleit","28":"product_tag-roosa-kleit","29":"product_tag-sinine-kleit","30":"product_tag-valge-kleit","31":"product_tag-valge-pulma-kleit","32":"desktop-align-center","33":"tablet-align-center","34":"mobile-align-center","35":"ast-product-gallery-layout-horizontal-slider","36":"ast-product-single-variable","37":"ast-product-tabs-layout-horizontal","39":"first","40":"instock","41":"taxable","42":"shipping-taxable","43":"purchasable","44":"product-type-variable"},"supplier_id":null,"supplier_sku":"","barcode":null,"atum_controlled":true,"out_stock_date":null,"out_stock_threshold":null,"inheritable":true,"inbound_stock":null,"stock_on_hold":0,"sold_today":null,"sales_last_days":null,"reserved_stock":0,"customer_returns":null,"warehouse_damage":0,"lost_in_post":null,"other_logs":0,"out_stock_days":null,"lost_sales":null,"has_location":false,"update_date":"2026-04-21T14:28:16","atum_locations":[],"atum_stock_status":"instock","restock_status":false,"low_stock_amount":"","sales_update_date":null,"calc_backorders":null,"yoast_head":"<!-- This site is optimized with the Yoast SEO plugin v26.9 - https:\/\/yoast.com\/product\/yoast-seo-wordpress\/ -->\n<title>Korseti l\u00f5ikega maksikleit taskutega - Karini Butiik<\/title>\n<meta name=\"description\" content=\"Maksikleit korseti l\u00f5ike ja rohke seelikuosaga. Kleidil on kangakihi all peidetud t\u00fcll. Kleit on kantav nii \u00f5lapaeltega kui ka ilma \u00f5lapaelteta\" \/>\n<meta name=\"robots\" content=\"index, follow, max-snippet:-1, max-image-preview:large, max-video-preview:-1\" \/>\n<link rel=\"canonical\" href=\"https:\/\/www.karinibutiik.ee\/lv\/produkts\/korseti-loikega-maksikleit-ja-taskutega-2\/\" \/>\n<meta property=\"og:locale\" content=\"lv_LV\" \/>\n<meta property=\"og:type\" content=\"article\" \/>\n<meta property=\"og:title\" content=\"Korseti l\u00f5ikega maksikleit taskutega - Karini Butiik\" \/>\n<meta property=\"og:description\" content=\"Maksikleit korseti l\u00f5ike ja rohke seelikuosaga. Kleidil on kangakihi all peidetud t\u00fcll. Kleit on kantav nii \u00f5lapaeltega kui ka ilma \u00f5lapaelteta\" \/>\n<meta property=\"og:url\" content=\"https:\/\/www.karinibutiik.ee\/lv\/produkts\/korseti-loikega-maksikleit-ja-taskutega-2\/\" \/>\n<meta property=\"og:site_name\" content=\"Karini Butiik\" \/>\n<meta property=\"article:publisher\" content=\"https:\/\/www.facebook.com\/karinibutiik.ee\" \/>\n<meta property=\"article:modified_time\" content=\"2026-04-22T12:45:59+00:00\" \/>\n<meta property=\"og:image\" content=\"https:\/\/www.karinibutiik.ee\/wp-content\/uploads\/2026\/02\/260215_Karini_Butiik_Erlend_Staub40-scaled.jpg\" \/>\n\t<meta property=\"og:image:width\" content=\"2048\" \/>\n\t<meta property=\"og:image:height\" content=\"2560\" \/>\n\t<meta property=\"og:image:type\" content=\"image\/jpeg\" \/>\n<meta name=\"twitter:card\" content=\"summary_large_image\" \/>\n<meta name=\"twitter:label1\" content=\"Availability\" \/>\n\t<meta name=\"twitter:data1\" content=\"In stock\" \/>\n<script type=\"application\/ld+json\" class=\"yoast-schema-graph\">{\"@context\":\"https:\/\/schema.org\",\"@graph\":[{\"@type\":\"WebPage\",\"@id\":\"https:\/\/www.karinibutiik.ee\/toode\/korseti-loikega-maksikleit-ja-taskutega-2\/\",\"url\":\"https:\/\/www.karinibutiik.ee\/toode\/korseti-loikega-maksikleit-ja-taskutega-2\/\",\"name\":\"Korseti l\u00f5ikega maksikleit taskutega - Karini Butiik\",\"isPartOf\":{\"@id\":\"https:\/\/www.karinibutiik.ee\/#website\"},\"primaryImageOfPage\":{\"@id\":\"https:\/\/www.karinibutiik.ee\/toode\/korseti-loikega-maksikleit-ja-taskutega-2\/#primaryimage\"},\"image\":{\"@id\":\"https:\/\/www.karinibutiik.ee\/toode\/korseti-loikega-maksikleit-ja-taskutega-2\/#primaryimage\"},\"thumbnailUrl\":\"https:\/\/www.karinibutiik.ee\/wp-content\/uploads\/2026\/02\/260215_Karini_Butiik_Erlend_Staub40-scaled.jpg\",\"datePublished\":\"2026-01-20T13:27:07+00:00\",\"dateModified\":\"2026-04-22T12:45:59+00:00\",\"description\":\"Maksikleit korseti l\u00f5ike ja rohke seelikuosaga. Kleidil on kangakihi all peidetud t\u00fcll. Kleit on kantav nii \u00f5lapaeltega kui ka ilma \u00f5lapaelteta\",\"breadcrumb\":{\"@id\":\"https:\/\/www.karinibutiik.ee\/toode\/korseti-loikega-maksikleit-ja-taskutega-2\/#breadcrumb\"},\"inLanguage\":\"lv-LV\",\"potentialAction\":[{\"@type\":\"ReadAction\",\"target\":[\"https:\/\/www.karinibutiik.ee\/toode\/korseti-loikega-maksikleit-ja-taskutega-2\/\"]}]},{\"@type\":\"ImageObject\",\"inLanguage\":\"lv-LV\",\"@id\":\"https:\/\/www.karinibutiik.ee\/toode\/korseti-loikega-maksikleit-ja-taskutega-2\/#primaryimage\",\"url\":\"https:\/\/www.karinibutiik.ee\/wp-content\/uploads\/2026\/02\/260215_Karini_Butiik_Erlend_Staub40-scaled.jpg\",\"contentUrl\":\"https:\/\/www.karinibutiik.ee\/wp-content\/uploads\/2026\/02\/260215_Karini_Butiik_Erlend_Staub40-scaled.jpg\",\"width\":2048,\"height\":2560,\"caption\":\"Korseti l\u00f5ikega taskutega maksikleit\"},{\"@type\":\"BreadcrumbList\",\"@id\":\"https:\/\/www.karinibutiik.ee\/toode\/korseti-loikega-maksikleit-ja-taskutega-2\/#breadcrumb\",\"itemListElement\":[{\"@type\":\"ListItem\",\"position\":1,\"name\":\"Home\",\"item\":\"https:\/\/www.karinibutiik.ee\/\"},{\"@type\":\"ListItem\",\"position\":2,\"name\":\"Pood\",\"item\":\"https:\/\/www.karinibutiik.ee\/pood\/\"},{\"@type\":\"ListItem\",\"position\":3,\"name\":\"Korseti l\u00f5ikega maksikleit taskutega\"}]},{\"@type\":\"WebSite\",\"@id\":\"https:\/\/www.karinibutiik.ee\/#website\",\"url\":\"https:\/\/www.karinibutiik.ee\/\",\"name\":\"Karini Butiik\",\"description\":\"\",\"publisher\":{\"@id\":\"https:\/\/www.karinibutiik.ee\/#organization\"},\"potentialAction\":[{\"@type\":\"SearchAction\",\"target\":{\"@type\":\"EntryPoint\",\"urlTemplate\":\"https:\/\/www.karinibutiik.ee\/?s={search_term_string}\"},\"query-input\":{\"@type\":\"PropertyValueSpecification\",\"valueRequired\":true,\"valueName\":\"search_term_string\"}}],\"inLanguage\":\"lv-LV\"},{\"@type\":\"Organization\",\"@id\":\"https:\/\/www.karinibutiik.ee\/#organization\",\"name\":\"Karini Butiik\",\"url\":\"https:\/\/www.karinibutiik.ee\/\",\"logo\":{\"@type\":\"ImageObject\",\"inLanguage\":\"lv-LV\",\"@id\":\"https:\/\/www.karinibutiik.ee\/#\/schema\/logo\/image\/\",\"url\":\"https:\/\/www.karinibutiik.ee\/wp-content\/uploads\/2024\/10\/Kuj.-K-koopia.png\",\"contentUrl\":\"https:\/\/www.karinibutiik.ee\/wp-content\/uploads\/2024\/10\/Kuj.-K-koopia.png\",\"width\":500,\"height\":500,\"caption\":\"Karini Butiik\"},\"image\":{\"@id\":\"https:\/\/www.karinibutiik.ee\/#\/schema\/logo\/image\/\"},\"sameAs\":[\"https:\/\/www.facebook.com\/karinibutiik.ee\",\"https:\/\/www.instagram.com\/karinibutiik\"]}]}<\/script>\n<meta property=\"og:availability\" content=\"instock\" \/>\n<meta property=\"product:availability\" content=\"instock\" \/>\n<meta property=\"product:retailer_item_id\" content=\"2499\" \/>\n<meta property=\"product:condition\" content=\"new\" \/>\n<!-- \/ Yoast SEO plugin. -->","yoast_head_json":{"title":"Korseti l\u00f5ikega maksikleit taskutega - Karini Butiik","description":"Maksikleit korseti l\u00f5ike ja rohke seelikuosaga. Kleidil on kangakihi all peidetud t\u00fcll. Kleit on kantav nii \u00f5lapaeltega kui ka ilma \u00f5lapaelteta","robots":{"index":"index","follow":"follow","max-snippet":"max-snippet:-1","max-image-preview":"max-image-preview:large","max-video-preview":"max-video-preview:-1"},"canonical":"https:\/\/www.karinibutiik.ee\/lv\/produkts\/korseti-loikega-maksikleit-ja-taskutega-2\/","og_locale":"lv_LV","og_type":"article","og_title":"Korseti l\u00f5ikega maksikleit taskutega - Karini Butiik","og_description":"Maksikleit korseti l\u00f5ike ja rohke seelikuosaga. Kleidil on kangakihi all peidetud t\u00fcll. Kleit on kantav nii \u00f5lapaeltega kui ka ilma \u00f5lapaelteta","og_url":"https:\/\/www.karinibutiik.ee\/lv\/produkts\/korseti-loikega-maksikleit-ja-taskutega-2\/","og_site_name":"Karini Butiik","article_publisher":"https:\/\/www.facebook.com\/karinibutiik.ee","article_modified_time":"2026-04-22T12:45:59+00:00","og_image":[{"width":2048,"height":2560,"url":"https:\/\/www.karinibutiik.ee\/wp-content\/uploads\/2026\/02\/260215_Karini_Butiik_Erlend_Staub40-scaled.jpg","type":"image\/jpeg"}],"twitter_card":"summary_large_image","twitter_misc":{"Availability":"In stock"},"schema":{"@context":"https:\/\/schema.org","@graph":[{"@type":"WebPage","@id":"https:\/\/www.karinibutiik.ee\/toode\/korseti-loikega-maksikleit-ja-taskutega-2\/","url":"https:\/\/www.karinibutiik.ee\/toode\/korseti-loikega-maksikleit-ja-taskutega-2\/","name":"Korseti l\u00f5ikega maksikleit taskutega - Karini Butiik","isPartOf":{"@id":"https:\/\/www.karinibutiik.ee\/#website"},"primaryImageOfPage":{"@id":"https:\/\/www.karinibutiik.ee\/toode\/korseti-loikega-maksikleit-ja-taskutega-2\/#primaryimage"},"image":{"@id":"https:\/\/www.karinibutiik.ee\/toode\/korseti-loikega-maksikleit-ja-taskutega-2\/#primaryimage"},"thumbnailUrl":"https:\/\/www.karinibutiik.ee\/wp-content\/uploads\/2026\/02\/260215_Karini_Butiik_Erlend_Staub40-scaled.jpg","datePublished":"2026-01-20T13:27:07+00:00","dateModified":"2026-04-22T12:45:59+00:00","description":"Maksikleit korseti l\u00f5ike ja rohke seelikuosaga. Kleidil on kangakihi all peidetud t\u00fcll. Kleit on kantav nii \u00f5lapaeltega kui ka ilma \u00f5lapaelteta","breadcrumb":{"@id":"https:\/\/www.karinibutiik.ee\/toode\/korseti-loikega-maksikleit-ja-taskutega-2\/#breadcrumb"},"inLanguage":"lv-LV","potentialAction":[{"@type":"ReadAction","target":["https:\/\/www.karinibutiik.ee\/toode\/korseti-loikega-maksikleit-ja-taskutega-2\/"]}]},{"@type":"ImageObject","inLanguage":"lv-LV","@id":"https:\/\/www.karinibutiik.ee\/toode\/korseti-loikega-maksikleit-ja-taskutega-2\/#primaryimage","url":"https:\/\/www.karinibutiik.ee\/wp-content\/uploads\/2026\/02\/260215_Karini_Butiik_Erlend_Staub40-scaled.jpg","contentUrl":"https:\/\/www.karinibutiik.ee\/wp-content\/uploads\/2026\/02\/260215_Karini_Butiik_Erlend_Staub40-scaled.jpg","width":2048,"height":2560,"caption":"Korseti l\u00f5ikega taskutega maksikleit"},{"@type":"BreadcrumbList","@id":"https:\/\/www.karinibutiik.ee\/toode\/korseti-loikega-maksikleit-ja-taskutega-2\/#breadcrumb","itemListElement":[{"@type":"ListItem","position":1,"name":"Home","item":"https:\/\/www.karinibutiik.ee\/"},{"@type":"ListItem","position":2,"name":"Pood","item":"https:\/\/www.karinibutiik.ee\/pood\/"},{"@type":"ListItem","position":3,"name":"Korseti l\u00f5ikega maksikleit taskutega"}]},{"@type":"WebSite","@id":"https:\/\/www.karinibutiik.ee\/#website","url":"https:\/\/www.karinibutiik.ee\/","name":"Karini Butiik","description":"","publisher":{"@id":"https:\/\/www.karinibutiik.ee\/#organization"},"potentialAction":[{"@type":"SearchAction","target":{"@type":"EntryPoint","urlTemplate":"https:\/\/www.karinibutiik.ee\/?s={search_term_string}"},"query-input":{"@type":"PropertyValueSpecification","valueRequired":true,"valueName":"search_term_string"}}],"inLanguage":"lv-LV"},{"@type":"Organization","@id":"https:\/\/www.karinibutiik.ee\/#organization","name":"Karini Butiik","url":"https:\/\/www.karinibutiik.ee\/","logo":{"@type":"ImageObject","inLanguage":"lv-LV","@id":"https:\/\/www.karinibutiik.ee\/#\/schema\/logo\/image\/","url":"https:\/\/www.karinibutiik.ee\/wp-content\/uploads\/2024\/10\/Kuj.-K-koopia.png","contentUrl":"https:\/\/www.karinibutiik.ee\/wp-content\/uploads\/2024\/10\/Kuj.-K-koopia.png","width":500,"height":500,"caption":"Karini Butiik"},"image":{"@id":"https:\/\/www.karinibutiik.ee\/#\/schema\/logo\/image\/"},"sameAs":["https:\/\/www.facebook.com\/karinibutiik.ee","https:\/\/www.instagram.com\/karinibutiik"]}]},"og_availability":"instock","product_availability":"instock","product_retailer_item_id":"2499","product_condition":"new"},"_links":{"self":[{"href":"https:\/\/www.karinibutiik.ee\/lv\/wp-json\/wp\/v2\/product\/25847","targetHints":{"allow":["GET"]}}],"collection":[{"href":"https:\/\/www.karinibutiik.ee\/lv\/wp-json\/wp\/v2\/product"}],"about":[{"href":"https:\/\/www.karinibutiik.ee\/lv\/wp-json\/wp\/v2\/types\/product"}],"version-history":[{"count":4,"href":"https:\/\/www.karinibutiik.ee\/lv\/wp-json\/wp\/v2\/product\/25847\/revisions"}],"predecessor-version":[{"id":26082,"href":"https:\/\/www.karinibutiik.ee\/lv\/wp-json\/wp\/v2\/product\/25847\/revisions\/26082"}],"wp:featuredmedia":[{"embeddable":true,"href":"https:\/\/www.karinibutiik.ee\/lv\/wp-json\/wp\/v2\/media\/26074"}],"wp:attachment":[{"href":"https:\/\/www.karinibutiik.ee\/lv\/wp-json\/wp\/v2\/media?parent=25847"}],"wp:term":[{"taxonomy":"product_brand","embeddable":true,"href":"https:\/\/www.karinibutiik.ee\/lv\/wp-json\/wp\/v2\/product_brand?post=25847"},{"taxonomy":"product_cat","embeddable":true,"href":"https:\/\/www.karinibutiik.ee\/lv\/wp-json\/wp\/v2\/product_cat?post=25847"},{"taxonomy":"product_tag","embeddable":true,"href":"https:\/\/www.karinibutiik.ee\/lv\/wp-json\/wp\/v2\/product_tag?post=25847"}],"curies":[{"name":"wp","href":"https:\/\/api.w.org\/{rel}","templated":true}]}}