{"id":26380,"date":"2026-02-24T13:49:57","date_gmt":"2026-02-24T11:49:57","guid":{"rendered":"https:\/\/www.karinibutiik.ee\/?post_type=product&#038;p=26380"},"modified":"2026-04-07T14:32:27","modified_gmt":"2026-04-07T11:32:27","slug":"pehme-velvet-jakk","status":"publish","type":"product","link":"https:\/\/www.karinibutiik.ee\/lv\/produkts\/pehme-velvet-jakk\/","title":{"rendered":"Pehme velvet jakk"},"content":{"rendered":"<p data-start=\"395\" data-end=\"627\">See <strong data-start=\"399\" data-end=\"439\">pehme velvet materjalist naiste jakk<\/strong> on ideaalne valik, kui otsid mugavust ja trendikat vabaajastiili. Sametine pealispind lisab luksuslikku tekstuuri, samas kui sportlik l\u00f5ige muudab jaki mitmek\u00fclgseks igap\u00e4evaseks r\u00f5ivaks.<\/p>\n<p data-start=\"629\" data-end=\"799\">Jaki <strong data-start=\"634\" data-end=\"662\">all\u00e4\u00e4res on elastne kumm<\/strong>, mis annab kauni istuvuse ja hoiab silueti vormis. Materjal on v\u00e4ga veniv ning kohandub kehaga, pakkudes maksimaalset kandmismugavust.<\/p>\n<p data-start=\"801\" data-end=\"928\">Koostis: <strong data-start=\"810\" data-end=\"858\">95% puuvill (cotton), 5% elastaan (elastico)<\/strong> \u2013 hingav, pehme ja elastne kangas, mis sobib kandmiseks igal hooajal.<\/p>\n<p data-start=\"930\" data-end=\"1102\">Universaalne <strong data-start=\"943\" data-end=\"978\">\u00fcks suurus sobib XS\u2013XL kandjale<\/strong>, t\u00e4nu suurele venivusele ja mugavale l\u00f5ikele. Ideaalne valik nii teksade, dressip\u00fckste kui ka sportlikuma komplekti juurde.<\/p>","protected":false},"excerpt":{"rendered":"<p>See pehme velvet materjalist naiste jakk on ideaalne valik, kui otsid mugavust ja trendikat vabaajastiili. Sametine pealispind lisab luksuslikku tekstuuri, [&hellip;]<\/p>\n","protected":false},"featured_media":26368,"template":"","meta":{"site-sidebar-layout":"default","site-content-layout":"","ast-site-content-layout":"default","site-content-style":"default","site-sidebar-style":"default","ast-global-header-display":"","ast-banner-title-visibility":"","ast-main-header-display":"","ast-hfb-above-header-display":"","ast-hfb-below-header-display":"","ast-hfb-mobile-header-display":"","site-post-title":"","ast-breadcrumbs-content":"","ast-featured-img":"","footer-sml-layout":"","ast-disable-related-posts":"","theme-transparent-header-meta":"default","adv-header-id-meta":"","stick-header-meta":"default","header-above-stick-meta":"","header-main-stick-meta":"","header-below-stick-meta":"","astra-migrate-meta-layouts":"set","ast-page-background-enabled":"default","ast-page-background-meta":{"desktop":{"background-color":"var(--ast-global-color-4)","background-image":"","background-repeat":"repeat","background-position":"center center","background-size":"auto","background-attachment":"scroll","background-type":"","background-media":"","overlay-type":"","overlay-color":"","overlay-opacity":"","overlay-gradient":""},"tablet":{"background-color":"","background-image":"","background-repeat":"repeat","background-position":"center center","background-size":"auto","background-attachment":"scroll","background-type":"","background-media":"","overlay-type":"","overlay-color":"","overlay-opacity":"","overlay-gradient":""},"mobile":{"background-color":"","background-image":"","background-repeat":"repeat","background-position":"center center","background-size":"auto","background-attachment":"scroll","background-type":"","background-media":"","overlay-type":"","overlay-color":"","overlay-opacity":"","overlay-gradient":""}},"ast-content-background-meta":{"desktop":{"background-color":"var(--ast-global-color-5)","background-image":"","background-repeat":"repeat","background-position":"center center","background-size":"auto","background-attachment":"scroll","background-type":"","background-media":"","overlay-type":"","overlay-color":"","overlay-opacity":"","overlay-gradient":""},"tablet":{"background-color":"var(--ast-global-color-5)","background-image":"","background-repeat":"repeat","background-position":"center center","background-size":"auto","background-attachment":"scroll","background-type":"","background-media":"","overlay-type":"","overlay-color":"","overlay-opacity":"","overlay-gradient":""},"mobile":{"background-color":"var(--ast-global-color-5)","background-image":"","background-repeat":"repeat","background-position":"center center","background-size":"auto","background-attachment":"scroll","background-type":"","background-media":"","overlay-type":"","overlay-color":"","overlay-opacity":"","overlay-gradient":""}}},"product_brand":[],"product_cat":[452,385,346,15,351],"product_tag":[2559,2561,1730,2557,2556,2509,2562,2560,2555,2558],"class_list":{"0":"post-26380","1":"product","2":"type-product","3":"status-publish","4":"has-post-thumbnail","6":"product_cat-bestseller","7":"product_cat-joped-tagid-vestid","8":"product_cat-naised","9":"product_cat-uncategorized","10":"product_cat-uued-tooted","11":"product_tag-kummiga-jakk","12":"product_tag-mugav-naiste-jakk","13":"product_tag-naiste-jakk","14":"product_tag-puuvillane-jakk","15":"product_tag-sametjakk","16":"product_tag-sportlik-jakk","17":"product_tag-uks-suurus-xs-xl","18":"product_tag-vabaaja-jakk","19":"product_tag-velvet-jakk","20":"product_tag-veniv-jakk","21":"desktop-align-center","22":"tablet-align-center","23":"mobile-align-center","24":"ast-product-gallery-layout-horizontal-slider","25":"ast-product-single-variable","26":"ast-product-tabs-layout-horizontal","28":"first","29":"instock","30":"featured","31":"taxable","32":"shipping-taxable","33":"purchasable","34":"product-type-variable"},"supplier_id":null,"supplier_sku":"","barcode":null,"atum_controlled":true,"out_stock_date":null,"out_stock_threshold":null,"inheritable":true,"inbound_stock":null,"stock_on_hold":1,"sold_today":null,"sales_last_days":null,"reserved_stock":0,"customer_returns":null,"warehouse_damage":0,"lost_in_post":null,"other_logs":0,"out_stock_days":null,"lost_sales":null,"has_location":false,"update_date":"2026-04-07T11:32:27","atum_locations":[],"atum_stock_status":"instock","restock_status":false,"low_stock_amount":"","sales_update_date":null,"calc_backorders":null,"yoast_head":"<!-- This site is optimized with the Yoast SEO plugin v26.9 - https:\/\/yoast.com\/product\/yoast-seo-wordpress\/ -->\n<title>Pehme velvet jakk - Karini Butiik<\/title>\n<meta name=\"description\" content=\"Pehme velvet materjalist naiste jakk kummiga all\u00e4\u00e4res. V\u00e4ga veniv ja mugav \u2013 \u00fcks suurus sobib XS\u2013XL kandjale. 95% puuvill, 5% elastaan.\" \/>\n<meta name=\"robots\" content=\"index, follow, max-snippet:-1, max-image-preview:large, max-video-preview:-1\" \/>\n<link rel=\"canonical\" href=\"https:\/\/www.karinibutiik.ee\/lv\/produkts\/pehme-velvet-jakk\/\" \/>\n<meta property=\"og:locale\" content=\"lv_LV\" \/>\n<meta property=\"og:type\" content=\"article\" \/>\n<meta property=\"og:title\" content=\"Pehme velvet jakk - Karini Butiik\" \/>\n<meta property=\"og:description\" content=\"Pehme velvet materjalist naiste jakk kummiga all\u00e4\u00e4res. V\u00e4ga veniv ja mugav \u2013 \u00fcks suurus sobib XS\u2013XL kandjale. 95% puuvill, 5% elastaan.\" \/>\n<meta property=\"og:url\" content=\"https:\/\/www.karinibutiik.ee\/lv\/produkts\/pehme-velvet-jakk\/\" \/>\n<meta property=\"og:site_name\" content=\"Karini Butiik\" \/>\n<meta property=\"article:publisher\" content=\"https:\/\/www.facebook.com\/karinibutiik.ee\" \/>\n<meta property=\"article:modified_time\" content=\"2026-04-07T11:32:27+00:00\" \/>\n<meta property=\"og:image\" content=\"https:\/\/www.karinibutiik.ee\/wp-content\/uploads\/2026\/02\/40FA35C9-555D-4C0D-8214-B65E79F68B45-scaled.jpeg\" \/>\n\t<meta property=\"og:image:width\" content=\"1920\" \/>\n\t<meta property=\"og:image:height\" content=\"2560\" \/>\n\t<meta property=\"og:image:type\" content=\"image\/jpeg\" \/>\n<meta name=\"twitter:card\" content=\"summary_large_image\" \/>\n<meta name=\"twitter:label1\" content=\"Availability\" \/>\n\t<meta name=\"twitter:data1\" content=\"In stock\" \/>\n<script type=\"application\/ld+json\" class=\"yoast-schema-graph\">{\"@context\":\"https:\/\/schema.org\",\"@graph\":[{\"@type\":\"WebPage\",\"@id\":\"https:\/\/www.karinibutiik.ee\/toode\/pehme-velvet-jakk\/\",\"url\":\"https:\/\/www.karinibutiik.ee\/toode\/pehme-velvet-jakk\/\",\"name\":\"Pehme velvet jakk - Karini Butiik\",\"isPartOf\":{\"@id\":\"https:\/\/www.karinibutiik.ee\/#website\"},\"primaryImageOfPage\":{\"@id\":\"https:\/\/www.karinibutiik.ee\/toode\/pehme-velvet-jakk\/#primaryimage\"},\"image\":{\"@id\":\"https:\/\/www.karinibutiik.ee\/toode\/pehme-velvet-jakk\/#primaryimage\"},\"thumbnailUrl\":\"https:\/\/www.karinibutiik.ee\/wp-content\/uploads\/2026\/02\/40FA35C9-555D-4C0D-8214-B65E79F68B45-scaled.jpeg\",\"datePublished\":\"2026-02-24T11:49:57+00:00\",\"dateModified\":\"2026-04-07T11:32:27+00:00\",\"description\":\"Pehme velvet materjalist naiste jakk kummiga all\u00e4\u00e4res. V\u00e4ga veniv ja mugav \u2013 \u00fcks suurus sobib XS\u2013XL kandjale. 95% puuvill, 5% elastaan.\",\"breadcrumb\":{\"@id\":\"https:\/\/www.karinibutiik.ee\/toode\/pehme-velvet-jakk\/#breadcrumb\"},\"inLanguage\":\"lv-LV\",\"potentialAction\":[{\"@type\":\"ReadAction\",\"target\":[\"https:\/\/www.karinibutiik.ee\/toode\/pehme-velvet-jakk\/\"]}]},{\"@type\":\"ImageObject\",\"inLanguage\":\"lv-LV\",\"@id\":\"https:\/\/www.karinibutiik.ee\/toode\/pehme-velvet-jakk\/#primaryimage\",\"url\":\"https:\/\/www.karinibutiik.ee\/wp-content\/uploads\/2026\/02\/40FA35C9-555D-4C0D-8214-B65E79F68B45-scaled.jpeg\",\"contentUrl\":\"https:\/\/www.karinibutiik.ee\/wp-content\/uploads\/2026\/02\/40FA35C9-555D-4C0D-8214-B65E79F68B45-scaled.jpeg\",\"width\":1920,\"height\":2560,\"caption\":\"Pehme velvet jakk\"},{\"@type\":\"BreadcrumbList\",\"@id\":\"https:\/\/www.karinibutiik.ee\/toode\/pehme-velvet-jakk\/#breadcrumb\",\"itemListElement\":[{\"@type\":\"ListItem\",\"position\":1,\"name\":\"Home\",\"item\":\"https:\/\/www.karinibutiik.ee\/\"},{\"@type\":\"ListItem\",\"position\":2,\"name\":\"Pood\",\"item\":\"https:\/\/www.karinibutiik.ee\/pood\/\"},{\"@type\":\"ListItem\",\"position\":3,\"name\":\"Pehme velvet jakk\"}]},{\"@type\":\"WebSite\",\"@id\":\"https:\/\/www.karinibutiik.ee\/#website\",\"url\":\"https:\/\/www.karinibutiik.ee\/\",\"name\":\"Karini Butiik\",\"description\":\"\",\"publisher\":{\"@id\":\"https:\/\/www.karinibutiik.ee\/#organization\"},\"potentialAction\":[{\"@type\":\"SearchAction\",\"target\":{\"@type\":\"EntryPoint\",\"urlTemplate\":\"https:\/\/www.karinibutiik.ee\/?s={search_term_string}\"},\"query-input\":{\"@type\":\"PropertyValueSpecification\",\"valueRequired\":true,\"valueName\":\"search_term_string\"}}],\"inLanguage\":\"lv-LV\"},{\"@type\":\"Organization\",\"@id\":\"https:\/\/www.karinibutiik.ee\/#organization\",\"name\":\"Karini Butiik\",\"url\":\"https:\/\/www.karinibutiik.ee\/\",\"logo\":{\"@type\":\"ImageObject\",\"inLanguage\":\"lv-LV\",\"@id\":\"https:\/\/www.karinibutiik.ee\/#\/schema\/logo\/image\/\",\"url\":\"https:\/\/www.karinibutiik.ee\/wp-content\/uploads\/2024\/10\/Kuj.-K-koopia.png\",\"contentUrl\":\"https:\/\/www.karinibutiik.ee\/wp-content\/uploads\/2024\/10\/Kuj.-K-koopia.png\",\"width\":500,\"height\":500,\"caption\":\"Karini Butiik\"},\"image\":{\"@id\":\"https:\/\/www.karinibutiik.ee\/#\/schema\/logo\/image\/\"},\"sameAs\":[\"https:\/\/www.facebook.com\/karinibutiik.ee\",\"https:\/\/www.instagram.com\/karinibutiik\"]}]}<\/script>\n<meta property=\"og:availability\" content=\"instock\" \/>\n<meta property=\"product:availability\" content=\"instock\" \/>\n<meta property=\"product:retailer_item_id\" content=\"5033\" \/>\n<meta property=\"product:condition\" content=\"new\" \/>\n<!-- \/ Yoast SEO plugin. -->","yoast_head_json":{"title":"Pehme velvet jakk - Karini Butiik","description":"Pehme velvet materjalist naiste jakk kummiga all\u00e4\u00e4res. V\u00e4ga veniv ja mugav \u2013 \u00fcks suurus sobib XS\u2013XL kandjale. 95% puuvill, 5% elastaan.","robots":{"index":"index","follow":"follow","max-snippet":"max-snippet:-1","max-image-preview":"max-image-preview:large","max-video-preview":"max-video-preview:-1"},"canonical":"https:\/\/www.karinibutiik.ee\/lv\/produkts\/pehme-velvet-jakk\/","og_locale":"lv_LV","og_type":"article","og_title":"Pehme velvet jakk - Karini Butiik","og_description":"Pehme velvet materjalist naiste jakk kummiga all\u00e4\u00e4res. V\u00e4ga veniv ja mugav \u2013 \u00fcks suurus sobib XS\u2013XL kandjale. 95% puuvill, 5% elastaan.","og_url":"https:\/\/www.karinibutiik.ee\/lv\/produkts\/pehme-velvet-jakk\/","og_site_name":"Karini Butiik","article_publisher":"https:\/\/www.facebook.com\/karinibutiik.ee","article_modified_time":"2026-04-07T11:32:27+00:00","og_image":[{"width":1920,"height":2560,"url":"https:\/\/www.karinibutiik.ee\/wp-content\/uploads\/2026\/02\/40FA35C9-555D-4C0D-8214-B65E79F68B45-scaled.jpeg","type":"image\/jpeg"}],"twitter_card":"summary_large_image","twitter_misc":{"Availability":"In stock"},"schema":{"@context":"https:\/\/schema.org","@graph":[{"@type":"WebPage","@id":"https:\/\/www.karinibutiik.ee\/toode\/pehme-velvet-jakk\/","url":"https:\/\/www.karinibutiik.ee\/toode\/pehme-velvet-jakk\/","name":"Pehme velvet jakk - Karini Butiik","isPartOf":{"@id":"https:\/\/www.karinibutiik.ee\/#website"},"primaryImageOfPage":{"@id":"https:\/\/www.karinibutiik.ee\/toode\/pehme-velvet-jakk\/#primaryimage"},"image":{"@id":"https:\/\/www.karinibutiik.ee\/toode\/pehme-velvet-jakk\/#primaryimage"},"thumbnailUrl":"https:\/\/www.karinibutiik.ee\/wp-content\/uploads\/2026\/02\/40FA35C9-555D-4C0D-8214-B65E79F68B45-scaled.jpeg","datePublished":"2026-02-24T11:49:57+00:00","dateModified":"2026-04-07T11:32:27+00:00","description":"Pehme velvet materjalist naiste jakk kummiga all\u00e4\u00e4res. V\u00e4ga veniv ja mugav \u2013 \u00fcks suurus sobib XS\u2013XL kandjale. 95% puuvill, 5% elastaan.","breadcrumb":{"@id":"https:\/\/www.karinibutiik.ee\/toode\/pehme-velvet-jakk\/#breadcrumb"},"inLanguage":"lv-LV","potentialAction":[{"@type":"ReadAction","target":["https:\/\/www.karinibutiik.ee\/toode\/pehme-velvet-jakk\/"]}]},{"@type":"ImageObject","inLanguage":"lv-LV","@id":"https:\/\/www.karinibutiik.ee\/toode\/pehme-velvet-jakk\/#primaryimage","url":"https:\/\/www.karinibutiik.ee\/wp-content\/uploads\/2026\/02\/40FA35C9-555D-4C0D-8214-B65E79F68B45-scaled.jpeg","contentUrl":"https:\/\/www.karinibutiik.ee\/wp-content\/uploads\/2026\/02\/40FA35C9-555D-4C0D-8214-B65E79F68B45-scaled.jpeg","width":1920,"height":2560,"caption":"Pehme velvet jakk"},{"@type":"BreadcrumbList","@id":"https:\/\/www.karinibutiik.ee\/toode\/pehme-velvet-jakk\/#breadcrumb","itemListElement":[{"@type":"ListItem","position":1,"name":"Home","item":"https:\/\/www.karinibutiik.ee\/"},{"@type":"ListItem","position":2,"name":"Pood","item":"https:\/\/www.karinibutiik.ee\/pood\/"},{"@type":"ListItem","position":3,"name":"Pehme velvet jakk"}]},{"@type":"WebSite","@id":"https:\/\/www.karinibutiik.ee\/#website","url":"https:\/\/www.karinibutiik.ee\/","name":"Karini Butiik","description":"","publisher":{"@id":"https:\/\/www.karinibutiik.ee\/#organization"},"potentialAction":[{"@type":"SearchAction","target":{"@type":"EntryPoint","urlTemplate":"https:\/\/www.karinibutiik.ee\/?s={search_term_string}"},"query-input":{"@type":"PropertyValueSpecification","valueRequired":true,"valueName":"search_term_string"}}],"inLanguage":"lv-LV"},{"@type":"Organization","@id":"https:\/\/www.karinibutiik.ee\/#organization","name":"Karini Butiik","url":"https:\/\/www.karinibutiik.ee\/","logo":{"@type":"ImageObject","inLanguage":"lv-LV","@id":"https:\/\/www.karinibutiik.ee\/#\/schema\/logo\/image\/","url":"https:\/\/www.karinibutiik.ee\/wp-content\/uploads\/2024\/10\/Kuj.-K-koopia.png","contentUrl":"https:\/\/www.karinibutiik.ee\/wp-content\/uploads\/2024\/10\/Kuj.-K-koopia.png","width":500,"height":500,"caption":"Karini Butiik"},"image":{"@id":"https:\/\/www.karinibutiik.ee\/#\/schema\/logo\/image\/"},"sameAs":["https:\/\/www.facebook.com\/karinibutiik.ee","https:\/\/www.instagram.com\/karinibutiik"]}]},"og_availability":"instock","product_availability":"instock","product_retailer_item_id":"5033","product_condition":"new"},"_links":{"self":[{"href":"https:\/\/www.karinibutiik.ee\/lv\/wp-json\/wp\/v2\/product\/26380","targetHints":{"allow":["GET"]}}],"collection":[{"href":"https:\/\/www.karinibutiik.ee\/lv\/wp-json\/wp\/v2\/product"}],"about":[{"href":"https:\/\/www.karinibutiik.ee\/lv\/wp-json\/wp\/v2\/types\/product"}],"version-history":[{"count":1,"href":"https:\/\/www.karinibutiik.ee\/lv\/wp-json\/wp\/v2\/product\/26380\/revisions"}],"predecessor-version":[{"id":26383,"href":"https:\/\/www.karinibutiik.ee\/lv\/wp-json\/wp\/v2\/product\/26380\/revisions\/26383"}],"wp:featuredmedia":[{"embeddable":true,"href":"https:\/\/www.karinibutiik.ee\/lv\/wp-json\/wp\/v2\/media\/26368"}],"wp:attachment":[{"href":"https:\/\/www.karinibutiik.ee\/lv\/wp-json\/wp\/v2\/media?parent=26380"}],"wp:term":[{"taxonomy":"product_brand","embeddable":true,"href":"https:\/\/www.karinibutiik.ee\/lv\/wp-json\/wp\/v2\/product_brand?post=26380"},{"taxonomy":"product_cat","embeddable":true,"href":"https:\/\/www.karinibutiik.ee\/lv\/wp-json\/wp\/v2\/product_cat?post=26380"},{"taxonomy":"product_tag","embeddable":true,"href":"https:\/\/www.karinibutiik.ee\/lv\/wp-json\/wp\/v2\/product_tag?post=26380"}],"curies":[{"name":"wp","href":"https:\/\/api.w.org\/{rel}","templated":true}]}}