{"id":26524,"date":"2026-03-06T14:49:41","date_gmt":"2026-03-06T12:49:41","guid":{"rendered":"https:\/\/www.karinibutiik.ee\/?post_type=product&#038;p=26524"},"modified":"2026-04-11T18:36:52","modified_gmt":"2026-04-11T15:36:52","slug":"luksuslik-baby-alpaka-villaga-kampsun","status":"publish","type":"product","link":"https:\/\/www.karinibutiik.ee\/lv\/produkts\/luksuslik-baby-alpaka-villaga-kampsun\/","title":{"rendered":"Luksuslik baby alpaka villaga kampsun"},"content":{"rendered":"<p data-start=\"313\" data-end=\"558\">See luksuslik baby alpaka villaga kampsun pakub erakordset pehmust ja mugavust, olles ideaalne valik jahedamateks p\u00e4evadeks. Alpaka vill on tuntud oma pehmuse, soojapidavuse ja kerge kaalu poolest, muutes kampsuni naha vastas eriti m\u00f5nusaks.<\/p>\n<p data-start=\"560\" data-end=\"799\">Materjalikoostis 52% baby alpaka vill, 32% pol\u00fcamiid, 13% vill ja 3% elastaan tagab suurep\u00e4rase tasakaalu soojuse, vastupidavuse ja elastsuse vahel. T\u00e4nu sellele s\u00e4ilitab kampsun oma kuju ning pakub samal ajal mugavat liikumisvabadust.<\/p>\n<p data-start=\"801\" data-end=\"1062\">Ajatu l\u00f5ige ja pehme kudum loovad elegantse, kuid samas pingevaba v\u00e4limuse, mis sobib suurep\u00e4raselt nii teksade, p\u00fckste kui ka seelikutega kombineerimiseks. See on ideaalne kudum igap\u00e4evaseks kandmiseks, pakkudes luksuslikku tunnet ja soojust kogu p\u00e4eva v\u00e4ltel.<\/p>\n<p data-start=\"1064\" data-end=\"1171\">Universaalne l\u00f5ige sobib suurusele S\u2013L, pakkudes mugavat ja kaunist istuvust erinevatele kehat\u00fc\u00fcpidele.<\/p>","protected":false},"excerpt":{"rendered":"<p>See luksuslik baby alpaka villaga kampsun pakub erakordset pehmust ja mugavust, olles ideaalne valik jahedamateks p\u00e4evadeks. Alpaka vill on tuntud [&hellip;]<\/p>\n","protected":false},"featured_media":26490,"template":"","meta":{"site-sidebar-layout":"default","site-content-layout":"","ast-site-content-layout":"default","site-content-style":"default","site-sidebar-style":"default","ast-global-header-display":"","ast-banner-title-visibility":"","ast-main-header-display":"","ast-hfb-above-header-display":"","ast-hfb-below-header-display":"","ast-hfb-mobile-header-display":"","site-post-title":"","ast-breadcrumbs-content":"","ast-featured-img":"","footer-sml-layout":"","ast-disable-related-posts":"","theme-transparent-header-meta":"default","adv-header-id-meta":"","stick-header-meta":"default","header-above-stick-meta":"","header-main-stick-meta":"","header-below-stick-meta":"","astra-migrate-meta-layouts":"set","ast-page-background-enabled":"default","ast-page-background-meta":{"desktop":{"background-color":"var(--ast-global-color-4)","background-image":"","background-repeat":"repeat","background-position":"center center","background-size":"auto","background-attachment":"scroll","background-type":"","background-media":"","overlay-type":"","overlay-color":"","overlay-opacity":"","overlay-gradient":""},"tablet":{"background-color":"","background-image":"","background-repeat":"repeat","background-position":"center center","background-size":"auto","background-attachment":"scroll","background-type":"","background-media":"","overlay-type":"","overlay-color":"","overlay-opacity":"","overlay-gradient":""},"mobile":{"background-color":"","background-image":"","background-repeat":"repeat","background-position":"center center","background-size":"auto","background-attachment":"scroll","background-type":"","background-media":"","overlay-type":"","overlay-color":"","overlay-opacity":"","overlay-gradient":""}},"ast-content-background-meta":{"desktop":{"background-color":"var(--ast-global-color-5)","background-image":"","background-repeat":"repeat","background-position":"center center","background-size":"auto","background-attachment":"scroll","background-type":"","background-media":"","overlay-type":"","overlay-color":"","overlay-opacity":"","overlay-gradient":""},"tablet":{"background-color":"var(--ast-global-color-5)","background-image":"","background-repeat":"repeat","background-position":"center center","background-size":"auto","background-attachment":"scroll","background-type":"","background-media":"","overlay-type":"","overlay-color":"","overlay-opacity":"","overlay-gradient":""},"mobile":{"background-color":"var(--ast-global-color-5)","background-image":"","background-repeat":"repeat","background-position":"center center","background-size":"auto","background-attachment":"scroll","background-type":"","background-media":"","overlay-type":"","overlay-color":"","overlay-opacity":"","overlay-gradient":""}}},"product_brand":[],"product_cat":[370,346,353,352,351],"product_tag":[2574,2575,2577,2266,1891,2578,1128,1202,2576,1199],"class_list":{"0":"post-26524","1":"product","2":"type-product","3":"status-publish","4":"has-post-thumbnail","6":"product_cat-kampsunid","7":"product_cat-naised","8":"product_cat-pluusid","9":"product_cat-pluusid-bodid","10":"product_cat-uued-tooted","11":"product_tag-alpaka-kampsun","12":"product_tag-baby-alpaka-kampsun","13":"product_tag-kvaliteetne-kudum","14":"product_tag-luksuslik-kudum","15":"product_tag-naiste-kampsun","16":"product_tag-naiste-kudum-s-l","17":"product_tag-pehme-kampsun","18":"product_tag-soe-kampsun","19":"product_tag-talvine-kampsun","20":"product_tag-villane-kampsun","21":"desktop-align-center","22":"tablet-align-center","23":"mobile-align-center","24":"ast-product-gallery-layout-horizontal-slider","25":"ast-product-single-variable","26":"ast-product-tabs-layout-horizontal","28":"first","29":"instock","30":"taxable","31":"shipping-taxable","32":"purchasable","33":"product-type-variable"},"supplier_id":null,"supplier_sku":"","barcode":null,"atum_controlled":true,"out_stock_date":null,"out_stock_threshold":null,"inheritable":true,"inbound_stock":null,"stock_on_hold":0,"sold_today":null,"sales_last_days":null,"reserved_stock":0,"customer_returns":null,"warehouse_damage":0,"lost_in_post":null,"other_logs":0,"out_stock_days":null,"lost_sales":null,"has_location":false,"update_date":"2026-03-06T13:34:58","atum_locations":[],"atum_stock_status":"instock","restock_status":false,"low_stock_amount":"","sales_update_date":null,"calc_backorders":null,"yoast_head":"<!-- This site is optimized with the Yoast SEO plugin v26.9 - https:\/\/yoast.com\/product\/yoast-seo-wordpress\/ -->\n<title>Luksuslik baby alpaka villaga kampsun - Karini Butiik<\/title>\n<meta name=\"description\" content=\"\u00dclipehme naiste kampsun baby alpaka villaga. Luksuslik, soe ja mugav kudum, sobib suurusele S\u2013L. L\u00fchikesed varrukad lisavad stiili.\" \/>\n<meta name=\"robots\" content=\"index, follow, max-snippet:-1, max-image-preview:large, max-video-preview:-1\" \/>\n<link rel=\"canonical\" href=\"https:\/\/www.karinibutiik.ee\/lv\/produkts\/luksuslik-baby-alpaka-villaga-kampsun\/\" \/>\n<meta property=\"og:locale\" content=\"lv_LV\" \/>\n<meta property=\"og:type\" content=\"article\" \/>\n<meta property=\"og:title\" content=\"Luksuslik baby alpaka villaga kampsun - Karini Butiik\" \/>\n<meta property=\"og:description\" content=\"\u00dclipehme naiste kampsun baby alpaka villaga. Luksuslik, soe ja mugav kudum, sobib suurusele S\u2013L. L\u00fchikesed varrukad lisavad stiili.\" \/>\n<meta property=\"og:url\" content=\"https:\/\/www.karinibutiik.ee\/lv\/produkts\/luksuslik-baby-alpaka-villaga-kampsun\/\" \/>\n<meta property=\"og:site_name\" content=\"Karini Butiik\" \/>\n<meta property=\"article:publisher\" content=\"https:\/\/www.facebook.com\/karinibutiik.ee\" \/>\n<meta property=\"article:modified_time\" content=\"2026-04-11T15:36:52+00:00\" \/>\n<meta property=\"og:image\" content=\"https:\/\/www.karinibutiik.ee\/wp-content\/uploads\/2026\/03\/14BAF8D8-E3D3-429A-B2E9-1C2E8F17B094-scaled.jpeg\" \/>\n\t<meta property=\"og:image:width\" content=\"1920\" \/>\n\t<meta property=\"og:image:height\" content=\"2560\" \/>\n\t<meta property=\"og:image:type\" content=\"image\/jpeg\" \/>\n<meta name=\"twitter:card\" content=\"summary_large_image\" \/>\n<meta name=\"twitter:label1\" content=\"Availability\" \/>\n\t<meta name=\"twitter:data1\" content=\"In stock\" \/>\n<script type=\"application\/ld+json\" class=\"yoast-schema-graph\">{\"@context\":\"https:\/\/schema.org\",\"@graph\":[{\"@type\":\"WebPage\",\"@id\":\"https:\/\/www.karinibutiik.ee\/toode\/luksuslik-baby-alpaka-villaga-kampsun\/\",\"url\":\"https:\/\/www.karinibutiik.ee\/toode\/luksuslik-baby-alpaka-villaga-kampsun\/\",\"name\":\"Luksuslik baby alpaka villaga kampsun - Karini Butiik\",\"isPartOf\":{\"@id\":\"https:\/\/www.karinibutiik.ee\/#website\"},\"primaryImageOfPage\":{\"@id\":\"https:\/\/www.karinibutiik.ee\/toode\/luksuslik-baby-alpaka-villaga-kampsun\/#primaryimage\"},\"image\":{\"@id\":\"https:\/\/www.karinibutiik.ee\/toode\/luksuslik-baby-alpaka-villaga-kampsun\/#primaryimage\"},\"thumbnailUrl\":\"https:\/\/www.karinibutiik.ee\/wp-content\/uploads\/2026\/03\/14BAF8D8-E3D3-429A-B2E9-1C2E8F17B094-scaled.jpeg\",\"datePublished\":\"2026-03-06T12:49:41+00:00\",\"dateModified\":\"2026-04-11T15:36:52+00:00\",\"description\":\"\u00dclipehme naiste kampsun baby alpaka villaga. Luksuslik, soe ja mugav kudum, sobib suurusele S\u2013L. L\u00fchikesed varrukad lisavad stiili.\",\"breadcrumb\":{\"@id\":\"https:\/\/www.karinibutiik.ee\/toode\/luksuslik-baby-alpaka-villaga-kampsun\/#breadcrumb\"},\"inLanguage\":\"lv-LV\",\"potentialAction\":[{\"@type\":\"ReadAction\",\"target\":[\"https:\/\/www.karinibutiik.ee\/toode\/luksuslik-baby-alpaka-villaga-kampsun\/\"]}]},{\"@type\":\"ImageObject\",\"inLanguage\":\"lv-LV\",\"@id\":\"https:\/\/www.karinibutiik.ee\/toode\/luksuslik-baby-alpaka-villaga-kampsun\/#primaryimage\",\"url\":\"https:\/\/www.karinibutiik.ee\/wp-content\/uploads\/2026\/03\/14BAF8D8-E3D3-429A-B2E9-1C2E8F17B094-scaled.jpeg\",\"contentUrl\":\"https:\/\/www.karinibutiik.ee\/wp-content\/uploads\/2026\/03\/14BAF8D8-E3D3-429A-B2E9-1C2E8F17B094-scaled.jpeg\",\"width\":1920,\"height\":2560,\"caption\":\"Alpaka villane kampsun l\u00fchikeste varrukatega\"},{\"@type\":\"BreadcrumbList\",\"@id\":\"https:\/\/www.karinibutiik.ee\/toode\/luksuslik-baby-alpaka-villaga-kampsun\/#breadcrumb\",\"itemListElement\":[{\"@type\":\"ListItem\",\"position\":1,\"name\":\"Home\",\"item\":\"https:\/\/www.karinibutiik.ee\/\"},{\"@type\":\"ListItem\",\"position\":2,\"name\":\"Pood\",\"item\":\"https:\/\/www.karinibutiik.ee\/pood\/\"},{\"@type\":\"ListItem\",\"position\":3,\"name\":\"Luksuslik baby alpaka villaga kampsun\"}]},{\"@type\":\"WebSite\",\"@id\":\"https:\/\/www.karinibutiik.ee\/#website\",\"url\":\"https:\/\/www.karinibutiik.ee\/\",\"name\":\"Karini Butiik\",\"description\":\"\",\"publisher\":{\"@id\":\"https:\/\/www.karinibutiik.ee\/#organization\"},\"potentialAction\":[{\"@type\":\"SearchAction\",\"target\":{\"@type\":\"EntryPoint\",\"urlTemplate\":\"https:\/\/www.karinibutiik.ee\/?s={search_term_string}\"},\"query-input\":{\"@type\":\"PropertyValueSpecification\",\"valueRequired\":true,\"valueName\":\"search_term_string\"}}],\"inLanguage\":\"lv-LV\"},{\"@type\":\"Organization\",\"@id\":\"https:\/\/www.karinibutiik.ee\/#organization\",\"name\":\"Karini Butiik\",\"url\":\"https:\/\/www.karinibutiik.ee\/\",\"logo\":{\"@type\":\"ImageObject\",\"inLanguage\":\"lv-LV\",\"@id\":\"https:\/\/www.karinibutiik.ee\/#\/schema\/logo\/image\/\",\"url\":\"https:\/\/www.karinibutiik.ee\/wp-content\/uploads\/2024\/10\/Kuj.-K-koopia.png\",\"contentUrl\":\"https:\/\/www.karinibutiik.ee\/wp-content\/uploads\/2024\/10\/Kuj.-K-koopia.png\",\"width\":500,\"height\":500,\"caption\":\"Karini Butiik\"},\"image\":{\"@id\":\"https:\/\/www.karinibutiik.ee\/#\/schema\/logo\/image\/\"},\"sameAs\":[\"https:\/\/www.facebook.com\/karinibutiik.ee\",\"https:\/\/www.instagram.com\/karinibutiik\"]}]}<\/script>\n<meta property=\"og:availability\" content=\"instock\" \/>\n<meta property=\"product:availability\" content=\"instock\" \/>\n<meta property=\"product:retailer_item_id\" content=\"5416\" \/>\n<meta property=\"product:condition\" content=\"new\" \/>\n<!-- \/ Yoast SEO plugin. -->","yoast_head_json":{"title":"Luksuslik baby alpaka villaga kampsun - Karini Butiik","description":"\u00dclipehme naiste kampsun baby alpaka villaga. Luksuslik, soe ja mugav kudum, sobib suurusele S\u2013L. L\u00fchikesed varrukad lisavad stiili.","robots":{"index":"index","follow":"follow","max-snippet":"max-snippet:-1","max-image-preview":"max-image-preview:large","max-video-preview":"max-video-preview:-1"},"canonical":"https:\/\/www.karinibutiik.ee\/lv\/produkts\/luksuslik-baby-alpaka-villaga-kampsun\/","og_locale":"lv_LV","og_type":"article","og_title":"Luksuslik baby alpaka villaga kampsun - Karini Butiik","og_description":"\u00dclipehme naiste kampsun baby alpaka villaga. Luksuslik, soe ja mugav kudum, sobib suurusele S\u2013L. L\u00fchikesed varrukad lisavad stiili.","og_url":"https:\/\/www.karinibutiik.ee\/lv\/produkts\/luksuslik-baby-alpaka-villaga-kampsun\/","og_site_name":"Karini Butiik","article_publisher":"https:\/\/www.facebook.com\/karinibutiik.ee","article_modified_time":"2026-04-11T15:36:52+00:00","og_image":[{"width":1920,"height":2560,"url":"https:\/\/www.karinibutiik.ee\/wp-content\/uploads\/2026\/03\/14BAF8D8-E3D3-429A-B2E9-1C2E8F17B094-scaled.jpeg","type":"image\/jpeg"}],"twitter_card":"summary_large_image","twitter_misc":{"Availability":"In stock"},"schema":{"@context":"https:\/\/schema.org","@graph":[{"@type":"WebPage","@id":"https:\/\/www.karinibutiik.ee\/toode\/luksuslik-baby-alpaka-villaga-kampsun\/","url":"https:\/\/www.karinibutiik.ee\/toode\/luksuslik-baby-alpaka-villaga-kampsun\/","name":"Luksuslik baby alpaka villaga kampsun - Karini Butiik","isPartOf":{"@id":"https:\/\/www.karinibutiik.ee\/#website"},"primaryImageOfPage":{"@id":"https:\/\/www.karinibutiik.ee\/toode\/luksuslik-baby-alpaka-villaga-kampsun\/#primaryimage"},"image":{"@id":"https:\/\/www.karinibutiik.ee\/toode\/luksuslik-baby-alpaka-villaga-kampsun\/#primaryimage"},"thumbnailUrl":"https:\/\/www.karinibutiik.ee\/wp-content\/uploads\/2026\/03\/14BAF8D8-E3D3-429A-B2E9-1C2E8F17B094-scaled.jpeg","datePublished":"2026-03-06T12:49:41+00:00","dateModified":"2026-04-11T15:36:52+00:00","description":"\u00dclipehme naiste kampsun baby alpaka villaga. Luksuslik, soe ja mugav kudum, sobib suurusele S\u2013L. L\u00fchikesed varrukad lisavad stiili.","breadcrumb":{"@id":"https:\/\/www.karinibutiik.ee\/toode\/luksuslik-baby-alpaka-villaga-kampsun\/#breadcrumb"},"inLanguage":"lv-LV","potentialAction":[{"@type":"ReadAction","target":["https:\/\/www.karinibutiik.ee\/toode\/luksuslik-baby-alpaka-villaga-kampsun\/"]}]},{"@type":"ImageObject","inLanguage":"lv-LV","@id":"https:\/\/www.karinibutiik.ee\/toode\/luksuslik-baby-alpaka-villaga-kampsun\/#primaryimage","url":"https:\/\/www.karinibutiik.ee\/wp-content\/uploads\/2026\/03\/14BAF8D8-E3D3-429A-B2E9-1C2E8F17B094-scaled.jpeg","contentUrl":"https:\/\/www.karinibutiik.ee\/wp-content\/uploads\/2026\/03\/14BAF8D8-E3D3-429A-B2E9-1C2E8F17B094-scaled.jpeg","width":1920,"height":2560,"caption":"Alpaka villane kampsun l\u00fchikeste varrukatega"},{"@type":"BreadcrumbList","@id":"https:\/\/www.karinibutiik.ee\/toode\/luksuslik-baby-alpaka-villaga-kampsun\/#breadcrumb","itemListElement":[{"@type":"ListItem","position":1,"name":"Home","item":"https:\/\/www.karinibutiik.ee\/"},{"@type":"ListItem","position":2,"name":"Pood","item":"https:\/\/www.karinibutiik.ee\/pood\/"},{"@type":"ListItem","position":3,"name":"Luksuslik baby alpaka villaga kampsun"}]},{"@type":"WebSite","@id":"https:\/\/www.karinibutiik.ee\/#website","url":"https:\/\/www.karinibutiik.ee\/","name":"Karini Butiik","description":"","publisher":{"@id":"https:\/\/www.karinibutiik.ee\/#organization"},"potentialAction":[{"@type":"SearchAction","target":{"@type":"EntryPoint","urlTemplate":"https:\/\/www.karinibutiik.ee\/?s={search_term_string}"},"query-input":{"@type":"PropertyValueSpecification","valueRequired":true,"valueName":"search_term_string"}}],"inLanguage":"lv-LV"},{"@type":"Organization","@id":"https:\/\/www.karinibutiik.ee\/#organization","name":"Karini Butiik","url":"https:\/\/www.karinibutiik.ee\/","logo":{"@type":"ImageObject","inLanguage":"lv-LV","@id":"https:\/\/www.karinibutiik.ee\/#\/schema\/logo\/image\/","url":"https:\/\/www.karinibutiik.ee\/wp-content\/uploads\/2024\/10\/Kuj.-K-koopia.png","contentUrl":"https:\/\/www.karinibutiik.ee\/wp-content\/uploads\/2024\/10\/Kuj.-K-koopia.png","width":500,"height":500,"caption":"Karini Butiik"},"image":{"@id":"https:\/\/www.karinibutiik.ee\/#\/schema\/logo\/image\/"},"sameAs":["https:\/\/www.facebook.com\/karinibutiik.ee","https:\/\/www.instagram.com\/karinibutiik"]}]},"og_availability":"instock","product_availability":"instock","product_retailer_item_id":"5416","product_condition":"new"},"_links":{"self":[{"href":"https:\/\/www.karinibutiik.ee\/lv\/wp-json\/wp\/v2\/product\/26524","targetHints":{"allow":["GET"]}}],"collection":[{"href":"https:\/\/www.karinibutiik.ee\/lv\/wp-json\/wp\/v2\/product"}],"about":[{"href":"https:\/\/www.karinibutiik.ee\/lv\/wp-json\/wp\/v2\/types\/product"}],"version-history":[{"count":1,"href":"https:\/\/www.karinibutiik.ee\/lv\/wp-json\/wp\/v2\/product\/26524\/revisions"}],"predecessor-version":[{"id":26529,"href":"https:\/\/www.karinibutiik.ee\/lv\/wp-json\/wp\/v2\/product\/26524\/revisions\/26529"}],"wp:featuredmedia":[{"embeddable":true,"href":"https:\/\/www.karinibutiik.ee\/lv\/wp-json\/wp\/v2\/media\/26490"}],"wp:attachment":[{"href":"https:\/\/www.karinibutiik.ee\/lv\/wp-json\/wp\/v2\/media?parent=26524"}],"wp:term":[{"taxonomy":"product_brand","embeddable":true,"href":"https:\/\/www.karinibutiik.ee\/lv\/wp-json\/wp\/v2\/product_brand?post=26524"},{"taxonomy":"product_cat","embeddable":true,"href":"https:\/\/www.karinibutiik.ee\/lv\/wp-json\/wp\/v2\/product_cat?post=26524"},{"taxonomy":"product_tag","embeddable":true,"href":"https:\/\/www.karinibutiik.ee\/lv\/wp-json\/wp\/v2\/product_tag?post=26524"}],"curies":[{"name":"wp","href":"https:\/\/api.w.org\/{rel}","templated":true}]}}