{"id":26530,"date":"2026-03-06T15:08:23","date_gmt":"2026-03-06T13:08:23","guid":{"rendered":"https:\/\/www.karinibutiik.ee\/?post_type=product&#038;p=26530"},"modified":"2026-04-10T20:24:58","modified_gmt":"2026-04-10T17:24:58","slug":"baby-alpaka-villaga-pehme-kampsun","status":"publish","type":"product","link":"https:\/\/www.karinibutiik.ee\/lv\/produkts\/baby-alpaka-villaga-pehme-kampsun\/","title":{"rendered":"Baby alpaka villaga pehme kampsun"},"content":{"rendered":"<p data-start=\"353\" data-end=\"566\">See baby alpaka villaga naiste kampsun \u00fchendab luksusliku pehmuse ja ajatu stiili. Alpaka vill on tuntud oma erakordse soojuse, kerguse ja siidise tekstuuri poolest, muutes kampsuni naha vastas eriti m\u00f5nusaks.<\/p>\n<p data-start=\"568\" data-end=\"798\">Materjalikoostis 30% baby alpaka vill, 32% pol\u00fcamiid ja 38% akr\u00fc\u00fcl tagab ideaalse tasakaalu pehmuse, vastupidavuse ja vormi s\u00e4ilitamise vahel. Kudum on kerge, kuid samas piisavalt soe, et pakkuda mugavust jahedamatel p\u00e4evadel.<\/p>\n<p data-start=\"800\" data-end=\"1080\">Kampsun on saadaval kaunites pastelsetes toonides \u2013 pastellkollane, mint roheline, virsik, valge ja sinine, mis lisavad garderoobile v\u00e4rskust ja naiselikku pehmust. Minimalistlik ja ajatu l\u00f5ige v\u00f5imaldab kampsunit h\u00f5lpsasti kombineerida nii teksade, p\u00fckste kui ka seelikutega.<\/p>\n<p data-start=\"1082\" data-end=\"1274\">Universaalne \u00fcks suurus sobib XS\u2013M kandjale, kohandudes t\u00e4nu pehmele kudumile erinevate kehat\u00fc\u00fcpidega. Ideaalne valik nii igap\u00e4evaseks kandmiseks kui ka elegantsemate outfit\u2019ide loomiseks.<\/p>","protected":false},"excerpt":{"rendered":"<p>See baby alpaka villaga naiste kampsun \u00fchendab luksusliku pehmuse ja ajatu stiili. Alpaka vill on tuntud oma erakordse soojuse, kerguse [&hellip;]<\/p>\n","protected":false},"featured_media":26502,"template":"","meta":{"site-sidebar-layout":"default","site-content-layout":"","ast-site-content-layout":"default","site-content-style":"default","site-sidebar-style":"default","ast-global-header-display":"","ast-banner-title-visibility":"","ast-main-header-display":"","ast-hfb-above-header-display":"","ast-hfb-below-header-display":"","ast-hfb-mobile-header-display":"","site-post-title":"","ast-breadcrumbs-content":"","ast-featured-img":"","footer-sml-layout":"","ast-disable-related-posts":"","theme-transparent-header-meta":"default","adv-header-id-meta":"","stick-header-meta":"default","header-above-stick-meta":"","header-main-stick-meta":"","header-below-stick-meta":"","astra-migrate-meta-layouts":"set","ast-page-background-enabled":"default","ast-page-background-meta":{"desktop":{"background-color":"var(--ast-global-color-4)","background-image":"","background-repeat":"repeat","background-position":"center center","background-size":"auto","background-attachment":"scroll","background-type":"","background-media":"","overlay-type":"","overlay-color":"","overlay-opacity":"","overlay-gradient":""},"tablet":{"background-color":"","background-image":"","background-repeat":"repeat","background-position":"center center","background-size":"auto","background-attachment":"scroll","background-type":"","background-media":"","overlay-type":"","overlay-color":"","overlay-opacity":"","overlay-gradient":""},"mobile":{"background-color":"","background-image":"","background-repeat":"repeat","background-position":"center center","background-size":"auto","background-attachment":"scroll","background-type":"","background-media":"","overlay-type":"","overlay-color":"","overlay-opacity":"","overlay-gradient":""}},"ast-content-background-meta":{"desktop":{"background-color":"var(--ast-global-color-5)","background-image":"","background-repeat":"repeat","background-position":"center center","background-size":"auto","background-attachment":"scroll","background-type":"","background-media":"","overlay-type":"","overlay-color":"","overlay-opacity":"","overlay-gradient":""},"tablet":{"background-color":"var(--ast-global-color-5)","background-image":"","background-repeat":"repeat","background-position":"center center","background-size":"auto","background-attachment":"scroll","background-type":"","background-media":"","overlay-type":"","overlay-color":"","overlay-opacity":"","overlay-gradient":""},"mobile":{"background-color":"var(--ast-global-color-5)","background-image":"","background-repeat":"repeat","background-position":"center center","background-size":"auto","background-attachment":"scroll","background-type":"","background-media":"","overlay-type":"","overlay-color":"","overlay-opacity":"","overlay-gradient":""}}},"product_brand":[],"product_cat":[370,346,353,352,351],"product_tag":[2219,2575,1894,2579,1891,2580,2477,2511,1952,1202,2516],"class_list":{"0":"post-26530","1":"product","2":"type-product","3":"status-publish","4":"has-post-thumbnail","6":"product_cat-kampsunid","7":"product_cat-naised","8":"product_cat-pluusid","9":"product_cat-pluusid-bodid","10":"product_cat-uued-tooted","11":"product_tag-alpaka-villaga-kampsun","12":"product_tag-baby-alpaka-kampsun","13":"product_tag-luksuslik-kampsun","14":"product_tag-mint-roheline-kampsun","15":"product_tag-naiste-kampsun","16":"product_tag-naiste-kudum-xs-m","17":"product_tag-pastellkollane-kampsun","18":"product_tag-pastelne-kampsun","19":"product_tag-pehme-kudum","20":"product_tag-soe-kampsun","21":"product_tag-virsikutooni-kampsun","22":"desktop-align-center","23":"tablet-align-center","24":"mobile-align-center","25":"ast-product-gallery-layout-horizontal-slider","26":"ast-product-single-variable","27":"ast-product-tabs-layout-horizontal","29":"first","30":"instock","31":"taxable","32":"shipping-taxable","33":"purchasable","34":"product-type-variable"},"supplier_id":null,"supplier_sku":"","barcode":null,"atum_controlled":true,"out_stock_date":null,"out_stock_threshold":null,"inheritable":true,"inbound_stock":null,"stock_on_hold":0,"sold_today":null,"sales_last_days":null,"reserved_stock":0,"customer_returns":null,"warehouse_damage":0,"lost_in_post":null,"other_logs":0,"out_stock_days":null,"lost_sales":null,"has_location":false,"update_date":"2026-03-06T13:34:58","atum_locations":[],"atum_stock_status":"instock","restock_status":false,"low_stock_amount":"","sales_update_date":null,"calc_backorders":null,"yoast_head":"<!-- This site is optimized with the Yoast SEO plugin v26.9 - https:\/\/yoast.com\/product\/yoast-seo-wordpress\/ -->\n<title>Baby alpaka villaga pehme kampsun - Karini Butiik<\/title>\n<meta name=\"description\" content=\"\u00dclipehme baby alpaka villaga naiste kampsun pastelsetes toonides \u2013 pastellkollane, mint roheline, virsik, valge ja sinine. Sobib XS\u2013M kandjale.\" \/>\n<meta name=\"robots\" content=\"index, follow, max-snippet:-1, max-image-preview:large, max-video-preview:-1\" \/>\n<link rel=\"canonical\" href=\"https:\/\/www.karinibutiik.ee\/lv\/produkts\/baby-alpaka-villaga-pehme-kampsun\/\" \/>\n<meta property=\"og:locale\" content=\"lv_LV\" \/>\n<meta property=\"og:type\" content=\"article\" \/>\n<meta property=\"og:title\" content=\"Baby alpaka villaga pehme kampsun - Karini Butiik\" \/>\n<meta property=\"og:description\" content=\"\u00dclipehme baby alpaka villaga naiste kampsun pastelsetes toonides \u2013 pastellkollane, mint roheline, virsik, valge ja sinine. Sobib XS\u2013M kandjale.\" \/>\n<meta property=\"og:url\" content=\"https:\/\/www.karinibutiik.ee\/lv\/produkts\/baby-alpaka-villaga-pehme-kampsun\/\" \/>\n<meta property=\"og:site_name\" content=\"Karini Butiik\" \/>\n<meta property=\"article:publisher\" content=\"https:\/\/www.facebook.com\/karinibutiik.ee\" \/>\n<meta property=\"article:modified_time\" content=\"2026-04-10T17:24:58+00:00\" \/>\n<meta property=\"og:image\" content=\"https:\/\/www.karinibutiik.ee\/wp-content\/uploads\/2026\/03\/65B87A76-3529-4F98-A4B9-1CBBF3B25793-scaled.jpeg\" \/>\n\t<meta property=\"og:image:width\" content=\"1920\" \/>\n\t<meta property=\"og:image:height\" content=\"2560\" \/>\n\t<meta property=\"og:image:type\" content=\"image\/jpeg\" \/>\n<meta name=\"twitter:card\" content=\"summary_large_image\" \/>\n<meta name=\"twitter:label1\" content=\"Availability\" \/>\n\t<meta name=\"twitter:data1\" content=\"In stock\" \/>\n<script type=\"application\/ld+json\" class=\"yoast-schema-graph\">{\"@context\":\"https:\/\/schema.org\",\"@graph\":[{\"@type\":\"WebPage\",\"@id\":\"https:\/\/www.karinibutiik.ee\/toode\/baby-alpaka-villaga-pehme-kampsun\/\",\"url\":\"https:\/\/www.karinibutiik.ee\/toode\/baby-alpaka-villaga-pehme-kampsun\/\",\"name\":\"Baby alpaka villaga pehme kampsun - Karini Butiik\",\"isPartOf\":{\"@id\":\"https:\/\/www.karinibutiik.ee\/#website\"},\"primaryImageOfPage\":{\"@id\":\"https:\/\/www.karinibutiik.ee\/toode\/baby-alpaka-villaga-pehme-kampsun\/#primaryimage\"},\"image\":{\"@id\":\"https:\/\/www.karinibutiik.ee\/toode\/baby-alpaka-villaga-pehme-kampsun\/#primaryimage\"},\"thumbnailUrl\":\"https:\/\/www.karinibutiik.ee\/wp-content\/uploads\/2026\/03\/65B87A76-3529-4F98-A4B9-1CBBF3B25793-scaled.jpeg\",\"datePublished\":\"2026-03-06T13:08:23+00:00\",\"dateModified\":\"2026-04-10T17:24:58+00:00\",\"description\":\"\u00dclipehme baby alpaka villaga naiste kampsun pastelsetes toonides \u2013 pastellkollane, mint roheline, virsik, valge ja sinine. Sobib XS\u2013M kandjale.\",\"breadcrumb\":{\"@id\":\"https:\/\/www.karinibutiik.ee\/toode\/baby-alpaka-villaga-pehme-kampsun\/#breadcrumb\"},\"inLanguage\":\"lv-LV\",\"potentialAction\":[{\"@type\":\"ReadAction\",\"target\":[\"https:\/\/www.karinibutiik.ee\/toode\/baby-alpaka-villaga-pehme-kampsun\/\"]}]},{\"@type\":\"ImageObject\",\"inLanguage\":\"lv-LV\",\"@id\":\"https:\/\/www.karinibutiik.ee\/toode\/baby-alpaka-villaga-pehme-kampsun\/#primaryimage\",\"url\":\"https:\/\/www.karinibutiik.ee\/wp-content\/uploads\/2026\/03\/65B87A76-3529-4F98-A4B9-1CBBF3B25793-scaled.jpeg\",\"contentUrl\":\"https:\/\/www.karinibutiik.ee\/wp-content\/uploads\/2026\/03\/65B87A76-3529-4F98-A4B9-1CBBF3B25793-scaled.jpeg\",\"width\":1920,\"height\":2560,\"caption\":\"L\u00dcHIKESTE VARRUKATEGA PEHME KAMPSUN\"},{\"@type\":\"BreadcrumbList\",\"@id\":\"https:\/\/www.karinibutiik.ee\/toode\/baby-alpaka-villaga-pehme-kampsun\/#breadcrumb\",\"itemListElement\":[{\"@type\":\"ListItem\",\"position\":1,\"name\":\"Home\",\"item\":\"https:\/\/www.karinibutiik.ee\/\"},{\"@type\":\"ListItem\",\"position\":2,\"name\":\"Pood\",\"item\":\"https:\/\/www.karinibutiik.ee\/pood\/\"},{\"@type\":\"ListItem\",\"position\":3,\"name\":\"Baby alpaka villaga pehme kampsun\"}]},{\"@type\":\"WebSite\",\"@id\":\"https:\/\/www.karinibutiik.ee\/#website\",\"url\":\"https:\/\/www.karinibutiik.ee\/\",\"name\":\"Karini Butiik\",\"description\":\"\",\"publisher\":{\"@id\":\"https:\/\/www.karinibutiik.ee\/#organization\"},\"potentialAction\":[{\"@type\":\"SearchAction\",\"target\":{\"@type\":\"EntryPoint\",\"urlTemplate\":\"https:\/\/www.karinibutiik.ee\/?s={search_term_string}\"},\"query-input\":{\"@type\":\"PropertyValueSpecification\",\"valueRequired\":true,\"valueName\":\"search_term_string\"}}],\"inLanguage\":\"lv-LV\"},{\"@type\":\"Organization\",\"@id\":\"https:\/\/www.karinibutiik.ee\/#organization\",\"name\":\"Karini Butiik\",\"url\":\"https:\/\/www.karinibutiik.ee\/\",\"logo\":{\"@type\":\"ImageObject\",\"inLanguage\":\"lv-LV\",\"@id\":\"https:\/\/www.karinibutiik.ee\/#\/schema\/logo\/image\/\",\"url\":\"https:\/\/www.karinibutiik.ee\/wp-content\/uploads\/2024\/10\/Kuj.-K-koopia.png\",\"contentUrl\":\"https:\/\/www.karinibutiik.ee\/wp-content\/uploads\/2024\/10\/Kuj.-K-koopia.png\",\"width\":500,\"height\":500,\"caption\":\"Karini Butiik\"},\"image\":{\"@id\":\"https:\/\/www.karinibutiik.ee\/#\/schema\/logo\/image\/\"},\"sameAs\":[\"https:\/\/www.facebook.com\/karinibutiik.ee\",\"https:\/\/www.instagram.com\/karinibutiik\"]}]}<\/script>\n<meta property=\"og:availability\" content=\"instock\" \/>\n<meta property=\"product:availability\" content=\"instock\" \/>\n<meta property=\"product:retailer_item_id\" content=\"5417\" \/>\n<meta property=\"product:condition\" content=\"new\" \/>\n<!-- \/ Yoast SEO plugin. -->","yoast_head_json":{"title":"Baby alpaka villaga pehme kampsun - Karini Butiik","description":"\u00dclipehme baby alpaka villaga naiste kampsun pastelsetes toonides \u2013 pastellkollane, mint roheline, virsik, valge ja sinine. Sobib XS\u2013M kandjale.","robots":{"index":"index","follow":"follow","max-snippet":"max-snippet:-1","max-image-preview":"max-image-preview:large","max-video-preview":"max-video-preview:-1"},"canonical":"https:\/\/www.karinibutiik.ee\/lv\/produkts\/baby-alpaka-villaga-pehme-kampsun\/","og_locale":"lv_LV","og_type":"article","og_title":"Baby alpaka villaga pehme kampsun - Karini Butiik","og_description":"\u00dclipehme baby alpaka villaga naiste kampsun pastelsetes toonides \u2013 pastellkollane, mint roheline, virsik, valge ja sinine. Sobib XS\u2013M kandjale.","og_url":"https:\/\/www.karinibutiik.ee\/lv\/produkts\/baby-alpaka-villaga-pehme-kampsun\/","og_site_name":"Karini Butiik","article_publisher":"https:\/\/www.facebook.com\/karinibutiik.ee","article_modified_time":"2026-04-10T17:24:58+00:00","og_image":[{"width":1920,"height":2560,"url":"https:\/\/www.karinibutiik.ee\/wp-content\/uploads\/2026\/03\/65B87A76-3529-4F98-A4B9-1CBBF3B25793-scaled.jpeg","type":"image\/jpeg"}],"twitter_card":"summary_large_image","twitter_misc":{"Availability":"In stock"},"schema":{"@context":"https:\/\/schema.org","@graph":[{"@type":"WebPage","@id":"https:\/\/www.karinibutiik.ee\/toode\/baby-alpaka-villaga-pehme-kampsun\/","url":"https:\/\/www.karinibutiik.ee\/toode\/baby-alpaka-villaga-pehme-kampsun\/","name":"Baby alpaka villaga pehme kampsun - Karini Butiik","isPartOf":{"@id":"https:\/\/www.karinibutiik.ee\/#website"},"primaryImageOfPage":{"@id":"https:\/\/www.karinibutiik.ee\/toode\/baby-alpaka-villaga-pehme-kampsun\/#primaryimage"},"image":{"@id":"https:\/\/www.karinibutiik.ee\/toode\/baby-alpaka-villaga-pehme-kampsun\/#primaryimage"},"thumbnailUrl":"https:\/\/www.karinibutiik.ee\/wp-content\/uploads\/2026\/03\/65B87A76-3529-4F98-A4B9-1CBBF3B25793-scaled.jpeg","datePublished":"2026-03-06T13:08:23+00:00","dateModified":"2026-04-10T17:24:58+00:00","description":"\u00dclipehme baby alpaka villaga naiste kampsun pastelsetes toonides \u2013 pastellkollane, mint roheline, virsik, valge ja sinine. Sobib XS\u2013M kandjale.","breadcrumb":{"@id":"https:\/\/www.karinibutiik.ee\/toode\/baby-alpaka-villaga-pehme-kampsun\/#breadcrumb"},"inLanguage":"lv-LV","potentialAction":[{"@type":"ReadAction","target":["https:\/\/www.karinibutiik.ee\/toode\/baby-alpaka-villaga-pehme-kampsun\/"]}]},{"@type":"ImageObject","inLanguage":"lv-LV","@id":"https:\/\/www.karinibutiik.ee\/toode\/baby-alpaka-villaga-pehme-kampsun\/#primaryimage","url":"https:\/\/www.karinibutiik.ee\/wp-content\/uploads\/2026\/03\/65B87A76-3529-4F98-A4B9-1CBBF3B25793-scaled.jpeg","contentUrl":"https:\/\/www.karinibutiik.ee\/wp-content\/uploads\/2026\/03\/65B87A76-3529-4F98-A4B9-1CBBF3B25793-scaled.jpeg","width":1920,"height":2560,"caption":"L\u00dcHIKESTE VARRUKATEGA PEHME KAMPSUN"},{"@type":"BreadcrumbList","@id":"https:\/\/www.karinibutiik.ee\/toode\/baby-alpaka-villaga-pehme-kampsun\/#breadcrumb","itemListElement":[{"@type":"ListItem","position":1,"name":"Home","item":"https:\/\/www.karinibutiik.ee\/"},{"@type":"ListItem","position":2,"name":"Pood","item":"https:\/\/www.karinibutiik.ee\/pood\/"},{"@type":"ListItem","position":3,"name":"Baby alpaka villaga pehme kampsun"}]},{"@type":"WebSite","@id":"https:\/\/www.karinibutiik.ee\/#website","url":"https:\/\/www.karinibutiik.ee\/","name":"Karini Butiik","description":"","publisher":{"@id":"https:\/\/www.karinibutiik.ee\/#organization"},"potentialAction":[{"@type":"SearchAction","target":{"@type":"EntryPoint","urlTemplate":"https:\/\/www.karinibutiik.ee\/?s={search_term_string}"},"query-input":{"@type":"PropertyValueSpecification","valueRequired":true,"valueName":"search_term_string"}}],"inLanguage":"lv-LV"},{"@type":"Organization","@id":"https:\/\/www.karinibutiik.ee\/#organization","name":"Karini Butiik","url":"https:\/\/www.karinibutiik.ee\/","logo":{"@type":"ImageObject","inLanguage":"lv-LV","@id":"https:\/\/www.karinibutiik.ee\/#\/schema\/logo\/image\/","url":"https:\/\/www.karinibutiik.ee\/wp-content\/uploads\/2024\/10\/Kuj.-K-koopia.png","contentUrl":"https:\/\/www.karinibutiik.ee\/wp-content\/uploads\/2024\/10\/Kuj.-K-koopia.png","width":500,"height":500,"caption":"Karini Butiik"},"image":{"@id":"https:\/\/www.karinibutiik.ee\/#\/schema\/logo\/image\/"},"sameAs":["https:\/\/www.facebook.com\/karinibutiik.ee","https:\/\/www.instagram.com\/karinibutiik"]}]},"og_availability":"instock","product_availability":"instock","product_retailer_item_id":"5417","product_condition":"new"},"_links":{"self":[{"href":"https:\/\/www.karinibutiik.ee\/lv\/wp-json\/wp\/v2\/product\/26530","targetHints":{"allow":["GET"]}}],"collection":[{"href":"https:\/\/www.karinibutiik.ee\/lv\/wp-json\/wp\/v2\/product"}],"about":[{"href":"https:\/\/www.karinibutiik.ee\/lv\/wp-json\/wp\/v2\/types\/product"}],"version-history":[{"count":1,"href":"https:\/\/www.karinibutiik.ee\/lv\/wp-json\/wp\/v2\/product\/26530\/revisions"}],"predecessor-version":[{"id":26536,"href":"https:\/\/www.karinibutiik.ee\/lv\/wp-json\/wp\/v2\/product\/26530\/revisions\/26536"}],"wp:featuredmedia":[{"embeddable":true,"href":"https:\/\/www.karinibutiik.ee\/lv\/wp-json\/wp\/v2\/media\/26502"}],"wp:attachment":[{"href":"https:\/\/www.karinibutiik.ee\/lv\/wp-json\/wp\/v2\/media?parent=26530"}],"wp:term":[{"taxonomy":"product_brand","embeddable":true,"href":"https:\/\/www.karinibutiik.ee\/lv\/wp-json\/wp\/v2\/product_brand?post=26530"},{"taxonomy":"product_cat","embeddable":true,"href":"https:\/\/www.karinibutiik.ee\/lv\/wp-json\/wp\/v2\/product_cat?post=26530"},{"taxonomy":"product_tag","embeddable":true,"href":"https:\/\/www.karinibutiik.ee\/lv\/wp-json\/wp\/v2\/product_tag?post=26530"}],"curies":[{"name":"wp","href":"https:\/\/api.w.org\/{rel}","templated":true}]}}