{"id":26550,"date":"2026-03-06T16:11:36","date_gmt":"2026-03-06T14:11:36","guid":{"rendered":"https:\/\/www.karinibutiik.ee\/?post_type=product&#038;p=26550"},"modified":"2026-03-06T16:11:36","modified_gmt":"2026-03-06T14:11:36","slug":"naiste-pehme-puuvillane-dressipluus","status":"publish","type":"product","link":"https:\/\/www.karinibutiik.ee\/lv\/produkts\/naiste-pehme-puuvillane-dressipluus\/","title":{"rendered":"Naiste pehme puuvillane dressipluus"},"content":{"rendered":"<p data-start=\"309\" data-end=\"551\">See puuvillane naiste dressipluus on ideaalne valik mugavaks ja stiilseks igap\u00e4evaseks kandmiseks. Klassikaline dressipluusi l\u00f5ige ning pehme kangas loovad m\u00f5nusa ja pingevaba v\u00e4limuse, mis sobib nii vabaajaks kui ka sportlikumaks linnastiiliks.<\/p>\n<p data-start=\"553\" data-end=\"781\">Pusa on valmistatud kvaliteetsest materjalist, mille koostis on 95% puuvill ja 5% pol\u00fcester. Puuvillane kangas on naha vastas v\u00e4ga pehme, hingav ja mugav, samal ajal kui pol\u00fcester aitab hoida pluusi vormi ning vastupidavust.<\/p>\n<p data-start=\"783\" data-end=\"967\">Esik\u00fcljel olev dekoratiivne tekst lisab pusale erilise ja pilkup\u00fc\u00fcdva detaili. See muudab r\u00f5iva modernseks statement-esemeks, mis t\u00e4iendab lihtsat outfit\u2019i ja annab sellele karakterit.<\/p>\n<p data-start=\"969\" data-end=\"1218\">T\u00e4nu mugavale l\u00f5ikele sobib \u00fcks suurus XS\u2013L kandjale, pakkudes m\u00f5nusat istuvust erinevatele kehat\u00fc\u00fcpidele. Pusa sobib ideaalselt teksade, dressip\u00fckste v\u00f5i seelikuga kombineerimiseks ning on suurep\u00e4rane valik igap\u00e4evaseks kandmiseks igal hooajal.<\/p>","protected":false},"excerpt":{"rendered":"<p>See puuvillane naiste dressipluus on ideaalne valik mugavaks ja stiilseks igap\u00e4evaseks kandmiseks. Klassikaline dressipluusi l\u00f5ige ning pehme kangas loovad m\u00f5nusa [&hellip;]<\/p>\n","protected":false},"featured_media":26516,"template":"","meta":{"site-sidebar-layout":"default","site-content-layout":"","ast-site-content-layout":"default","site-content-style":"default","site-sidebar-style":"default","ast-global-header-display":"","ast-banner-title-visibility":"","ast-main-header-display":"","ast-hfb-above-header-display":"","ast-hfb-below-header-display":"","ast-hfb-mobile-header-display":"","site-post-title":"","ast-breadcrumbs-content":"","ast-featured-img":"","footer-sml-layout":"","ast-disable-related-posts":"","theme-transparent-header-meta":"default","adv-header-id-meta":"","stick-header-meta":"default","header-above-stick-meta":"","header-main-stick-meta":"","header-below-stick-meta":"","astra-migrate-meta-layouts":"set","ast-page-background-enabled":"default","ast-page-background-meta":{"desktop":{"background-color":"var(--ast-global-color-4)","background-image":"","background-repeat":"repeat","background-position":"center center","background-size":"auto","background-attachment":"scroll","background-type":"","background-media":"","overlay-type":"","overlay-color":"","overlay-opacity":"","overlay-gradient":""},"tablet":{"background-color":"","background-image":"","background-repeat":"repeat","background-position":"center center","background-size":"auto","background-attachment":"scroll","background-type":"","background-media":"","overlay-type":"","overlay-color":"","overlay-opacity":"","overlay-gradient":""},"mobile":{"background-color":"","background-image":"","background-repeat":"repeat","background-position":"center center","background-size":"auto","background-attachment":"scroll","background-type":"","background-media":"","overlay-type":"","overlay-color":"","overlay-opacity":"","overlay-gradient":""}},"ast-content-background-meta":{"desktop":{"background-color":"var(--ast-global-color-5)","background-image":"","background-repeat":"repeat","background-position":"center center","background-size":"auto","background-attachment":"scroll","background-type":"","background-media":"","overlay-type":"","overlay-color":"","overlay-opacity":"","overlay-gradient":""},"tablet":{"background-color":"var(--ast-global-color-5)","background-image":"","background-repeat":"repeat","background-position":"center center","background-size":"auto","background-attachment":"scroll","background-type":"","background-media":"","overlay-type":"","overlay-color":"","overlay-opacity":"","overlay-gradient":""},"mobile":{"background-color":"var(--ast-global-color-5)","background-image":"","background-repeat":"repeat","background-position":"center center","background-size":"auto","background-attachment":"scroll","background-type":"","background-media":"","overlay-type":"","overlay-color":"","overlay-opacity":"","overlay-gradient":""}}},"product_brand":[],"product_cat":[346,389,370,351],"product_tag":[2591,2592,2586,2589,2582,2584,2588,2585,2587,2590],"class_list":{"0":"post-26550","1":"product","2":"type-product","3":"status-publish","4":"has-post-thumbnail","6":"product_cat-naised","7":"product_cat-dressipluusid","8":"product_cat-kampsunid","9":"product_cat-uued-tooted","10":"product_tag-dressipluus-naistele","11":"product_tag-kirjaga-pusa","12":"product_tag-mugav-pusa","13":"product_tag-naiste-dressipluus","14":"product_tag-naiste-pusa","15":"product_tag-oversized-pusa","16":"product_tag-pehme-pusa","17":"product_tag-puuvillane-pusa","18":"product_tag-vabaaja-pusa","19":"product_tag-xs-l-pusa","20":"desktop-align-center","21":"tablet-align-center","22":"mobile-align-center","23":"ast-product-gallery-layout-horizontal-slider","24":"ast-product-single-variable","25":"ast-product-tabs-layout-horizontal","27":"first","28":"instock","29":"taxable","30":"shipping-taxable","31":"purchasable","32":"product-type-variable"},"supplier_id":null,"supplier_sku":"","barcode":null,"atum_controlled":true,"out_stock_date":null,"out_stock_threshold":null,"inheritable":true,"inbound_stock":null,"stock_on_hold":0,"sold_today":null,"sales_last_days":null,"reserved_stock":0,"customer_returns":null,"warehouse_damage":0,"lost_in_post":null,"other_logs":0,"out_stock_days":null,"lost_sales":null,"has_location":false,"update_date":"2026-03-07T09:03:46","atum_locations":[],"atum_stock_status":"instock","restock_status":false,"low_stock_amount":"","sales_update_date":null,"calc_backorders":null,"yoast_head":"<!-- This site is optimized with the Yoast SEO plugin v26.9 - https:\/\/yoast.com\/product\/yoast-seo-wordpress\/ -->\n<title>Naiste pehme puuvillane dressipluus - Karini Butiik<\/title>\n<meta name=\"description\" content=\"Pehme puuvillane naiste pusa kirjaga. Mugav ja stiilne dressipluus igap\u00e4evaseks kandmiseks. \u00dcks suurus sobib XS\u2013L kandjale.\" \/>\n<meta name=\"robots\" content=\"index, follow, max-snippet:-1, max-image-preview:large, max-video-preview:-1\" \/>\n<link rel=\"canonical\" href=\"https:\/\/www.karinibutiik.ee\/lv\/produkts\/naiste-pehme-puuvillane-dressipluus\/\" \/>\n<meta property=\"og:locale\" content=\"lv_LV\" \/>\n<meta property=\"og:type\" content=\"article\" \/>\n<meta property=\"og:title\" content=\"Naiste pehme puuvillane dressipluus - Karini Butiik\" \/>\n<meta property=\"og:description\" content=\"Pehme puuvillane naiste pusa kirjaga. Mugav ja stiilne dressipluus igap\u00e4evaseks kandmiseks. \u00dcks suurus sobib XS\u2013L kandjale.\" \/>\n<meta property=\"og:url\" content=\"https:\/\/www.karinibutiik.ee\/lv\/produkts\/naiste-pehme-puuvillane-dressipluus\/\" \/>\n<meta property=\"og:site_name\" content=\"Karini Butiik\" \/>\n<meta property=\"article:publisher\" content=\"https:\/\/www.facebook.com\/karinibutiik.ee\" \/>\n<meta property=\"og:image\" content=\"https:\/\/www.karinibutiik.ee\/wp-content\/uploads\/2026\/03\/88802FDB-A489-4F31-94B5-B0D602297D2A-scaled.jpeg\" \/>\n\t<meta property=\"og:image:width\" content=\"1920\" \/>\n\t<meta property=\"og:image:height\" content=\"2560\" \/>\n\t<meta property=\"og:image:type\" content=\"image\/jpeg\" \/>\n<meta name=\"twitter:card\" content=\"summary_large_image\" \/>\n<meta name=\"twitter:label1\" content=\"Availability\" \/>\n\t<meta name=\"twitter:data1\" content=\"In stock\" \/>\n<script type=\"application\/ld+json\" class=\"yoast-schema-graph\">{\"@context\":\"https:\/\/schema.org\",\"@graph\":[{\"@type\":\"WebPage\",\"@id\":\"https:\/\/www.karinibutiik.ee\/toode\/naiste-pehme-puuvillane-dressipluus\/\",\"url\":\"https:\/\/www.karinibutiik.ee\/toode\/naiste-pehme-puuvillane-dressipluus\/\",\"name\":\"Naiste pehme puuvillane dressipluus - Karini Butiik\",\"isPartOf\":{\"@id\":\"https:\/\/www.karinibutiik.ee\/#website\"},\"primaryImageOfPage\":{\"@id\":\"https:\/\/www.karinibutiik.ee\/toode\/naiste-pehme-puuvillane-dressipluus\/#primaryimage\"},\"image\":{\"@id\":\"https:\/\/www.karinibutiik.ee\/toode\/naiste-pehme-puuvillane-dressipluus\/#primaryimage\"},\"thumbnailUrl\":\"https:\/\/www.karinibutiik.ee\/wp-content\/uploads\/2026\/03\/88802FDB-A489-4F31-94B5-B0D602297D2A-scaled.jpeg\",\"datePublished\":\"2026-03-06T14:11:36+00:00\",\"description\":\"Pehme puuvillane naiste pusa kirjaga. Mugav ja stiilne dressipluus igap\u00e4evaseks kandmiseks. \u00dcks suurus sobib XS\u2013L kandjale.\",\"breadcrumb\":{\"@id\":\"https:\/\/www.karinibutiik.ee\/toode\/naiste-pehme-puuvillane-dressipluus\/#breadcrumb\"},\"inLanguage\":\"lv-LV\",\"potentialAction\":[{\"@type\":\"ReadAction\",\"target\":[\"https:\/\/www.karinibutiik.ee\/toode\/naiste-pehme-puuvillane-dressipluus\/\"]}]},{\"@type\":\"ImageObject\",\"inLanguage\":\"lv-LV\",\"@id\":\"https:\/\/www.karinibutiik.ee\/toode\/naiste-pehme-puuvillane-dressipluus\/#primaryimage\",\"url\":\"https:\/\/www.karinibutiik.ee\/wp-content\/uploads\/2026\/03\/88802FDB-A489-4F31-94B5-B0D602297D2A-scaled.jpeg\",\"contentUrl\":\"https:\/\/www.karinibutiik.ee\/wp-content\/uploads\/2026\/03\/88802FDB-A489-4F31-94B5-B0D602297D2A-scaled.jpeg\",\"width\":1920,\"height\":2560,\"caption\":\"Pehme puuvillane naiste pusa kirjaga, mugav dressipluus igap\u00e4evaseks kandmiseks.\"},{\"@type\":\"BreadcrumbList\",\"@id\":\"https:\/\/www.karinibutiik.ee\/toode\/naiste-pehme-puuvillane-dressipluus\/#breadcrumb\",\"itemListElement\":[{\"@type\":\"ListItem\",\"position\":1,\"name\":\"Home\",\"item\":\"https:\/\/www.karinibutiik.ee\/\"},{\"@type\":\"ListItem\",\"position\":2,\"name\":\"Pood\",\"item\":\"https:\/\/www.karinibutiik.ee\/pood\/\"},{\"@type\":\"ListItem\",\"position\":3,\"name\":\"Naiste pehme puuvillane dressipluus\"}]},{\"@type\":\"WebSite\",\"@id\":\"https:\/\/www.karinibutiik.ee\/#website\",\"url\":\"https:\/\/www.karinibutiik.ee\/\",\"name\":\"Karini Butiik\",\"description\":\"\",\"publisher\":{\"@id\":\"https:\/\/www.karinibutiik.ee\/#organization\"},\"potentialAction\":[{\"@type\":\"SearchAction\",\"target\":{\"@type\":\"EntryPoint\",\"urlTemplate\":\"https:\/\/www.karinibutiik.ee\/?s={search_term_string}\"},\"query-input\":{\"@type\":\"PropertyValueSpecification\",\"valueRequired\":true,\"valueName\":\"search_term_string\"}}],\"inLanguage\":\"lv-LV\"},{\"@type\":\"Organization\",\"@id\":\"https:\/\/www.karinibutiik.ee\/#organization\",\"name\":\"Karini Butiik\",\"url\":\"https:\/\/www.karinibutiik.ee\/\",\"logo\":{\"@type\":\"ImageObject\",\"inLanguage\":\"lv-LV\",\"@id\":\"https:\/\/www.karinibutiik.ee\/#\/schema\/logo\/image\/\",\"url\":\"https:\/\/www.karinibutiik.ee\/wp-content\/uploads\/2024\/10\/Kuj.-K-koopia.png\",\"contentUrl\":\"https:\/\/www.karinibutiik.ee\/wp-content\/uploads\/2024\/10\/Kuj.-K-koopia.png\",\"width\":500,\"height\":500,\"caption\":\"Karini Butiik\"},\"image\":{\"@id\":\"https:\/\/www.karinibutiik.ee\/#\/schema\/logo\/image\/\"},\"sameAs\":[\"https:\/\/www.facebook.com\/karinibutiik.ee\",\"https:\/\/www.instagram.com\/karinibutiik\"]}]}<\/script>\n<meta property=\"og:availability\" content=\"instock\" \/>\n<meta property=\"product:availability\" content=\"instock\" \/>\n<meta property=\"product:retailer_item_id\" content=\"5412\" \/>\n<meta property=\"product:condition\" content=\"new\" \/>\n<!-- \/ Yoast SEO plugin. -->","yoast_head_json":{"title":"Naiste pehme puuvillane dressipluus - Karini Butiik","description":"Pehme puuvillane naiste pusa kirjaga. Mugav ja stiilne dressipluus igap\u00e4evaseks kandmiseks. \u00dcks suurus sobib XS\u2013L kandjale.","robots":{"index":"index","follow":"follow","max-snippet":"max-snippet:-1","max-image-preview":"max-image-preview:large","max-video-preview":"max-video-preview:-1"},"canonical":"https:\/\/www.karinibutiik.ee\/lv\/produkts\/naiste-pehme-puuvillane-dressipluus\/","og_locale":"lv_LV","og_type":"article","og_title":"Naiste pehme puuvillane dressipluus - Karini Butiik","og_description":"Pehme puuvillane naiste pusa kirjaga. Mugav ja stiilne dressipluus igap\u00e4evaseks kandmiseks. \u00dcks suurus sobib XS\u2013L kandjale.","og_url":"https:\/\/www.karinibutiik.ee\/lv\/produkts\/naiste-pehme-puuvillane-dressipluus\/","og_site_name":"Karini Butiik","article_publisher":"https:\/\/www.facebook.com\/karinibutiik.ee","og_image":[{"width":1920,"height":2560,"url":"https:\/\/www.karinibutiik.ee\/wp-content\/uploads\/2026\/03\/88802FDB-A489-4F31-94B5-B0D602297D2A-scaled.jpeg","type":"image\/jpeg"}],"twitter_card":"summary_large_image","twitter_misc":{"Availability":"In stock"},"schema":{"@context":"https:\/\/schema.org","@graph":[{"@type":"WebPage","@id":"https:\/\/www.karinibutiik.ee\/toode\/naiste-pehme-puuvillane-dressipluus\/","url":"https:\/\/www.karinibutiik.ee\/toode\/naiste-pehme-puuvillane-dressipluus\/","name":"Naiste pehme puuvillane dressipluus - Karini Butiik","isPartOf":{"@id":"https:\/\/www.karinibutiik.ee\/#website"},"primaryImageOfPage":{"@id":"https:\/\/www.karinibutiik.ee\/toode\/naiste-pehme-puuvillane-dressipluus\/#primaryimage"},"image":{"@id":"https:\/\/www.karinibutiik.ee\/toode\/naiste-pehme-puuvillane-dressipluus\/#primaryimage"},"thumbnailUrl":"https:\/\/www.karinibutiik.ee\/wp-content\/uploads\/2026\/03\/88802FDB-A489-4F31-94B5-B0D602297D2A-scaled.jpeg","datePublished":"2026-03-06T14:11:36+00:00","description":"Pehme puuvillane naiste pusa kirjaga. Mugav ja stiilne dressipluus igap\u00e4evaseks kandmiseks. \u00dcks suurus sobib XS\u2013L kandjale.","breadcrumb":{"@id":"https:\/\/www.karinibutiik.ee\/toode\/naiste-pehme-puuvillane-dressipluus\/#breadcrumb"},"inLanguage":"lv-LV","potentialAction":[{"@type":"ReadAction","target":["https:\/\/www.karinibutiik.ee\/toode\/naiste-pehme-puuvillane-dressipluus\/"]}]},{"@type":"ImageObject","inLanguage":"lv-LV","@id":"https:\/\/www.karinibutiik.ee\/toode\/naiste-pehme-puuvillane-dressipluus\/#primaryimage","url":"https:\/\/www.karinibutiik.ee\/wp-content\/uploads\/2026\/03\/88802FDB-A489-4F31-94B5-B0D602297D2A-scaled.jpeg","contentUrl":"https:\/\/www.karinibutiik.ee\/wp-content\/uploads\/2026\/03\/88802FDB-A489-4F31-94B5-B0D602297D2A-scaled.jpeg","width":1920,"height":2560,"caption":"Pehme puuvillane naiste pusa kirjaga, mugav dressipluus igap\u00e4evaseks kandmiseks."},{"@type":"BreadcrumbList","@id":"https:\/\/www.karinibutiik.ee\/toode\/naiste-pehme-puuvillane-dressipluus\/#breadcrumb","itemListElement":[{"@type":"ListItem","position":1,"name":"Home","item":"https:\/\/www.karinibutiik.ee\/"},{"@type":"ListItem","position":2,"name":"Pood","item":"https:\/\/www.karinibutiik.ee\/pood\/"},{"@type":"ListItem","position":3,"name":"Naiste pehme puuvillane dressipluus"}]},{"@type":"WebSite","@id":"https:\/\/www.karinibutiik.ee\/#website","url":"https:\/\/www.karinibutiik.ee\/","name":"Karini Butiik","description":"","publisher":{"@id":"https:\/\/www.karinibutiik.ee\/#organization"},"potentialAction":[{"@type":"SearchAction","target":{"@type":"EntryPoint","urlTemplate":"https:\/\/www.karinibutiik.ee\/?s={search_term_string}"},"query-input":{"@type":"PropertyValueSpecification","valueRequired":true,"valueName":"search_term_string"}}],"inLanguage":"lv-LV"},{"@type":"Organization","@id":"https:\/\/www.karinibutiik.ee\/#organization","name":"Karini Butiik","url":"https:\/\/www.karinibutiik.ee\/","logo":{"@type":"ImageObject","inLanguage":"lv-LV","@id":"https:\/\/www.karinibutiik.ee\/#\/schema\/logo\/image\/","url":"https:\/\/www.karinibutiik.ee\/wp-content\/uploads\/2024\/10\/Kuj.-K-koopia.png","contentUrl":"https:\/\/www.karinibutiik.ee\/wp-content\/uploads\/2024\/10\/Kuj.-K-koopia.png","width":500,"height":500,"caption":"Karini Butiik"},"image":{"@id":"https:\/\/www.karinibutiik.ee\/#\/schema\/logo\/image\/"},"sameAs":["https:\/\/www.facebook.com\/karinibutiik.ee","https:\/\/www.instagram.com\/karinibutiik"]}]},"og_availability":"instock","product_availability":"instock","product_retailer_item_id":"5412","product_condition":"new"},"_links":{"self":[{"href":"https:\/\/www.karinibutiik.ee\/lv\/wp-json\/wp\/v2\/product\/26550","targetHints":{"allow":["GET"]}}],"collection":[{"href":"https:\/\/www.karinibutiik.ee\/lv\/wp-json\/wp\/v2\/product"}],"about":[{"href":"https:\/\/www.karinibutiik.ee\/lv\/wp-json\/wp\/v2\/types\/product"}],"version-history":[{"count":1,"href":"https:\/\/www.karinibutiik.ee\/lv\/wp-json\/wp\/v2\/product\/26550\/revisions"}],"predecessor-version":[{"id":26552,"href":"https:\/\/www.karinibutiik.ee\/lv\/wp-json\/wp\/v2\/product\/26550\/revisions\/26552"}],"wp:featuredmedia":[{"embeddable":true,"href":"https:\/\/www.karinibutiik.ee\/lv\/wp-json\/wp\/v2\/media\/26516"}],"wp:attachment":[{"href":"https:\/\/www.karinibutiik.ee\/lv\/wp-json\/wp\/v2\/media?parent=26550"}],"wp:term":[{"taxonomy":"product_brand","embeddable":true,"href":"https:\/\/www.karinibutiik.ee\/lv\/wp-json\/wp\/v2\/product_brand?post=26550"},{"taxonomy":"product_cat","embeddable":true,"href":"https:\/\/www.karinibutiik.ee\/lv\/wp-json\/wp\/v2\/product_cat?post=26550"},{"taxonomy":"product_tag","embeddable":true,"href":"https:\/\/www.karinibutiik.ee\/lv\/wp-json\/wp\/v2\/product_tag?post=26550"}],"curies":[{"name":"wp","href":"https:\/\/api.w.org\/{rel}","templated":true}]}}