{"id":26702,"date":"2026-03-16T15:15:08","date_gmt":"2026-03-16T13:15:08","guid":{"rendered":"https:\/\/www.karinibutiik.ee\/?post_type=product&#038;p=26702"},"modified":"2026-04-22T12:08:59","modified_gmt":"2026-04-22T09:08:59","slug":"elegantne-naiste-kleit","status":"publish","type":"product","link":"https:\/\/www.karinibutiik.ee\/lv\/produkts\/elegantne-naiste-kleit\/","title":{"rendered":"Elegantne naiste kleit"},"content":{"rendered":"<p data-start=\"803\" data-end=\"1086\">See elegantne naiste kleit on pilkup\u00fc\u00fcdev ja stiilne valik naisele, kes hindab kvaliteeti, modernset disaini ja ajatut elegantsi. Kaunis l\u00f5ige ja hoolikalt viimistletud detailid loovad naiseliku silueti, mis r\u00f5hutab figuuri ning annab kandjale enesekindla ja luksusliku v\u00e4limuse.<\/p>\n<p data-start=\"1088\" data-end=\"1337\">Kleit sobib ideaalselt nii pidulikeks s\u00fcndmusteks, \u00f5htus\u00f6\u00f6kideks kui ka elegantseks linnastiiliks. Minimalistlik, kuid samas efektne disain muudab selle r\u00f5iva v\u00e4ga mitmek\u00fclgseks ning lihtsasti kombineeritavaks erinevate aksessuaaride ja jalan\u00f5udega.<\/p>\n<p data-start=\"1339\" data-end=\"1408\">Kleit on saadaval kahes ajatus toonis:<br data-start=\"1377\" data-end=\"1380\" \/>\u2022 valge<br data-start=\"1391\" data-end=\"1394\" \/>\u2022 helebee\u017e<\/p>\n<p data-start=\"1410\" data-end=\"1655\">Need neutraalsed v\u00e4rvid loovad luksusliku ja puhta v\u00e4limuse ning sobivad suurep\u00e4raselt nii klassikaliste kui ka modernsete outfit\u2019ide juurde. Valge toon m\u00f5jub v\u00e4rske ja elegantse valikuna, samas kui helebee\u017e lisab pehmust ja rafineeritud stiili.<\/p>\n<p data-start=\"1657\" data-end=\"1886\">Kleit on saadaval suurustes XS, S, M ja L, pakkudes mugavat ja h\u00e4sti istuvat l\u00f5iget erinevatele kehat\u00fc\u00fcpidele. Tegemist on kvaliteetse r\u00f5ivaesemega, mis sobib ideaalselt nii garderoobi p\u00f5hiesemeks kui ka eriliseks s\u00fcndmuseks.<\/p>","protected":false},"excerpt":{"rendered":"<p>See elegantne naiste kleit on pilkup\u00fc\u00fcdev ja stiilne valik naisele, kes hindab kvaliteeti, modernset disaini ja ajatut elegantsi. Kaunis l\u00f5ige [&hellip;]<\/p>\n","protected":false},"featured_media":27346,"template":"","meta":{"site-sidebar-layout":"default","site-content-layout":"","ast-site-content-layout":"default","site-content-style":"default","site-sidebar-style":"default","ast-global-header-display":"","ast-banner-title-visibility":"","ast-main-header-display":"","ast-hfb-above-header-display":"","ast-hfb-below-header-display":"","ast-hfb-mobile-header-display":"","site-post-title":"","ast-breadcrumbs-content":"","ast-featured-img":"","footer-sml-layout":"","ast-disable-related-posts":"","theme-transparent-header-meta":"default","adv-header-id-meta":"","stick-header-meta":"default","header-above-stick-meta":"","header-main-stick-meta":"","header-below-stick-meta":"","astra-migrate-meta-layouts":"set","ast-page-background-enabled":"default","ast-page-background-meta":{"desktop":{"background-color":"var(--ast-global-color-4)","background-image":"","background-repeat":"repeat","background-position":"center center","background-size":"auto","background-attachment":"scroll","background-type":"","background-media":"","overlay-type":"","overlay-color":"","overlay-opacity":"","overlay-gradient":""},"tablet":{"background-color":"","background-image":"","background-repeat":"repeat","background-position":"center center","background-size":"auto","background-attachment":"scroll","background-type":"","background-media":"","overlay-type":"","overlay-color":"","overlay-opacity":"","overlay-gradient":""},"mobile":{"background-color":"","background-image":"","background-repeat":"repeat","background-position":"center center","background-size":"auto","background-attachment":"scroll","background-type":"","background-media":"","overlay-type":"","overlay-color":"","overlay-opacity":"","overlay-gradient":""}},"ast-content-background-meta":{"desktop":{"background-color":"var(--ast-global-color-5)","background-image":"","background-repeat":"repeat","background-position":"center center","background-size":"auto","background-attachment":"scroll","background-type":"","background-media":"","overlay-type":"","overlay-color":"","overlay-opacity":"","overlay-gradient":""},"tablet":{"background-color":"var(--ast-global-color-5)","background-image":"","background-repeat":"repeat","background-position":"center center","background-size":"auto","background-attachment":"scroll","background-type":"","background-media":"","overlay-type":"","overlay-color":"","overlay-opacity":"","overlay-gradient":""},"mobile":{"background-color":"var(--ast-global-color-5)","background-image":"","background-repeat":"repeat","background-position":"center center","background-size":"auto","background-attachment":"scroll","background-type":"","background-media":"","overlay-type":"","overlay-color":"","overlay-opacity":"","overlay-gradient":""}}},"product_brand":[],"product_cat":[346,347,379,364,351],"product_tag":[1169,737,501,485,2618,1593,738,623,506,2617],"class_list":{"0":"post-26702","1":"product","2":"type-product","3":"status-publish","4":"has-post-thumbnail","6":"product_cat-naised","7":"product_cat-kleidid","8":"product_cat-bleiserkleidid","9":"product_cat-minikleidid","10":"product_cat-uued-tooted","11":"product_tag-elegantne-kleit","12":"product_tag-helebeez-kleit","13":"product_tag-karini-butiik","14":"product_tag-kleidipood","15":"product_tag-moekleit-naistele","16":"product_tag-naiste-kleit","17":"product_tag-pidulik-kleit","18":"product_tag-stiilne-kleit","19":"product_tag-valge-kleit","20":"product_tag-xs-s-m-l-kleit","21":"desktop-align-center","22":"tablet-align-center","23":"mobile-align-center","24":"ast-product-gallery-layout-horizontal-slider","25":"ast-product-single-variable","26":"ast-product-tabs-layout-horizontal","28":"first","29":"instock","30":"taxable","31":"shipping-taxable","32":"purchasable","33":"product-type-variable"},"supplier_id":null,"supplier_sku":"","barcode":null,"atum_controlled":true,"out_stock_date":null,"out_stock_threshold":null,"inheritable":true,"inbound_stock":null,"stock_on_hold":0,"sold_today":null,"sales_last_days":null,"reserved_stock":0,"customer_returns":null,"warehouse_damage":0,"lost_in_post":null,"other_logs":0,"out_stock_days":null,"lost_sales":null,"has_location":false,"update_date":"2026-04-22T09:08:59","atum_locations":[],"atum_stock_status":"instock","restock_status":false,"low_stock_amount":"","sales_update_date":null,"calc_backorders":null,"yoast_head":"<!-- This site is optimized with the Yoast SEO plugin v26.9 - https:\/\/yoast.com\/product\/yoast-seo-wordpress\/ -->\n<title>Elegantne naiste kleit - Karini Butiik<\/title>\n<meta name=\"description\" content=\"Elegantne naiste kleit pilkup\u00fc\u00fcdva disainiga. Saadaval valges ja helebee\u017eis toonis. Kvaliteetne ja stiilne kleit suurustes XS\u2013L.\" \/>\n<meta name=\"robots\" content=\"index, follow, max-snippet:-1, max-image-preview:large, max-video-preview:-1\" \/>\n<link rel=\"canonical\" href=\"https:\/\/www.karinibutiik.ee\/lv\/produkts\/elegantne-naiste-kleit\/\" \/>\n<meta property=\"og:locale\" content=\"lv_LV\" \/>\n<meta property=\"og:type\" content=\"article\" \/>\n<meta property=\"og:title\" content=\"Elegantne naiste kleit - Karini Butiik\" \/>\n<meta property=\"og:description\" content=\"Elegantne naiste kleit pilkup\u00fc\u00fcdva disainiga. Saadaval valges ja helebee\u017eis toonis. Kvaliteetne ja stiilne kleit suurustes XS\u2013L.\" \/>\n<meta property=\"og:url\" content=\"https:\/\/www.karinibutiik.ee\/lv\/produkts\/elegantne-naiste-kleit\/\" \/>\n<meta property=\"og:site_name\" content=\"Karini Butiik\" \/>\n<meta property=\"article:publisher\" content=\"https:\/\/www.facebook.com\/karinibutiik.ee\" \/>\n<meta property=\"article:modified_time\" content=\"2026-04-22T09:08:59+00:00\" \/>\n<meta property=\"og:image\" content=\"https:\/\/www.karinibutiik.ee\/wp-content\/uploads\/2026\/04\/260420_Karini_Butiik_Erlend_Staub_199-scaled-e1776848695136.jpg\" \/>\n\t<meta property=\"og:image:width\" content=\"1818\" \/>\n\t<meta property=\"og:image:height\" content=\"2390\" \/>\n\t<meta property=\"og:image:type\" content=\"image\/jpeg\" \/>\n<meta name=\"twitter:card\" content=\"summary_large_image\" \/>\n<meta name=\"twitter:label1\" content=\"Availability\" \/>\n\t<meta name=\"twitter:data1\" content=\"In stock\" \/>\n<script type=\"application\/ld+json\" class=\"yoast-schema-graph\">{\"@context\":\"https:\/\/schema.org\",\"@graph\":[{\"@type\":\"WebPage\",\"@id\":\"https:\/\/www.karinibutiik.ee\/toode\/elegantne-naiste-kleit\/\",\"url\":\"https:\/\/www.karinibutiik.ee\/toode\/elegantne-naiste-kleit\/\",\"name\":\"Elegantne naiste kleit - Karini Butiik\",\"isPartOf\":{\"@id\":\"https:\/\/www.karinibutiik.ee\/#website\"},\"primaryImageOfPage\":{\"@id\":\"https:\/\/www.karinibutiik.ee\/toode\/elegantne-naiste-kleit\/#primaryimage\"},\"image\":{\"@id\":\"https:\/\/www.karinibutiik.ee\/toode\/elegantne-naiste-kleit\/#primaryimage\"},\"thumbnailUrl\":\"https:\/\/www.karinibutiik.ee\/wp-content\/uploads\/2026\/04\/260420_Karini_Butiik_Erlend_Staub_199-scaled-e1776848695136.jpg\",\"datePublished\":\"2026-03-16T13:15:08+00:00\",\"dateModified\":\"2026-04-22T09:08:59+00:00\",\"description\":\"Elegantne naiste kleit pilkup\u00fc\u00fcdva disainiga. Saadaval valges ja helebee\u017eis toonis. Kvaliteetne ja stiilne kleit suurustes XS\u2013L.\",\"breadcrumb\":{\"@id\":\"https:\/\/www.karinibutiik.ee\/toode\/elegantne-naiste-kleit\/#breadcrumb\"},\"inLanguage\":\"lv-LV\",\"potentialAction\":[{\"@type\":\"ReadAction\",\"target\":[\"https:\/\/www.karinibutiik.ee\/toode\/elegantne-naiste-kleit\/\"]}]},{\"@type\":\"ImageObject\",\"inLanguage\":\"lv-LV\",\"@id\":\"https:\/\/www.karinibutiik.ee\/toode\/elegantne-naiste-kleit\/#primaryimage\",\"url\":\"https:\/\/www.karinibutiik.ee\/wp-content\/uploads\/2026\/04\/260420_Karini_Butiik_Erlend_Staub_199-scaled-e1776848695136.jpg\",\"contentUrl\":\"https:\/\/www.karinibutiik.ee\/wp-content\/uploads\/2026\/04\/260420_Karini_Butiik_Erlend_Staub_199-scaled-e1776848695136.jpg\",\"width\":1818,\"height\":2390,\"caption\":\"Elegantne naiste bleiserkleit\"},{\"@type\":\"BreadcrumbList\",\"@id\":\"https:\/\/www.karinibutiik.ee\/toode\/elegantne-naiste-kleit\/#breadcrumb\",\"itemListElement\":[{\"@type\":\"ListItem\",\"position\":1,\"name\":\"Home\",\"item\":\"https:\/\/www.karinibutiik.ee\/\"},{\"@type\":\"ListItem\",\"position\":2,\"name\":\"Pood\",\"item\":\"https:\/\/www.karinibutiik.ee\/pood\/\"},{\"@type\":\"ListItem\",\"position\":3,\"name\":\"Elegantne naiste kleit\"}]},{\"@type\":\"WebSite\",\"@id\":\"https:\/\/www.karinibutiik.ee\/#website\",\"url\":\"https:\/\/www.karinibutiik.ee\/\",\"name\":\"Karini Butiik\",\"description\":\"\",\"publisher\":{\"@id\":\"https:\/\/www.karinibutiik.ee\/#organization\"},\"potentialAction\":[{\"@type\":\"SearchAction\",\"target\":{\"@type\":\"EntryPoint\",\"urlTemplate\":\"https:\/\/www.karinibutiik.ee\/?s={search_term_string}\"},\"query-input\":{\"@type\":\"PropertyValueSpecification\",\"valueRequired\":true,\"valueName\":\"search_term_string\"}}],\"inLanguage\":\"lv-LV\"},{\"@type\":\"Organization\",\"@id\":\"https:\/\/www.karinibutiik.ee\/#organization\",\"name\":\"Karini Butiik\",\"url\":\"https:\/\/www.karinibutiik.ee\/\",\"logo\":{\"@type\":\"ImageObject\",\"inLanguage\":\"lv-LV\",\"@id\":\"https:\/\/www.karinibutiik.ee\/#\/schema\/logo\/image\/\",\"url\":\"https:\/\/www.karinibutiik.ee\/wp-content\/uploads\/2024\/10\/Kuj.-K-koopia.png\",\"contentUrl\":\"https:\/\/www.karinibutiik.ee\/wp-content\/uploads\/2024\/10\/Kuj.-K-koopia.png\",\"width\":500,\"height\":500,\"caption\":\"Karini Butiik\"},\"image\":{\"@id\":\"https:\/\/www.karinibutiik.ee\/#\/schema\/logo\/image\/\"},\"sameAs\":[\"https:\/\/www.facebook.com\/karinibutiik.ee\",\"https:\/\/www.instagram.com\/karinibutiik\"]}]}<\/script>\n<meta property=\"og:availability\" content=\"instock\" \/>\n<meta property=\"product:availability\" content=\"instock\" \/>\n<meta property=\"product:retailer_item_id\" content=\"5411\" \/>\n<meta property=\"product:condition\" content=\"new\" \/>\n<!-- \/ Yoast SEO plugin. -->","yoast_head_json":{"title":"Elegantne naiste kleit - Karini Butiik","description":"Elegantne naiste kleit pilkup\u00fc\u00fcdva disainiga. Saadaval valges ja helebee\u017eis toonis. Kvaliteetne ja stiilne kleit suurustes XS\u2013L.","robots":{"index":"index","follow":"follow","max-snippet":"max-snippet:-1","max-image-preview":"max-image-preview:large","max-video-preview":"max-video-preview:-1"},"canonical":"https:\/\/www.karinibutiik.ee\/lv\/produkts\/elegantne-naiste-kleit\/","og_locale":"lv_LV","og_type":"article","og_title":"Elegantne naiste kleit - Karini Butiik","og_description":"Elegantne naiste kleit pilkup\u00fc\u00fcdva disainiga. Saadaval valges ja helebee\u017eis toonis. Kvaliteetne ja stiilne kleit suurustes XS\u2013L.","og_url":"https:\/\/www.karinibutiik.ee\/lv\/produkts\/elegantne-naiste-kleit\/","og_site_name":"Karini Butiik","article_publisher":"https:\/\/www.facebook.com\/karinibutiik.ee","article_modified_time":"2026-04-22T09:08:59+00:00","og_image":[{"width":1818,"height":2390,"url":"https:\/\/www.karinibutiik.ee\/wp-content\/uploads\/2026\/04\/260420_Karini_Butiik_Erlend_Staub_199-scaled-e1776848695136.jpg","type":"image\/jpeg"}],"twitter_card":"summary_large_image","twitter_misc":{"Availability":"In stock"},"schema":{"@context":"https:\/\/schema.org","@graph":[{"@type":"WebPage","@id":"https:\/\/www.karinibutiik.ee\/toode\/elegantne-naiste-kleit\/","url":"https:\/\/www.karinibutiik.ee\/toode\/elegantne-naiste-kleit\/","name":"Elegantne naiste kleit - Karini Butiik","isPartOf":{"@id":"https:\/\/www.karinibutiik.ee\/#website"},"primaryImageOfPage":{"@id":"https:\/\/www.karinibutiik.ee\/toode\/elegantne-naiste-kleit\/#primaryimage"},"image":{"@id":"https:\/\/www.karinibutiik.ee\/toode\/elegantne-naiste-kleit\/#primaryimage"},"thumbnailUrl":"https:\/\/www.karinibutiik.ee\/wp-content\/uploads\/2026\/04\/260420_Karini_Butiik_Erlend_Staub_199-scaled-e1776848695136.jpg","datePublished":"2026-03-16T13:15:08+00:00","dateModified":"2026-04-22T09:08:59+00:00","description":"Elegantne naiste kleit pilkup\u00fc\u00fcdva disainiga. Saadaval valges ja helebee\u017eis toonis. Kvaliteetne ja stiilne kleit suurustes XS\u2013L.","breadcrumb":{"@id":"https:\/\/www.karinibutiik.ee\/toode\/elegantne-naiste-kleit\/#breadcrumb"},"inLanguage":"lv-LV","potentialAction":[{"@type":"ReadAction","target":["https:\/\/www.karinibutiik.ee\/toode\/elegantne-naiste-kleit\/"]}]},{"@type":"ImageObject","inLanguage":"lv-LV","@id":"https:\/\/www.karinibutiik.ee\/toode\/elegantne-naiste-kleit\/#primaryimage","url":"https:\/\/www.karinibutiik.ee\/wp-content\/uploads\/2026\/04\/260420_Karini_Butiik_Erlend_Staub_199-scaled-e1776848695136.jpg","contentUrl":"https:\/\/www.karinibutiik.ee\/wp-content\/uploads\/2026\/04\/260420_Karini_Butiik_Erlend_Staub_199-scaled-e1776848695136.jpg","width":1818,"height":2390,"caption":"Elegantne naiste bleiserkleit"},{"@type":"BreadcrumbList","@id":"https:\/\/www.karinibutiik.ee\/toode\/elegantne-naiste-kleit\/#breadcrumb","itemListElement":[{"@type":"ListItem","position":1,"name":"Home","item":"https:\/\/www.karinibutiik.ee\/"},{"@type":"ListItem","position":2,"name":"Pood","item":"https:\/\/www.karinibutiik.ee\/pood\/"},{"@type":"ListItem","position":3,"name":"Elegantne naiste kleit"}]},{"@type":"WebSite","@id":"https:\/\/www.karinibutiik.ee\/#website","url":"https:\/\/www.karinibutiik.ee\/","name":"Karini Butiik","description":"","publisher":{"@id":"https:\/\/www.karinibutiik.ee\/#organization"},"potentialAction":[{"@type":"SearchAction","target":{"@type":"EntryPoint","urlTemplate":"https:\/\/www.karinibutiik.ee\/?s={search_term_string}"},"query-input":{"@type":"PropertyValueSpecification","valueRequired":true,"valueName":"search_term_string"}}],"inLanguage":"lv-LV"},{"@type":"Organization","@id":"https:\/\/www.karinibutiik.ee\/#organization","name":"Karini Butiik","url":"https:\/\/www.karinibutiik.ee\/","logo":{"@type":"ImageObject","inLanguage":"lv-LV","@id":"https:\/\/www.karinibutiik.ee\/#\/schema\/logo\/image\/","url":"https:\/\/www.karinibutiik.ee\/wp-content\/uploads\/2024\/10\/Kuj.-K-koopia.png","contentUrl":"https:\/\/www.karinibutiik.ee\/wp-content\/uploads\/2024\/10\/Kuj.-K-koopia.png","width":500,"height":500,"caption":"Karini Butiik"},"image":{"@id":"https:\/\/www.karinibutiik.ee\/#\/schema\/logo\/image\/"},"sameAs":["https:\/\/www.facebook.com\/karinibutiik.ee","https:\/\/www.instagram.com\/karinibutiik"]}]},"og_availability":"instock","product_availability":"instock","product_retailer_item_id":"5411","product_condition":"new"},"_links":{"self":[{"href":"https:\/\/www.karinibutiik.ee\/lv\/wp-json\/wp\/v2\/product\/26702","targetHints":{"allow":["GET"]}}],"collection":[{"href":"https:\/\/www.karinibutiik.ee\/lv\/wp-json\/wp\/v2\/product"}],"about":[{"href":"https:\/\/www.karinibutiik.ee\/lv\/wp-json\/wp\/v2\/types\/product"}],"version-history":[{"count":1,"href":"https:\/\/www.karinibutiik.ee\/lv\/wp-json\/wp\/v2\/product\/26702\/revisions"}],"predecessor-version":[{"id":26711,"href":"https:\/\/www.karinibutiik.ee\/lv\/wp-json\/wp\/v2\/product\/26702\/revisions\/26711"}],"wp:featuredmedia":[{"embeddable":true,"href":"https:\/\/www.karinibutiik.ee\/lv\/wp-json\/wp\/v2\/media\/27346"}],"wp:attachment":[{"href":"https:\/\/www.karinibutiik.ee\/lv\/wp-json\/wp\/v2\/media?parent=26702"}],"wp:term":[{"taxonomy":"product_brand","embeddable":true,"href":"https:\/\/www.karinibutiik.ee\/lv\/wp-json\/wp\/v2\/product_brand?post=26702"},{"taxonomy":"product_cat","embeddable":true,"href":"https:\/\/www.karinibutiik.ee\/lv\/wp-json\/wp\/v2\/product_cat?post=26702"},{"taxonomy":"product_tag","embeddable":true,"href":"https:\/\/www.karinibutiik.ee\/lv\/wp-json\/wp\/v2\/product_tag?post=26702"}],"curies":[{"name":"wp","href":"https:\/\/api.w.org\/{rel}","templated":true}]}}