{"id":27087,"date":"2026-04-13T17:09:06","date_gmt":"2026-04-13T14:09:06","guid":{"rendered":"https:\/\/www.karinibutiik.ee\/?post_type=product&#038;p=27087"},"modified":"2026-04-15T11:42:28","modified_gmt":"2026-04-15T08:42:28","slug":"elegantne-volangaarisega-midikleit","status":"publish","type":"product","link":"https:\/\/www.karinibutiik.ee\/lv\/produkts\/elegantne-volangaarisega-midikleit\/","title":{"rendered":"Elegantne volang\u00e4\u00e4risega midikleit"},"content":{"rendered":"<p data-start=\"120\" data-end=\"514\">Karini Butiigi elegantne volang\u00e4\u00e4risega midikleit on naiselik ja pilkup\u00fc\u00fcdev valik pidulikeks s\u00fcndmusteks, suve\u00fcritusteks ja erilisteks hetkedeks. Kleidil on kaunilt figuuri j\u00e4rgiv \u00fclaosa, peened \u00f5lapaelad, V-kaelus ning laienev midi pikkuses seelik, mida t\u00e4iendab efektne volang\u00e4\u00e4r. Tulemus on romantiline, luksuslik ja liikuv siluett, mis toob esile kandja naiselikkuse.<\/p>\n<p data-start=\"516\" data-end=\"820\">See kleit sobib suurep\u00e4raselt l\u00f5petamiseks, suvepeole, pulmak\u00fclalisele, s\u00fcnnip\u00e4evaks v\u00f5i m\u00f5neks muuks pidulikuks s\u00fcndmuseks. Kleidi \u00f5huline ja elegantne l\u00f5ige muudab selle kandmise mugavaks ning annab igal sammul kauni langevuse. Saadaval mitmes imeilusas toonis, et leiaksid just endale sobiva variandi.<\/p>\n<p data-start=\"822\" data-end=\"995\">Karini Butiigist leiad selle trendika ja ajatu midi kleidi suurustes <strong data-start=\"891\" data-end=\"904\">XS kuni M<\/strong>. Ideaalne valik naisele, kes otsib stiilset, romantilist ja pilkup\u00fc\u00fcdvat pidulikku kleiti.<\/p>","protected":false},"excerpt":{"rendered":"<p>Karini Butiigi elegantne volang\u00e4\u00e4risega midikleit on naiselik ja pilkup\u00fc\u00fcdev valik pidulikeks s\u00fcndmusteks, suve\u00fcritusteks ja erilisteks hetkedeks. Kleidil on kaunilt figuuri [&hellip;]<\/p>\n","protected":false},"featured_media":27078,"template":"","meta":{"site-sidebar-layout":"default","site-content-layout":"","ast-site-content-layout":"default","site-content-style":"default","site-sidebar-style":"default","ast-global-header-display":"","ast-banner-title-visibility":"","ast-main-header-display":"","ast-hfb-above-header-display":"","ast-hfb-below-header-display":"","ast-hfb-mobile-header-display":"","site-post-title":"","ast-breadcrumbs-content":"","ast-featured-img":"","footer-sml-layout":"","ast-disable-related-posts":"","theme-transparent-header-meta":"default","adv-header-id-meta":"","stick-header-meta":"default","header-above-stick-meta":"","header-main-stick-meta":"","header-below-stick-meta":"","astra-migrate-meta-layouts":"set","ast-page-background-enabled":"default","ast-page-background-meta":{"desktop":{"background-color":"var(--ast-global-color-4)","background-image":"","background-repeat":"repeat","background-position":"center center","background-size":"auto","background-attachment":"scroll","background-type":"","background-media":"","overlay-type":"","overlay-color":"","overlay-opacity":"","overlay-gradient":""},"tablet":{"background-color":"","background-image":"","background-repeat":"repeat","background-position":"center center","background-size":"auto","background-attachment":"scroll","background-type":"","background-media":"","overlay-type":"","overlay-color":"","overlay-opacity":"","overlay-gradient":""},"mobile":{"background-color":"","background-image":"","background-repeat":"repeat","background-position":"center center","background-size":"auto","background-attachment":"scroll","background-type":"","background-media":"","overlay-type":"","overlay-color":"","overlay-opacity":"","overlay-gradient":""}},"ast-content-background-meta":{"desktop":{"background-color":"var(--ast-global-color-5)","background-image":"","background-repeat":"repeat","background-position":"center center","background-size":"auto","background-attachment":"scroll","background-type":"","background-media":"","overlay-type":"","overlay-color":"","overlay-opacity":"","overlay-gradient":""},"tablet":{"background-color":"var(--ast-global-color-5)","background-image":"","background-repeat":"repeat","background-position":"center center","background-size":"auto","background-attachment":"scroll","background-type":"","background-media":"","overlay-type":"","overlay-color":"","overlay-opacity":"","overlay-gradient":""},"mobile":{"background-color":"var(--ast-global-color-5)","background-image":"","background-repeat":"repeat","background-position":"center center","background-size":"auto","background-attachment":"scroll","background-type":"","background-media":"","overlay-type":"","overlay-color":"","overlay-opacity":"","overlay-gradient":""}}},"product_brand":[],"product_cat":[452,346,347,348,349,351],"product_tag":[1169,2670,501,1215,893,2625,87,1617,1400,1623,1618,738,2424,1430,505,930,503,1592,506,2669],"class_list":{"0":"post-27087","1":"product","2":"type-product","3":"status-publish","4":"has-post-thumbnail","6":"product_cat-bestseller","7":"product_cat-naised","8":"product_cat-kleidid","9":"product_cat-lopukleidid","10":"product_cat-midikleidid","11":"product_cat-uued-tooted","12":"product_tag-elegantne-kleit","13":"product_tag-fuksia-kleit","14":"product_tag-karini-butiik","15":"product_tag-kollane-kleit","16":"product_tag-lendlev-kleit","17":"product_tag-midi-kleit","18":"product_tag-midikleit","19":"product_tag-naiselik-kleit","20":"product_tag-olapaeltega-kleit","21":"product_tag-pastelne-kleit","22":"product_tag-peokleit","23":"product_tag-pidulik-kleit","24":"product_tag-pulmakulalise-kleit","25":"product_tag-romantiline-kleit","26":"product_tag-roosa-kleit","27":"product_tag-sinine-kleit","28":"product_tag-suvekleit","29":"product_tag-v-kaelusega-kleit","30":"product_tag-valge-kleit","31":"product_tag-volangaarisega-kleit","32":"desktop-align-center","33":"tablet-align-center","34":"mobile-align-center","35":"ast-product-gallery-layout-horizontal-slider","36":"ast-product-single-variable","37":"ast-product-tabs-layout-horizontal","39":"first","40":"instock","41":"taxable","42":"shipping-taxable","43":"purchasable","44":"product-type-variable"},"supplier_id":null,"supplier_sku":"","barcode":null,"atum_controlled":true,"out_stock_date":null,"out_stock_threshold":null,"inheritable":true,"inbound_stock":null,"stock_on_hold":0,"sold_today":null,"sales_last_days":null,"reserved_stock":0,"customer_returns":null,"warehouse_damage":0,"lost_in_post":null,"other_logs":0,"out_stock_days":null,"lost_sales":null,"has_location":false,"update_date":"2026-04-13T14:10:08","atum_locations":[],"atum_stock_status":"instock","restock_status":false,"low_stock_amount":"","sales_update_date":null,"calc_backorders":null,"yoast_head":"<!-- This site is optimized with the Yoast SEO plugin v26.9 - https:\/\/yoast.com\/product\/yoast-seo-wordpress\/ -->\n<title>Elegantne volang\u00e4\u00e4risega midikleit - Karini Butiik<\/title>\n<meta name=\"description\" content=\"Elegantne volang\u00e4\u00e4risega midi kleit Karini Butiigis. Naiselik pidulik kleit peente \u00f5lapaelte ja V-kaelusega, saadaval suurustes XS kuni M.\" \/>\n<meta name=\"robots\" content=\"index, follow, max-snippet:-1, max-image-preview:large, max-video-preview:-1\" \/>\n<link rel=\"canonical\" href=\"https:\/\/www.karinibutiik.ee\/lv\/produkts\/elegantne-volangaarisega-midikleit\/\" \/>\n<meta property=\"og:locale\" content=\"lv_LV\" \/>\n<meta property=\"og:type\" content=\"article\" \/>\n<meta property=\"og:title\" content=\"Elegantne volang\u00e4\u00e4risega midikleit - Karini Butiik\" \/>\n<meta property=\"og:description\" content=\"Elegantne volang\u00e4\u00e4risega midi kleit Karini Butiigis. Naiselik pidulik kleit peente \u00f5lapaelte ja V-kaelusega, saadaval suurustes XS kuni M.\" \/>\n<meta property=\"og:url\" content=\"https:\/\/www.karinibutiik.ee\/lv\/produkts\/elegantne-volangaarisega-midikleit\/\" \/>\n<meta property=\"og:site_name\" content=\"Karini Butiik\" \/>\n<meta property=\"article:publisher\" content=\"https:\/\/www.facebook.com\/karinibutiik.ee\" \/>\n<meta property=\"article:modified_time\" content=\"2026-04-15T08:42:28+00:00\" \/>\n<meta property=\"og:image\" content=\"https:\/\/www.karinibutiik.ee\/wp-content\/uploads\/2026\/04\/345-07-1-1.jpg\" \/>\n\t<meta property=\"og:image:width\" content=\"800\" \/>\n\t<meta property=\"og:image:height\" content=\"1200\" \/>\n\t<meta property=\"og:image:type\" content=\"image\/jpeg\" \/>\n<meta name=\"twitter:card\" content=\"summary_large_image\" \/>\n<meta name=\"twitter:label1\" content=\"Availability\" \/>\n\t<meta name=\"twitter:data1\" content=\"In stock\" \/>\n<script type=\"application\/ld+json\" class=\"yoast-schema-graph\">{\"@context\":\"https:\/\/schema.org\",\"@graph\":[{\"@type\":\"WebPage\",\"@id\":\"https:\/\/www.karinibutiik.ee\/toode\/elegantne-volangaarisega-midikleit\/\",\"url\":\"https:\/\/www.karinibutiik.ee\/toode\/elegantne-volangaarisega-midikleit\/\",\"name\":\"Elegantne volang\u00e4\u00e4risega midikleit - Karini Butiik\",\"isPartOf\":{\"@id\":\"https:\/\/www.karinibutiik.ee\/#website\"},\"primaryImageOfPage\":{\"@id\":\"https:\/\/www.karinibutiik.ee\/toode\/elegantne-volangaarisega-midikleit\/#primaryimage\"},\"image\":{\"@id\":\"https:\/\/www.karinibutiik.ee\/toode\/elegantne-volangaarisega-midikleit\/#primaryimage\"},\"thumbnailUrl\":\"https:\/\/www.karinibutiik.ee\/wp-content\/uploads\/2026\/04\/345-07-1-1.jpg\",\"datePublished\":\"2026-04-13T14:09:06+00:00\",\"dateModified\":\"2026-04-15T08:42:28+00:00\",\"description\":\"Elegantne volang\u00e4\u00e4risega midi kleit Karini Butiigis. Naiselik pidulik kleit peente \u00f5lapaelte ja V-kaelusega, saadaval suurustes XS kuni M.\",\"breadcrumb\":{\"@id\":\"https:\/\/www.karinibutiik.ee\/toode\/elegantne-volangaarisega-midikleit\/#breadcrumb\"},\"inLanguage\":\"lv-LV\",\"potentialAction\":[{\"@type\":\"ReadAction\",\"target\":[\"https:\/\/www.karinibutiik.ee\/toode\/elegantne-volangaarisega-midikleit\/\"]}]},{\"@type\":\"ImageObject\",\"inLanguage\":\"lv-LV\",\"@id\":\"https:\/\/www.karinibutiik.ee\/toode\/elegantne-volangaarisega-midikleit\/#primaryimage\",\"url\":\"https:\/\/www.karinibutiik.ee\/wp-content\/uploads\/2026\/04\/345-07-1-1.jpg\",\"contentUrl\":\"https:\/\/www.karinibutiik.ee\/wp-content\/uploads\/2026\/04\/345-07-1-1.jpg\",\"width\":800,\"height\":1200,\"caption\":\"Fuksia roosa elegantne midi kleit volang\u00e4\u00e4risega\"},{\"@type\":\"BreadcrumbList\",\"@id\":\"https:\/\/www.karinibutiik.ee\/toode\/elegantne-volangaarisega-midikleit\/#breadcrumb\",\"itemListElement\":[{\"@type\":\"ListItem\",\"position\":1,\"name\":\"Home\",\"item\":\"https:\/\/www.karinibutiik.ee\/\"},{\"@type\":\"ListItem\",\"position\":2,\"name\":\"Pood\",\"item\":\"https:\/\/www.karinibutiik.ee\/pood\/\"},{\"@type\":\"ListItem\",\"position\":3,\"name\":\"Elegantne volang\u00e4\u00e4risega midikleit\"}]},{\"@type\":\"WebSite\",\"@id\":\"https:\/\/www.karinibutiik.ee\/#website\",\"url\":\"https:\/\/www.karinibutiik.ee\/\",\"name\":\"Karini Butiik\",\"description\":\"\",\"publisher\":{\"@id\":\"https:\/\/www.karinibutiik.ee\/#organization\"},\"potentialAction\":[{\"@type\":\"SearchAction\",\"target\":{\"@type\":\"EntryPoint\",\"urlTemplate\":\"https:\/\/www.karinibutiik.ee\/?s={search_term_string}\"},\"query-input\":{\"@type\":\"PropertyValueSpecification\",\"valueRequired\":true,\"valueName\":\"search_term_string\"}}],\"inLanguage\":\"lv-LV\"},{\"@type\":\"Organization\",\"@id\":\"https:\/\/www.karinibutiik.ee\/#organization\",\"name\":\"Karini Butiik\",\"url\":\"https:\/\/www.karinibutiik.ee\/\",\"logo\":{\"@type\":\"ImageObject\",\"inLanguage\":\"lv-LV\",\"@id\":\"https:\/\/www.karinibutiik.ee\/#\/schema\/logo\/image\/\",\"url\":\"https:\/\/www.karinibutiik.ee\/wp-content\/uploads\/2024\/10\/Kuj.-K-koopia.png\",\"contentUrl\":\"https:\/\/www.karinibutiik.ee\/wp-content\/uploads\/2024\/10\/Kuj.-K-koopia.png\",\"width\":500,\"height\":500,\"caption\":\"Karini Butiik\"},\"image\":{\"@id\":\"https:\/\/www.karinibutiik.ee\/#\/schema\/logo\/image\/\"},\"sameAs\":[\"https:\/\/www.facebook.com\/karinibutiik.ee\",\"https:\/\/www.instagram.com\/karinibutiik\"]}]}<\/script>\n<meta property=\"og:availability\" content=\"instock\" \/>\n<meta property=\"product:availability\" content=\"instock\" \/>\n<meta property=\"product:retailer_item_id\" content=\"3380\" \/>\n<meta property=\"product:condition\" content=\"new\" \/>\n<!-- \/ Yoast SEO plugin. -->","yoast_head_json":{"title":"Elegantne volang\u00e4\u00e4risega midikleit - Karini Butiik","description":"Elegantne volang\u00e4\u00e4risega midi kleit Karini Butiigis. Naiselik pidulik kleit peente \u00f5lapaelte ja V-kaelusega, saadaval suurustes XS kuni M.","robots":{"index":"index","follow":"follow","max-snippet":"max-snippet:-1","max-image-preview":"max-image-preview:large","max-video-preview":"max-video-preview:-1"},"canonical":"https:\/\/www.karinibutiik.ee\/lv\/produkts\/elegantne-volangaarisega-midikleit\/","og_locale":"lv_LV","og_type":"article","og_title":"Elegantne volang\u00e4\u00e4risega midikleit - Karini Butiik","og_description":"Elegantne volang\u00e4\u00e4risega midi kleit Karini Butiigis. Naiselik pidulik kleit peente \u00f5lapaelte ja V-kaelusega, saadaval suurustes XS kuni M.","og_url":"https:\/\/www.karinibutiik.ee\/lv\/produkts\/elegantne-volangaarisega-midikleit\/","og_site_name":"Karini Butiik","article_publisher":"https:\/\/www.facebook.com\/karinibutiik.ee","article_modified_time":"2026-04-15T08:42:28+00:00","og_image":[{"width":800,"height":1200,"url":"https:\/\/www.karinibutiik.ee\/wp-content\/uploads\/2026\/04\/345-07-1-1.jpg","type":"image\/jpeg"}],"twitter_card":"summary_large_image","twitter_misc":{"Availability":"In stock"},"schema":{"@context":"https:\/\/schema.org","@graph":[{"@type":"WebPage","@id":"https:\/\/www.karinibutiik.ee\/toode\/elegantne-volangaarisega-midikleit\/","url":"https:\/\/www.karinibutiik.ee\/toode\/elegantne-volangaarisega-midikleit\/","name":"Elegantne volang\u00e4\u00e4risega midikleit - Karini Butiik","isPartOf":{"@id":"https:\/\/www.karinibutiik.ee\/#website"},"primaryImageOfPage":{"@id":"https:\/\/www.karinibutiik.ee\/toode\/elegantne-volangaarisega-midikleit\/#primaryimage"},"image":{"@id":"https:\/\/www.karinibutiik.ee\/toode\/elegantne-volangaarisega-midikleit\/#primaryimage"},"thumbnailUrl":"https:\/\/www.karinibutiik.ee\/wp-content\/uploads\/2026\/04\/345-07-1-1.jpg","datePublished":"2026-04-13T14:09:06+00:00","dateModified":"2026-04-15T08:42:28+00:00","description":"Elegantne volang\u00e4\u00e4risega midi kleit Karini Butiigis. Naiselik pidulik kleit peente \u00f5lapaelte ja V-kaelusega, saadaval suurustes XS kuni M.","breadcrumb":{"@id":"https:\/\/www.karinibutiik.ee\/toode\/elegantne-volangaarisega-midikleit\/#breadcrumb"},"inLanguage":"lv-LV","potentialAction":[{"@type":"ReadAction","target":["https:\/\/www.karinibutiik.ee\/toode\/elegantne-volangaarisega-midikleit\/"]}]},{"@type":"ImageObject","inLanguage":"lv-LV","@id":"https:\/\/www.karinibutiik.ee\/toode\/elegantne-volangaarisega-midikleit\/#primaryimage","url":"https:\/\/www.karinibutiik.ee\/wp-content\/uploads\/2026\/04\/345-07-1-1.jpg","contentUrl":"https:\/\/www.karinibutiik.ee\/wp-content\/uploads\/2026\/04\/345-07-1-1.jpg","width":800,"height":1200,"caption":"Fuksia roosa elegantne midi kleit volang\u00e4\u00e4risega"},{"@type":"BreadcrumbList","@id":"https:\/\/www.karinibutiik.ee\/toode\/elegantne-volangaarisega-midikleit\/#breadcrumb","itemListElement":[{"@type":"ListItem","position":1,"name":"Home","item":"https:\/\/www.karinibutiik.ee\/"},{"@type":"ListItem","position":2,"name":"Pood","item":"https:\/\/www.karinibutiik.ee\/pood\/"},{"@type":"ListItem","position":3,"name":"Elegantne volang\u00e4\u00e4risega midikleit"}]},{"@type":"WebSite","@id":"https:\/\/www.karinibutiik.ee\/#website","url":"https:\/\/www.karinibutiik.ee\/","name":"Karini Butiik","description":"","publisher":{"@id":"https:\/\/www.karinibutiik.ee\/#organization"},"potentialAction":[{"@type":"SearchAction","target":{"@type":"EntryPoint","urlTemplate":"https:\/\/www.karinibutiik.ee\/?s={search_term_string}"},"query-input":{"@type":"PropertyValueSpecification","valueRequired":true,"valueName":"search_term_string"}}],"inLanguage":"lv-LV"},{"@type":"Organization","@id":"https:\/\/www.karinibutiik.ee\/#organization","name":"Karini Butiik","url":"https:\/\/www.karinibutiik.ee\/","logo":{"@type":"ImageObject","inLanguage":"lv-LV","@id":"https:\/\/www.karinibutiik.ee\/#\/schema\/logo\/image\/","url":"https:\/\/www.karinibutiik.ee\/wp-content\/uploads\/2024\/10\/Kuj.-K-koopia.png","contentUrl":"https:\/\/www.karinibutiik.ee\/wp-content\/uploads\/2024\/10\/Kuj.-K-koopia.png","width":500,"height":500,"caption":"Karini Butiik"},"image":{"@id":"https:\/\/www.karinibutiik.ee\/#\/schema\/logo\/image\/"},"sameAs":["https:\/\/www.facebook.com\/karinibutiik.ee","https:\/\/www.instagram.com\/karinibutiik"]}]},"og_availability":"instock","product_availability":"instock","product_retailer_item_id":"3380","product_condition":"new"},"_links":{"self":[{"href":"https:\/\/www.karinibutiik.ee\/lv\/wp-json\/wp\/v2\/product\/27087","targetHints":{"allow":["GET"]}}],"collection":[{"href":"https:\/\/www.karinibutiik.ee\/lv\/wp-json\/wp\/v2\/product"}],"about":[{"href":"https:\/\/www.karinibutiik.ee\/lv\/wp-json\/wp\/v2\/types\/product"}],"version-history":[{"count":1,"href":"https:\/\/www.karinibutiik.ee\/lv\/wp-json\/wp\/v2\/product\/27087\/revisions"}],"predecessor-version":[{"id":27108,"href":"https:\/\/www.karinibutiik.ee\/lv\/wp-json\/wp\/v2\/product\/27087\/revisions\/27108"}],"wp:featuredmedia":[{"embeddable":true,"href":"https:\/\/www.karinibutiik.ee\/lv\/wp-json\/wp\/v2\/media\/27078"}],"wp:attachment":[{"href":"https:\/\/www.karinibutiik.ee\/lv\/wp-json\/wp\/v2\/media?parent=27087"}],"wp:term":[{"taxonomy":"product_brand","embeddable":true,"href":"https:\/\/www.karinibutiik.ee\/lv\/wp-json\/wp\/v2\/product_brand?post=27087"},{"taxonomy":"product_cat","embeddable":true,"href":"https:\/\/www.karinibutiik.ee\/lv\/wp-json\/wp\/v2\/product_cat?post=27087"},{"taxonomy":"product_tag","embeddable":true,"href":"https:\/\/www.karinibutiik.ee\/lv\/wp-json\/wp\/v2\/product_tag?post=27087"}],"curies":[{"name":"wp","href":"https:\/\/api.w.org\/{rel}","templated":true}]}}