{"id":27151,"date":"2026-04-16T17:39:50","date_gmt":"2026-04-16T14:39:50","guid":{"rendered":"https:\/\/www.karinibutiik.ee\/?post_type=product&#038;p=27151"},"modified":"2026-04-17T16:56:19","modified_gmt":"2026-04-17T13:56:19","slug":"kootud-dressikomplekt","status":"publish","type":"product","link":"https:\/\/www.karinibutiik.ee\/lv\/produkts\/kootud-dressikomplekt\/","title":{"rendered":"Kootud dressikomplekt"},"content":{"rendered":"<p data-start=\"628\" data-end=\"887\">Kootud dressikomplekt on ideaalne valik naisele, kes armastab \u00fchendada mugavuse ja stiili. Komplekti kuuluvad pehme tekstuuriga n\u00f6\u00f6pidega \u00fclaosa ning laia s\u00e4\u00e4rega p\u00fcksid, mis loovad modernse, naiseliku ja trendika v\u00e4limuse.<\/p>\n<p data-start=\"628\" data-end=\"887\">See naiste dressikomplekt sobib suurep\u00e4raselt igap\u00e4evaseks kandmiseks, vaba aja veetmiseks, reisile v\u00f5i mugavaks linnariietuseks.<\/p>\n<p data-start=\"628\" data-end=\"887\">P\u00dcKSTE \u00dcLDPIKKUS 108,5 CM<\/p>\n<ul>\n<li data-section-id=\"hv4ka1\" data-start=\"1362\" data-end=\"1392\">kaheosaline dressikomplekt<\/li>\n<li data-section-id=\"1fru5qs\" data-start=\"1393\" data-end=\"1413\">n\u00f6\u00f6pidega \u00fclaosa<\/li>\n<li data-section-id=\"uu3xrq\" data-start=\"1414\" data-end=\"1437\">laia s\u00e4\u00e4rega p\u00fcksid<\/li>\n<li data-section-id=\"167kgtb\" data-start=\"1438\" data-end=\"1462\">mugav ja pehme kanda<\/li>\n<li data-section-id=\"3xokw\" data-start=\"1463\" data-end=\"1496\">sobib igap\u00e4evaseks kandmiseks<\/li>\n<li data-section-id=\"l2sikv\" data-start=\"1497\" data-end=\"1538\">lihtne kombineerida teiste r\u00f5ivastega<\/li>\n<li data-section-id=\"18jxi9a\" data-start=\"1539\" data-end=\"1567\">saadaval kahes v\u00e4rvitoonis<\/li>\n<\/ul>","protected":false},"excerpt":{"rendered":"<p>Uus mugav lemmik Karini Butiigis! Kootud dressikomplekt \u00fchendab pehmuse, mugavuse ja trendika stiili. Saadaval kollases ja roosas toonis.<\/p>","protected":false},"featured_media":27150,"template":"","meta":{"site-sidebar-layout":"default","site-content-layout":"","ast-site-content-layout":"default","site-content-style":"default","site-sidebar-style":"default","ast-global-header-display":"","ast-banner-title-visibility":"","ast-main-header-display":"","ast-hfb-above-header-display":"","ast-hfb-below-header-display":"","ast-hfb-mobile-header-display":"","site-post-title":"","ast-breadcrumbs-content":"","ast-featured-img":"","footer-sml-layout":"","ast-disable-related-posts":"","theme-transparent-header-meta":"default","adv-header-id-meta":"","stick-header-meta":"default","header-above-stick-meta":"","header-main-stick-meta":"","header-below-stick-meta":"","astra-migrate-meta-layouts":"set","ast-page-background-enabled":"default","ast-page-background-meta":{"desktop":{"background-color":"var(--ast-global-color-4)","background-image":"","background-repeat":"repeat","background-position":"center center","background-size":"auto","background-attachment":"scroll","background-type":"","background-media":"","overlay-type":"","overlay-color":"","overlay-opacity":"","overlay-gradient":""},"tablet":{"background-color":"","background-image":"","background-repeat":"repeat","background-position":"center center","background-size":"auto","background-attachment":"scroll","background-type":"","background-media":"","overlay-type":"","overlay-color":"","overlay-opacity":"","overlay-gradient":""},"mobile":{"background-color":"","background-image":"","background-repeat":"repeat","background-position":"center center","background-size":"auto","background-attachment":"scroll","background-type":"","background-media":"","overlay-type":"","overlay-color":"","overlay-opacity":"","overlay-gradient":""}},"ast-content-background-meta":{"desktop":{"background-color":"var(--ast-global-color-5)","background-image":"","background-repeat":"repeat","background-position":"center center","background-size":"auto","background-attachment":"scroll","background-type":"","background-media":"","overlay-type":"","overlay-color":"","overlay-opacity":"","overlay-gradient":""},"tablet":{"background-color":"var(--ast-global-color-5)","background-image":"","background-repeat":"repeat","background-position":"center center","background-size":"auto","background-attachment":"scroll","background-type":"","background-media":"","overlay-type":"","overlay-color":"","overlay-opacity":"","overlay-gradient":""},"mobile":{"background-color":"var(--ast-global-color-5)","background-image":"","background-repeat":"repeat","background-position":"center center","background-size":"auto","background-attachment":"scroll","background-type":"","background-media":"","overlay-type":"","overlay-color":"","overlay-opacity":"","overlay-gradient":""}}},"product_brand":[],"product_cat":[346,386,389,388,351],"product_tag":[592,103,501,2678,2676,2680,2123,1070,2677,2681,2679,2682,590],"class_list":{"0":"post-27151","1":"product","2":"type-product","3":"status-publish","4":"has-post-thumbnail","6":"product_cat-naised","7":"product_cat-dressid","8":"product_cat-dressipluusid","9":"product_cat-dressipuksid","10":"product_cat-uued-tooted","11":"product_tag-dressikomplekt","12":"product_tag-kaheosaline-komplekt","13":"product_tag-karini-butiik","14":"product_tag-kollane-dressikomplekt","15":"product_tag-kootud-dressikomplekt","16":"product_tag-laia-saarega-puksid","17":"product_tag-mugav-komplekt","18":"product_tag-naiste-dressid","19":"product_tag-naiste-dressikomplekt","20":"product_tag-noopidega-ulaosa","21":"product_tag-roosa-dressikomplekt","22":"product_tag-trendikas-komplekt","23":"product_tag-vabaaja-komplekt","24":"desktop-align-center","25":"tablet-align-center","26":"mobile-align-center","27":"ast-product-gallery-layout-horizontal-slider","28":"ast-product-single-variable","29":"ast-product-tabs-layout-horizontal","31":"first","32":"instock","33":"taxable","34":"shipping-taxable","35":"purchasable","36":"product-type-variable"},"supplier_id":null,"supplier_sku":"","barcode":null,"atum_controlled":true,"out_stock_date":null,"out_stock_threshold":null,"inheritable":true,"inbound_stock":null,"stock_on_hold":0,"sold_today":null,"sales_last_days":null,"reserved_stock":0,"customer_returns":null,"warehouse_damage":0,"lost_in_post":null,"other_logs":0,"out_stock_days":null,"lost_sales":null,"has_location":false,"update_date":"2026-04-17T07:36:22","atum_locations":[],"atum_stock_status":"instock","restock_status":false,"low_stock_amount":"","sales_update_date":null,"calc_backorders":null,"yoast_head":"<!-- This site is optimized with the Yoast SEO plugin v26.9 - https:\/\/yoast.com\/product\/yoast-seo-wordpress\/ -->\n<title>Kootud dressikomplekt - Karini Butiik<\/title>\n<meta name=\"description\" content=\"Stiilne kootud dressikomplekt naistele Karini Butiigis. Saadaval kollases ja roosas toonis. Mugav ja trendikas komplekt igap\u00e4evaseks kandmiseks.\" \/>\n<meta name=\"robots\" content=\"index, follow, max-snippet:-1, max-image-preview:large, max-video-preview:-1\" \/>\n<link rel=\"canonical\" href=\"https:\/\/www.karinibutiik.ee\/lv\/produkts\/kootud-dressikomplekt\/\" \/>\n<meta property=\"og:locale\" content=\"lv_LV\" \/>\n<meta property=\"og:type\" content=\"article\" \/>\n<meta property=\"og:title\" content=\"Kootud dressikomplekt - Karini Butiik\" \/>\n<meta property=\"og:description\" content=\"Stiilne kootud dressikomplekt naistele Karini Butiigis. Saadaval kollases ja roosas toonis. Mugav ja trendikas komplekt igap\u00e4evaseks kandmiseks.\" \/>\n<meta property=\"og:url\" content=\"https:\/\/www.karinibutiik.ee\/lv\/produkts\/kootud-dressikomplekt\/\" \/>\n<meta property=\"og:site_name\" content=\"Karini Butiik\" \/>\n<meta property=\"article:publisher\" content=\"https:\/\/www.facebook.com\/karinibutiik.ee\" \/>\n<meta property=\"article:modified_time\" content=\"2026-04-17T13:56:19+00:00\" \/>\n<meta property=\"og:image\" content=\"https:\/\/www.karinibutiik.ee\/wp-content\/uploads\/2026\/04\/IMG_9337.png\" \/>\n\t<meta property=\"og:image:width\" content=\"800\" \/>\n\t<meta property=\"og:image:height\" content=\"1200\" \/>\n\t<meta property=\"og:image:type\" content=\"image\/png\" \/>\n<meta name=\"twitter:card\" content=\"summary_large_image\" \/>\n<meta name=\"twitter:label1\" content=\"Availability\" \/>\n\t<meta name=\"twitter:data1\" content=\"In stock\" \/>\n<script type=\"application\/ld+json\" class=\"yoast-schema-graph\">{\"@context\":\"https:\/\/schema.org\",\"@graph\":[{\"@type\":\"WebPage\",\"@id\":\"https:\/\/www.karinibutiik.ee\/toode\/kootud-dressikomplekt\/\",\"url\":\"https:\/\/www.karinibutiik.ee\/toode\/kootud-dressikomplekt\/\",\"name\":\"Kootud dressikomplekt - Karini Butiik\",\"isPartOf\":{\"@id\":\"https:\/\/www.karinibutiik.ee\/#website\"},\"primaryImageOfPage\":{\"@id\":\"https:\/\/www.karinibutiik.ee\/toode\/kootud-dressikomplekt\/#primaryimage\"},\"image\":{\"@id\":\"https:\/\/www.karinibutiik.ee\/toode\/kootud-dressikomplekt\/#primaryimage\"},\"thumbnailUrl\":\"https:\/\/www.karinibutiik.ee\/wp-content\/uploads\/2026\/04\/IMG_9337.png\",\"datePublished\":\"2026-04-16T14:39:50+00:00\",\"dateModified\":\"2026-04-17T13:56:19+00:00\",\"description\":\"Stiilne kootud dressikomplekt naistele Karini Butiigis. Saadaval kollases ja roosas toonis. Mugav ja trendikas komplekt igap\u00e4evaseks kandmiseks.\",\"breadcrumb\":{\"@id\":\"https:\/\/www.karinibutiik.ee\/toode\/kootud-dressikomplekt\/#breadcrumb\"},\"inLanguage\":\"lv-LV\",\"potentialAction\":[{\"@type\":\"ReadAction\",\"target\":[\"https:\/\/www.karinibutiik.ee\/toode\/kootud-dressikomplekt\/\"]}]},{\"@type\":\"ImageObject\",\"inLanguage\":\"lv-LV\",\"@id\":\"https:\/\/www.karinibutiik.ee\/toode\/kootud-dressikomplekt\/#primaryimage\",\"url\":\"https:\/\/www.karinibutiik.ee\/wp-content\/uploads\/2026\/04\/IMG_9337.png\",\"contentUrl\":\"https:\/\/www.karinibutiik.ee\/wp-content\/uploads\/2026\/04\/IMG_9337.png\",\"width\":800,\"height\":1200,\"caption\":\"Kootud dressikomplekt\"},{\"@type\":\"BreadcrumbList\",\"@id\":\"https:\/\/www.karinibutiik.ee\/toode\/kootud-dressikomplekt\/#breadcrumb\",\"itemListElement\":[{\"@type\":\"ListItem\",\"position\":1,\"name\":\"Home\",\"item\":\"https:\/\/www.karinibutiik.ee\/\"},{\"@type\":\"ListItem\",\"position\":2,\"name\":\"Pood\",\"item\":\"https:\/\/www.karinibutiik.ee\/pood\/\"},{\"@type\":\"ListItem\",\"position\":3,\"name\":\"Kootud dressikomplekt\"}]},{\"@type\":\"WebSite\",\"@id\":\"https:\/\/www.karinibutiik.ee\/#website\",\"url\":\"https:\/\/www.karinibutiik.ee\/\",\"name\":\"Karini Butiik\",\"description\":\"\",\"publisher\":{\"@id\":\"https:\/\/www.karinibutiik.ee\/#organization\"},\"potentialAction\":[{\"@type\":\"SearchAction\",\"target\":{\"@type\":\"EntryPoint\",\"urlTemplate\":\"https:\/\/www.karinibutiik.ee\/?s={search_term_string}\"},\"query-input\":{\"@type\":\"PropertyValueSpecification\",\"valueRequired\":true,\"valueName\":\"search_term_string\"}}],\"inLanguage\":\"lv-LV\"},{\"@type\":\"Organization\",\"@id\":\"https:\/\/www.karinibutiik.ee\/#organization\",\"name\":\"Karini Butiik\",\"url\":\"https:\/\/www.karinibutiik.ee\/\",\"logo\":{\"@type\":\"ImageObject\",\"inLanguage\":\"lv-LV\",\"@id\":\"https:\/\/www.karinibutiik.ee\/#\/schema\/logo\/image\/\",\"url\":\"https:\/\/www.karinibutiik.ee\/wp-content\/uploads\/2024\/10\/Kuj.-K-koopia.png\",\"contentUrl\":\"https:\/\/www.karinibutiik.ee\/wp-content\/uploads\/2024\/10\/Kuj.-K-koopia.png\",\"width\":500,\"height\":500,\"caption\":\"Karini Butiik\"},\"image\":{\"@id\":\"https:\/\/www.karinibutiik.ee\/#\/schema\/logo\/image\/\"},\"sameAs\":[\"https:\/\/www.facebook.com\/karinibutiik.ee\",\"https:\/\/www.instagram.com\/karinibutiik\"]}]}<\/script>\n<meta property=\"og:availability\" content=\"instock\" \/>\n<meta property=\"product:availability\" content=\"instock\" \/>\n<meta property=\"product:retailer_item_id\" content=\"9100\" \/>\n<meta property=\"product:condition\" content=\"new\" \/>\n<!-- \/ Yoast SEO plugin. -->","yoast_head_json":{"title":"Kootud dressikomplekt - Karini Butiik","description":"Stiilne kootud dressikomplekt naistele Karini Butiigis. Saadaval kollases ja roosas toonis. Mugav ja trendikas komplekt igap\u00e4evaseks kandmiseks.","robots":{"index":"index","follow":"follow","max-snippet":"max-snippet:-1","max-image-preview":"max-image-preview:large","max-video-preview":"max-video-preview:-1"},"canonical":"https:\/\/www.karinibutiik.ee\/lv\/produkts\/kootud-dressikomplekt\/","og_locale":"lv_LV","og_type":"article","og_title":"Kootud dressikomplekt - Karini Butiik","og_description":"Stiilne kootud dressikomplekt naistele Karini Butiigis. Saadaval kollases ja roosas toonis. Mugav ja trendikas komplekt igap\u00e4evaseks kandmiseks.","og_url":"https:\/\/www.karinibutiik.ee\/lv\/produkts\/kootud-dressikomplekt\/","og_site_name":"Karini Butiik","article_publisher":"https:\/\/www.facebook.com\/karinibutiik.ee","article_modified_time":"2026-04-17T13:56:19+00:00","og_image":[{"width":800,"height":1200,"url":"https:\/\/www.karinibutiik.ee\/wp-content\/uploads\/2026\/04\/IMG_9337.png","type":"image\/png"}],"twitter_card":"summary_large_image","twitter_misc":{"Availability":"In stock"},"schema":{"@context":"https:\/\/schema.org","@graph":[{"@type":"WebPage","@id":"https:\/\/www.karinibutiik.ee\/toode\/kootud-dressikomplekt\/","url":"https:\/\/www.karinibutiik.ee\/toode\/kootud-dressikomplekt\/","name":"Kootud dressikomplekt - Karini Butiik","isPartOf":{"@id":"https:\/\/www.karinibutiik.ee\/#website"},"primaryImageOfPage":{"@id":"https:\/\/www.karinibutiik.ee\/toode\/kootud-dressikomplekt\/#primaryimage"},"image":{"@id":"https:\/\/www.karinibutiik.ee\/toode\/kootud-dressikomplekt\/#primaryimage"},"thumbnailUrl":"https:\/\/www.karinibutiik.ee\/wp-content\/uploads\/2026\/04\/IMG_9337.png","datePublished":"2026-04-16T14:39:50+00:00","dateModified":"2026-04-17T13:56:19+00:00","description":"Stiilne kootud dressikomplekt naistele Karini Butiigis. Saadaval kollases ja roosas toonis. Mugav ja trendikas komplekt igap\u00e4evaseks kandmiseks.","breadcrumb":{"@id":"https:\/\/www.karinibutiik.ee\/toode\/kootud-dressikomplekt\/#breadcrumb"},"inLanguage":"lv-LV","potentialAction":[{"@type":"ReadAction","target":["https:\/\/www.karinibutiik.ee\/toode\/kootud-dressikomplekt\/"]}]},{"@type":"ImageObject","inLanguage":"lv-LV","@id":"https:\/\/www.karinibutiik.ee\/toode\/kootud-dressikomplekt\/#primaryimage","url":"https:\/\/www.karinibutiik.ee\/wp-content\/uploads\/2026\/04\/IMG_9337.png","contentUrl":"https:\/\/www.karinibutiik.ee\/wp-content\/uploads\/2026\/04\/IMG_9337.png","width":800,"height":1200,"caption":"Kootud dressikomplekt"},{"@type":"BreadcrumbList","@id":"https:\/\/www.karinibutiik.ee\/toode\/kootud-dressikomplekt\/#breadcrumb","itemListElement":[{"@type":"ListItem","position":1,"name":"Home","item":"https:\/\/www.karinibutiik.ee\/"},{"@type":"ListItem","position":2,"name":"Pood","item":"https:\/\/www.karinibutiik.ee\/pood\/"},{"@type":"ListItem","position":3,"name":"Kootud dressikomplekt"}]},{"@type":"WebSite","@id":"https:\/\/www.karinibutiik.ee\/#website","url":"https:\/\/www.karinibutiik.ee\/","name":"Karini Butiik","description":"","publisher":{"@id":"https:\/\/www.karinibutiik.ee\/#organization"},"potentialAction":[{"@type":"SearchAction","target":{"@type":"EntryPoint","urlTemplate":"https:\/\/www.karinibutiik.ee\/?s={search_term_string}"},"query-input":{"@type":"PropertyValueSpecification","valueRequired":true,"valueName":"search_term_string"}}],"inLanguage":"lv-LV"},{"@type":"Organization","@id":"https:\/\/www.karinibutiik.ee\/#organization","name":"Karini Butiik","url":"https:\/\/www.karinibutiik.ee\/","logo":{"@type":"ImageObject","inLanguage":"lv-LV","@id":"https:\/\/www.karinibutiik.ee\/#\/schema\/logo\/image\/","url":"https:\/\/www.karinibutiik.ee\/wp-content\/uploads\/2024\/10\/Kuj.-K-koopia.png","contentUrl":"https:\/\/www.karinibutiik.ee\/wp-content\/uploads\/2024\/10\/Kuj.-K-koopia.png","width":500,"height":500,"caption":"Karini Butiik"},"image":{"@id":"https:\/\/www.karinibutiik.ee\/#\/schema\/logo\/image\/"},"sameAs":["https:\/\/www.facebook.com\/karinibutiik.ee","https:\/\/www.instagram.com\/karinibutiik"]}]},"og_availability":"instock","product_availability":"instock","product_retailer_item_id":"9100","product_condition":"new"},"_links":{"self":[{"href":"https:\/\/www.karinibutiik.ee\/lv\/wp-json\/wp\/v2\/product\/27151","targetHints":{"allow":["GET"]}}],"collection":[{"href":"https:\/\/www.karinibutiik.ee\/lv\/wp-json\/wp\/v2\/product"}],"about":[{"href":"https:\/\/www.karinibutiik.ee\/lv\/wp-json\/wp\/v2\/types\/product"}],"version-history":[{"count":1,"href":"https:\/\/www.karinibutiik.ee\/lv\/wp-json\/wp\/v2\/product\/27151\/revisions"}],"predecessor-version":[{"id":27156,"href":"https:\/\/www.karinibutiik.ee\/lv\/wp-json\/wp\/v2\/product\/27151\/revisions\/27156"}],"wp:featuredmedia":[{"embeddable":true,"href":"https:\/\/www.karinibutiik.ee\/lv\/wp-json\/wp\/v2\/media\/27150"}],"wp:attachment":[{"href":"https:\/\/www.karinibutiik.ee\/lv\/wp-json\/wp\/v2\/media?parent=27151"}],"wp:term":[{"taxonomy":"product_brand","embeddable":true,"href":"https:\/\/www.karinibutiik.ee\/lv\/wp-json\/wp\/v2\/product_brand?post=27151"},{"taxonomy":"product_cat","embeddable":true,"href":"https:\/\/www.karinibutiik.ee\/lv\/wp-json\/wp\/v2\/product_cat?post=27151"},{"taxonomy":"product_tag","embeddable":true,"href":"https:\/\/www.karinibutiik.ee\/lv\/wp-json\/wp\/v2\/product_tag?post=27151"}],"curies":[{"name":"wp","href":"https:\/\/api.w.org\/{rel}","templated":true}]}}