{"id":27335,"date":"2026-04-22T11:46:18","date_gmt":"2026-04-22T08:46:18","guid":{"rendered":"https:\/\/www.karinibutiik.ee\/?post_type=product&#038;p=27335"},"modified":"2026-04-22T11:46:19","modified_gmt":"2026-04-22T08:46:19","slug":"oversize-loikega-pintsak","status":"publish","type":"product","link":"https:\/\/www.karinibutiik.ee\/lv\/produkts\/oversize-loikega-pintsak\/","title":{"rendered":"Oversize l\u00f5ikega pintsak"},"content":{"rendered":"<p data-start=\"577\" data-end=\"883\">Karini Butiigi oversize l\u00f5ikega pintsak on modernne, stiilne ja ajatu valik naisele, kes hindab mugavust, kvaliteeti ja trendikat siluetti. Selle pintsaku avaram l\u00f5ige annab outfit\u2019ile moeka ja v\u00e4ljapeetud ilme, samal ajal kui hoolikalt viimistletud detailid loovad luksusliku terviku.<\/p>\n<p data-start=\"885\" data-end=\"1230\">Pintsak on <strong data-start=\"896\" data-end=\"920\">premium kvaliteediga<\/strong>, <strong data-start=\"922\" data-end=\"947\">kinnitub eest n\u00f6\u00f6biga<\/strong> ning sellel on ka praktilised <strong data-start=\"978\" data-end=\"988\">taskud<\/strong>. Oversize l\u00f5ige muudab selle h\u00f5lpsasti kombineeritavaks nii teksade, viigip\u00fckste, seelikute kui ka kleitidega. Tegemist on mitmek\u00fclgse r\u00f5ivaesemega, mis sobib suurep\u00e4raselt nii kontorisse, linnask\u00e4iguks kui ka \u0161ikiks igap\u00e4evaseks kandmiseks.<\/p>\n<p data-start=\"1232\" data-end=\"1352\">Saadaval kaunites <strong data-start=\"1250\" data-end=\"1274\">pastelsetes toonides<\/strong>, mis lisavad garderoobi v\u00e4rskust ja naiselikku pehmust. Suurused <strong data-start=\"1340\" data-end=\"1351\">XS ja S<\/strong>.<\/p>\n<p data-start=\"1354\" data-end=\"1373\"><strong data-start=\"1354\" data-end=\"1371\">Toote eelised<\/strong><\/p>\n<ul data-start=\"1374\" data-end=\"1616\">\n<li data-section-id=\"u5yy3s\" data-start=\"1374\" data-end=\"1402\">trendikas oversize l\u00f5ige<\/li>\n<li data-section-id=\"hjmz56\" data-start=\"1403\" data-end=\"1424\">premium kvaliteet<\/li>\n<li data-section-id=\"zj24uo\" data-start=\"1425\" data-end=\"1450\">eest n\u00f6\u00f6biga kinnituv<\/li>\n<li data-section-id=\"1go9jp2\" data-start=\"1451\" data-end=\"1473\">praktilised taskud<\/li>\n<li data-section-id=\"fqwdj5\" data-start=\"1474\" data-end=\"1521\">lihtsalt kombineeritav erinevate r\u00f5ivastega<\/li>\n<li data-section-id=\"1n6bpir\" data-start=\"1522\" data-end=\"1575\">sobib nii igap\u00e4evaseks kui viisakamaks kandmiseks<\/li>\n<li data-section-id=\"1hlek45\" data-start=\"1576\" data-end=\"1616\">saadaval kaunites pastelsetes toonides<\/li>\n<\/ul>\n<p data-start=\"1618\" data-end=\"1795\"><strong data-start=\"1618\" data-end=\"1636\">Toote omadused<\/strong><br data-start=\"1636\" data-end=\"1639\" \/>Tootet\u00fc\u00fcp: pintsak<br data-start=\"1657\" data-end=\"1660\" \/>L\u00f5ige: oversize<br data-start=\"1675\" data-end=\"1678\" \/>Kinnitus: eest n\u00f6\u00f6biga<br data-start=\"1700\" data-end=\"1703\" \/>Detailid: taskud<br data-start=\"1719\" data-end=\"1722\" \/>Suurused: XS, S<br data-start=\"1737\" data-end=\"1740\" \/>Stiil: stiilne, modernne, naiselik<br data-start=\"1774\" data-end=\"1777\" \/>Kvaliteet: premium<\/p>","protected":false},"excerpt":{"rendered":"<p>Karini Butiigi oversize l\u00f5ikega pintsak on modernne, stiilne ja ajatu valik naisele, kes hindab mugavust, kvaliteeti ja trendikat siluetti. Selle [&hellip;]<\/p>\n","protected":false},"featured_media":27334,"template":"","meta":{"site-sidebar-layout":"default","site-content-layout":"","ast-site-content-layout":"default","site-content-style":"default","site-sidebar-style":"default","ast-global-header-display":"","ast-banner-title-visibility":"","ast-main-header-display":"","ast-hfb-above-header-display":"","ast-hfb-below-header-display":"","ast-hfb-mobile-header-display":"","site-post-title":"","ast-breadcrumbs-content":"","ast-featured-img":"","footer-sml-layout":"","ast-disable-related-posts":"","theme-transparent-header-meta":"default","adv-header-id-meta":"","stick-header-meta":"default","header-above-stick-meta":"","header-main-stick-meta":"","header-below-stick-meta":"","astra-migrate-meta-layouts":"set","ast-page-background-enabled":"default","ast-page-background-meta":{"desktop":{"background-color":"var(--ast-global-color-4)","background-image":"","background-repeat":"repeat","background-position":"center center","background-size":"auto","background-attachment":"scroll","background-type":"","background-media":"","overlay-type":"","overlay-color":"","overlay-opacity":"","overlay-gradient":""},"tablet":{"background-color":"","background-image":"","background-repeat":"repeat","background-position":"center center","background-size":"auto","background-attachment":"scroll","background-type":"","background-media":"","overlay-type":"","overlay-color":"","overlay-opacity":"","overlay-gradient":""},"mobile":{"background-color":"","background-image":"","background-repeat":"repeat","background-position":"center center","background-size":"auto","background-attachment":"scroll","background-type":"","background-media":"","overlay-type":"","overlay-color":"","overlay-opacity":"","overlay-gradient":""}},"ast-content-background-meta":{"desktop":{"background-color":"var(--ast-global-color-5)","background-image":"","background-repeat":"repeat","background-position":"center center","background-size":"auto","background-attachment":"scroll","background-type":"","background-media":"","overlay-type":"","overlay-color":"","overlay-opacity":"","overlay-gradient":""},"tablet":{"background-color":"var(--ast-global-color-5)","background-image":"","background-repeat":"repeat","background-position":"center center","background-size":"auto","background-attachment":"scroll","background-type":"","background-media":"","overlay-type":"","overlay-color":"","overlay-opacity":"","overlay-gradient":""},"mobile":{"background-color":"var(--ast-global-color-5)","background-image":"","background-repeat":"repeat","background-position":"center center","background-size":"auto","background-attachment":"scroll","background-type":"","background-media":"","overlay-type":"","overlay-color":"","overlay-opacity":"","overlay-gradient":""}}},"product_brand":[],"product_cat":[366,351],"product_tag":[1178,501,2717,2695,1180,2715,1535,2713,2694,1227,2572,2716],"class_list":{"0":"post-27335","1":"product","2":"type-product","3":"status-publish","4":"has-post-thumbnail","6":"product_cat-pintsakud","7":"product_cat-uued-tooted","8":"product_tag-elegantne-pintsak","9":"product_tag-karini-butiik","10":"product_tag-kollane-pintsak","11":"product_tag-naiselik-pintsak","12":"product_tag-naiste-pintsak","13":"product_tag-oversize-loikega-pintsak","14":"product_tag-oversize-pintsak","15":"product_tag-pastelne-pintsak","16":"product_tag-premium-pintsak","17":"product_tag-roosa-pintsak","18":"product_tag-stiilne-pintsak","19":"product_tag-taskutega-pintsak","20":"desktop-align-center","21":"tablet-align-center","22":"mobile-align-center","23":"ast-product-gallery-layout-horizontal-slider","24":"ast-product-single-variable","25":"ast-product-tabs-layout-horizontal","27":"first","28":"instock","29":"taxable","30":"shipping-taxable","31":"purchasable","32":"product-type-variable"},"supplier_id":null,"supplier_sku":"","barcode":null,"atum_controlled":true,"out_stock_date":null,"out_stock_threshold":null,"inheritable":true,"inbound_stock":null,"stock_on_hold":0,"sold_today":null,"sales_last_days":null,"reserved_stock":0,"customer_returns":null,"warehouse_damage":0,"lost_in_post":null,"other_logs":0,"out_stock_days":null,"lost_sales":null,"has_location":false,"update_date":"2026-04-23T07:33:14","atum_locations":[],"atum_stock_status":"instock","restock_status":false,"low_stock_amount":"","sales_update_date":null,"calc_backorders":null,"yoast_head":"<!-- This site is optimized with the Yoast SEO plugin v26.9 - https:\/\/yoast.com\/product\/yoast-seo-wordpress\/ -->\n<title>Oversize l\u00f5ikega pintsak - Karini Butiik<\/title>\n<meta name=\"description\" content=\"Premium kvaliteediga oversize l\u00f5ikega pintsak Karini Butiigis. Eest n\u00f6\u00f6biga kinnituv taskutega mudel pastelsetes toonides, saadaval suurustes XS ja S.\" \/>\n<meta name=\"robots\" content=\"index, follow, max-snippet:-1, max-image-preview:large, max-video-preview:-1\" \/>\n<link rel=\"canonical\" href=\"https:\/\/www.karinibutiik.ee\/lv\/produkts\/oversize-loikega-pintsak\/\" \/>\n<meta property=\"og:locale\" content=\"lv_LV\" \/>\n<meta property=\"og:type\" content=\"article\" \/>\n<meta property=\"og:title\" content=\"Oversize l\u00f5ikega pintsak - Karini Butiik\" \/>\n<meta property=\"og:description\" content=\"Premium kvaliteediga oversize l\u00f5ikega pintsak Karini Butiigis. Eest n\u00f6\u00f6biga kinnituv taskutega mudel pastelsetes toonides, saadaval suurustes XS ja S.\" \/>\n<meta property=\"og:url\" content=\"https:\/\/www.karinibutiik.ee\/lv\/produkts\/oversize-loikega-pintsak\/\" \/>\n<meta property=\"og:site_name\" content=\"Karini Butiik\" \/>\n<meta property=\"article:publisher\" content=\"https:\/\/www.facebook.com\/karinibutiik.ee\" \/>\n<meta property=\"article:modified_time\" content=\"2026-04-22T08:46:19+00:00\" \/>\n<meta property=\"og:image\" content=\"https:\/\/www.karinibutiik.ee\/wp-content\/uploads\/2026\/04\/260420_Karini_Butiik_Erlend_Staub_38-1-scaled-e1776846588284.jpg\" \/>\n\t<meta property=\"og:image:width\" content=\"1353\" \/>\n\t<meta property=\"og:image:height\" content=\"1780\" \/>\n\t<meta property=\"og:image:type\" content=\"image\/jpeg\" \/>\n<meta name=\"twitter:card\" content=\"summary_large_image\" \/>\n<meta name=\"twitter:label1\" content=\"Availability\" \/>\n\t<meta name=\"twitter:data1\" content=\"In stock\" \/>\n<script type=\"application\/ld+json\" class=\"yoast-schema-graph\">{\"@context\":\"https:\/\/schema.org\",\"@graph\":[{\"@type\":\"WebPage\",\"@id\":\"https:\/\/www.karinibutiik.ee\/toode\/oversize-loikega-pintsak\/\",\"url\":\"https:\/\/www.karinibutiik.ee\/toode\/oversize-loikega-pintsak\/\",\"name\":\"Oversize l\u00f5ikega pintsak - Karini Butiik\",\"isPartOf\":{\"@id\":\"https:\/\/www.karinibutiik.ee\/#website\"},\"primaryImageOfPage\":{\"@id\":\"https:\/\/www.karinibutiik.ee\/toode\/oversize-loikega-pintsak\/#primaryimage\"},\"image\":{\"@id\":\"https:\/\/www.karinibutiik.ee\/toode\/oversize-loikega-pintsak\/#primaryimage\"},\"thumbnailUrl\":\"https:\/\/www.karinibutiik.ee\/wp-content\/uploads\/2026\/04\/260420_Karini_Butiik_Erlend_Staub_38-1-scaled-e1776846588284.jpg\",\"datePublished\":\"2026-04-22T08:46:18+00:00\",\"dateModified\":\"2026-04-22T08:46:19+00:00\",\"description\":\"Premium kvaliteediga oversize l\u00f5ikega pintsak Karini Butiigis. Eest n\u00f6\u00f6biga kinnituv taskutega mudel pastelsetes toonides, saadaval suurustes XS ja S.\",\"breadcrumb\":{\"@id\":\"https:\/\/www.karinibutiik.ee\/toode\/oversize-loikega-pintsak\/#breadcrumb\"},\"inLanguage\":\"lv-LV\",\"potentialAction\":[{\"@type\":\"ReadAction\",\"target\":[\"https:\/\/www.karinibutiik.ee\/toode\/oversize-loikega-pintsak\/\"]}]},{\"@type\":\"ImageObject\",\"inLanguage\":\"lv-LV\",\"@id\":\"https:\/\/www.karinibutiik.ee\/toode\/oversize-loikega-pintsak\/#primaryimage\",\"url\":\"https:\/\/www.karinibutiik.ee\/wp-content\/uploads\/2026\/04\/260420_Karini_Butiik_Erlend_Staub_38-1-scaled-e1776846588284.jpg\",\"contentUrl\":\"https:\/\/www.karinibutiik.ee\/wp-content\/uploads\/2026\/04\/260420_Karini_Butiik_Erlend_Staub_38-1-scaled-e1776846588284.jpg\",\"width\":1353,\"height\":1780,\"caption\":\"Oversize l\u00f5ikega pintsak Karini Butiigist\"},{\"@type\":\"BreadcrumbList\",\"@id\":\"https:\/\/www.karinibutiik.ee\/toode\/oversize-loikega-pintsak\/#breadcrumb\",\"itemListElement\":[{\"@type\":\"ListItem\",\"position\":1,\"name\":\"Home\",\"item\":\"https:\/\/www.karinibutiik.ee\/\"},{\"@type\":\"ListItem\",\"position\":2,\"name\":\"Pood\",\"item\":\"https:\/\/www.karinibutiik.ee\/pood\/\"},{\"@type\":\"ListItem\",\"position\":3,\"name\":\"Oversize l\u00f5ikega pintsak\"}]},{\"@type\":\"WebSite\",\"@id\":\"https:\/\/www.karinibutiik.ee\/#website\",\"url\":\"https:\/\/www.karinibutiik.ee\/\",\"name\":\"Karini Butiik\",\"description\":\"\",\"publisher\":{\"@id\":\"https:\/\/www.karinibutiik.ee\/#organization\"},\"potentialAction\":[{\"@type\":\"SearchAction\",\"target\":{\"@type\":\"EntryPoint\",\"urlTemplate\":\"https:\/\/www.karinibutiik.ee\/?s={search_term_string}\"},\"query-input\":{\"@type\":\"PropertyValueSpecification\",\"valueRequired\":true,\"valueName\":\"search_term_string\"}}],\"inLanguage\":\"lv-LV\"},{\"@type\":\"Organization\",\"@id\":\"https:\/\/www.karinibutiik.ee\/#organization\",\"name\":\"Karini Butiik\",\"url\":\"https:\/\/www.karinibutiik.ee\/\",\"logo\":{\"@type\":\"ImageObject\",\"inLanguage\":\"lv-LV\",\"@id\":\"https:\/\/www.karinibutiik.ee\/#\/schema\/logo\/image\/\",\"url\":\"https:\/\/www.karinibutiik.ee\/wp-content\/uploads\/2024\/10\/Kuj.-K-koopia.png\",\"contentUrl\":\"https:\/\/www.karinibutiik.ee\/wp-content\/uploads\/2024\/10\/Kuj.-K-koopia.png\",\"width\":500,\"height\":500,\"caption\":\"Karini Butiik\"},\"image\":{\"@id\":\"https:\/\/www.karinibutiik.ee\/#\/schema\/logo\/image\/\"},\"sameAs\":[\"https:\/\/www.facebook.com\/karinibutiik.ee\",\"https:\/\/www.instagram.com\/karinibutiik\"]}]}<\/script>\n<meta property=\"og:availability\" content=\"instock\" \/>\n<meta property=\"product:availability\" content=\"instock\" \/>\n<meta property=\"product:retailer_item_id\" content=\"4543\" \/>\n<meta property=\"product:condition\" content=\"new\" \/>\n<!-- \/ Yoast SEO plugin. -->","yoast_head_json":{"title":"Oversize l\u00f5ikega pintsak - Karini Butiik","description":"Premium kvaliteediga oversize l\u00f5ikega pintsak Karini Butiigis. Eest n\u00f6\u00f6biga kinnituv taskutega mudel pastelsetes toonides, saadaval suurustes XS ja S.","robots":{"index":"index","follow":"follow","max-snippet":"max-snippet:-1","max-image-preview":"max-image-preview:large","max-video-preview":"max-video-preview:-1"},"canonical":"https:\/\/www.karinibutiik.ee\/lv\/produkts\/oversize-loikega-pintsak\/","og_locale":"lv_LV","og_type":"article","og_title":"Oversize l\u00f5ikega pintsak - Karini Butiik","og_description":"Premium kvaliteediga oversize l\u00f5ikega pintsak Karini Butiigis. Eest n\u00f6\u00f6biga kinnituv taskutega mudel pastelsetes toonides, saadaval suurustes XS ja S.","og_url":"https:\/\/www.karinibutiik.ee\/lv\/produkts\/oversize-loikega-pintsak\/","og_site_name":"Karini Butiik","article_publisher":"https:\/\/www.facebook.com\/karinibutiik.ee","article_modified_time":"2026-04-22T08:46:19+00:00","og_image":[{"width":1353,"height":1780,"url":"https:\/\/www.karinibutiik.ee\/wp-content\/uploads\/2026\/04\/260420_Karini_Butiik_Erlend_Staub_38-1-scaled-e1776846588284.jpg","type":"image\/jpeg"}],"twitter_card":"summary_large_image","twitter_misc":{"Availability":"In stock"},"schema":{"@context":"https:\/\/schema.org","@graph":[{"@type":"WebPage","@id":"https:\/\/www.karinibutiik.ee\/toode\/oversize-loikega-pintsak\/","url":"https:\/\/www.karinibutiik.ee\/toode\/oversize-loikega-pintsak\/","name":"Oversize l\u00f5ikega pintsak - Karini Butiik","isPartOf":{"@id":"https:\/\/www.karinibutiik.ee\/#website"},"primaryImageOfPage":{"@id":"https:\/\/www.karinibutiik.ee\/toode\/oversize-loikega-pintsak\/#primaryimage"},"image":{"@id":"https:\/\/www.karinibutiik.ee\/toode\/oversize-loikega-pintsak\/#primaryimage"},"thumbnailUrl":"https:\/\/www.karinibutiik.ee\/wp-content\/uploads\/2026\/04\/260420_Karini_Butiik_Erlend_Staub_38-1-scaled-e1776846588284.jpg","datePublished":"2026-04-22T08:46:18+00:00","dateModified":"2026-04-22T08:46:19+00:00","description":"Premium kvaliteediga oversize l\u00f5ikega pintsak Karini Butiigis. Eest n\u00f6\u00f6biga kinnituv taskutega mudel pastelsetes toonides, saadaval suurustes XS ja S.","breadcrumb":{"@id":"https:\/\/www.karinibutiik.ee\/toode\/oversize-loikega-pintsak\/#breadcrumb"},"inLanguage":"lv-LV","potentialAction":[{"@type":"ReadAction","target":["https:\/\/www.karinibutiik.ee\/toode\/oversize-loikega-pintsak\/"]}]},{"@type":"ImageObject","inLanguage":"lv-LV","@id":"https:\/\/www.karinibutiik.ee\/toode\/oversize-loikega-pintsak\/#primaryimage","url":"https:\/\/www.karinibutiik.ee\/wp-content\/uploads\/2026\/04\/260420_Karini_Butiik_Erlend_Staub_38-1-scaled-e1776846588284.jpg","contentUrl":"https:\/\/www.karinibutiik.ee\/wp-content\/uploads\/2026\/04\/260420_Karini_Butiik_Erlend_Staub_38-1-scaled-e1776846588284.jpg","width":1353,"height":1780,"caption":"Oversize l\u00f5ikega pintsak Karini Butiigist"},{"@type":"BreadcrumbList","@id":"https:\/\/www.karinibutiik.ee\/toode\/oversize-loikega-pintsak\/#breadcrumb","itemListElement":[{"@type":"ListItem","position":1,"name":"Home","item":"https:\/\/www.karinibutiik.ee\/"},{"@type":"ListItem","position":2,"name":"Pood","item":"https:\/\/www.karinibutiik.ee\/pood\/"},{"@type":"ListItem","position":3,"name":"Oversize l\u00f5ikega pintsak"}]},{"@type":"WebSite","@id":"https:\/\/www.karinibutiik.ee\/#website","url":"https:\/\/www.karinibutiik.ee\/","name":"Karini Butiik","description":"","publisher":{"@id":"https:\/\/www.karinibutiik.ee\/#organization"},"potentialAction":[{"@type":"SearchAction","target":{"@type":"EntryPoint","urlTemplate":"https:\/\/www.karinibutiik.ee\/?s={search_term_string}"},"query-input":{"@type":"PropertyValueSpecification","valueRequired":true,"valueName":"search_term_string"}}],"inLanguage":"lv-LV"},{"@type":"Organization","@id":"https:\/\/www.karinibutiik.ee\/#organization","name":"Karini Butiik","url":"https:\/\/www.karinibutiik.ee\/","logo":{"@type":"ImageObject","inLanguage":"lv-LV","@id":"https:\/\/www.karinibutiik.ee\/#\/schema\/logo\/image\/","url":"https:\/\/www.karinibutiik.ee\/wp-content\/uploads\/2024\/10\/Kuj.-K-koopia.png","contentUrl":"https:\/\/www.karinibutiik.ee\/wp-content\/uploads\/2024\/10\/Kuj.-K-koopia.png","width":500,"height":500,"caption":"Karini Butiik"},"image":{"@id":"https:\/\/www.karinibutiik.ee\/#\/schema\/logo\/image\/"},"sameAs":["https:\/\/www.facebook.com\/karinibutiik.ee","https:\/\/www.instagram.com\/karinibutiik"]}]},"og_availability":"instock","product_availability":"instock","product_retailer_item_id":"4543","product_condition":"new"},"_links":{"self":[{"href":"https:\/\/www.karinibutiik.ee\/lv\/wp-json\/wp\/v2\/product\/27335","targetHints":{"allow":["GET"]}}],"collection":[{"href":"https:\/\/www.karinibutiik.ee\/lv\/wp-json\/wp\/v2\/product"}],"about":[{"href":"https:\/\/www.karinibutiik.ee\/lv\/wp-json\/wp\/v2\/types\/product"}],"version-history":[{"count":1,"href":"https:\/\/www.karinibutiik.ee\/lv\/wp-json\/wp\/v2\/product\/27335\/revisions"}],"predecessor-version":[{"id":27340,"href":"https:\/\/www.karinibutiik.ee\/lv\/wp-json\/wp\/v2\/product\/27335\/revisions\/27340"}],"wp:featuredmedia":[{"embeddable":true,"href":"https:\/\/www.karinibutiik.ee\/lv\/wp-json\/wp\/v2\/media\/27334"}],"wp:attachment":[{"href":"https:\/\/www.karinibutiik.ee\/lv\/wp-json\/wp\/v2\/media?parent=27335"}],"wp:term":[{"taxonomy":"product_brand","embeddable":true,"href":"https:\/\/www.karinibutiik.ee\/lv\/wp-json\/wp\/v2\/product_brand?post=27335"},{"taxonomy":"product_cat","embeddable":true,"href":"https:\/\/www.karinibutiik.ee\/lv\/wp-json\/wp\/v2\/product_cat?post=27335"},{"taxonomy":"product_tag","embeddable":true,"href":"https:\/\/www.karinibutiik.ee\/lv\/wp-json\/wp\/v2\/product_tag?post=27335"}],"curies":[{"name":"wp","href":"https:\/\/api.w.org\/{rel}","templated":true}]}}