{"id":9103,"date":"2024-04-29T09:09:44","date_gmt":"2024-04-29T09:09:44","guid":{"rendered":"https:\/\/www.karinibutiik.ee\/toode\/boolero-jakk-pintsak\/"},"modified":"2026-04-06T17:01:10","modified_gmt":"2026-04-06T14:01:10","slug":"boolero-jakk-pintsak","status":"publish","type":"product","link":"https:\/\/www.karinibutiik.ee\/lv\/produkts\/boolero-jakk-pintsak\/","title":{"rendered":"BOLERO JAKA \/ \u017dAKETE"},"content":{"rendered":"<p>Vai mekl\u0113jat ide\u0101lu veidu, k\u0101 papildin\u0101t savu t\u0113rpu vakara ball\u012btei vai svin\u012bgam pas\u0101kumam? Tad apl\u016bkojiet m\u016bsu stil\u012bgo bolero \u017eaketi\/sv\u0101rku! \u0160is elegantais un daudzpus\u012bgais ap\u0123\u0113rbs pie\u0161\u0137irs greznumu j\u016bsu garderobei un pal\u012bdz\u0113s jums mirdz\u0113t jebkur\u0101 pas\u0101kum\u0101.<br \/>\n<strong>Funkcijas:<\/strong><\/p>\n<ul>\n<li><strong><em>Elegance un stils<\/em>:<\/strong> \u0160\u012b bolero jaka\/jaka ir izstr\u0101d\u0101ta t\u0101, lai nodro\u0161in\u0101tu daudzpus\u012bgu stilu un komfortu. To piegriezumi un deta\u013cas ir r\u016bp\u012bgi izstr\u0101d\u0101tas, lai nodro\u0161in\u0101tu izcilu izskatu un p\u0101rliec\u012bbu.<\/li>\n<li><strong><em>Augstas kvalit\u0101tes materi\u0101ls<\/em><\/strong>: Izgatavots no augstas kvalit\u0101tes audumiem, kas nodro\u0161ina komfortu un iztur\u012bbu.<\/li>\n<li><strong><em>Daudzpus\u012bga lieto\u0161ana<\/em><\/strong>: Bolero jaka\/\u017eakete ir lielisks veids, k\u0101 papildin\u0101t kleitu vai bik\u0161u un topa kombin\u0101ciju. Neatkar\u012bgi no t\u0101, vai tas ir svin\u012bgs pas\u0101kums vai vakara vakari\u0146as ar draugiem, \u0161is ap\u0123\u0113rbs pie\u0161\u0137irs jums vajadz\u012bgo eleganci.<\/li>\n<\/ul>\n<p><strong>K\u0101 pieteikties:<\/strong><br \/>\nValk\u0101jiet \u0161o bolero \u017eaketi\/jaku vakara pas\u0101kumiem, sv\u0113tku reiz\u0113m vai pat ikdienas stil\u012bgam t\u0113lam. Apvienojiet to ar kleitu vai biks\u0113m un topu un pievienojiet rotaslietas, lai rad\u012btu perfektu vakara stilu.<br \/>\nEsiet gatavi mirdz\u0113t un justies p\u0101rliecin\u0101ti ar m\u016bsu stil\u012bgo bolero \u017eaketi\/jaku. Izp\u0113tiet m\u016bsu kl\u0101stu un papildiniet savu garderobi ar grezn\u012bbu jau \u0161odien!<\/p>","protected":false},"excerpt":{"rendered":"<p>Otsid t\u00e4iuslikku viisi, kuidas t\u00e4iendada oma riietust \u00f5htuse peo v\u00f5i ametliku s\u00fcndmuse jaoks? Siis vaata meie stiilset boolero jakki \/ [&hellip;]<\/p>\n","protected":false},"featured_media":6483,"template":"","meta":{"site-sidebar-layout":"default","site-content-layout":"","ast-site-content-layout":"default","site-content-style":"default","site-sidebar-style":"default","ast-global-header-display":"","ast-banner-title-visibility":"","ast-main-header-display":"","ast-hfb-above-header-display":"","ast-hfb-below-header-display":"","ast-hfb-mobile-header-display":"","site-post-title":"","ast-breadcrumbs-content":"","ast-featured-img":"","footer-sml-layout":"","ast-disable-related-posts":"","theme-transparent-header-meta":"default","adv-header-id-meta":"","stick-header-meta":"default","header-above-stick-meta":"","header-main-stick-meta":"","header-below-stick-meta":"","astra-migrate-meta-layouts":"set","ast-page-background-enabled":"default","ast-page-background-meta":{"desktop":{"background-color":"var(--ast-global-color-4)","background-image":"","background-repeat":"repeat","background-position":"center center","background-size":"auto","background-attachment":"scroll","background-type":"","background-media":"","overlay-type":"","overlay-color":"","overlay-opacity":"","overlay-gradient":""},"tablet":{"background-color":"","background-image":"","background-repeat":"repeat","background-position":"center center","background-size":"auto","background-attachment":"scroll","background-type":"","background-media":"","overlay-type":"","overlay-color":"","overlay-opacity":"","overlay-gradient":""},"mobile":{"background-color":"","background-image":"","background-repeat":"repeat","background-position":"center center","background-size":"auto","background-attachment":"scroll","background-type":"","background-media":"","overlay-type":"","overlay-color":"","overlay-opacity":"","overlay-gradient":""}},"ast-content-background-meta":{"desktop":{"background-color":"var(--ast-global-color-5)","background-image":"","background-repeat":"repeat","background-position":"center center","background-size":"auto","background-attachment":"scroll","background-type":"","background-media":"","overlay-type":"","overlay-color":"","overlay-opacity":"","overlay-gradient":""},"tablet":{"background-color":"var(--ast-global-color-5)","background-image":"","background-repeat":"repeat","background-position":"center center","background-size":"auto","background-attachment":"scroll","background-type":"","background-media":"","overlay-type":"","overlay-color":"","overlay-opacity":"","overlay-gradient":""},"mobile":{"background-color":"var(--ast-global-color-5)","background-image":"","background-repeat":"repeat","background-position":"center center","background-size":"auto","background-attachment":"scroll","background-type":"","background-media":"","overlay-type":"","overlay-color":"","overlay-opacity":"","overlay-gradient":""}}},"product_brand":[],"product_cat":[346,366,365],"product_tag":[250,245,248,249,246,247],"class_list":{"0":"post-9103","1":"product","2":"type-product","3":"status-publish","4":"has-post-thumbnail","6":"product_cat-naised","7":"product_cat-pintsakud","8":"product_cat-uleriided","9":"product_tag-ametlik-sundmus","10":"product_tag-boolero-jakk","11":"product_tag-elegants","12":"product_tag-ohtune-riietus","13":"product_tag-pintsak","14":"product_tag-stiilne","15":"desktop-align-center","16":"tablet-align-center","17":"mobile-align-center","18":"ast-product-gallery-layout-horizontal-slider","19":"ast-product-single-variable","20":"ast-product-tabs-layout-horizontal","22":"first","23":"instock","24":"taxable","25":"shipping-taxable","26":"purchasable","27":"product-type-variable"},"supplier_id":null,"supplier_sku":"","barcode":null,"atum_controlled":true,"out_stock_date":null,"out_stock_threshold":null,"inheritable":true,"inbound_stock":0,"stock_on_hold":0,"sold_today":0,"sales_last_days":0,"reserved_stock":0,"customer_returns":0,"warehouse_damage":0,"lost_in_post":0,"other_logs":0,"out_stock_days":0,"lost_sales":0,"has_location":false,"update_date":"2025-12-04T01:26:37","atum_locations":[],"atum_stock_status":"instock","restock_status":false,"low_stock_amount":"","sales_update_date":"2025-12-04T01:26:37","calc_backorders":null,"yoast_head":"<!-- This site is optimized with the Yoast SEO plugin v26.9 - https:\/\/yoast.com\/product\/yoast-seo-wordpress\/ -->\n<title>BOOLERO JAKK \/ PINTSAK - Karini Butiik<\/title>\n<meta name=\"robots\" content=\"index, follow, max-snippet:-1, max-image-preview:large, max-video-preview:-1\" \/>\n<link rel=\"canonical\" href=\"https:\/\/www.karinibutiik.ee\/lv\/produkts\/boolero-jakk-pintsak\/\" \/>\n<meta property=\"og:locale\" content=\"lv_LV\" \/>\n<meta property=\"og:type\" content=\"article\" \/>\n<meta property=\"og:title\" content=\"BOOLERO JAKK \/ PINTSAK - Karini Butiik\" \/>\n<meta property=\"og:description\" content=\"Otsid t\u00e4iuslikku viisi, kuidas t\u00e4iendada oma riietust \u00f5htuse peo v\u00f5i ametliku s\u00fcndmuse jaoks? Siis vaata meie stiilset boolero jakki \/ [&hellip;]\" \/>\n<meta property=\"og:url\" content=\"https:\/\/www.karinibutiik.ee\/lv\/produkts\/boolero-jakk-pintsak\/\" \/>\n<meta property=\"og:site_name\" content=\"Karini Butiik\" \/>\n<meta property=\"article:publisher\" content=\"https:\/\/www.facebook.com\/karinibutiik.ee\" \/>\n<meta property=\"article:modified_time\" content=\"2026-04-06T14:01:10+00:00\" \/>\n<meta property=\"og:image\" content=\"https:\/\/www.karinibutiik.ee\/wp-content\/uploads\/2024\/04\/IMG_2970-scaled-1.jpeg\" \/>\n\t<meta property=\"og:image:width\" content=\"2048\" \/>\n\t<meta property=\"og:image:height\" content=\"2560\" \/>\n\t<meta property=\"og:image:type\" content=\"image\/jpeg\" \/>\n<meta name=\"twitter:card\" content=\"summary_large_image\" \/>\n<meta name=\"twitter:label1\" content=\"Availability\" \/>\n\t<meta name=\"twitter:data1\" content=\"In stock\" \/>\n<script type=\"application\/ld+json\" class=\"yoast-schema-graph\">{\"@context\":\"https:\/\/schema.org\",\"@graph\":[{\"@type\":\"WebPage\",\"@id\":\"https:\/\/www.karinibutiik.ee\/toode\/boolero-jakk-pintsak\/\",\"url\":\"https:\/\/www.karinibutiik.ee\/toode\/boolero-jakk-pintsak\/\",\"name\":\"BOOLERO JAKK \/ PINTSAK - Karini Butiik\",\"isPartOf\":{\"@id\":\"https:\/\/www.karinibutiik.ee\/#website\"},\"primaryImageOfPage\":{\"@id\":\"https:\/\/www.karinibutiik.ee\/toode\/boolero-jakk-pintsak\/#primaryimage\"},\"image\":{\"@id\":\"https:\/\/www.karinibutiik.ee\/toode\/boolero-jakk-pintsak\/#primaryimage\"},\"thumbnailUrl\":\"https:\/\/www.karinibutiik.ee\/wp-content\/uploads\/2024\/04\/IMG_2970-scaled-1.jpeg\",\"datePublished\":\"2024-04-29T09:09:44+00:00\",\"dateModified\":\"2026-04-06T14:01:10+00:00\",\"breadcrumb\":{\"@id\":\"https:\/\/www.karinibutiik.ee\/toode\/boolero-jakk-pintsak\/#breadcrumb\"},\"inLanguage\":\"lv-LV\",\"potentialAction\":[{\"@type\":\"ReadAction\",\"target\":[\"https:\/\/www.karinibutiik.ee\/toode\/boolero-jakk-pintsak\/\"]}]},{\"@type\":\"ImageObject\",\"inLanguage\":\"lv-LV\",\"@id\":\"https:\/\/www.karinibutiik.ee\/toode\/boolero-jakk-pintsak\/#primaryimage\",\"url\":\"https:\/\/www.karinibutiik.ee\/wp-content\/uploads\/2024\/04\/IMG_2970-scaled-1.jpeg\",\"contentUrl\":\"https:\/\/www.karinibutiik.ee\/wp-content\/uploads\/2024\/04\/IMG_2970-scaled-1.jpeg\",\"width\":2048,\"height\":2560},{\"@type\":\"BreadcrumbList\",\"@id\":\"https:\/\/www.karinibutiik.ee\/toode\/boolero-jakk-pintsak\/#breadcrumb\",\"itemListElement\":[{\"@type\":\"ListItem\",\"position\":1,\"name\":\"Home\",\"item\":\"https:\/\/www.karinibutiik.ee\/\"},{\"@type\":\"ListItem\",\"position\":2,\"name\":\"Pood\",\"item\":\"https:\/\/www.karinibutiik.ee\/pood\/\"},{\"@type\":\"ListItem\",\"position\":3,\"name\":\"BOOLERO JAKK \/ PINTSAK\"}]},{\"@type\":\"WebSite\",\"@id\":\"https:\/\/www.karinibutiik.ee\/#website\",\"url\":\"https:\/\/www.karinibutiik.ee\/\",\"name\":\"Karini Butiik\",\"description\":\"\",\"publisher\":{\"@id\":\"https:\/\/www.karinibutiik.ee\/#organization\"},\"potentialAction\":[{\"@type\":\"SearchAction\",\"target\":{\"@type\":\"EntryPoint\",\"urlTemplate\":\"https:\/\/www.karinibutiik.ee\/?s={search_term_string}\"},\"query-input\":{\"@type\":\"PropertyValueSpecification\",\"valueRequired\":true,\"valueName\":\"search_term_string\"}}],\"inLanguage\":\"lv-LV\"},{\"@type\":\"Organization\",\"@id\":\"https:\/\/www.karinibutiik.ee\/#organization\",\"name\":\"Karini Butiik\",\"url\":\"https:\/\/www.karinibutiik.ee\/\",\"logo\":{\"@type\":\"ImageObject\",\"inLanguage\":\"lv-LV\",\"@id\":\"https:\/\/www.karinibutiik.ee\/#\/schema\/logo\/image\/\",\"url\":\"https:\/\/www.karinibutiik.ee\/wp-content\/uploads\/2024\/10\/Kuj.-K-koopia.png\",\"contentUrl\":\"https:\/\/www.karinibutiik.ee\/wp-content\/uploads\/2024\/10\/Kuj.-K-koopia.png\",\"width\":500,\"height\":500,\"caption\":\"Karini Butiik\"},\"image\":{\"@id\":\"https:\/\/www.karinibutiik.ee\/#\/schema\/logo\/image\/\"},\"sameAs\":[\"https:\/\/www.facebook.com\/karinibutiik.ee\",\"https:\/\/www.instagram.com\/karinibutiik\"]}]}<\/script>\n<meta property=\"og:availability\" content=\"instock\" \/>\n<meta property=\"product:availability\" content=\"instock\" \/>\n<meta property=\"product:retailer_item_id\" content=\"1515\" \/>\n<meta property=\"product:condition\" content=\"new\" \/>\n<!-- \/ Yoast SEO plugin. -->","yoast_head_json":{"title":"BOOLERO JAKK \/ PINTSAK - Karini Butiik","robots":{"index":"index","follow":"follow","max-snippet":"max-snippet:-1","max-image-preview":"max-image-preview:large","max-video-preview":"max-video-preview:-1"},"canonical":"https:\/\/www.karinibutiik.ee\/lv\/produkts\/boolero-jakk-pintsak\/","og_locale":"lv_LV","og_type":"article","og_title":"BOOLERO JAKK \/ PINTSAK - Karini Butiik","og_description":"Otsid t\u00e4iuslikku viisi, kuidas t\u00e4iendada oma riietust \u00f5htuse peo v\u00f5i ametliku s\u00fcndmuse jaoks? Siis vaata meie stiilset boolero jakki \/ [&hellip;]","og_url":"https:\/\/www.karinibutiik.ee\/lv\/produkts\/boolero-jakk-pintsak\/","og_site_name":"Karini Butiik","article_publisher":"https:\/\/www.facebook.com\/karinibutiik.ee","article_modified_time":"2026-04-06T14:01:10+00:00","og_image":[{"width":2048,"height":2560,"url":"https:\/\/www.karinibutiik.ee\/wp-content\/uploads\/2024\/04\/IMG_2970-scaled-1.jpeg","type":"image\/jpeg"}],"twitter_card":"summary_large_image","twitter_misc":{"Availability":"In stock"},"schema":{"@context":"https:\/\/schema.org","@graph":[{"@type":"WebPage","@id":"https:\/\/www.karinibutiik.ee\/toode\/boolero-jakk-pintsak\/","url":"https:\/\/www.karinibutiik.ee\/toode\/boolero-jakk-pintsak\/","name":"BOOLERO JAKK \/ PINTSAK - Karini Butiik","isPartOf":{"@id":"https:\/\/www.karinibutiik.ee\/#website"},"primaryImageOfPage":{"@id":"https:\/\/www.karinibutiik.ee\/toode\/boolero-jakk-pintsak\/#primaryimage"},"image":{"@id":"https:\/\/www.karinibutiik.ee\/toode\/boolero-jakk-pintsak\/#primaryimage"},"thumbnailUrl":"https:\/\/www.karinibutiik.ee\/wp-content\/uploads\/2024\/04\/IMG_2970-scaled-1.jpeg","datePublished":"2024-04-29T09:09:44+00:00","dateModified":"2026-04-06T14:01:10+00:00","breadcrumb":{"@id":"https:\/\/www.karinibutiik.ee\/toode\/boolero-jakk-pintsak\/#breadcrumb"},"inLanguage":"lv-LV","potentialAction":[{"@type":"ReadAction","target":["https:\/\/www.karinibutiik.ee\/toode\/boolero-jakk-pintsak\/"]}]},{"@type":"ImageObject","inLanguage":"lv-LV","@id":"https:\/\/www.karinibutiik.ee\/toode\/boolero-jakk-pintsak\/#primaryimage","url":"https:\/\/www.karinibutiik.ee\/wp-content\/uploads\/2024\/04\/IMG_2970-scaled-1.jpeg","contentUrl":"https:\/\/www.karinibutiik.ee\/wp-content\/uploads\/2024\/04\/IMG_2970-scaled-1.jpeg","width":2048,"height":2560},{"@type":"BreadcrumbList","@id":"https:\/\/www.karinibutiik.ee\/toode\/boolero-jakk-pintsak\/#breadcrumb","itemListElement":[{"@type":"ListItem","position":1,"name":"Home","item":"https:\/\/www.karinibutiik.ee\/"},{"@type":"ListItem","position":2,"name":"Pood","item":"https:\/\/www.karinibutiik.ee\/pood\/"},{"@type":"ListItem","position":3,"name":"BOOLERO JAKK \/ PINTSAK"}]},{"@type":"WebSite","@id":"https:\/\/www.karinibutiik.ee\/#website","url":"https:\/\/www.karinibutiik.ee\/","name":"Karini Butiik","description":"","publisher":{"@id":"https:\/\/www.karinibutiik.ee\/#organization"},"potentialAction":[{"@type":"SearchAction","target":{"@type":"EntryPoint","urlTemplate":"https:\/\/www.karinibutiik.ee\/?s={search_term_string}"},"query-input":{"@type":"PropertyValueSpecification","valueRequired":true,"valueName":"search_term_string"}}],"inLanguage":"lv-LV"},{"@type":"Organization","@id":"https:\/\/www.karinibutiik.ee\/#organization","name":"Karini Butiik","url":"https:\/\/www.karinibutiik.ee\/","logo":{"@type":"ImageObject","inLanguage":"lv-LV","@id":"https:\/\/www.karinibutiik.ee\/#\/schema\/logo\/image\/","url":"https:\/\/www.karinibutiik.ee\/wp-content\/uploads\/2024\/10\/Kuj.-K-koopia.png","contentUrl":"https:\/\/www.karinibutiik.ee\/wp-content\/uploads\/2024\/10\/Kuj.-K-koopia.png","width":500,"height":500,"caption":"Karini Butiik"},"image":{"@id":"https:\/\/www.karinibutiik.ee\/#\/schema\/logo\/image\/"},"sameAs":["https:\/\/www.facebook.com\/karinibutiik.ee","https:\/\/www.instagram.com\/karinibutiik"]}]},"og_availability":"instock","product_availability":"instock","product_retailer_item_id":"1515","product_condition":"new"},"_links":{"self":[{"href":"https:\/\/www.karinibutiik.ee\/lv\/wp-json\/wp\/v2\/product\/9103","targetHints":{"allow":["GET"]}}],"collection":[{"href":"https:\/\/www.karinibutiik.ee\/lv\/wp-json\/wp\/v2\/product"}],"about":[{"href":"https:\/\/www.karinibutiik.ee\/lv\/wp-json\/wp\/v2\/types\/product"}],"version-history":[{"count":3,"href":"https:\/\/www.karinibutiik.ee\/lv\/wp-json\/wp\/v2\/product\/9103\/revisions"}],"predecessor-version":[{"id":11544,"href":"https:\/\/www.karinibutiik.ee\/lv\/wp-json\/wp\/v2\/product\/9103\/revisions\/11544"}],"wp:featuredmedia":[{"embeddable":true,"href":"https:\/\/www.karinibutiik.ee\/lv\/wp-json\/wp\/v2\/media\/6483"}],"wp:attachment":[{"href":"https:\/\/www.karinibutiik.ee\/lv\/wp-json\/wp\/v2\/media?parent=9103"}],"wp:term":[{"taxonomy":"product_brand","embeddable":true,"href":"https:\/\/www.karinibutiik.ee\/lv\/wp-json\/wp\/v2\/product_brand?post=9103"},{"taxonomy":"product_cat","embeddable":true,"href":"https:\/\/www.karinibutiik.ee\/lv\/wp-json\/wp\/v2\/product_cat?post=9103"},{"taxonomy":"product_tag","embeddable":true,"href":"https:\/\/www.karinibutiik.ee\/lv\/wp-json\/wp\/v2\/product_tag?post=9103"}],"curies":[{"name":"wp","href":"https:\/\/api.w.org\/{rel}","templated":true}]}}