{"id":9282,"date":"2024-05-03T07:40:40","date_gmt":"2024-05-03T07:40:40","guid":{"rendered":"https:\/\/www.karinibutiik.ee\/toode\/luksuslik-rohke-seelikuosaga-maksikleit-5\/"},"modified":"2026-03-11T16:23:25","modified_gmt":"2026-03-11T14:23:25","slug":"luksuslik-rohke-seelikuosaga-maksikleit-5","status":"publish","type":"product","link":"https:\/\/www.karinibutiik.ee\/lv\/produkts\/luksuslik-rohke-seelikuosaga-maksikleit-5\/","title":{"rendered":"Grezna pilna sv\u0101rku aknu kleita"},"content":{"rendered":"<p>Ien\u0101ciet sv\u0113tku pasaul\u0113 ar m\u016bsu grezno pilnpap\u012bra aknu kleitu! \u0160\u012b kleita ir rad\u012bta, lai padar\u012btu katru pas\u0101kumu neaizmirstamu un padar\u012btu j\u016bs par \u012bstu zvaigzni.<br \/>\n<strong>Funkcijas:<\/strong><\/p>\n<ol>\n<li>\n<em>Elegants dizains<\/em>: Smalki veidot\u0101 kleitas aug\u0161da\u013ca un pla\u0161ie sv\u0101rki pie\u0161\u0137ir tai greznu un burv\u012bgu izskatu. Katra deta\u013ca ir r\u016bp\u012bgi izstr\u0101d\u0101ta, lai izceltu j\u016bsu sievi\u0161\u0137\u012bbu un eleganci.\n<\/li>\n<li>\n<em>Augstas kvalit\u0101tes materi\u0101ls<\/em>: Izgatavots no augstas kvalit\u0101tes auduma, kas nodro\u0161ina komfortu un iztur\u012bbu. \u0160\u012b kleita ir m\u012bksta pret \u0101du un saglab\u0101 savu grezno izskatu pat p\u0113c ilgas valk\u0101\u0161anas.\n<\/li>\n<li>\n<em>Daudzveid\u012bba<\/em>: Ide\u0101li piem\u0113rots da\u017e\u0101diem pas\u0101kumiem, tostarp k\u0101z\u0101m, vakari\u0146\u0101m, ball\u0113m un svin\u012bgiem vakariem. Neatkar\u012bgi no t\u0101, vai tas ir form\u0101ls vai ikdieni\u0161\u0137s pas\u0101kums, \u0161\u012b aknu kleita jebkur\u0101 gad\u012bjum\u0101 piesaist\u012bs uzman\u012bbu.\n<\/li>\n<li>\n<em>\u012apa\u0161i izcils<\/em>: Uzman\u012bbu piesaisto\u0161ais kleitas dizains un drosm\u012bgie sv\u0101rki pie\u0161\u0137irs jums eleganci un graciozit\u0101ti, kas \u013caus izcelties jebkur\u0101 situ\u0101cij\u0101.\n<\/li>\n<\/ol>\n<p><strong>K\u0101 pieteikties:<\/strong><br \/>\nValk\u0101jiet \u0161o grezno maxi kleitu ar augstpap\u0113\u017eu kurp\u0113m un k\u0101du uzkr\u012bto\u0161u rotaslietu, lai papildin\u0101tu t\u0101s jau t\u0101 burv\u012bgo izskatu. Neatkar\u012bgi no t\u0101, vai t\u0101s ir romantiskas vakari\u0146as, k\u0101zu ball\u012bte vai svin\u012bga pie\u0146em\u0161ana, \u0161\u012b kleita padar\u012bs j\u016bsu stilu nevainojamu.<\/p>","protected":false},"excerpt":{"rendered":"<p>Astuge sisse pidulikkuse maailma meie luksusliku rohke seelikuosaga maksikleidiga! See kleit on disainitud selleks, et teha teie igast s\u00fcndmusest unustamatu [&hellip;]<\/p>\n","protected":false},"featured_media":6562,"template":"","meta":{"site-sidebar-layout":"default","site-content-layout":"","ast-site-content-layout":"default","site-content-style":"default","site-sidebar-style":"default","ast-global-header-display":"","ast-banner-title-visibility":"","ast-main-header-display":"","ast-hfb-above-header-display":"","ast-hfb-below-header-display":"","ast-hfb-mobile-header-display":"","site-post-title":"","ast-breadcrumbs-content":"","ast-featured-img":"","footer-sml-layout":"","ast-disable-related-posts":"","theme-transparent-header-meta":"","adv-header-id-meta":"","stick-header-meta":"","header-above-stick-meta":"","header-main-stick-meta":"","header-below-stick-meta":"","astra-migrate-meta-layouts":"default","ast-page-background-enabled":"default","ast-page-background-meta":{"desktop":{"background-color":"var(--ast-global-color-4)","background-image":"","background-repeat":"repeat","background-position":"center center","background-size":"auto","background-attachment":"scroll","background-type":"","background-media":"","overlay-type":"","overlay-color":"","overlay-opacity":"","overlay-gradient":""},"tablet":{"background-color":"","background-image":"","background-repeat":"repeat","background-position":"center center","background-size":"auto","background-attachment":"scroll","background-type":"","background-media":"","overlay-type":"","overlay-color":"","overlay-opacity":"","overlay-gradient":""},"mobile":{"background-color":"","background-image":"","background-repeat":"repeat","background-position":"center center","background-size":"auto","background-attachment":"scroll","background-type":"","background-media":"","overlay-type":"","overlay-color":"","overlay-opacity":"","overlay-gradient":""}},"ast-content-background-meta":{"desktop":{"background-color":"var(--ast-global-color-5)","background-image":"","background-repeat":"repeat","background-position":"center center","background-size":"auto","background-attachment":"scroll","background-type":"","background-media":"","overlay-type":"","overlay-color":"","overlay-opacity":"","overlay-gradient":""},"tablet":{"background-color":"var(--ast-global-color-5)","background-image":"","background-repeat":"repeat","background-position":"center center","background-size":"auto","background-attachment":"scroll","background-type":"","background-media":"","overlay-type":"","overlay-color":"","overlay-opacity":"","overlay-gradient":""},"mobile":{"background-color":"var(--ast-global-color-5)","background-image":"","background-repeat":"repeat","background-position":"center center","background-size":"auto","background-attachment":"scroll","background-type":"","background-media":"","overlay-type":"","overlay-color":"","overlay-opacity":"","overlay-gradient":""}}},"product_brand":[],"product_cat":[367,346,347,357,348],"product_tag":[86,91,90,109,254,92],"class_list":{"0":"post-9282","1":"product","2":"type-product","3":"status-publish","4":"has-post-thumbnail","6":"product_cat-allahindlus","7":"product_cat-naised","8":"product_cat-kleidid","9":"product_cat-maksikleidid","10":"product_cat-lopukleidid","11":"product_tag-kleit","12":"product_tag-koolilopukleit","13":"product_tag-lopukleit","14":"product_tag-maksikleit","15":"product_tag-ohtukleidid","16":"product_tag-pidulikud-kleidid","17":"desktop-align-center","18":"tablet-align-center","19":"mobile-align-center","20":"ast-product-gallery-layout-horizontal-slider","21":"ast-product-single-variable","22":"ast-product-tabs-layout-horizontal","24":"first","25":"outofstock","26":"taxable","27":"shipping-taxable","28":"product-type-variable"},"supplier_id":null,"supplier_sku":"","barcode":null,"atum_controlled":true,"out_stock_date":null,"out_stock_threshold":null,"inheritable":true,"inbound_stock":0,"stock_on_hold":0,"sold_today":0,"sales_last_days":0,"reserved_stock":0,"customer_returns":0,"warehouse_damage":0,"lost_in_post":0,"other_logs":0,"out_stock_days":0,"lost_sales":0,"has_location":false,"update_date":"2025-12-05T11:21:31","atum_locations":[],"atum_stock_status":"instock","restock_status":false,"low_stock_amount":"","sales_update_date":"2025-12-05T11:21:31","calc_backorders":null,"yoast_head":"<!-- This site is optimized with the Yoast SEO plugin v26.9 - https:\/\/yoast.com\/product\/yoast-seo-wordpress\/ -->\n<title>Luksuslik rohke seelikuosaga maksikleit - Karini Butiik<\/title>\n<meta name=\"robots\" content=\"index, follow, max-snippet:-1, max-image-preview:large, max-video-preview:-1\" \/>\n<link rel=\"canonical\" href=\"https:\/\/www.karinibutiik.ee\/lv\/produkts\/luksuslik-rohke-seelikuosaga-maksikleit-5\/\" \/>\n<meta property=\"og:locale\" content=\"lv_LV\" \/>\n<meta property=\"og:type\" content=\"article\" \/>\n<meta property=\"og:title\" content=\"Luksuslik rohke seelikuosaga maksikleit - Karini Butiik\" \/>\n<meta property=\"og:description\" content=\"Astuge sisse pidulikkuse maailma meie luksusliku rohke seelikuosaga maksikleidiga! See kleit on disainitud selleks, et teha teie igast s\u00fcndmusest unustamatu [&hellip;]\" \/>\n<meta property=\"og:url\" content=\"https:\/\/www.karinibutiik.ee\/lv\/produkts\/luksuslik-rohke-seelikuosaga-maksikleit-5\/\" \/>\n<meta property=\"og:site_name\" content=\"Karini Butiik\" \/>\n<meta property=\"article:publisher\" content=\"https:\/\/www.facebook.com\/karinibutiik.ee\" \/>\n<meta property=\"article:modified_time\" content=\"2026-03-11T14:23:25+00:00\" \/>\n<meta property=\"og:image\" content=\"https:\/\/www.karinibutiik.ee\/wp-content\/uploads\/2024\/04\/49BDBBC9-2C26-40A1-9994-E56872B1CA9B.jpeg\" \/>\n\t<meta property=\"og:image:width\" content=\"1491\" \/>\n\t<meta property=\"og:image:height\" content=\"1491\" \/>\n\t<meta property=\"og:image:type\" content=\"image\/jpeg\" \/>\n<meta name=\"twitter:card\" content=\"summary_large_image\" \/>\n<meta name=\"twitter:label1\" content=\"Availability\" \/>\n\t<meta name=\"twitter:data1\" content=\"Out of stock\" \/>\n<script type=\"application\/ld+json\" class=\"yoast-schema-graph\">{\"@context\":\"https:\/\/schema.org\",\"@graph\":[{\"@type\":\"WebPage\",\"@id\":\"https:\/\/www.karinibutiik.ee\/toode\/luksuslik-rohke-seelikuosaga-maksikleit-5\/\",\"url\":\"https:\/\/www.karinibutiik.ee\/toode\/luksuslik-rohke-seelikuosaga-maksikleit-5\/\",\"name\":\"Luksuslik rohke seelikuosaga maksikleit - Karini Butiik\",\"isPartOf\":{\"@id\":\"https:\/\/www.karinibutiik.ee\/#website\"},\"primaryImageOfPage\":{\"@id\":\"https:\/\/www.karinibutiik.ee\/toode\/luksuslik-rohke-seelikuosaga-maksikleit-5\/#primaryimage\"},\"image\":{\"@id\":\"https:\/\/www.karinibutiik.ee\/toode\/luksuslik-rohke-seelikuosaga-maksikleit-5\/#primaryimage\"},\"thumbnailUrl\":\"https:\/\/www.karinibutiik.ee\/wp-content\/uploads\/2024\/04\/49BDBBC9-2C26-40A1-9994-E56872B1CA9B.jpeg\",\"datePublished\":\"2024-05-03T07:40:40+00:00\",\"dateModified\":\"2026-03-11T14:23:25+00:00\",\"breadcrumb\":{\"@id\":\"https:\/\/www.karinibutiik.ee\/toode\/luksuslik-rohke-seelikuosaga-maksikleit-5\/#breadcrumb\"},\"inLanguage\":\"lv-LV\",\"potentialAction\":[{\"@type\":\"ReadAction\",\"target\":[\"https:\/\/www.karinibutiik.ee\/toode\/luksuslik-rohke-seelikuosaga-maksikleit-5\/\"]}]},{\"@type\":\"ImageObject\",\"inLanguage\":\"lv-LV\",\"@id\":\"https:\/\/www.karinibutiik.ee\/toode\/luksuslik-rohke-seelikuosaga-maksikleit-5\/#primaryimage\",\"url\":\"https:\/\/www.karinibutiik.ee\/wp-content\/uploads\/2024\/04\/49BDBBC9-2C26-40A1-9994-E56872B1CA9B.jpeg\",\"contentUrl\":\"https:\/\/www.karinibutiik.ee\/wp-content\/uploads\/2024\/04\/49BDBBC9-2C26-40A1-9994-E56872B1CA9B.jpeg\",\"width\":1491,\"height\":1491},{\"@type\":\"BreadcrumbList\",\"@id\":\"https:\/\/www.karinibutiik.ee\/toode\/luksuslik-rohke-seelikuosaga-maksikleit-5\/#breadcrumb\",\"itemListElement\":[{\"@type\":\"ListItem\",\"position\":1,\"name\":\"Home\",\"item\":\"https:\/\/www.karinibutiik.ee\/\"},{\"@type\":\"ListItem\",\"position\":2,\"name\":\"Pood\",\"item\":\"https:\/\/www.karinibutiik.ee\/pood\/\"},{\"@type\":\"ListItem\",\"position\":3,\"name\":\"Luksuslik rohke seelikuosaga maksikleit\"}]},{\"@type\":\"WebSite\",\"@id\":\"https:\/\/www.karinibutiik.ee\/#website\",\"url\":\"https:\/\/www.karinibutiik.ee\/\",\"name\":\"Karini Butiik\",\"description\":\"\",\"publisher\":{\"@id\":\"https:\/\/www.karinibutiik.ee\/#organization\"},\"potentialAction\":[{\"@type\":\"SearchAction\",\"target\":{\"@type\":\"EntryPoint\",\"urlTemplate\":\"https:\/\/www.karinibutiik.ee\/?s={search_term_string}\"},\"query-input\":{\"@type\":\"PropertyValueSpecification\",\"valueRequired\":true,\"valueName\":\"search_term_string\"}}],\"inLanguage\":\"lv-LV\"},{\"@type\":\"Organization\",\"@id\":\"https:\/\/www.karinibutiik.ee\/#organization\",\"name\":\"Karini Butiik\",\"url\":\"https:\/\/www.karinibutiik.ee\/\",\"logo\":{\"@type\":\"ImageObject\",\"inLanguage\":\"lv-LV\",\"@id\":\"https:\/\/www.karinibutiik.ee\/#\/schema\/logo\/image\/\",\"url\":\"https:\/\/www.karinibutiik.ee\/wp-content\/uploads\/2024\/10\/Kuj.-K-koopia.png\",\"contentUrl\":\"https:\/\/www.karinibutiik.ee\/wp-content\/uploads\/2024\/10\/Kuj.-K-koopia.png\",\"width\":500,\"height\":500,\"caption\":\"Karini Butiik\"},\"image\":{\"@id\":\"https:\/\/www.karinibutiik.ee\/#\/schema\/logo\/image\/\"},\"sameAs\":[\"https:\/\/www.facebook.com\/karinibutiik.ee\",\"https:\/\/www.instagram.com\/karinibutiik\"]}]}<\/script>\n<meta property=\"og:availability\" content=\"out of stock\" \/>\n<meta property=\"product:availability\" content=\"out of stock\" \/>\n<meta property=\"product:retailer_item_id\" content=\"0380\" \/>\n<meta property=\"product:condition\" content=\"new\" \/>\n<!-- \/ Yoast SEO plugin. -->","yoast_head_json":{"title":"Grezna aknu kleita ar pilnu sv\u0101rku - Karini Butiik","robots":{"index":"index","follow":"follow","max-snippet":"max-snippet:-1","max-image-preview":"max-image-preview:large","max-video-preview":"max-video-preview:-1"},"canonical":"https:\/\/www.karinibutiik.ee\/lv\/produkts\/luksuslik-rohke-seelikuosaga-maksikleit-5\/","og_locale":"lv_LV","og_type":"article","og_title":"Luksuslik rohke seelikuosaga maksikleit - Karini Butiik","og_description":"Astuge sisse pidulikkuse maailma meie luksusliku rohke seelikuosaga maksikleidiga! See kleit on disainitud selleks, et teha teie igast s\u00fcndmusest unustamatu [&hellip;]","og_url":"https:\/\/www.karinibutiik.ee\/lv\/produkts\/luksuslik-rohke-seelikuosaga-maksikleit-5\/","og_site_name":"Karini Butiik","article_publisher":"https:\/\/www.facebook.com\/karinibutiik.ee","article_modified_time":"2026-03-11T14:23:25+00:00","og_image":[{"width":1491,"height":1491,"url":"https:\/\/www.karinibutiik.ee\/wp-content\/uploads\/2024\/04\/49BDBBC9-2C26-40A1-9994-E56872B1CA9B.jpeg","type":"image\/jpeg"}],"twitter_card":"summary_large_image","twitter_misc":{"Availability":"Out of stock"},"schema":{"@context":"https:\/\/schema.org","@graph":[{"@type":"WebPage","@id":"https:\/\/www.karinibutiik.ee\/toode\/luksuslik-rohke-seelikuosaga-maksikleit-5\/","url":"https:\/\/www.karinibutiik.ee\/toode\/luksuslik-rohke-seelikuosaga-maksikleit-5\/","name":"Grezna aknu kleita ar pilnu sv\u0101rku - Karini Butiik","isPartOf":{"@id":"https:\/\/www.karinibutiik.ee\/#website"},"primaryImageOfPage":{"@id":"https:\/\/www.karinibutiik.ee\/toode\/luksuslik-rohke-seelikuosaga-maksikleit-5\/#primaryimage"},"image":{"@id":"https:\/\/www.karinibutiik.ee\/toode\/luksuslik-rohke-seelikuosaga-maksikleit-5\/#primaryimage"},"thumbnailUrl":"https:\/\/www.karinibutiik.ee\/wp-content\/uploads\/2024\/04\/49BDBBC9-2C26-40A1-9994-E56872B1CA9B.jpeg","datePublished":"2024-05-03T07:40:40+00:00","dateModified":"2026-03-11T14:23:25+00:00","breadcrumb":{"@id":"https:\/\/www.karinibutiik.ee\/toode\/luksuslik-rohke-seelikuosaga-maksikleit-5\/#breadcrumb"},"inLanguage":"lv-LV","potentialAction":[{"@type":"ReadAction","target":["https:\/\/www.karinibutiik.ee\/toode\/luksuslik-rohke-seelikuosaga-maksikleit-5\/"]}]},{"@type":"ImageObject","inLanguage":"lv-LV","@id":"https:\/\/www.karinibutiik.ee\/toode\/luksuslik-rohke-seelikuosaga-maksikleit-5\/#primaryimage","url":"https:\/\/www.karinibutiik.ee\/wp-content\/uploads\/2024\/04\/49BDBBC9-2C26-40A1-9994-E56872B1CA9B.jpeg","contentUrl":"https:\/\/www.karinibutiik.ee\/wp-content\/uploads\/2024\/04\/49BDBBC9-2C26-40A1-9994-E56872B1CA9B.jpeg","width":1491,"height":1491},{"@type":"BreadcrumbList","@id":"https:\/\/www.karinibutiik.ee\/toode\/luksuslik-rohke-seelikuosaga-maksikleit-5\/#breadcrumb","itemListElement":[{"@type":"ListItem","position":1,"name":"Home","item":"https:\/\/www.karinibutiik.ee\/"},{"@type":"ListItem","position":2,"name":"Pood","item":"https:\/\/www.karinibutiik.ee\/pood\/"},{"@type":"ListItem","position":3,"name":"Luksuslik rohke seelikuosaga maksikleit"}]},{"@type":"WebSite","@id":"https:\/\/www.karinibutiik.ee\/#website","url":"https:\/\/www.karinibutiik.ee\/","name":"Karini Butiik","description":"","publisher":{"@id":"https:\/\/www.karinibutiik.ee\/#organization"},"potentialAction":[{"@type":"SearchAction","target":{"@type":"EntryPoint","urlTemplate":"https:\/\/www.karinibutiik.ee\/?s={search_term_string}"},"query-input":{"@type":"PropertyValueSpecification","valueRequired":true,"valueName":"search_term_string"}}],"inLanguage":"lv-LV"},{"@type":"Organization","@id":"https:\/\/www.karinibutiik.ee\/#organization","name":"Karini Butiik","url":"https:\/\/www.karinibutiik.ee\/","logo":{"@type":"ImageObject","inLanguage":"lv-LV","@id":"https:\/\/www.karinibutiik.ee\/#\/schema\/logo\/image\/","url":"https:\/\/www.karinibutiik.ee\/wp-content\/uploads\/2024\/10\/Kuj.-K-koopia.png","contentUrl":"https:\/\/www.karinibutiik.ee\/wp-content\/uploads\/2024\/10\/Kuj.-K-koopia.png","width":500,"height":500,"caption":"Karini Butiik"},"image":{"@id":"https:\/\/www.karinibutiik.ee\/#\/schema\/logo\/image\/"},"sameAs":["https:\/\/www.facebook.com\/karinibutiik.ee","https:\/\/www.instagram.com\/karinibutiik"]}]},"og_availability":"out of stock","product_availability":"out of stock","product_retailer_item_id":"0380","product_condition":"new"},"_links":{"self":[{"href":"https:\/\/www.karinibutiik.ee\/lv\/wp-json\/wp\/v2\/product\/9282","targetHints":{"allow":["GET"]}}],"collection":[{"href":"https:\/\/www.karinibutiik.ee\/lv\/wp-json\/wp\/v2\/product"}],"about":[{"href":"https:\/\/www.karinibutiik.ee\/lv\/wp-json\/wp\/v2\/types\/product"}],"version-history":[{"count":4,"href":"https:\/\/www.karinibutiik.ee\/lv\/wp-json\/wp\/v2\/product\/9282\/revisions"}],"predecessor-version":[{"id":9405,"href":"https:\/\/www.karinibutiik.ee\/lv\/wp-json\/wp\/v2\/product\/9282\/revisions\/9405"}],"wp:featuredmedia":[{"embeddable":true,"href":"https:\/\/www.karinibutiik.ee\/lv\/wp-json\/wp\/v2\/media\/6562"}],"wp:attachment":[{"href":"https:\/\/www.karinibutiik.ee\/lv\/wp-json\/wp\/v2\/media?parent=9282"}],"wp:term":[{"taxonomy":"product_brand","embeddable":true,"href":"https:\/\/www.karinibutiik.ee\/lv\/wp-json\/wp\/v2\/product_brand?post=9282"},{"taxonomy":"product_cat","embeddable":true,"href":"https:\/\/www.karinibutiik.ee\/lv\/wp-json\/wp\/v2\/product_cat?post=9282"},{"taxonomy":"product_tag","embeddable":true,"href":"https:\/\/www.karinibutiik.ee\/lv\/wp-json\/wp\/v2\/product_tag?post=9282"}],"curies":[{"name":"wp","href":"https:\/\/api.w.org\/{rel}","templated":true}]}}