{"id":10573,"date":"2024-05-03T07:40:55","date_gmt":"2024-05-03T07:40:55","guid":{"rendered":"https:\/\/www.karinibutiik.ee\/toode\/lohikuga-maksikleit\/"},"modified":"2025-07-01T00:58:53","modified_gmt":"2025-06-30T21:58:53","slug":"%d0%bf%d0%b5%d1%87%d0%b5%d0%bd%d0%be%d1%87%d0%bd%d0%be%d0%b5-%d0%bf%d0%bb%d0%b0%d1%82%d1%8c%d0%b5-%d1%81-%d1%80%d0%b0%d0%b7%d1%80%d0%b5%d0%b7%d0%be%d0%bc","status":"publish","type":"product","link":"https:\/\/www.karinibutiik.ee\/ru\/%d0%bf%d1%80%d0%be%d0%b4%d1%83%d0%ba%d1%82\/%d0%bf%d0%b5%d1%87%d0%b5%d0%bd%d0%be%d1%87%d0%bd%d0%be%d0%b5-%d0%bf%d0%bb%d0%b0%d1%82%d1%8c%d0%b5-%d1%81-%d1%80%d0%b0%d0%b7%d1%80%d0%b5%d0%b7%d0%be%d0%bc\/","title":{"rendered":"\u041f\u0415\u0427\u0415\u041d\u041e\u0427\u041d\u041e\u0415 \u041f\u041b\u0410\u0422\u042c\u0415 \u0421 \u0420\u0410\u0417\u0420\u0415\u0417\u041e\u041c"},"content":{"rendered":"<p>V\u00f5luv ja elegantne \u00f5rna s\u00e4delusega punane maksikleit, mis hoiab kaunilt kehasse. Selle figuuri r\u00f5hutav disain ja peen s\u00e4delus lisavad kleidile luksuslikku v\u00e4limust, tehes sellest ideaalse valiku pidulikeks s\u00fcndmusteks v\u00f5i erilisteks \u00f5htuteks. Tunned end selles kleidis stiilselt ja enesekindlalt!<\/p>","protected":false},"excerpt":{"rendered":"<p>V\u00f5luv ja elegantne \u00f5rna s\u00e4delusega punane maksikleit, mis hoiab kaunilt kehasse. Selle figuuri r\u00f5hutav disain ja peen s\u00e4delus lisavad kleidile [&hellip;]<\/p>\n","protected":false},"featured_media":18961,"template":"","meta":{"site-sidebar-layout":"default","site-content-layout":"","ast-site-content-layout":"default","site-content-style":"default","site-sidebar-style":"default","ast-global-header-display":"","ast-banner-title-visibility":"","ast-main-header-display":"","ast-hfb-above-header-display":"","ast-hfb-below-header-display":"","ast-hfb-mobile-header-display":"","site-post-title":"","ast-breadcrumbs-content":"","ast-featured-img":"","footer-sml-layout":"","ast-disable-related-posts":"","theme-transparent-header-meta":"default","adv-header-id-meta":"","stick-header-meta":"default","header-above-stick-meta":"","header-main-stick-meta":"","header-below-stick-meta":"","astra-migrate-meta-layouts":"set","ast-page-background-enabled":"default","ast-page-background-meta":{"desktop":{"background-color":"var(--ast-global-color-4)","background-image":"","background-repeat":"repeat","background-position":"center center","background-size":"auto","background-attachment":"scroll","background-type":"","background-media":"","overlay-type":"","overlay-color":"","overlay-opacity":"","overlay-gradient":""},"tablet":{"background-color":"","background-image":"","background-repeat":"repeat","background-position":"center center","background-size":"auto","background-attachment":"scroll","background-type":"","background-media":"","overlay-type":"","overlay-color":"","overlay-opacity":"","overlay-gradient":""},"mobile":{"background-color":"","background-image":"","background-repeat":"repeat","background-position":"center center","background-size":"auto","background-attachment":"scroll","background-type":"","background-media":"","overlay-type":"","overlay-color":"","overlay-opacity":"","overlay-gradient":""}},"ast-content-background-meta":{"desktop":{"background-color":"var(--ast-global-color-5)","background-image":"","background-repeat":"repeat","background-position":"center center","background-size":"auto","background-attachment":"scroll","background-type":"","background-media":"","overlay-type":"","overlay-color":"","overlay-opacity":"","overlay-gradient":""},"tablet":{"background-color":"var(--ast-global-color-5)","background-image":"","background-repeat":"repeat","background-position":"center center","background-size":"auto","background-attachment":"scroll","background-type":"","background-media":"","overlay-type":"","overlay-color":"","overlay-opacity":"","overlay-gradient":""},"mobile":{"background-color":"var(--ast-global-color-5)","background-image":"","background-repeat":"repeat","background-position":"center center","background-size":"auto","background-attachment":"scroll","background-type":"","background-media":"","overlay-type":"","overlay-color":"","overlay-opacity":"","overlay-gradient":""}}},"product_brand":[],"product_cat":[453,367,430,346,347,357,348],"product_tag":[],"class_list":{"0":"post-10573","1":"product","2":"type-product","3":"status-publish","4":"has-post-thumbnail","6":"product_cat-soodus","7":"product_cat-allahindlus","8":"product_cat-lopumuuk","9":"product_cat-naised","10":"product_cat-kleidid","11":"product_cat-maksikleidid","12":"product_cat-lopukleidid","13":"desktop-align-center","14":"tablet-align-center","15":"mobile-align-center","16":"ast-product-gallery-layout-horizontal-slider","17":"ast-product-single-variable","18":"ast-product-tabs-layout-horizontal","20":"first","21":"outofstock","22":"taxable","23":"shipping-taxable","24":"product-type-variable"},"supplier_id":null,"supplier_sku":"","barcode":null,"atum_controlled":true,"out_stock_date":null,"out_stock_threshold":null,"inheritable":true,"inbound_stock":0,"stock_on_hold":0,"sold_today":0,"sales_last_days":0,"reserved_stock":0,"customer_returns":0,"warehouse_damage":0,"lost_in_post":0,"other_logs":0,"out_stock_days":0,"lost_sales":0,"has_location":false,"update_date":"2025-12-05T00:00:33","atum_locations":[],"atum_stock_status":"outofstock","restock_status":false,"low_stock_amount":"","sales_update_date":"2025-12-05T00:00:33","calc_backorders":null,"yoast_head":"<!-- This site is optimized with the Yoast SEO plugin v26.9 - https:\/\/yoast.com\/product\/yoast-seo-wordpress\/ -->\n<title>L\u00d5HIKUGA MAKSIKLEIT - Karini Butiik<\/title>\n<meta name=\"description\" content=\"Turn heads in this enchanting red maxi dress with a touch of sparkle. Designed to enhance your figure and add a luxurious touch, it&#039;s perfect for weddings and special events. Feel elegant and confident in this dress!\" \/>\n<meta name=\"robots\" content=\"index, follow, max-snippet:-1, max-image-preview:large, max-video-preview:-1\" \/>\n<link rel=\"canonical\" href=\"https:\/\/www.karinibutiik.ee\/ru\/\u043f\u0440\u043e\u0434\u0443\u043a\u0442\/\u043f\u0435\u0447\u0435\u043d\u043e\u0447\u043d\u043e\u0435-\u043f\u043b\u0430\u0442\u044c\u0435-\u0441-\u0440\u0430\u0437\u0440\u0435\u0437\u043e\u043c\/\" \/>\n<meta property=\"og:locale\" content=\"ru_RU\" \/>\n<meta property=\"og:type\" content=\"article\" \/>\n<meta property=\"og:title\" content=\"L\u00d5HIKUGA MAKSIKLEIT - Karini Butiik\" \/>\n<meta property=\"og:description\" content=\"Turn heads in this enchanting red maxi dress with a touch of sparkle. Designed to enhance your figure and add a luxurious touch, it&#039;s perfect for weddings and special events. Feel elegant and confident in this dress!\" \/>\n<meta property=\"og:url\" content=\"https:\/\/www.karinibutiik.ee\/ru\/\u043f\u0440\u043e\u0434\u0443\u043a\u0442\/\u043f\u0435\u0447\u0435\u043d\u043e\u0447\u043d\u043e\u0435-\u043f\u043b\u0430\u0442\u044c\u0435-\u0441-\u0440\u0430\u0437\u0440\u0435\u0437\u043e\u043c\/\" \/>\n<meta property=\"og:site_name\" content=\"Karini Butiik\" \/>\n<meta property=\"article:publisher\" content=\"https:\/\/www.facebook.com\/karinibutiik.ee\" \/>\n<meta property=\"article:modified_time\" content=\"2025-06-30T21:58:53+00:00\" \/>\n<meta property=\"og:image\" content=\"https:\/\/www.karinibutiik.ee\/wp-content\/uploads\/2024\/09\/121553926_3208347825950964_5563614233620733138_o-1-e1726470167923.jpg\" \/>\n\t<meta property=\"og:image:width\" content=\"767\" \/>\n\t<meta property=\"og:image:height\" content=\"965\" \/>\n\t<meta property=\"og:image:type\" content=\"image\/jpeg\" \/>\n<meta name=\"twitter:card\" content=\"summary_large_image\" \/>\n<meta name=\"twitter:label1\" content=\"\u0414\u043e\u0441\u0442\u0443\u043f\u043d\u043e\u0441\u0442\u044c\" \/>\n\t<meta name=\"twitter:data1\" content=\"\u0420\u0430\u0441\u043f\u0440\u043e\u0434\u0430\u043d\u043e\" \/>\n<script type=\"application\/ld+json\" class=\"yoast-schema-graph\">{\"@context\":\"https:\/\/schema.org\",\"@graph\":[{\"@type\":\"WebPage\",\"@id\":\"https:\/\/www.karinibutiik.ee\/toode\/lohikuga-maksikleit\/\",\"url\":\"https:\/\/www.karinibutiik.ee\/toode\/lohikuga-maksikleit\/\",\"name\":\"L\u00d5HIKUGA MAKSIKLEIT - Karini Butiik\",\"isPartOf\":{\"@id\":\"https:\/\/www.karinibutiik.ee\/#website\"},\"primaryImageOfPage\":{\"@id\":\"https:\/\/www.karinibutiik.ee\/toode\/lohikuga-maksikleit\/#primaryimage\"},\"image\":{\"@id\":\"https:\/\/www.karinibutiik.ee\/toode\/lohikuga-maksikleit\/#primaryimage\"},\"thumbnailUrl\":\"https:\/\/www.karinibutiik.ee\/wp-content\/uploads\/2024\/09\/121553926_3208347825950964_5563614233620733138_o-1-e1726470167923.jpg\",\"datePublished\":\"2024-05-03T07:40:55+00:00\",\"dateModified\":\"2025-06-30T21:58:53+00:00\",\"description\":\"Turn heads in this enchanting red maxi dress with a touch of sparkle. Designed to enhance your figure and add a luxurious touch, it's perfect for weddings and special events. Feel elegant and confident in this dress!\",\"breadcrumb\":{\"@id\":\"https:\/\/www.karinibutiik.ee\/toode\/lohikuga-maksikleit\/#breadcrumb\"},\"inLanguage\":\"ru-RU\",\"potentialAction\":[{\"@type\":\"ReadAction\",\"target\":[\"https:\/\/www.karinibutiik.ee\/toode\/lohikuga-maksikleit\/\"]}]},{\"@type\":\"ImageObject\",\"inLanguage\":\"ru-RU\",\"@id\":\"https:\/\/www.karinibutiik.ee\/toode\/lohikuga-maksikleit\/#primaryimage\",\"url\":\"https:\/\/www.karinibutiik.ee\/wp-content\/uploads\/2024\/09\/121553926_3208347825950964_5563614233620733138_o-1-e1726470167923.jpg\",\"contentUrl\":\"https:\/\/www.karinibutiik.ee\/wp-content\/uploads\/2024\/09\/121553926_3208347825950964_5563614233620733138_o-1-e1726470167923.jpg\",\"width\":767,\"height\":965},{\"@type\":\"BreadcrumbList\",\"@id\":\"https:\/\/www.karinibutiik.ee\/toode\/lohikuga-maksikleit\/#breadcrumb\",\"itemListElement\":[{\"@type\":\"ListItem\",\"position\":1,\"name\":\"Home\",\"item\":\"https:\/\/www.karinibutiik.ee\/\"},{\"@type\":\"ListItem\",\"position\":2,\"name\":\"Pood\",\"item\":\"https:\/\/www.karinibutiik.ee\/pood\/\"},{\"@type\":\"ListItem\",\"position\":3,\"name\":\"L\u00d5HIKUGA MAKSIKLEIT\"}]},{\"@type\":\"WebSite\",\"@id\":\"https:\/\/www.karinibutiik.ee\/#website\",\"url\":\"https:\/\/www.karinibutiik.ee\/\",\"name\":\"Karini Butiik\",\"description\":\"\",\"publisher\":{\"@id\":\"https:\/\/www.karinibutiik.ee\/#organization\"},\"potentialAction\":[{\"@type\":\"SearchAction\",\"target\":{\"@type\":\"EntryPoint\",\"urlTemplate\":\"https:\/\/www.karinibutiik.ee\/?s={search_term_string}\"},\"query-input\":{\"@type\":\"PropertyValueSpecification\",\"valueRequired\":true,\"valueName\":\"search_term_string\"}}],\"inLanguage\":\"ru-RU\"},{\"@type\":\"Organization\",\"@id\":\"https:\/\/www.karinibutiik.ee\/#organization\",\"name\":\"Karini Butiik\",\"url\":\"https:\/\/www.karinibutiik.ee\/\",\"logo\":{\"@type\":\"ImageObject\",\"inLanguage\":\"ru-RU\",\"@id\":\"https:\/\/www.karinibutiik.ee\/#\/schema\/logo\/image\/\",\"url\":\"https:\/\/www.karinibutiik.ee\/wp-content\/uploads\/2024\/10\/Kuj.-K-koopia.png\",\"contentUrl\":\"https:\/\/www.karinibutiik.ee\/wp-content\/uploads\/2024\/10\/Kuj.-K-koopia.png\",\"width\":500,\"height\":500,\"caption\":\"Karini Butiik\"},\"image\":{\"@id\":\"https:\/\/www.karinibutiik.ee\/#\/schema\/logo\/image\/\"},\"sameAs\":[\"https:\/\/www.facebook.com\/karinibutiik.ee\",\"https:\/\/www.instagram.com\/karinibutiik\"]}]}<\/script>\n<meta property=\"og:availability\" content=\"out of stock\" \/>\n<meta property=\"product:availability\" content=\"out of stock\" \/>\n<meta property=\"product:retailer_item_id\" content=\"0632\" \/>\n<meta property=\"product:condition\" content=\"new\" \/>\n<!-- \/ Yoast SEO plugin. -->","yoast_head_json":{"title":"\u0418\u0437\u0433\u043e\u0442\u043e\u0432\u043b\u0435\u043d\u0438\u0435 \u043c\u0430\u043a\u0435\u0442\u043e\u0432 \u0441 \u0434\u043b\u0438\u043d\u043e\u0439 - \u041a\u0430\u0440\u0438\u043d\u0438 \u0411\u0443\u0442\u0438\u043a","description":"Turn heads in this enchanting red maxi dress with a touch of sparkle. Designed to enhance your figure and add a luxurious touch, it's perfect for weddings and special events. Feel elegant and confident in this dress!","robots":{"index":"index","follow":"follow","max-snippet":"max-snippet:-1","max-image-preview":"max-image-preview:large","max-video-preview":"max-video-preview:-1"},"canonical":"https:\/\/www.karinibutiik.ee\/ru\/\u043f\u0440\u043e\u0434\u0443\u043a\u0442\/\u043f\u0435\u0447\u0435\u043d\u043e\u0447\u043d\u043e\u0435-\u043f\u043b\u0430\u0442\u044c\u0435-\u0441-\u0440\u0430\u0437\u0440\u0435\u0437\u043e\u043c\/","og_locale":"ru_RU","og_type":"article","og_title":"L\u00d5HIKUGA MAKSIKLEIT - Karini Butiik","og_description":"Turn heads in this enchanting red maxi dress with a touch of sparkle. Designed to enhance your figure and add a luxurious touch, it's perfect for weddings and special events. Feel elegant and confident in this dress!","og_url":"https:\/\/www.karinibutiik.ee\/ru\/\u043f\u0440\u043e\u0434\u0443\u043a\u0442\/\u043f\u0435\u0447\u0435\u043d\u043e\u0447\u043d\u043e\u0435-\u043f\u043b\u0430\u0442\u044c\u0435-\u0441-\u0440\u0430\u0437\u0440\u0435\u0437\u043e\u043c\/","og_site_name":"Karini Butiik","article_publisher":"https:\/\/www.facebook.com\/karinibutiik.ee","article_modified_time":"2025-06-30T21:58:53+00:00","og_image":[{"width":767,"height":965,"url":"https:\/\/www.karinibutiik.ee\/wp-content\/uploads\/2024\/09\/121553926_3208347825950964_5563614233620733138_o-1-e1726470167923.jpg","type":"image\/jpeg"}],"twitter_card":"summary_large_image","twitter_misc":{"\u0414\u043e\u0441\u0442\u0443\u043f\u043d\u043e\u0441\u0442\u044c":"\u0420\u0430\u0441\u043f\u0440\u043e\u0434\u0430\u043d\u043e"},"schema":{"@context":"https:\/\/schema.org","@graph":[{"@type":"WebPage","@id":"https:\/\/www.karinibutiik.ee\/toode\/lohikuga-maksikleit\/","url":"https:\/\/www.karinibutiik.ee\/toode\/lohikuga-maksikleit\/","name":"\u0418\u0437\u0433\u043e\u0442\u043e\u0432\u043b\u0435\u043d\u0438\u0435 \u043c\u0430\u043a\u0435\u0442\u043e\u0432 \u0441 \u0434\u043b\u0438\u043d\u043e\u0439 - \u041a\u0430\u0440\u0438\u043d\u0438 \u0411\u0443\u0442\u0438\u043a","isPartOf":{"@id":"https:\/\/www.karinibutiik.ee\/#website"},"primaryImageOfPage":{"@id":"https:\/\/www.karinibutiik.ee\/toode\/lohikuga-maksikleit\/#primaryimage"},"image":{"@id":"https:\/\/www.karinibutiik.ee\/toode\/lohikuga-maksikleit\/#primaryimage"},"thumbnailUrl":"https:\/\/www.karinibutiik.ee\/wp-content\/uploads\/2024\/09\/121553926_3208347825950964_5563614233620733138_o-1-e1726470167923.jpg","datePublished":"2024-05-03T07:40:55+00:00","dateModified":"2025-06-30T21:58:53+00:00","description":"Turn heads in this enchanting red maxi dress with a touch of sparkle. Designed to enhance your figure and add a luxurious touch, it's perfect for weddings and special events. Feel elegant and confident in this dress!","breadcrumb":{"@id":"https:\/\/www.karinibutiik.ee\/toode\/lohikuga-maksikleit\/#breadcrumb"},"inLanguage":"ru-RU","potentialAction":[{"@type":"ReadAction","target":["https:\/\/www.karinibutiik.ee\/toode\/lohikuga-maksikleit\/"]}]},{"@type":"ImageObject","inLanguage":"ru-RU","@id":"https:\/\/www.karinibutiik.ee\/toode\/lohikuga-maksikleit\/#primaryimage","url":"https:\/\/www.karinibutiik.ee\/wp-content\/uploads\/2024\/09\/121553926_3208347825950964_5563614233620733138_o-1-e1726470167923.jpg","contentUrl":"https:\/\/www.karinibutiik.ee\/wp-content\/uploads\/2024\/09\/121553926_3208347825950964_5563614233620733138_o-1-e1726470167923.jpg","width":767,"height":965},{"@type":"BreadcrumbList","@id":"https:\/\/www.karinibutiik.ee\/toode\/lohikuga-maksikleit\/#breadcrumb","itemListElement":[{"@type":"ListItem","position":1,"name":"Home","item":"https:\/\/www.karinibutiik.ee\/"},{"@type":"ListItem","position":2,"name":"Pood","item":"https:\/\/www.karinibutiik.ee\/pood\/"},{"@type":"ListItem","position":3,"name":"L\u00d5HIKUGA MAKSIKLEIT"}]},{"@type":"WebSite","@id":"https:\/\/www.karinibutiik.ee\/#website","url":"https:\/\/www.karinibutiik.ee\/","name":"\u041a\u0430\u0440\u0438\u043d\u0438 \u0411\u0443\u0442\u0438\u043a","description":"","publisher":{"@id":"https:\/\/www.karinibutiik.ee\/#organization"},"potentialAction":[{"@type":"SearchAction","target":{"@type":"EntryPoint","urlTemplate":"https:\/\/www.karinibutiik.ee\/?s={search_term_string}"},"query-input":{"@type":"PropertyValueSpecification","valueRequired":true,"valueName":"search_term_string"}}],"inLanguage":"ru-RU"},{"@type":"Organization","@id":"https:\/\/www.karinibutiik.ee\/#organization","name":"\u041a\u0430\u0440\u0438\u043d\u0438 \u0411\u0443\u0442\u0438\u043a","url":"https:\/\/www.karinibutiik.ee\/","logo":{"@type":"ImageObject","inLanguage":"ru-RU","@id":"https:\/\/www.karinibutiik.ee\/#\/schema\/logo\/image\/","url":"https:\/\/www.karinibutiik.ee\/wp-content\/uploads\/2024\/10\/Kuj.-K-koopia.png","contentUrl":"https:\/\/www.karinibutiik.ee\/wp-content\/uploads\/2024\/10\/Kuj.-K-koopia.png","width":500,"height":500,"caption":"Karini Butiik"},"image":{"@id":"https:\/\/www.karinibutiik.ee\/#\/schema\/logo\/image\/"},"sameAs":["https:\/\/www.facebook.com\/karinibutiik.ee","https:\/\/www.instagram.com\/karinibutiik"]}]},"og_availability":"out of stock","product_availability":"out of stock","product_retailer_item_id":"0632","product_condition":"new"},"_links":{"self":[{"href":"https:\/\/www.karinibutiik.ee\/ru\/wp-json\/wp\/v2\/product\/10573","targetHints":{"allow":["GET"]}}],"collection":[{"href":"https:\/\/www.karinibutiik.ee\/ru\/wp-json\/wp\/v2\/product"}],"about":[{"href":"https:\/\/www.karinibutiik.ee\/ru\/wp-json\/wp\/v2\/types\/product"}],"version-history":[{"count":3,"href":"https:\/\/www.karinibutiik.ee\/ru\/wp-json\/wp\/v2\/product\/10573\/revisions"}],"predecessor-version":[{"id":18966,"href":"https:\/\/www.karinibutiik.ee\/ru\/wp-json\/wp\/v2\/product\/10573\/revisions\/18966"}],"wp:featuredmedia":[{"embeddable":true,"href":"https:\/\/www.karinibutiik.ee\/ru\/wp-json\/wp\/v2\/media\/18961"}],"wp:attachment":[{"href":"https:\/\/www.karinibutiik.ee\/ru\/wp-json\/wp\/v2\/media?parent=10573"}],"wp:term":[{"taxonomy":"product_brand","embeddable":true,"href":"https:\/\/www.karinibutiik.ee\/ru\/wp-json\/wp\/v2\/product_brand?post=10573"},{"taxonomy":"product_cat","embeddable":true,"href":"https:\/\/www.karinibutiik.ee\/ru\/wp-json\/wp\/v2\/product_cat?post=10573"},{"taxonomy":"product_tag","embeddable":true,"href":"https:\/\/www.karinibutiik.ee\/ru\/wp-json\/wp\/v2\/product_tag?post=10573"}],"curies":[{"name":"wp","href":"https:\/\/api.w.org\/{rel}","templated":true}]}}