{"id":15317,"date":"2024-11-10T09:18:12","date_gmt":"2024-11-10T09:18:12","guid":{"rendered":"https:\/\/www.karinibutiik.ee\/?post_type=product&#038;p=15317"},"modified":"2026-03-07T16:13:15","modified_gmt":"2026-03-07T14:13:15","slug":"%d1%85%d0%bb%d0%be%d0%bf%d0%ba%d0%be%d0%b2%d0%be%d0%b5-%d0%bf%d1%80%d0%b0%d0%b7%d0%b4%d0%bd%d0%b8%d1%87%d0%bd%d0%be%d0%b5-%d0%bf%d0%bb%d0%b0%d1%82%d1%8c%d0%b5-%d0%b8%d0%b7-%d0%bf%d0%b5%d1%87%d0%b5","status":"publish","type":"product","link":"https:\/\/www.karinibutiik.ee\/ru\/%d0%bf%d1%80%d0%be%d0%b4%d1%83%d0%ba%d1%82\/%d1%85%d0%bb%d0%be%d0%bf%d0%ba%d0%be%d0%b2%d0%be%d0%b5-%d0%bf%d1%80%d0%b0%d0%b7%d0%b4%d0%bd%d0%b8%d1%87%d0%bd%d0%be%d0%b5-%d0%bf%d0%bb%d0%b0%d1%82%d1%8c%d0%b5-%d0%b8%d0%b7-%d0%bf%d0%b5%d1%87%d0%b5\/","title":{"rendered":"\u041f\u0420\u0410\u0417\u0414\u041d\u0418\u0427\u041d\u041e\u0415 \u041f\u041b\u0410\u0422\u042c\u0415 \u0414\u041b\u042f \u041e\u0422\u0414\u042b\u0425\u0410 \u0418\u0417 \u0422\u042e\u041b\u0415\u0412\u041e\u0419 \u0422\u041a\u0410\u041d\u0418"},"content":{"rendered":"<p><strong>\u0423\u043d\u0438\u043a\u0430\u043b\u044c\u043d\u044b\u0439 \u0438 \u044d\u043b\u0435\u0433\u0430\u043d\u0442\u043d\u044b\u0439 \u0432\u044b\u0431\u043e\u0440 \u0434\u043b\u044f \u043b\u044e\u0431\u043e\u0433\u043e \u043e\u0441\u043e\u0431\u043e\u0433\u043e \u0441\u043b\u0443\u0447\u0430\u044f<\/strong><\/p>\n<p>\u041f\u0440\u0435\u0434\u0441\u0442\u0430\u0432\u043b\u044f\u0435\u043c \u0432\u0430\u043c \u043d\u0430\u0448\u0435 \u0442\u044e\u043b\u0435\u0432\u043e\u0435 \u0444\u043e\u0440\u043c\u0430\u043b\u044c\u043d\u043e\u0435 \u043f\u043b\u0430\u0442\u044c\u0435 \u043c\u0430\u043a\u0441\u0438, \u043f\u0440\u0438\u0437\u0432\u0430\u043d\u043d\u043e\u0435 \u043f\u043e\u0434\u0447\u0435\u0440\u043a\u043d\u0443\u0442\u044c \u0432\u0430\u0448\u0443 \u043a\u0440\u0430\u0441\u043e\u0442\u0443 \u0438 \u044d\u043b\u0435\u0433\u0430\u043d\u0442\u043d\u043e\u0441\u0442\u044c \u043d\u0430 \u043b\u044e\u0431\u043e\u043c \u0432\u0430\u0436\u043d\u043e\u043c \u043c\u0435\u0440\u043e\u043f\u0440\u0438\u044f\u0442\u0438\u0438. \u042d\u0442\u043e \u043f\u043b\u0430\u0442\u044c\u0435 - \u0438\u0434\u0435\u0430\u043b\u044c\u043d\u044b\u0439 \u0432\u044b\u0431\u043e\u0440 \u0434\u043b\u044f \u0441\u0432\u0430\u0434\u0435\u0431, \u0432\u044b\u043f\u0443\u0441\u043a\u043d\u044b\u0445 \u0438 \u0442\u043e\u0440\u0436\u0435\u0441\u0442\u0432\u0435\u043d\u043d\u044b\u0445 \u0432\u0435\u0447\u0435\u0440\u043e\u0432, \u043f\u0440\u0435\u0434\u043b\u0430\u0433\u0430\u044f \u0440\u043e\u0441\u043a\u043e\u0448\u043d\u044b\u0439 \u0432\u0438\u0434 \u0438 \u043a\u043e\u043c\u0444\u043e\u0440\u0442.<\/p>\n<p>\u041e\u0441\u043d\u043e\u0432\u043d\u044b\u0435 \u0445\u0430\u0440\u0430\u043a\u0442\u0435\u0440\u0438\u0441\u0442\u0438\u043a\u0438:<\/p>\n<ul>\n<li><strong>\u041c\u0430\u0442\u0435\u0440\u0438\u0430\u043b \u0438\u0437<\/strong>: \u041b\u0435\u0433\u043a\u0430\u044f \u0438 \u0432\u043e\u0437\u0434\u0443\u0448\u043d\u0430\u044f \u0442\u044e\u043b\u0435\u0432\u0430\u044f \u0442\u043a\u0430\u043d\u044c, \u0441\u043e\u0437\u0434\u0430\u044e\u0449\u0430\u044f \u043c\u0435\u0447\u0442\u0430\u0442\u0435\u043b\u044c\u043d\u044b\u0439 \u0438 \u0440\u043e\u043c\u0430\u043d\u0442\u0438\u0447\u043d\u044b\u0439 \u043e\u0431\u0440\u0430\u0437.<\/li>\n<li><strong>\u0414\u0438\u0437\u0430\u0439\u043d<\/strong>\u0421\u0442\u0440\u0443\u044f\u0449\u0430\u044f\u0441\u044f \u0434\u043b\u0438\u043d\u0430 \u043f\u0440\u0438\u0434\u0430\u0435\u0442 \u0438\u0437\u044f\u0449\u0435\u0441\u0442\u0432\u043e \u0438 \u044d\u043b\u0435\u0433\u0430\u043d\u0442\u043d\u043e\u0441\u0442\u044c \u043a\u0430\u0436\u0434\u043e\u043c\u0443 \u0448\u0430\u0433\u0443. \u041f\u0440\u0438\u0432\u043b\u0435\u043a\u0430\u0442\u0435\u043b\u044c\u043d\u044b\u0435 \u0443\u043a\u0440\u0430\u0448\u0435\u043d\u0438\u044f \u043d\u0430 \u043f\u043b\u0435\u0447\u0430\u0445.<\/li>\n<li><strong>\u041f\u0440\u0438\u0433\u043e\u0434\u043d\u043e\u0441\u0442\u044c<\/strong>: \u0412\u044b\u043f\u0443\u0441\u043a\u0430\u0435\u0442\u0441\u044f \u0432 \u0440\u0430\u0437\u043d\u044b\u0445 \u0440\u0430\u0437\u043c\u0435\u0440\u0430\u0445, \u0447\u0442\u043e\u0431\u044b \u043e\u0431\u0435\u0441\u043f\u0435\u0447\u0438\u0442\u044c \u0438\u0434\u0435\u0430\u043b\u044c\u043d\u0443\u044e \u043f\u043e\u0441\u0430\u0434\u043a\u0443 \u0434\u043b\u044f \u043b\u044e\u0431\u043e\u0433\u043e \u0442\u0438\u043f\u0430 \u0444\u0438\u0433\u0443\u0440\u044b.<\/li>\n<li><strong>\u0412\u0430\u0440\u0438\u0430\u043d\u0442\u044b \u0446\u0432\u0435\u0442\u0430<\/strong>: \u0428\u0438\u0440\u043e\u043a\u0430\u044f \u0446\u0432\u0435\u0442\u043e\u0432\u0430\u044f \u0433\u0430\u043c\u043c\u0430 \u043f\u043e\u0437\u0432\u043e\u043b\u0438\u0442 \u043d\u0430\u0439\u0442\u0438 \u0438\u043c\u0435\u043d\u043d\u043e \u0442\u043e\u0442 \u043e\u0442\u0442\u0435\u043d\u043e\u043a, \u043a\u043e\u0442\u043e\u0440\u044b\u0439 \u0441\u043e\u043e\u0442\u0432\u0435\u0442\u0441\u0442\u0432\u0443\u0435\u0442 \u0432\u0430\u0448\u0435\u043c\u0443 \u0432\u043a\u0443\u0441\u0443 \u0438 \u0442\u0435\u043c\u0430\u0442\u0438\u043a\u0435 \u043c\u0435\u0440\u043e\u043f\u0440\u0438\u044f\u0442\u0438\u044f.<\/li>\n<\/ul>","protected":false},"excerpt":{"rendered":"<p>Unikaalne ja elegantne valik iga erilise s\u00fcndmuse jaoks Tutvustame meie t\u00fcllkangast pidulikku maksikleiti, mis on loodud r\u00f5hutama sinu ilu ja [&hellip;]<\/p>\n","protected":false},"featured_media":15327,"template":"","meta":{"site-sidebar-layout":"default","site-content-layout":"","ast-site-content-layout":"default","site-content-style":"default","site-sidebar-style":"default","ast-global-header-display":"","ast-banner-title-visibility":"","ast-main-header-display":"","ast-hfb-above-header-display":"","ast-hfb-below-header-display":"","ast-hfb-mobile-header-display":"","site-post-title":"","ast-breadcrumbs-content":"","ast-featured-img":"","footer-sml-layout":"","ast-disable-related-posts":"","theme-transparent-header-meta":"default","adv-header-id-meta":"","stick-header-meta":"default","header-above-stick-meta":"","header-main-stick-meta":"","header-below-stick-meta":"","astra-migrate-meta-layouts":"set","ast-page-background-enabled":"default","ast-page-background-meta":{"desktop":{"background-color":"var(--ast-global-color-4)","background-image":"","background-repeat":"repeat","background-position":"center center","background-size":"auto","background-attachment":"scroll","background-type":"","background-media":"","overlay-type":"","overlay-color":"","overlay-opacity":"","overlay-gradient":""},"tablet":{"background-color":"","background-image":"","background-repeat":"repeat","background-position":"center center","background-size":"auto","background-attachment":"scroll","background-type":"","background-media":"","overlay-type":"","overlay-color":"","overlay-opacity":"","overlay-gradient":""},"mobile":{"background-color":"","background-image":"","background-repeat":"repeat","background-position":"center center","background-size":"auto","background-attachment":"scroll","background-type":"","background-media":"","overlay-type":"","overlay-color":"","overlay-opacity":"","overlay-gradient":""}},"ast-content-background-meta":{"desktop":{"background-color":"var(--ast-global-color-5)","background-image":"","background-repeat":"repeat","background-position":"center center","background-size":"auto","background-attachment":"scroll","background-type":"","background-media":"","overlay-type":"","overlay-color":"","overlay-opacity":"","overlay-gradient":""},"tablet":{"background-color":"var(--ast-global-color-5)","background-image":"","background-repeat":"repeat","background-position":"center center","background-size":"auto","background-attachment":"scroll","background-type":"","background-media":"","overlay-type":"","overlay-color":"","overlay-opacity":"","overlay-gradient":""},"mobile":{"background-color":"var(--ast-global-color-5)","background-image":"","background-repeat":"repeat","background-position":"center center","background-size":"auto","background-attachment":"scroll","background-type":"","background-media":"","overlay-type":"","overlay-color":"","overlay-opacity":"","overlay-gradient":""}}},"product_brand":[],"product_cat":[347,348,357,346,350,380],"product_tag":[250,488,248,476,501,477,485,91,90,486,92,495],"class_list":{"0":"post-15317","1":"product","2":"type-product","3":"status-publish","4":"has-post-thumbnail","6":"product_cat-kleidid","7":"product_cat-lopukleidid","8":"product_cat-maksikleidid","9":"product_cat-naised","10":"product_cat-pulmakleidid-pruutneitside-kleidid","11":"product_cat-tullkleidid","12":"product_tag-ametlik-sundmus","13":"product_tag-ballikleit","14":"product_tag-elegants","15":"product_tag-getdressed","16":"product_tag-karini-butiik","17":"product_tag-kleidibutiik","18":"product_tag-kleidipood","19":"product_tag-koolilopukleit","20":"product_tag-lopukleit","21":"product_tag-maksikleidid","22":"product_tag-pidulikud-kleidid","23":"product_tag-tullkleit","24":"desktop-align-center","25":"tablet-align-center","26":"mobile-align-center","27":"ast-product-gallery-layout-horizontal-slider","28":"ast-product-single-variable","29":"ast-product-tabs-layout-horizontal","31":"first","32":"instock","33":"taxable","34":"shipping-taxable","35":"purchasable","36":"product-type-variable"},"supplier_id":null,"supplier_sku":"","barcode":null,"atum_controlled":true,"out_stock_date":null,"out_stock_threshold":null,"inheritable":true,"inbound_stock":0,"stock_on_hold":0,"sold_today":0,"sales_last_days":0,"reserved_stock":0,"customer_returns":0,"warehouse_damage":0,"lost_in_post":0,"other_logs":0,"out_stock_days":0,"lost_sales":0,"has_location":false,"update_date":"2025-12-02T01:20:05","atum_locations":[],"atum_stock_status":"instock","restock_status":false,"low_stock_amount":"","sales_update_date":"2025-12-02T01:20:05","calc_backorders":null,"yoast_head":"<!-- This site is optimized with the Yoast SEO plugin v26.9 - https:\/\/yoast.com\/product\/yoast-seo-wordpress\/ -->\n<title>T\u00dcLLKANGAST PIDULIK MAKSIKLEIT - Karini Butiik<\/title>\n<meta name=\"description\" content=\"Kas otsite unikaalset ja elegantset kleiti? Tutvustame meie t\u00fcllkangast pidulikku maksikleiti, mis lisab teie v\u00e4limusele luksust ja mugavust. Saage endale t\u00e4na kleit, mis r\u00f5hutab teie ilu!\" \/>\n<meta name=\"robots\" content=\"index, follow, max-snippet:-1, max-image-preview:large, max-video-preview:-1\" \/>\n<link rel=\"canonical\" href=\"https:\/\/www.karinibutiik.ee\/ru\/\u043f\u0440\u043e\u0434\u0443\u043a\u0442\/\u0445\u043b\u043e\u043f\u043a\u043e\u0432\u043e\u0435-\u043f\u0440\u0430\u0437\u0434\u043d\u0438\u0447\u043d\u043e\u0435-\u043f\u043b\u0430\u0442\u044c\u0435-\u0438\u0437-\u043f\u0435\u0447\u0435\/\" \/>\n<meta property=\"og:locale\" content=\"ru_RU\" \/>\n<meta property=\"og:type\" content=\"article\" \/>\n<meta property=\"og:title\" content=\"T\u00dcLLKANGAST PIDULIK MAKSIKLEIT - Karini Butiik\" \/>\n<meta property=\"og:description\" content=\"Kas otsite unikaalset ja elegantset kleiti? Tutvustame meie t\u00fcllkangast pidulikku maksikleiti, mis lisab teie v\u00e4limusele luksust ja mugavust. Saage endale t\u00e4na kleit, mis r\u00f5hutab teie ilu!\" \/>\n<meta property=\"og:url\" content=\"https:\/\/www.karinibutiik.ee\/ru\/\u043f\u0440\u043e\u0434\u0443\u043a\u0442\/\u0445\u043b\u043e\u043f\u043a\u043e\u0432\u043e\u0435-\u043f\u0440\u0430\u0437\u0434\u043d\u0438\u0447\u043d\u043e\u0435-\u043f\u043b\u0430\u0442\u044c\u0435-\u0438\u0437-\u043f\u0435\u0447\u0435\/\" \/>\n<meta property=\"og:site_name\" content=\"Karini Butiik\" \/>\n<meta property=\"article:publisher\" content=\"https:\/\/www.facebook.com\/karinibutiik.ee\" \/>\n<meta property=\"article:modified_time\" content=\"2026-03-07T14:13:15+00:00\" \/>\n<meta property=\"og:image\" content=\"https:\/\/www.karinibutiik.ee\/wp-content\/uploads\/2024\/06\/240604_Karini_Butiik_Erlend_Staub_28-scaled.jpg\" \/>\n\t<meta property=\"og:image:width\" content=\"2048\" \/>\n\t<meta property=\"og:image:height\" content=\"2560\" \/>\n\t<meta property=\"og:image:type\" content=\"image\/jpeg\" \/>\n<meta name=\"twitter:card\" content=\"summary_large_image\" \/>\n<meta name=\"twitter:label1\" content=\"\u0414\u043e\u0441\u0442\u0443\u043f\u043d\u043e\u0441\u0442\u044c\" \/>\n\t<meta name=\"twitter:data1\" content=\"\u0412 \u043d\u0430\u043b\u0438\u0447\u0438\u0438\" \/>\n<script type=\"application\/ld+json\" class=\"yoast-schema-graph\">{\"@context\":\"https:\/\/schema.org\",\"@graph\":[{\"@type\":\"WebPage\",\"@id\":\"https:\/\/www.karinibutiik.ee\/toode\/tullkangast-pidulik-maksikleit-2\/\",\"url\":\"https:\/\/www.karinibutiik.ee\/toode\/tullkangast-pidulik-maksikleit-2\/\",\"name\":\"T\u00dcLLKANGAST PIDULIK MAKSIKLEIT - Karini Butiik\",\"isPartOf\":{\"@id\":\"https:\/\/www.karinibutiik.ee\/#website\"},\"primaryImageOfPage\":{\"@id\":\"https:\/\/www.karinibutiik.ee\/toode\/tullkangast-pidulik-maksikleit-2\/#primaryimage\"},\"image\":{\"@id\":\"https:\/\/www.karinibutiik.ee\/toode\/tullkangast-pidulik-maksikleit-2\/#primaryimage\"},\"thumbnailUrl\":\"https:\/\/www.karinibutiik.ee\/wp-content\/uploads\/2024\/06\/240604_Karini_Butiik_Erlend_Staub_28-scaled.jpg\",\"datePublished\":\"2024-11-10T09:18:12+00:00\",\"dateModified\":\"2026-03-07T14:13:15+00:00\",\"description\":\"Kas otsite unikaalset ja elegantset kleiti? Tutvustame meie t\u00fcllkangast pidulikku maksikleiti, mis lisab teie v\u00e4limusele luksust ja mugavust. Saage endale t\u00e4na kleit, mis r\u00f5hutab teie ilu!\",\"breadcrumb\":{\"@id\":\"https:\/\/www.karinibutiik.ee\/toode\/tullkangast-pidulik-maksikleit-2\/#breadcrumb\"},\"inLanguage\":\"ru-RU\",\"potentialAction\":[{\"@type\":\"ReadAction\",\"target\":[\"https:\/\/www.karinibutiik.ee\/toode\/tullkangast-pidulik-maksikleit-2\/\"]}]},{\"@type\":\"ImageObject\",\"inLanguage\":\"ru-RU\",\"@id\":\"https:\/\/www.karinibutiik.ee\/toode\/tullkangast-pidulik-maksikleit-2\/#primaryimage\",\"url\":\"https:\/\/www.karinibutiik.ee\/wp-content\/uploads\/2024\/06\/240604_Karini_Butiik_Erlend_Staub_28-scaled.jpg\",\"contentUrl\":\"https:\/\/www.karinibutiik.ee\/wp-content\/uploads\/2024\/06\/240604_Karini_Butiik_Erlend_Staub_28-scaled.jpg\",\"width\":2048,\"height\":2560},{\"@type\":\"BreadcrumbList\",\"@id\":\"https:\/\/www.karinibutiik.ee\/toode\/tullkangast-pidulik-maksikleit-2\/#breadcrumb\",\"itemListElement\":[{\"@type\":\"ListItem\",\"position\":1,\"name\":\"Home\",\"item\":\"https:\/\/www.karinibutiik.ee\/\"},{\"@type\":\"ListItem\",\"position\":2,\"name\":\"Pood\",\"item\":\"https:\/\/www.karinibutiik.ee\/pood\/\"},{\"@type\":\"ListItem\",\"position\":3,\"name\":\"T\u00dcLLKANGAST PIDULIK MAKSIKLEIT\"}]},{\"@type\":\"WebSite\",\"@id\":\"https:\/\/www.karinibutiik.ee\/#website\",\"url\":\"https:\/\/www.karinibutiik.ee\/\",\"name\":\"Karini Butiik\",\"description\":\"\",\"publisher\":{\"@id\":\"https:\/\/www.karinibutiik.ee\/#organization\"},\"potentialAction\":[{\"@type\":\"SearchAction\",\"target\":{\"@type\":\"EntryPoint\",\"urlTemplate\":\"https:\/\/www.karinibutiik.ee\/?s={search_term_string}\"},\"query-input\":{\"@type\":\"PropertyValueSpecification\",\"valueRequired\":true,\"valueName\":\"search_term_string\"}}],\"inLanguage\":\"ru-RU\"},{\"@type\":\"Organization\",\"@id\":\"https:\/\/www.karinibutiik.ee\/#organization\",\"name\":\"Karini Butiik\",\"url\":\"https:\/\/www.karinibutiik.ee\/\",\"logo\":{\"@type\":\"ImageObject\",\"inLanguage\":\"ru-RU\",\"@id\":\"https:\/\/www.karinibutiik.ee\/#\/schema\/logo\/image\/\",\"url\":\"https:\/\/www.karinibutiik.ee\/wp-content\/uploads\/2024\/10\/Kuj.-K-koopia.png\",\"contentUrl\":\"https:\/\/www.karinibutiik.ee\/wp-content\/uploads\/2024\/10\/Kuj.-K-koopia.png\",\"width\":500,\"height\":500,\"caption\":\"Karini Butiik\"},\"image\":{\"@id\":\"https:\/\/www.karinibutiik.ee\/#\/schema\/logo\/image\/\"},\"sameAs\":[\"https:\/\/www.facebook.com\/karinibutiik.ee\",\"https:\/\/www.instagram.com\/karinibutiik\"]}]}<\/script>\n<meta property=\"og:availability\" content=\"instock\" \/>\n<meta property=\"product:availability\" content=\"instock\" \/>\n<meta property=\"product:retailer_item_id\" content=\"99997\" \/>\n<meta property=\"product:condition\" content=\"new\" \/>\n<!-- \/ Yoast SEO plugin. -->","yoast_head_json":{"title":"\u041c\u0410\u041a\u0421\u0418\u041a\u041b\u0415\u0419\u0422 \u0414\u041b\u0418\u041d\u041d\u041e\u0413\u041e \u0412\u0420\u0415\u041c\u0415\u041d\u0418 - \u041a\u0430\u0440\u0438\u043d\u0438 \u0411\u0443\u0442\u0438\u043a","description":"\u0418\u0449\u0435\u0442\u0435 \u0443\u043d\u0438\u043a\u0430\u043b\u044c\u043d\u043e\u0435 \u0438 \u044d\u043b\u0435\u0433\u0430\u043d\u0442\u043d\u043e\u0435 \u043f\u043b\u0430\u0442\u044c\u0435? \u041f\u0440\u0435\u0434\u0441\u0442\u0430\u0432\u043b\u044f\u0435\u043c \u0432\u0430\u043c \u043f\u0440\u0430\u0437\u0434\u043d\u0438\u0447\u043d\u043e\u0435 \u043c\u0430\u043a\u0441\u0438-\u043f\u043b\u0430\u0442\u044c\u0435 \u0438\u0437 \u0442\u044e\u043b\u044f, \u043a\u043e\u0442\u043e\u0440\u043e\u0435 \u0434\u043e\u0431\u0430\u0432\u0438\u0442 \u0440\u043e\u0441\u043a\u043e\u0448\u0438 \u0438 \u043a\u043e\u043c\u0444\u043e\u0440\u0442\u0430 \u0432 \u0432\u0430\u0448 \u043e\u0431\u0440\u0430\u0437. \u041f\u0440\u0438\u043e\u0431\u0440\u0435\u0442\u0438\u0442\u0435 \u0441\u0435\u0431\u0435 \u0441\u0435\u0433\u043e\u0434\u043d\u044f \u043f\u043b\u0430\u0442\u044c\u0435, \u043a\u043e\u0442\u043e\u0440\u043e\u0435 \u043f\u043e\u0434\u0447\u0435\u0440\u043a\u043d\u0435\u0442 \u0432\u0430\u0448\u0443 \u043a\u0440\u0430\u0441\u043e\u0442\u0443!","robots":{"index":"index","follow":"follow","max-snippet":"max-snippet:-1","max-image-preview":"max-image-preview:large","max-video-preview":"max-video-preview:-1"},"canonical":"https:\/\/www.karinibutiik.ee\/ru\/\u043f\u0440\u043e\u0434\u0443\u043a\u0442\/\u0445\u043b\u043e\u043f\u043a\u043e\u0432\u043e\u0435-\u043f\u0440\u0430\u0437\u0434\u043d\u0438\u0447\u043d\u043e\u0435-\u043f\u043b\u0430\u0442\u044c\u0435-\u0438\u0437-\u043f\u0435\u0447\u0435\/","og_locale":"ru_RU","og_type":"article","og_title":"T\u00dcLLKANGAST PIDULIK MAKSIKLEIT - Karini Butiik","og_description":"Kas otsite unikaalset ja elegantset kleiti? Tutvustame meie t\u00fcllkangast pidulikku maksikleiti, mis lisab teie v\u00e4limusele luksust ja mugavust. Saage endale t\u00e4na kleit, mis r\u00f5hutab teie ilu!","og_url":"https:\/\/www.karinibutiik.ee\/ru\/\u043f\u0440\u043e\u0434\u0443\u043a\u0442\/\u0445\u043b\u043e\u043f\u043a\u043e\u0432\u043e\u0435-\u043f\u0440\u0430\u0437\u0434\u043d\u0438\u0447\u043d\u043e\u0435-\u043f\u043b\u0430\u0442\u044c\u0435-\u0438\u0437-\u043f\u0435\u0447\u0435\/","og_site_name":"Karini Butiik","article_publisher":"https:\/\/www.facebook.com\/karinibutiik.ee","article_modified_time":"2026-03-07T14:13:15+00:00","og_image":[{"width":2048,"height":2560,"url":"https:\/\/www.karinibutiik.ee\/wp-content\/uploads\/2024\/06\/240604_Karini_Butiik_Erlend_Staub_28-scaled.jpg","type":"image\/jpeg"}],"twitter_card":"summary_large_image","twitter_misc":{"\u0414\u043e\u0441\u0442\u0443\u043f\u043d\u043e\u0441\u0442\u044c":"\u0412 \u043d\u0430\u043b\u0438\u0447\u0438\u0438"},"schema":{"@context":"https:\/\/schema.org","@graph":[{"@type":"WebPage","@id":"https:\/\/www.karinibutiik.ee\/toode\/tullkangast-pidulik-maksikleit-2\/","url":"https:\/\/www.karinibutiik.ee\/toode\/tullkangast-pidulik-maksikleit-2\/","name":"\u041c\u0410\u041a\u0421\u0418\u041a\u041b\u0415\u0419\u0422 \u0414\u041b\u0418\u041d\u041d\u041e\u0413\u041e \u0412\u0420\u0415\u041c\u0415\u041d\u0418 - \u041a\u0430\u0440\u0438\u043d\u0438 \u0411\u0443\u0442\u0438\u043a","isPartOf":{"@id":"https:\/\/www.karinibutiik.ee\/#website"},"primaryImageOfPage":{"@id":"https:\/\/www.karinibutiik.ee\/toode\/tullkangast-pidulik-maksikleit-2\/#primaryimage"},"image":{"@id":"https:\/\/www.karinibutiik.ee\/toode\/tullkangast-pidulik-maksikleit-2\/#primaryimage"},"thumbnailUrl":"https:\/\/www.karinibutiik.ee\/wp-content\/uploads\/2024\/06\/240604_Karini_Butiik_Erlend_Staub_28-scaled.jpg","datePublished":"2024-11-10T09:18:12+00:00","dateModified":"2026-03-07T14:13:15+00:00","description":"\u0418\u0449\u0435\u0442\u0435 \u0443\u043d\u0438\u043a\u0430\u043b\u044c\u043d\u043e\u0435 \u0438 \u044d\u043b\u0435\u0433\u0430\u043d\u0442\u043d\u043e\u0435 \u043f\u043b\u0430\u0442\u044c\u0435? \u041f\u0440\u0435\u0434\u0441\u0442\u0430\u0432\u043b\u044f\u0435\u043c \u0432\u0430\u043c \u043f\u0440\u0430\u0437\u0434\u043d\u0438\u0447\u043d\u043e\u0435 \u043c\u0430\u043a\u0441\u0438-\u043f\u043b\u0430\u0442\u044c\u0435 \u0438\u0437 \u0442\u044e\u043b\u044f, \u043a\u043e\u0442\u043e\u0440\u043e\u0435 \u0434\u043e\u0431\u0430\u0432\u0438\u0442 \u0440\u043e\u0441\u043a\u043e\u0448\u0438 \u0438 \u043a\u043e\u043c\u0444\u043e\u0440\u0442\u0430 \u0432 \u0432\u0430\u0448 \u043e\u0431\u0440\u0430\u0437. \u041f\u0440\u0438\u043e\u0431\u0440\u0435\u0442\u0438\u0442\u0435 \u0441\u0435\u0431\u0435 \u0441\u0435\u0433\u043e\u0434\u043d\u044f \u043f\u043b\u0430\u0442\u044c\u0435, \u043a\u043e\u0442\u043e\u0440\u043e\u0435 \u043f\u043e\u0434\u0447\u0435\u0440\u043a\u043d\u0435\u0442 \u0432\u0430\u0448\u0443 \u043a\u0440\u0430\u0441\u043e\u0442\u0443!","breadcrumb":{"@id":"https:\/\/www.karinibutiik.ee\/toode\/tullkangast-pidulik-maksikleit-2\/#breadcrumb"},"inLanguage":"ru-RU","potentialAction":[{"@type":"ReadAction","target":["https:\/\/www.karinibutiik.ee\/toode\/tullkangast-pidulik-maksikleit-2\/"]}]},{"@type":"ImageObject","inLanguage":"ru-RU","@id":"https:\/\/www.karinibutiik.ee\/toode\/tullkangast-pidulik-maksikleit-2\/#primaryimage","url":"https:\/\/www.karinibutiik.ee\/wp-content\/uploads\/2024\/06\/240604_Karini_Butiik_Erlend_Staub_28-scaled.jpg","contentUrl":"https:\/\/www.karinibutiik.ee\/wp-content\/uploads\/2024\/06\/240604_Karini_Butiik_Erlend_Staub_28-scaled.jpg","width":2048,"height":2560},{"@type":"BreadcrumbList","@id":"https:\/\/www.karinibutiik.ee\/toode\/tullkangast-pidulik-maksikleit-2\/#breadcrumb","itemListElement":[{"@type":"ListItem","position":1,"name":"Home","item":"https:\/\/www.karinibutiik.ee\/"},{"@type":"ListItem","position":2,"name":"Pood","item":"https:\/\/www.karinibutiik.ee\/pood\/"},{"@type":"ListItem","position":3,"name":"T\u00dcLLKANGAST PIDULIK MAKSIKLEIT"}]},{"@type":"WebSite","@id":"https:\/\/www.karinibutiik.ee\/#website","url":"https:\/\/www.karinibutiik.ee\/","name":"\u041a\u0430\u0440\u0438\u043d\u0438 \u0411\u0443\u0442\u0438\u043a","description":"","publisher":{"@id":"https:\/\/www.karinibutiik.ee\/#organization"},"potentialAction":[{"@type":"SearchAction","target":{"@type":"EntryPoint","urlTemplate":"https:\/\/www.karinibutiik.ee\/?s={search_term_string}"},"query-input":{"@type":"PropertyValueSpecification","valueRequired":true,"valueName":"search_term_string"}}],"inLanguage":"ru-RU"},{"@type":"Organization","@id":"https:\/\/www.karinibutiik.ee\/#organization","name":"\u041a\u0430\u0440\u0438\u043d\u0438 \u0411\u0443\u0442\u0438\u043a","url":"https:\/\/www.karinibutiik.ee\/","logo":{"@type":"ImageObject","inLanguage":"ru-RU","@id":"https:\/\/www.karinibutiik.ee\/#\/schema\/logo\/image\/","url":"https:\/\/www.karinibutiik.ee\/wp-content\/uploads\/2024\/10\/Kuj.-K-koopia.png","contentUrl":"https:\/\/www.karinibutiik.ee\/wp-content\/uploads\/2024\/10\/Kuj.-K-koopia.png","width":500,"height":500,"caption":"Karini Butiik"},"image":{"@id":"https:\/\/www.karinibutiik.ee\/#\/schema\/logo\/image\/"},"sameAs":["https:\/\/www.facebook.com\/karinibutiik.ee","https:\/\/www.instagram.com\/karinibutiik"]}]},"og_availability":"instock","product_availability":"instock","product_retailer_item_id":"99997","product_condition":"new"},"_links":{"self":[{"href":"https:\/\/www.karinibutiik.ee\/ru\/wp-json\/wp\/v2\/product\/15317","targetHints":{"allow":["GET"]}}],"collection":[{"href":"https:\/\/www.karinibutiik.ee\/ru\/wp-json\/wp\/v2\/product"}],"about":[{"href":"https:\/\/www.karinibutiik.ee\/ru\/wp-json\/wp\/v2\/types\/product"}],"version-history":[{"count":1,"href":"https:\/\/www.karinibutiik.ee\/ru\/wp-json\/wp\/v2\/product\/15317\/revisions"}],"predecessor-version":[{"id":15347,"href":"https:\/\/www.karinibutiik.ee\/ru\/wp-json\/wp\/v2\/product\/15317\/revisions\/15347"}],"wp:featuredmedia":[{"embeddable":true,"href":"https:\/\/www.karinibutiik.ee\/ru\/wp-json\/wp\/v2\/media\/15327"}],"wp:attachment":[{"href":"https:\/\/www.karinibutiik.ee\/ru\/wp-json\/wp\/v2\/media?parent=15317"}],"wp:term":[{"taxonomy":"product_brand","embeddable":true,"href":"https:\/\/www.karinibutiik.ee\/ru\/wp-json\/wp\/v2\/product_brand?post=15317"},{"taxonomy":"product_cat","embeddable":true,"href":"https:\/\/www.karinibutiik.ee\/ru\/wp-json\/wp\/v2\/product_cat?post=15317"},{"taxonomy":"product_tag","embeddable":true,"href":"https:\/\/www.karinibutiik.ee\/ru\/wp-json\/wp\/v2\/product_tag?post=15317"}],"curies":[{"name":"wp","href":"https:\/\/api.w.org\/{rel}","templated":true}]}}