{"id":15737,"date":"2024-06-17T08:05:30","date_gmt":"2024-06-17T08:05:30","guid":{"rendered":"https:\/\/www.karinibutiik.ee\/?post_type=product&#038;p=15737"},"modified":"2025-07-01T00:52:24","modified_gmt":"2025-06-30T21:52:24","slug":"%d0%ba%d0%bb%d0%b0%d1%81%d1%81%d0%b8%d1%87%d0%b5%d1%81%d0%ba%d0%b8%d0%b9-%d1%82%d0%b5%d0%ba%d1%81%d1%82%d0%b8%d0%bb%d1%8c%d0%bd%d1%8b%d0%b9-%d0%bf%d0%b8%d0%b4%d0%b6%d0%b0%d0%ba","status":"publish","type":"product","link":"https:\/\/www.karinibutiik.ee\/ru\/%d0%bf%d1%80%d0%be%d0%b4%d1%83%d0%ba%d1%82\/%d0%ba%d0%bb%d0%b0%d1%81%d1%81%d0%b8%d1%87%d0%b5%d1%81%d0%ba%d0%b8%d0%b9-%d1%82%d0%b5%d0%ba%d1%81%d1%82%d0%b8%d0%bb%d1%8c%d0%bd%d1%8b%d0%b9-%d0%bf%d0%b8%d0%b4%d0%b6%d0%b0%d0%ba\/","title":{"rendered":"\u041a\u041b\u0410\u0421\u0421\u0418\u0427\u0415\u0421\u041a\u0418\u0419 \u0422\u0415\u041a\u0421\u0422\u0418\u041b\u042c\u041d\u042b\u0419 \u041f\u0418\u0414\u0416\u0410\u041a"},"content":{"rendered":"<div class=\"flex flex-grow flex-col max-w-full\">\n<div class=\"min-h-[20px] text-message flex flex-col items-start whitespace-pre-wrap break-words [.text-message+&amp;]:mt-5 juice:w-full juice:items-end overflow-x-auto gap-2\" dir=\"auto\" data-message-author-role=\"assistant\" data-message-id=\"a7cb980f-017d-437c-a264-523e65dff366\">\n<div class=\"flex w-full flex-col gap-1 juice:empty:hidden juice:first:pt-[3px]\">\n<div class=\"markdown prose w-full break-words dark:prose-invert light\">\n<p>Klassikaline tekstiilpintsak \u00fche n\u00f6\u00f6biga. See pintsak on valmistatud kvaliteetsest kangast, mis tagab nii mugavuse kui ka vastupidavuse. \u00dche n\u00f6\u00f6bi kinnitus ja peen l\u00f5ige loovad ajatult stiilse ja kergelt kaasaegse v\u00e4limuse. Ideaalne nii ametlikeks \u00fcritusteks kui ka igap\u00e4evaseks kandmiseks, kombineerides seda erinevate s\u00e4rkide ja p\u00fckstega. Lisage oma v\u00e4limusele rafineeritust ja klassi selle elegantse tekstiilpintsakuga.<\/p>\n<\/div>\n<\/div>\n<\/div>\n<\/div>\n","protected":false},"excerpt":{"rendered":"<p>Klassikaline tekstiilpintsak \u00fche n\u00f6\u00f6biga. See pintsak on valmistatud kvaliteetsest kangast, mis tagab nii mugavuse kui ka vastupidavuse. \u00dche n\u00f6\u00f6bi kinnitus [&hellip;]<\/p>\n","protected":false},"featured_media":15753,"template":"","meta":{"site-sidebar-layout":"default","site-content-layout":"","ast-site-content-layout":"default","site-content-style":"default","site-sidebar-style":"default","ast-global-header-display":"","ast-banner-title-visibility":"","ast-main-header-display":"","ast-hfb-above-header-display":"","ast-hfb-below-header-display":"","ast-hfb-mobile-header-display":"","site-post-title":"","ast-breadcrumbs-content":"","ast-featured-img":"","footer-sml-layout":"","ast-disable-related-posts":"","theme-transparent-header-meta":"default","adv-header-id-meta":"","stick-header-meta":"default","header-above-stick-meta":"","header-main-stick-meta":"","header-below-stick-meta":"","astra-migrate-meta-layouts":"set","ast-page-background-enabled":"default","ast-page-background-meta":{"desktop":{"background-color":"var(--ast-global-color-4)","background-image":"","background-repeat":"repeat","background-position":"center center","background-size":"auto","background-attachment":"scroll","background-type":"","background-media":"","overlay-type":"","overlay-color":"","overlay-opacity":"","overlay-gradient":""},"tablet":{"background-color":"","background-image":"","background-repeat":"repeat","background-position":"center center","background-size":"auto","background-attachment":"scroll","background-type":"","background-media":"","overlay-type":"","overlay-color":"","overlay-opacity":"","overlay-gradient":""},"mobile":{"background-color":"","background-image":"","background-repeat":"repeat","background-position":"center center","background-size":"auto","background-attachment":"scroll","background-type":"","background-media":"","overlay-type":"","overlay-color":"","overlay-opacity":"","overlay-gradient":""}},"ast-content-background-meta":{"desktop":{"background-color":"var(--ast-global-color-5)","background-image":"","background-repeat":"repeat","background-position":"center center","background-size":"auto","background-attachment":"scroll","background-type":"","background-media":"","overlay-type":"","overlay-color":"","overlay-opacity":"","overlay-gradient":""},"tablet":{"background-color":"var(--ast-global-color-5)","background-image":"","background-repeat":"repeat","background-position":"center center","background-size":"auto","background-attachment":"scroll","background-type":"","background-media":"","overlay-type":"","overlay-color":"","overlay-opacity":"","overlay-gradient":""},"mobile":{"background-color":"var(--ast-global-color-5)","background-image":"","background-repeat":"repeat","background-position":"center center","background-size":"auto","background-attachment":"scroll","background-type":"","background-media":"","overlay-type":"","overlay-color":"","overlay-opacity":"","overlay-gradient":""}}},"product_brand":[],"product_cat":[453,430,346,366],"product_tag":[479,246,514],"class_list":{"0":"post-15737","1":"product","2":"type-product","3":"status-publish","4":"has-post-thumbnail","6":"product_cat-soodus","7":"product_cat-lopumuuk","8":"product_cat-naised","9":"product_cat-pintsakud","10":"product_tag-bleiser","11":"product_tag-pintsak","12":"product_tag-pintsakjakk","13":"desktop-align-center","14":"tablet-align-center","15":"mobile-align-center","16":"ast-product-gallery-layout-horizontal-slider","17":"ast-product-single-variable","18":"ast-product-tabs-layout-horizontal","20":"first","21":"outofstock","22":"taxable","23":"shipping-taxable","24":"product-type-variable"},"supplier_id":null,"supplier_sku":"","barcode":null,"atum_controlled":true,"out_stock_date":null,"out_stock_threshold":null,"inheritable":true,"inbound_stock":0,"stock_on_hold":0,"sold_today":0,"sales_last_days":0,"reserved_stock":0,"customer_returns":0,"warehouse_damage":0,"lost_in_post":0,"other_logs":0,"out_stock_days":0,"lost_sales":0,"has_location":false,"update_date":"2025-12-01T01:40:33","atum_locations":[],"atum_stock_status":"outofstock","restock_status":false,"low_stock_amount":"","sales_update_date":"2025-12-01T01:40:33","calc_backorders":null,"yoast_head":"<!-- This site is optimized with the Yoast SEO plugin v26.9 - https:\/\/yoast.com\/product\/yoast-seo-wordpress\/ -->\n<title>KLASSIKALINE TEKSTIILPINTSAK - Karini Butiik<\/title>\n<meta name=\"description\" content=\"Klassikaline tekstiilpintsak \u00fche n\u00f6\u00f6biga. See pintsak on valmistatud kvaliteetsest kangast, mis tagab nii mugavuse kui ka vastupidavuse. \u00dche n\u00f6\u00f6bi kinnitus ja peen l\u00f5ige loovad ajatult stiilse ja kergelt kaasaegse v\u00e4limuse. Ideaalne nii ametlikeks \u00fcritusteks kui ka igap\u00e4evaseks kandmiseks, kombineerides seda erinevate s\u00e4rkide ja p\u00fckstega. Lisage oma v\u00e4limusele rafineeritust ja klassi selle elegantse tekstiilpintsakuga.\" \/>\n<meta name=\"robots\" content=\"index, follow, max-snippet:-1, max-image-preview:large, max-video-preview:-1\" \/>\n<link rel=\"canonical\" href=\"https:\/\/www.karinibutiik.ee\/ru\/\u043f\u0440\u043e\u0434\u0443\u043a\u0442\/\u043a\u043b\u0430\u0441\u0441\u0438\u0447\u0435\u0441\u043a\u0438\u0439-\u0442\u0435\u043a\u0441\u0442\u0438\u043b\u044c\u043d\u044b\u0439-\u043f\u0438\u0434\u0436\u0430\u043a\/\" \/>\n<meta property=\"og:locale\" content=\"ru_RU\" \/>\n<meta property=\"og:type\" content=\"article\" \/>\n<meta property=\"og:title\" content=\"KLASSIKALINE TEKSTIILPINTSAK - Karini Butiik\" \/>\n<meta property=\"og:description\" content=\"Klassikaline tekstiilpintsak \u00fche n\u00f6\u00f6biga. See pintsak on valmistatud kvaliteetsest kangast, mis tagab nii mugavuse kui ka vastupidavuse. \u00dche n\u00f6\u00f6bi kinnitus ja peen l\u00f5ige loovad ajatult stiilse ja kergelt kaasaegse v\u00e4limuse. Ideaalne nii ametlikeks \u00fcritusteks kui ka igap\u00e4evaseks kandmiseks, kombineerides seda erinevate s\u00e4rkide ja p\u00fckstega. Lisage oma v\u00e4limusele rafineeritust ja klassi selle elegantse tekstiilpintsakuga.\" \/>\n<meta property=\"og:url\" content=\"https:\/\/www.karinibutiik.ee\/ru\/\u043f\u0440\u043e\u0434\u0443\u043a\u0442\/\u043a\u043b\u0430\u0441\u0441\u0438\u0447\u0435\u0441\u043a\u0438\u0439-\u0442\u0435\u043a\u0441\u0442\u0438\u043b\u044c\u043d\u044b\u0439-\u043f\u0438\u0434\u0436\u0430\u043a\/\" \/>\n<meta property=\"og:site_name\" content=\"Karini Butiik\" \/>\n<meta property=\"article:publisher\" content=\"https:\/\/www.facebook.com\/karinibutiik.ee\" \/>\n<meta property=\"article:modified_time\" content=\"2025-06-30T21:52:24+00:00\" \/>\n<meta property=\"og:image\" content=\"https:\/\/www.karinibutiik.ee\/wp-content\/uploads\/2024\/06\/F6061E98-FB3E-4687-ACBC-1AA4D8989663.jpeg\" \/>\n\t<meta property=\"og:image:width\" content=\"1200\" \/>\n\t<meta property=\"og:image:height\" content=\"1500\" \/>\n\t<meta property=\"og:image:type\" content=\"image\/jpeg\" \/>\n<meta name=\"twitter:card\" content=\"summary_large_image\" \/>\n<meta name=\"twitter:label1\" content=\"\u0414\u043e\u0441\u0442\u0443\u043f\u043d\u043e\u0441\u0442\u044c\" \/>\n\t<meta name=\"twitter:data1\" content=\"\u0420\u0430\u0441\u043f\u0440\u043e\u0434\u0430\u043d\u043e\" \/>\n<script type=\"application\/ld+json\" class=\"yoast-schema-graph\">{\"@context\":\"https:\/\/schema.org\",\"@graph\":[{\"@type\":\"WebPage\",\"@id\":\"https:\/\/www.karinibutiik.ee\/toode\/klassikaline-tekstiilpintsak\/\",\"url\":\"https:\/\/www.karinibutiik.ee\/toode\/klassikaline-tekstiilpintsak\/\",\"name\":\"KLASSIKALINE TEKSTIILPINTSAK - Karini Butiik\",\"isPartOf\":{\"@id\":\"https:\/\/www.karinibutiik.ee\/#website\"},\"primaryImageOfPage\":{\"@id\":\"https:\/\/www.karinibutiik.ee\/toode\/klassikaline-tekstiilpintsak\/#primaryimage\"},\"image\":{\"@id\":\"https:\/\/www.karinibutiik.ee\/toode\/klassikaline-tekstiilpintsak\/#primaryimage\"},\"thumbnailUrl\":\"https:\/\/www.karinibutiik.ee\/wp-content\/uploads\/2024\/06\/F6061E98-FB3E-4687-ACBC-1AA4D8989663.jpeg\",\"datePublished\":\"2024-06-17T08:05:30+00:00\",\"dateModified\":\"2025-06-30T21:52:24+00:00\",\"description\":\"Klassikaline tekstiilpintsak \u00fche n\u00f6\u00f6biga. See pintsak on valmistatud kvaliteetsest kangast, mis tagab nii mugavuse kui ka vastupidavuse. \u00dche n\u00f6\u00f6bi kinnitus ja peen l\u00f5ige loovad ajatult stiilse ja kergelt kaasaegse v\u00e4limuse. Ideaalne nii ametlikeks \u00fcritusteks kui ka igap\u00e4evaseks kandmiseks, kombineerides seda erinevate s\u00e4rkide ja p\u00fckstega. Lisage oma v\u00e4limusele rafineeritust ja klassi selle elegantse tekstiilpintsakuga.\",\"breadcrumb\":{\"@id\":\"https:\/\/www.karinibutiik.ee\/toode\/klassikaline-tekstiilpintsak\/#breadcrumb\"},\"inLanguage\":\"ru-RU\",\"potentialAction\":[{\"@type\":\"ReadAction\",\"target\":[\"https:\/\/www.karinibutiik.ee\/toode\/klassikaline-tekstiilpintsak\/\"]}]},{\"@type\":\"ImageObject\",\"inLanguage\":\"ru-RU\",\"@id\":\"https:\/\/www.karinibutiik.ee\/toode\/klassikaline-tekstiilpintsak\/#primaryimage\",\"url\":\"https:\/\/www.karinibutiik.ee\/wp-content\/uploads\/2024\/06\/F6061E98-FB3E-4687-ACBC-1AA4D8989663.jpeg\",\"contentUrl\":\"https:\/\/www.karinibutiik.ee\/wp-content\/uploads\/2024\/06\/F6061E98-FB3E-4687-ACBC-1AA4D8989663.jpeg\",\"width\":1200,\"height\":1500},{\"@type\":\"BreadcrumbList\",\"@id\":\"https:\/\/www.karinibutiik.ee\/toode\/klassikaline-tekstiilpintsak\/#breadcrumb\",\"itemListElement\":[{\"@type\":\"ListItem\",\"position\":1,\"name\":\"Home\",\"item\":\"https:\/\/www.karinibutiik.ee\/\"},{\"@type\":\"ListItem\",\"position\":2,\"name\":\"Pood\",\"item\":\"https:\/\/www.karinibutiik.ee\/pood\/\"},{\"@type\":\"ListItem\",\"position\":3,\"name\":\"KLASSIKALINE TEKSTIILPINTSAK\"}]},{\"@type\":\"WebSite\",\"@id\":\"https:\/\/www.karinibutiik.ee\/#website\",\"url\":\"https:\/\/www.karinibutiik.ee\/\",\"name\":\"Karini Butiik\",\"description\":\"\",\"publisher\":{\"@id\":\"https:\/\/www.karinibutiik.ee\/#organization\"},\"potentialAction\":[{\"@type\":\"SearchAction\",\"target\":{\"@type\":\"EntryPoint\",\"urlTemplate\":\"https:\/\/www.karinibutiik.ee\/?s={search_term_string}\"},\"query-input\":{\"@type\":\"PropertyValueSpecification\",\"valueRequired\":true,\"valueName\":\"search_term_string\"}}],\"inLanguage\":\"ru-RU\"},{\"@type\":\"Organization\",\"@id\":\"https:\/\/www.karinibutiik.ee\/#organization\",\"name\":\"Karini Butiik\",\"url\":\"https:\/\/www.karinibutiik.ee\/\",\"logo\":{\"@type\":\"ImageObject\",\"inLanguage\":\"ru-RU\",\"@id\":\"https:\/\/www.karinibutiik.ee\/#\/schema\/logo\/image\/\",\"url\":\"https:\/\/www.karinibutiik.ee\/wp-content\/uploads\/2024\/10\/Kuj.-K-koopia.png\",\"contentUrl\":\"https:\/\/www.karinibutiik.ee\/wp-content\/uploads\/2024\/10\/Kuj.-K-koopia.png\",\"width\":500,\"height\":500,\"caption\":\"Karini Butiik\"},\"image\":{\"@id\":\"https:\/\/www.karinibutiik.ee\/#\/schema\/logo\/image\/\"},\"sameAs\":[\"https:\/\/www.facebook.com\/karinibutiik.ee\",\"https:\/\/www.instagram.com\/karinibutiik\"]}]}<\/script>\n<meta property=\"og:availability\" content=\"out of stock\" \/>\n<meta property=\"product:availability\" content=\"out of stock\" \/>\n<meta property=\"product:retailer_item_id\" content=\"61060\" \/>\n<meta property=\"product:condition\" content=\"new\" \/>\n<!-- \/ Yoast SEO plugin. -->","yoast_head_json":{"title":"\u041a\u041b\u0410\u0421\u0421\u0418\u0427\u0415\u0421\u041a\u0418\u0419 \u0422\u0415\u041a\u0421\u0422 PINK - Karini Butiik","description":"\u041a\u043b\u0430\u0441\u0441\u0438\u0447\u0435\u0441\u043a\u0438\u0439 \u0442\u0435\u043a\u0441\u0442\u0438\u043b\u044c\u043d\u044b\u0439 \u043f\u0438\u0434\u0436\u0430\u043a \u0441 \u043e\u0434\u043d\u043e\u0439 \u043f\u0443\u0433\u043e\u0432\u0438\u0446\u0435\u0439. \u042d\u0442\u043e\u0442 \u043f\u0438\u0434\u0436\u0430\u043a \u0438\u0437\u0433\u043e\u0442\u043e\u0432\u043b\u0435\u043d \u0438\u0437 \u0432\u044b\u0441\u043e\u043a\u043e\u043a\u0430\u0447\u0435\u0441\u0442\u0432\u0435\u043d\u043d\u043e\u0439 \u0442\u043a\u0430\u043d\u0438, \u043e\u0431\u0435\u0441\u043f\u0435\u0447\u0438\u0432\u0430\u044e\u0449\u0435\u0439 \u043a\u043e\u043c\u0444\u043e\u0440\u0442 \u0438 \u0434\u043e\u043b\u0433\u043e\u0432\u0435\u0447\u043d\u043e\u0441\u0442\u044c. \u0417\u0430\u0441\u0442\u0435\u0436\u043a\u0430 \u043d\u0430 \u043e\u0434\u043d\u0443 \u043f\u0443\u0433\u043e\u0432\u0438\u0446\u0443 \u0438 \u0443\u0442\u043e\u043d\u0447\u0435\u043d\u043d\u044b\u0439 \u043a\u0440\u043e\u0439 \u0441\u043e\u0437\u0434\u0430\u044e\u0442 \u0432\u0435\u0447\u043d\u043e \u0441\u0442\u0438\u043b\u044c\u043d\u044b\u0439 \u0438 \u043d\u0435\u043c\u043d\u043e\u0433\u043e \u0441\u043e\u0432\u0440\u0435\u043c\u0435\u043d\u043d\u044b\u0439 \u043e\u0431\u0440\u0430\u0437. \u0418\u0434\u0435\u0430\u043b\u044c\u043d\u043e \u043f\u043e\u0434\u0445\u043e\u0434\u0438\u0442 \u043a\u0430\u043a \u0434\u043b\u044f \u043e\u0444\u0438\u0446\u0438\u0430\u043b\u044c\u043d\u044b\u0445 \u043c\u0435\u0440\u043e\u043f\u0440\u0438\u044f\u0442\u0438\u0439, \u0442\u0430\u043a \u0438 \u0434\u043b\u044f \u043f\u043e\u0432\u0441\u0435\u0434\u043d\u0435\u0432\u043d\u043e\u0439 \u043d\u043e\u0441\u043a\u0438, \u0441\u043e\u0447\u0435\u0442\u0430\u0439\u0442\u0435 \u0435\u0433\u043e \u0441 \u0440\u0430\u0437\u043b\u0438\u0447\u043d\u044b\u043c\u0438 \u0440\u0443\u0431\u0430\u0448\u043a\u0430\u043c\u0438 \u0438 \u0431\u0440\u044e\u043a\u0430\u043c\u0438. \u0414\u043e\u0431\u0430\u0432\u044c\u0442\u0435 \u0438\u0437\u044b\u0441\u043a\u0430\u043d\u043d\u043e\u0441\u0442\u044c \u0438 \u043a\u043b\u0430\u0441\u0441 \u0432 \u0441\u0432\u043e\u0439 \u043e\u0431\u0440\u0430\u0437 \u0441 \u043f\u043e\u043c\u043e\u0449\u044c\u044e \u044d\u0442\u043e\u0433\u043e \u044d\u043b\u0435\u0433\u0430\u043d\u0442\u043d\u043e\u0433\u043e \u0442\u0435\u043a\u0441\u0442\u0438\u043b\u044c\u043d\u043e\u0433\u043e \u043f\u0438\u0434\u0436\u0430\u043a\u0430.","robots":{"index":"index","follow":"follow","max-snippet":"max-snippet:-1","max-image-preview":"max-image-preview:large","max-video-preview":"max-video-preview:-1"},"canonical":"https:\/\/www.karinibutiik.ee\/ru\/\u043f\u0440\u043e\u0434\u0443\u043a\u0442\/\u043a\u043b\u0430\u0441\u0441\u0438\u0447\u0435\u0441\u043a\u0438\u0439-\u0442\u0435\u043a\u0441\u0442\u0438\u043b\u044c\u043d\u044b\u0439-\u043f\u0438\u0434\u0436\u0430\u043a\/","og_locale":"ru_RU","og_type":"article","og_title":"KLASSIKALINE TEKSTIILPINTSAK - Karini Butiik","og_description":"Klassikaline tekstiilpintsak \u00fche n\u00f6\u00f6biga. See pintsak on valmistatud kvaliteetsest kangast, mis tagab nii mugavuse kui ka vastupidavuse. \u00dche n\u00f6\u00f6bi kinnitus ja peen l\u00f5ige loovad ajatult stiilse ja kergelt kaasaegse v\u00e4limuse. Ideaalne nii ametlikeks \u00fcritusteks kui ka igap\u00e4evaseks kandmiseks, kombineerides seda erinevate s\u00e4rkide ja p\u00fckstega. Lisage oma v\u00e4limusele rafineeritust ja klassi selle elegantse tekstiilpintsakuga.","og_url":"https:\/\/www.karinibutiik.ee\/ru\/\u043f\u0440\u043e\u0434\u0443\u043a\u0442\/\u043a\u043b\u0430\u0441\u0441\u0438\u0447\u0435\u0441\u043a\u0438\u0439-\u0442\u0435\u043a\u0441\u0442\u0438\u043b\u044c\u043d\u044b\u0439-\u043f\u0438\u0434\u0436\u0430\u043a\/","og_site_name":"Karini Butiik","article_publisher":"https:\/\/www.facebook.com\/karinibutiik.ee","article_modified_time":"2025-06-30T21:52:24+00:00","og_image":[{"width":1200,"height":1500,"url":"https:\/\/www.karinibutiik.ee\/wp-content\/uploads\/2024\/06\/F6061E98-FB3E-4687-ACBC-1AA4D8989663.jpeg","type":"image\/jpeg"}],"twitter_card":"summary_large_image","twitter_misc":{"\u0414\u043e\u0441\u0442\u0443\u043f\u043d\u043e\u0441\u0442\u044c":"\u0420\u0430\u0441\u043f\u0440\u043e\u0434\u0430\u043d\u043e"},"schema":{"@context":"https:\/\/schema.org","@graph":[{"@type":"WebPage","@id":"https:\/\/www.karinibutiik.ee\/toode\/klassikaline-tekstiilpintsak\/","url":"https:\/\/www.karinibutiik.ee\/toode\/klassikaline-tekstiilpintsak\/","name":"\u041a\u041b\u0410\u0421\u0421\u0418\u0427\u0415\u0421\u041a\u0418\u0419 \u0422\u0415\u041a\u0421\u0422 PINK - Karini Butiik","isPartOf":{"@id":"https:\/\/www.karinibutiik.ee\/#website"},"primaryImageOfPage":{"@id":"https:\/\/www.karinibutiik.ee\/toode\/klassikaline-tekstiilpintsak\/#primaryimage"},"image":{"@id":"https:\/\/www.karinibutiik.ee\/toode\/klassikaline-tekstiilpintsak\/#primaryimage"},"thumbnailUrl":"https:\/\/www.karinibutiik.ee\/wp-content\/uploads\/2024\/06\/F6061E98-FB3E-4687-ACBC-1AA4D8989663.jpeg","datePublished":"2024-06-17T08:05:30+00:00","dateModified":"2025-06-30T21:52:24+00:00","description":"\u041a\u043b\u0430\u0441\u0441\u0438\u0447\u0435\u0441\u043a\u0438\u0439 \u0442\u0435\u043a\u0441\u0442\u0438\u043b\u044c\u043d\u044b\u0439 \u043f\u0438\u0434\u0436\u0430\u043a \u0441 \u043e\u0434\u043d\u043e\u0439 \u043f\u0443\u0433\u043e\u0432\u0438\u0446\u0435\u0439. \u042d\u0442\u043e\u0442 \u043f\u0438\u0434\u0436\u0430\u043a \u0438\u0437\u0433\u043e\u0442\u043e\u0432\u043b\u0435\u043d \u0438\u0437 \u0432\u044b\u0441\u043e\u043a\u043e\u043a\u0430\u0447\u0435\u0441\u0442\u0432\u0435\u043d\u043d\u043e\u0439 \u0442\u043a\u0430\u043d\u0438, \u043e\u0431\u0435\u0441\u043f\u0435\u0447\u0438\u0432\u0430\u044e\u0449\u0435\u0439 \u043a\u043e\u043c\u0444\u043e\u0440\u0442 \u0438 \u0434\u043e\u043b\u0433\u043e\u0432\u0435\u0447\u043d\u043e\u0441\u0442\u044c. \u0417\u0430\u0441\u0442\u0435\u0436\u043a\u0430 \u043d\u0430 \u043e\u0434\u043d\u0443 \u043f\u0443\u0433\u043e\u0432\u0438\u0446\u0443 \u0438 \u0443\u0442\u043e\u043d\u0447\u0435\u043d\u043d\u044b\u0439 \u043a\u0440\u043e\u0439 \u0441\u043e\u0437\u0434\u0430\u044e\u0442 \u0432\u0435\u0447\u043d\u043e \u0441\u0442\u0438\u043b\u044c\u043d\u044b\u0439 \u0438 \u043d\u0435\u043c\u043d\u043e\u0433\u043e \u0441\u043e\u0432\u0440\u0435\u043c\u0435\u043d\u043d\u044b\u0439 \u043e\u0431\u0440\u0430\u0437. \u0418\u0434\u0435\u0430\u043b\u044c\u043d\u043e \u043f\u043e\u0434\u0445\u043e\u0434\u0438\u0442 \u043a\u0430\u043a \u0434\u043b\u044f \u043e\u0444\u0438\u0446\u0438\u0430\u043b\u044c\u043d\u044b\u0445 \u043c\u0435\u0440\u043e\u043f\u0440\u0438\u044f\u0442\u0438\u0439, \u0442\u0430\u043a \u0438 \u0434\u043b\u044f \u043f\u043e\u0432\u0441\u0435\u0434\u043d\u0435\u0432\u043d\u043e\u0439 \u043d\u043e\u0441\u043a\u0438, \u0441\u043e\u0447\u0435\u0442\u0430\u0439\u0442\u0435 \u0435\u0433\u043e \u0441 \u0440\u0430\u0437\u043b\u0438\u0447\u043d\u044b\u043c\u0438 \u0440\u0443\u0431\u0430\u0448\u043a\u0430\u043c\u0438 \u0438 \u0431\u0440\u044e\u043a\u0430\u043c\u0438. \u0414\u043e\u0431\u0430\u0432\u044c\u0442\u0435 \u0438\u0437\u044b\u0441\u043a\u0430\u043d\u043d\u043e\u0441\u0442\u044c \u0438 \u043a\u043b\u0430\u0441\u0441 \u0432 \u0441\u0432\u043e\u0439 \u043e\u0431\u0440\u0430\u0437 \u0441 \u043f\u043e\u043c\u043e\u0449\u044c\u044e \u044d\u0442\u043e\u0433\u043e \u044d\u043b\u0435\u0433\u0430\u043d\u0442\u043d\u043e\u0433\u043e \u0442\u0435\u043a\u0441\u0442\u0438\u043b\u044c\u043d\u043e\u0433\u043e \u043f\u0438\u0434\u0436\u0430\u043a\u0430.","breadcrumb":{"@id":"https:\/\/www.karinibutiik.ee\/toode\/klassikaline-tekstiilpintsak\/#breadcrumb"},"inLanguage":"ru-RU","potentialAction":[{"@type":"ReadAction","target":["https:\/\/www.karinibutiik.ee\/toode\/klassikaline-tekstiilpintsak\/"]}]},{"@type":"ImageObject","inLanguage":"ru-RU","@id":"https:\/\/www.karinibutiik.ee\/toode\/klassikaline-tekstiilpintsak\/#primaryimage","url":"https:\/\/www.karinibutiik.ee\/wp-content\/uploads\/2024\/06\/F6061E98-FB3E-4687-ACBC-1AA4D8989663.jpeg","contentUrl":"https:\/\/www.karinibutiik.ee\/wp-content\/uploads\/2024\/06\/F6061E98-FB3E-4687-ACBC-1AA4D8989663.jpeg","width":1200,"height":1500},{"@type":"BreadcrumbList","@id":"https:\/\/www.karinibutiik.ee\/toode\/klassikaline-tekstiilpintsak\/#breadcrumb","itemListElement":[{"@type":"ListItem","position":1,"name":"Home","item":"https:\/\/www.karinibutiik.ee\/"},{"@type":"ListItem","position":2,"name":"Pood","item":"https:\/\/www.karinibutiik.ee\/pood\/"},{"@type":"ListItem","position":3,"name":"KLASSIKALINE TEKSTIILPINTSAK"}]},{"@type":"WebSite","@id":"https:\/\/www.karinibutiik.ee\/#website","url":"https:\/\/www.karinibutiik.ee\/","name":"\u041a\u0430\u0440\u0438\u043d\u0438 \u0411\u0443\u0442\u0438\u043a","description":"","publisher":{"@id":"https:\/\/www.karinibutiik.ee\/#organization"},"potentialAction":[{"@type":"SearchAction","target":{"@type":"EntryPoint","urlTemplate":"https:\/\/www.karinibutiik.ee\/?s={search_term_string}"},"query-input":{"@type":"PropertyValueSpecification","valueRequired":true,"valueName":"search_term_string"}}],"inLanguage":"ru-RU"},{"@type":"Organization","@id":"https:\/\/www.karinibutiik.ee\/#organization","name":"\u041a\u0430\u0440\u0438\u043d\u0438 \u0411\u0443\u0442\u0438\u043a","url":"https:\/\/www.karinibutiik.ee\/","logo":{"@type":"ImageObject","inLanguage":"ru-RU","@id":"https:\/\/www.karinibutiik.ee\/#\/schema\/logo\/image\/","url":"https:\/\/www.karinibutiik.ee\/wp-content\/uploads\/2024\/10\/Kuj.-K-koopia.png","contentUrl":"https:\/\/www.karinibutiik.ee\/wp-content\/uploads\/2024\/10\/Kuj.-K-koopia.png","width":500,"height":500,"caption":"Karini Butiik"},"image":{"@id":"https:\/\/www.karinibutiik.ee\/#\/schema\/logo\/image\/"},"sameAs":["https:\/\/www.facebook.com\/karinibutiik.ee","https:\/\/www.instagram.com\/karinibutiik"]}]},"og_availability":"out of stock","product_availability":"out of stock","product_retailer_item_id":"61060","product_condition":"new"},"_links":{"self":[{"href":"https:\/\/www.karinibutiik.ee\/ru\/wp-json\/wp\/v2\/product\/15737","targetHints":{"allow":["GET"]}}],"collection":[{"href":"https:\/\/www.karinibutiik.ee\/ru\/wp-json\/wp\/v2\/product"}],"about":[{"href":"https:\/\/www.karinibutiik.ee\/ru\/wp-json\/wp\/v2\/types\/product"}],"version-history":[{"count":1,"href":"https:\/\/www.karinibutiik.ee\/ru\/wp-json\/wp\/v2\/product\/15737\/revisions"}],"predecessor-version":[{"id":15754,"href":"https:\/\/www.karinibutiik.ee\/ru\/wp-json\/wp\/v2\/product\/15737\/revisions\/15754"}],"wp:featuredmedia":[{"embeddable":true,"href":"https:\/\/www.karinibutiik.ee\/ru\/wp-json\/wp\/v2\/media\/15753"}],"wp:attachment":[{"href":"https:\/\/www.karinibutiik.ee\/ru\/wp-json\/wp\/v2\/media?parent=15737"}],"wp:term":[{"taxonomy":"product_brand","embeddable":true,"href":"https:\/\/www.karinibutiik.ee\/ru\/wp-json\/wp\/v2\/product_brand?post=15737"},{"taxonomy":"product_cat","embeddable":true,"href":"https:\/\/www.karinibutiik.ee\/ru\/wp-json\/wp\/v2\/product_cat?post=15737"},{"taxonomy":"product_tag","embeddable":true,"href":"https:\/\/www.karinibutiik.ee\/ru\/wp-json\/wp\/v2\/product_tag?post=15737"}],"curies":[{"name":"wp","href":"https:\/\/api.w.org\/{rel}","templated":true}]}}