{"id":17046,"date":"2024-07-11T12:02:51","date_gmt":"2024-07-11T12:02:51","guid":{"rendered":"https:\/\/www.karinibutiik.ee\/?post_type=product&#038;p=17046"},"modified":"2025-09-13T14:13:13","modified_gmt":"2025-09-13T11:13:13","slug":"%d1%82%d0%b0%d0%bf%d0%be%d1%87%d0%ba%d0%b8-%d1%81-%d1%82%d0%b5%d0%bf%d0%bb%d1%8b%d0%bc-%d0%bc%d0%b5%d1%85%d0%be%d0%bc-%d0%b2%d0%bd%d1%83%d1%82%d1%80%d0%b8","status":"publish","type":"product","link":"https:\/\/www.karinibutiik.ee\/ru\/%d0%bf%d1%80%d0%be%d0%b4%d1%83%d0%ba%d1%82\/%d1%82%d0%b0%d0%bf%d0%be%d1%87%d0%ba%d0%b8-%d1%81-%d1%82%d0%b5%d0%bf%d0%bb%d1%8b%d0%bc-%d0%bc%d0%b5%d1%85%d0%be%d0%bc-%d0%b2%d0%bd%d1%83%d1%82%d1%80%d0%b8\/","title":{"rendered":"\u0422\u0410\u041f\u041e\u0427\u041a\u0418 (\u0421 \u0422\u0415\u041f\u041b\u042b\u041c \u041c\u0415\u0425\u041e\u041c \u0412\u041d\u0423\u0422\u0420\u0418)"},"content":{"rendered":"<p>\u0423\u0434\u043e\u0431\u043d\u044b\u0435 \u0438 \u0442\u0435\u043f\u043b\u044b\u0435 \u0442\u0430\u043f\u043e\u0447\u043a\u0438 \u0441 \u043c\u044f\u0433\u043a\u043e\u0439 \u043c\u0435\u0445\u043e\u0432\u043e\u0439 \u043f\u043e\u0434\u043a\u043b\u0430\u0434\u043a\u043e\u0439 \u0432\u043d\u0443\u0442\u0440\u0438. \u042d\u0442\u0438 \u0442\u0430\u043f\u043e\u0447\u043a\u0438 \u0441\u043e\u0433\u0440\u0435\u044e\u0442 \u0432\u0430\u0448\u0438 \u043d\u043e\u0433\u0438 \u0438 \u043e\u0431\u0435\u0441\u043f\u0435\u0447\u0430\u0442 \u043c\u0430\u043a\u0441\u0438\u043c\u0430\u043b\u044c\u043d\u044b\u0439 \u043a\u043e\u043c\u0444\u043e\u0440\u0442 \u0432 \u0445\u043e\u043b\u043e\u0434\u043d\u044b\u0435 \u0434\u043d\u0438. \u0418\u0434\u0435\u0430\u043b\u044c\u043d\u044b\u0439 \u0432\u044b\u0431\u043e\u0440 \u0434\u043b\u044f \u0434\u043e\u043c\u0430\u0448\u043d\u0435\u0433\u043e \u0438\u0441\u043f\u043e\u043b\u044c\u0437\u043e\u0432\u0430\u043d\u0438\u044f, \u0447\u0442\u043e\u0431\u044b \u0447\u0443\u0432\u0441\u0442\u0432\u043e\u0432\u0430\u0442\u044c \u0441\u0435\u0431\u044f \u0443\u044e\u0442\u043d\u043e \u0438 \u0440\u0430\u0441\u0441\u043b\u0430\u0431\u043b\u0435\u043d\u043d\u043e \u043f\u0440\u0438 \u043a\u0430\u0436\u0434\u043e\u043c \u0448\u0430\u0433\u0435.<\/p>","protected":false},"excerpt":{"rendered":"<p>Mugavad ja soojad sussid, mille sisemus on vooderdatud pehme karvaga. Need sussid hoiavad jalad m\u00f5nusalt soojas ja pakuvad maksimaalset mugavust [&hellip;]<\/p>\n","protected":false},"featured_media":17060,"template":"","meta":{"site-sidebar-layout":"default","site-content-layout":"","ast-site-content-layout":"default","site-content-style":"default","site-sidebar-style":"default","ast-global-header-display":"","ast-banner-title-visibility":"","ast-main-header-display":"","ast-hfb-above-header-display":"","ast-hfb-below-header-display":"","ast-hfb-mobile-header-display":"","site-post-title":"","ast-breadcrumbs-content":"","ast-featured-img":"","footer-sml-layout":"","ast-disable-related-posts":"","theme-transparent-header-meta":"default","adv-header-id-meta":"","stick-header-meta":"default","header-above-stick-meta":"","header-main-stick-meta":"","header-below-stick-meta":"","astra-migrate-meta-layouts":"set","ast-page-background-enabled":"default","ast-page-background-meta":{"desktop":{"background-color":"var(--ast-global-color-4)","background-image":"","background-repeat":"repeat","background-position":"center center","background-size":"auto","background-attachment":"scroll","background-type":"","background-media":"","overlay-type":"","overlay-color":"","overlay-opacity":"","overlay-gradient":""},"tablet":{"background-color":"","background-image":"","background-repeat":"repeat","background-position":"center center","background-size":"auto","background-attachment":"scroll","background-type":"","background-media":"","overlay-type":"","overlay-color":"","overlay-opacity":"","overlay-gradient":""},"mobile":{"background-color":"","background-image":"","background-repeat":"repeat","background-position":"center center","background-size":"auto","background-attachment":"scroll","background-type":"","background-media":"","overlay-type":"","overlay-color":"","overlay-opacity":"","overlay-gradient":""}},"ast-content-background-meta":{"desktop":{"background-color":"var(--ast-global-color-5)","background-image":"","background-repeat":"repeat","background-position":"center center","background-size":"auto","background-attachment":"scroll","background-type":"","background-media":"","overlay-type":"","overlay-color":"","overlay-opacity":"","overlay-gradient":""},"tablet":{"background-color":"var(--ast-global-color-5)","background-image":"","background-repeat":"repeat","background-position":"center center","background-size":"auto","background-attachment":"scroll","background-type":"","background-media":"","overlay-type":"","overlay-color":"","overlay-opacity":"","overlay-gradient":""},"mobile":{"background-color":"var(--ast-global-color-5)","background-image":"","background-repeat":"repeat","background-position":"center center","background-size":"auto","background-attachment":"scroll","background-type":"","background-media":"","overlay-type":"","overlay-color":"","overlay-opacity":"","overlay-gradient":""}}},"product_brand":[],"product_cat":[390,346,393],"product_tag":[669,673,672,671,670],"class_list":{"0":"post-17046","1":"product","2":"type-product","3":"status-publish","4":"has-post-thumbnail","6":"product_cat-jalanoud","7":"product_cat-naised","8":"product_cat-vabaaja-jalanoud","9":"product_tag-jalanoud","10":"product_tag-jalanoude-epood","11":"product_tag-karinibutiik","12":"product_tag-soojad-sussid","13":"product_tag-sussid","14":"desktop-align-center","15":"tablet-align-center","16":"mobile-align-center","17":"ast-product-gallery-layout-horizontal-slider","18":"ast-product-single-variable","19":"ast-product-tabs-layout-horizontal","21":"first","22":"outofstock","23":"taxable","24":"shipping-taxable","25":"product-type-variable"},"supplier_id":null,"supplier_sku":"","barcode":null,"atum_controlled":true,"out_stock_date":null,"out_stock_threshold":null,"inheritable":true,"inbound_stock":0,"stock_on_hold":0,"sold_today":0,"sales_last_days":0,"reserved_stock":0,"customer_returns":0,"warehouse_damage":0,"lost_in_post":0,"other_logs":0,"out_stock_days":0,"lost_sales":0,"has_location":false,"update_date":"2025-12-05T11:19:08","atum_locations":[],"atum_stock_status":"outofstock","restock_status":false,"low_stock_amount":"","sales_update_date":"2025-12-05T11:19:08","calc_backorders":null,"yoast_head":"<!-- This site is optimized with the Yoast SEO plugin v26.9 - https:\/\/yoast.com\/product\/yoast-seo-wordpress\/ -->\n<title>SUSSID (SEEST SOOJA KARVAGA) - Karini Butiik<\/title>\n<meta name=\"description\" content=\"Avasta need suurep\u00e4rased soojad sussid, mis hoiavad jalad soojas ja pakuvad \u00fcletamatut mugavust. Kiirusta ja telli oma paar juba t\u00e4na!\" \/>\n<meta name=\"robots\" content=\"index, follow, max-snippet:-1, max-image-preview:large, max-video-preview:-1\" \/>\n<link rel=\"canonical\" href=\"https:\/\/www.karinibutiik.ee\/ru\/\u043f\u0440\u043e\u0434\u0443\u043a\u0442\/\u0442\u0430\u043f\u043e\u0447\u043a\u0438-\u0441-\u0442\u0435\u043f\u043b\u044b\u043c-\u043c\u0435\u0445\u043e\u043c-\u0432\u043d\u0443\u0442\u0440\u0438\/\" \/>\n<meta property=\"og:locale\" content=\"ru_RU\" \/>\n<meta property=\"og:type\" content=\"article\" \/>\n<meta property=\"og:title\" content=\"SUSSID (SEEST SOOJA KARVAGA) - Karini Butiik\" \/>\n<meta property=\"og:description\" content=\"Avasta need suurep\u00e4rased soojad sussid, mis hoiavad jalad soojas ja pakuvad \u00fcletamatut mugavust. Kiirusta ja telli oma paar juba t\u00e4na!\" \/>\n<meta property=\"og:url\" content=\"https:\/\/www.karinibutiik.ee\/ru\/\u043f\u0440\u043e\u0434\u0443\u043a\u0442\/\u0442\u0430\u043f\u043e\u0447\u043a\u0438-\u0441-\u0442\u0435\u043f\u043b\u044b\u043c-\u043c\u0435\u0445\u043e\u043c-\u0432\u043d\u0443\u0442\u0440\u0438\/\" \/>\n<meta property=\"og:site_name\" content=\"Karini Butiik\" \/>\n<meta property=\"article:publisher\" content=\"https:\/\/www.facebook.com\/karinibutiik.ee\" \/>\n<meta property=\"article:modified_time\" content=\"2025-09-13T11:13:13+00:00\" \/>\n<meta property=\"og:image\" content=\"https:\/\/www.karinibutiik.ee\/wp-content\/uploads\/2024\/07\/IMG_0560.jpeg\" \/>\n\t<meta property=\"og:image:width\" content=\"1200\" \/>\n\t<meta property=\"og:image:height\" content=\"1500\" \/>\n\t<meta property=\"og:image:type\" content=\"image\/jpeg\" \/>\n<meta name=\"twitter:card\" content=\"summary_large_image\" \/>\n<meta name=\"twitter:label1\" content=\"\u0414\u043e\u0441\u0442\u0443\u043f\u043d\u043e\u0441\u0442\u044c\" \/>\n\t<meta name=\"twitter:data1\" content=\"\u0420\u0430\u0441\u043f\u0440\u043e\u0434\u0430\u043d\u043e\" \/>\n<script type=\"application\/ld+json\" class=\"yoast-schema-graph\">{\"@context\":\"https:\/\/schema.org\",\"@graph\":[{\"@type\":\"WebPage\",\"@id\":\"https:\/\/www.karinibutiik.ee\/toode\/sussid-seest-sooja-karvaga\/\",\"url\":\"https:\/\/www.karinibutiik.ee\/toode\/sussid-seest-sooja-karvaga\/\",\"name\":\"SUSSID (SEEST SOOJA KARVAGA) - Karini Butiik\",\"isPartOf\":{\"@id\":\"https:\/\/www.karinibutiik.ee\/#website\"},\"primaryImageOfPage\":{\"@id\":\"https:\/\/www.karinibutiik.ee\/toode\/sussid-seest-sooja-karvaga\/#primaryimage\"},\"image\":{\"@id\":\"https:\/\/www.karinibutiik.ee\/toode\/sussid-seest-sooja-karvaga\/#primaryimage\"},\"thumbnailUrl\":\"https:\/\/www.karinibutiik.ee\/wp-content\/uploads\/2024\/07\/IMG_0560.jpeg\",\"datePublished\":\"2024-07-11T12:02:51+00:00\",\"dateModified\":\"2025-09-13T11:13:13+00:00\",\"description\":\"Avasta need suurep\u00e4rased soojad sussid, mis hoiavad jalad soojas ja pakuvad \u00fcletamatut mugavust. Kiirusta ja telli oma paar juba t\u00e4na!\",\"breadcrumb\":{\"@id\":\"https:\/\/www.karinibutiik.ee\/toode\/sussid-seest-sooja-karvaga\/#breadcrumb\"},\"inLanguage\":\"ru-RU\",\"potentialAction\":[{\"@type\":\"ReadAction\",\"target\":[\"https:\/\/www.karinibutiik.ee\/toode\/sussid-seest-sooja-karvaga\/\"]}]},{\"@type\":\"ImageObject\",\"inLanguage\":\"ru-RU\",\"@id\":\"https:\/\/www.karinibutiik.ee\/toode\/sussid-seest-sooja-karvaga\/#primaryimage\",\"url\":\"https:\/\/www.karinibutiik.ee\/wp-content\/uploads\/2024\/07\/IMG_0560.jpeg\",\"contentUrl\":\"https:\/\/www.karinibutiik.ee\/wp-content\/uploads\/2024\/07\/IMG_0560.jpeg\",\"width\":1200,\"height\":1500},{\"@type\":\"BreadcrumbList\",\"@id\":\"https:\/\/www.karinibutiik.ee\/toode\/sussid-seest-sooja-karvaga\/#breadcrumb\",\"itemListElement\":[{\"@type\":\"ListItem\",\"position\":1,\"name\":\"Home\",\"item\":\"https:\/\/www.karinibutiik.ee\/\"},{\"@type\":\"ListItem\",\"position\":2,\"name\":\"Pood\",\"item\":\"https:\/\/www.karinibutiik.ee\/pood\/\"},{\"@type\":\"ListItem\",\"position\":3,\"name\":\"SUSSID (SEEST SOOJA KARVAGA)\"}]},{\"@type\":\"WebSite\",\"@id\":\"https:\/\/www.karinibutiik.ee\/#website\",\"url\":\"https:\/\/www.karinibutiik.ee\/\",\"name\":\"Karini Butiik\",\"description\":\"\",\"publisher\":{\"@id\":\"https:\/\/www.karinibutiik.ee\/#organization\"},\"potentialAction\":[{\"@type\":\"SearchAction\",\"target\":{\"@type\":\"EntryPoint\",\"urlTemplate\":\"https:\/\/www.karinibutiik.ee\/?s={search_term_string}\"},\"query-input\":{\"@type\":\"PropertyValueSpecification\",\"valueRequired\":true,\"valueName\":\"search_term_string\"}}],\"inLanguage\":\"ru-RU\"},{\"@type\":\"Organization\",\"@id\":\"https:\/\/www.karinibutiik.ee\/#organization\",\"name\":\"Karini Butiik\",\"url\":\"https:\/\/www.karinibutiik.ee\/\",\"logo\":{\"@type\":\"ImageObject\",\"inLanguage\":\"ru-RU\",\"@id\":\"https:\/\/www.karinibutiik.ee\/#\/schema\/logo\/image\/\",\"url\":\"https:\/\/www.karinibutiik.ee\/wp-content\/uploads\/2024\/10\/Kuj.-K-koopia.png\",\"contentUrl\":\"https:\/\/www.karinibutiik.ee\/wp-content\/uploads\/2024\/10\/Kuj.-K-koopia.png\",\"width\":500,\"height\":500,\"caption\":\"Karini Butiik\"},\"image\":{\"@id\":\"https:\/\/www.karinibutiik.ee\/#\/schema\/logo\/image\/\"},\"sameAs\":[\"https:\/\/www.facebook.com\/karinibutiik.ee\",\"https:\/\/www.instagram.com\/karinibutiik\"]}]}<\/script>\n<meta property=\"og:availability\" content=\"out of stock\" \/>\n<meta property=\"product:availability\" content=\"out of stock\" \/>\n<meta property=\"product:retailer_item_id\" content=\"1900\" \/>\n<meta property=\"product:condition\" content=\"new\" \/>\n<!-- \/ Yoast SEO plugin. -->","yoast_head_json":{"title":"\u041e\u0411\u0423\u0412\u042c (\u0421 \u042e\u0413\u0410 \u041d\u0410 \u041a\u0410\u0420\u041f\u0415\u0422) - \u041a\u0430\u0440\u0438\u043d\u0438 \u0411\u0443\u0442\u0438\u043a","description":"\u041e\u0442\u043a\u0440\u043e\u0439\u0442\u0435 \u0434\u043b\u044f \u0441\u0435\u0431\u044f \u044d\u0442\u0438 \u0437\u0430\u043c\u0435\u0447\u0430\u0442\u0435\u043b\u044c\u043d\u044b\u0435 \u0442\u0435\u043f\u043b\u044b\u0435 \u0442\u0430\u043f\u043e\u0447\u043a\u0438, \u043a\u043e\u0442\u043e\u0440\u044b\u0435 \u0441\u043e\u0433\u0440\u0435\u044e\u0442 \u0432\u0430\u0448\u0438 \u043d\u043e\u0433\u0438 \u0438 \u043f\u043e\u0434\u0430\u0440\u044f\u0442 \u043d\u0435\u043f\u0440\u0435\u0432\u0437\u043e\u0439\u0434\u0435\u043d\u043d\u044b\u0439 \u043a\u043e\u043c\u0444\u043e\u0440\u0442. \u041f\u043e\u0441\u043f\u0435\u0448\u0438\u0442\u0435 \u0437\u0430\u043a\u0430\u0437\u0430\u0442\u044c \u0441\u0432\u043e\u044e \u043f\u0430\u0440\u0443 \u0443\u0436\u0435 \u0441\u0435\u0433\u043e\u0434\u043d\u044f!","robots":{"index":"index","follow":"follow","max-snippet":"max-snippet:-1","max-image-preview":"max-image-preview:large","max-video-preview":"max-video-preview:-1"},"canonical":"https:\/\/www.karinibutiik.ee\/ru\/\u043f\u0440\u043e\u0434\u0443\u043a\u0442\/\u0442\u0430\u043f\u043e\u0447\u043a\u0438-\u0441-\u0442\u0435\u043f\u043b\u044b\u043c-\u043c\u0435\u0445\u043e\u043c-\u0432\u043d\u0443\u0442\u0440\u0438\/","og_locale":"ru_RU","og_type":"article","og_title":"SUSSID (SEEST SOOJA KARVAGA) - Karini Butiik","og_description":"Avasta need suurep\u00e4rased soojad sussid, mis hoiavad jalad soojas ja pakuvad \u00fcletamatut mugavust. Kiirusta ja telli oma paar juba t\u00e4na!","og_url":"https:\/\/www.karinibutiik.ee\/ru\/\u043f\u0440\u043e\u0434\u0443\u043a\u0442\/\u0442\u0430\u043f\u043e\u0447\u043a\u0438-\u0441-\u0442\u0435\u043f\u043b\u044b\u043c-\u043c\u0435\u0445\u043e\u043c-\u0432\u043d\u0443\u0442\u0440\u0438\/","og_site_name":"Karini Butiik","article_publisher":"https:\/\/www.facebook.com\/karinibutiik.ee","article_modified_time":"2025-09-13T11:13:13+00:00","og_image":[{"width":1200,"height":1500,"url":"https:\/\/www.karinibutiik.ee\/wp-content\/uploads\/2024\/07\/IMG_0560.jpeg","type":"image\/jpeg"}],"twitter_card":"summary_large_image","twitter_misc":{"\u0414\u043e\u0441\u0442\u0443\u043f\u043d\u043e\u0441\u0442\u044c":"\u0420\u0430\u0441\u043f\u0440\u043e\u0434\u0430\u043d\u043e"},"schema":{"@context":"https:\/\/schema.org","@graph":[{"@type":"WebPage","@id":"https:\/\/www.karinibutiik.ee\/toode\/sussid-seest-sooja-karvaga\/","url":"https:\/\/www.karinibutiik.ee\/toode\/sussid-seest-sooja-karvaga\/","name":"\u041e\u0411\u0423\u0412\u042c (\u0421 \u042e\u0413\u0410 \u041d\u0410 \u041a\u0410\u0420\u041f\u0415\u0422) - \u041a\u0430\u0440\u0438\u043d\u0438 \u0411\u0443\u0442\u0438\u043a","isPartOf":{"@id":"https:\/\/www.karinibutiik.ee\/#website"},"primaryImageOfPage":{"@id":"https:\/\/www.karinibutiik.ee\/toode\/sussid-seest-sooja-karvaga\/#primaryimage"},"image":{"@id":"https:\/\/www.karinibutiik.ee\/toode\/sussid-seest-sooja-karvaga\/#primaryimage"},"thumbnailUrl":"https:\/\/www.karinibutiik.ee\/wp-content\/uploads\/2024\/07\/IMG_0560.jpeg","datePublished":"2024-07-11T12:02:51+00:00","dateModified":"2025-09-13T11:13:13+00:00","description":"\u041e\u0442\u043a\u0440\u043e\u0439\u0442\u0435 \u0434\u043b\u044f \u0441\u0435\u0431\u044f \u044d\u0442\u0438 \u0437\u0430\u043c\u0435\u0447\u0430\u0442\u0435\u043b\u044c\u043d\u044b\u0435 \u0442\u0435\u043f\u043b\u044b\u0435 \u0442\u0430\u043f\u043e\u0447\u043a\u0438, \u043a\u043e\u0442\u043e\u0440\u044b\u0435 \u0441\u043e\u0433\u0440\u0435\u044e\u0442 \u0432\u0430\u0448\u0438 \u043d\u043e\u0433\u0438 \u0438 \u043f\u043e\u0434\u0430\u0440\u044f\u0442 \u043d\u0435\u043f\u0440\u0435\u0432\u0437\u043e\u0439\u0434\u0435\u043d\u043d\u044b\u0439 \u043a\u043e\u043c\u0444\u043e\u0440\u0442. \u041f\u043e\u0441\u043f\u0435\u0448\u0438\u0442\u0435 \u0437\u0430\u043a\u0430\u0437\u0430\u0442\u044c \u0441\u0432\u043e\u044e \u043f\u0430\u0440\u0443 \u0443\u0436\u0435 \u0441\u0435\u0433\u043e\u0434\u043d\u044f!","breadcrumb":{"@id":"https:\/\/www.karinibutiik.ee\/toode\/sussid-seest-sooja-karvaga\/#breadcrumb"},"inLanguage":"ru-RU","potentialAction":[{"@type":"ReadAction","target":["https:\/\/www.karinibutiik.ee\/toode\/sussid-seest-sooja-karvaga\/"]}]},{"@type":"ImageObject","inLanguage":"ru-RU","@id":"https:\/\/www.karinibutiik.ee\/toode\/sussid-seest-sooja-karvaga\/#primaryimage","url":"https:\/\/www.karinibutiik.ee\/wp-content\/uploads\/2024\/07\/IMG_0560.jpeg","contentUrl":"https:\/\/www.karinibutiik.ee\/wp-content\/uploads\/2024\/07\/IMG_0560.jpeg","width":1200,"height":1500},{"@type":"BreadcrumbList","@id":"https:\/\/www.karinibutiik.ee\/toode\/sussid-seest-sooja-karvaga\/#breadcrumb","itemListElement":[{"@type":"ListItem","position":1,"name":"Home","item":"https:\/\/www.karinibutiik.ee\/"},{"@type":"ListItem","position":2,"name":"Pood","item":"https:\/\/www.karinibutiik.ee\/pood\/"},{"@type":"ListItem","position":3,"name":"SUSSID (SEEST SOOJA KARVAGA)"}]},{"@type":"WebSite","@id":"https:\/\/www.karinibutiik.ee\/#website","url":"https:\/\/www.karinibutiik.ee\/","name":"\u041a\u0430\u0440\u0438\u043d\u0438 \u0411\u0443\u0442\u0438\u043a","description":"","publisher":{"@id":"https:\/\/www.karinibutiik.ee\/#organization"},"potentialAction":[{"@type":"SearchAction","target":{"@type":"EntryPoint","urlTemplate":"https:\/\/www.karinibutiik.ee\/?s={search_term_string}"},"query-input":{"@type":"PropertyValueSpecification","valueRequired":true,"valueName":"search_term_string"}}],"inLanguage":"ru-RU"},{"@type":"Organization","@id":"https:\/\/www.karinibutiik.ee\/#organization","name":"\u041a\u0430\u0440\u0438\u043d\u0438 \u0411\u0443\u0442\u0438\u043a","url":"https:\/\/www.karinibutiik.ee\/","logo":{"@type":"ImageObject","inLanguage":"ru-RU","@id":"https:\/\/www.karinibutiik.ee\/#\/schema\/logo\/image\/","url":"https:\/\/www.karinibutiik.ee\/wp-content\/uploads\/2024\/10\/Kuj.-K-koopia.png","contentUrl":"https:\/\/www.karinibutiik.ee\/wp-content\/uploads\/2024\/10\/Kuj.-K-koopia.png","width":500,"height":500,"caption":"Karini Butiik"},"image":{"@id":"https:\/\/www.karinibutiik.ee\/#\/schema\/logo\/image\/"},"sameAs":["https:\/\/www.facebook.com\/karinibutiik.ee","https:\/\/www.instagram.com\/karinibutiik"]}]},"og_availability":"out of stock","product_availability":"out of stock","product_retailer_item_id":"1900","product_condition":"new"},"_links":{"self":[{"href":"https:\/\/www.karinibutiik.ee\/ru\/wp-json\/wp\/v2\/product\/17046","targetHints":{"allow":["GET"]}}],"collection":[{"href":"https:\/\/www.karinibutiik.ee\/ru\/wp-json\/wp\/v2\/product"}],"about":[{"href":"https:\/\/www.karinibutiik.ee\/ru\/wp-json\/wp\/v2\/types\/product"}],"version-history":[{"count":1,"href":"https:\/\/www.karinibutiik.ee\/ru\/wp-json\/wp\/v2\/product\/17046\/revisions"}],"predecessor-version":[{"id":17063,"href":"https:\/\/www.karinibutiik.ee\/ru\/wp-json\/wp\/v2\/product\/17046\/revisions\/17063"}],"wp:featuredmedia":[{"embeddable":true,"href":"https:\/\/www.karinibutiik.ee\/ru\/wp-json\/wp\/v2\/media\/17060"}],"wp:attachment":[{"href":"https:\/\/www.karinibutiik.ee\/ru\/wp-json\/wp\/v2\/media?parent=17046"}],"wp:term":[{"taxonomy":"product_brand","embeddable":true,"href":"https:\/\/www.karinibutiik.ee\/ru\/wp-json\/wp\/v2\/product_brand?post=17046"},{"taxonomy":"product_cat","embeddable":true,"href":"https:\/\/www.karinibutiik.ee\/ru\/wp-json\/wp\/v2\/product_cat?post=17046"},{"taxonomy":"product_tag","embeddable":true,"href":"https:\/\/www.karinibutiik.ee\/ru\/wp-json\/wp\/v2\/product_tag?post=17046"}],"curies":[{"name":"wp","href":"https:\/\/api.w.org\/{rel}","templated":true}]}}