{"id":17567,"date":"2024-10-24T17:15:28","date_gmt":"2024-10-24T17:15:28","guid":{"rendered":"https:\/\/www.karinibutiik.ee\/?post_type=product&#038;p=17567"},"modified":"2025-07-01T00:49:29","modified_gmt":"2025-06-30T21:49:29","slug":"%d1%81%d0%b2%d0%b0%d0%b4%d0%b5%d0%b1%d0%bd%d0%be%d0%b5-%d0%bf%d0%bb%d0%b0%d1%82%d1%8c%d0%b5-greta-%d1%81-%d0%b1%d0%be%d0%b3%d0%b0%d1%82%d1%8b%d0%bc-%d1%82%d1%8e%d0%bb%d0%b5%d0%bc-%d0%b8-%d0%b2%d1%8b","status":"publish","type":"product","link":"https:\/\/www.karinibutiik.ee\/ru\/%d0%bf%d1%80%d0%be%d0%b4%d1%83%d0%ba%d1%82\/%d1%81%d0%b2%d0%b0%d0%b4%d0%b5%d0%b1%d0%bd%d0%be%d0%b5-%d0%bf%d0%bb%d0%b0%d1%82%d1%8c%d0%b5-greta-%d1%81-%d0%b1%d0%be%d0%b3%d0%b0%d1%82%d1%8b%d0%bc-%d1%82%d1%8e%d0%bb%d0%b5%d0%bc-%d0%b8-%d0%b2%d1%8b\/","title":{"rendered":"\u0421\u0412\u0410\u0414\u0415\u0411\u041d\u041e\u0415 \u041f\u041b\u0410\u0422\u042c\u0415 GRETA \u0421 \u0411\u041e\u0413\u0410\u0422\u042b\u041c \u0422\u042e\u041b\u0415\u041c \u0418 \u0412\u042b\u0428\u0418\u0412\u041a\u041e\u0419"},"content":{"rendered":"<p>\u0421\u0432\u0430\u0434\u0435\u0431\u043d\u043e\u0435 \u043f\u043b\u0430\u0442\u044c\u0435 \u0432\u0430\u0448\u0435\u0439 \u043c\u0435\u0447\u0442\u044b, \u0441\u043e\u0447\u0435\u0442\u0430\u044e\u0449\u0435\u0435 \u0432 \u0441\u0435\u0431\u0435 \u043a\u043b\u0430\u0441\u0441\u0438\u0447\u0435\u0441\u043a\u0443\u044e \u044d\u043b\u0435\u0433\u0430\u043d\u0442\u043d\u043e\u0441\u0442\u044c \u0438 \u0441\u043e\u0432\u0440\u0435\u043c\u0435\u043d\u043d\u044b\u0439 \u0448\u0430\u0440\u043c. \u0421\u0432\u0430\u0434\u0435\u0431\u043d\u043e\u0435 \u043f\u043b\u0430\u0442\u044c\u0435 Greta \u0441\u043e\u0437\u0434\u0430\u043d\u043e \u0434\u043b\u044f \u043d\u0435\u0432\u0435\u0441\u0442\u044b, \u043a\u043e\u0442\u043e\u0440\u0430\u044f \u0438\u0449\u0435\u0442 \u043f\u0440\u043e\u0441\u0442\u043e\u0439, \u0440\u043e\u0441\u043a\u043e\u0448\u043d\u044b\u0439 \u0438 \u0432\u043d\u0435\u0432\u0440\u0435\u043c\u0435\u043d\u043d\u043e\u0439 \u043e\u0431\u0440\u0430\u0437 \u0434\u043b\u044f \u0441\u0432\u043e\u0435\u0433\u043e \u0437\u043d\u0430\u043c\u0435\u043d\u0430\u0442\u0435\u043b\u044c\u043d\u043e\u0433\u043e \u0434\u043d\u044f.<\/p>\n<p><strong>\u041e\u0441\u043e\u0431\u0435\u043d\u043d\u043e\u0441\u0442\u0438:<\/strong><\/p>\n<ul>\n<li><em>\u041a\u043b\u0430\u0441\u0441\u0438\u0447\u0435\u0441\u043a\u0438\u0439 \u043a\u0440\u043e\u0439<\/em>: \u0421\u0432\u0430\u0434\u0435\u0431\u043d\u043e\u0435 \u043f\u043b\u0430\u0442\u044c\u0435 Greta \u0438\u043c\u0435\u0435\u0442 \u043a\u043b\u0430\u0441\u0441\u0438\u0447\u0435\u0441\u043a\u0438\u0439 \u043a\u0440\u043e\u0439, \u043a\u043e\u0442\u043e\u0440\u044b\u0439 \u043f\u043e\u0434\u0445\u043e\u0434\u0438\u0442 \u0432\u0441\u0435\u043c \u0442\u0438\u043f\u0430\u043c \u0444\u0438\u0433\u0443\u0440\u044b \u0438 \u043f\u043e\u0434\u0447\u0435\u0440\u043a\u0438\u0432\u0430\u0435\u0442 \u043a\u0440\u0430\u0441\u043e\u0442\u0443 \u043d\u0435\u0432\u0435\u0441\u0442\u044b.<\/li>\n<li><em>\u041d\u0435\u043e\u0431\u0440\u0430\u0431\u043e\u0442\u0430\u043d\u043d\u044b\u0439 \u0442\u044e\u043b\u044c<\/em>: \u0411\u043e\u0433\u0430\u0442\u044b\u0439 \u0442\u044e\u043b\u044c \u043f\u043b\u0430\u0442\u044c\u044f \u0441\u043e\u0437\u0434\u0430\u0435\u0442 \u0440\u043e\u043c\u0430\u043d\u0442\u0438\u0447\u0435\u0441\u043a\u0438\u0439 \u0438 \u0441\u043a\u0430\u0437\u043e\u0447\u043d\u044b\u0439 \u043e\u0431\u0440\u0430\u0437, \u0434\u043e\u0431\u0430\u0432\u043b\u044f\u044f \u043e\u0431\u044a\u0435\u043c \u0438 \u0438\u0437\u044f\u0449\u0435\u0441\u0442\u0432\u043e \u043a\u0430\u0436\u0434\u043e\u043c\u0443 \u0448\u0430\u0433\u0443.<\/li>\n<li><em>\u0412\u044b\u0448\u0438\u0442\u044b\u0435 \u0443\u043a\u0440\u0430\u0448\u0435\u043d\u0438\u044f<\/em>: \u0414\u0435\u0442\u0430\u043b\u0438 \u0443\u043a\u0440\u0430\u0448\u0435\u043d\u044b \u043d\u0435\u0436\u043d\u043e\u0439 \u0432\u044b\u0448\u0438\u0432\u043a\u043e\u0439, \u043f\u0440\u0438\u0434\u0430\u044e\u0449\u0435\u0439 \u043f\u043b\u0430\u0442\u044c\u044e \u0440\u043e\u0441\u043a\u043e\u0448\u043d\u044b\u0439 \u0438 \u043d\u0435\u043f\u043e\u0432\u0442\u043e\u0440\u0438\u043c\u044b\u0439 \u0432\u0438\u0434.<\/li>\n<li><em>\u0412\u044b\u0441\u043e\u043a\u043e\u043a\u0430\u0447\u0435\u0441\u0442\u0432\u0435\u043d\u043d\u044b\u0439 \u043c\u0430\u0442\u0435\u0440\u0438\u0430\u043b<\/em>: \u0418\u0437\u0433\u043e\u0442\u043e\u0432\u043b\u0435\u043d\u044b \u0438\u0437 \u043b\u0443\u0447\u0448\u0438\u0445 \u043c\u0430\u0442\u0435\u0440\u0438\u0430\u043b\u043e\u0432 \u0434\u043b\u044f \u043a\u043e\u043c\u0444\u043e\u0440\u0442\u0430 \u0438 \u0434\u043e\u043b\u0433\u043e\u0432\u0435\u0447\u043d\u043e\u0441\u0442\u0438 \u0432 \u0442\u0435\u0447\u0435\u043d\u0438\u0435 \u0432\u0441\u0435\u0433\u043e \u0441\u0432\u0430\u0434\u0435\u0431\u043d\u043e\u0433\u043e \u0434\u043d\u044f.<\/li>\n<\/ul>\n<p>\u0421\u0432\u0430\u0434\u0435\u0431\u043d\u043e\u0435 \u043f\u043b\u0430\u0442\u044c\u0435 Greta - \u0438\u0434\u0435\u0430\u043b\u044c\u043d\u044b\u0439 \u0432\u044b\u0431\u043e\u0440 \u0434\u043b\u044f \u043d\u0435\u0432\u0435\u0441\u0442\u044b, \u043a\u043e\u0442\u043e\u0440\u0430\u044f \u0445\u043e\u0447\u0435\u0442 \u0447\u0443\u0432\u0441\u0442\u0432\u043e\u0432\u0430\u0442\u044c \u0441\u0435\u0431\u044f \u043f\u043e-\u043d\u0430\u0441\u0442\u043e\u044f\u0449\u0435\u043c\u0443 \u043e\u0441\u043e\u0431\u0435\u043d\u043d\u043e\u0439 \u0432 \u0434\u0435\u043d\u044c \u0441\u0432\u043e\u0435\u0439 \u0441\u0432\u0430\u0434\u044c\u0431\u044b. \u041d\u0435\u043f\u043e\u0434\u0432\u043b\u0430\u0441\u0442\u043d\u0430\u044f \u0432\u0440\u0435\u043c\u0435\u043d\u0438 \u043a\u0440\u0430\u0441\u043e\u0442\u0430 \u0438 \u044d\u043b\u0435\u0433\u0430\u043d\u0442\u043d\u044b\u0439 \u0434\u0438\u0437\u0430\u0439\u043d \u044d\u0442\u043e\u0433\u043e \u043f\u043b\u0430\u0442\u044c\u044f \u0434\u0435\u043b\u0430\u044e\u0442 \u0435\u0433\u043e \u043d\u0435\u0437\u0430\u0431\u044b\u0432\u0430\u0435\u043c\u044b\u043c \u043d\u0430\u0440\u044f\u0434\u043e\u043c, \u043a\u043e\u0442\u043e\u0440\u044b\u0439 \u0437\u0430\u043f\u043e\u043c\u043d\u0438\u0442\u0441\u044f \u043d\u0430 \u0432\u0441\u044e \u0436\u0438\u0437\u043d\u044c. \u041e\u0442\u043a\u0440\u043e\u0439\u0442\u0435 \u0434\u043b\u044f \u0441\u0435\u0431\u044f \u0441\u0432\u0430\u0434\u0435\u0431\u043d\u043e\u0435 \u043f\u043b\u0430\u0442\u044c\u0435 \u0441\u0432\u043e\u0435\u0439 \u043c\u0435\u0447\u0442\u044b \u0432 \u0431\u0443\u0442\u0438\u043a\u0435 Karini \u0438 \u043f\u043e\u0437\u0432\u043e\u043b\u044c\u0442\u0435 \u043f\u043b\u0430\u0442\u044c\u044e Greta \u0441\u0434\u0435\u043b\u0430\u0442\u044c \u0432\u0430\u0448 \u0431\u043e\u043b\u044c\u0448\u043e\u0439 \u0434\u0435\u043d\u044c \u0438\u0434\u0435\u0430\u043b\u044c\u043d\u044b\u043c!<\/p>","protected":false},"excerpt":{"rendered":"<p>Unistuste pulmakleit, mis \u00fchendab klassikalise elegantsi ja kaasaegse v\u00f5lu. Greta pulmakleit on loodud pruudile, kes otsib lihtsat, luksuslikku ja ajatut [&hellip;]<\/p>\n","protected":false},"featured_media":17564,"template":"","meta":{"site-sidebar-layout":"default","site-content-layout":"","ast-site-content-layout":"default","site-content-style":"default","site-sidebar-style":"default","ast-global-header-display":"","ast-banner-title-visibility":"","ast-main-header-display":"","ast-hfb-above-header-display":"","ast-hfb-below-header-display":"","ast-hfb-mobile-header-display":"","site-post-title":"","ast-breadcrumbs-content":"","ast-featured-img":"","footer-sml-layout":"","ast-disable-related-posts":"","theme-transparent-header-meta":"default","adv-header-id-meta":"","stick-header-meta":"default","header-above-stick-meta":"","header-main-stick-meta":"","header-below-stick-meta":"","astra-migrate-meta-layouts":"set","ast-page-background-enabled":"default","ast-page-background-meta":{"desktop":{"background-color":"var(--ast-global-color-4)","background-image":"","background-repeat":"repeat","background-position":"center center","background-size":"auto","background-attachment":"scroll","background-type":"","background-media":"","overlay-type":"","overlay-color":"","overlay-opacity":"","overlay-gradient":""},"tablet":{"background-color":"","background-image":"","background-repeat":"repeat","background-position":"center center","background-size":"auto","background-attachment":"scroll","background-type":"","background-media":"","overlay-type":"","overlay-color":"","overlay-opacity":"","overlay-gradient":""},"mobile":{"background-color":"","background-image":"","background-repeat":"repeat","background-position":"center center","background-size":"auto","background-attachment":"scroll","background-type":"","background-media":"","overlay-type":"","overlay-color":"","overlay-opacity":"","overlay-gradient":""}},"ast-content-background-meta":{"desktop":{"background-color":"var(--ast-global-color-5)","background-image":"","background-repeat":"repeat","background-position":"center center","background-size":"auto","background-attachment":"scroll","background-type":"","background-media":"","overlay-type":"","overlay-color":"","overlay-opacity":"","overlay-gradient":""},"tablet":{"background-color":"var(--ast-global-color-5)","background-image":"","background-repeat":"repeat","background-position":"center center","background-size":"auto","background-attachment":"scroll","background-type":"","background-media":"","overlay-type":"","overlay-color":"","overlay-opacity":"","overlay-gradient":""},"mobile":{"background-color":"var(--ast-global-color-5)","background-image":"","background-repeat":"repeat","background-position":"center center","background-size":"auto","background-attachment":"scroll","background-type":"","background-media":"","overlay-type":"","overlay-color":"","overlay-opacity":"","overlay-gradient":""}}},"product_brand":[],"product_cat":[346,347,350,357,351],"product_tag":[250,475,476,501,477,485,493,486,109,92,719,697,93,720,721],"class_list":{"0":"post-17567","1":"product","2":"type-product","3":"status-publish","4":"has-post-thumbnail","6":"product_cat-naised","7":"product_cat-kleidid","8":"product_cat-pulmakleidid-pruutneitside-kleidid","9":"product_cat-maksikleidid","10":"product_cat-uued-tooted","11":"product_tag-ametlik-sundmus","12":"product_tag-dresshouse","13":"product_tag-getdressed","14":"product_tag-karini-butiik","15":"product_tag-kleidibutiik","16":"product_tag-kleidipood","17":"product_tag-kleiditurg","18":"product_tag-maksikleidid","19":"product_tag-maksikleit","20":"product_tag-pidulikud-kleidid","21":"product_tag-pruudikleidid","22":"product_tag-pulmad","23":"product_tag-pulmakleidid","24":"product_tag-soodsad-pruudikleidid","25":"product_tag-soodsad-pulmakleidid","26":"desktop-align-center","27":"tablet-align-center","28":"mobile-align-center","29":"ast-product-gallery-layout-horizontal-slider","30":"ast-product-single-variable","31":"ast-product-tabs-layout-horizontal","33":"first","34":"outofstock","35":"taxable","36":"shipping-taxable","37":"product-type-variable"},"supplier_id":null,"supplier_sku":"","barcode":null,"atum_controlled":true,"out_stock_date":null,"out_stock_threshold":null,"inheritable":true,"inbound_stock":0,"stock_on_hold":0,"sold_today":0,"sales_last_days":0,"reserved_stock":0,"customer_returns":0,"warehouse_damage":0,"lost_in_post":0,"other_logs":0,"out_stock_days":0,"lost_sales":0,"has_location":false,"update_date":"2025-12-04T01:45:36","atum_locations":[],"atum_stock_status":"outofstock","restock_status":false,"low_stock_amount":"","sales_update_date":"2025-12-04T01:45:36","calc_backorders":null,"yoast_head":"<!-- This site is optimized with the Yoast SEO plugin v26.9 - https:\/\/yoast.com\/product\/yoast-seo-wordpress\/ -->\n<title>ROHKE T\u00dcLLI JA TIKANDITEGA PULMAKLEIT GRETA - Karini Butiik<\/title>\n<meta name=\"description\" content=\"Unusta igavus! Oma suureks p\u00e4evaks vali unistuste pulmakleit, mis \u00fchendab klassikalise elegantsi ja kaasaegse v\u00f5lu. Tutvu meie valikuga juba t\u00e4na!\" \/>\n<meta name=\"robots\" content=\"index, follow, max-snippet:-1, max-image-preview:large, max-video-preview:-1\" \/>\n<link rel=\"canonical\" href=\"https:\/\/www.karinibutiik.ee\/ru\/\u043f\u0440\u043e\u0434\u0443\u043a\u0442\/\u0441\u0432\u0430\u0434\u0435\u0431\u043d\u043e\u0435-\u043f\u043b\u0430\u0442\u044c\u0435-greta-\u0441-\u0431\u043e\u0433\u0430\u0442\u044b\u043c-\u0442\u044e\u043b\u0435\u043c-\u0438-\u0432\u044b\/\" \/>\n<meta property=\"og:locale\" content=\"ru_RU\" \/>\n<meta property=\"og:type\" content=\"article\" \/>\n<meta property=\"og:title\" content=\"ROHKE T\u00dcLLI JA TIKANDITEGA PULMAKLEIT GRETA - Karini Butiik\" \/>\n<meta property=\"og:description\" content=\"Unusta igavus! Oma suureks p\u00e4evaks vali unistuste pulmakleit, mis \u00fchendab klassikalise elegantsi ja kaasaegse v\u00f5lu. Tutvu meie valikuga juba t\u00e4na!\" \/>\n<meta property=\"og:url\" content=\"https:\/\/www.karinibutiik.ee\/ru\/\u043f\u0440\u043e\u0434\u0443\u043a\u0442\/\u0441\u0432\u0430\u0434\u0435\u0431\u043d\u043e\u0435-\u043f\u043b\u0430\u0442\u044c\u0435-greta-\u0441-\u0431\u043e\u0433\u0430\u0442\u044b\u043c-\u0442\u044e\u043b\u0435\u043c-\u0438-\u0432\u044b\/\" \/>\n<meta property=\"og:site_name\" content=\"Karini Butiik\" \/>\n<meta property=\"article:publisher\" content=\"https:\/\/www.facebook.com\/karinibutiik.ee\" \/>\n<meta property=\"article:modified_time\" content=\"2025-06-30T21:49:29+00:00\" \/>\n<meta property=\"og:image\" content=\"https:\/\/www.karinibutiik.ee\/wp-content\/uploads\/2024\/07\/240723_Karini_Butiik_Erlend_Staub22-scaled.jpg\" \/>\n\t<meta property=\"og:image:width\" content=\"2048\" \/>\n\t<meta property=\"og:image:height\" content=\"2560\" \/>\n\t<meta property=\"og:image:type\" content=\"image\/jpeg\" \/>\n<meta name=\"twitter:card\" content=\"summary_large_image\" \/>\n<meta name=\"twitter:label1\" content=\"\u0414\u043e\u0441\u0442\u0443\u043f\u043d\u043e\u0441\u0442\u044c\" \/>\n\t<meta name=\"twitter:data1\" content=\"\u0420\u0430\u0441\u043f\u0440\u043e\u0434\u0430\u043d\u043e\" \/>\n<script type=\"application\/ld+json\" class=\"yoast-schema-graph\">{\"@context\":\"https:\/\/schema.org\",\"@graph\":[{\"@type\":\"WebPage\",\"@id\":\"https:\/\/www.karinibutiik.ee\/toode\/rohke-tulli-ja-tikanditega-pulmakleit-greta\/\",\"url\":\"https:\/\/www.karinibutiik.ee\/toode\/rohke-tulli-ja-tikanditega-pulmakleit-greta\/\",\"name\":\"ROHKE T\u00dcLLI JA TIKANDITEGA PULMAKLEIT GRETA - Karini Butiik\",\"isPartOf\":{\"@id\":\"https:\/\/www.karinibutiik.ee\/#website\"},\"primaryImageOfPage\":{\"@id\":\"https:\/\/www.karinibutiik.ee\/toode\/rohke-tulli-ja-tikanditega-pulmakleit-greta\/#primaryimage\"},\"image\":{\"@id\":\"https:\/\/www.karinibutiik.ee\/toode\/rohke-tulli-ja-tikanditega-pulmakleit-greta\/#primaryimage\"},\"thumbnailUrl\":\"https:\/\/www.karinibutiik.ee\/wp-content\/uploads\/2024\/07\/240723_Karini_Butiik_Erlend_Staub22-scaled.jpg\",\"datePublished\":\"2024-10-24T17:15:28+00:00\",\"dateModified\":\"2025-06-30T21:49:29+00:00\",\"description\":\"Unusta igavus! Oma suureks p\u00e4evaks vali unistuste pulmakleit, mis \u00fchendab klassikalise elegantsi ja kaasaegse v\u00f5lu. Tutvu meie valikuga juba t\u00e4na!\",\"breadcrumb\":{\"@id\":\"https:\/\/www.karinibutiik.ee\/toode\/rohke-tulli-ja-tikanditega-pulmakleit-greta\/#breadcrumb\"},\"inLanguage\":\"ru-RU\",\"potentialAction\":[{\"@type\":\"ReadAction\",\"target\":[\"https:\/\/www.karinibutiik.ee\/toode\/rohke-tulli-ja-tikanditega-pulmakleit-greta\/\"]}]},{\"@type\":\"ImageObject\",\"inLanguage\":\"ru-RU\",\"@id\":\"https:\/\/www.karinibutiik.ee\/toode\/rohke-tulli-ja-tikanditega-pulmakleit-greta\/#primaryimage\",\"url\":\"https:\/\/www.karinibutiik.ee\/wp-content\/uploads\/2024\/07\/240723_Karini_Butiik_Erlend_Staub22-scaled.jpg\",\"contentUrl\":\"https:\/\/www.karinibutiik.ee\/wp-content\/uploads\/2024\/07\/240723_Karini_Butiik_Erlend_Staub22-scaled.jpg\",\"width\":2048,\"height\":2560,\"caption\":\"Rohke t\u00fclliga pulmakleit\"},{\"@type\":\"BreadcrumbList\",\"@id\":\"https:\/\/www.karinibutiik.ee\/toode\/rohke-tulli-ja-tikanditega-pulmakleit-greta\/#breadcrumb\",\"itemListElement\":[{\"@type\":\"ListItem\",\"position\":1,\"name\":\"Home\",\"item\":\"https:\/\/www.karinibutiik.ee\/\"},{\"@type\":\"ListItem\",\"position\":2,\"name\":\"Pood\",\"item\":\"https:\/\/www.karinibutiik.ee\/pood\/\"},{\"@type\":\"ListItem\",\"position\":3,\"name\":\"ROHKE T\u00dcLLI JA TIKANDITEGA PULMAKLEIT GRETA\"}]},{\"@type\":\"WebSite\",\"@id\":\"https:\/\/www.karinibutiik.ee\/#website\",\"url\":\"https:\/\/www.karinibutiik.ee\/\",\"name\":\"Karini Butiik\",\"description\":\"\",\"publisher\":{\"@id\":\"https:\/\/www.karinibutiik.ee\/#organization\"},\"potentialAction\":[{\"@type\":\"SearchAction\",\"target\":{\"@type\":\"EntryPoint\",\"urlTemplate\":\"https:\/\/www.karinibutiik.ee\/?s={search_term_string}\"},\"query-input\":{\"@type\":\"PropertyValueSpecification\",\"valueRequired\":true,\"valueName\":\"search_term_string\"}}],\"inLanguage\":\"ru-RU\"},{\"@type\":\"Organization\",\"@id\":\"https:\/\/www.karinibutiik.ee\/#organization\",\"name\":\"Karini Butiik\",\"url\":\"https:\/\/www.karinibutiik.ee\/\",\"logo\":{\"@type\":\"ImageObject\",\"inLanguage\":\"ru-RU\",\"@id\":\"https:\/\/www.karinibutiik.ee\/#\/schema\/logo\/image\/\",\"url\":\"https:\/\/www.karinibutiik.ee\/wp-content\/uploads\/2024\/10\/Kuj.-K-koopia.png\",\"contentUrl\":\"https:\/\/www.karinibutiik.ee\/wp-content\/uploads\/2024\/10\/Kuj.-K-koopia.png\",\"width\":500,\"height\":500,\"caption\":\"Karini Butiik\"},\"image\":{\"@id\":\"https:\/\/www.karinibutiik.ee\/#\/schema\/logo\/image\/\"},\"sameAs\":[\"https:\/\/www.facebook.com\/karinibutiik.ee\",\"https:\/\/www.instagram.com\/karinibutiik\"]}]}<\/script>\n<meta property=\"og:availability\" content=\"out of stock\" \/>\n<meta property=\"product:availability\" content=\"out of stock\" \/>\n<meta property=\"product:retailer_item_id\" content=\"87004\" \/>\n<meta property=\"product:condition\" content=\"new\" \/>\n<!-- \/ Yoast SEO plugin. -->","yoast_head_json":{"title":"GRETA BULK SHIRT WITH BUTTONS AND EMBROIDERY - Karini Butiik","description":"\u0417\u0430\u0431\u0443\u0434\u044c\u0442\u0435 \u043e \u0441\u043a\u0443\u043a\u0435! \u0414\u043b\u044f \u0441\u0432\u043e\u0435\u0433\u043e \u0437\u043d\u0430\u043c\u0435\u043d\u0430\u0442\u0435\u043b\u044c\u043d\u043e\u0433\u043e \u0434\u043d\u044f \u0432\u044b\u0431\u0435\u0440\u0438\u0442\u0435 \u0441\u0432\u0430\u0434\u0435\u0431\u043d\u043e\u0435 \u043f\u043b\u0430\u0442\u044c\u0435 \u0441\u0432\u043e\u0435\u0439 \u043c\u0435\u0447\u0442\u044b, \u0441\u043e\u0447\u0435\u0442\u0430\u044e\u0449\u0435\u0435 \u0432 \u0441\u0435\u0431\u0435 \u043a\u043b\u0430\u0441\u0441\u0438\u0447\u0435\u0441\u043a\u0443\u044e \u044d\u043b\u0435\u0433\u0430\u043d\u0442\u043d\u043e\u0441\u0442\u044c \u0438 \u0441\u043e\u0432\u0440\u0435\u043c\u0435\u043d\u043d\u044b\u0439 \u0448\u0430\u0440\u043c. \u041e\u0437\u043d\u0430\u043a\u043e\u043c\u044c\u0442\u0435\u0441\u044c \u0441 \u043d\u0430\u0448\u0438\u043c \u0430\u0441\u0441\u043e\u0440\u0442\u0438\u043c\u0435\u043d\u0442\u043e\u043c \u0443\u0436\u0435 \u0441\u0435\u0433\u043e\u0434\u043d\u044f!","robots":{"index":"index","follow":"follow","max-snippet":"max-snippet:-1","max-image-preview":"max-image-preview:large","max-video-preview":"max-video-preview:-1"},"canonical":"https:\/\/www.karinibutiik.ee\/ru\/\u043f\u0440\u043e\u0434\u0443\u043a\u0442\/\u0441\u0432\u0430\u0434\u0435\u0431\u043d\u043e\u0435-\u043f\u043b\u0430\u0442\u044c\u0435-greta-\u0441-\u0431\u043e\u0433\u0430\u0442\u044b\u043c-\u0442\u044e\u043b\u0435\u043c-\u0438-\u0432\u044b\/","og_locale":"ru_RU","og_type":"article","og_title":"ROHKE T\u00dcLLI JA TIKANDITEGA PULMAKLEIT GRETA - Karini Butiik","og_description":"Unusta igavus! Oma suureks p\u00e4evaks vali unistuste pulmakleit, mis \u00fchendab klassikalise elegantsi ja kaasaegse v\u00f5lu. Tutvu meie valikuga juba t\u00e4na!","og_url":"https:\/\/www.karinibutiik.ee\/ru\/\u043f\u0440\u043e\u0434\u0443\u043a\u0442\/\u0441\u0432\u0430\u0434\u0435\u0431\u043d\u043e\u0435-\u043f\u043b\u0430\u0442\u044c\u0435-greta-\u0441-\u0431\u043e\u0433\u0430\u0442\u044b\u043c-\u0442\u044e\u043b\u0435\u043c-\u0438-\u0432\u044b\/","og_site_name":"Karini Butiik","article_publisher":"https:\/\/www.facebook.com\/karinibutiik.ee","article_modified_time":"2025-06-30T21:49:29+00:00","og_image":[{"width":2048,"height":2560,"url":"https:\/\/www.karinibutiik.ee\/wp-content\/uploads\/2024\/07\/240723_Karini_Butiik_Erlend_Staub22-scaled.jpg","type":"image\/jpeg"}],"twitter_card":"summary_large_image","twitter_misc":{"\u0414\u043e\u0441\u0442\u0443\u043f\u043d\u043e\u0441\u0442\u044c":"\u0420\u0430\u0441\u043f\u0440\u043e\u0434\u0430\u043d\u043e"},"schema":{"@context":"https:\/\/schema.org","@graph":[{"@type":"WebPage","@id":"https:\/\/www.karinibutiik.ee\/toode\/rohke-tulli-ja-tikanditega-pulmakleit-greta\/","url":"https:\/\/www.karinibutiik.ee\/toode\/rohke-tulli-ja-tikanditega-pulmakleit-greta\/","name":"GRETA BULK SHIRT WITH BUTTONS AND EMBROIDERY - Karini Butiik","isPartOf":{"@id":"https:\/\/www.karinibutiik.ee\/#website"},"primaryImageOfPage":{"@id":"https:\/\/www.karinibutiik.ee\/toode\/rohke-tulli-ja-tikanditega-pulmakleit-greta\/#primaryimage"},"image":{"@id":"https:\/\/www.karinibutiik.ee\/toode\/rohke-tulli-ja-tikanditega-pulmakleit-greta\/#primaryimage"},"thumbnailUrl":"https:\/\/www.karinibutiik.ee\/wp-content\/uploads\/2024\/07\/240723_Karini_Butiik_Erlend_Staub22-scaled.jpg","datePublished":"2024-10-24T17:15:28+00:00","dateModified":"2025-06-30T21:49:29+00:00","description":"\u0417\u0430\u0431\u0443\u0434\u044c\u0442\u0435 \u043e \u0441\u043a\u0443\u043a\u0435! \u0414\u043b\u044f \u0441\u0432\u043e\u0435\u0433\u043e \u0437\u043d\u0430\u043c\u0435\u043d\u0430\u0442\u0435\u043b\u044c\u043d\u043e\u0433\u043e \u0434\u043d\u044f \u0432\u044b\u0431\u0435\u0440\u0438\u0442\u0435 \u0441\u0432\u0430\u0434\u0435\u0431\u043d\u043e\u0435 \u043f\u043b\u0430\u0442\u044c\u0435 \u0441\u0432\u043e\u0435\u0439 \u043c\u0435\u0447\u0442\u044b, \u0441\u043e\u0447\u0435\u0442\u0430\u044e\u0449\u0435\u0435 \u0432 \u0441\u0435\u0431\u0435 \u043a\u043b\u0430\u0441\u0441\u0438\u0447\u0435\u0441\u043a\u0443\u044e \u044d\u043b\u0435\u0433\u0430\u043d\u0442\u043d\u043e\u0441\u0442\u044c \u0438 \u0441\u043e\u0432\u0440\u0435\u043c\u0435\u043d\u043d\u044b\u0439 \u0448\u0430\u0440\u043c. \u041e\u0437\u043d\u0430\u043a\u043e\u043c\u044c\u0442\u0435\u0441\u044c \u0441 \u043d\u0430\u0448\u0438\u043c \u0430\u0441\u0441\u043e\u0440\u0442\u0438\u043c\u0435\u043d\u0442\u043e\u043c \u0443\u0436\u0435 \u0441\u0435\u0433\u043e\u0434\u043d\u044f!","breadcrumb":{"@id":"https:\/\/www.karinibutiik.ee\/toode\/rohke-tulli-ja-tikanditega-pulmakleit-greta\/#breadcrumb"},"inLanguage":"ru-RU","potentialAction":[{"@type":"ReadAction","target":["https:\/\/www.karinibutiik.ee\/toode\/rohke-tulli-ja-tikanditega-pulmakleit-greta\/"]}]},{"@type":"ImageObject","inLanguage":"ru-RU","@id":"https:\/\/www.karinibutiik.ee\/toode\/rohke-tulli-ja-tikanditega-pulmakleit-greta\/#primaryimage","url":"https:\/\/www.karinibutiik.ee\/wp-content\/uploads\/2024\/07\/240723_Karini_Butiik_Erlend_Staub22-scaled.jpg","contentUrl":"https:\/\/www.karinibutiik.ee\/wp-content\/uploads\/2024\/07\/240723_Karini_Butiik_Erlend_Staub22-scaled.jpg","width":2048,"height":2560,"caption":"Rohke t\u00fclliga pulmakleit"},{"@type":"BreadcrumbList","@id":"https:\/\/www.karinibutiik.ee\/toode\/rohke-tulli-ja-tikanditega-pulmakleit-greta\/#breadcrumb","itemListElement":[{"@type":"ListItem","position":1,"name":"Home","item":"https:\/\/www.karinibutiik.ee\/"},{"@type":"ListItem","position":2,"name":"Pood","item":"https:\/\/www.karinibutiik.ee\/pood\/"},{"@type":"ListItem","position":3,"name":"ROHKE T\u00dcLLI JA TIKANDITEGA PULMAKLEIT GRETA"}]},{"@type":"WebSite","@id":"https:\/\/www.karinibutiik.ee\/#website","url":"https:\/\/www.karinibutiik.ee\/","name":"\u041a\u0430\u0440\u0438\u043d\u0438 \u0411\u0443\u0442\u0438\u043a","description":"","publisher":{"@id":"https:\/\/www.karinibutiik.ee\/#organization"},"potentialAction":[{"@type":"SearchAction","target":{"@type":"EntryPoint","urlTemplate":"https:\/\/www.karinibutiik.ee\/?s={search_term_string}"},"query-input":{"@type":"PropertyValueSpecification","valueRequired":true,"valueName":"search_term_string"}}],"inLanguage":"ru-RU"},{"@type":"Organization","@id":"https:\/\/www.karinibutiik.ee\/#organization","name":"\u041a\u0430\u0440\u0438\u043d\u0438 \u0411\u0443\u0442\u0438\u043a","url":"https:\/\/www.karinibutiik.ee\/","logo":{"@type":"ImageObject","inLanguage":"ru-RU","@id":"https:\/\/www.karinibutiik.ee\/#\/schema\/logo\/image\/","url":"https:\/\/www.karinibutiik.ee\/wp-content\/uploads\/2024\/10\/Kuj.-K-koopia.png","contentUrl":"https:\/\/www.karinibutiik.ee\/wp-content\/uploads\/2024\/10\/Kuj.-K-koopia.png","width":500,"height":500,"caption":"Karini Butiik"},"image":{"@id":"https:\/\/www.karinibutiik.ee\/#\/schema\/logo\/image\/"},"sameAs":["https:\/\/www.facebook.com\/karinibutiik.ee","https:\/\/www.instagram.com\/karinibutiik"]}]},"og_availability":"out of stock","product_availability":"out of stock","product_retailer_item_id":"87004","product_condition":"new"},"_links":{"self":[{"href":"https:\/\/www.karinibutiik.ee\/ru\/wp-json\/wp\/v2\/product\/17567","targetHints":{"allow":["GET"]}}],"collection":[{"href":"https:\/\/www.karinibutiik.ee\/ru\/wp-json\/wp\/v2\/product"}],"about":[{"href":"https:\/\/www.karinibutiik.ee\/ru\/wp-json\/wp\/v2\/types\/product"}],"version-history":[{"count":3,"href":"https:\/\/www.karinibutiik.ee\/ru\/wp-json\/wp\/v2\/product\/17567\/revisions"}],"predecessor-version":[{"id":18134,"href":"https:\/\/www.karinibutiik.ee\/ru\/wp-json\/wp\/v2\/product\/17567\/revisions\/18134"}],"wp:featuredmedia":[{"embeddable":true,"href":"https:\/\/www.karinibutiik.ee\/ru\/wp-json\/wp\/v2\/media\/17564"}],"wp:attachment":[{"href":"https:\/\/www.karinibutiik.ee\/ru\/wp-json\/wp\/v2\/media?parent=17567"}],"wp:term":[{"taxonomy":"product_brand","embeddable":true,"href":"https:\/\/www.karinibutiik.ee\/ru\/wp-json\/wp\/v2\/product_brand?post=17567"},{"taxonomy":"product_cat","embeddable":true,"href":"https:\/\/www.karinibutiik.ee\/ru\/wp-json\/wp\/v2\/product_cat?post=17567"},{"taxonomy":"product_tag","embeddable":true,"href":"https:\/\/www.karinibutiik.ee\/ru\/wp-json\/wp\/v2\/product_tag?post=17567"}],"curies":[{"name":"wp","href":"https:\/\/api.w.org\/{rel}","templated":true}]}}