{"id":17952,"date":"2024-08-10T08:17:50","date_gmt":"2024-08-10T08:17:50","guid":{"rendered":"https:\/\/www.karinibutiik.ee\/?post_type=product&#038;p=17952"},"modified":"2025-07-01T00:49:04","modified_gmt":"2025-06-30T21:49:04","slug":"%d1%82%d1%83%d1%84%d0%bb%d0%b8-%d1%81%d0%b5%d0%b4%d0%bb%d0%b0-%d0%bd%d0%b0-%d0%b2%d1%8b%d1%81%d0%be%d0%ba%d0%be%d0%bc-%d0%ba%d0%b0%d0%b1%d0%bb%d1%83%d0%ba%d0%b5","status":"publish","type":"product","link":"https:\/\/www.karinibutiik.ee\/ru\/%d0%bf%d1%80%d0%be%d0%b4%d1%83%d0%ba%d1%82\/%d1%82%d1%83%d1%84%d0%bb%d0%b8-%d1%81%d0%b5%d0%b4%d0%bb%d0%b0-%d0%bd%d0%b0-%d0%b2%d1%8b%d1%81%d0%be%d0%ba%d0%be%d0%bc-%d0%ba%d0%b0%d0%b1%d0%bb%d1%83%d0%ba%d0%b5\/","title":{"rendered":"\u0422\u0443\u0444\u043b\u0438 \u043d\u0430 \u0432\u044b\u0441\u043e\u043a\u043e\u043c \u043a\u0430\u0431\u043b\u0443\u043a\u0435 \u0441 \u0431\u043b\u0435\u0441\u0442\u043a\u0430\u043c\u0438"},"content":{"rendered":"<p>\u0414\u043e\u0431\u0430\u0432\u044c\u0442\u0435 \u043d\u0435\u043c\u043d\u043e\u0433\u043e \u0431\u043b\u0435\u0441\u043a\u0430 \u0432 \u0441\u0432\u043e\u0438 \u0448\u0430\u0433\u0438 \u0441 \u043f\u043e\u043c\u043e\u0449\u044c\u044e \u044d\u0442\u0438\u0445 \u043f\u0440\u0438\u0432\u043b\u0435\u043a\u0430\u0442\u0435\u043b\u044c\u043d\u044b\u0445 \u0442\u0443\u0444\u0435\u043b\u044c \u0441 \u0431\u043b\u0435\u0441\u0442\u043a\u0430\u043c\u0438 \u043d\u0430 \u0432\u044b\u0441\u043e\u043a\u043e\u043c \u043a\u0430\u0431\u043b\u0443\u043a\u0435. \u041a\u0430\u0431\u043b\u0443\u043a \u0432\u044b\u0441\u043e\u0442\u043e\u0439 9,5 \u0441\u043c \u043e\u0431\u0435\u0441\u043f\u0435\u0447\u0438\u0432\u0430\u0435\u0442 \u0438\u0434\u0435\u0430\u043b\u044c\u043d\u044b\u0439 \u0431\u0430\u043b\u0430\u043d\u0441 \u044d\u043b\u0435\u0433\u0430\u043d\u0442\u043d\u043e\u0441\u0442\u0438 \u0438 \u043a\u043e\u043c\u0444\u043e\u0440\u0442\u0430, \u043f\u043e\u0434\u043d\u0438\u043c\u0430\u044f \u0432\u0430\u0448 \u0441\u0442\u0438\u043b\u044c \u043d\u0430 \u043d\u043e\u0432\u044b\u0439 \u0443\u0440\u043e\u0432\u0435\u043d\u044c. \u042d\u0442\u0438 \u0442\u0443\u0444\u043b\u0438 \u0441\u043e\u0437\u0434\u0430\u043d\u044b \u0434\u043b\u044f \u0442\u0435\u0445, \u043a\u0442\u043e \u043b\u044e\u0431\u0438\u0442 \u0432\u043d\u0438\u043c\u0430\u043d\u0438\u0435 \u0438 \u0445\u043e\u0447\u0435\u0442 \u0431\u043b\u0438\u0441\u0442\u0430\u0442\u044c \u0441 \u043a\u0430\u0436\u0434\u044b\u043c \u0448\u0430\u0433\u043e\u043c. \u0418\u0434\u0435\u0430\u043b\u044c\u043d\u044b\u0439 \u0432\u044b\u0431\u043e\u0440 \u0434\u043b\u044f \u043e\u0444\u0438\u0446\u0438\u0430\u043b\u044c\u043d\u044b\u0445 \u043c\u0435\u0440\u043e\u043f\u0440\u0438\u044f\u0442\u0438\u0439 \u0438 \u0432\u0435\u0447\u0435\u0440\u043d\u0438\u0445 \u0432\u044b\u0445\u043e\u0434\u043e\u0432, \u044d\u0442\u0438 \u0442\u0443\u0444\u043b\u0438 \u0434\u043e\u0431\u0430\u0432\u044f\u0442 \u0433\u043b\u0430\u043c\u0443\u0440\u0430 \u0438 \u0443\u0432\u0435\u0440\u0435\u043d\u043d\u043e\u0441\u0442\u0438 \u043b\u044e\u0431\u043e\u043c\u0443 \u043d\u0430\u0440\u044f\u0434\u0443.<\/p>","protected":false},"excerpt":{"rendered":"<p>Lisa oma sammudele s\u00e4ra nende k\u00f5rge kontsaga pilkup\u00fc\u00fcdvate s\u00e4delusega kingadega. 9,5 cm k\u00f5rgune konts pakub t\u00e4iuslikku tasakaalu elegantsi ja mugavuse [&hellip;]<\/p>\n","protected":false},"featured_media":17953,"template":"","meta":{"site-sidebar-layout":"default","site-content-layout":"","ast-site-content-layout":"default","site-content-style":"default","site-sidebar-style":"default","ast-global-header-display":"","ast-banner-title-visibility":"","ast-main-header-display":"","ast-hfb-above-header-display":"","ast-hfb-below-header-display":"","ast-hfb-mobile-header-display":"","site-post-title":"","ast-breadcrumbs-content":"","ast-featured-img":"","footer-sml-layout":"","ast-disable-related-posts":"","theme-transparent-header-meta":"default","adv-header-id-meta":"","stick-header-meta":"default","header-above-stick-meta":"","header-main-stick-meta":"","header-below-stick-meta":"","astra-migrate-meta-layouts":"set","ast-page-background-enabled":"default","ast-page-background-meta":{"desktop":{"background-color":"var(--ast-global-color-4)","background-image":"","background-repeat":"repeat","background-position":"center center","background-size":"auto","background-attachment":"scroll","background-type":"","background-media":"","overlay-type":"","overlay-color":"","overlay-opacity":"","overlay-gradient":""},"tablet":{"background-color":"","background-image":"","background-repeat":"repeat","background-position":"center center","background-size":"auto","background-attachment":"scroll","background-type":"","background-media":"","overlay-type":"","overlay-color":"","overlay-opacity":"","overlay-gradient":""},"mobile":{"background-color":"","background-image":"","background-repeat":"repeat","background-position":"center center","background-size":"auto","background-attachment":"scroll","background-type":"","background-media":"","overlay-type":"","overlay-color":"","overlay-opacity":"","overlay-gradient":""}},"ast-content-background-meta":{"desktop":{"background-color":"var(--ast-global-color-5)","background-image":"","background-repeat":"repeat","background-position":"center center","background-size":"auto","background-attachment":"scroll","background-type":"","background-media":"","overlay-type":"","overlay-color":"","overlay-opacity":"","overlay-gradient":""},"tablet":{"background-color":"var(--ast-global-color-5)","background-image":"","background-repeat":"repeat","background-position":"center center","background-size":"auto","background-attachment":"scroll","background-type":"","background-media":"","overlay-type":"","overlay-color":"","overlay-opacity":"","overlay-gradient":""},"mobile":{"background-color":"var(--ast-global-color-5)","background-image":"","background-repeat":"repeat","background-position":"center center","background-size":"auto","background-attachment":"scroll","background-type":"","background-media":"","overlay-type":"","overlay-color":"","overlay-opacity":"","overlay-gradient":""}}},"product_brand":[],"product_cat":[390,391,346],"product_tag":[785,501,794,799,798,795,796,797,791],"class_list":{"0":"post-17952","1":"product","2":"type-product","3":"status-publish","4":"has-post-thumbnail","6":"product_cat-jalanoud","7":"product_cat-kingad","8":"product_cat-naised","9":"product_tag-jalatsite-epood","10":"product_tag-karini-butiik","11":"product_tag-kingad","12":"product_tag-kingade-epood","13":"product_tag-kingapood","14":"product_tag-korge-kontsaga-kingad","15":"product_tag-kuldsed-kingad","16":"product_tag-sadelusega-kingad","17":"product_tag-weekend","18":"desktop-align-center","19":"tablet-align-center","20":"mobile-align-center","21":"ast-product-gallery-layout-horizontal-slider","22":"ast-product-single-variable","23":"ast-product-tabs-layout-horizontal","25":"first","26":"outofstock","27":"taxable","28":"shipping-taxable","29":"product-type-variable"},"supplier_id":null,"supplier_sku":"","barcode":null,"atum_controlled":true,"out_stock_date":null,"out_stock_threshold":null,"inheritable":true,"inbound_stock":0,"stock_on_hold":0,"sold_today":0,"sales_last_days":0,"reserved_stock":0,"customer_returns":0,"warehouse_damage":0,"lost_in_post":0,"other_logs":0,"out_stock_days":0,"lost_sales":0,"has_location":false,"update_date":"2025-12-03T01:20:04","atum_locations":[],"atum_stock_status":"outofstock","restock_status":false,"low_stock_amount":"","sales_update_date":"2025-12-03T01:20:04","calc_backorders":null,"yoast_head":"<!-- This site is optimized with the Yoast SEO plugin v26.9 - https:\/\/yoast.com\/product\/yoast-seo-wordpress\/ -->\n<title>K\u00f5rge kontsaga s\u00e4delusega kingad - Karini Butiik<\/title>\n<meta name=\"description\" content=\"Lisage oma sammudele s\u00e4ra nende k\u00f5rge kontsaga kingadega! Stiilsed ja s\u00e4delevad, need kingad t\u00f5stavad teie stiili uuele tasemele. Saage pilgup\u00fc\u00fcdjaks!\" \/>\n<meta name=\"robots\" content=\"index, follow, max-snippet:-1, max-image-preview:large, max-video-preview:-1\" \/>\n<link rel=\"canonical\" href=\"https:\/\/www.karinibutiik.ee\/ru\/\u043f\u0440\u043e\u0434\u0443\u043a\u0442\/\u0442\u0443\u0444\u043b\u0438-\u0441\u0435\u0434\u043b\u0430-\u043d\u0430-\u0432\u044b\u0441\u043e\u043a\u043e\u043c-\u043a\u0430\u0431\u043b\u0443\u043a\u0435\/\" \/>\n<meta property=\"og:locale\" content=\"ru_RU\" \/>\n<meta property=\"og:type\" content=\"article\" \/>\n<meta property=\"og:title\" content=\"K\u00f5rge kontsaga s\u00e4delusega kingad - Karini Butiik\" \/>\n<meta property=\"og:description\" content=\"Lisage oma sammudele s\u00e4ra nende k\u00f5rge kontsaga kingadega! Stiilsed ja s\u00e4delevad, need kingad t\u00f5stavad teie stiili uuele tasemele. Saage pilgup\u00fc\u00fcdjaks!\" \/>\n<meta property=\"og:url\" content=\"https:\/\/www.karinibutiik.ee\/ru\/\u043f\u0440\u043e\u0434\u0443\u043a\u0442\/\u0442\u0443\u0444\u043b\u0438-\u0441\u0435\u0434\u043b\u0430-\u043d\u0430-\u0432\u044b\u0441\u043e\u043a\u043e\u043c-\u043a\u0430\u0431\u043b\u0443\u043a\u0435\/\" \/>\n<meta property=\"og:site_name\" content=\"Karini Butiik\" \/>\n<meta property=\"article:publisher\" content=\"https:\/\/www.facebook.com\/karinibutiik.ee\" \/>\n<meta property=\"article:modified_time\" content=\"2025-06-30T21:49:04+00:00\" \/>\n<meta property=\"og:image\" content=\"https:\/\/www.karinibutiik.ee\/wp-content\/uploads\/2024\/08\/IMG_0455.jpeg\" \/>\n\t<meta property=\"og:image:width\" content=\"1200\" \/>\n\t<meta property=\"og:image:height\" content=\"1500\" \/>\n\t<meta property=\"og:image:type\" content=\"image\/jpeg\" \/>\n<meta name=\"twitter:card\" content=\"summary_large_image\" \/>\n<meta name=\"twitter:label1\" content=\"\u0414\u043e\u0441\u0442\u0443\u043f\u043d\u043e\u0441\u0442\u044c\" \/>\n\t<meta name=\"twitter:data1\" content=\"\u0420\u0430\u0441\u043f\u0440\u043e\u0434\u0430\u043d\u043e\" \/>\n<script type=\"application\/ld+json\" class=\"yoast-schema-graph\">{\"@context\":\"https:\/\/schema.org\",\"@graph\":[{\"@type\":\"WebPage\",\"@id\":\"https:\/\/www.karinibutiik.ee\/toode\/korge-kontsaga-sadelusega-kingad\/\",\"url\":\"https:\/\/www.karinibutiik.ee\/toode\/korge-kontsaga-sadelusega-kingad\/\",\"name\":\"K\u00f5rge kontsaga s\u00e4delusega kingad - Karini Butiik\",\"isPartOf\":{\"@id\":\"https:\/\/www.karinibutiik.ee\/#website\"},\"primaryImageOfPage\":{\"@id\":\"https:\/\/www.karinibutiik.ee\/toode\/korge-kontsaga-sadelusega-kingad\/#primaryimage\"},\"image\":{\"@id\":\"https:\/\/www.karinibutiik.ee\/toode\/korge-kontsaga-sadelusega-kingad\/#primaryimage\"},\"thumbnailUrl\":\"https:\/\/www.karinibutiik.ee\/wp-content\/uploads\/2024\/08\/IMG_0455.jpeg\",\"datePublished\":\"2024-08-10T08:17:50+00:00\",\"dateModified\":\"2025-06-30T21:49:04+00:00\",\"description\":\"Lisage oma sammudele s\u00e4ra nende k\u00f5rge kontsaga kingadega! Stiilsed ja s\u00e4delevad, need kingad t\u00f5stavad teie stiili uuele tasemele. Saage pilgup\u00fc\u00fcdjaks!\",\"breadcrumb\":{\"@id\":\"https:\/\/www.karinibutiik.ee\/toode\/korge-kontsaga-sadelusega-kingad\/#breadcrumb\"},\"inLanguage\":\"ru-RU\",\"potentialAction\":[{\"@type\":\"ReadAction\",\"target\":[\"https:\/\/www.karinibutiik.ee\/toode\/korge-kontsaga-sadelusega-kingad\/\"]}]},{\"@type\":\"ImageObject\",\"inLanguage\":\"ru-RU\",\"@id\":\"https:\/\/www.karinibutiik.ee\/toode\/korge-kontsaga-sadelusega-kingad\/#primaryimage\",\"url\":\"https:\/\/www.karinibutiik.ee\/wp-content\/uploads\/2024\/08\/IMG_0455.jpeg\",\"contentUrl\":\"https:\/\/www.karinibutiik.ee\/wp-content\/uploads\/2024\/08\/IMG_0455.jpeg\",\"width\":1200,\"height\":1500},{\"@type\":\"BreadcrumbList\",\"@id\":\"https:\/\/www.karinibutiik.ee\/toode\/korge-kontsaga-sadelusega-kingad\/#breadcrumb\",\"itemListElement\":[{\"@type\":\"ListItem\",\"position\":1,\"name\":\"Home\",\"item\":\"https:\/\/www.karinibutiik.ee\/\"},{\"@type\":\"ListItem\",\"position\":2,\"name\":\"Pood\",\"item\":\"https:\/\/www.karinibutiik.ee\/pood\/\"},{\"@type\":\"ListItem\",\"position\":3,\"name\":\"K\u00f5rge kontsaga s\u00e4delusega kingad\"}]},{\"@type\":\"WebSite\",\"@id\":\"https:\/\/www.karinibutiik.ee\/#website\",\"url\":\"https:\/\/www.karinibutiik.ee\/\",\"name\":\"Karini Butiik\",\"description\":\"\",\"publisher\":{\"@id\":\"https:\/\/www.karinibutiik.ee\/#organization\"},\"potentialAction\":[{\"@type\":\"SearchAction\",\"target\":{\"@type\":\"EntryPoint\",\"urlTemplate\":\"https:\/\/www.karinibutiik.ee\/?s={search_term_string}\"},\"query-input\":{\"@type\":\"PropertyValueSpecification\",\"valueRequired\":true,\"valueName\":\"search_term_string\"}}],\"inLanguage\":\"ru-RU\"},{\"@type\":\"Organization\",\"@id\":\"https:\/\/www.karinibutiik.ee\/#organization\",\"name\":\"Karini Butiik\",\"url\":\"https:\/\/www.karinibutiik.ee\/\",\"logo\":{\"@type\":\"ImageObject\",\"inLanguage\":\"ru-RU\",\"@id\":\"https:\/\/www.karinibutiik.ee\/#\/schema\/logo\/image\/\",\"url\":\"https:\/\/www.karinibutiik.ee\/wp-content\/uploads\/2024\/10\/Kuj.-K-koopia.png\",\"contentUrl\":\"https:\/\/www.karinibutiik.ee\/wp-content\/uploads\/2024\/10\/Kuj.-K-koopia.png\",\"width\":500,\"height\":500,\"caption\":\"Karini Butiik\"},\"image\":{\"@id\":\"https:\/\/www.karinibutiik.ee\/#\/schema\/logo\/image\/\"},\"sameAs\":[\"https:\/\/www.facebook.com\/karinibutiik.ee\",\"https:\/\/www.instagram.com\/karinibutiik\"]}]}<\/script>\n<meta property=\"og:availability\" content=\"out of stock\" \/>\n<meta property=\"product:availability\" content=\"out of stock\" \/>\n<meta property=\"product:retailer_item_id\" content=\"19083\" \/>\n<meta property=\"product:condition\" content=\"new\" \/>\n<!-- \/ Yoast SEO plugin. -->","yoast_head_json":{"title":"\u0422\u0443\u0444\u043b\u0438 \u043d\u0430 \u0432\u044b\u0441\u043e\u043a\u043e\u043c \u043a\u0430\u0431\u043b\u0443\u043a\u0435 \u0441 \u0431\u043b\u0435\u0441\u0442\u043a\u0430\u043c\u0438 - Karini Butiik","description":"\u0414\u043e\u0431\u0430\u0432\u044c\u0442\u0435 \u043d\u0435\u043c\u043d\u043e\u0433\u043e \u0431\u043b\u0435\u0441\u043a\u0430 \u0432 \u0441\u0432\u043e\u0438 \u0448\u0430\u0433\u0438 \u0441 \u043f\u043e\u043c\u043e\u0449\u044c\u044e \u044d\u0442\u0438\u0445 \u0442\u0443\u0444\u0435\u043b\u044c \u043d\u0430 \u0432\u044b\u0441\u043e\u043a\u043e\u043c \u043a\u0430\u0431\u043b\u0443\u043a\u0435! \u0421\u0442\u0438\u043b\u044c\u043d\u044b\u0435 \u0438 \u0441\u0432\u0435\u0440\u043a\u0430\u044e\u0449\u0438\u0435, \u044d\u0442\u0438 \u0442\u0443\u0444\u043b\u0438 \u043f\u043e\u0434\u043d\u0438\u043c\u0443\u0442 \u0432\u0430\u0448 \u0441\u0442\u0438\u043b\u044c \u043d\u0430 \u043d\u043e\u0432\u044b\u0439 \u0443\u0440\u043e\u0432\u0435\u043d\u044c. \u0411\u0443\u0434\u044c\u0442\u0435 \u043f\u0440\u0438\u0432\u043b\u0435\u043a\u0430\u0442\u0435\u043b\u044c\u043d\u044b!","robots":{"index":"index","follow":"follow","max-snippet":"max-snippet:-1","max-image-preview":"max-image-preview:large","max-video-preview":"max-video-preview:-1"},"canonical":"https:\/\/www.karinibutiik.ee\/ru\/\u043f\u0440\u043e\u0434\u0443\u043a\u0442\/\u0442\u0443\u0444\u043b\u0438-\u0441\u0435\u0434\u043b\u0430-\u043d\u0430-\u0432\u044b\u0441\u043e\u043a\u043e\u043c-\u043a\u0430\u0431\u043b\u0443\u043a\u0435\/","og_locale":"ru_RU","og_type":"article","og_title":"K\u00f5rge kontsaga s\u00e4delusega kingad - Karini Butiik","og_description":"Lisage oma sammudele s\u00e4ra nende k\u00f5rge kontsaga kingadega! Stiilsed ja s\u00e4delevad, need kingad t\u00f5stavad teie stiili uuele tasemele. Saage pilgup\u00fc\u00fcdjaks!","og_url":"https:\/\/www.karinibutiik.ee\/ru\/\u043f\u0440\u043e\u0434\u0443\u043a\u0442\/\u0442\u0443\u0444\u043b\u0438-\u0441\u0435\u0434\u043b\u0430-\u043d\u0430-\u0432\u044b\u0441\u043e\u043a\u043e\u043c-\u043a\u0430\u0431\u043b\u0443\u043a\u0435\/","og_site_name":"Karini Butiik","article_publisher":"https:\/\/www.facebook.com\/karinibutiik.ee","article_modified_time":"2025-06-30T21:49:04+00:00","og_image":[{"width":1200,"height":1500,"url":"https:\/\/www.karinibutiik.ee\/wp-content\/uploads\/2024\/08\/IMG_0455.jpeg","type":"image\/jpeg"}],"twitter_card":"summary_large_image","twitter_misc":{"\u0414\u043e\u0441\u0442\u0443\u043f\u043d\u043e\u0441\u0442\u044c":"\u0420\u0430\u0441\u043f\u0440\u043e\u0434\u0430\u043d\u043e"},"schema":{"@context":"https:\/\/schema.org","@graph":[{"@type":"WebPage","@id":"https:\/\/www.karinibutiik.ee\/toode\/korge-kontsaga-sadelusega-kingad\/","url":"https:\/\/www.karinibutiik.ee\/toode\/korge-kontsaga-sadelusega-kingad\/","name":"\u0422\u0443\u0444\u043b\u0438 \u043d\u0430 \u0432\u044b\u0441\u043e\u043a\u043e\u043c \u043a\u0430\u0431\u043b\u0443\u043a\u0435 \u0441 \u0431\u043b\u0435\u0441\u0442\u043a\u0430\u043c\u0438 - Karini Butiik","isPartOf":{"@id":"https:\/\/www.karinibutiik.ee\/#website"},"primaryImageOfPage":{"@id":"https:\/\/www.karinibutiik.ee\/toode\/korge-kontsaga-sadelusega-kingad\/#primaryimage"},"image":{"@id":"https:\/\/www.karinibutiik.ee\/toode\/korge-kontsaga-sadelusega-kingad\/#primaryimage"},"thumbnailUrl":"https:\/\/www.karinibutiik.ee\/wp-content\/uploads\/2024\/08\/IMG_0455.jpeg","datePublished":"2024-08-10T08:17:50+00:00","dateModified":"2025-06-30T21:49:04+00:00","description":"\u0414\u043e\u0431\u0430\u0432\u044c\u0442\u0435 \u043d\u0435\u043c\u043d\u043e\u0433\u043e \u0431\u043b\u0435\u0441\u043a\u0430 \u0432 \u0441\u0432\u043e\u0438 \u0448\u0430\u0433\u0438 \u0441 \u043f\u043e\u043c\u043e\u0449\u044c\u044e \u044d\u0442\u0438\u0445 \u0442\u0443\u0444\u0435\u043b\u044c \u043d\u0430 \u0432\u044b\u0441\u043e\u043a\u043e\u043c \u043a\u0430\u0431\u043b\u0443\u043a\u0435! \u0421\u0442\u0438\u043b\u044c\u043d\u044b\u0435 \u0438 \u0441\u0432\u0435\u0440\u043a\u0430\u044e\u0449\u0438\u0435, \u044d\u0442\u0438 \u0442\u0443\u0444\u043b\u0438 \u043f\u043e\u0434\u043d\u0438\u043c\u0443\u0442 \u0432\u0430\u0448 \u0441\u0442\u0438\u043b\u044c \u043d\u0430 \u043d\u043e\u0432\u044b\u0439 \u0443\u0440\u043e\u0432\u0435\u043d\u044c. \u0411\u0443\u0434\u044c\u0442\u0435 \u043f\u0440\u0438\u0432\u043b\u0435\u043a\u0430\u0442\u0435\u043b\u044c\u043d\u044b!","breadcrumb":{"@id":"https:\/\/www.karinibutiik.ee\/toode\/korge-kontsaga-sadelusega-kingad\/#breadcrumb"},"inLanguage":"ru-RU","potentialAction":[{"@type":"ReadAction","target":["https:\/\/www.karinibutiik.ee\/toode\/korge-kontsaga-sadelusega-kingad\/"]}]},{"@type":"ImageObject","inLanguage":"ru-RU","@id":"https:\/\/www.karinibutiik.ee\/toode\/korge-kontsaga-sadelusega-kingad\/#primaryimage","url":"https:\/\/www.karinibutiik.ee\/wp-content\/uploads\/2024\/08\/IMG_0455.jpeg","contentUrl":"https:\/\/www.karinibutiik.ee\/wp-content\/uploads\/2024\/08\/IMG_0455.jpeg","width":1200,"height":1500},{"@type":"BreadcrumbList","@id":"https:\/\/www.karinibutiik.ee\/toode\/korge-kontsaga-sadelusega-kingad\/#breadcrumb","itemListElement":[{"@type":"ListItem","position":1,"name":"Home","item":"https:\/\/www.karinibutiik.ee\/"},{"@type":"ListItem","position":2,"name":"Pood","item":"https:\/\/www.karinibutiik.ee\/pood\/"},{"@type":"ListItem","position":3,"name":"K\u00f5rge kontsaga s\u00e4delusega kingad"}]},{"@type":"WebSite","@id":"https:\/\/www.karinibutiik.ee\/#website","url":"https:\/\/www.karinibutiik.ee\/","name":"\u041a\u0430\u0440\u0438\u043d\u0438 \u0411\u0443\u0442\u0438\u043a","description":"","publisher":{"@id":"https:\/\/www.karinibutiik.ee\/#organization"},"potentialAction":[{"@type":"SearchAction","target":{"@type":"EntryPoint","urlTemplate":"https:\/\/www.karinibutiik.ee\/?s={search_term_string}"},"query-input":{"@type":"PropertyValueSpecification","valueRequired":true,"valueName":"search_term_string"}}],"inLanguage":"ru-RU"},{"@type":"Organization","@id":"https:\/\/www.karinibutiik.ee\/#organization","name":"\u041a\u0430\u0440\u0438\u043d\u0438 \u0411\u0443\u0442\u0438\u043a","url":"https:\/\/www.karinibutiik.ee\/","logo":{"@type":"ImageObject","inLanguage":"ru-RU","@id":"https:\/\/www.karinibutiik.ee\/#\/schema\/logo\/image\/","url":"https:\/\/www.karinibutiik.ee\/wp-content\/uploads\/2024\/10\/Kuj.-K-koopia.png","contentUrl":"https:\/\/www.karinibutiik.ee\/wp-content\/uploads\/2024\/10\/Kuj.-K-koopia.png","width":500,"height":500,"caption":"Karini Butiik"},"image":{"@id":"https:\/\/www.karinibutiik.ee\/#\/schema\/logo\/image\/"},"sameAs":["https:\/\/www.facebook.com\/karinibutiik.ee","https:\/\/www.instagram.com\/karinibutiik"]}]},"og_availability":"out of stock","product_availability":"out of stock","product_retailer_item_id":"19083","product_condition":"new"},"_links":{"self":[{"href":"https:\/\/www.karinibutiik.ee\/ru\/wp-json\/wp\/v2\/product\/17952","targetHints":{"allow":["GET"]}}],"collection":[{"href":"https:\/\/www.karinibutiik.ee\/ru\/wp-json\/wp\/v2\/product"}],"about":[{"href":"https:\/\/www.karinibutiik.ee\/ru\/wp-json\/wp\/v2\/types\/product"}],"version-history":[{"count":1,"href":"https:\/\/www.karinibutiik.ee\/ru\/wp-json\/wp\/v2\/product\/17952\/revisions"}],"predecessor-version":[{"id":17955,"href":"https:\/\/www.karinibutiik.ee\/ru\/wp-json\/wp\/v2\/product\/17952\/revisions\/17955"}],"wp:featuredmedia":[{"embeddable":true,"href":"https:\/\/www.karinibutiik.ee\/ru\/wp-json\/wp\/v2\/media\/17953"}],"wp:attachment":[{"href":"https:\/\/www.karinibutiik.ee\/ru\/wp-json\/wp\/v2\/media?parent=17952"}],"wp:term":[{"taxonomy":"product_brand","embeddable":true,"href":"https:\/\/www.karinibutiik.ee\/ru\/wp-json\/wp\/v2\/product_brand?post=17952"},{"taxonomy":"product_cat","embeddable":true,"href":"https:\/\/www.karinibutiik.ee\/ru\/wp-json\/wp\/v2\/product_cat?post=17952"},{"taxonomy":"product_tag","embeddable":true,"href":"https:\/\/www.karinibutiik.ee\/ru\/wp-json\/wp\/v2\/product_tag?post=17952"}],"curies":[{"name":"wp","href":"https:\/\/api.w.org\/{rel}","templated":true}]}}