{"id":17956,"date":"2024-08-10T08:25:12","date_gmt":"2024-08-10T08:25:12","guid":{"rendered":"https:\/\/www.karinibutiik.ee\/?post_type=product&#038;p=17956"},"modified":"2025-09-24T14:25:24","modified_gmt":"2025-09-24T11:25:24","slug":"%d0%bc%d0%be%d0%b4%d0%bd%d1%8b%d0%b5-%d1%82%d1%83%d1%84%d0%bb%d0%b8-%d1%81-%d0%ba%d0%b0%d0%bc%d0%bd%d1%8f%d0%bc%d0%b8","status":"publish","type":"product","link":"https:\/\/www.karinibutiik.ee\/ru\/%d0%bf%d1%80%d0%be%d0%b4%d1%83%d0%ba%d1%82\/%d0%bc%d0%be%d0%b4%d0%bd%d1%8b%d0%b5-%d1%82%d1%83%d1%84%d0%bb%d0%b8-%d1%81-%d0%ba%d0%b0%d0%bc%d0%bd%d1%8f%d0%bc%d0%b8\/","title":{"rendered":"\u042d\u0444\u0444\u0435\u043a\u0442\u043d\u0430\u044f \u043e\u0431\u0443\u0432\u044c \u0441 \u043a\u0430\u043c\u043d\u044f\u043c\u0438"},"content":{"rendered":"<p>\u042d\u0442\u0438 \u0447\u0435\u0440\u043d\u044b\u0435 \u0442\u0443\u0444\u043b\u0438 \u043d\u0430 \u0432\u044b\u0441\u043e\u043a\u043e\u043c \u043a\u0430\u0431\u043b\u0443\u043a\u0435 \u043f\u0440\u0438\u0432\u043b\u0435\u043a\u0430\u044e\u0442 \u0432\u043d\u0438\u043c\u0430\u043d\u0438\u0435 \u0432 \u043b\u044e\u0431\u043e\u0439 \u0441\u0438\u0442\u0443\u0430\u0446\u0438\u0438. \u0423\u043a\u0440\u0430\u0448\u0435\u043d\u043d\u044b\u0435 \u0441\u0432\u0435\u0440\u043a\u0430\u044e\u0449\u0438\u043c\u0438 \u043a\u0430\u043c\u043d\u044f\u043c\u0438, \u044d\u0442\u0438 \u0442\u0443\u0444\u043b\u0438 \u043f\u0440\u0438\u0434\u0430\u0434\u0443\u0442 \u0432\u0430\u0448\u0435\u043c\u0443 \u043e\u0431\u0440\u0430\u0437\u0443 \u0440\u043e\u0441\u043a\u043e\u0448\u043d\u044b\u0439 \u0448\u0438\u043a \u0438 \u044d\u043b\u0435\u0433\u0430\u043d\u0442\u043d\u043e\u0441\u0442\u044c. \u0412\u044b\u0441\u043e\u0442\u0430 \u043a\u0430\u0431\u043b\u0443\u043a\u0430 \u0441\u043e\u0441\u0442\u0430\u0432\u043b\u044f\u0435\u0442 10 \u0441\u043c, \u0447\u0442\u043e \u043f\u0440\u0438\u0434\u0430\u0435\u0442 \u0441\u0438\u043b\u0443\u044d\u0442\u0443 \u0434\u043b\u0438\u043d\u0443 \u0438 \u0438\u0437\u044f\u0449\u0435\u0441\u0442\u0432\u043e, \u0430 \u043a\u043e\u043d\u0441\u0442\u0440\u0443\u043a\u0446\u0438\u044f \u0442\u0443\u0444\u0435\u043b\u044c \u043e\u0431\u0435\u0441\u043f\u0435\u0447\u0438\u0432\u0430\u0435\u0442 \u043a\u043e\u043c\u0444\u043e\u0440\u0442 \u0438 \u0443\u0441\u0442\u043e\u0439\u0447\u0438\u0432\u043e\u0441\u0442\u044c. \u042d\u0442\u0438 \u0442\u0443\u0444\u043b\u0438 \u0438\u0434\u0435\u0430\u043b\u044c\u043d\u043e \u043f\u043e\u0434\u0445\u043e\u0434\u044f\u0442 \u0434\u043b\u044f \u0442\u043e\u0440\u0436\u0435\u0441\u0442\u0432\u0435\u043d\u043d\u044b\u0445 \u0441\u043b\u0443\u0447\u0430\u0435\u0432 \u0438 \u043e\u0441\u043e\u0431\u044b\u0445 \u0432\u0435\u0447\u0435\u0440\u043e\u0432, \u043a\u043e\u0433\u0434\u0430 \u0432\u044b \u0445\u043e\u0442\u0438\u0442\u0435 \u0431\u043b\u0438\u0441\u0442\u0430\u0442\u044c \u0438 \u0447\u0443\u0432\u0441\u0442\u0432\u043e\u0432\u0430\u0442\u044c \u0441\u0435\u0431\u044f \u0443\u0432\u0435\u0440\u0435\u043d\u043d\u043e. \u0421\u043e\u0447\u0435\u0442\u0430\u0439\u0442\u0435 \u044d\u0442\u0438 \u0442\u0443\u0444\u043b\u0438 \u0441 \u0432\u0430\u0448\u0438\u043c \u043b\u044e\u0431\u0438\u043c\u044b\u043c \u043f\u043b\u0430\u0442\u044c\u0435\u043c \u0438\u043b\u0438 \u0431\u0440\u044e\u043a\u0430\u043c\u0438, \u0447\u0442\u043e\u0431\u044b \u0441\u043e\u0437\u0434\u0430\u0442\u044c \u044d\u0444\u0444\u0435\u043a\u0442\u043d\u044b\u0439 \u0438 \u0441\u0442\u0438\u043b\u044c\u043d\u044b\u0439 \u043e\u0431\u0440\u0430\u0437.<\/p>","protected":false},"excerpt":{"rendered":"<p>Need k\u00f5rge kontsaga mustad kingad on t\u00f5eline pilgup\u00fc\u00fcdja igas olukorras. Kaunistatud s\u00e4delevate kivikestega, lisavad need kingad sinu v\u00e4limusele luksuslikku glamuuri [&hellip;]<\/p>\n","protected":false},"featured_media":17961,"template":"","meta":{"site-sidebar-layout":"default","site-content-layout":"","ast-site-content-layout":"default","site-content-style":"default","site-sidebar-style":"default","ast-global-header-display":"","ast-banner-title-visibility":"","ast-main-header-display":"","ast-hfb-above-header-display":"","ast-hfb-below-header-display":"","ast-hfb-mobile-header-display":"","site-post-title":"","ast-breadcrumbs-content":"","ast-featured-img":"","footer-sml-layout":"","ast-disable-related-posts":"","theme-transparent-header-meta":"default","adv-header-id-meta":"","stick-header-meta":"default","header-above-stick-meta":"","header-main-stick-meta":"","header-below-stick-meta":"","astra-migrate-meta-layouts":"set","ast-page-background-enabled":"default","ast-page-background-meta":{"desktop":{"background-color":"var(--ast-global-color-4)","background-image":"","background-repeat":"repeat","background-position":"center center","background-size":"auto","background-attachment":"scroll","background-type":"","background-media":"","overlay-type":"","overlay-color":"","overlay-opacity":"","overlay-gradient":""},"tablet":{"background-color":"","background-image":"","background-repeat":"repeat","background-position":"center center","background-size":"auto","background-attachment":"scroll","background-type":"","background-media":"","overlay-type":"","overlay-color":"","overlay-opacity":"","overlay-gradient":""},"mobile":{"background-color":"","background-image":"","background-repeat":"repeat","background-position":"center center","background-size":"auto","background-attachment":"scroll","background-type":"","background-media":"","overlay-type":"","overlay-color":"","overlay-opacity":"","overlay-gradient":""}},"ast-content-background-meta":{"desktop":{"background-color":"var(--ast-global-color-5)","background-image":"","background-repeat":"repeat","background-position":"center center","background-size":"auto","background-attachment":"scroll","background-type":"","background-media":"","overlay-type":"","overlay-color":"","overlay-opacity":"","overlay-gradient":""},"tablet":{"background-color":"var(--ast-global-color-5)","background-image":"","background-repeat":"repeat","background-position":"center center","background-size":"auto","background-attachment":"scroll","background-type":"","background-media":"","overlay-type":"","overlay-color":"","overlay-opacity":"","overlay-gradient":""},"mobile":{"background-color":"var(--ast-global-color-5)","background-image":"","background-repeat":"repeat","background-position":"center center","background-size":"auto","background-attachment":"scroll","background-type":"","background-media":"","overlay-type":"","overlay-color":"","overlay-opacity":"","overlay-gradient":""}}},"product_brand":[],"product_cat":[390,391,346],"product_tag":[673,501,794,802,801,795,800,668,791],"class_list":{"0":"post-17956","1":"product","2":"type-product","3":"status-publish","4":"has-post-thumbnail","6":"product_cat-jalanoud","7":"product_cat-kingad","8":"product_cat-naised","9":"product_tag-jalanoude-epood","10":"product_tag-karini-butiik","11":"product_tag-kingad","12":"product_tag-kingad-tallinnas","13":"product_tag-kivikestega-kingad","14":"product_tag-korge-kontsaga-kingad","15":"product_tag-mustad-kingad","16":"product_tag-stiilsed-jalanoud","17":"product_tag-weekend","18":"desktop-align-center","19":"tablet-align-center","20":"mobile-align-center","21":"ast-product-gallery-layout-horizontal-slider","22":"ast-product-single-variable","23":"ast-product-tabs-layout-horizontal","25":"first","26":"outofstock","27":"taxable","28":"shipping-taxable","29":"product-type-variable"},"supplier_id":null,"supplier_sku":"","barcode":null,"atum_controlled":true,"out_stock_date":null,"out_stock_threshold":null,"inheritable":true,"inbound_stock":0,"stock_on_hold":0,"sold_today":0,"sales_last_days":0,"reserved_stock":0,"customer_returns":0,"warehouse_damage":0,"lost_in_post":0,"other_logs":0,"out_stock_days":0,"lost_sales":0,"has_location":false,"update_date":"2025-12-04T01:26:58","atum_locations":[],"atum_stock_status":"outofstock","restock_status":false,"low_stock_amount":"","sales_update_date":"2025-12-04T01:26:58","calc_backorders":null,"yoast_head":"<!-- This site is optimized with the Yoast SEO plugin v26.9 - https:\/\/yoast.com\/product\/yoast-seo-wordpress\/ -->\n<title>Efektsed kivikestega kingad - Karini Butiik<\/title>\n<meta name=\"description\" content=\"Lisage oma v\u00e4limusele luksuslikku glamuuri selle s\u00e4delevate kivikestega k\u00f5rge kontsaga kingapaariga. Valmis \u00f6\u00f6d ja pidulikud s\u00fcndmused vallutama! \u2728\" \/>\n<meta name=\"robots\" content=\"index, follow, max-snippet:-1, max-image-preview:large, max-video-preview:-1\" \/>\n<link rel=\"canonical\" href=\"https:\/\/www.karinibutiik.ee\/ru\/\u043f\u0440\u043e\u0434\u0443\u043a\u0442\/\u043c\u043e\u0434\u043d\u044b\u0435-\u0442\u0443\u0444\u043b\u0438-\u0441-\u043a\u0430\u043c\u043d\u044f\u043c\u0438\/\" \/>\n<meta property=\"og:locale\" content=\"ru_RU\" \/>\n<meta property=\"og:type\" content=\"article\" \/>\n<meta property=\"og:title\" content=\"Efektsed kivikestega kingad - Karini Butiik\" \/>\n<meta property=\"og:description\" content=\"Lisage oma v\u00e4limusele luksuslikku glamuuri selle s\u00e4delevate kivikestega k\u00f5rge kontsaga kingapaariga. Valmis \u00f6\u00f6d ja pidulikud s\u00fcndmused vallutama! \u2728\" \/>\n<meta property=\"og:url\" content=\"https:\/\/www.karinibutiik.ee\/ru\/\u043f\u0440\u043e\u0434\u0443\u043a\u0442\/\u043c\u043e\u0434\u043d\u044b\u0435-\u0442\u0443\u0444\u043b\u0438-\u0441-\u043a\u0430\u043c\u043d\u044f\u043c\u0438\/\" \/>\n<meta property=\"og:site_name\" content=\"Karini Butiik\" \/>\n<meta property=\"article:publisher\" content=\"https:\/\/www.facebook.com\/karinibutiik.ee\" \/>\n<meta property=\"article:modified_time\" content=\"2025-09-24T11:25:24+00:00\" \/>\n<meta property=\"og:image\" content=\"https:\/\/www.karinibutiik.ee\/wp-content\/uploads\/2024\/08\/IMG_0486-3.jpeg\" \/>\n\t<meta property=\"og:image:width\" content=\"1200\" \/>\n\t<meta property=\"og:image:height\" content=\"1500\" \/>\n\t<meta property=\"og:image:type\" content=\"image\/jpeg\" \/>\n<meta name=\"twitter:card\" content=\"summary_large_image\" \/>\n<meta name=\"twitter:label1\" content=\"\u0414\u043e\u0441\u0442\u0443\u043f\u043d\u043e\u0441\u0442\u044c\" \/>\n\t<meta name=\"twitter:data1\" content=\"\u0420\u0430\u0441\u043f\u0440\u043e\u0434\u0430\u043d\u043e\" \/>\n<script type=\"application\/ld+json\" class=\"yoast-schema-graph\">{\"@context\":\"https:\/\/schema.org\",\"@graph\":[{\"@type\":\"WebPage\",\"@id\":\"https:\/\/www.karinibutiik.ee\/toode\/efektsed-kivikestega-kingad\/\",\"url\":\"https:\/\/www.karinibutiik.ee\/toode\/efektsed-kivikestega-kingad\/\",\"name\":\"Efektsed kivikestega kingad - Karini Butiik\",\"isPartOf\":{\"@id\":\"https:\/\/www.karinibutiik.ee\/#website\"},\"primaryImageOfPage\":{\"@id\":\"https:\/\/www.karinibutiik.ee\/toode\/efektsed-kivikestega-kingad\/#primaryimage\"},\"image\":{\"@id\":\"https:\/\/www.karinibutiik.ee\/toode\/efektsed-kivikestega-kingad\/#primaryimage\"},\"thumbnailUrl\":\"https:\/\/www.karinibutiik.ee\/wp-content\/uploads\/2024\/08\/IMG_0486-3.jpeg\",\"datePublished\":\"2024-08-10T08:25:12+00:00\",\"dateModified\":\"2025-09-24T11:25:24+00:00\",\"description\":\"Lisage oma v\u00e4limusele luksuslikku glamuuri selle s\u00e4delevate kivikestega k\u00f5rge kontsaga kingapaariga. Valmis \u00f6\u00f6d ja pidulikud s\u00fcndmused vallutama! \u2728\",\"breadcrumb\":{\"@id\":\"https:\/\/www.karinibutiik.ee\/toode\/efektsed-kivikestega-kingad\/#breadcrumb\"},\"inLanguage\":\"ru-RU\",\"potentialAction\":[{\"@type\":\"ReadAction\",\"target\":[\"https:\/\/www.karinibutiik.ee\/toode\/efektsed-kivikestega-kingad\/\"]}]},{\"@type\":\"ImageObject\",\"inLanguage\":\"ru-RU\",\"@id\":\"https:\/\/www.karinibutiik.ee\/toode\/efektsed-kivikestega-kingad\/#primaryimage\",\"url\":\"https:\/\/www.karinibutiik.ee\/wp-content\/uploads\/2024\/08\/IMG_0486-3.jpeg\",\"contentUrl\":\"https:\/\/www.karinibutiik.ee\/wp-content\/uploads\/2024\/08\/IMG_0486-3.jpeg\",\"width\":1200,\"height\":1500},{\"@type\":\"BreadcrumbList\",\"@id\":\"https:\/\/www.karinibutiik.ee\/toode\/efektsed-kivikestega-kingad\/#breadcrumb\",\"itemListElement\":[{\"@type\":\"ListItem\",\"position\":1,\"name\":\"Home\",\"item\":\"https:\/\/www.karinibutiik.ee\/\"},{\"@type\":\"ListItem\",\"position\":2,\"name\":\"Pood\",\"item\":\"https:\/\/www.karinibutiik.ee\/pood\/\"},{\"@type\":\"ListItem\",\"position\":3,\"name\":\"Efektsed kivikestega kingad\"}]},{\"@type\":\"WebSite\",\"@id\":\"https:\/\/www.karinibutiik.ee\/#website\",\"url\":\"https:\/\/www.karinibutiik.ee\/\",\"name\":\"Karini Butiik\",\"description\":\"\",\"publisher\":{\"@id\":\"https:\/\/www.karinibutiik.ee\/#organization\"},\"potentialAction\":[{\"@type\":\"SearchAction\",\"target\":{\"@type\":\"EntryPoint\",\"urlTemplate\":\"https:\/\/www.karinibutiik.ee\/?s={search_term_string}\"},\"query-input\":{\"@type\":\"PropertyValueSpecification\",\"valueRequired\":true,\"valueName\":\"search_term_string\"}}],\"inLanguage\":\"ru-RU\"},{\"@type\":\"Organization\",\"@id\":\"https:\/\/www.karinibutiik.ee\/#organization\",\"name\":\"Karini Butiik\",\"url\":\"https:\/\/www.karinibutiik.ee\/\",\"logo\":{\"@type\":\"ImageObject\",\"inLanguage\":\"ru-RU\",\"@id\":\"https:\/\/www.karinibutiik.ee\/#\/schema\/logo\/image\/\",\"url\":\"https:\/\/www.karinibutiik.ee\/wp-content\/uploads\/2024\/10\/Kuj.-K-koopia.png\",\"contentUrl\":\"https:\/\/www.karinibutiik.ee\/wp-content\/uploads\/2024\/10\/Kuj.-K-koopia.png\",\"width\":500,\"height\":500,\"caption\":\"Karini Butiik\"},\"image\":{\"@id\":\"https:\/\/www.karinibutiik.ee\/#\/schema\/logo\/image\/\"},\"sameAs\":[\"https:\/\/www.facebook.com\/karinibutiik.ee\",\"https:\/\/www.instagram.com\/karinibutiik\"]}]}<\/script>\n<meta property=\"og:availability\" content=\"out of stock\" \/>\n<meta property=\"product:availability\" content=\"out of stock\" \/>\n<meta property=\"product:retailer_item_id\" content=\"1369\" \/>\n<meta property=\"product:condition\" content=\"new\" \/>\n<!-- \/ Yoast SEO plugin. -->","yoast_head_json":{"title":"\u042d\u0444\u0444\u0435\u043a\u0442\u043d\u0430\u044f \u043e\u0431\u0443\u0432\u044c \u0441 \u043a\u0430\u043c\u043d\u044f\u043c\u0438 - Karini Butiik","description":"\u0414\u043e\u0431\u0430\u0432\u044c\u0442\u0435 \u0440\u043e\u0441\u043a\u043e\u0448\u043d\u044b\u0439 \u0448\u0438\u043a \u0432 \u0441\u0432\u043e\u0439 \u043e\u0431\u0440\u0430\u0437 \u0441 \u043f\u043e\u043c\u043e\u0449\u044c\u044e \u044d\u0442\u043e\u0439 \u043f\u0430\u0440\u044b \u0442\u0443\u0444\u0435\u043b\u044c \u043d\u0430 \u0432\u044b\u0441\u043e\u043a\u043e\u043c \u043a\u0430\u0431\u043b\u0443\u043a\u0435 \u0441\u043e \u0441\u0432\u0435\u0440\u043a\u0430\u044e\u0449\u0438\u043c\u0438 \u043a\u0430\u043c\u043d\u044f\u043c\u0438. \u0413\u043e\u0442\u043e\u0432\u044b \u043f\u043e\u043a\u043e\u0440\u0438\u0442\u044c \u043d\u043e\u0447\u044c \u0438 \u0432\u0435\u0447\u0435\u0440\u0438\u043d\u043a\u0443! \u2728","robots":{"index":"index","follow":"follow","max-snippet":"max-snippet:-1","max-image-preview":"max-image-preview:large","max-video-preview":"max-video-preview:-1"},"canonical":"https:\/\/www.karinibutiik.ee\/ru\/\u043f\u0440\u043e\u0434\u0443\u043a\u0442\/\u043c\u043e\u0434\u043d\u044b\u0435-\u0442\u0443\u0444\u043b\u0438-\u0441-\u043a\u0430\u043c\u043d\u044f\u043c\u0438\/","og_locale":"ru_RU","og_type":"article","og_title":"Efektsed kivikestega kingad - Karini Butiik","og_description":"Lisage oma v\u00e4limusele luksuslikku glamuuri selle s\u00e4delevate kivikestega k\u00f5rge kontsaga kingapaariga. Valmis \u00f6\u00f6d ja pidulikud s\u00fcndmused vallutama! \u2728","og_url":"https:\/\/www.karinibutiik.ee\/ru\/\u043f\u0440\u043e\u0434\u0443\u043a\u0442\/\u043c\u043e\u0434\u043d\u044b\u0435-\u0442\u0443\u0444\u043b\u0438-\u0441-\u043a\u0430\u043c\u043d\u044f\u043c\u0438\/","og_site_name":"Karini Butiik","article_publisher":"https:\/\/www.facebook.com\/karinibutiik.ee","article_modified_time":"2025-09-24T11:25:24+00:00","og_image":[{"width":1200,"height":1500,"url":"https:\/\/www.karinibutiik.ee\/wp-content\/uploads\/2024\/08\/IMG_0486-3.jpeg","type":"image\/jpeg"}],"twitter_card":"summary_large_image","twitter_misc":{"\u0414\u043e\u0441\u0442\u0443\u043f\u043d\u043e\u0441\u0442\u044c":"\u0420\u0430\u0441\u043f\u0440\u043e\u0434\u0430\u043d\u043e"},"schema":{"@context":"https:\/\/schema.org","@graph":[{"@type":"WebPage","@id":"https:\/\/www.karinibutiik.ee\/toode\/efektsed-kivikestega-kingad\/","url":"https:\/\/www.karinibutiik.ee\/toode\/efektsed-kivikestega-kingad\/","name":"\u042d\u0444\u0444\u0435\u043a\u0442\u043d\u0430\u044f \u043e\u0431\u0443\u0432\u044c \u0441 \u043a\u0430\u043c\u043d\u044f\u043c\u0438 - Karini Butiik","isPartOf":{"@id":"https:\/\/www.karinibutiik.ee\/#website"},"primaryImageOfPage":{"@id":"https:\/\/www.karinibutiik.ee\/toode\/efektsed-kivikestega-kingad\/#primaryimage"},"image":{"@id":"https:\/\/www.karinibutiik.ee\/toode\/efektsed-kivikestega-kingad\/#primaryimage"},"thumbnailUrl":"https:\/\/www.karinibutiik.ee\/wp-content\/uploads\/2024\/08\/IMG_0486-3.jpeg","datePublished":"2024-08-10T08:25:12+00:00","dateModified":"2025-09-24T11:25:24+00:00","description":"\u0414\u043e\u0431\u0430\u0432\u044c\u0442\u0435 \u0440\u043e\u0441\u043a\u043e\u0448\u043d\u044b\u0439 \u0448\u0438\u043a \u0432 \u0441\u0432\u043e\u0439 \u043e\u0431\u0440\u0430\u0437 \u0441 \u043f\u043e\u043c\u043e\u0449\u044c\u044e \u044d\u0442\u043e\u0439 \u043f\u0430\u0440\u044b \u0442\u0443\u0444\u0435\u043b\u044c \u043d\u0430 \u0432\u044b\u0441\u043e\u043a\u043e\u043c \u043a\u0430\u0431\u043b\u0443\u043a\u0435 \u0441\u043e \u0441\u0432\u0435\u0440\u043a\u0430\u044e\u0449\u0438\u043c\u0438 \u043a\u0430\u043c\u043d\u044f\u043c\u0438. \u0413\u043e\u0442\u043e\u0432\u044b \u043f\u043e\u043a\u043e\u0440\u0438\u0442\u044c \u043d\u043e\u0447\u044c \u0438 \u0432\u0435\u0447\u0435\u0440\u0438\u043d\u043a\u0443! \u2728","breadcrumb":{"@id":"https:\/\/www.karinibutiik.ee\/toode\/efektsed-kivikestega-kingad\/#breadcrumb"},"inLanguage":"ru-RU","potentialAction":[{"@type":"ReadAction","target":["https:\/\/www.karinibutiik.ee\/toode\/efektsed-kivikestega-kingad\/"]}]},{"@type":"ImageObject","inLanguage":"ru-RU","@id":"https:\/\/www.karinibutiik.ee\/toode\/efektsed-kivikestega-kingad\/#primaryimage","url":"https:\/\/www.karinibutiik.ee\/wp-content\/uploads\/2024\/08\/IMG_0486-3.jpeg","contentUrl":"https:\/\/www.karinibutiik.ee\/wp-content\/uploads\/2024\/08\/IMG_0486-3.jpeg","width":1200,"height":1500},{"@type":"BreadcrumbList","@id":"https:\/\/www.karinibutiik.ee\/toode\/efektsed-kivikestega-kingad\/#breadcrumb","itemListElement":[{"@type":"ListItem","position":1,"name":"Home","item":"https:\/\/www.karinibutiik.ee\/"},{"@type":"ListItem","position":2,"name":"Pood","item":"https:\/\/www.karinibutiik.ee\/pood\/"},{"@type":"ListItem","position":3,"name":"Efektsed kivikestega kingad"}]},{"@type":"WebSite","@id":"https:\/\/www.karinibutiik.ee\/#website","url":"https:\/\/www.karinibutiik.ee\/","name":"\u041a\u0430\u0440\u0438\u043d\u0438 \u0411\u0443\u0442\u0438\u043a","description":"","publisher":{"@id":"https:\/\/www.karinibutiik.ee\/#organization"},"potentialAction":[{"@type":"SearchAction","target":{"@type":"EntryPoint","urlTemplate":"https:\/\/www.karinibutiik.ee\/?s={search_term_string}"},"query-input":{"@type":"PropertyValueSpecification","valueRequired":true,"valueName":"search_term_string"}}],"inLanguage":"ru-RU"},{"@type":"Organization","@id":"https:\/\/www.karinibutiik.ee\/#organization","name":"\u041a\u0430\u0440\u0438\u043d\u0438 \u0411\u0443\u0442\u0438\u043a","url":"https:\/\/www.karinibutiik.ee\/","logo":{"@type":"ImageObject","inLanguage":"ru-RU","@id":"https:\/\/www.karinibutiik.ee\/#\/schema\/logo\/image\/","url":"https:\/\/www.karinibutiik.ee\/wp-content\/uploads\/2024\/10\/Kuj.-K-koopia.png","contentUrl":"https:\/\/www.karinibutiik.ee\/wp-content\/uploads\/2024\/10\/Kuj.-K-koopia.png","width":500,"height":500,"caption":"Karini Butiik"},"image":{"@id":"https:\/\/www.karinibutiik.ee\/#\/schema\/logo\/image\/"},"sameAs":["https:\/\/www.facebook.com\/karinibutiik.ee","https:\/\/www.instagram.com\/karinibutiik"]}]},"og_availability":"out of stock","product_availability":"out of stock","product_retailer_item_id":"1369","product_condition":"new"},"_links":{"self":[{"href":"https:\/\/www.karinibutiik.ee\/ru\/wp-json\/wp\/v2\/product\/17956","targetHints":{"allow":["GET"]}}],"collection":[{"href":"https:\/\/www.karinibutiik.ee\/ru\/wp-json\/wp\/v2\/product"}],"about":[{"href":"https:\/\/www.karinibutiik.ee\/ru\/wp-json\/wp\/v2\/types\/product"}],"version-history":[{"count":1,"href":"https:\/\/www.karinibutiik.ee\/ru\/wp-json\/wp\/v2\/product\/17956\/revisions"}],"predecessor-version":[{"id":17963,"href":"https:\/\/www.karinibutiik.ee\/ru\/wp-json\/wp\/v2\/product\/17956\/revisions\/17963"}],"wp:featuredmedia":[{"embeddable":true,"href":"https:\/\/www.karinibutiik.ee\/ru\/wp-json\/wp\/v2\/media\/17961"}],"wp:attachment":[{"href":"https:\/\/www.karinibutiik.ee\/ru\/wp-json\/wp\/v2\/media?parent=17956"}],"wp:term":[{"taxonomy":"product_brand","embeddable":true,"href":"https:\/\/www.karinibutiik.ee\/ru\/wp-json\/wp\/v2\/product_brand?post=17956"},{"taxonomy":"product_cat","embeddable":true,"href":"https:\/\/www.karinibutiik.ee\/ru\/wp-json\/wp\/v2\/product_cat?post=17956"},{"taxonomy":"product_tag","embeddable":true,"href":"https:\/\/www.karinibutiik.ee\/ru\/wp-json\/wp\/v2\/product_tag?post=17956"}],"curies":[{"name":"wp","href":"https:\/\/api.w.org\/{rel}","templated":true}]}}