{"id":18186,"date":"2024-08-15T08:40:42","date_gmt":"2024-08-15T08:40:42","guid":{"rendered":"https:\/\/www.karinibutiik.ee\/?post_type=product&#038;p=18186"},"modified":"2026-01-04T19:34:10","modified_gmt":"2026-01-04T17:34:10","slug":"%d0%bf%d1%83%d1%88%d0%b8%d1%81%d1%82%d1%8b%d0%b5-%d0%b4%d0%b6%d0%b8%d0%bd%d1%81%d1%8b-2","status":"publish","type":"product","link":"https:\/\/www.karinibutiik.ee\/ru\/%d0%bf%d1%80%d0%be%d0%b4%d1%83%d0%ba%d1%82\/%d0%bf%d1%83%d1%88%d0%b8%d1%81%d1%82%d1%8b%d0%b5-%d0%b4%d0%b6%d0%b8%d0%bd%d1%81%d1%8b-2\/","title":{"rendered":"\u0414\u0436\u0438\u043d\u0441\u043e\u0432\u044b\u0435 \u0448\u043e\u0440\u0442\u044b"},"content":{"rendered":"<p>\u041f\u043e\u0442\u0435\u0440\u0442\u044b\u0435 \u0448\u043e\u0440\u0442\u044b - \u0441\u0442\u0438\u043b\u044c\u043d\u044b\u0435 \u0438 \u0443\u0434\u043e\u0431\u043d\u044b\u0435, \u0438\u0434\u0435\u0430\u043b\u044c\u043d\u044b\u0435 \u0434\u043b\u044f \u043b\u0435\u0442\u043d\u0435\u0433\u043e \u043e\u0442\u0434\u044b\u0445\u0430. \u042d\u0442\u0438 \u0448\u043e\u0440\u0442\u044b \u0438\u0437\u0433\u043e\u0442\u043e\u0432\u043b\u0435\u043d\u044b \u0438\u0437 \u0432\u044b\u0441\u043e\u043a\u043e\u043a\u0430\u0447\u0435\u0441\u0442\u0432\u0435\u043d\u043d\u043e\u0433\u043e \u0434\u0435\u043d\u0438\u043c\u0430 \u0441 \u043c\u043e\u0434\u043d\u043e\u0439 \u043f\u043e\u043d\u043e\u0448\u0435\u043d\u043d\u043e\u0439 \u043e\u0442\u0434\u0435\u043b\u043a\u043e\u0439. \u041a\u043b\u0430\u0441\u0441\u0438\u0447\u0435\u0441\u043a\u0438\u0439 \u0434\u0438\u0437\u0430\u0439\u043d \u0438 \u0441\u0432\u043e\u0431\u043e\u0434\u043d\u044b\u0439 \u043a\u0440\u043e\u0439 \u043e\u0431\u0435\u0441\u043f\u0435\u0447\u0438\u0432\u0430\u044e\u0442 \u043a\u043e\u043c\u0444\u043e\u0440\u0442 \u0432 \u043b\u044e\u0431\u043e\u0439 \u0441\u0438\u0442\u0443\u0430\u0446\u0438\u0438, \u0431\u0443\u0434\u044c \u0442\u043e \u043f\u043b\u044f\u0436 \u0438\u043b\u0438 \u043f\u0440\u043e\u0433\u0443\u043b\u043a\u0430 \u043f\u043e \u0433\u043e\u0440\u043e\u0434\u0443. \u0418\u0434\u0435\u0430\u043b\u044c\u043d\u044b\u0439 \u0432\u044b\u0431\u043e\u0440 \u0434\u043b\u044f \u043c\u043e\u0434\u043d\u0438\u043a\u0430, \u043a\u043e\u0442\u043e\u0440\u044b\u0439 \u0446\u0435\u043d\u0438\u0442 \u043d\u0435 \u0442\u043e\u043b\u044c\u043a\u043e \u0441\u0442\u0438\u043b\u044c, \u043d\u043e \u0438 \u043f\u0440\u0430\u043a\u0442\u0438\u0447\u043d\u043e\u0441\u0442\u044c.<\/p>","protected":false},"excerpt":{"rendered":"<p>Kulutatud l\u00fchikesed teksap\u00fcksid on stiilsed ja mugavad, sobides ideaalselt suviseks ajaveetmiseks. Need p\u00fcksid on valmistatud kvaliteetsest teksariidest, millele on lisatud [&hellip;]<\/p>\n","protected":false},"featured_media":18185,"template":"","meta":{"site-sidebar-layout":"default","site-content-layout":"","ast-site-content-layout":"default","site-content-style":"default","site-sidebar-style":"default","ast-global-header-display":"","ast-banner-title-visibility":"","ast-main-header-display":"","ast-hfb-above-header-display":"","ast-hfb-below-header-display":"","ast-hfb-mobile-header-display":"","site-post-title":"","ast-breadcrumbs-content":"","ast-featured-img":"","footer-sml-layout":"","ast-disable-related-posts":"","theme-transparent-header-meta":"default","adv-header-id-meta":"","stick-header-meta":"default","header-above-stick-meta":"","header-main-stick-meta":"","header-below-stick-meta":"","astra-migrate-meta-layouts":"set","ast-page-background-enabled":"default","ast-page-background-meta":{"desktop":{"background-color":"var(--ast-global-color-4)","background-image":"","background-repeat":"repeat","background-position":"center center","background-size":"auto","background-attachment":"scroll","background-type":"","background-media":"","overlay-type":"","overlay-color":"","overlay-opacity":"","overlay-gradient":""},"tablet":{"background-color":"","background-image":"","background-repeat":"repeat","background-position":"center center","background-size":"auto","background-attachment":"scroll","background-type":"","background-media":"","overlay-type":"","overlay-color":"","overlay-opacity":"","overlay-gradient":""},"mobile":{"background-color":"","background-image":"","background-repeat":"repeat","background-position":"center center","background-size":"auto","background-attachment":"scroll","background-type":"","background-media":"","overlay-type":"","overlay-color":"","overlay-opacity":"","overlay-gradient":""}},"ast-content-background-meta":{"desktop":{"background-color":"var(--ast-global-color-5)","background-image":"","background-repeat":"repeat","background-position":"center center","background-size":"auto","background-attachment":"scroll","background-type":"","background-media":"","overlay-type":"","overlay-color":"","overlay-opacity":"","overlay-gradient":""},"tablet":{"background-color":"var(--ast-global-color-5)","background-image":"","background-repeat":"repeat","background-position":"center center","background-size":"auto","background-attachment":"scroll","background-type":"","background-media":"","overlay-type":"","overlay-color":"","overlay-opacity":"","overlay-gradient":""},"mobile":{"background-color":"var(--ast-global-color-5)","background-image":"","background-repeat":"repeat","background-position":"center center","background-size":"auto","background-attachment":"scroll","background-type":"","background-media":"","overlay-type":"","overlay-color":"","overlay-opacity":"","overlay-gradient":""}}},"product_brand":[],"product_cat":[453,367,430,346,354,359,383],"product_tag":[501,478,693,96,571,115,690,811],"class_list":{"0":"post-18186","1":"product","2":"type-product","3":"status-publish","4":"has-post-thumbnail","6":"product_cat-soodus","7":"product_cat-allahindlus","8":"product_cat-lopumuuk","9":"product_cat-naised","10":"product_cat-puksid-seelikud","11":"product_cat-teksapuksid","12":"product_cat-luhikesed-puksid","13":"product_tag-karini-butiik","14":"product_tag-luhikesed-puksid","15":"product_tag-naiste-riided","16":"product_tag-puksid","17":"product_tag-teksad","18":"product_tag-teksapuksid","19":"product_tag-vabaaja-riided","20":"product_tag-zara","21":"desktop-align-center","22":"tablet-align-center","23":"mobile-align-center","24":"ast-product-gallery-layout-horizontal-slider","25":"ast-product-single-variable","26":"ast-product-tabs-layout-horizontal","28":"first","29":"instock","30":"sale","31":"taxable","32":"shipping-taxable","33":"purchasable","34":"product-type-variable"},"supplier_id":null,"supplier_sku":"","barcode":null,"atum_controlled":true,"out_stock_date":null,"out_stock_threshold":null,"inheritable":true,"inbound_stock":0,"stock_on_hold":0,"sold_today":0,"sales_last_days":0,"reserved_stock":0,"customer_returns":0,"warehouse_damage":0,"lost_in_post":0,"other_logs":0,"out_stock_days":0,"lost_sales":0,"has_location":false,"update_date":"2025-12-05T00:00:27","atum_locations":[],"atum_stock_status":"instock","restock_status":false,"low_stock_amount":"","sales_update_date":"2025-12-05T00:00:27","calc_backorders":null,"yoast_head":"<!-- This site is optimized with the Yoast SEO plugin v26.9 - https:\/\/yoast.com\/product\/yoast-seo-wordpress\/ -->\n<title>L\u00fchikesed teksap\u00fcksid - Karini Butiik<\/title>\n<meta name=\"description\" content=\"V\u00e4rskendage oma suvegarderoobi nende moeetega kulutatud l\u00fchikeste teksap\u00fckstega. Stiilne ja mugav valik igaks suviseks seikluseks! \ud83d\udc99\" \/>\n<meta name=\"robots\" content=\"index, follow, max-snippet:-1, max-image-preview:large, max-video-preview:-1\" \/>\n<link rel=\"canonical\" href=\"https:\/\/www.karinibutiik.ee\/ru\/\u043f\u0440\u043e\u0434\u0443\u043a\u0442\/\u043f\u0443\u0448\u0438\u0441\u0442\u044b\u0435-\u0434\u0436\u0438\u043d\u0441\u044b-2\/\" \/>\n<meta property=\"og:locale\" content=\"ru_RU\" \/>\n<meta property=\"og:type\" content=\"article\" \/>\n<meta property=\"og:title\" content=\"L\u00fchikesed teksap\u00fcksid - Karini Butiik\" \/>\n<meta property=\"og:description\" content=\"V\u00e4rskendage oma suvegarderoobi nende moeetega kulutatud l\u00fchikeste teksap\u00fckstega. Stiilne ja mugav valik igaks suviseks seikluseks! \ud83d\udc99\" \/>\n<meta property=\"og:url\" content=\"https:\/\/www.karinibutiik.ee\/ru\/\u043f\u0440\u043e\u0434\u0443\u043a\u0442\/\u043f\u0443\u0448\u0438\u0441\u0442\u044b\u0435-\u0434\u0436\u0438\u043d\u0441\u044b-2\/\" \/>\n<meta property=\"og:site_name\" content=\"Karini Butiik\" \/>\n<meta property=\"article:publisher\" content=\"https:\/\/www.facebook.com\/karinibutiik.ee\" \/>\n<meta property=\"article:modified_time\" content=\"2026-01-04T17:34:10+00:00\" \/>\n<meta property=\"og:image\" content=\"https:\/\/www.karinibutiik.ee\/wp-content\/uploads\/2024\/08\/172035979_3688975304554878_8113927870837336698_n-e1723710807314.jpeg\" \/>\n\t<meta property=\"og:image:width\" content=\"1200\" \/>\n\t<meta property=\"og:image:height\" content=\"1202\" \/>\n\t<meta property=\"og:image:type\" content=\"image\/jpeg\" \/>\n<meta name=\"twitter:card\" content=\"summary_large_image\" \/>\n<meta name=\"twitter:label1\" content=\"\u0414\u043e\u0441\u0442\u0443\u043f\u043d\u043e\u0441\u0442\u044c\" \/>\n\t<meta name=\"twitter:data1\" content=\"\u0412 \u043d\u0430\u043b\u0438\u0447\u0438\u0438\" \/>\n<script type=\"application\/ld+json\" class=\"yoast-schema-graph\">{\"@context\":\"https:\/\/schema.org\",\"@graph\":[{\"@type\":\"WebPage\",\"@id\":\"https:\/\/www.karinibutiik.ee\/toode\/luhikesed-teksapuksid-2\/\",\"url\":\"https:\/\/www.karinibutiik.ee\/toode\/luhikesed-teksapuksid-2\/\",\"name\":\"L\u00fchikesed teksap\u00fcksid - Karini Butiik\",\"isPartOf\":{\"@id\":\"https:\/\/www.karinibutiik.ee\/#website\"},\"primaryImageOfPage\":{\"@id\":\"https:\/\/www.karinibutiik.ee\/toode\/luhikesed-teksapuksid-2\/#primaryimage\"},\"image\":{\"@id\":\"https:\/\/www.karinibutiik.ee\/toode\/luhikesed-teksapuksid-2\/#primaryimage\"},\"thumbnailUrl\":\"https:\/\/www.karinibutiik.ee\/wp-content\/uploads\/2024\/08\/172035979_3688975304554878_8113927870837336698_n-e1723710807314.jpeg\",\"datePublished\":\"2024-08-15T08:40:42+00:00\",\"dateModified\":\"2026-01-04T17:34:10+00:00\",\"description\":\"V\u00e4rskendage oma suvegarderoobi nende moeetega kulutatud l\u00fchikeste teksap\u00fckstega. Stiilne ja mugav valik igaks suviseks seikluseks! \ud83d\udc99\",\"breadcrumb\":{\"@id\":\"https:\/\/www.karinibutiik.ee\/toode\/luhikesed-teksapuksid-2\/#breadcrumb\"},\"inLanguage\":\"ru-RU\",\"potentialAction\":[{\"@type\":\"ReadAction\",\"target\":[\"https:\/\/www.karinibutiik.ee\/toode\/luhikesed-teksapuksid-2\/\"]}]},{\"@type\":\"ImageObject\",\"inLanguage\":\"ru-RU\",\"@id\":\"https:\/\/www.karinibutiik.ee\/toode\/luhikesed-teksapuksid-2\/#primaryimage\",\"url\":\"https:\/\/www.karinibutiik.ee\/wp-content\/uploads\/2024\/08\/172035979_3688975304554878_8113927870837336698_n-e1723710807314.jpeg\",\"contentUrl\":\"https:\/\/www.karinibutiik.ee\/wp-content\/uploads\/2024\/08\/172035979_3688975304554878_8113927870837336698_n-e1723710807314.jpeg\",\"width\":1200,\"height\":1202},{\"@type\":\"BreadcrumbList\",\"@id\":\"https:\/\/www.karinibutiik.ee\/toode\/luhikesed-teksapuksid-2\/#breadcrumb\",\"itemListElement\":[{\"@type\":\"ListItem\",\"position\":1,\"name\":\"Home\",\"item\":\"https:\/\/www.karinibutiik.ee\/\"},{\"@type\":\"ListItem\",\"position\":2,\"name\":\"Pood\",\"item\":\"https:\/\/www.karinibutiik.ee\/pood\/\"},{\"@type\":\"ListItem\",\"position\":3,\"name\":\"L\u00fchikesed teksap\u00fcksid\"}]},{\"@type\":\"WebSite\",\"@id\":\"https:\/\/www.karinibutiik.ee\/#website\",\"url\":\"https:\/\/www.karinibutiik.ee\/\",\"name\":\"Karini Butiik\",\"description\":\"\",\"publisher\":{\"@id\":\"https:\/\/www.karinibutiik.ee\/#organization\"},\"potentialAction\":[{\"@type\":\"SearchAction\",\"target\":{\"@type\":\"EntryPoint\",\"urlTemplate\":\"https:\/\/www.karinibutiik.ee\/?s={search_term_string}\"},\"query-input\":{\"@type\":\"PropertyValueSpecification\",\"valueRequired\":true,\"valueName\":\"search_term_string\"}}],\"inLanguage\":\"ru-RU\"},{\"@type\":\"Organization\",\"@id\":\"https:\/\/www.karinibutiik.ee\/#organization\",\"name\":\"Karini Butiik\",\"url\":\"https:\/\/www.karinibutiik.ee\/\",\"logo\":{\"@type\":\"ImageObject\",\"inLanguage\":\"ru-RU\",\"@id\":\"https:\/\/www.karinibutiik.ee\/#\/schema\/logo\/image\/\",\"url\":\"https:\/\/www.karinibutiik.ee\/wp-content\/uploads\/2024\/10\/Kuj.-K-koopia.png\",\"contentUrl\":\"https:\/\/www.karinibutiik.ee\/wp-content\/uploads\/2024\/10\/Kuj.-K-koopia.png\",\"width\":500,\"height\":500,\"caption\":\"Karini Butiik\"},\"image\":{\"@id\":\"https:\/\/www.karinibutiik.ee\/#\/schema\/logo\/image\/\"},\"sameAs\":[\"https:\/\/www.facebook.com\/karinibutiik.ee\",\"https:\/\/www.instagram.com\/karinibutiik\"]}]}<\/script>\n<meta property=\"og:availability\" content=\"instock\" \/>\n<meta property=\"product:availability\" content=\"instock\" \/>\n<meta property=\"product:retailer_item_id\" content=\"0605-3\" \/>\n<meta property=\"product:condition\" content=\"new\" \/>\n<!-- \/ Yoast SEO plugin. -->","yoast_head_json":{"title":"\u0414\u0436\u0438\u043d\u0441\u043e\u0432\u044b\u0435 \u0448\u043e\u0440\u0442\u044b - Karini Butiik","description":"\u041e\u0431\u043d\u043e\u0432\u0438\u0442\u0435 \u0441\u0432\u043e\u0439 \u043b\u0435\u0442\u043d\u0438\u0439 \u0433\u0430\u0440\u0434\u0435\u0440\u043e\u0431 \u044d\u0442\u0438\u043c\u0438 \u043c\u043e\u0434\u043d\u044b\u043c\u0438 \u043e\u0431\u0440\u0435\u0437\u0430\u043d\u043d\u044b\u043c\u0438 \u0434\u0436\u0438\u043d\u0441\u0430\u043c\u0438. \u0421\u0442\u0438\u043b\u044c\u043d\u044b\u0439 \u0438 \u0443\u0434\u043e\u0431\u043d\u044b\u0439 \u0432\u044b\u0431\u043e\u0440 \u0434\u043b\u044f \u043b\u044e\u0431\u043e\u0433\u043e \u043b\u0435\u0442\u043d\u0435\u0433\u043e \u043f\u0440\u0438\u043a\u043b\u044e\u0447\u0435\u043d\u0438\u044f! \ud83d\udc99","robots":{"index":"index","follow":"follow","max-snippet":"max-snippet:-1","max-image-preview":"max-image-preview:large","max-video-preview":"max-video-preview:-1"},"canonical":"https:\/\/www.karinibutiik.ee\/ru\/\u043f\u0440\u043e\u0434\u0443\u043a\u0442\/\u043f\u0443\u0448\u0438\u0441\u0442\u044b\u0435-\u0434\u0436\u0438\u043d\u0441\u044b-2\/","og_locale":"ru_RU","og_type":"article","og_title":"L\u00fchikesed teksap\u00fcksid - Karini Butiik","og_description":"V\u00e4rskendage oma suvegarderoobi nende moeetega kulutatud l\u00fchikeste teksap\u00fckstega. Stiilne ja mugav valik igaks suviseks seikluseks! \ud83d\udc99","og_url":"https:\/\/www.karinibutiik.ee\/ru\/\u043f\u0440\u043e\u0434\u0443\u043a\u0442\/\u043f\u0443\u0448\u0438\u0441\u0442\u044b\u0435-\u0434\u0436\u0438\u043d\u0441\u044b-2\/","og_site_name":"Karini Butiik","article_publisher":"https:\/\/www.facebook.com\/karinibutiik.ee","article_modified_time":"2026-01-04T17:34:10+00:00","og_image":[{"width":1200,"height":1202,"url":"https:\/\/www.karinibutiik.ee\/wp-content\/uploads\/2024\/08\/172035979_3688975304554878_8113927870837336698_n-e1723710807314.jpeg","type":"image\/jpeg"}],"twitter_card":"summary_large_image","twitter_misc":{"\u0414\u043e\u0441\u0442\u0443\u043f\u043d\u043e\u0441\u0442\u044c":"\u0412 \u043d\u0430\u043b\u0438\u0447\u0438\u0438"},"schema":{"@context":"https:\/\/schema.org","@graph":[{"@type":"WebPage","@id":"https:\/\/www.karinibutiik.ee\/toode\/luhikesed-teksapuksid-2\/","url":"https:\/\/www.karinibutiik.ee\/toode\/luhikesed-teksapuksid-2\/","name":"\u0414\u0436\u0438\u043d\u0441\u043e\u0432\u044b\u0435 \u0448\u043e\u0440\u0442\u044b - Karini Butiik","isPartOf":{"@id":"https:\/\/www.karinibutiik.ee\/#website"},"primaryImageOfPage":{"@id":"https:\/\/www.karinibutiik.ee\/toode\/luhikesed-teksapuksid-2\/#primaryimage"},"image":{"@id":"https:\/\/www.karinibutiik.ee\/toode\/luhikesed-teksapuksid-2\/#primaryimage"},"thumbnailUrl":"https:\/\/www.karinibutiik.ee\/wp-content\/uploads\/2024\/08\/172035979_3688975304554878_8113927870837336698_n-e1723710807314.jpeg","datePublished":"2024-08-15T08:40:42+00:00","dateModified":"2026-01-04T17:34:10+00:00","description":"\u041e\u0431\u043d\u043e\u0432\u0438\u0442\u0435 \u0441\u0432\u043e\u0439 \u043b\u0435\u0442\u043d\u0438\u0439 \u0433\u0430\u0440\u0434\u0435\u0440\u043e\u0431 \u044d\u0442\u0438\u043c\u0438 \u043c\u043e\u0434\u043d\u044b\u043c\u0438 \u043e\u0431\u0440\u0435\u0437\u0430\u043d\u043d\u044b\u043c\u0438 \u0434\u0436\u0438\u043d\u0441\u0430\u043c\u0438. \u0421\u0442\u0438\u043b\u044c\u043d\u044b\u0439 \u0438 \u0443\u0434\u043e\u0431\u043d\u044b\u0439 \u0432\u044b\u0431\u043e\u0440 \u0434\u043b\u044f \u043b\u044e\u0431\u043e\u0433\u043e \u043b\u0435\u0442\u043d\u0435\u0433\u043e \u043f\u0440\u0438\u043a\u043b\u044e\u0447\u0435\u043d\u0438\u044f! \ud83d\udc99","breadcrumb":{"@id":"https:\/\/www.karinibutiik.ee\/toode\/luhikesed-teksapuksid-2\/#breadcrumb"},"inLanguage":"ru-RU","potentialAction":[{"@type":"ReadAction","target":["https:\/\/www.karinibutiik.ee\/toode\/luhikesed-teksapuksid-2\/"]}]},{"@type":"ImageObject","inLanguage":"ru-RU","@id":"https:\/\/www.karinibutiik.ee\/toode\/luhikesed-teksapuksid-2\/#primaryimage","url":"https:\/\/www.karinibutiik.ee\/wp-content\/uploads\/2024\/08\/172035979_3688975304554878_8113927870837336698_n-e1723710807314.jpeg","contentUrl":"https:\/\/www.karinibutiik.ee\/wp-content\/uploads\/2024\/08\/172035979_3688975304554878_8113927870837336698_n-e1723710807314.jpeg","width":1200,"height":1202},{"@type":"BreadcrumbList","@id":"https:\/\/www.karinibutiik.ee\/toode\/luhikesed-teksapuksid-2\/#breadcrumb","itemListElement":[{"@type":"ListItem","position":1,"name":"Home","item":"https:\/\/www.karinibutiik.ee\/"},{"@type":"ListItem","position":2,"name":"Pood","item":"https:\/\/www.karinibutiik.ee\/pood\/"},{"@type":"ListItem","position":3,"name":"L\u00fchikesed teksap\u00fcksid"}]},{"@type":"WebSite","@id":"https:\/\/www.karinibutiik.ee\/#website","url":"https:\/\/www.karinibutiik.ee\/","name":"\u041a\u0430\u0440\u0438\u043d\u0438 \u0411\u0443\u0442\u0438\u043a","description":"","publisher":{"@id":"https:\/\/www.karinibutiik.ee\/#organization"},"potentialAction":[{"@type":"SearchAction","target":{"@type":"EntryPoint","urlTemplate":"https:\/\/www.karinibutiik.ee\/?s={search_term_string}"},"query-input":{"@type":"PropertyValueSpecification","valueRequired":true,"valueName":"search_term_string"}}],"inLanguage":"ru-RU"},{"@type":"Organization","@id":"https:\/\/www.karinibutiik.ee\/#organization","name":"\u041a\u0430\u0440\u0438\u043d\u0438 \u0411\u0443\u0442\u0438\u043a","url":"https:\/\/www.karinibutiik.ee\/","logo":{"@type":"ImageObject","inLanguage":"ru-RU","@id":"https:\/\/www.karinibutiik.ee\/#\/schema\/logo\/image\/","url":"https:\/\/www.karinibutiik.ee\/wp-content\/uploads\/2024\/10\/Kuj.-K-koopia.png","contentUrl":"https:\/\/www.karinibutiik.ee\/wp-content\/uploads\/2024\/10\/Kuj.-K-koopia.png","width":500,"height":500,"caption":"Karini Butiik"},"image":{"@id":"https:\/\/www.karinibutiik.ee\/#\/schema\/logo\/image\/"},"sameAs":["https:\/\/www.facebook.com\/karinibutiik.ee","https:\/\/www.instagram.com\/karinibutiik"]}]},"og_availability":"instock","product_availability":"instock","product_retailer_item_id":"0605-3","product_condition":"new"},"_links":{"self":[{"href":"https:\/\/www.karinibutiik.ee\/ru\/wp-json\/wp\/v2\/product\/18186","targetHints":{"allow":["GET"]}}],"collection":[{"href":"https:\/\/www.karinibutiik.ee\/ru\/wp-json\/wp\/v2\/product"}],"about":[{"href":"https:\/\/www.karinibutiik.ee\/ru\/wp-json\/wp\/v2\/types\/product"}],"version-history":[{"count":1,"href":"https:\/\/www.karinibutiik.ee\/ru\/wp-json\/wp\/v2\/product\/18186\/revisions"}],"predecessor-version":[{"id":18189,"href":"https:\/\/www.karinibutiik.ee\/ru\/wp-json\/wp\/v2\/product\/18186\/revisions\/18189"}],"wp:featuredmedia":[{"embeddable":true,"href":"https:\/\/www.karinibutiik.ee\/ru\/wp-json\/wp\/v2\/media\/18185"}],"wp:attachment":[{"href":"https:\/\/www.karinibutiik.ee\/ru\/wp-json\/wp\/v2\/media?parent=18186"}],"wp:term":[{"taxonomy":"product_brand","embeddable":true,"href":"https:\/\/www.karinibutiik.ee\/ru\/wp-json\/wp\/v2\/product_brand?post=18186"},{"taxonomy":"product_cat","embeddable":true,"href":"https:\/\/www.karinibutiik.ee\/ru\/wp-json\/wp\/v2\/product_cat?post=18186"},{"taxonomy":"product_tag","embeddable":true,"href":"https:\/\/www.karinibutiik.ee\/ru\/wp-json\/wp\/v2\/product_tag?post=18186"}],"curies":[{"name":"wp","href":"https:\/\/api.w.org\/{rel}","templated":true}]}}