{"id":18196,"date":"2024-08-15T09:41:47","date_gmt":"2024-08-15T09:41:47","guid":{"rendered":"https:\/\/www.karinibutiik.ee\/?post_type=product&#038;p=18196"},"modified":"2025-12-27T12:04:41","modified_gmt":"2025-12-27T10:04:41","slug":"%d0%ba%d1%83%d1%81%d1%82%d1%8b-%d0%bf%d0%be%d0%ba%d1%80%d1%8b%d1%82%d1%8b%d0%b5-%d0%bb%d0%b8%d1%82%d1%80%d0%b0%d0%bc%d0%b8","status":"publish","type":"product","link":"https:\/\/www.karinibutiik.ee\/ru\/%d0%bf%d1%80%d0%be%d0%b4%d1%83%d0%ba%d1%82\/%d0%ba%d1%83%d1%81%d1%82%d1%8b-%d0%bf%d0%be%d0%ba%d1%80%d1%8b%d1%82%d1%8b%d0%b5-%d0%bb%d0%b8%d1%82%d1%80%d0%b0%d0%bc%d0%b8\/","title":{"rendered":"\u0411\u0440\u044e\u043a\u0438 \u0441 \u043b\u0438\u0442\u0440\u0430\u043c\u0438"},"content":{"rendered":"<p>\u0411\u0440\u044e\u043a\u0438 Litter \u0441 \u0443\u0434\u043e\u0431\u043d\u044b\u043c \u044d\u043b\u0430\u0441\u0442\u0438\u0447\u043d\u044b\u043c \u043f\u043e\u044f\u0441\u043e\u043c - \u0438\u0434\u0435\u0430\u043b\u044c\u043d\u044b\u0439 \u0431\u0430\u043b\u0430\u043d\u0441 \u0433\u043b\u0430\u043c\u0443\u0440\u0430 \u0438 \u043f\u0440\u0430\u043a\u0442\u0438\u0447\u043d\u043e\u0441\u0442\u0438. \u0411\u043b\u0435\u0441\u0442\u044f\u0449\u0430\u044f \u0442\u043a\u0430\u043d\u044c \u0434\u043e\u0431\u0430\u0432\u0438\u0442 \u0431\u043b\u0435\u0441\u043a\u0430 \u043b\u044e\u0431\u043e\u043c\u0443 \u043d\u0430\u0440\u044f\u0434\u0443, \u0430 \u044d\u043b\u0430\u0441\u0442\u0438\u0447\u043d\u044b\u0439 \u043f\u043e\u044f\u0441 \u043e\u0431\u0435\u0441\u043f\u0435\u0447\u0438\u0442 \u0438\u0434\u0435\u0430\u043b\u044c\u043d\u0443\u044e \u043f\u043e\u0441\u0430\u0434\u043a\u0443 \u0438 \u0443\u0434\u043e\u0431\u0441\u0442\u0432\u043e \u043d\u043e\u0448\u0435\u043d\u0438\u044f. \u0418\u0434\u0435\u0430\u043b\u044c\u043d\u044b\u0439 \u0432\u044b\u0431\u043e\u0440 \u0434\u043b\u044f \u0442\u043e\u0440\u0436\u0435\u0441\u0442\u0432\u0435\u043d\u043d\u044b\u0445 \u0441\u043b\u0443\u0447\u0430\u0435\u0432 \u0438 \u0432\u0435\u0447\u0435\u0440\u043d\u0438\u0445 \u0432\u044b\u0445\u043e\u0434\u043e\u0432.<\/p>","protected":false},"excerpt":{"rendered":"<p>Litter pealiskangaga p\u00fcksid, mille v\u00f6\u00f6osas on mugav kummipael, pakuvad glamuuri ja praktilisuse t\u00e4iuslikku tasakaalu. L\u00e4ikiv kangas lisab s\u00e4rtsu igale riietusele, [&hellip;]<\/p>\n","protected":false},"featured_media":18197,"template":"","meta":{"site-sidebar-layout":"default","site-content-layout":"","ast-site-content-layout":"default","site-content-style":"default","site-sidebar-style":"default","ast-global-header-display":"","ast-banner-title-visibility":"","ast-main-header-display":"","ast-hfb-above-header-display":"","ast-hfb-below-header-display":"","ast-hfb-mobile-header-display":"","site-post-title":"","ast-breadcrumbs-content":"","ast-featured-img":"","footer-sml-layout":"","ast-disable-related-posts":"","theme-transparent-header-meta":"default","adv-header-id-meta":"","stick-header-meta":"default","header-above-stick-meta":"","header-main-stick-meta":"","header-below-stick-meta":"","astra-migrate-meta-layouts":"set","ast-page-background-enabled":"default","ast-page-background-meta":{"desktop":{"background-color":"var(--ast-global-color-4)","background-image":"","background-repeat":"repeat","background-position":"center center","background-size":"auto","background-attachment":"scroll","background-type":"","background-media":"","overlay-type":"","overlay-color":"","overlay-opacity":"","overlay-gradient":""},"tablet":{"background-color":"","background-image":"","background-repeat":"repeat","background-position":"center center","background-size":"auto","background-attachment":"scroll","background-type":"","background-media":"","overlay-type":"","overlay-color":"","overlay-opacity":"","overlay-gradient":""},"mobile":{"background-color":"","background-image":"","background-repeat":"repeat","background-position":"center center","background-size":"auto","background-attachment":"scroll","background-type":"","background-media":"","overlay-type":"","overlay-color":"","overlay-opacity":"","overlay-gradient":""}},"ast-content-background-meta":{"desktop":{"background-color":"var(--ast-global-color-5)","background-image":"","background-repeat":"repeat","background-position":"center center","background-size":"auto","background-attachment":"scroll","background-type":"","background-media":"","overlay-type":"","overlay-color":"","overlay-opacity":"","overlay-gradient":""},"tablet":{"background-color":"var(--ast-global-color-5)","background-image":"","background-repeat":"repeat","background-position":"center center","background-size":"auto","background-attachment":"scroll","background-type":"","background-media":"","overlay-type":"","overlay-color":"","overlay-opacity":"","overlay-gradient":""},"mobile":{"background-color":"var(--ast-global-color-5)","background-image":"","background-repeat":"repeat","background-position":"center center","background-size":"auto","background-attachment":"scroll","background-type":"","background-media":"","overlay-type":"","overlay-color":"","overlay-opacity":"","overlay-gradient":""}}},"product_brand":[],"product_cat":[367,346,354,356],"product_tag":[856,855,501,857,537,601,818,858,841],"class_list":{"0":"post-18196","1":"product","2":"type-product","3":"status-publish","4":"has-post-thumbnail","6":"product_cat-allahindlus","7":"product_cat-naised","8":"product_cat-puksid-seelikud","9":"product_cat-tekstiilpuksid","10":"product_tag-aastavahetuse-peoriietus","11":"product_tag-joulud","12":"product_tag-karini-butiik","13":"product_tag-litritega-puksid","14":"product_tag-litter","15":"product_tag-litterpuksid","16":"product_tag-naisteriiete-pood","17":"product_tag-sadelevad-riided","18":"product_tag-sadelus","19":"desktop-align-center","20":"tablet-align-center","21":"mobile-align-center","22":"ast-product-gallery-layout-horizontal-slider","23":"ast-product-single-variable","24":"ast-product-tabs-layout-horizontal","26":"first","27":"instock","28":"sale","29":"taxable","30":"shipping-taxable","31":"purchasable","32":"product-type-variable"},"supplier_id":null,"supplier_sku":"","barcode":null,"atum_controlled":true,"out_stock_date":null,"out_stock_threshold":null,"inheritable":true,"inbound_stock":0,"stock_on_hold":0,"sold_today":0,"sales_last_days":0,"reserved_stock":0,"customer_returns":0,"warehouse_damage":0,"lost_in_post":0,"other_logs":0,"out_stock_days":0,"lost_sales":0,"has_location":false,"update_date":"2025-12-27T10:04:41","atum_locations":[],"atum_stock_status":"instock","restock_status":false,"low_stock_amount":"","sales_update_date":"2025-12-05T00:00:13","calc_backorders":null,"yoast_head":"<!-- This site is optimized with the Yoast SEO plugin v26.9 - https:\/\/yoast.com\/product\/yoast-seo-wordpress\/ -->\n<title>Litritega kaetud p\u00fcksid - Karini Butiik<\/title>\n<meta name=\"description\" content=\"Karini butiigis saadaval olevad litritega p\u00fcksid ei luba sul m\u00e4rkamatuks j\u00e4\u00e4da! Vali mugavus ja s\u00e4rts ning soeta oma paar juba t\u00e4na. \ud83d\udcab\" \/>\n<meta name=\"robots\" content=\"index, follow, max-snippet:-1, max-image-preview:large, max-video-preview:-1\" \/>\n<link rel=\"canonical\" href=\"https:\/\/www.karinibutiik.ee\/ru\/\u043f\u0440\u043e\u0434\u0443\u043a\u0442\/\u043a\u0443\u0441\u0442\u044b-\u043f\u043e\u043a\u0440\u044b\u0442\u044b\u0435-\u043b\u0438\u0442\u0440\u0430\u043c\u0438\/\" \/>\n<meta property=\"og:locale\" content=\"ru_RU\" \/>\n<meta property=\"og:type\" content=\"article\" \/>\n<meta property=\"og:title\" content=\"Litritega kaetud p\u00fcksid - Karini Butiik\" \/>\n<meta property=\"og:description\" content=\"Karini butiigis saadaval olevad litritega p\u00fcksid ei luba sul m\u00e4rkamatuks j\u00e4\u00e4da! Vali mugavus ja s\u00e4rts ning soeta oma paar juba t\u00e4na. \ud83d\udcab\" \/>\n<meta property=\"og:url\" content=\"https:\/\/www.karinibutiik.ee\/ru\/\u043f\u0440\u043e\u0434\u0443\u043a\u0442\/\u043a\u0443\u0441\u0442\u044b-\u043f\u043e\u043a\u0440\u044b\u0442\u044b\u0435-\u043b\u0438\u0442\u0440\u0430\u043c\u0438\/\" \/>\n<meta property=\"og:site_name\" content=\"Karini Butiik\" \/>\n<meta property=\"article:publisher\" content=\"https:\/\/www.facebook.com\/karinibutiik.ee\" \/>\n<meta property=\"article:modified_time\" content=\"2025-12-27T10:04:41+00:00\" \/>\n<meta property=\"og:image\" content=\"https:\/\/www.karinibutiik.ee\/wp-content\/uploads\/2024\/08\/230831_Karini_Butiik_Erlend_Staub_126.jpg\" \/>\n\t<meta property=\"og:image:width\" content=\"1200\" \/>\n\t<meta property=\"og:image:height\" content=\"1500\" \/>\n\t<meta property=\"og:image:type\" content=\"image\/jpeg\" \/>\n<meta name=\"twitter:card\" content=\"summary_large_image\" \/>\n<meta name=\"twitter:label1\" content=\"\u0414\u043e\u0441\u0442\u0443\u043f\u043d\u043e\u0441\u0442\u044c\" \/>\n\t<meta name=\"twitter:data1\" content=\"\u0412 \u043d\u0430\u043b\u0438\u0447\u0438\u0438\" \/>\n<script type=\"application\/ld+json\" class=\"yoast-schema-graph\">{\"@context\":\"https:\/\/schema.org\",\"@graph\":[{\"@type\":\"WebPage\",\"@id\":\"https:\/\/www.karinibutiik.ee\/toode\/litritega-kaetud-puksid\/\",\"url\":\"https:\/\/www.karinibutiik.ee\/toode\/litritega-kaetud-puksid\/\",\"name\":\"Litritega kaetud p\u00fcksid - Karini Butiik\",\"isPartOf\":{\"@id\":\"https:\/\/www.karinibutiik.ee\/#website\"},\"primaryImageOfPage\":{\"@id\":\"https:\/\/www.karinibutiik.ee\/toode\/litritega-kaetud-puksid\/#primaryimage\"},\"image\":{\"@id\":\"https:\/\/www.karinibutiik.ee\/toode\/litritega-kaetud-puksid\/#primaryimage\"},\"thumbnailUrl\":\"https:\/\/www.karinibutiik.ee\/wp-content\/uploads\/2024\/08\/230831_Karini_Butiik_Erlend_Staub_126.jpg\",\"datePublished\":\"2024-08-15T09:41:47+00:00\",\"dateModified\":\"2025-12-27T10:04:41+00:00\",\"description\":\"Karini butiigis saadaval olevad litritega p\u00fcksid ei luba sul m\u00e4rkamatuks j\u00e4\u00e4da! Vali mugavus ja s\u00e4rts ning soeta oma paar juba t\u00e4na. \ud83d\udcab\",\"breadcrumb\":{\"@id\":\"https:\/\/www.karinibutiik.ee\/toode\/litritega-kaetud-puksid\/#breadcrumb\"},\"inLanguage\":\"ru-RU\",\"potentialAction\":[{\"@type\":\"ReadAction\",\"target\":[\"https:\/\/www.karinibutiik.ee\/toode\/litritega-kaetud-puksid\/\"]}]},{\"@type\":\"ImageObject\",\"inLanguage\":\"ru-RU\",\"@id\":\"https:\/\/www.karinibutiik.ee\/toode\/litritega-kaetud-puksid\/#primaryimage\",\"url\":\"https:\/\/www.karinibutiik.ee\/wp-content\/uploads\/2024\/08\/230831_Karini_Butiik_Erlend_Staub_126.jpg\",\"contentUrl\":\"https:\/\/www.karinibutiik.ee\/wp-content\/uploads\/2024\/08\/230831_Karini_Butiik_Erlend_Staub_126.jpg\",\"width\":1200,\"height\":1500},{\"@type\":\"BreadcrumbList\",\"@id\":\"https:\/\/www.karinibutiik.ee\/toode\/litritega-kaetud-puksid\/#breadcrumb\",\"itemListElement\":[{\"@type\":\"ListItem\",\"position\":1,\"name\":\"Home\",\"item\":\"https:\/\/www.karinibutiik.ee\/\"},{\"@type\":\"ListItem\",\"position\":2,\"name\":\"Pood\",\"item\":\"https:\/\/www.karinibutiik.ee\/pood\/\"},{\"@type\":\"ListItem\",\"position\":3,\"name\":\"Litritega kaetud p\u00fcksid\"}]},{\"@type\":\"WebSite\",\"@id\":\"https:\/\/www.karinibutiik.ee\/#website\",\"url\":\"https:\/\/www.karinibutiik.ee\/\",\"name\":\"Karini Butiik\",\"description\":\"\",\"publisher\":{\"@id\":\"https:\/\/www.karinibutiik.ee\/#organization\"},\"potentialAction\":[{\"@type\":\"SearchAction\",\"target\":{\"@type\":\"EntryPoint\",\"urlTemplate\":\"https:\/\/www.karinibutiik.ee\/?s={search_term_string}\"},\"query-input\":{\"@type\":\"PropertyValueSpecification\",\"valueRequired\":true,\"valueName\":\"search_term_string\"}}],\"inLanguage\":\"ru-RU\"},{\"@type\":\"Organization\",\"@id\":\"https:\/\/www.karinibutiik.ee\/#organization\",\"name\":\"Karini Butiik\",\"url\":\"https:\/\/www.karinibutiik.ee\/\",\"logo\":{\"@type\":\"ImageObject\",\"inLanguage\":\"ru-RU\",\"@id\":\"https:\/\/www.karinibutiik.ee\/#\/schema\/logo\/image\/\",\"url\":\"https:\/\/www.karinibutiik.ee\/wp-content\/uploads\/2024\/10\/Kuj.-K-koopia.png\",\"contentUrl\":\"https:\/\/www.karinibutiik.ee\/wp-content\/uploads\/2024\/10\/Kuj.-K-koopia.png\",\"width\":500,\"height\":500,\"caption\":\"Karini Butiik\"},\"image\":{\"@id\":\"https:\/\/www.karinibutiik.ee\/#\/schema\/logo\/image\/\"},\"sameAs\":[\"https:\/\/www.facebook.com\/karinibutiik.ee\",\"https:\/\/www.instagram.com\/karinibutiik\"]}]}<\/script>\n<meta property=\"og:availability\" content=\"instock\" \/>\n<meta property=\"product:availability\" content=\"instock\" \/>\n<meta property=\"product:retailer_item_id\" content=\"6025\" \/>\n<meta property=\"product:condition\" content=\"new\" \/>\n<!-- \/ Yoast SEO plugin. -->","yoast_head_json":{"title":"\u0411\u0440\u044e\u043a\u0438, \u043f\u043e\u043a\u0440\u044b\u0442\u044b\u0435 \u043b\u0438\u0442\u0440\u0430\u043c\u0438 - \u041a\u0430\u0440\u0438\u043d\u0438 \u0411\u0443\u0442\u0438\u043a","description":"\u041b\u0438\u0442\u0440\u043e\u0432\u044b\u0435 \u0431\u0440\u044e\u043a\u0438, \u043f\u0440\u0435\u0434\u0441\u0442\u0430\u0432\u043b\u0435\u043d\u043d\u044b\u0435 \u0432 \u0431\u0443\u0442\u0438\u043a\u0435 Karin's, \u043d\u0435 \u043f\u043e\u0437\u0432\u043e\u043b\u044f\u0442 \u0432\u0430\u043c \u043e\u0441\u0442\u0430\u0442\u044c\u0441\u044f \u043d\u0435\u0437\u0430\u043c\u0435\u0447\u0435\u043d\u043d\u043e\u0439! \u0412\u044b\u0431\u0438\u0440\u0430\u0439\u0442\u0435 \u043a\u043e\u043c\u0444\u043e\u0440\u0442 \u0438 \u0448\u0438\u043a \u0438 \u043f\u0440\u0438\u043e\u0431\u0440\u0435\u0442\u0430\u0439\u0442\u0435 \u0441\u0432\u043e\u044e \u043f\u0430\u0440\u0443 \u0443\u0436\u0435 \u0441\u0435\u0433\u043e\u0434\u043d\u044f. \ud83d\udcab","robots":{"index":"index","follow":"follow","max-snippet":"max-snippet:-1","max-image-preview":"max-image-preview:large","max-video-preview":"max-video-preview:-1"},"canonical":"https:\/\/www.karinibutiik.ee\/ru\/\u043f\u0440\u043e\u0434\u0443\u043a\u0442\/\u043a\u0443\u0441\u0442\u044b-\u043f\u043e\u043a\u0440\u044b\u0442\u044b\u0435-\u043b\u0438\u0442\u0440\u0430\u043c\u0438\/","og_locale":"ru_RU","og_type":"article","og_title":"Litritega kaetud p\u00fcksid - Karini Butiik","og_description":"Karini butiigis saadaval olevad litritega p\u00fcksid ei luba sul m\u00e4rkamatuks j\u00e4\u00e4da! Vali mugavus ja s\u00e4rts ning soeta oma paar juba t\u00e4na. \ud83d\udcab","og_url":"https:\/\/www.karinibutiik.ee\/ru\/\u043f\u0440\u043e\u0434\u0443\u043a\u0442\/\u043a\u0443\u0441\u0442\u044b-\u043f\u043e\u043a\u0440\u044b\u0442\u044b\u0435-\u043b\u0438\u0442\u0440\u0430\u043c\u0438\/","og_site_name":"Karini Butiik","article_publisher":"https:\/\/www.facebook.com\/karinibutiik.ee","article_modified_time":"2025-12-27T10:04:41+00:00","og_image":[{"width":1200,"height":1500,"url":"https:\/\/www.karinibutiik.ee\/wp-content\/uploads\/2024\/08\/230831_Karini_Butiik_Erlend_Staub_126.jpg","type":"image\/jpeg"}],"twitter_card":"summary_large_image","twitter_misc":{"\u0414\u043e\u0441\u0442\u0443\u043f\u043d\u043e\u0441\u0442\u044c":"\u0412 \u043d\u0430\u043b\u0438\u0447\u0438\u0438"},"schema":{"@context":"https:\/\/schema.org","@graph":[{"@type":"WebPage","@id":"https:\/\/www.karinibutiik.ee\/toode\/litritega-kaetud-puksid\/","url":"https:\/\/www.karinibutiik.ee\/toode\/litritega-kaetud-puksid\/","name":"\u0411\u0440\u044e\u043a\u0438, \u043f\u043e\u043a\u0440\u044b\u0442\u044b\u0435 \u043b\u0438\u0442\u0440\u0430\u043c\u0438 - \u041a\u0430\u0440\u0438\u043d\u0438 \u0411\u0443\u0442\u0438\u043a","isPartOf":{"@id":"https:\/\/www.karinibutiik.ee\/#website"},"primaryImageOfPage":{"@id":"https:\/\/www.karinibutiik.ee\/toode\/litritega-kaetud-puksid\/#primaryimage"},"image":{"@id":"https:\/\/www.karinibutiik.ee\/toode\/litritega-kaetud-puksid\/#primaryimage"},"thumbnailUrl":"https:\/\/www.karinibutiik.ee\/wp-content\/uploads\/2024\/08\/230831_Karini_Butiik_Erlend_Staub_126.jpg","datePublished":"2024-08-15T09:41:47+00:00","dateModified":"2025-12-27T10:04:41+00:00","description":"\u041b\u0438\u0442\u0440\u043e\u0432\u044b\u0435 \u0431\u0440\u044e\u043a\u0438, \u043f\u0440\u0435\u0434\u0441\u0442\u0430\u0432\u043b\u0435\u043d\u043d\u044b\u0435 \u0432 \u0431\u0443\u0442\u0438\u043a\u0435 Karin's, \u043d\u0435 \u043f\u043e\u0437\u0432\u043e\u043b\u044f\u0442 \u0432\u0430\u043c \u043e\u0441\u0442\u0430\u0442\u044c\u0441\u044f \u043d\u0435\u0437\u0430\u043c\u0435\u0447\u0435\u043d\u043d\u043e\u0439! \u0412\u044b\u0431\u0438\u0440\u0430\u0439\u0442\u0435 \u043a\u043e\u043c\u0444\u043e\u0440\u0442 \u0438 \u0448\u0438\u043a \u0438 \u043f\u0440\u0438\u043e\u0431\u0440\u0435\u0442\u0430\u0439\u0442\u0435 \u0441\u0432\u043e\u044e \u043f\u0430\u0440\u0443 \u0443\u0436\u0435 \u0441\u0435\u0433\u043e\u0434\u043d\u044f. \ud83d\udcab","breadcrumb":{"@id":"https:\/\/www.karinibutiik.ee\/toode\/litritega-kaetud-puksid\/#breadcrumb"},"inLanguage":"ru-RU","potentialAction":[{"@type":"ReadAction","target":["https:\/\/www.karinibutiik.ee\/toode\/litritega-kaetud-puksid\/"]}]},{"@type":"ImageObject","inLanguage":"ru-RU","@id":"https:\/\/www.karinibutiik.ee\/toode\/litritega-kaetud-puksid\/#primaryimage","url":"https:\/\/www.karinibutiik.ee\/wp-content\/uploads\/2024\/08\/230831_Karini_Butiik_Erlend_Staub_126.jpg","contentUrl":"https:\/\/www.karinibutiik.ee\/wp-content\/uploads\/2024\/08\/230831_Karini_Butiik_Erlend_Staub_126.jpg","width":1200,"height":1500},{"@type":"BreadcrumbList","@id":"https:\/\/www.karinibutiik.ee\/toode\/litritega-kaetud-puksid\/#breadcrumb","itemListElement":[{"@type":"ListItem","position":1,"name":"Home","item":"https:\/\/www.karinibutiik.ee\/"},{"@type":"ListItem","position":2,"name":"Pood","item":"https:\/\/www.karinibutiik.ee\/pood\/"},{"@type":"ListItem","position":3,"name":"Litritega kaetud p\u00fcksid"}]},{"@type":"WebSite","@id":"https:\/\/www.karinibutiik.ee\/#website","url":"https:\/\/www.karinibutiik.ee\/","name":"\u041a\u0430\u0440\u0438\u043d\u0438 \u0411\u0443\u0442\u0438\u043a","description":"","publisher":{"@id":"https:\/\/www.karinibutiik.ee\/#organization"},"potentialAction":[{"@type":"SearchAction","target":{"@type":"EntryPoint","urlTemplate":"https:\/\/www.karinibutiik.ee\/?s={search_term_string}"},"query-input":{"@type":"PropertyValueSpecification","valueRequired":true,"valueName":"search_term_string"}}],"inLanguage":"ru-RU"},{"@type":"Organization","@id":"https:\/\/www.karinibutiik.ee\/#organization","name":"\u041a\u0430\u0440\u0438\u043d\u0438 \u0411\u0443\u0442\u0438\u043a","url":"https:\/\/www.karinibutiik.ee\/","logo":{"@type":"ImageObject","inLanguage":"ru-RU","@id":"https:\/\/www.karinibutiik.ee\/#\/schema\/logo\/image\/","url":"https:\/\/www.karinibutiik.ee\/wp-content\/uploads\/2024\/10\/Kuj.-K-koopia.png","contentUrl":"https:\/\/www.karinibutiik.ee\/wp-content\/uploads\/2024\/10\/Kuj.-K-koopia.png","width":500,"height":500,"caption":"Karini Butiik"},"image":{"@id":"https:\/\/www.karinibutiik.ee\/#\/schema\/logo\/image\/"},"sameAs":["https:\/\/www.facebook.com\/karinibutiik.ee","https:\/\/www.instagram.com\/karinibutiik"]}]},"og_availability":"instock","product_availability":"instock","product_retailer_item_id":"6025","product_condition":"new"},"_links":{"self":[{"href":"https:\/\/www.karinibutiik.ee\/ru\/wp-json\/wp\/v2\/product\/18196","targetHints":{"allow":["GET"]}}],"collection":[{"href":"https:\/\/www.karinibutiik.ee\/ru\/wp-json\/wp\/v2\/product"}],"about":[{"href":"https:\/\/www.karinibutiik.ee\/ru\/wp-json\/wp\/v2\/types\/product"}],"version-history":[{"count":1,"href":"https:\/\/www.karinibutiik.ee\/ru\/wp-json\/wp\/v2\/product\/18196\/revisions"}],"predecessor-version":[{"id":18203,"href":"https:\/\/www.karinibutiik.ee\/ru\/wp-json\/wp\/v2\/product\/18196\/revisions\/18203"}],"wp:featuredmedia":[{"embeddable":true,"href":"https:\/\/www.karinibutiik.ee\/ru\/wp-json\/wp\/v2\/media\/18197"}],"wp:attachment":[{"href":"https:\/\/www.karinibutiik.ee\/ru\/wp-json\/wp\/v2\/media?parent=18196"}],"wp:term":[{"taxonomy":"product_brand","embeddable":true,"href":"https:\/\/www.karinibutiik.ee\/ru\/wp-json\/wp\/v2\/product_brand?post=18196"},{"taxonomy":"product_cat","embeddable":true,"href":"https:\/\/www.karinibutiik.ee\/ru\/wp-json\/wp\/v2\/product_cat?post=18196"},{"taxonomy":"product_tag","embeddable":true,"href":"https:\/\/www.karinibutiik.ee\/ru\/wp-json\/wp\/v2\/product_tag?post=18196"}],"curies":[{"name":"wp","href":"https:\/\/api.w.org\/{rel}","templated":true}]}}