{"id":19407,"date":"2024-10-15T11:08:10","date_gmt":"2024-10-15T11:08:10","guid":{"rendered":"https:\/\/www.karinibutiik.ee\/?post_type=product&#038;p=19407"},"modified":"2025-07-01T00:47:13","modified_gmt":"2025-06-30T21:47:13","slug":"dressikomplekt-mommiga","status":"publish","type":"product","link":"https:\/\/www.karinibutiik.ee\/ru\/%d0%bf%d1%80%d0%be%d0%b4%d1%83%d0%ba%d1%82\/dressikomplekt-mommiga\/","title":{"rendered":"DRESSIKOMPLEKT M\u00d5MMIGA"},"content":{"rendered":"<p>Stiilne ja mugav dressikomplekt, mis koosneb sirge l\u00f5ikega p\u00fckstest ja kapuutsiga dressipluusist. Dressipluusi rinda kaunistab efektne kivikestega kaetud minimalistlik m\u00f5mmikujundus, mis lisab komplektile ainulaadse ja pilkup\u00fc\u00fcdva detaili. K\u00e4ngurutasku ja kapuuts teevad dressipluusi praktiliseks ja mugavaks valikuks igap\u00e4evaseks kandmiseks. Ideaalne komplekt neile, kes hindavad mugavust ja stiili \u00fcheskoos.<\/p>\n<p>m\u00f5\u00f5dud<br \/>\nS &#8211; p\u00fckste pikkus 100cm, sises\u00e4\u00e4r 71cm<br \/>\nM &#8211; p\u00fckste pikkus 102cm, sises\u00e4\u00e4r 73cm<br \/>\nL &#8211; p\u00fckste pikkus 104cm, sises\u00e4\u00e4r 73cm<\/p>","protected":false},"excerpt":{"rendered":"<p>Stiilne ja mugav dressikomplekt, mis koosneb sirge l\u00f5ikega p\u00fckstest ja kapuutsiga dressipluusist. Dressipluusi rinda kaunistab efektne kivikestega kaetud minimalistlik m\u00f5mmikujundus, [&hellip;]<\/p>\n","protected":false},"featured_media":19714,"template":"","meta":{"site-sidebar-layout":"default","site-content-layout":"","ast-site-content-layout":"default","site-content-style":"default","site-sidebar-style":"default","ast-global-header-display":"","ast-banner-title-visibility":"","ast-main-header-display":"","ast-hfb-above-header-display":"","ast-hfb-below-header-display":"","ast-hfb-mobile-header-display":"","site-post-title":"","ast-breadcrumbs-content":"","ast-featured-img":"","footer-sml-layout":"","ast-disable-related-posts":"","theme-transparent-header-meta":"default","adv-header-id-meta":"","stick-header-meta":"default","header-above-stick-meta":"","header-main-stick-meta":"","header-below-stick-meta":"","astra-migrate-meta-layouts":"set","ast-page-background-enabled":"default","ast-page-background-meta":{"desktop":{"background-color":"var(--ast-global-color-4)","background-image":"","background-repeat":"repeat","background-position":"center center","background-size":"auto","background-attachment":"scroll","background-type":"","background-media":"","overlay-type":"","overlay-color":"","overlay-opacity":"","overlay-gradient":""},"tablet":{"background-color":"","background-image":"","background-repeat":"repeat","background-position":"center center","background-size":"auto","background-attachment":"scroll","background-type":"","background-media":"","overlay-type":"","overlay-color":"","overlay-opacity":"","overlay-gradient":""},"mobile":{"background-color":"","background-image":"","background-repeat":"repeat","background-position":"center center","background-size":"auto","background-attachment":"scroll","background-type":"","background-media":"","overlay-type":"","overlay-color":"","overlay-opacity":"","overlay-gradient":""}},"ast-content-background-meta":{"desktop":{"background-color":"var(--ast-global-color-5)","background-image":"","background-repeat":"repeat","background-position":"center center","background-size":"auto","background-attachment":"scroll","background-type":"","background-media":"","overlay-type":"","overlay-color":"","overlay-opacity":"","overlay-gradient":""},"tablet":{"background-color":"var(--ast-global-color-5)","background-image":"","background-repeat":"repeat","background-position":"center center","background-size":"auto","background-attachment":"scroll","background-type":"","background-media":"","overlay-type":"","overlay-color":"","overlay-opacity":"","overlay-gradient":""},"mobile":{"background-color":"var(--ast-global-color-5)","background-image":"","background-repeat":"repeat","background-position":"center center","background-size":"auto","background-attachment":"scroll","background-type":"","background-media":"","overlay-type":"","overlay-color":"","overlay-opacity":"","overlay-gradient":""}}},"product_brand":[],"product_cat":[346,386,387],"product_tag":[784,475,977,871,1073,501,1072,1070,859,1071,690,811],"class_list":{"0":"post-19407","1":"product","2":"type-product","3":"status-publish","4":"has-post-thumbnail","6":"product_cat-naised","7":"product_cat-dressid","8":"product_cat-komplektid","9":"product_tag-butiik-tallinnas","10":"product_tag-dresshouse","11":"product_tag-dressid","12":"product_tag-hm","13":"product_tag-kapuutsiga-dressid","14":"product_tag-karini-butiik","15":"product_tag-kvaliteetsed-dressid","16":"product_tag-naiste-dressid","17":"product_tag-soodsad-naisteriided","18":"product_tag-stiilsed-dressid","19":"product_tag-vabaaja-riided","20":"product_tag-zara","21":"desktop-align-center","22":"tablet-align-center","23":"mobile-align-center","24":"ast-product-gallery-layout-horizontal-slider","25":"ast-product-single-variable","26":"ast-product-tabs-layout-horizontal","28":"first","29":"outofstock","30":"taxable","31":"shipping-taxable","32":"product-type-variable"},"supplier_id":null,"supplier_sku":"","barcode":null,"atum_controlled":true,"out_stock_date":null,"out_stock_threshold":null,"inheritable":true,"inbound_stock":0,"stock_on_hold":0,"sold_today":0,"sales_last_days":0,"reserved_stock":0,"customer_returns":0,"warehouse_damage":0,"lost_in_post":0,"other_logs":0,"out_stock_days":0,"lost_sales":0,"has_location":false,"update_date":"2025-12-04T01:26:45","atum_locations":[],"atum_stock_status":"outofstock","restock_status":false,"low_stock_amount":"","sales_update_date":"2025-12-04T01:26:45","calc_backorders":null,"yoast_head":"<!-- This site is optimized with the Yoast SEO plugin v26.9 - https:\/\/yoast.com\/product\/yoast-seo-wordpress\/ -->\n<title>DRESSIKOMPLEKT M\u00d5MMIGA - Karini Butiik<\/title>\n<meta name=\"description\" content=\"Stiilne ja mugav dressikomplekt, mis koosneb sirge l\u00f5ikega p\u00fckstest ja kapuutsiga dressipluusist. Dressipluusi rinda kaunistab efektne kivikestega kaetud minimalistlik m\u00f5mmikujundus, mis lisab komplektile ainulaadse ja pilkup\u00fc\u00fcdva detaili. K\u00e4ngurutasku ja kapuuts teevad dressipluusi praktiliseks ja mugavaks valikuks igap\u00e4evaseks kandmiseks. Ideaalne komplekt neile, kes hindavad mugavust ja stiili \u00fcheskoos.\" \/>\n<meta name=\"robots\" content=\"index, follow, max-snippet:-1, max-image-preview:large, max-video-preview:-1\" \/>\n<link rel=\"canonical\" href=\"https:\/\/www.karinibutiik.ee\/ru\/\u043f\u0440\u043e\u0434\u0443\u043a\u0442\/dressikomplekt-mommiga\/\" \/>\n<meta property=\"og:locale\" content=\"ru_RU\" \/>\n<meta property=\"og:type\" content=\"article\" \/>\n<meta property=\"og:title\" content=\"DRESSIKOMPLEKT M\u00d5MMIGA - Karini Butiik\" \/>\n<meta property=\"og:description\" content=\"Stiilne ja mugav dressikomplekt, mis koosneb sirge l\u00f5ikega p\u00fckstest ja kapuutsiga dressipluusist. Dressipluusi rinda kaunistab efektne kivikestega kaetud minimalistlik m\u00f5mmikujundus, mis lisab komplektile ainulaadse ja pilkup\u00fc\u00fcdva detaili. K\u00e4ngurutasku ja kapuuts teevad dressipluusi praktiliseks ja mugavaks valikuks igap\u00e4evaseks kandmiseks. Ideaalne komplekt neile, kes hindavad mugavust ja stiili \u00fcheskoos.\" \/>\n<meta property=\"og:url\" content=\"https:\/\/www.karinibutiik.ee\/ru\/\u043f\u0440\u043e\u0434\u0443\u043a\u0442\/dressikomplekt-mommiga\/\" \/>\n<meta property=\"og:site_name\" content=\"Karini Butiik\" \/>\n<meta property=\"article:publisher\" content=\"https:\/\/www.facebook.com\/karinibutiik.ee\" \/>\n<meta property=\"article:modified_time\" content=\"2025-06-30T21:47:13+00:00\" \/>\n<meta property=\"og:image\" content=\"https:\/\/www.karinibutiik.ee\/wp-content\/uploads\/2024\/10\/IMG_9553-scaled-e1728990340303.jpeg\" \/>\n\t<meta property=\"og:image:width\" content=\"1672\" \/>\n\t<meta property=\"og:image:height\" content=\"2257\" \/>\n\t<meta property=\"og:image:type\" content=\"image\/jpeg\" \/>\n<meta name=\"twitter:card\" content=\"summary_large_image\" \/>\n<meta name=\"twitter:label1\" content=\"\u0414\u043e\u0441\u0442\u0443\u043f\u043d\u043e\u0441\u0442\u044c\" \/>\n\t<meta name=\"twitter:data1\" content=\"\u0420\u0430\u0441\u043f\u0440\u043e\u0434\u0430\u043d\u043e\" \/>\n<script type=\"application\/ld+json\" class=\"yoast-schema-graph\">{\"@context\":\"https:\/\/schema.org\",\"@graph\":[{\"@type\":\"WebPage\",\"@id\":\"https:\/\/www.karinibutiik.ee\/toode\/dressikomplekt-mommiga\/\",\"url\":\"https:\/\/www.karinibutiik.ee\/toode\/dressikomplekt-mommiga\/\",\"name\":\"DRESSIKOMPLEKT M\u00d5MMIGA - Karini Butiik\",\"isPartOf\":{\"@id\":\"https:\/\/www.karinibutiik.ee\/#website\"},\"primaryImageOfPage\":{\"@id\":\"https:\/\/www.karinibutiik.ee\/toode\/dressikomplekt-mommiga\/#primaryimage\"},\"image\":{\"@id\":\"https:\/\/www.karinibutiik.ee\/toode\/dressikomplekt-mommiga\/#primaryimage\"},\"thumbnailUrl\":\"https:\/\/www.karinibutiik.ee\/wp-content\/uploads\/2024\/10\/IMG_9553-scaled-e1728990340303.jpeg\",\"datePublished\":\"2024-10-15T11:08:10+00:00\",\"dateModified\":\"2025-06-30T21:47:13+00:00\",\"description\":\"Stiilne ja mugav dressikomplekt, mis koosneb sirge l\u00f5ikega p\u00fckstest ja kapuutsiga dressipluusist. Dressipluusi rinda kaunistab efektne kivikestega kaetud minimalistlik m\u00f5mmikujundus, mis lisab komplektile ainulaadse ja pilkup\u00fc\u00fcdva detaili. K\u00e4ngurutasku ja kapuuts teevad dressipluusi praktiliseks ja mugavaks valikuks igap\u00e4evaseks kandmiseks. Ideaalne komplekt neile, kes hindavad mugavust ja stiili \u00fcheskoos.\",\"breadcrumb\":{\"@id\":\"https:\/\/www.karinibutiik.ee\/toode\/dressikomplekt-mommiga\/#breadcrumb\"},\"inLanguage\":\"ru-RU\",\"potentialAction\":[{\"@type\":\"ReadAction\",\"target\":[\"https:\/\/www.karinibutiik.ee\/toode\/dressikomplekt-mommiga\/\"]}]},{\"@type\":\"ImageObject\",\"inLanguage\":\"ru-RU\",\"@id\":\"https:\/\/www.karinibutiik.ee\/toode\/dressikomplekt-mommiga\/#primaryimage\",\"url\":\"https:\/\/www.karinibutiik.ee\/wp-content\/uploads\/2024\/10\/IMG_9553-scaled-e1728990340303.jpeg\",\"contentUrl\":\"https:\/\/www.karinibutiik.ee\/wp-content\/uploads\/2024\/10\/IMG_9553-scaled-e1728990340303.jpeg\",\"width\":1672,\"height\":2257},{\"@type\":\"BreadcrumbList\",\"@id\":\"https:\/\/www.karinibutiik.ee\/toode\/dressikomplekt-mommiga\/#breadcrumb\",\"itemListElement\":[{\"@type\":\"ListItem\",\"position\":1,\"name\":\"Home\",\"item\":\"https:\/\/www.karinibutiik.ee\/\"},{\"@type\":\"ListItem\",\"position\":2,\"name\":\"Pood\",\"item\":\"https:\/\/www.karinibutiik.ee\/pood\/\"},{\"@type\":\"ListItem\",\"position\":3,\"name\":\"DRESSIKOMPLEKT M\u00d5MMIGA\"}]},{\"@type\":\"WebSite\",\"@id\":\"https:\/\/www.karinibutiik.ee\/#website\",\"url\":\"https:\/\/www.karinibutiik.ee\/\",\"name\":\"Karini Butiik\",\"description\":\"\",\"publisher\":{\"@id\":\"https:\/\/www.karinibutiik.ee\/#organization\"},\"potentialAction\":[{\"@type\":\"SearchAction\",\"target\":{\"@type\":\"EntryPoint\",\"urlTemplate\":\"https:\/\/www.karinibutiik.ee\/?s={search_term_string}\"},\"query-input\":{\"@type\":\"PropertyValueSpecification\",\"valueRequired\":true,\"valueName\":\"search_term_string\"}}],\"inLanguage\":\"ru-RU\"},{\"@type\":\"Organization\",\"@id\":\"https:\/\/www.karinibutiik.ee\/#organization\",\"name\":\"Karini Butiik\",\"url\":\"https:\/\/www.karinibutiik.ee\/\",\"logo\":{\"@type\":\"ImageObject\",\"inLanguage\":\"ru-RU\",\"@id\":\"https:\/\/www.karinibutiik.ee\/#\/schema\/logo\/image\/\",\"url\":\"https:\/\/www.karinibutiik.ee\/wp-content\/uploads\/2024\/10\/Kuj.-K-koopia.png\",\"contentUrl\":\"https:\/\/www.karinibutiik.ee\/wp-content\/uploads\/2024\/10\/Kuj.-K-koopia.png\",\"width\":500,\"height\":500,\"caption\":\"Karini Butiik\"},\"image\":{\"@id\":\"https:\/\/www.karinibutiik.ee\/#\/schema\/logo\/image\/\"},\"sameAs\":[\"https:\/\/www.facebook.com\/karinibutiik.ee\",\"https:\/\/www.instagram.com\/karinibutiik\"]}]}<\/script>\n<meta property=\"og:availability\" content=\"out of stock\" \/>\n<meta property=\"product:availability\" content=\"out of stock\" \/>\n<meta property=\"product:retailer_item_id\" content=\"3890\" \/>\n<meta property=\"product:condition\" content=\"new\" \/>\n<!-- \/ Yoast SEO plugin. -->","yoast_head_json":{"title":"DRESSIKOMPLEKT M\u00d5MMIGA - Karini Butiik","description":"Stiilne ja mugav dressikomplekt, mis koosneb sirge l\u00f5ikega p\u00fckstest ja kapuutsiga dressipluusist. Dressipluusi rinda kaunistab efektne kivikestega kaetud minimalistlik m\u00f5mmikujundus, mis lisab komplektile ainulaadse ja pilkup\u00fc\u00fcdva detaili. K\u00e4ngurutasku ja kapuuts teevad dressipluusi praktiliseks ja mugavaks valikuks igap\u00e4evaseks kandmiseks. Ideaalne komplekt neile, kes hindavad mugavust ja stiili \u00fcheskoos.","robots":{"index":"index","follow":"follow","max-snippet":"max-snippet:-1","max-image-preview":"max-image-preview:large","max-video-preview":"max-video-preview:-1"},"canonical":"https:\/\/www.karinibutiik.ee\/ru\/\u043f\u0440\u043e\u0434\u0443\u043a\u0442\/dressikomplekt-mommiga\/","og_locale":"ru_RU","og_type":"article","og_title":"DRESSIKOMPLEKT M\u00d5MMIGA - Karini Butiik","og_description":"Stiilne ja mugav dressikomplekt, mis koosneb sirge l\u00f5ikega p\u00fckstest ja kapuutsiga dressipluusist. Dressipluusi rinda kaunistab efektne kivikestega kaetud minimalistlik m\u00f5mmikujundus, mis lisab komplektile ainulaadse ja pilkup\u00fc\u00fcdva detaili. K\u00e4ngurutasku ja kapuuts teevad dressipluusi praktiliseks ja mugavaks valikuks igap\u00e4evaseks kandmiseks. Ideaalne komplekt neile, kes hindavad mugavust ja stiili \u00fcheskoos.","og_url":"https:\/\/www.karinibutiik.ee\/ru\/\u043f\u0440\u043e\u0434\u0443\u043a\u0442\/dressikomplekt-mommiga\/","og_site_name":"Karini Butiik","article_publisher":"https:\/\/www.facebook.com\/karinibutiik.ee","article_modified_time":"2025-06-30T21:47:13+00:00","og_image":[{"width":1672,"height":2257,"url":"https:\/\/www.karinibutiik.ee\/wp-content\/uploads\/2024\/10\/IMG_9553-scaled-e1728990340303.jpeg","type":"image\/jpeg"}],"twitter_card":"summary_large_image","twitter_misc":{"\u0414\u043e\u0441\u0442\u0443\u043f\u043d\u043e\u0441\u0442\u044c":"\u0420\u0430\u0441\u043f\u0440\u043e\u0434\u0430\u043d\u043e"},"schema":{"@context":"https:\/\/schema.org","@graph":[{"@type":"WebPage","@id":"https:\/\/www.karinibutiik.ee\/toode\/dressikomplekt-mommiga\/","url":"https:\/\/www.karinibutiik.ee\/toode\/dressikomplekt-mommiga\/","name":"DRESSIKOMPLEKT M\u00d5MMIGA - Karini Butiik","isPartOf":{"@id":"https:\/\/www.karinibutiik.ee\/#website"},"primaryImageOfPage":{"@id":"https:\/\/www.karinibutiik.ee\/toode\/dressikomplekt-mommiga\/#primaryimage"},"image":{"@id":"https:\/\/www.karinibutiik.ee\/toode\/dressikomplekt-mommiga\/#primaryimage"},"thumbnailUrl":"https:\/\/www.karinibutiik.ee\/wp-content\/uploads\/2024\/10\/IMG_9553-scaled-e1728990340303.jpeg","datePublished":"2024-10-15T11:08:10+00:00","dateModified":"2025-06-30T21:47:13+00:00","description":"Stiilne ja mugav dressikomplekt, mis koosneb sirge l\u00f5ikega p\u00fckstest ja kapuutsiga dressipluusist. Dressipluusi rinda kaunistab efektne kivikestega kaetud minimalistlik m\u00f5mmikujundus, mis lisab komplektile ainulaadse ja pilkup\u00fc\u00fcdva detaili. K\u00e4ngurutasku ja kapuuts teevad dressipluusi praktiliseks ja mugavaks valikuks igap\u00e4evaseks kandmiseks. Ideaalne komplekt neile, kes hindavad mugavust ja stiili \u00fcheskoos.","breadcrumb":{"@id":"https:\/\/www.karinibutiik.ee\/toode\/dressikomplekt-mommiga\/#breadcrumb"},"inLanguage":"ru-RU","potentialAction":[{"@type":"ReadAction","target":["https:\/\/www.karinibutiik.ee\/toode\/dressikomplekt-mommiga\/"]}]},{"@type":"ImageObject","inLanguage":"ru-RU","@id":"https:\/\/www.karinibutiik.ee\/toode\/dressikomplekt-mommiga\/#primaryimage","url":"https:\/\/www.karinibutiik.ee\/wp-content\/uploads\/2024\/10\/IMG_9553-scaled-e1728990340303.jpeg","contentUrl":"https:\/\/www.karinibutiik.ee\/wp-content\/uploads\/2024\/10\/IMG_9553-scaled-e1728990340303.jpeg","width":1672,"height":2257},{"@type":"BreadcrumbList","@id":"https:\/\/www.karinibutiik.ee\/toode\/dressikomplekt-mommiga\/#breadcrumb","itemListElement":[{"@type":"ListItem","position":1,"name":"Home","item":"https:\/\/www.karinibutiik.ee\/"},{"@type":"ListItem","position":2,"name":"Pood","item":"https:\/\/www.karinibutiik.ee\/pood\/"},{"@type":"ListItem","position":3,"name":"DRESSIKOMPLEKT M\u00d5MMIGA"}]},{"@type":"WebSite","@id":"https:\/\/www.karinibutiik.ee\/#website","url":"https:\/\/www.karinibutiik.ee\/","name":"\u041a\u0430\u0440\u0438\u043d\u0438 \u0411\u0443\u0442\u0438\u043a","description":"","publisher":{"@id":"https:\/\/www.karinibutiik.ee\/#organization"},"potentialAction":[{"@type":"SearchAction","target":{"@type":"EntryPoint","urlTemplate":"https:\/\/www.karinibutiik.ee\/?s={search_term_string}"},"query-input":{"@type":"PropertyValueSpecification","valueRequired":true,"valueName":"search_term_string"}}],"inLanguage":"ru-RU"},{"@type":"Organization","@id":"https:\/\/www.karinibutiik.ee\/#organization","name":"\u041a\u0430\u0440\u0438\u043d\u0438 \u0411\u0443\u0442\u0438\u043a","url":"https:\/\/www.karinibutiik.ee\/","logo":{"@type":"ImageObject","inLanguage":"ru-RU","@id":"https:\/\/www.karinibutiik.ee\/#\/schema\/logo\/image\/","url":"https:\/\/www.karinibutiik.ee\/wp-content\/uploads\/2024\/10\/Kuj.-K-koopia.png","contentUrl":"https:\/\/www.karinibutiik.ee\/wp-content\/uploads\/2024\/10\/Kuj.-K-koopia.png","width":500,"height":500,"caption":"Karini Butiik"},"image":{"@id":"https:\/\/www.karinibutiik.ee\/#\/schema\/logo\/image\/"},"sameAs":["https:\/\/www.facebook.com\/karinibutiik.ee","https:\/\/www.instagram.com\/karinibutiik"]}]},"og_availability":"out of stock","product_availability":"out of stock","product_retailer_item_id":"3890","product_condition":"new"},"_links":{"self":[{"href":"https:\/\/www.karinibutiik.ee\/ru\/wp-json\/wp\/v2\/product\/19407","targetHints":{"allow":["GET"]}}],"collection":[{"href":"https:\/\/www.karinibutiik.ee\/ru\/wp-json\/wp\/v2\/product"}],"about":[{"href":"https:\/\/www.karinibutiik.ee\/ru\/wp-json\/wp\/v2\/types\/product"}],"version-history":[{"count":2,"href":"https:\/\/www.karinibutiik.ee\/ru\/wp-json\/wp\/v2\/product\/19407\/revisions"}],"predecessor-version":[{"id":19896,"href":"https:\/\/www.karinibutiik.ee\/ru\/wp-json\/wp\/v2\/product\/19407\/revisions\/19896"}],"wp:featuredmedia":[{"embeddable":true,"href":"https:\/\/www.karinibutiik.ee\/ru\/wp-json\/wp\/v2\/media\/19714"}],"wp:attachment":[{"href":"https:\/\/www.karinibutiik.ee\/ru\/wp-json\/wp\/v2\/media?parent=19407"}],"wp:term":[{"taxonomy":"product_brand","embeddable":true,"href":"https:\/\/www.karinibutiik.ee\/ru\/wp-json\/wp\/v2\/product_brand?post=19407"},{"taxonomy":"product_cat","embeddable":true,"href":"https:\/\/www.karinibutiik.ee\/ru\/wp-json\/wp\/v2\/product_cat?post=19407"},{"taxonomy":"product_tag","embeddable":true,"href":"https:\/\/www.karinibutiik.ee\/ru\/wp-json\/wp\/v2\/product_tag?post=19407"}],"curies":[{"name":"wp","href":"https:\/\/api.w.org\/{rel}","templated":true}]}}