{"id":20179,"date":"2024-11-17T14:01:26","date_gmt":"2024-11-17T14:01:26","guid":{"rendered":"https:\/\/www.karinibutiik.ee\/?post_type=product&#038;p=20179"},"modified":"2025-09-12T11:56:25","modified_gmt":"2025-09-12T08:56:25","slug":"sadelusega-vest","status":"publish","type":"product","link":"https:\/\/www.karinibutiik.ee\/ru\/%d0%bf%d1%80%d0%be%d0%b4%d1%83%d0%ba%d1%82\/sadelusega-vest\/","title":{"rendered":"\u0413\u041b\u0418\u0422\u0422\u0415\u0420\u041d\u042b\u0419 \u0416\u0418\u041b\u0415\u0422"},"content":{"rendered":"<p>Lisa oma peo- v\u00f5i piduliku riietuse komplektile s\u00e4ra meie trendika s\u00e4delusega vestiga! See pilkup\u00fc\u00fcdev r\u00f5ivaese sobib ideaalselt sama stiilis p\u00fckste ja pintsakuga, luues \u0161iki ja meeldej\u00e4\u00e4va v\u00e4limuse. Muuda oma saabuvad peod unustamatuks selle luksusliku ja trendika vestiga! \u2728<\/p>","protected":false},"excerpt":{"rendered":"<p>Lisa oma peo- v\u00f5i piduliku riietuse komplektile s\u00e4ra meie trendika s\u00e4delusega vestiga! See pilkup\u00fc\u00fcdev r\u00f5ivaese sobib ideaalselt sama stiilis p\u00fckste [&hellip;]<\/p>\n","protected":false},"featured_media":20168,"template":"","meta":{"site-sidebar-layout":"default","site-content-layout":"","ast-site-content-layout":"default","site-content-style":"default","site-sidebar-style":"default","ast-global-header-display":"","ast-banner-title-visibility":"","ast-main-header-display":"","ast-hfb-above-header-display":"","ast-hfb-below-header-display":"","ast-hfb-mobile-header-display":"","site-post-title":"","ast-breadcrumbs-content":"","ast-featured-img":"","footer-sml-layout":"","ast-disable-related-posts":"","theme-transparent-header-meta":"default","adv-header-id-meta":"","stick-header-meta":"default","header-above-stick-meta":"","header-main-stick-meta":"","header-below-stick-meta":"","astra-migrate-meta-layouts":"set","ast-page-background-enabled":"default","ast-page-background-meta":{"desktop":{"background-color":"var(--ast-global-color-4)","background-image":"","background-repeat":"repeat","background-position":"center center","background-size":"auto","background-attachment":"scroll","background-type":"","background-media":"","overlay-type":"","overlay-color":"","overlay-opacity":"","overlay-gradient":""},"tablet":{"background-color":"","background-image":"","background-repeat":"repeat","background-position":"center center","background-size":"auto","background-attachment":"scroll","background-type":"","background-media":"","overlay-type":"","overlay-color":"","overlay-opacity":"","overlay-gradient":""},"mobile":{"background-color":"","background-image":"","background-repeat":"repeat","background-position":"center center","background-size":"auto","background-attachment":"scroll","background-type":"","background-media":"","overlay-type":"","overlay-color":"","overlay-opacity":"","overlay-gradient":""}},"ast-content-background-meta":{"desktop":{"background-color":"var(--ast-global-color-5)","background-image":"","background-repeat":"repeat","background-position":"center center","background-size":"auto","background-attachment":"scroll","background-type":"","background-media":"","overlay-type":"","overlay-color":"","overlay-opacity":"","overlay-gradient":""},"tablet":{"background-color":"var(--ast-global-color-5)","background-image":"","background-repeat":"repeat","background-position":"center center","background-size":"auto","background-attachment":"scroll","background-type":"","background-media":"","overlay-type":"","overlay-color":"","overlay-opacity":"","overlay-gradient":""},"mobile":{"background-color":"var(--ast-global-color-5)","background-image":"","background-repeat":"repeat","background-position":"center center","background-size":"auto","background-attachment":"scroll","background-type":"","background-media":"","overlay-type":"","overlay-color":"","overlay-opacity":"","overlay-gradient":""}}},"product_brand":[],"product_cat":[346,353,385],"product_tag":[475,596,501,896,922,521,1123,536,96,919,859,864,1122],"class_list":{"0":"post-20179","1":"product","2":"type-product","3":"status-publish","4":"has-post-thumbnail","6":"product_cat-naised","7":"product_cat-pluusid","8":"product_cat-joped-tagid-vestid","9":"product_tag-dresshouse","10":"product_tag-get-dressed","11":"product_tag-karini-butiik","12":"product_tag-naisteriiete-epood","13":"product_tag-pidulikud-naisteriided","14":"product_tag-pidulikud-riided","15":"product_tag-pidulikud-riided-tallinnas","16":"product_tag-pintsakud","17":"product_tag-puksid","18":"product_tag-sadelusega-riided","19":"product_tag-soodsad-naisteriided","20":"product_tag-stiilsed-naisteriided","21":"product_tag-vestid","22":"desktop-align-center","23":"tablet-align-center","24":"mobile-align-center","25":"ast-product-gallery-layout-horizontal-slider","26":"ast-product-single-variable","27":"ast-product-tabs-layout-horizontal","29":"first","30":"outofstock","31":"taxable","32":"shipping-taxable","33":"product-type-variable"},"supplier_id":null,"supplier_sku":"","barcode":null,"atum_controlled":true,"out_stock_date":null,"out_stock_threshold":null,"inheritable":true,"inbound_stock":0,"stock_on_hold":0,"sold_today":0,"sales_last_days":0,"reserved_stock":0,"customer_returns":0,"warehouse_damage":0,"lost_in_post":0,"other_logs":0,"out_stock_days":0,"lost_sales":0,"has_location":false,"update_date":"2025-12-04T01:45:32","atum_locations":[],"atum_stock_status":"outofstock","restock_status":false,"low_stock_amount":"","sales_update_date":"2025-12-04T01:45:32","calc_backorders":null,"yoast_head":"<!-- This site is optimized with the Yoast SEO plugin v26.9 - https:\/\/yoast.com\/product\/yoast-seo-wordpress\/ -->\n<title>S\u00c4DELUSEGA VEST - Karini Butiik<\/title>\n<meta name=\"description\" content=\"Lisa oma peo- v\u00f5i piduliku riietuse komplektile s\u00e4ra meie trendika s\u00e4delusega vestiga! See pilkup\u00fc\u00fcdev r\u00f5ivaese sobib ideaalselt sama stiilis p\u00fckste ja pintsakuga, luues \u0161iki ja meeldej\u00e4\u00e4va v\u00e4limuse. Muuda oma saabuvad peod unustamatuks selle luksusliku ja trendika vestiga! \u2728\" \/>\n<meta name=\"robots\" content=\"index, follow, max-snippet:-1, max-image-preview:large, max-video-preview:-1\" \/>\n<link rel=\"canonical\" href=\"https:\/\/www.karinibutiik.ee\/ru\/\u043f\u0440\u043e\u0434\u0443\u043a\u0442\/sadelusega-vest\/\" \/>\n<meta property=\"og:locale\" content=\"ru_RU\" \/>\n<meta property=\"og:type\" content=\"article\" \/>\n<meta property=\"og:title\" content=\"S\u00c4DELUSEGA VEST - Karini Butiik\" \/>\n<meta property=\"og:description\" content=\"Lisa oma peo- v\u00f5i piduliku riietuse komplektile s\u00e4ra meie trendika s\u00e4delusega vestiga! See pilkup\u00fc\u00fcdev r\u00f5ivaese sobib ideaalselt sama stiilis p\u00fckste ja pintsakuga, luues \u0161iki ja meeldej\u00e4\u00e4va v\u00e4limuse. Muuda oma saabuvad peod unustamatuks selle luksusliku ja trendika vestiga! \u2728\" \/>\n<meta property=\"og:url\" content=\"https:\/\/www.karinibutiik.ee\/ru\/\u043f\u0440\u043e\u0434\u0443\u043a\u0442\/sadelusega-vest\/\" \/>\n<meta property=\"og:site_name\" content=\"Karini Butiik\" \/>\n<meta property=\"article:publisher\" content=\"https:\/\/www.facebook.com\/karinibutiik.ee\" \/>\n<meta property=\"article:modified_time\" content=\"2025-09-12T08:56:25+00:00\" \/>\n<meta property=\"og:image\" content=\"https:\/\/www.karinibutiik.ee\/wp-content\/uploads\/2024\/11\/241116_Karini_Butiik_Erlend_Staub47-scaled-e1731850681983.jpg\" \/>\n\t<meta property=\"og:image:width\" content=\"1356\" \/>\n\t<meta property=\"og:image:height\" content=\"1523\" \/>\n\t<meta property=\"og:image:type\" content=\"image\/jpeg\" \/>\n<meta name=\"twitter:card\" content=\"summary_large_image\" \/>\n<meta name=\"twitter:label1\" content=\"\u0414\u043e\u0441\u0442\u0443\u043f\u043d\u043e\u0441\u0442\u044c\" \/>\n\t<meta name=\"twitter:data1\" content=\"\u0420\u0430\u0441\u043f\u0440\u043e\u0434\u0430\u043d\u043e\" \/>\n<script type=\"application\/ld+json\" class=\"yoast-schema-graph\">{\"@context\":\"https:\/\/schema.org\",\"@graph\":[{\"@type\":\"WebPage\",\"@id\":\"https:\/\/www.karinibutiik.ee\/toode\/sadelusega-vest\/\",\"url\":\"https:\/\/www.karinibutiik.ee\/toode\/sadelusega-vest\/\",\"name\":\"S\u00c4DELUSEGA VEST - Karini Butiik\",\"isPartOf\":{\"@id\":\"https:\/\/www.karinibutiik.ee\/#website\"},\"primaryImageOfPage\":{\"@id\":\"https:\/\/www.karinibutiik.ee\/toode\/sadelusega-vest\/#primaryimage\"},\"image\":{\"@id\":\"https:\/\/www.karinibutiik.ee\/toode\/sadelusega-vest\/#primaryimage\"},\"thumbnailUrl\":\"https:\/\/www.karinibutiik.ee\/wp-content\/uploads\/2024\/11\/241116_Karini_Butiik_Erlend_Staub47-scaled-e1731850681983.jpg\",\"datePublished\":\"2024-11-17T14:01:26+00:00\",\"dateModified\":\"2025-09-12T08:56:25+00:00\",\"description\":\"Lisa oma peo- v\u00f5i piduliku riietuse komplektile s\u00e4ra meie trendika s\u00e4delusega vestiga! See pilkup\u00fc\u00fcdev r\u00f5ivaese sobib ideaalselt sama stiilis p\u00fckste ja pintsakuga, luues \u0161iki ja meeldej\u00e4\u00e4va v\u00e4limuse. Muuda oma saabuvad peod unustamatuks selle luksusliku ja trendika vestiga! \u2728\",\"breadcrumb\":{\"@id\":\"https:\/\/www.karinibutiik.ee\/toode\/sadelusega-vest\/#breadcrumb\"},\"inLanguage\":\"ru-RU\",\"potentialAction\":[{\"@type\":\"ReadAction\",\"target\":[\"https:\/\/www.karinibutiik.ee\/toode\/sadelusega-vest\/\"]}]},{\"@type\":\"ImageObject\",\"inLanguage\":\"ru-RU\",\"@id\":\"https:\/\/www.karinibutiik.ee\/toode\/sadelusega-vest\/#primaryimage\",\"url\":\"https:\/\/www.karinibutiik.ee\/wp-content\/uploads\/2024\/11\/241116_Karini_Butiik_Erlend_Staub47-scaled-e1731850681983.jpg\",\"contentUrl\":\"https:\/\/www.karinibutiik.ee\/wp-content\/uploads\/2024\/11\/241116_Karini_Butiik_Erlend_Staub47-scaled-e1731850681983.jpg\",\"width\":1356,\"height\":1523},{\"@type\":\"BreadcrumbList\",\"@id\":\"https:\/\/www.karinibutiik.ee\/toode\/sadelusega-vest\/#breadcrumb\",\"itemListElement\":[{\"@type\":\"ListItem\",\"position\":1,\"name\":\"Home\",\"item\":\"https:\/\/www.karinibutiik.ee\/\"},{\"@type\":\"ListItem\",\"position\":2,\"name\":\"Pood\",\"item\":\"https:\/\/www.karinibutiik.ee\/pood\/\"},{\"@type\":\"ListItem\",\"position\":3,\"name\":\"S\u00c4DELUSEGA VEST\"}]},{\"@type\":\"WebSite\",\"@id\":\"https:\/\/www.karinibutiik.ee\/#website\",\"url\":\"https:\/\/www.karinibutiik.ee\/\",\"name\":\"Karini Butiik\",\"description\":\"\",\"publisher\":{\"@id\":\"https:\/\/www.karinibutiik.ee\/#organization\"},\"potentialAction\":[{\"@type\":\"SearchAction\",\"target\":{\"@type\":\"EntryPoint\",\"urlTemplate\":\"https:\/\/www.karinibutiik.ee\/?s={search_term_string}\"},\"query-input\":{\"@type\":\"PropertyValueSpecification\",\"valueRequired\":true,\"valueName\":\"search_term_string\"}}],\"inLanguage\":\"ru-RU\"},{\"@type\":\"Organization\",\"@id\":\"https:\/\/www.karinibutiik.ee\/#organization\",\"name\":\"Karini Butiik\",\"url\":\"https:\/\/www.karinibutiik.ee\/\",\"logo\":{\"@type\":\"ImageObject\",\"inLanguage\":\"ru-RU\",\"@id\":\"https:\/\/www.karinibutiik.ee\/#\/schema\/logo\/image\/\",\"url\":\"https:\/\/www.karinibutiik.ee\/wp-content\/uploads\/2024\/10\/Kuj.-K-koopia.png\",\"contentUrl\":\"https:\/\/www.karinibutiik.ee\/wp-content\/uploads\/2024\/10\/Kuj.-K-koopia.png\",\"width\":500,\"height\":500,\"caption\":\"Karini Butiik\"},\"image\":{\"@id\":\"https:\/\/www.karinibutiik.ee\/#\/schema\/logo\/image\/\"},\"sameAs\":[\"https:\/\/www.facebook.com\/karinibutiik.ee\",\"https:\/\/www.instagram.com\/karinibutiik\"]}]}<\/script>\n<meta property=\"og:availability\" content=\"out of stock\" \/>\n<meta property=\"product:availability\" content=\"out of stock\" \/>\n<meta property=\"product:retailer_item_id\" content=\"19215\" \/>\n<meta property=\"product:condition\" content=\"new\" \/>\n<!-- \/ Yoast SEO plugin. -->","yoast_head_json":{"title":"S\u00c4DELUSEGA VEST - Karini Butiik","description":"Lisa oma peo- v\u00f5i piduliku riietuse komplektile s\u00e4ra meie trendika s\u00e4delusega vestiga! See pilkup\u00fc\u00fcdev r\u00f5ivaese sobib ideaalselt sama stiilis p\u00fckste ja pintsakuga, luues \u0161iki ja meeldej\u00e4\u00e4va v\u00e4limuse. Muuda oma saabuvad peod unustamatuks selle luksusliku ja trendika vestiga! \u2728","robots":{"index":"index","follow":"follow","max-snippet":"max-snippet:-1","max-image-preview":"max-image-preview:large","max-video-preview":"max-video-preview:-1"},"canonical":"https:\/\/www.karinibutiik.ee\/ru\/\u043f\u0440\u043e\u0434\u0443\u043a\u0442\/sadelusega-vest\/","og_locale":"ru_RU","og_type":"article","og_title":"S\u00c4DELUSEGA VEST - Karini Butiik","og_description":"Lisa oma peo- v\u00f5i piduliku riietuse komplektile s\u00e4ra meie trendika s\u00e4delusega vestiga! See pilkup\u00fc\u00fcdev r\u00f5ivaese sobib ideaalselt sama stiilis p\u00fckste ja pintsakuga, luues \u0161iki ja meeldej\u00e4\u00e4va v\u00e4limuse. Muuda oma saabuvad peod unustamatuks selle luksusliku ja trendika vestiga! \u2728","og_url":"https:\/\/www.karinibutiik.ee\/ru\/\u043f\u0440\u043e\u0434\u0443\u043a\u0442\/sadelusega-vest\/","og_site_name":"Karini Butiik","article_publisher":"https:\/\/www.facebook.com\/karinibutiik.ee","article_modified_time":"2025-09-12T08:56:25+00:00","og_image":[{"width":1356,"height":1523,"url":"https:\/\/www.karinibutiik.ee\/wp-content\/uploads\/2024\/11\/241116_Karini_Butiik_Erlend_Staub47-scaled-e1731850681983.jpg","type":"image\/jpeg"}],"twitter_card":"summary_large_image","twitter_misc":{"\u0414\u043e\u0441\u0442\u0443\u043f\u043d\u043e\u0441\u0442\u044c":"\u0420\u0430\u0441\u043f\u0440\u043e\u0434\u0430\u043d\u043e"},"schema":{"@context":"https:\/\/schema.org","@graph":[{"@type":"WebPage","@id":"https:\/\/www.karinibutiik.ee\/toode\/sadelusega-vest\/","url":"https:\/\/www.karinibutiik.ee\/toode\/sadelusega-vest\/","name":"S\u00c4DELUSEGA VEST - Karini Butiik","isPartOf":{"@id":"https:\/\/www.karinibutiik.ee\/#website"},"primaryImageOfPage":{"@id":"https:\/\/www.karinibutiik.ee\/toode\/sadelusega-vest\/#primaryimage"},"image":{"@id":"https:\/\/www.karinibutiik.ee\/toode\/sadelusega-vest\/#primaryimage"},"thumbnailUrl":"https:\/\/www.karinibutiik.ee\/wp-content\/uploads\/2024\/11\/241116_Karini_Butiik_Erlend_Staub47-scaled-e1731850681983.jpg","datePublished":"2024-11-17T14:01:26+00:00","dateModified":"2025-09-12T08:56:25+00:00","description":"Lisa oma peo- v\u00f5i piduliku riietuse komplektile s\u00e4ra meie trendika s\u00e4delusega vestiga! See pilkup\u00fc\u00fcdev r\u00f5ivaese sobib ideaalselt sama stiilis p\u00fckste ja pintsakuga, luues \u0161iki ja meeldej\u00e4\u00e4va v\u00e4limuse. Muuda oma saabuvad peod unustamatuks selle luksusliku ja trendika vestiga! \u2728","breadcrumb":{"@id":"https:\/\/www.karinibutiik.ee\/toode\/sadelusega-vest\/#breadcrumb"},"inLanguage":"ru-RU","potentialAction":[{"@type":"ReadAction","target":["https:\/\/www.karinibutiik.ee\/toode\/sadelusega-vest\/"]}]},{"@type":"ImageObject","inLanguage":"ru-RU","@id":"https:\/\/www.karinibutiik.ee\/toode\/sadelusega-vest\/#primaryimage","url":"https:\/\/www.karinibutiik.ee\/wp-content\/uploads\/2024\/11\/241116_Karini_Butiik_Erlend_Staub47-scaled-e1731850681983.jpg","contentUrl":"https:\/\/www.karinibutiik.ee\/wp-content\/uploads\/2024\/11\/241116_Karini_Butiik_Erlend_Staub47-scaled-e1731850681983.jpg","width":1356,"height":1523},{"@type":"BreadcrumbList","@id":"https:\/\/www.karinibutiik.ee\/toode\/sadelusega-vest\/#breadcrumb","itemListElement":[{"@type":"ListItem","position":1,"name":"Home","item":"https:\/\/www.karinibutiik.ee\/"},{"@type":"ListItem","position":2,"name":"Pood","item":"https:\/\/www.karinibutiik.ee\/pood\/"},{"@type":"ListItem","position":3,"name":"S\u00c4DELUSEGA VEST"}]},{"@type":"WebSite","@id":"https:\/\/www.karinibutiik.ee\/#website","url":"https:\/\/www.karinibutiik.ee\/","name":"\u041a\u0430\u0440\u0438\u043d\u0438 \u0411\u0443\u0442\u0438\u043a","description":"","publisher":{"@id":"https:\/\/www.karinibutiik.ee\/#organization"},"potentialAction":[{"@type":"SearchAction","target":{"@type":"EntryPoint","urlTemplate":"https:\/\/www.karinibutiik.ee\/?s={search_term_string}"},"query-input":{"@type":"PropertyValueSpecification","valueRequired":true,"valueName":"search_term_string"}}],"inLanguage":"ru-RU"},{"@type":"Organization","@id":"https:\/\/www.karinibutiik.ee\/#organization","name":"\u041a\u0430\u0440\u0438\u043d\u0438 \u0411\u0443\u0442\u0438\u043a","url":"https:\/\/www.karinibutiik.ee\/","logo":{"@type":"ImageObject","inLanguage":"ru-RU","@id":"https:\/\/www.karinibutiik.ee\/#\/schema\/logo\/image\/","url":"https:\/\/www.karinibutiik.ee\/wp-content\/uploads\/2024\/10\/Kuj.-K-koopia.png","contentUrl":"https:\/\/www.karinibutiik.ee\/wp-content\/uploads\/2024\/10\/Kuj.-K-koopia.png","width":500,"height":500,"caption":"Karini Butiik"},"image":{"@id":"https:\/\/www.karinibutiik.ee\/#\/schema\/logo\/image\/"},"sameAs":["https:\/\/www.facebook.com\/karinibutiik.ee","https:\/\/www.instagram.com\/karinibutiik"]}]},"og_availability":"out of stock","product_availability":"out of stock","product_retailer_item_id":"19215","product_condition":"new"},"_links":{"self":[{"href":"https:\/\/www.karinibutiik.ee\/ru\/wp-json\/wp\/v2\/product\/20179","targetHints":{"allow":["GET"]}}],"collection":[{"href":"https:\/\/www.karinibutiik.ee\/ru\/wp-json\/wp\/v2\/product"}],"about":[{"href":"https:\/\/www.karinibutiik.ee\/ru\/wp-json\/wp\/v2\/types\/product"}],"version-history":[{"count":1,"href":"https:\/\/www.karinibutiik.ee\/ru\/wp-json\/wp\/v2\/product\/20179\/revisions"}],"predecessor-version":[{"id":20190,"href":"https:\/\/www.karinibutiik.ee\/ru\/wp-json\/wp\/v2\/product\/20179\/revisions\/20190"}],"wp:featuredmedia":[{"embeddable":true,"href":"https:\/\/www.karinibutiik.ee\/ru\/wp-json\/wp\/v2\/media\/20168"}],"wp:attachment":[{"href":"https:\/\/www.karinibutiik.ee\/ru\/wp-json\/wp\/v2\/media?parent=20179"}],"wp:term":[{"taxonomy":"product_brand","embeddable":true,"href":"https:\/\/www.karinibutiik.ee\/ru\/wp-json\/wp\/v2\/product_brand?post=20179"},{"taxonomy":"product_cat","embeddable":true,"href":"https:\/\/www.karinibutiik.ee\/ru\/wp-json\/wp\/v2\/product_cat?post=20179"},{"taxonomy":"product_tag","embeddable":true,"href":"https:\/\/www.karinibutiik.ee\/ru\/wp-json\/wp\/v2\/product_tag?post=20179"}],"curies":[{"name":"wp","href":"https:\/\/api.w.org\/{rel}","templated":true}]}}